{"id":712,"date":"2025-07-29T03:51:19","date_gmt":"2025-07-29T03:51:19","guid":{"rendered":"https:\/\/vapeenjoy.com\/?post_type=product&#038;p=712"},"modified":"2025-09-08T02:51:37","modified_gmt":"2025-09-08T02:51:37","slug":"bang-28k-puffs-adjustable-ice-disposable-vape-30ml-0-5-nicotine","status":"publish","type":"product","link":"https:\/\/vapeenjoy.com\/de\/produkt\/bang-28k-puffs-einstellbarer-eis-einweg-vape-30ml-0-5-nikotin\/","title":{"rendered":"Bang 28k Puffs einstellbarer Eis-Einweg-Vape 30ml 0-5% Nikotin Typ-C Aufladen"},"content":{"rendered":"<h2 dir=\"auto\">Bang 28k Puffs einstellbarer Eis-Einweg-Vape Beschreibung<\/h2>\n<p dir=\"auto\">Bang Vapes ist bekannt f\u00fcr die Herstellung zuverl\u00e4ssiger Dampfger\u00e4te mit benutzerfreundlichen Funktionen und hochwertigen Materialien. Ihre Produkte sorgen beispielsweise f\u00fcr ein konsistentes und anpassbares Dampferlebnis. Insbesondere der Bang 28k Puffs Adjustable Ice Disposable Vape zeichnet sich durch seine beeindruckende Puffkapazit\u00e4t und sein innovatives einstellbares K\u00fchlsystem aus. Dar\u00fcber hinaus f\u00fchlt sich sein kompaktes, ergonomisches Design mit matter Oberfl\u00e4che angenehm an und widersteht Fingerabdr\u00fccken. Dar\u00fcber hinaus macht es der leichte Build einfach in einer Tasche oder Tasche zu tragen und spricht Benutzer an, die sowohl Funktionalit\u00e4t als auch eine elegante \u00c4sthetik sch\u00e4tzen.<\/p>\n<h2 dir=\"auto\">Bang 28k Puffs Einstellbare Eis-Einweg-Vape-Funktionen<\/h2>\n<h5 dir=\"auto\">Hohe Puff- und E-Liquid-Kapazit\u00e4t<\/h5>\n<p dir=\"auto\">Der Bang 28k bietet bis zu 28.000 Z\u00fcge, die Wochen dauern, je nach Nutzung. Dar\u00fcber hinaus macht das 30-ml-Fertig-E-Liquid keine Nachf\u00fcllung mehr und sorgt f\u00fcr ein nahtloses Dampferlebnis von Anfang bis Ende.<\/p>\n<h5 dir=\"auto\">Akku<\/h5>\n<p dir=\"auto\">Das Ger\u00e4t ist mit einem 650-mAh-Akku ausgestattet und unterst\u00fctzt das Aufladen vom Typ C. Dadurch wird es schnell aufgeladen, sodass Sie das Dampfen mit minimaler Ausfallzeit fortsetzen k\u00f6nnen.<\/p>\n<h5 dir=\"auto\">Flexible Nikotinoptionen<\/h5>\n<p dir=\"auto\">Sie k\u00f6nnen zwischen den St\u00e4rken 0%, 2%, 3% oder 5% w\u00e4hlen. Folglich richtet sich diese Produktpalette an alle, egal ob Sie nikotinfreies Dampfen oder einen st\u00e4rkeren Treffer bevorzugen.<\/p>\n<h5 dir=\"auto\">Advanced Mesh Coil<\/h5>\n<p dir=\"auto\">Die 1,0 \u03a9 Mesh-Spule erw\u00e4rmt E-Liquid gleichm\u00e4\u00dfig. Daher produziert es reichhaltige Aromen, dichte Wolken und glatte Schl\u00e4ge, die jede Vaping-Sitzung verbessern.<\/p>\n<h5 dir=\"auto\">Einstellbare Eiseinstellungen<\/h5>\n<p dir=\"auto\">Mit drei K\u00fchlstufen - ohne Eis (gelb), niedrigem Eis (blau) und freigesetztem Eis (gr\u00fcn) - k\u00f6nnen Sie Ihre Erfahrung anpassen. Dr\u00fccken Sie einfach die Basistaste, um die Einstellungen m\u00fchelos zu wechseln.<\/p>\n<h2 dir=\"auto\">12 mutige Geschmacksprofile<\/h2>\n<h4 dir=\"auto\">Fruchtig und erfrischend<\/h4>\n<ol dir=\"auto\">\n<li><strong>Erdbeer-Wassermeloneneis<\/strong>: S\u00fc\u00dfe Erdbeeren vermischen sich mit saftiger Wassermelone und einem k\u00fchlen Abgang.<\/li>\n<li><strong>Heidelbeereis<\/strong>: Tarte Blaubeeren treffen auf sanftes Menthol f\u00fcr einen beruhigenden Dampf.<\/li>\n<li><strong>Ananas-Kokos<\/strong>: spritzige Ananas und cremige Kokosnuss erinnern tropische Stimmung.<\/li>\n<li><strong>Erdbeerbanane<\/strong>: Reife Erdbeeren paaren sich mit glatter Banane f\u00fcr einen Dessert-\u00e4hnlichen Puff.<\/li>\n<li><strong>Mischfrucht<\/strong>: Eine lebendige Mischung aus s\u00fc\u00dfen und s\u00e4uerlichen Fr\u00fcchten mit einem k\u00fchlen Twist.<\/li>\n<li><strong>Blaubeeren Himbeeren<\/strong>: S\u00fc\u00dfe Blaubeeren und w\u00fcrzige Himbeeren kombinieren mit eisigen Noten.<\/li>\n<li><strong>Pfirsicheis<\/strong>: Saftige Pfirsiche erhalten einen erfrischenden Mentholschub.<\/li>\n<li><strong>Mango-Pfirsich<\/strong>: K\u00fchne Mango und weicher Pfirsich sorgen f\u00fcr einen spritzigen, fruchtigen Hit.<\/li>\n<li><strong>Wassermelone<\/strong>: Reine Wassermelonenaroma mit einer knusprigen, eisigen Schicht.<\/li>\n<li><strong>Traubeneis<\/strong>: S\u00fc\u00dfigkeiten-\u00e4hnliche Traube platzt mit einem frostigen Menthol-Kick.<\/li>\n<li><strong>Erdbeerkiwis<\/strong>: S\u00fc\u00dfe Erdbeeren und pikante Kiwi bieten einen leuchtenden, gek\u00fchlten Dampf.<\/li>\n<\/ol>\n<h4 dir=\"auto\">Einzigartig und komplex<\/h4>\n<ol dir=\"auto\" start=\"12\">\n<li><strong>Blut und Sand<\/strong>: Kirsche, Orange und Kr\u00e4uterwermut schaffen ein rauchiges, gek\u00fchltes Profil.<\/li>\n<\/ol>\n<h2 dir=\"auto\">H\u00e4ufig gestellte Fragen<\/h2>\n<h3 dir=\"auto\">Wie lange dauert der Bang 28k?<\/h3>\n<p dir=\"auto\">Mit 28.000 Puffs dauert es Wochen f\u00fcr moderaten Benutzer. Schwere Dampfer k\u00f6nnen es je nach Pufffrequenz schneller einsetzen.<\/p>\n<h3 dir=\"auto\">Kann ich es aufladen?<\/h3>\n<p dir=\"auto\">Ja, der 650-mAh-Akku wird \u00fcber Typ-C aufgeladen. Schlie\u00dfen Sie ihn an und er ist nach kurzer Ladung bereit.<\/p>\n<h3 dir=\"auto\">Gibt es eine nikotinfreie Option?<\/h3>\n<p dir=\"auto\">Absolut, mit der 0% Nikotinoption k\u00f6nnen Sie Aromen ohne Nikotin genie\u00dfen.<\/p>\n<h3 dir=\"auto\">Wie passe ich den Eispegel an?<\/h3>\n<p dir=\"auto\">Dr\u00fccken Sie die Basistaste, um die Modi zu durchlaufen: Gelb (kein Eis), blau (niedriges Eis) oder Gr\u00fcn (Max-Eis).<\/p>\n<h3 dir=\"auto\">Wie w\u00e4hle ich einen Geschmack aus?<\/h3>\n<p dir=\"auto\">Ber\u00fccksichtigen Sie Ihre Geschmackspr\u00e4ferenzen. F\u00fcr s\u00fc\u00dfes und saftiges Erdbeer-Wassermeloneneis. F\u00fcr einzigartige Profile bietet Blut und Sand Komplexit\u00e4t. Tropische Fans werden Ananas-Kokos lieben.<\/p>\n<h3 dir=\"auto\">Ist es gut f\u00fcr schwere Dampfer?<\/h3>\n<p dir=\"auto\">Ja, die 30-ml-E-Liquid- und 28.000-Puff-Kapazit\u00e4t sowie der Akku unterst\u00fctzen den h\u00e4ufigen Gebrauch.<\/p>\n<h3 dir=\"auto\">Warum ist die Mesh-Spule besonders?<\/h3>\n<p dir=\"auto\">Die 1,0 \u03a9 Mesh-Spule erw\u00e4rmt sich gleichm\u00e4\u00dfig und erzeugt dichte Wolken und reiche Aromen. Es sorgt f\u00fcr einen reibungslosen, zuverl\u00e4ssigen Dampf.<\/p>\n<p><img fetchpriority=\"high\" decoding=\"async\" class=\"alignnone wp-image-715 size-full\" src=\"https:\/\/vapeenjoy.com\/wp-content\/uploads\/2025\/07\/bang-28k.jpg\" alt=\"Bang 28k Puffs einstellbarer Eis-Einweg-Vape\" width=\"800\" height=\"2250\" srcset=\"https:\/\/vapeenjoy.com\/wp-content\/uploads\/2025\/07\/bang-28k.jpg 800w, https:\/\/vapeenjoy.com\/wp-content\/uploads\/2025\/07\/bang-28k-600x1688.jpg 600w, https:\/\/vapeenjoy.com\/wp-content\/uploads\/2025\/07\/bang-28k-107x300.jpg 107w, https:\/\/vapeenjoy.com\/wp-content\/uploads\/2025\/07\/bang-28k-364x1024.jpg 364w, https:\/\/vapeenjoy.com\/wp-content\/uploads\/2025\/07\/bang-28k-768x2160.jpg 768w, https:\/\/vapeenjoy.com\/wp-content\/uploads\/2025\/07\/bang-28k-546x1536.jpg 546w, https:\/\/vapeenjoy.com\/wp-content\/uploads\/2025\/07\/bang-28k-728x2048.jpg 728w\" sizes=\"(max-width: 800px) 100vw, 800px\" \/><\/p>","protected":false},"excerpt":{"rendered":"<p>Bang Vapes liefert zuverl\u00e4ssige, hochwertige Dampfl\u00f6sungen. Der Bang 28k Puffs einstellbarer Eis-Einwegvape bietet bis zu 28.000 Z\u00fcge, eine 30-ml-E-Liquid-Kapazit\u00e4t und einen 650-mAh-Akku mit Typ-C-Aufladung. Passen Sie Ihren Vape mit 0-5% Nikotinst\u00e4rken, einer 1,0-\u03a9-Mesh-Spule und drei einstellbaren Eisstufen f\u00fcr ein ma\u00dfgeschneidertes, geschmackvolles Erlebnis an.<\/p>","protected":false},"featured_media":721,"comment_status":"open","ping_status":"closed","template":"","meta":[],"product_brand":[16],"product_cat":[60],"product_tag":[64,70],"class_list":{"0":"post-712","1":"product","2":"type-product","3":"status-publish","4":"has-post-thumbnail","6":"product_brand-bang-vape","7":"product_cat-28000-puffs-vape","8":"product_tag-0-5-nicotine","9":"product_tag-30ml","11":"first","12":"instock","13":"sale","14":"shipping-taxable","15":"purchasable","16":"product-type-variable"},"yoast_head":"<!-- This site is optimized with the Yoast SEO plugin v25.7 - https:\/\/yoast.com\/wordpress\/plugins\/seo\/ -->\n<title>Bang 28K Puffs Adjustable Ice Disposable Vape 0-5% Nicotine<\/title>\n<meta name=\"description\" content=\"Experience the Bang 28K Puffs Disposable Vape with 30ml e-liquid, and adjustable ice. Rechargeable via Type-C, enjoy 28k puffs in blod 12 flavors. Buy now!\" \/>\n<meta name=\"robots\" content=\"index, follow, max-snippet:-1, max-image-preview:large, max-video-preview:-1\" \/>\n<link rel=\"canonical\" href=\"https:\/\/vapeenjoy.com\/de\/produkt\/bang-28k-puffs-einstellbarer-eis-einweg-vape-30ml-0-5-nikotin\/\" \/>\n<meta property=\"og:locale\" content=\"de_DE\" \/>\n<meta property=\"og:type\" content=\"article\" \/>\n<meta property=\"og:title\" content=\"Bang 28K Puffs Adjustable Ice Disposable Vape 0-5% Nicotine\" \/>\n<meta property=\"og:description\" content=\"Experience the Bang 28K Puffs Disposable Vape with 30ml e-liquid, and adjustable ice. Rechargeable via Type-C, enjoy 28k puffs in blod 12 flavors. Buy now!\" \/>\n<meta property=\"og:url\" content=\"https:\/\/vapeenjoy.com\/de\/produkt\/bang-28k-puffs-einstellbarer-eis-einweg-vape-30ml-0-5-nikotin\/\" \/>\n<meta property=\"og:site_name\" content=\"vapeenjoy\" \/>\n<meta property=\"article:modified_time\" content=\"2025-09-08T02:51:37+00:00\" \/>\n<meta property=\"og:image\" content=\"https:\/\/vapeenjoy.com\/wp-content\/uploads\/2025\/07\/Bang-28K-Puffs-Adjustable-Ice-Disposable-Vape-main-image.webp\" \/>\n\t<meta property=\"og:image:width\" content=\"1000\" \/>\n\t<meta property=\"og:image:height\" content=\"1000\" \/>\n\t<meta property=\"og:image:type\" content=\"image\/webp\" \/>\n<meta name=\"twitter:card\" content=\"summary_large_image\" \/>\n<meta name=\"twitter:label1\" content=\"Gesch\u00e4tzte Lesezeit\" \/>\n\t<meta name=\"twitter:data1\" content=\"3\u00a0Minuten\" \/>\n<script type=\"application\/ld+json\" class=\"yoast-schema-graph\">{\"@context\":\"https:\/\/schema.org\",\"@graph\":[{\"@type\":\"WebPage\",\"@id\":\"https:\/\/vapeenjoy.com\/product\/bang-28k-puffs-adjustable-ice-disposable-vape-30ml-0-5-nicotine\/\",\"url\":\"https:\/\/vapeenjoy.com\/product\/bang-28k-puffs-adjustable-ice-disposable-vape-30ml-0-5-nicotine\/\",\"name\":\"Bang 28K Puffs Adjustable Ice Disposable Vape 0-5% Nicotine\",\"isPartOf\":{\"@id\":\"https:\/\/vapeenjoy.com\/#website\"},\"primaryImageOfPage\":{\"@id\":\"https:\/\/vapeenjoy.com\/product\/bang-28k-puffs-adjustable-ice-disposable-vape-30ml-0-5-nicotine\/#primaryimage\"},\"image\":{\"@id\":\"https:\/\/vapeenjoy.com\/product\/bang-28k-puffs-adjustable-ice-disposable-vape-30ml-0-5-nicotine\/#primaryimage\"},\"thumbnailUrl\":\"https:\/\/vapeenjoy.com\/wp-content\/uploads\/2025\/07\/Bang-28K-Puffs-Adjustable-Ice-Disposable-Vape-main-image.webp\",\"datePublished\":\"2025-07-29T03:51:19+00:00\",\"dateModified\":\"2025-09-08T02:51:37+00:00\",\"description\":\"Experience the Bang 28K Puffs Disposable Vape with 30ml e-liquid, and adjustable ice. Rechargeable via Type-C, enjoy 28k puffs in blod 12 flavors. Buy now!\",\"breadcrumb\":{\"@id\":\"https:\/\/vapeenjoy.com\/product\/bang-28k-puffs-adjustable-ice-disposable-vape-30ml-0-5-nicotine\/#breadcrumb\"},\"inLanguage\":\"de\",\"potentialAction\":[{\"@type\":\"ReadAction\",\"target\":[\"https:\/\/vapeenjoy.com\/product\/bang-28k-puffs-adjustable-ice-disposable-vape-30ml-0-5-nicotine\/\"]}]},{\"@type\":\"ImageObject\",\"inLanguage\":\"de\",\"@id\":\"https:\/\/vapeenjoy.com\/product\/bang-28k-puffs-adjustable-ice-disposable-vape-30ml-0-5-nicotine\/#primaryimage\",\"url\":\"https:\/\/vapeenjoy.com\/wp-content\/uploads\/2025\/07\/Bang-28K-Puffs-Adjustable-Ice-Disposable-Vape-main-image.webp\",\"contentUrl\":\"https:\/\/vapeenjoy.com\/wp-content\/uploads\/2025\/07\/Bang-28K-Puffs-Adjustable-Ice-Disposable-Vape-main-image.webp\",\"width\":1000,\"height\":1000},{\"@type\":\"BreadcrumbList\",\"@id\":\"https:\/\/vapeenjoy.com\/product\/bang-28k-puffs-adjustable-ice-disposable-vape-30ml-0-5-nicotine\/#breadcrumb\",\"itemListElement\":[{\"@type\":\"ListItem\",\"position\":1,\"name\":\"Home\",\"item\":\"https:\/\/vapeenjoy.com\/\"},{\"@type\":\"ListItem\",\"position\":2,\"name\":\"Shop\",\"item\":\"https:\/\/vapeenjoy.com\/vapeenjoy-shop\/\"},{\"@type\":\"ListItem\",\"position\":3,\"name\":\"Bang 28K Puffs Adjustable Ice Disposable Vape 30ml 0-5% Nicotine Type-C Recharge\"}]},{\"@type\":\"WebSite\",\"@id\":\"https:\/\/vapeenjoy.com\/#website\",\"url\":\"https:\/\/vapeenjoy.com\/\",\"name\":\"vapeenjoy\",\"description\":\"An online store for selling vapes\",\"potentialAction\":[{\"@type\":\"SearchAction\",\"target\":{\"@type\":\"EntryPoint\",\"urlTemplate\":\"https:\/\/vapeenjoy.com\/?s={search_term_string}\"},\"query-input\":{\"@type\":\"PropertyValueSpecification\",\"valueRequired\":true,\"valueName\":\"search_term_string\"}}],\"inLanguage\":\"de\"}]}<\/script>\n<!-- \/ Yoast SEO plugin. -->","yoast_head_json":{"title":"Bang 28k Puffs einstellbarer Eis-Einweg-Vape 0-5% Nikotin","description":"Erleben Sie den Bang 28k Puffs Einwegvape mit 30ml E-Liquid und einstellbarem Eis. Aufladbar \u00fcber Typ-C, genie\u00dfen Sie 28k Puffs in BLOD 12 Geschmacksrichtungen. Jetzt kaufen!","robots":{"index":"index","follow":"follow","max-snippet":"max-snippet:-1","max-image-preview":"max-image-preview:large","max-video-preview":"max-video-preview:-1"},"canonical":"https:\/\/vapeenjoy.com\/de\/produkt\/bang-28k-puffs-einstellbarer-eis-einweg-vape-30ml-0-5-nikotin\/","og_locale":"de_DE","og_type":"article","og_title":"Bang 28K Puffs Adjustable Ice Disposable Vape 0-5% Nicotine","og_description":"Experience the Bang 28K Puffs Disposable Vape with 30ml e-liquid, and adjustable ice. Rechargeable via Type-C, enjoy 28k puffs in blod 12 flavors. Buy now!","og_url":"https:\/\/vapeenjoy.com\/de\/produkt\/bang-28k-puffs-einstellbarer-eis-einweg-vape-30ml-0-5-nikotin\/","og_site_name":"vapeenjoy","article_modified_time":"2025-09-08T02:51:37+00:00","og_image":[{"width":1000,"height":1000,"url":"https:\/\/vapeenjoy.com\/wp-content\/uploads\/2025\/07\/Bang-28K-Puffs-Adjustable-Ice-Disposable-Vape-main-image.webp","type":"image\/webp"}],"twitter_card":"summary_large_image","twitter_misc":{"Gesch\u00e4tzte Lesezeit":"3\u00a0Minuten"},"schema":{"@context":"https:\/\/schema.org","@graph":[{"@type":"WebPage","@id":"https:\/\/vapeenjoy.com\/product\/bang-28k-puffs-adjustable-ice-disposable-vape-30ml-0-5-nicotine\/","url":"https:\/\/vapeenjoy.com\/product\/bang-28k-puffs-adjustable-ice-disposable-vape-30ml-0-5-nicotine\/","name":"Bang 28k Puffs einstellbarer Eis-Einweg-Vape 0-5% Nikotin","isPartOf":{"@id":"https:\/\/vapeenjoy.com\/#website"},"primaryImageOfPage":{"@id":"https:\/\/vapeenjoy.com\/product\/bang-28k-puffs-adjustable-ice-disposable-vape-30ml-0-5-nicotine\/#primaryimage"},"image":{"@id":"https:\/\/vapeenjoy.com\/product\/bang-28k-puffs-adjustable-ice-disposable-vape-30ml-0-5-nicotine\/#primaryimage"},"thumbnailUrl":"https:\/\/vapeenjoy.com\/wp-content\/uploads\/2025\/07\/Bang-28K-Puffs-Adjustable-Ice-Disposable-Vape-main-image.webp","datePublished":"2025-07-29T03:51:19+00:00","dateModified":"2025-09-08T02:51:37+00:00","description":"Erleben Sie den Bang 28k Puffs Einwegvape mit 30ml E-Liquid und einstellbarem Eis. Aufladbar \u00fcber Typ-C, genie\u00dfen Sie 28k Puffs in BLOD 12 Geschmacksrichtungen. Jetzt kaufen!","breadcrumb":{"@id":"https:\/\/vapeenjoy.com\/product\/bang-28k-puffs-adjustable-ice-disposable-vape-30ml-0-5-nicotine\/#breadcrumb"},"inLanguage":"de","potentialAction":[{"@type":"ReadAction","target":["https:\/\/vapeenjoy.com\/product\/bang-28k-puffs-adjustable-ice-disposable-vape-30ml-0-5-nicotine\/"]}]},{"@type":"ImageObject","inLanguage":"de","@id":"https:\/\/vapeenjoy.com\/product\/bang-28k-puffs-adjustable-ice-disposable-vape-30ml-0-5-nicotine\/#primaryimage","url":"https:\/\/vapeenjoy.com\/wp-content\/uploads\/2025\/07\/Bang-28K-Puffs-Adjustable-Ice-Disposable-Vape-main-image.webp","contentUrl":"https:\/\/vapeenjoy.com\/wp-content\/uploads\/2025\/07\/Bang-28K-Puffs-Adjustable-Ice-Disposable-Vape-main-image.webp","width":1000,"height":1000},{"@type":"BreadcrumbList","@id":"https:\/\/vapeenjoy.com\/product\/bang-28k-puffs-adjustable-ice-disposable-vape-30ml-0-5-nicotine\/#breadcrumb","itemListElement":[{"@type":"ListItem","position":1,"name":"Home","item":"https:\/\/vapeenjoy.com\/"},{"@type":"ListItem","position":2,"name":"Shop","item":"https:\/\/vapeenjoy.com\/vapeenjoy-shop\/"},{"@type":"ListItem","position":3,"name":"Bang 28K Puffs Adjustable Ice Disposable Vape 30ml 0-5% Nicotine Type-C Recharge"}]},{"@type":"WebSite","@id":"https:\/\/vapeenjoy.com\/#website","url":"https:\/\/vapeenjoy.com\/","name":"Vapeenfreude","description":"Ein Online-Shop f\u00fcr den Verkauf von Vapes","potentialAction":[{"@type":"SearchAction","target":{"@type":"EntryPoint","urlTemplate":"https:\/\/vapeenjoy.com\/?s={search_term_string}"},"query-input":{"@type":"PropertyValueSpecification","valueRequired":true,"valueName":"search_term_string"}}],"inLanguage":"de"}]}},"_links":{"self":[{"href":"https:\/\/vapeenjoy.com\/de\/wp-json\/wp\/v2\/product\/712","targetHints":{"allow":["GET"]}}],"collection":[{"href":"https:\/\/vapeenjoy.com\/de\/wp-json\/wp\/v2\/product"}],"about":[{"href":"https:\/\/vapeenjoy.com\/de\/wp-json\/wp\/v2\/types\/product"}],"replies":[{"embeddable":true,"href":"https:\/\/vapeenjoy.com\/de\/wp-json\/wp\/v2\/comments?post=712"}],"version-history":[{"count":4,"href":"https:\/\/vapeenjoy.com\/de\/wp-json\/wp\/v2\/product\/712\/revisions"}],"predecessor-version":[{"id":2312,"href":"https:\/\/vapeenjoy.com\/de\/wp-json\/wp\/v2\/product\/712\/revisions\/2312"}],"wp:featuredmedia":[{"embeddable":true,"href":"https:\/\/vapeenjoy.com\/de\/wp-json\/wp\/v2\/media\/721"}],"wp:attachment":[{"href":"https:\/\/vapeenjoy.com\/de\/wp-json\/wp\/v2\/media?parent=712"}],"wp:term":[{"taxonomy":"product_brand","embeddable":true,"href":"https:\/\/vapeenjoy.com\/de\/wp-json\/wp\/v2\/product_brand?post=712"},{"taxonomy":"product_cat","embeddable":true,"href":"https:\/\/vapeenjoy.com\/de\/wp-json\/wp\/v2\/product_cat?post=712"},{"taxonomy":"product_tag","embeddable":true,"href":"https:\/\/vapeenjoy.com\/de\/wp-json\/wp\/v2\/product_tag?post=712"}],"curies":[{"name":"WP","href":"https:\/\/api.w.org\/{rel}","templated":true}]}}