{"id":725,"date":"2025-07-29T06:39:07","date_gmt":"2025-07-29T06:39:07","guid":{"rendered":"https:\/\/vapeenjoy.com\/?post_type=product&#038;p=725"},"modified":"2025-08-18T08:06:11","modified_gmt":"2025-08-18T08:06:11","slug":"bang-king-20000-puffs-disposable-vape-25ml-0-5-nicotine-led-digital-display","status":"publish","type":"product","link":"https:\/\/vapeenjoy.com\/de\/produkt\/bang-king-20000-puffs-einweg-vape-25ml-0-5-nikotin-led-digitalanzeige\/","title":{"rendered":"Bang King 20000 Puffs Einweg Vape 25ml 0-5% Nikotin LED Digitalanzeige"},"content":{"rendered":"<h2 dir=\"ltr\" data-pm-slice=\"1 3 []\">Bang King 20000 Puffs Einweg Vape Beschreibung<\/h2>\n<p dir=\"ltr\">Bang King hat seit Jahren seinen Ruf als vertrauensw\u00fcrdiger Marktf\u00fchrer in der Dampfindustrie gefestigt und konsequent innovative und geschmackvolle Ger\u00e4te geliefert, die eine Vielzahl von Pr\u00e4ferenzen bieten. Folglich ist der Bang King 20000 Puffs Einweg Vape eine erstklassige Wahl, die sorgf\u00e4ltig entwickelt wurde, um ein au\u00dfergew\u00f6hnlich lang anhaltendes und zufriedenstellendes Dampferlebnis zu bieten. Dar\u00fcber hinaus verf\u00fcgt das schlanke, ergonomische Design \u00fcber ein farbenfrohes, farbenfrohes Finish, das mit einer kristall\u00e4hnlichen Schale kombiniert wird, wodurch es nicht nur optisch auff\u00e4llig, sondern auch angenehm zu greifen ist. Infolgedessen ist dieser Einweg-Vape perfekt f\u00fcr Benutzer, die eine praktische, wartungsfreie L\u00f6sung suchen, um reichhaltige, kr\u00e4ftige Aromen ohne den Aufwand von Nachf\u00fcllungen oder komplizierten Wartungsarbeiten zu genie\u00dfen. Letztendlich kombiniert der Bang King 20000 Stil, Leistung und Benutzerfreundlichkeit f\u00fcr Dampfer aller Ebenen.<\/p>\n<h2 dir=\"ltr\">Bang King 20000 Puffs Einweg-Vape-Spezifikationen<\/h2>\n<ul class=\"tight\" dir=\"ltr\" data-tight=\"true\">\n<li>\n<p dir=\"ltr\"><strong>Puffanzahl<\/strong>: 20.000 \u2013 Gew\u00e4hrleistet l\u00e4ngere Nutzung und reduziert den Bedarf an h\u00e4ufigem Austausch erheblich.<\/p>\n<\/li>\n<li>\n<p dir=\"ltr\"><strong>E-Liquid-Kapazit\u00e4t<\/strong>: 25ml \u2013 Vorgef\u00fcllt mit gro\u00dfz\u00fcgigen 25ml Premium-E-Liquid, die erweiterte Vaping-Sitzungen unterst\u00fctzen.<\/p>\n<\/li>\n<li>\n<p dir=\"ltr\"><strong>Nikotinst\u00e4rke<\/strong>: 0%, 2%, 3%, 5% \u2013 Bietet flexible Nikotinwerte, sodass Benutzer ihre Erfahrungen an ihre Pr\u00e4ferenzen anpassen k\u00f6nnen.<\/p>\n<\/li>\n<li>\n<p dir=\"ltr\"><strong>Batteriekapazit\u00e4t<\/strong>: 650mAh \u2013 Mit robustem, wiederaufladbarem Akku f\u00fcr eine konsistente und zuverl\u00e4ssige Leistungsabgabe.<\/p>\n<\/li>\n<li>\n<p dir=\"ltr\"><strong>Ladeart<\/strong>: Typ-C \u2013 Enth\u00e4lt einen modernen Typ-C-Anschluss f\u00fcr schnelles, effizientes und bequemes Aufladen.<\/p>\n<\/li>\n<li>\n<p dir=\"ltr\"><strong>Spulentyp<\/strong>: 1.0\u03a9 Mesh Coil \u2013 nutzt die fortschrittliche Mesh-Spulentechnologie, um glatten Dampf zu erzeugen und die Geschmacksqualit\u00e4t zu verbessern.<\/p>\n<\/li>\n<li>\n<p dir=\"ltr\"><strong>Luftstrom<\/strong>: Einstellbar \u2013 Erm\u00f6glicht Benutzern die Feinabstimmung des Luftstroms f\u00fcr ein vollst\u00e4ndig angepasstes Vaping-Erlebnis.<\/p>\n<\/li>\n<li>\n<p dir=\"ltr\"><strong>Aktivierung<\/strong>: Draw-Activated \u2013 vereinfacht die Bedienung mit einem intuitiven Inhale-to-Activate-Mechanismus.<\/p>\n<\/li>\n<li>\n<p dir=\"ltr\"><strong>anzeigen<\/strong>: LED-Digitalanzeige \u2013 Bietet Echtzeit-\u00dcberwachung der Batterie- und E-Liquid-Pegel, w\u00e4hrend sie den ununterbrochenen Dampfgenuss gew\u00e4hrleisten.<\/p>\n<\/li>\n<\/ul>\n<h2 dir=\"ltr\">12 Geschmacksoptionen f\u00fcr jeden Gaumen<\/h2>\n<ol class=\"tight\" dir=\"ltr\" data-tight=\"true\">\n<li>\n<p dir=\"ltr\"><strong>Sauer Apfel Himbeere<\/strong> \u2013 Eine herrliche Mischung aus w\u00fcrzigen sauren \u00c4pfeln und s\u00fc\u00dfen Himbeeren, die ein erfrischendes und ausgewogenes Geschmacksprofil liefert.<\/p>\n<\/li>\n<li>\n<p dir=\"ltr\"><strong>Pfirsicheis<\/strong> \u2013 Saftige, reife Pfirsiche gepaart mit einem k\u00fchlenden Menthol-Finish, der einen knackigen und belebenden Dampf erzeugt.<\/p>\n<\/li>\n<li>\n<p dir=\"ltr\"><strong>gemischte Fr\u00fcchte<\/strong> \u2013 Eine lebendige Fusion aus tropischen und klassischen Fr\u00fcchten, die eine k\u00fchne und vielf\u00e4ltige Geschmacksexplosion bietet.<\/p>\n<\/li>\n<li>\n<p dir=\"ltr\"><strong>Erdbeer-Wassermelone<\/strong> \u2013 S\u00fc\u00dfe Erdbeeren kombiniert mit saftiger Wassermelone, was zu einer harmonischen fruchtigen Fusion f\u00fchrt.<\/p>\n<\/li>\n<li>\n<p dir=\"ltr\"><strong>Wassermeloneneis<\/strong> \u2013 Erfrischende Wassermelone, die durch einen k\u00fchlen Menthol-Twist f\u00fcr ein k\u00fchles, befriedigendes Erlebnis verst\u00e4rkt wird.<\/p>\n<\/li>\n<li>\n<p dir=\"ltr\"><strong>Traubeneis<\/strong> \u2013 Reichhaltiger, kr\u00e4ftiger Traubengeschmack, erg\u00e4nzt durch einen frostigen Menthol-Kick f\u00fcr einen lebendigen Geschmack.<\/p>\n<\/li>\n<li>\n<p dir=\"ltr\"><strong>Heidelbeereis<\/strong> \u2013 S\u00fc\u00dfe, saftige Blaubeeren mit einer k\u00fchlenden Mentholnote, die einen weichen und erfrischenden Dampf bietet.<\/p>\n<\/li>\n<li>\n<p dir=\"ltr\"><strong>Blaues Razz-Eis<\/strong> \u2013 spritzige blaue Himbeere mit eisigem Abgang, der ein s\u00fc\u00dfes und berauschendes Gef\u00fchl vermittelt.<\/p>\n<\/li>\n<li>\n<p dir=\"ltr\"><strong>Erdbeer-Mango<\/strong> - Reife Erdbeeren gemischt mit exotischer Mango und schaffen ein s\u00fc\u00dfes und tropisches Geschmacksprofil.<\/p>\n<\/li>\n<li>\n<p dir=\"ltr\"><strong>Kiwi-Granatapfel<\/strong> \u2013 Tarte Kiwi gepaart mit s\u00e4uerlichem Granatapfel, der ein einzigartiges und pikantes Dampferlebnis bietet.<\/p>\n<\/li>\n<li>\n<p dir=\"ltr\"><strong>Energiegetr\u00e4nk<\/strong> \u2013 Ein kr\u00e4ftiger, belebender Geschmack, der von beliebten Energy-Drinks inspiriert ist, perfekt f\u00fcr einen energetisierenden Dampf.<\/p>\n<\/li>\n<li>\n<p dir=\"ltr\"><strong>Erdbeerkiwi<\/strong> \u2013 Eine klassische Kombination aus s\u00fc\u00dfen Erdbeeren und herben Kiwi, die einen ausgewogenen fruchtigen Geschmack schafft.<\/p>\n<\/li>\n<\/ol>\n<h2 dir=\"ltr\">H\u00e4ufig gestellte Fragen<\/h2>\n<ol class=\"tight\" dir=\"ltr\" data-tight=\"true\">\n<li>\n<p dir=\"ltr\"><strong>Was ist die Puff Count des Bang King 20000?<\/strong><br \/>\nBemerkenswerterweise liefert das Ger\u00e4t bis zu 20.000 Z\u00fcge, was es zu einer idealen Wahl f\u00fcr einen l\u00e4ngeren Gebrauch macht, ohne dass h\u00e4ufiger Austausch erforderlich ist.<\/p>\n<\/li>\n<li>\n<p dir=\"ltr\"><strong>Ist der Bang King 20000 wiederaufladbar?<\/strong><br \/>\nIn der Tat verf\u00fcgt es \u00fcber einen zuverl\u00e4ssigen 650-mAh-Akku mit einem Typ-C-Ladeanschluss, der schnelles und bequemes Aufladen gew\u00e4hrleistet.<\/p>\n<\/li>\n<li>\n<p dir=\"ltr\"><strong>Welche Nikotinst\u00e4rken sind verf\u00fcgbar?<\/strong><br \/>\nPraktischerweise bietet der Vape anpassbare Optionen mit den St\u00e4rken 0%, 2%, 3% und 5%, um den individuellen Vorlieben zu entsprechen.<\/p>\n<\/li>\n<li>\n<p dir=\"ltr\"><strong>Wie w\u00e4hle ich den richtigen Geschmack?<\/strong><br \/>\nDie Geschmacksauswahl h\u00e4ngt insbesondere vom pers\u00f6nlichen Geschmack ab. Zum Beispiel bevorzugen fruchtige Enthusiasten Erdbeerwassermelone oder Pfirsicheis, um erfrischende Noten zu erhalten. Alternativ k\u00f6nnen sich diejenigen f\u00fcr ein k\u00fchlendes Gef\u00fchl f\u00fcr blaues Razz- oder Wassermeloneneis entscheiden. In der Zwischenzeit bietet Energy Drink ein mutiges, nicht fruchtiges Profil f\u00fcr ein einzigartiges Erlebnis. Daher hilft das Experimentieren mit verschiedenen Geschmacksrichtungen, die perfekte Passform f\u00fcr Ihren Gaumen zu finden.<\/p>\n<\/li>\n<li>\n<p dir=\"ltr\"><strong>Hat das Ger\u00e4t einen regulierbaren Luftstrom?<\/strong><br \/>\nDer Bang King 20000 verf\u00fcgt absolut \u00fcber einen einstellbaren Luftstrom, sodass Benutzer ihre Auslosung f\u00fcr maximalen Komfort personalisieren k\u00f6nnen.<\/p>\n<\/li>\n<li>\n<p dir=\"ltr\"><strong>Was ist der Vorteil der LED-Anzeige?<\/strong><br \/>\nPraktischerweise bietet die LED-Digitalanzeige Echtzeit-Updates f\u00fcr Batterie- und E-Liquid-Pegel, sodass ein nahtloses Vaping ohne unerwartete Unterbrechungen gew\u00e4hrleistet wird.<\/p>\n<\/li>\n<li>\n<p dir=\"ltr\"><strong>Ist der Bang King 20000 f\u00fcr schwere Dampfer geeignet?<\/strong><br \/>\nZweifellos ist dieses Ger\u00e4t mit seiner beeindruckenden Kapazit\u00e4t von 20.000 Puff, seinem betr\u00e4chtlichen Volumen von 25 ml E-Fl\u00fcssigkeit und seinem Akku fachm\u00e4nnisch f\u00fcr die Anforderungen h\u00e4ufiger Dampfer konzipiert.<\/p>\n<\/li>\n<\/ol>\n<p><img fetchpriority=\"high\" decoding=\"async\" class=\"alignnone wp-image-734 size-full\" src=\"https:\/\/vapeenjoy.com\/wp-content\/uploads\/2025\/07\/Bang-King-20000-Puffs-Disposable-Vape-2.jpg\" alt=\"Bang King 20000 Puffs Einwegvape-Aromen\" width=\"1200\" height=\"2280\" srcset=\"https:\/\/vapeenjoy.com\/wp-content\/uploads\/2025\/07\/Bang-King-20000-Puffs-Disposable-Vape-2.jpg 1200w, https:\/\/vapeenjoy.com\/wp-content\/uploads\/2025\/07\/Bang-King-20000-Puffs-Disposable-Vape-2-600x1140.jpg 600w, https:\/\/vapeenjoy.com\/wp-content\/uploads\/2025\/07\/Bang-King-20000-Puffs-Disposable-Vape-2-158x300.jpg 158w, https:\/\/vapeenjoy.com\/wp-content\/uploads\/2025\/07\/Bang-King-20000-Puffs-Disposable-Vape-2-539x1024.jpg 539w, https:\/\/vapeenjoy.com\/wp-content\/uploads\/2025\/07\/Bang-King-20000-Puffs-Disposable-Vape-2-768x1459.jpg 768w, https:\/\/vapeenjoy.com\/wp-content\/uploads\/2025\/07\/Bang-King-20000-Puffs-Disposable-Vape-2-808x1536.jpg 808w, https:\/\/vapeenjoy.com\/wp-content\/uploads\/2025\/07\/Bang-King-20000-Puffs-Disposable-Vape-2-1078x2048.jpg 1078w\" sizes=\"(max-width: 1200px) 100vw, 1200px\" \/><\/p>","protected":false},"excerpt":{"rendered":"<p dir=\"auto\">Bang King, ein vertrauensw\u00fcrdiger Name im Vaping, bietet den Bang King 20000 Puffs Einwegvape mit einer 25-ml-E-Liquid-Kapazit\u00e4t und 0-5%-Nikotinoptionen. Mit einem 650-mAh-Akku, Typ-C-Ladeger\u00e4ten und einer 1,0-\u03a9-Mesh-Spule bietet dieses elegante Ger\u00e4t reichhaltige Aromen und bis zu 20.000 Z\u00fcge f\u00fcr lang anhaltenden Genuss.<\/p>","protected":false},"featured_media":745,"comment_status":"open","ping_status":"closed","template":"","meta":[],"product_brand":[16],"product_cat":[22],"product_tag":[64,69],"class_list":{"0":"post-725","1":"product","2":"type-product","3":"status-publish","4":"has-post-thumbnail","6":"product_brand-bang-vape","7":"product_cat-20000-puffs-vape","8":"product_tag-0-5-nicotine","9":"product_tag-25ml","11":"first","12":"instock","13":"sale","14":"shipping-taxable","15":"purchasable","16":"product-type-variable"},"yoast_head":"<!-- This site is optimized with the Yoast SEO plugin v25.7 - https:\/\/yoast.com\/wordpress\/plugins\/seo\/ -->\n<title>Bang King 20000 Puffs Disposable Vape 25ml 0-5% Nicotine<\/title>\n<meta name=\"description\" content=\"Discover the Bang King 20000 Puffs Disposable Vape with 25ml e-liquid, 0-5% nicotine options, and LED digital display. Enjoy long-lasting flavor.\" \/>\n<meta name=\"robots\" content=\"index, follow, max-snippet:-1, max-image-preview:large, max-video-preview:-1\" \/>\n<link rel=\"canonical\" href=\"https:\/\/vapeenjoy.com\/de\/produkt\/bang-king-20000-puffs-einweg-vape-25ml-0-5-nikotin-led-digitalanzeige\/\" \/>\n<meta property=\"og:locale\" content=\"de_DE\" \/>\n<meta property=\"og:type\" content=\"article\" \/>\n<meta property=\"og:title\" content=\"Bang King 20000 Puffs Disposable Vape 25ml 0-5% Nicotine\" \/>\n<meta property=\"og:description\" content=\"Discover the Bang King 20000 Puffs Disposable Vape with 25ml e-liquid, 0-5% nicotine options, and LED digital display. Enjoy long-lasting flavor.\" \/>\n<meta property=\"og:url\" content=\"https:\/\/vapeenjoy.com\/de\/produkt\/bang-king-20000-puffs-einweg-vape-25ml-0-5-nikotin-led-digitalanzeige\/\" \/>\n<meta property=\"og:site_name\" content=\"vapeenjoy\" \/>\n<meta property=\"article:modified_time\" content=\"2025-08-18T08:06:11+00:00\" \/>\n<meta property=\"og:image\" content=\"https:\/\/vapeenjoy.com\/wp-content\/uploads\/2025\/07\/Bang-King-20000-Puffs-Disposable-Vape-main.jpg\" \/>\n\t<meta property=\"og:image:width\" content=\"827\" \/>\n\t<meta property=\"og:image:height\" content=\"813\" \/>\n\t<meta property=\"og:image:type\" content=\"image\/jpeg\" \/>\n<meta name=\"twitter:card\" content=\"summary_large_image\" \/>\n<meta name=\"twitter:label1\" content=\"Gesch\u00e4tzte Lesezeit\" \/>\n\t<meta name=\"twitter:data1\" content=\"4\u00a0Minuten\" \/>\n<script type=\"application\/ld+json\" class=\"yoast-schema-graph\">{\"@context\":\"https:\/\/schema.org\",\"@graph\":[{\"@type\":\"WebPage\",\"@id\":\"https:\/\/vapeenjoy.com\/product\/bang-king-20000-puffs-disposable-vape-25ml-0-5-nicotine-led-digital-display\/\",\"url\":\"https:\/\/vapeenjoy.com\/product\/bang-king-20000-puffs-disposable-vape-25ml-0-5-nicotine-led-digital-display\/\",\"name\":\"Bang King 20000 Puffs Disposable Vape 25ml 0-5% Nicotine\",\"isPartOf\":{\"@id\":\"https:\/\/vapeenjoy.com\/#website\"},\"primaryImageOfPage\":{\"@id\":\"https:\/\/vapeenjoy.com\/product\/bang-king-20000-puffs-disposable-vape-25ml-0-5-nicotine-led-digital-display\/#primaryimage\"},\"image\":{\"@id\":\"https:\/\/vapeenjoy.com\/product\/bang-king-20000-puffs-disposable-vape-25ml-0-5-nicotine-led-digital-display\/#primaryimage\"},\"thumbnailUrl\":\"https:\/\/vapeenjoy.com\/wp-content\/uploads\/2025\/07\/Bang-King-20000-Puffs-Disposable-Vape-main.jpg\",\"datePublished\":\"2025-07-29T06:39:07+00:00\",\"dateModified\":\"2025-08-18T08:06:11+00:00\",\"description\":\"Discover the Bang King 20000 Puffs Disposable Vape with 25ml e-liquid, 0-5% nicotine options, and LED digital display. Enjoy long-lasting flavor.\",\"breadcrumb\":{\"@id\":\"https:\/\/vapeenjoy.com\/product\/bang-king-20000-puffs-disposable-vape-25ml-0-5-nicotine-led-digital-display\/#breadcrumb\"},\"inLanguage\":\"de\",\"potentialAction\":[{\"@type\":\"ReadAction\",\"target\":[\"https:\/\/vapeenjoy.com\/product\/bang-king-20000-puffs-disposable-vape-25ml-0-5-nicotine-led-digital-display\/\"]}]},{\"@type\":\"ImageObject\",\"inLanguage\":\"de\",\"@id\":\"https:\/\/vapeenjoy.com\/product\/bang-king-20000-puffs-disposable-vape-25ml-0-5-nicotine-led-digital-display\/#primaryimage\",\"url\":\"https:\/\/vapeenjoy.com\/wp-content\/uploads\/2025\/07\/Bang-King-20000-Puffs-Disposable-Vape-main.jpg\",\"contentUrl\":\"https:\/\/vapeenjoy.com\/wp-content\/uploads\/2025\/07\/Bang-King-20000-Puffs-Disposable-Vape-main.jpg\",\"width\":827,\"height\":813},{\"@type\":\"BreadcrumbList\",\"@id\":\"https:\/\/vapeenjoy.com\/product\/bang-king-20000-puffs-disposable-vape-25ml-0-5-nicotine-led-digital-display\/#breadcrumb\",\"itemListElement\":[{\"@type\":\"ListItem\",\"position\":1,\"name\":\"Home\",\"item\":\"https:\/\/vapeenjoy.com\/\"},{\"@type\":\"ListItem\",\"position\":2,\"name\":\"Shop\",\"item\":\"https:\/\/vapeenjoy.com\/vapeenjoy-shop\/\"},{\"@type\":\"ListItem\",\"position\":3,\"name\":\"Bang King 20000 Puffs Disposable Vape 25ml 0-5% Nicotine LED Digital Display\"}]},{\"@type\":\"WebSite\",\"@id\":\"https:\/\/vapeenjoy.com\/#website\",\"url\":\"https:\/\/vapeenjoy.com\/\",\"name\":\"vapeenjoy\",\"description\":\"An online store for selling vapes\",\"potentialAction\":[{\"@type\":\"SearchAction\",\"target\":{\"@type\":\"EntryPoint\",\"urlTemplate\":\"https:\/\/vapeenjoy.com\/?s={search_term_string}\"},\"query-input\":{\"@type\":\"PropertyValueSpecification\",\"valueRequired\":true,\"valueName\":\"search_term_string\"}}],\"inLanguage\":\"de\"}]}<\/script>\n<!-- \/ Yoast SEO plugin. -->","yoast_head_json":{"title":"Bang King 20000 Puffs Einweg Vape 25ml 0-5% Nikotin","description":"Entdecken Sie die Bang King 20000 Puffs Einwegvape mit 25ml E-Liquid, 0-5% Nikotinoptionen und LED-Digitalanzeige. Genie\u00dfen Sie lang anhaltenden Geschmack.","robots":{"index":"index","follow":"follow","max-snippet":"max-snippet:-1","max-image-preview":"max-image-preview:large","max-video-preview":"max-video-preview:-1"},"canonical":"https:\/\/vapeenjoy.com\/de\/produkt\/bang-king-20000-puffs-einweg-vape-25ml-0-5-nikotin-led-digitalanzeige\/","og_locale":"de_DE","og_type":"article","og_title":"Bang King 20000 Puffs Disposable Vape 25ml 0-5% Nicotine","og_description":"Discover the Bang King 20000 Puffs Disposable Vape with 25ml e-liquid, 0-5% nicotine options, and LED digital display. Enjoy long-lasting flavor.","og_url":"https:\/\/vapeenjoy.com\/de\/produkt\/bang-king-20000-puffs-einweg-vape-25ml-0-5-nikotin-led-digitalanzeige\/","og_site_name":"vapeenjoy","article_modified_time":"2025-08-18T08:06:11+00:00","og_image":[{"width":827,"height":813,"url":"https:\/\/vapeenjoy.com\/wp-content\/uploads\/2025\/07\/Bang-King-20000-Puffs-Disposable-Vape-main.jpg","type":"image\/jpeg"}],"twitter_card":"summary_large_image","twitter_misc":{"Gesch\u00e4tzte Lesezeit":"4\u00a0Minuten"},"schema":{"@context":"https:\/\/schema.org","@graph":[{"@type":"WebPage","@id":"https:\/\/vapeenjoy.com\/product\/bang-king-20000-puffs-disposable-vape-25ml-0-5-nicotine-led-digital-display\/","url":"https:\/\/vapeenjoy.com\/product\/bang-king-20000-puffs-disposable-vape-25ml-0-5-nicotine-led-digital-display\/","name":"Bang King 20000 Puffs Einweg Vape 25ml 0-5% Nikotin","isPartOf":{"@id":"https:\/\/vapeenjoy.com\/#website"},"primaryImageOfPage":{"@id":"https:\/\/vapeenjoy.com\/product\/bang-king-20000-puffs-disposable-vape-25ml-0-5-nicotine-led-digital-display\/#primaryimage"},"image":{"@id":"https:\/\/vapeenjoy.com\/product\/bang-king-20000-puffs-disposable-vape-25ml-0-5-nicotine-led-digital-display\/#primaryimage"},"thumbnailUrl":"https:\/\/vapeenjoy.com\/wp-content\/uploads\/2025\/07\/Bang-King-20000-Puffs-Disposable-Vape-main.jpg","datePublished":"2025-07-29T06:39:07+00:00","dateModified":"2025-08-18T08:06:11+00:00","description":"Entdecken Sie die Bang King 20000 Puffs Einwegvape mit 25ml E-Liquid, 0-5% Nikotinoptionen und LED-Digitalanzeige. Genie\u00dfen Sie lang anhaltenden Geschmack.","breadcrumb":{"@id":"https:\/\/vapeenjoy.com\/product\/bang-king-20000-puffs-disposable-vape-25ml-0-5-nicotine-led-digital-display\/#breadcrumb"},"inLanguage":"de","potentialAction":[{"@type":"ReadAction","target":["https:\/\/vapeenjoy.com\/product\/bang-king-20000-puffs-disposable-vape-25ml-0-5-nicotine-led-digital-display\/"]}]},{"@type":"ImageObject","inLanguage":"de","@id":"https:\/\/vapeenjoy.com\/product\/bang-king-20000-puffs-disposable-vape-25ml-0-5-nicotine-led-digital-display\/#primaryimage","url":"https:\/\/vapeenjoy.com\/wp-content\/uploads\/2025\/07\/Bang-King-20000-Puffs-Disposable-Vape-main.jpg","contentUrl":"https:\/\/vapeenjoy.com\/wp-content\/uploads\/2025\/07\/Bang-King-20000-Puffs-Disposable-Vape-main.jpg","width":827,"height":813},{"@type":"BreadcrumbList","@id":"https:\/\/vapeenjoy.com\/product\/bang-king-20000-puffs-disposable-vape-25ml-0-5-nicotine-led-digital-display\/#breadcrumb","itemListElement":[{"@type":"ListItem","position":1,"name":"Home","item":"https:\/\/vapeenjoy.com\/"},{"@type":"ListItem","position":2,"name":"Shop","item":"https:\/\/vapeenjoy.com\/vapeenjoy-shop\/"},{"@type":"ListItem","position":3,"name":"Bang King 20000 Puffs Disposable Vape 25ml 0-5% Nicotine LED Digital Display"}]},{"@type":"WebSite","@id":"https:\/\/vapeenjoy.com\/#website","url":"https:\/\/vapeenjoy.com\/","name":"Vapeenfreude","description":"Ein Online-Shop f\u00fcr den Verkauf von Vapes","potentialAction":[{"@type":"SearchAction","target":{"@type":"EntryPoint","urlTemplate":"https:\/\/vapeenjoy.com\/?s={search_term_string}"},"query-input":{"@type":"PropertyValueSpecification","valueRequired":true,"valueName":"search_term_string"}}],"inLanguage":"de"}]}},"_links":{"self":[{"href":"https:\/\/vapeenjoy.com\/de\/wp-json\/wp\/v2\/product\/725","targetHints":{"allow":["GET"]}}],"collection":[{"href":"https:\/\/vapeenjoy.com\/de\/wp-json\/wp\/v2\/product"}],"about":[{"href":"https:\/\/vapeenjoy.com\/de\/wp-json\/wp\/v2\/types\/product"}],"replies":[{"embeddable":true,"href":"https:\/\/vapeenjoy.com\/de\/wp-json\/wp\/v2\/comments?post=725"}],"version-history":[{"count":4,"href":"https:\/\/vapeenjoy.com\/de\/wp-json\/wp\/v2\/product\/725\/revisions"}],"predecessor-version":[{"id":2311,"href":"https:\/\/vapeenjoy.com\/de\/wp-json\/wp\/v2\/product\/725\/revisions\/2311"}],"wp:featuredmedia":[{"embeddable":true,"href":"https:\/\/vapeenjoy.com\/de\/wp-json\/wp\/v2\/media\/745"}],"wp:attachment":[{"href":"https:\/\/vapeenjoy.com\/de\/wp-json\/wp\/v2\/media?parent=725"}],"wp:term":[{"taxonomy":"product_brand","embeddable":true,"href":"https:\/\/vapeenjoy.com\/de\/wp-json\/wp\/v2\/product_brand?post=725"},{"taxonomy":"product_cat","embeddable":true,"href":"https:\/\/vapeenjoy.com\/de\/wp-json\/wp\/v2\/product_cat?post=725"},{"taxonomy":"product_tag","embeddable":true,"href":"https:\/\/vapeenjoy.com\/de\/wp-json\/wp\/v2\/product_tag?post=725"}],"curies":[{"name":"WP","href":"https:\/\/api.w.org\/{rel}","templated":true}]}}