{"id":84,"date":"2025-07-17T01:53:19","date_gmt":"2025-07-17T01:53:19","guid":{"rendered":"https:\/\/vapeenjoy.com\/?post_type=product&#038;p=84"},"modified":"2025-09-17T04:01:54","modified_gmt":"2025-09-17T04:01:54","slug":"bang-king-triple-75k-puffs-3-in-1-flavor-vape-45ml-0-5-nicotine-type-c-rechargeable","status":"publish","type":"product","link":"https:\/\/vapeenjoy.com\/de\/produkt\/bang-king-triple-75k-puffs-3-in-1-flavour-vape-45ml-0-5-nikotin-typ-c-wiederaufladbar\/","title":{"rendered":"Bang King Triple 75k Puffs 3-in-1-Aromen Einweg Vape 45ml 0-5% Nikotin Typ-C wiederaufladbar"},"content":{"rendered":"<h2 dir=\"ltr\" data-pm-slice=\"1 3 []\">\u00dcberarbeitete Produktbeschreibung f\u00fcr Bang King Triple 75k Puffs Einweg Vape<\/h2>\n<p dir=\"ltr\">Bang King, ein vertrauensw\u00fcrdiger Name im Dampfen, liefert Qualit\u00e4t und Innovation. Der Bang King Triple 75K Puffs Einweg Vape bietet eine komfortable L\u00f6sung mit hoher Kapazit\u00e4t. Das elegante Design umfasst glatte Kanten, ein lebendiges Finish und ein LED-Display f\u00fcr die Echtzeit\u00fcberwachung. Dar\u00fcber hinaus ist es ergonomisch und optisch ansprechend und eignet sich daher ideal f\u00fcr den t\u00e4glichen Gebrauch.<\/p>\n<h2 dir=\"ltr\">Bang King Triple 75k Puffs Einweg Vape Spezifikationen<\/h2>\n<ul class=\"tight\" dir=\"ltr\" data-tight=\"true\">\n<li>\n<p dir=\"ltr\"><strong>Puffanzahl<\/strong>: Bis zu 75.000 Puffs f\u00fcr l\u00e4ngere Nutzung.<\/p>\n<\/li>\n<li>\n<p dir=\"ltr\"><strong>e-liquid<\/strong>: 45 ml \u00fcber drei 15 ml Pods.<\/p>\n<\/li>\n<li>\n<p dir=\"ltr\"><strong>Batterie<\/strong>: 650mAh, wiederaufladbar \u00fcber Typ-C.<\/p>\n<\/li>\n<li>\n<p dir=\"ltr\"><strong>Nikotin<\/strong>: 0%, 2%, 3% oder 5% Optionen.<\/p>\n<\/li>\n<li>\n<p dir=\"ltr\"><strong>sich wickeln<\/strong>: Dreifaches Netz f\u00fcr reichhaltiges Aroma und Dampf.<\/p>\n<\/li>\n<li>\n<p dir=\"ltr\"><strong>Geschmacksrichtungen<\/strong>: 3-in-1-verstellbares System f\u00fcr Abwechslung.<\/p>\n<\/li>\n<li>\n<p dir=\"ltr\"><strong>Aktivierung<\/strong>: Auto-Zieh f\u00fcr einfache, tastenfreie Verwendung.<\/p>\n<\/li>\n<li>\n<p dir=\"ltr\"><strong>anzeigen<\/strong>: LED zeigt Batterie- und E-Liquid-Stufe an.<\/p>\n<\/li>\n<li>\n<p dir=\"ltr\"><strong>Aufschluss<\/strong>: Typ-C zum schnellen Aufladen.<\/p>\n<\/li>\n<\/ul>\n<h2 dir=\"ltr\">Geschmackskombinationen<\/h2>\n<p dir=\"ltr\">Entdecken Sie 16 einzigartige Geschmackstrios:<\/p>\n<ol class=\"tight\" dir=\"ltr\" data-tight=\"true\">\n<li>\n<p dir=\"ltr\">Wassermelone \/ Red Bull \/ Erdbeerkiwi<\/p>\n<\/li>\n<li>\n<p dir=\"ltr\">Zitronenlimette \/ Erdbeerwassermelone \/ Blaubeereis<\/p>\n<\/li>\n<li>\n<p dir=\"ltr\">Erdbeer-Banane \/ Himbeerwassermelone \/ rosa Limonade<\/p>\n<\/li>\n<li>\n<p dir=\"ltr\">Blaue Razz-Kirsche \/ Cool Mint \/ Pfirsich Mango<\/p>\n<\/li>\n<li>\n<p dir=\"ltr\">Tropische Fr\u00fcchte \/ Erdbeerwassermelone \/ Zitronenpfirsich<\/p>\n<\/li>\n<li>\n<p dir=\"ltr\">Ananas-Kokos \/ Erdbeer-Banane \/ blauer Razz<\/p>\n<\/li>\n<li>\n<p dir=\"ltr\">Erdbeer-Wassermelone \/ Triple-Melone \/ Erdbeereis<\/p>\n<\/li>\n<li>\n<p dir=\"ltr\">Gemischte Frucht \/ Mango-Pfirsich \/ Traubeneis<\/p>\n<\/li>\n<li>\n<p dir=\"ltr\">Erdbeer-Vanille-Koks \/ Pfirsicheis \/ Schwarzes Dracheneis<\/p>\n<\/li>\n<li>\n<p dir=\"ltr\">\u00dcppiges Eis \/ Kiwi Passionsfrucht Guave \/ Erdbeer Mango<\/p>\n<\/li>\n<li>\n<p dir=\"ltr\">Erdbeerwassermelone \/ Wassermelone \/ blauer Razz<\/p>\n<\/li>\n<li>\n<p dir=\"ltr\">Beerenlimonade \/ Erdbeer Red Bull \/ Erdbeer-Pr\u00e4gerei<\/p>\n<\/li>\n<li>\n<p dir=\"ltr\">Doppelapfel \/ fruchtige Fusion \/ Ananas<\/p>\n<\/li>\n<li>\n<p dir=\"ltr\">Cola Ice \/ Mr Blue \/ Cherry Cola<\/p>\n<\/li>\n<li>\n<p dir=\"ltr\">Erdbeer-Donut \/ Bananeneis \/ Liebe 66<\/p>\n<\/li>\n<li>\n<p dir=\"ltr\">Eistee Zitronen Eis \/ Mango auf Eis \/ Litschi Eis<\/p>\n<\/li>\n<\/ol>\n<h2 dir=\"ltr\">H\u00e4ufig gestellte Fragen<\/h2>\n<ol dir=\"ltr\">\n<li>\n<p dir=\"ltr\"><strong>Wie wechsele ich die Aromen?<\/strong><br \/>\nSchieben Sie den Geschmacksauswahlschalter, um einen Pod auszuw\u00e4hlen. Folglich bleiben die Aromen rein, ohne zu mischen.<\/p>\n<\/li>\n<li>\n<p dir=\"ltr\"><strong>Warum eine Triple-Mesh-Spule verwenden?<\/strong><br \/>\nDie Spule verbessert Geschmack und Dampf und sorgt f\u00fcr ein glattes, reiches Erlebnis.<\/p>\n<\/li>\n<li>\n<p dir=\"ltr\"><strong>Wann sollte ich aufladen?<\/strong><br \/>\nDas LED-Display zeigt den Akkustand an und warnt Sie auf das Aufladen \u00fcber Typ-C.<\/p>\n<\/li>\n<li>\n<p dir=\"ltr\"><strong>Wie w\u00e4hle ich einen Geschmack aus?<\/strong><br \/>\nF\u00fcr s\u00fc\u00dfe Noten, probieren Sie Erdbeerwassermelone. Zur Erfrischung w\u00e4hlen Sie coole Minze. Alternativ bietet Erdbeer-Vanille-Cola einen einzigartigen Geschmack.<\/p>\n<\/li>\n<li>\n<p dir=\"ltr\"><strong>Ist es f\u00fcr Nicht-Nikotin-Nutzer geeignet?<\/strong><br \/>\nJa, die 0% Nikotinoption passt zu nikotinfreiem Dampfen.<\/p>\n<\/li>\n<li>\n<p dir=\"ltr\"><strong>Wie lange h\u00e4lt ein Pod?<\/strong><br \/>\nJeder 15-ml-Pod liefert je nach Verwendung etwa 25.000 Puffs.<\/p>\n<\/li>\n<li>\n<p dir=\"ltr\"><strong>Kann ich w\u00e4hrend des Ladevorgangs dampfen?<\/strong><br \/>\nVermeiden Sie es aus Sicherheitsgr\u00fcnden, das Ger\u00e4t w\u00e4hrend des Ladevorgangs zu verwenden, um die Batterieleistung aufrechtzuerhalten<\/p>\n<\/li>\n<\/ol>\n<p>&nbsp;<\/p>\n<p><img fetchpriority=\"high\" decoding=\"async\" class=\"alignnone wp-image-90 size-full\" src=\"https:\/\/vapeenjoy.com\/wp-content\/uploads\/2025\/07\/WPS\u56fe\u72471-\u62f7\u8d1d-2.png\" alt=\"Bang King Triple 75k Puffs 3-in-1-Aromen Einweg-Vape-Aromen \" width=\"1080\" height=\"720\" srcset=\"https:\/\/vapeenjoy.com\/wp-content\/uploads\/2025\/07\/WPS\u56fe\u72471-\u62f7\u8d1d-2.png 1080w, https:\/\/vapeenjoy.com\/wp-content\/uploads\/2025\/07\/WPS\u56fe\u72471-\u62f7\u8d1d-2-150x100.png 150w, https:\/\/vapeenjoy.com\/wp-content\/uploads\/2025\/07\/WPS\u56fe\u72471-\u62f7\u8d1d-2-600x400.png 600w, https:\/\/vapeenjoy.com\/wp-content\/uploads\/2025\/07\/WPS\u56fe\u72471-\u62f7\u8d1d-2-300x200.png 300w, https:\/\/vapeenjoy.com\/wp-content\/uploads\/2025\/07\/WPS\u56fe\u72471-\u62f7\u8d1d-2-1024x683.png 1024w, https:\/\/vapeenjoy.com\/wp-content\/uploads\/2025\/07\/WPS\u56fe\u72471-\u62f7\u8d1d-2-768x512.png 768w\" sizes=\"(max-width: 1080px) 100vw, 1080px\" \/><\/p>","protected":false},"excerpt":{"rendered":"<p>Bang King, ein f\u00fchrender Vaping, pr\u00e4sentiert den dreifachen 75k-Einweg-Vape. Genie\u00dfen Sie 75.000 Z\u00fcge, 45 ml E-Liquid mit drei 15-ml-Pods, einen 650-mAh-Akku und dreifache Mesh-Spule f\u00fcr kr\u00e4ftige Aromen. Wechseln Sie m\u00fchelos zwischen 16 Geschmackskombinationen.<\/p>","protected":false},"featured_media":89,"comment_status":"open","ping_status":"closed","template":"","meta":[],"product_brand":[16],"product_cat":[20],"product_tag":[64,73,94],"class_list":{"0":"post-84","1":"product","2":"type-product","3":"status-publish","4":"has-post-thumbnail","6":"product_brand-bang-vape","7":"product_cat-75k-puffs-vape","8":"product_tag-0-5-nicotine","9":"product_tag-3-in-1-flavors","10":"product_tag-45ml","12":"first","13":"outofstock","14":"sale","15":"shipping-taxable","16":"purchasable","17":"product-type-variable"},"yoast_head":"<!-- This site is optimized with the Yoast SEO plugin v25.7 - https:\/\/yoast.com\/wordpress\/plugins\/seo\/ -->\n<title>Bang King Triple 75K Puffs 3-in-1 Flavors Disposable Vape 45ml<\/title>\n<meta name=\"description\" content=\"Get the Bang King Triple 75K Puffs Disposable Vape with 45mL e-liquid, 0-5% nicotine, and Type-C charging. Enjoy 3-in-1 flavors. Buy now!\" \/>\n<meta name=\"robots\" content=\"index, follow, max-snippet:-1, max-image-preview:large, max-video-preview:-1\" \/>\n<link rel=\"canonical\" href=\"https:\/\/vapeenjoy.com\/de\/produkt\/bang-king-triple-75k-puffs-3-in-1-flavour-vape-45ml-0-5-nikotin-typ-c-wiederaufladbar\/\" \/>\n<meta property=\"og:locale\" content=\"de_DE\" \/>\n<meta property=\"og:type\" content=\"article\" \/>\n<meta property=\"og:title\" content=\"Bang King Triple 75K Puffs 3-in-1 Flavors Disposable Vape 45ml\" \/>\n<meta property=\"og:description\" content=\"Get the Bang King Triple 75K Puffs Disposable Vape with 45mL e-liquid, 0-5% nicotine, and Type-C charging. Enjoy 3-in-1 flavors. Buy now!\" \/>\n<meta property=\"og:url\" content=\"https:\/\/vapeenjoy.com\/de\/produkt\/bang-king-triple-75k-puffs-3-in-1-flavour-vape-45ml-0-5-nikotin-typ-c-wiederaufladbar\/\" \/>\n<meta property=\"og:site_name\" content=\"vapeenjoy\" \/>\n<meta property=\"article:modified_time\" content=\"2025-09-17T04:01:54+00:00\" \/>\n<meta property=\"og:image\" content=\"https:\/\/vapeenjoy.com\/wp-content\/uploads\/2025\/07\/\u4e3b\u56fe.png\" \/>\n\t<meta property=\"og:image:width\" content=\"800\" \/>\n\t<meta property=\"og:image:height\" content=\"800\" \/>\n\t<meta property=\"og:image:type\" content=\"image\/png\" \/>\n<meta name=\"twitter:card\" content=\"summary_large_image\" \/>\n<meta name=\"twitter:label1\" content=\"Gesch\u00e4tzte Lesezeit\" \/>\n\t<meta name=\"twitter:data1\" content=\"3\u00a0Minuten\" \/>\n<script type=\"application\/ld+json\" class=\"yoast-schema-graph\">{\"@context\":\"https:\/\/schema.org\",\"@graph\":[{\"@type\":\"WebPage\",\"@id\":\"https:\/\/vapeenjoy.com\/product\/bang-king-triple-75k-puffs-3-in-1-flavor-vape-45ml-0-5-nicotine-type-c-rechargeable\/\",\"url\":\"https:\/\/vapeenjoy.com\/product\/bang-king-triple-75k-puffs-3-in-1-flavor-vape-45ml-0-5-nicotine-type-c-rechargeable\/\",\"name\":\"Bang King Triple 75K Puffs 3-in-1 Flavors Disposable Vape 45ml\",\"isPartOf\":{\"@id\":\"https:\/\/vapeenjoy.com\/#website\"},\"primaryImageOfPage\":{\"@id\":\"https:\/\/vapeenjoy.com\/product\/bang-king-triple-75k-puffs-3-in-1-flavor-vape-45ml-0-5-nicotine-type-c-rechargeable\/#primaryimage\"},\"image\":{\"@id\":\"https:\/\/vapeenjoy.com\/product\/bang-king-triple-75k-puffs-3-in-1-flavor-vape-45ml-0-5-nicotine-type-c-rechargeable\/#primaryimage\"},\"thumbnailUrl\":\"https:\/\/vapeenjoy.com\/wp-content\/uploads\/2025\/07\/\u4e3b\u56fe.png\",\"datePublished\":\"2025-07-17T01:53:19+00:00\",\"dateModified\":\"2025-09-17T04:01:54+00:00\",\"description\":\"Get the Bang King Triple 75K Puffs Disposable Vape with 45mL e-liquid, 0-5% nicotine, and Type-C charging. Enjoy 3-in-1 flavors. Buy now!\",\"breadcrumb\":{\"@id\":\"https:\/\/vapeenjoy.com\/product\/bang-king-triple-75k-puffs-3-in-1-flavor-vape-45ml-0-5-nicotine-type-c-rechargeable\/#breadcrumb\"},\"inLanguage\":\"de\",\"potentialAction\":[{\"@type\":\"ReadAction\",\"target\":[\"https:\/\/vapeenjoy.com\/product\/bang-king-triple-75k-puffs-3-in-1-flavor-vape-45ml-0-5-nicotine-type-c-rechargeable\/\"]}]},{\"@type\":\"ImageObject\",\"inLanguage\":\"de\",\"@id\":\"https:\/\/vapeenjoy.com\/product\/bang-king-triple-75k-puffs-3-in-1-flavor-vape-45ml-0-5-nicotine-type-c-rechargeable\/#primaryimage\",\"url\":\"https:\/\/vapeenjoy.com\/wp-content\/uploads\/2025\/07\/\u4e3b\u56fe.png\",\"contentUrl\":\"https:\/\/vapeenjoy.com\/wp-content\/uploads\/2025\/07\/\u4e3b\u56fe.png\",\"width\":800,\"height\":800},{\"@type\":\"BreadcrumbList\",\"@id\":\"https:\/\/vapeenjoy.com\/product\/bang-king-triple-75k-puffs-3-in-1-flavor-vape-45ml-0-5-nicotine-type-c-rechargeable\/#breadcrumb\",\"itemListElement\":[{\"@type\":\"ListItem\",\"position\":1,\"name\":\"Home\",\"item\":\"https:\/\/vapeenjoy.com\/\"},{\"@type\":\"ListItem\",\"position\":2,\"name\":\"Shop\",\"item\":\"https:\/\/vapeenjoy.com\/vapeenjoy-shop\/\"},{\"@type\":\"ListItem\",\"position\":3,\"name\":\"Bang King Triple 75K Puffs 3-in-1 Flavors Disposable Vape 45ml 0-5% Nicotine Type-C Rechargeable\"}]},{\"@type\":\"WebSite\",\"@id\":\"https:\/\/vapeenjoy.com\/#website\",\"url\":\"https:\/\/vapeenjoy.com\/\",\"name\":\"vapeenjoy\",\"description\":\"An online store for selling vapes\",\"potentialAction\":[{\"@type\":\"SearchAction\",\"target\":{\"@type\":\"EntryPoint\",\"urlTemplate\":\"https:\/\/vapeenjoy.com\/?s={search_term_string}\"},\"query-input\":{\"@type\":\"PropertyValueSpecification\",\"valueRequired\":true,\"valueName\":\"search_term_string\"}}],\"inLanguage\":\"de\"}]}<\/script>\n<!-- \/ Yoast SEO plugin. -->","yoast_head_json":{"title":"Bang King Triple 75k Puffs 3-in-1-Aromen Einweg Vape 45ml","description":"Holen Sie sich den Bang King Triple 75k Puffs Einweg Vape mit 45 ml E-Liquid, 0-5% Nikotin und Typ-C-Ladung. Genie\u00dfen Sie 3-in-1-Aromen. Jetzt kaufen!","robots":{"index":"index","follow":"follow","max-snippet":"max-snippet:-1","max-image-preview":"max-image-preview:large","max-video-preview":"max-video-preview:-1"},"canonical":"https:\/\/vapeenjoy.com\/de\/produkt\/bang-king-triple-75k-puffs-3-in-1-flavour-vape-45ml-0-5-nikotin-typ-c-wiederaufladbar\/","og_locale":"de_DE","og_type":"article","og_title":"Bang King Triple 75K Puffs 3-in-1 Flavors Disposable Vape 45ml","og_description":"Get the Bang King Triple 75K Puffs Disposable Vape with 45mL e-liquid, 0-5% nicotine, and Type-C charging. Enjoy 3-in-1 flavors. Buy now!","og_url":"https:\/\/vapeenjoy.com\/de\/produkt\/bang-king-triple-75k-puffs-3-in-1-flavour-vape-45ml-0-5-nikotin-typ-c-wiederaufladbar\/","og_site_name":"vapeenjoy","article_modified_time":"2025-09-17T04:01:54+00:00","og_image":[{"width":800,"height":800,"url":"https:\/\/vapeenjoy.com\/wp-content\/uploads\/2025\/07\/\u4e3b\u56fe.png","type":"image\/png"}],"twitter_card":"summary_large_image","twitter_misc":{"Gesch\u00e4tzte Lesezeit":"3\u00a0Minuten"},"schema":{"@context":"https:\/\/schema.org","@graph":[{"@type":"WebPage","@id":"https:\/\/vapeenjoy.com\/product\/bang-king-triple-75k-puffs-3-in-1-flavor-vape-45ml-0-5-nicotine-type-c-rechargeable\/","url":"https:\/\/vapeenjoy.com\/product\/bang-king-triple-75k-puffs-3-in-1-flavor-vape-45ml-0-5-nicotine-type-c-rechargeable\/","name":"Bang King Triple 75k Puffs 3-in-1-Aromen Einweg Vape 45ml","isPartOf":{"@id":"https:\/\/vapeenjoy.com\/#website"},"primaryImageOfPage":{"@id":"https:\/\/vapeenjoy.com\/product\/bang-king-triple-75k-puffs-3-in-1-flavor-vape-45ml-0-5-nicotine-type-c-rechargeable\/#primaryimage"},"image":{"@id":"https:\/\/vapeenjoy.com\/product\/bang-king-triple-75k-puffs-3-in-1-flavor-vape-45ml-0-5-nicotine-type-c-rechargeable\/#primaryimage"},"thumbnailUrl":"https:\/\/vapeenjoy.com\/wp-content\/uploads\/2025\/07\/\u4e3b\u56fe.png","datePublished":"2025-07-17T01:53:19+00:00","dateModified":"2025-09-17T04:01:54+00:00","description":"Holen Sie sich den Bang King Triple 75k Puffs Einweg Vape mit 45 ml E-Liquid, 0-5% Nikotin und Typ-C-Ladung. Genie\u00dfen Sie 3-in-1-Aromen. Jetzt kaufen!","breadcrumb":{"@id":"https:\/\/vapeenjoy.com\/product\/bang-king-triple-75k-puffs-3-in-1-flavor-vape-45ml-0-5-nicotine-type-c-rechargeable\/#breadcrumb"},"inLanguage":"de","potentialAction":[{"@type":"ReadAction","target":["https:\/\/vapeenjoy.com\/product\/bang-king-triple-75k-puffs-3-in-1-flavor-vape-45ml-0-5-nicotine-type-c-rechargeable\/"]}]},{"@type":"ImageObject","inLanguage":"de","@id":"https:\/\/vapeenjoy.com\/product\/bang-king-triple-75k-puffs-3-in-1-flavor-vape-45ml-0-5-nicotine-type-c-rechargeable\/#primaryimage","url":"https:\/\/vapeenjoy.com\/wp-content\/uploads\/2025\/07\/\u4e3b\u56fe.png","contentUrl":"https:\/\/vapeenjoy.com\/wp-content\/uploads\/2025\/07\/\u4e3b\u56fe.png","width":800,"height":800},{"@type":"BreadcrumbList","@id":"https:\/\/vapeenjoy.com\/product\/bang-king-triple-75k-puffs-3-in-1-flavor-vape-45ml-0-5-nicotine-type-c-rechargeable\/#breadcrumb","itemListElement":[{"@type":"ListItem","position":1,"name":"Home","item":"https:\/\/vapeenjoy.com\/"},{"@type":"ListItem","position":2,"name":"Shop","item":"https:\/\/vapeenjoy.com\/vapeenjoy-shop\/"},{"@type":"ListItem","position":3,"name":"Bang King Triple 75K Puffs 3-in-1 Flavors Disposable Vape 45ml 0-5% Nicotine Type-C Rechargeable"}]},{"@type":"WebSite","@id":"https:\/\/vapeenjoy.com\/#website","url":"https:\/\/vapeenjoy.com\/","name":"Vapeenfreude","description":"Ein Online-Shop f\u00fcr den Verkauf von Vapes","potentialAction":[{"@type":"SearchAction","target":{"@type":"EntryPoint","urlTemplate":"https:\/\/vapeenjoy.com\/?s={search_term_string}"},"query-input":{"@type":"PropertyValueSpecification","valueRequired":true,"valueName":"search_term_string"}}],"inLanguage":"de"}]}},"_links":{"self":[{"href":"https:\/\/vapeenjoy.com\/de\/wp-json\/wp\/v2\/product\/84","targetHints":{"allow":["GET"]}}],"collection":[{"href":"https:\/\/vapeenjoy.com\/de\/wp-json\/wp\/v2\/product"}],"about":[{"href":"https:\/\/vapeenjoy.com\/de\/wp-json\/wp\/v2\/types\/product"}],"replies":[{"embeddable":true,"href":"https:\/\/vapeenjoy.com\/de\/wp-json\/wp\/v2\/comments?post=84"}],"version-history":[{"count":4,"href":"https:\/\/vapeenjoy.com\/de\/wp-json\/wp\/v2\/product\/84\/revisions"}],"predecessor-version":[{"id":2329,"href":"https:\/\/vapeenjoy.com\/de\/wp-json\/wp\/v2\/product\/84\/revisions\/2329"}],"wp:featuredmedia":[{"embeddable":true,"href":"https:\/\/vapeenjoy.com\/de\/wp-json\/wp\/v2\/media\/89"}],"wp:attachment":[{"href":"https:\/\/vapeenjoy.com\/de\/wp-json\/wp\/v2\/media?parent=84"}],"wp:term":[{"taxonomy":"product_brand","embeddable":true,"href":"https:\/\/vapeenjoy.com\/de\/wp-json\/wp\/v2\/product_brand?post=84"},{"taxonomy":"product_cat","embeddable":true,"href":"https:\/\/vapeenjoy.com\/de\/wp-json\/wp\/v2\/product_cat?post=84"},{"taxonomy":"product_tag","embeddable":true,"href":"https:\/\/vapeenjoy.com\/de\/wp-json\/wp\/v2\/product_tag?post=84"}],"curies":[{"name":"WP","href":"https:\/\/api.w.org\/{rel}","templated":true}]}}