{"id":11,"date":"2025-07-16T06:46:06","date_gmt":"2025-07-16T06:46:06","guid":{"rendered":"https:\/\/vapeenjoy.com\/?page_id=11"},"modified":"2025-08-26T08:30:12","modified_gmt":"2025-08-26T08:30:12","slug":"conditions-of-transport","status":"publish","type":"page","link":"https:\/\/vapeenjoy.com\/es\/condiciones-de-transporte\/","title":{"rendered":"condiciones de transporte"},"content":{"rendered":"<div data-elementor-type=\"wp-page\" data-elementor-id=\"11\" class=\"elementor elementor-11\">\n\t\t\t\t<div class=\"wd-negative-gap elementor-element elementor-element-69cb6f19 e-flex e-con-boxed e-con e-parent\" data-id=\"69cb6f19\" data-element_type=\"container\">\n\t\t\t\t\t<div class=\"e-con-inner\">\n\t\t\t\t<div class=\"elementor-element elementor-element-51a6e90a color-scheme-inherit text-left elementor-widget elementor-widget-text-editor\" data-id=\"51a6e90a\" data-element_type=\"widget\" data-widget_type=\"text-editor.default\">\n\t\t\t\t\t\t\t\t\t\n<h2>VapeaDisfruta las condiciones de transporte<\/h2>\n<h2>1. Procesamiento y env\u00edo de pedidos<\/h2>\n<ul>\n<li>Los pedidos se procesan y env\u00edan dentro de 1 a 3 d\u00edas h\u00e1biles.<\/li>\n<li>La entrega suele tardar entre 7 y 15 d\u00edas h\u00e1biles.<\/li>\n<li>Tenga en cuenta que los pedidos no se env\u00edan los fines de semana.<\/li>\n<\/ul>\n<h2>2. Seguimiento de env\u00edos<\/h2>\n<ul>\n<li>Una vez que su pedido haya sido enviado, recibir\u00e1 un n\u00famero de seguimiento por correo electr\u00f3nico.<\/li>\n<li>Puede rastrear su env\u00edo utilizando el n\u00famero de seguimiento proporcionado en <a href=\"https:\/\/www.17track.net\/\">17pista.net<\/a>.<\/li>\n<li>La informaci\u00f3n de seguimiento puede tardar de 1 a 2 d\u00edas en actualizarse en el sitio web.<\/li>\n<\/ul>\n<h2>3. Cambios de pedido<\/h2>\n<ul>\n<li>Puede cancelar su pedido o actualizar la direcci\u00f3n de entrega en cualquier momento antes de que se env\u00ede el pedido.<\/li>\n<li>Una vez que se ha enviado un pedido, ya no es posible realizar reembolsos ni cambios de direcci\u00f3n.<\/li>\n<li>El env\u00edo gratuito est\u00e1 disponible para pedidos a los Estados Unidos y Australia.<\/li>\n<\/ul>\n<h2>4. M\u00e9todos y derechos de env\u00edo<\/h2>\n<p>Para pa\u00edses seleccionados, ofrecemos env\u00edo de pago de impuestos pagados (DDP), lo que significa que no incurrir\u00e1 en tarifas de despacho de aduana. Estos pa\u00edses y sus correspondientes m\u00e9todos de env\u00edo son los siguientes:<\/p>\n<ul>\n<li><strong>Estados Unidos<\/strong>: UPS Express (excluyendo Alaska y Hawai)<\/li>\n<li><strong>Reino Unido<\/strong>: DPD local expreso<\/li>\n<li><strong>Europa<\/strong>: UPS Express, DPD Express o DHL Express<\/li>\n<li><strong>Pa\u00edses europeos elegibles para DDP<\/strong>: Alemania, B\u00e9lgica, Luxemburgo, Pa\u00edses Bajos, Rep\u00fablica Checa, Polonia, Croacia, Eslovaquia, Eslovenia, Finlandia, Dinamarca, Suecia, Austria, Francia, Italia, Hungr\u00eda, Bulgaria, Lituania, Estonia, Letonia, Grecia, Irlanda, Portugal, Espa\u00f1a<\/li>\n<\/ul>\n<h2>5. Tiempos de env\u00edo por pa\u00eds<\/h2>\n<p>A continuaci\u00f3n se muestran los m\u00e9todos de env\u00edo y los plazos de entrega estimados para pa\u00edses espec\u00edficos:<\/p>\n<table>\n<thead>\n<tr>\n<th>patria<\/th>\n<th>M\u00e9todo de env\u00edo<\/th>\n<th>Tiempo estimado de entrega<\/th>\n<\/tr>\n<\/thead>\n<tbody>\n<tr>\n<td>Estados Unidos<\/td>\n<td>Terreno local de UPS<\/td>\n<td>10-15 d\u00edas<\/td>\n<\/tr>\n<tr>\n<td>Reino Unido<\/td>\n<td>Expreso local DPD<\/td>\n<td>7-12 d\u00edas<\/td>\n<\/tr>\n<tr>\n<td>Alemania<\/td>\n<td>UPS\/DPD\/DHL Alemania<\/td>\n<td>8-15 d\u00edas<\/td>\n<\/tr>\n<tr>\n<td>Francia<\/td>\n<td>UPS\/DPD\/DHL Alemania<\/td>\n<td>10-15 d\u00edas<\/td>\n<\/tr>\n<tr>\n<td>B\u00e9lgica<\/td>\n<td>UPS\/DPD\/DHL Alemania<\/td>\n<td>10-15 d\u00edas<\/td>\n<\/tr>\n<tr>\n<td>Luxemburgo<\/td>\n<td>UPS\/DPD\/DHL Alemania<\/td>\n<td>10-15 d\u00edas<\/td>\n<\/tr>\n<tr>\n<td>Pa\u00edses<\/td>\n<td>UPS\/DPD\/DHL Alemania<\/td>\n<td>10-15 d\u00edas<\/td>\n<\/tr>\n<tr>\n<td>Rep\u00fablica Checa<\/td>\n<td>UPS\/DPD\/DHL Alemania<\/td>\n<td>10-15 d\u00edas<\/td>\n<\/tr>\n<tr>\n<td>Polonia<\/td>\n<td>UPS\/DPD\/DHL Alemania<\/td>\n<td>10-15 d\u00edas<\/td>\n<\/tr>\n<tr>\n<td>Croacia<\/td>\n<td>UPS\/DPD\/DHL Alemania<\/td>\n<td>10-15 d\u00edas<\/td>\n<\/tr>\n<tr>\n<td>Eslovaquia<\/td>\n<td>UPS\/DPD\/DHL Alemania<\/td>\n<td>10-15 d\u00edas<\/td>\n<\/tr>\n<tr>\n<td>Eslovenia<\/td>\n<td>UPS\/DPD\/DHL Alemania<\/td>\n<td>10-15 d\u00edas<\/td>\n<\/tr>\n<tr>\n<td>Finlandia<\/td>\n<td>UPS\/DPD\/DHL Alemania<\/td>\n<td>10-15 d\u00edas<\/td>\n<\/tr>\n<tr>\n<td>Dinamarca<\/td>\n<td>UPS\/DPD\/DHL Alemania<\/td>\n<td>10-15 d\u00edas<\/td>\n<\/tr>\n<tr>\n<td>Suecia<\/td>\n<td>UPS\/DPD\/DHL Alemania<\/td>\n<td>10-15 d\u00edas<\/td>\n<\/tr>\n<tr>\n<td>Austria<\/td>\n<td>UPS\/DPD\/DHL Alemania<\/td>\n<td>10-15 d\u00edas<\/td>\n<\/tr>\n<tr>\n<td>Italia<\/td>\n<td>UPS\/DPD\/DHL Alemania<\/td>\n<td>10-15 d\u00edas<\/td>\n<\/tr>\n<tr>\n<td>Hungr\u00eda<\/td>\n<td>UPS\/DPD\/DHL Alemania<\/td>\n<td>10-15 d\u00edas<\/td>\n<\/tr>\n<tr>\n<td>Lituania<\/td>\n<td>UPS\/DPD\/DHL Alemania<\/td>\n<td>10-15 d\u00edas<\/td>\n<\/tr>\n<tr>\n<td>Estonia<\/td>\n<td>UPS\/DPD\/DHL Alemania<\/td>\n<td>10-15 d\u00edas<\/td>\n<\/tr>\n<tr>\n<td>Letonia<\/td>\n<td>UPS\/DPD\/DHL Alemania<\/td>\n<td>10-15 d\u00edas<\/td>\n<\/tr>\n<tr>\n<td>Grecia<\/td>\n<td>UPS\/DPD\/DHL Alemania<\/td>\n<td>10-15 d\u00edas<\/td>\n<\/tr>\n<tr>\n<td>Irlanda<\/td>\n<td>UPS\/DPD\/DHL Alemania<\/td>\n<td>10-15 d\u00edas<\/td>\n<\/tr>\n<tr>\n<td>Portugal<\/td>\n<td>UPS\/DPD\/DHL Alemania<\/td>\n<td>10-15 d\u00edas<\/td>\n<\/tr>\n<tr>\n<td>Espa\u00f1a<\/td>\n<td>UPS\/DPD\/DHL Alemania<\/td>\n<td>10-15 d\u00edas<\/td>\n<\/tr>\n<tr>\n<td>Emiratos \u00c1rabes Unidos (Dubai)<\/td>\n<td>L\u00ednea dedicada a Dub\u00e1i<\/td>\n<td>12-18 d\u00edas<\/td>\n<\/tr>\n<tr>\n<td>\u00c1frica del Sur<\/td>\n<td>L\u00ednea dedicada de Sud\u00e1frica<\/td>\n<td>15-25 d\u00edas<\/td>\n<\/tr>\n<tr>\n<td>Vietnam<\/td>\n<td>L\u00ednea dedicada a Vietnam<\/td>\n<td>3-5 d\u00edas<\/td>\n<\/tr>\n<tr>\n<td>Malasia Occidental<\/td>\n<td>L\u00ednea dedicada a Malasia<\/td>\n<td>4\u20138 d\u00edas<\/td>\n<\/tr>\n<\/tbody>\n<\/table>\n<h2>6. aduanas y derechos<\/h2>\n<ul>\n<li>Para los pa\u00edses que no figuran arriba, los paquetes pueden requerir el despacho de aduana y el pago de los derechos aplicables a su llegada.<\/li>\n<li>Por favor, p\u00f3ngase en contacto con su autoridad aduanera local para obtener informaci\u00f3n sobre los impuestos aplicables.<\/li>\n<li>La aduana tambi\u00e9n puede requerir una licencia comercial para el despacho.<\/li>\n<\/ul>\n<p>VapeEnjoy se compromete a proporcionar servicios de env\u00edo eficientes y transparentes. Para cualquier pregunta o asistencia adicional, no dude en ponerse en contacto con nuestro equipo de atenci\u00f3n al cliente.<\/p>\n\t\t\t\t\t\t\t\t<\/div>\n\t\t\t\t\t<\/div>\n\t\t\t\t<\/div>\n\t\t\t\t<\/div>","protected":false},"excerpt":{"rendered":"<p>Vapeenjoy Conditions of Transport 1. Order Processing and Shipping Orders are processed and shipped within 1\u20133 business days. Delivery typically<\/p>","protected":false},"author":1,"featured_media":0,"parent":0,"menu_order":0,"comment_status":"closed","ping_status":"closed","template":"","meta":{"footnotes":""},"class_list":["post-11","page","type-page","status-publish","hentry"],"yoast_head":"<!-- This site is optimized with the Yoast SEO plugin v25.7 - https:\/\/yoast.com\/wordpress\/plugins\/seo\/ -->\n<title>VapeEnjoy Conditions of Transport | Shipping Terms &amp; Policies<\/title>\n<meta name=\"description\" content=\"Explore VapeEnjoy&#039;s Conditions of Transport. Learn our shipping terms, delivery policies, and customer duties for a smooth vape experience.\" \/>\n<meta name=\"robots\" content=\"index, follow, max-snippet:-1, max-image-preview:large, max-video-preview:-1\" \/>\n<link rel=\"canonical\" href=\"https:\/\/vapeenjoy.com\/es\/condiciones-de-transporte\/\" \/>\n<meta property=\"og:locale\" content=\"es_ES\" \/>\n<meta property=\"og:type\" content=\"article\" \/>\n<meta property=\"og:title\" content=\"VapeEnjoy Conditions of Transport | Shipping Terms &amp; Policies\" \/>\n<meta property=\"og:description\" content=\"Explore VapeEnjoy&#039;s Conditions of Transport. Learn our shipping terms, delivery policies, and customer duties for a smooth vape experience.\" \/>\n<meta property=\"og:url\" content=\"https:\/\/vapeenjoy.com\/es\/condiciones-de-transporte\/\" \/>\n<meta property=\"og:site_name\" content=\"vapeenjoy\" \/>\n<meta property=\"article:modified_time\" content=\"2025-08-26T08:30:12+00:00\" \/>\n<meta name=\"twitter:card\" content=\"summary_large_image\" \/>\n<meta name=\"twitter:label1\" content=\"Tiempo de lectura\" \/>\n\t<meta name=\"twitter:data1\" content=\"2 minutos\" \/>\n<script type=\"application\/ld+json\" class=\"yoast-schema-graph\">{\"@context\":\"https:\/\/schema.org\",\"@graph\":[{\"@type\":\"WebPage\",\"@id\":\"https:\/\/vapeenjoy.com\/conditions-of-transport\/\",\"url\":\"https:\/\/vapeenjoy.com\/conditions-of-transport\/\",\"name\":\"VapeEnjoy Conditions of Transport | Shipping Terms & Policies\",\"isPartOf\":{\"@id\":\"https:\/\/vapeenjoy.com\/#website\"},\"datePublished\":\"2025-07-16T06:46:06+00:00\",\"dateModified\":\"2025-08-26T08:30:12+00:00\",\"description\":\"Explore VapeEnjoy's Conditions of Transport. Learn our shipping terms, delivery policies, and customer duties for a smooth vape experience.\",\"breadcrumb\":{\"@id\":\"https:\/\/vapeenjoy.com\/conditions-of-transport\/#breadcrumb\"},\"inLanguage\":\"es\",\"potentialAction\":[{\"@type\":\"ReadAction\",\"target\":[\"https:\/\/vapeenjoy.com\/conditions-of-transport\/\"]}]},{\"@type\":\"BreadcrumbList\",\"@id\":\"https:\/\/vapeenjoy.com\/conditions-of-transport\/#breadcrumb\",\"itemListElement\":[{\"@type\":\"ListItem\",\"position\":1,\"name\":\"Home\",\"item\":\"https:\/\/vapeenjoy.com\/\"},{\"@type\":\"ListItem\",\"position\":2,\"name\":\"Conditions of Transport\"}]},{\"@type\":\"WebSite\",\"@id\":\"https:\/\/vapeenjoy.com\/#website\",\"url\":\"https:\/\/vapeenjoy.com\/\",\"name\":\"vapeenjoy\",\"description\":\"An online store for selling vapes\",\"potentialAction\":[{\"@type\":\"SearchAction\",\"target\":{\"@type\":\"EntryPoint\",\"urlTemplate\":\"https:\/\/vapeenjoy.com\/?s={search_term_string}\"},\"query-input\":{\"@type\":\"PropertyValueSpecification\",\"valueRequired\":true,\"valueName\":\"search_term_string\"}}],\"inLanguage\":\"es\"}]}<\/script>\n<!-- \/ Yoast SEO plugin. -->","yoast_head_json":{"title":"VapeEnjoy Condiciones de transporte | T\u00e9rminos y pol\u00edticas de env\u00edo","description":"Explora las condiciones de transporte de VapeEnjoy. Conozca nuestros t\u00e9rminos de env\u00edo, pol\u00edticas de entrega y deberes del cliente para una experiencia de vape sin problemas.","robots":{"index":"index","follow":"follow","max-snippet":"max-snippet:-1","max-image-preview":"max-image-preview:large","max-video-preview":"max-video-preview:-1"},"canonical":"https:\/\/vapeenjoy.com\/es\/condiciones-de-transporte\/","og_locale":"es_ES","og_type":"article","og_title":"VapeEnjoy Conditions of Transport | Shipping Terms & Policies","og_description":"Explore VapeEnjoy's Conditions of Transport. Learn our shipping terms, delivery policies, and customer duties for a smooth vape experience.","og_url":"https:\/\/vapeenjoy.com\/es\/condiciones-de-transporte\/","og_site_name":"vapeenjoy","article_modified_time":"2025-08-26T08:30:12+00:00","twitter_card":"summary_large_image","twitter_misc":{"Tiempo de lectura":"2 minutos"},"schema":{"@context":"https:\/\/schema.org","@graph":[{"@type":"WebPage","@id":"https:\/\/vapeenjoy.com\/conditions-of-transport\/","url":"https:\/\/vapeenjoy.com\/conditions-of-transport\/","name":"VapeEnjoy Condiciones de transporte | T\u00e9rminos y pol\u00edticas de env\u00edo","isPartOf":{"@id":"https:\/\/vapeenjoy.com\/#website"},"datePublished":"2025-07-16T06:46:06+00:00","dateModified":"2025-08-26T08:30:12+00:00","description":"Explora las condiciones de transporte de VapeEnjoy. Conozca nuestros t\u00e9rminos de env\u00edo, pol\u00edticas de entrega y deberes del cliente para una experiencia de vape sin problemas.","breadcrumb":{"@id":"https:\/\/vapeenjoy.com\/conditions-of-transport\/#breadcrumb"},"inLanguage":"es","potentialAction":[{"@type":"ReadAction","target":["https:\/\/vapeenjoy.com\/conditions-of-transport\/"]}]},{"@type":"BreadcrumbList","@id":"https:\/\/vapeenjoy.com\/conditions-of-transport\/#breadcrumb","itemListElement":[{"@type":"ListItem","position":1,"name":"Home","item":"https:\/\/vapeenjoy.com\/"},{"@type":"ListItem","position":2,"name":"Conditions of Transport"}]},{"@type":"WebSite","@id":"https:\/\/vapeenjoy.com\/#website","url":"https:\/\/vapeenjoy.com\/","name":"vapiar","description":"Una tienda online para vender vapes","potentialAction":[{"@type":"SearchAction","target":{"@type":"EntryPoint","urlTemplate":"https:\/\/vapeenjoy.com\/?s={search_term_string}"},"query-input":{"@type":"PropertyValueSpecification","valueRequired":true,"valueName":"search_term_string"}}],"inLanguage":"es"}]}},"_links":{"self":[{"href":"https:\/\/vapeenjoy.com\/es\/wp-json\/wp\/v2\/pages\/11","targetHints":{"allow":["GET"]}}],"collection":[{"href":"https:\/\/vapeenjoy.com\/es\/wp-json\/wp\/v2\/pages"}],"about":[{"href":"https:\/\/vapeenjoy.com\/es\/wp-json\/wp\/v2\/types\/page"}],"author":[{"embeddable":true,"href":"https:\/\/vapeenjoy.com\/es\/wp-json\/wp\/v2\/users\/1"}],"replies":[{"embeddable":true,"href":"https:\/\/vapeenjoy.com\/es\/wp-json\/wp\/v2\/comments?post=11"}],"version-history":[{"count":17,"href":"https:\/\/vapeenjoy.com\/es\/wp-json\/wp\/v2\/pages\/11\/revisions"}],"predecessor-version":[{"id":3138,"href":"https:\/\/vapeenjoy.com\/es\/wp-json\/wp\/v2\/pages\/11\/revisions\/3138"}],"wp:attachment":[{"href":"https:\/\/vapeenjoy.com\/es\/wp-json\/wp\/v2\/media?parent=11"}],"curies":[{"name":"pp","href":"https:\/\/api.w.org\/{rel}","templated":true}]}}