{"id":1506,"date":"2023-04-20T11:46:53","date_gmt":"2023-04-20T11:46:53","guid":{"rendered":"https:\/\/dummy.xtemos.com\/woodmart2\/furniture2-elementor\/?page_id=25"},"modified":"2025-08-14T01:58:34","modified_gmt":"2025-08-14T01:58:34","slug":"age-policy","status":"publish","type":"page","link":"https:\/\/vapeenjoy.com\/es\/politica-de-edad\/","title":{"rendered":"Pol\u00edtica de edad"},"content":{"rendered":"<div data-elementor-type=\"wp-page\" data-elementor-id=\"1506\" class=\"elementor elementor-1506\">\n\t\t\t\t<div class=\"wd-negative-gap elementor-element elementor-element-f16dbad wd-collapsible-content e-flex e-con-boxed e-con e-parent\" data-id=\"f16dbad\" data-element_type=\"container\">\n\t\t\t\t\t<div class=\"e-con-inner\">\n\t\t\t\t<div class=\"elementor-element elementor-element-45edd54 elementor-widget elementor-widget-wd_button\" data-id=\"45edd54\" data-element_type=\"widget\" data-widget_type=\"wd_button.default\">\n\t\t\t\t<div class=\"elementor-widget-container\">\n\t\t\t\t\t\t\t<div class=\"wd-button-wrapper text-left wd-collapsible-button\" >\n\t\t\t<a class=\"btn btn-style-link btn-shape- btn-size-default btn-color-primary btn-icon-pos-right\"  href=\"#\">\n\t\t\t\t<span class=\"wd-btn-text\" data-elementor-setting-key=\"text\">\n\t\t\t\t\tLeer m\u00e1s\t\t\t\t<\/span>\n\n\t\t\t\t\t\t\t<\/a>\n\t\t<\/div>\n\t\t\t\t\t\t<\/div>\n\t\t\t\t<\/div>\n\t\t\t\t\t<\/div>\n\t\t\t\t<\/div>\n\t\t<div class=\"wd-negative-gap elementor-element elementor-element-835dab8 e-flex e-con-boxed e-con e-parent\" data-id=\"835dab8\" data-element_type=\"container\">\n\t\t\t\t\t<div class=\"e-con-inner\">\n\t\t\t\t<div class=\"elementor-element elementor-element-fd8112a color-scheme-inherit text-left elementor-widget elementor-widget-text-editor\" data-id=\"fd8112a\" data-element_type=\"widget\" data-widget_type=\"text-editor.default\">\n\t\t\t\t\t\t\t\t\t<h3 dir=\"auto\">Pol\u00edtica de edad de VapeEnjoy: garantizar el cumplimiento y el uso responsable del vape<\/h3><p dir=\"auto\">En VapeEnjoy, priorizamos el uso responsable del vape y seguimos estrictamente las regulaciones de los EE. Nuestra robusta pol\u00edtica de edad garantiza que solo los clientes elegibles adquieren productos de cigarrillos electr\u00f3nicos desde nuestra plataforma. A continuaci\u00f3n, detallamos nuestras pol\u00edticas y procedimientos para garantizar el cumplimiento y prevenir el acceso a menores de edad.<\/p><h4 dir=\"auto\">Requisito de edad legal para uso de vapeo<\/h4><p dir=\"auto\">VapeEnjoy requiere que los clientes tengan al menos 21 a\u00f1os de edad para comprar productos de cigarrillos electr\u00f3nicos, en l\u00ednea con las regulaciones federales y estatales de EE. UU. Esta restricci\u00f3n de edad garantiza que cumplamos con las leyes que rigen las ventas de productos de vape.<\/p><h4 dir=\"auto\">prohibici\u00f3n estricta de la falsificaci\u00f3n de edad<\/h4><p dir=\"auto\">Falsificar la informaci\u00f3n de edad para comprar productos de vape es ilegal y conlleva graves consecuencias legales. Por lo tanto, VapeEnjoy aplica activamente medidas estrictas para bloquear compras fraudulentas y salvaguardar la integridad de nuestra plataforma.<\/p><h4 dir=\"auto\">No hay compras para menores<\/h4><p dir=\"auto\">VapeEnjoy proh\u00edbe comprar productos de vape para o en nombre de cualquier persona menor de 21 a\u00f1os. Tales acciones violan nuestra pol\u00edtica y pueden desencadenar repercusiones legales. Seguimos comprometidos a garantizar que solo los clientes elegibles accedan a nuestros productos.<\/p><h4 dir=\"auto\">Proceso robusto de verificaci\u00f3n de edad<\/h4><p dir=\"auto\">VapeEnjoy emplea un sistema de verificaci\u00f3n de edad seguro y confiable para confirmar la elegibilidad del cliente. Durante el checkout, los clientes deben presentar:<\/p><ul dir=\"auto\"><li>nombre completo<\/li><li>hablar a<\/li><li>fecha de nacimiento<\/li><li>\u00daltimos cuatro d\u00edgitos de su n\u00famero de seguro social (SSN)<\/li><\/ul><p dir=\"auto\">Hacemos referencia a esta informaci\u00f3n con registros p\u00fablicos para verificar la edad. Si los clientes no proporcionan un SSN, deben cargar una identificaci\u00f3n v\u00e1lida emitida por el gobierno. Como resultado, nuestro sistema garantiza que solo las personas de 21 a\u00f1os o m\u00e1s completan compras completas.<\/p><h4 dir=\"auto\">Rechazo de pedidos por incumplimiento<\/h4><p dir=\"auto\">VapeEnjoy se reserva el derecho de rechazar o cancelar pedidos si los clientes no proporcionan una identificaci\u00f3n v\u00e1lida de inmediato. Esta pol\u00edtica nos permite mantener estrictas restricciones de edad y proteger nuestra plataforma del mal uso.<\/p><h4 dir=\"auto\">Compromiso de prevenir el acceso de los j\u00f3venes<\/h4><p dir=\"auto\">VapeEnjoy previene activamente el acceso a los menores de edad a los productos de vape. Nuestro riguroso proceso de verificaci\u00f3n de edad garantiza que los menores no puedan comprar cigarrillos electr\u00f3nicos. En consecuencia, nos alineamos con nuestra misi\u00f3n de promover el uso responsable del vape.<\/p><h4 dir=\"auto\">Derecho a denegar el servicio<\/h4><p dir=\"auto\">Debido a las complejidades de las ventas de vape en l\u00ednea, VapeEnjoy puede denegar el servicio a las personas. Si cree que injustamente le negamos su servicio, p\u00f3ngase en contacto con nuestro equipo de servicio al cliente para obtener ayuda. Estamos aqu\u00ed para abordar sus inquietudes con prontitud.<\/p><h4 dir=\"auto\">Advertencia clara del sitio web<\/h4><p dir=\"auto\">VapeEnjoy muestra de manera prominente una advertencia en nuestro sitio web, indicando que la edad legal de vape en los EE. UU. es mayor de 21 a\u00f1os. Este aviso garantiza que todos los visitantes entiendan el requisito de edad antes de intentar comprar productos de cigarrillos electr\u00f3nicos.<\/p><h4 dir=\"auto\">Nuestro compromiso con el uso responsable del vape<\/h4><p dir=\"auto\">La pol\u00edtica de edad de VapeEnjoy tiene como objetivo:<\/p><ul dir=\"auto\"><li>Cumplir con las leyes de vape de EE. UU.<\/li><li>Fomentar las pr\u00e1cticas de vape responsable<\/li><li>Bloquear a los menores de edad para que no accedan a productos con restricciones de edad<\/li><\/ul><p dir=\"auto\">Al hacer cumplir estas medidas, creamos un entorno seguro y compatible para todos los clientes. Adem\u00e1s, mantenemos los m\u00e1s altos est\u00e1ndares de integridad para fomentar la confianza y la responsabilidad en la comunidad de vapeos.<\/p>\t\t\t\t\t\t\t\t<\/div>\n\t\t\t\t\t<\/div>\n\t\t\t\t<\/div>\n\t\t\t\t<\/div>","protected":false},"excerpt":{"rendered":"<p>Read More Vapeenjoy Age Policy: Ensuring Compliance and Responsible Vape Use At Vapeenjoy, we prioritize responsible vape use and strictly<\/p>","protected":false},"author":1,"featured_media":0,"parent":0,"menu_order":0,"comment_status":"closed","ping_status":"closed","template":"","meta":{"footnotes":""},"class_list":["post-1506","page","type-page","status-publish","hentry"],"yoast_head":"<!-- This site is optimized with the Yoast SEO plugin v25.7 - https:\/\/yoast.com\/wordpress\/plugins\/seo\/ -->\n<title>Age Policy - vapeenjoy Vape Age Restriction Policy - Legal Compliance<\/title>\n<meta name=\"description\" content=\"Learn about our vape age policy. We strictly adhere to legal age requirements to ensure compliance and safe shopping. Learn more now!\" \/>\n<meta name=\"robots\" content=\"index, follow, max-snippet:-1, max-image-preview:large, max-video-preview:-1\" \/>\n<link rel=\"canonical\" href=\"https:\/\/vapeenjoy.com\/es\/politica-de-edad\/\" \/>\n<meta property=\"og:locale\" content=\"es_ES\" \/>\n<meta property=\"og:type\" content=\"article\" \/>\n<meta property=\"og:title\" content=\"Age Policy - vapeenjoy Vape Age Restriction Policy - Legal Compliance\" \/>\n<meta property=\"og:description\" content=\"Learn about our vape age policy. We strictly adhere to legal age requirements to ensure compliance and safe shopping. Learn more now!\" \/>\n<meta property=\"og:url\" content=\"https:\/\/vapeenjoy.com\/es\/politica-de-edad\/\" \/>\n<meta property=\"og:site_name\" content=\"vapeenjoy\" \/>\n<meta property=\"article:modified_time\" content=\"2025-08-14T01:58:34+00:00\" \/>\n<meta name=\"twitter:card\" content=\"summary_large_image\" \/>\n<meta name=\"twitter:label1\" content=\"Tiempo de lectura\" \/>\n\t<meta name=\"twitter:data1\" content=\"1 minuto\" \/>\n<script type=\"application\/ld+json\" class=\"yoast-schema-graph\">{\"@context\":\"https:\/\/schema.org\",\"@graph\":[{\"@type\":\"WebPage\",\"@id\":\"https:\/\/vapeenjoy.com\/age-policy\/\",\"url\":\"https:\/\/vapeenjoy.com\/age-policy\/\",\"name\":\"Age Policy - vapeenjoy Vape Age Restriction Policy - Legal Compliance\",\"isPartOf\":{\"@id\":\"https:\/\/vapeenjoy.com\/#website\"},\"datePublished\":\"2023-04-20T11:46:53+00:00\",\"dateModified\":\"2025-08-14T01:58:34+00:00\",\"description\":\"Learn about our vape age policy. We strictly adhere to legal age requirements to ensure compliance and safe shopping. Learn more now!\",\"breadcrumb\":{\"@id\":\"https:\/\/vapeenjoy.com\/age-policy\/#breadcrumb\"},\"inLanguage\":\"es\",\"potentialAction\":[{\"@type\":\"ReadAction\",\"target\":[\"https:\/\/vapeenjoy.com\/age-policy\/\"]}]},{\"@type\":\"BreadcrumbList\",\"@id\":\"https:\/\/vapeenjoy.com\/age-policy\/#breadcrumb\",\"itemListElement\":[{\"@type\":\"ListItem\",\"position\":1,\"name\":\"Home\",\"item\":\"https:\/\/vapeenjoy.com\/\"},{\"@type\":\"ListItem\",\"position\":2,\"name\":\"Age Policy\"}]},{\"@type\":\"WebSite\",\"@id\":\"https:\/\/vapeenjoy.com\/#website\",\"url\":\"https:\/\/vapeenjoy.com\/\",\"name\":\"vapeenjoy\",\"description\":\"An online store for selling vapes\",\"potentialAction\":[{\"@type\":\"SearchAction\",\"target\":{\"@type\":\"EntryPoint\",\"urlTemplate\":\"https:\/\/vapeenjoy.com\/?s={search_term_string}\"},\"query-input\":{\"@type\":\"PropertyValueSpecification\",\"valueRequired\":true,\"valueName\":\"search_term_string\"}}],\"inLanguage\":\"es\"}]}<\/script>\n<!-- \/ Yoast SEO plugin. -->","yoast_head_json":{"title":"Pol\u00edtica de edad - VapeEnjoy Pol\u00edtica de restricci\u00f3n de edad de Vape - Cumplimiento legal","description":"Conozca nuestra pol\u00edtica de la era del vapeo. Nos adherimos estrictamente a los requisitos legales de edad para garantizar el cumplimiento y las compras seguras. \u00a1Aprende m\u00e1s ahora!","robots":{"index":"index","follow":"follow","max-snippet":"max-snippet:-1","max-image-preview":"max-image-preview:large","max-video-preview":"max-video-preview:-1"},"canonical":"https:\/\/vapeenjoy.com\/es\/politica-de-edad\/","og_locale":"es_ES","og_type":"article","og_title":"Age Policy - vapeenjoy Vape Age Restriction Policy - Legal Compliance","og_description":"Learn about our vape age policy. We strictly adhere to legal age requirements to ensure compliance and safe shopping. Learn more now!","og_url":"https:\/\/vapeenjoy.com\/es\/politica-de-edad\/","og_site_name":"vapeenjoy","article_modified_time":"2025-08-14T01:58:34+00:00","twitter_card":"summary_large_image","twitter_misc":{"Tiempo de lectura":"1 minuto"},"schema":{"@context":"https:\/\/schema.org","@graph":[{"@type":"WebPage","@id":"https:\/\/vapeenjoy.com\/age-policy\/","url":"https:\/\/vapeenjoy.com\/age-policy\/","name":"Pol\u00edtica de edad - VapeEnjoy Pol\u00edtica de restricci\u00f3n de edad de Vape - Cumplimiento legal","isPartOf":{"@id":"https:\/\/vapeenjoy.com\/#website"},"datePublished":"2023-04-20T11:46:53+00:00","dateModified":"2025-08-14T01:58:34+00:00","description":"Conozca nuestra pol\u00edtica de la era del vapeo. Nos adherimos estrictamente a los requisitos legales de edad para garantizar el cumplimiento y las compras seguras. \u00a1Aprende m\u00e1s ahora!","breadcrumb":{"@id":"https:\/\/vapeenjoy.com\/age-policy\/#breadcrumb"},"inLanguage":"es","potentialAction":[{"@type":"ReadAction","target":["https:\/\/vapeenjoy.com\/age-policy\/"]}]},{"@type":"BreadcrumbList","@id":"https:\/\/vapeenjoy.com\/age-policy\/#breadcrumb","itemListElement":[{"@type":"ListItem","position":1,"name":"Home","item":"https:\/\/vapeenjoy.com\/"},{"@type":"ListItem","position":2,"name":"Age Policy"}]},{"@type":"WebSite","@id":"https:\/\/vapeenjoy.com\/#website","url":"https:\/\/vapeenjoy.com\/","name":"vapiar","description":"Una tienda online para vender vapes","potentialAction":[{"@type":"SearchAction","target":{"@type":"EntryPoint","urlTemplate":"https:\/\/vapeenjoy.com\/?s={search_term_string}"},"query-input":{"@type":"PropertyValueSpecification","valueRequired":true,"valueName":"search_term_string"}}],"inLanguage":"es"}]}},"_links":{"self":[{"href":"https:\/\/vapeenjoy.com\/es\/wp-json\/wp\/v2\/pages\/1506","targetHints":{"allow":["GET"]}}],"collection":[{"href":"https:\/\/vapeenjoy.com\/es\/wp-json\/wp\/v2\/pages"}],"about":[{"href":"https:\/\/vapeenjoy.com\/es\/wp-json\/wp\/v2\/types\/page"}],"author":[{"embeddable":true,"href":"https:\/\/vapeenjoy.com\/es\/wp-json\/wp\/v2\/users\/1"}],"replies":[{"embeddable":true,"href":"https:\/\/vapeenjoy.com\/es\/wp-json\/wp\/v2\/comments?post=1506"}],"version-history":[{"count":12,"href":"https:\/\/vapeenjoy.com\/es\/wp-json\/wp\/v2\/pages\/1506\/revisions"}],"predecessor-version":[{"id":3139,"href":"https:\/\/vapeenjoy.com\/es\/wp-json\/wp\/v2\/pages\/1506\/revisions\/3139"}],"wp:attachment":[{"href":"https:\/\/vapeenjoy.com\/es\/wp-json\/wp\/v2\/media?parent=1506"}],"curies":[{"name":"pp","href":"https:\/\/api.w.org\/{rel}","templated":true}]}}