{"id":1507,"date":"2023-04-20T11:47:06","date_gmt":"2023-04-20T11:47:06","guid":{"rendered":"https:\/\/dummy.xtemos.com\/woodmart2\/furniture2-elementor\/?page_id=27"},"modified":"2025-08-26T08:27:29","modified_gmt":"2025-08-26T08:27:29","slug":"vapeenjoy-refunds-and-returns","status":"publish","type":"page","link":"https:\/\/vapeenjoy.com\/es\/reembolsos-y-devoluciones-de-vapeenjoy\/","title":{"rendered":"Reembolsos y devoluciones de VapeEnjoy"},"content":{"rendered":"<div data-elementor-type=\"wp-page\" data-elementor-id=\"1507\" class=\"elementor elementor-1507\">\n\t\t\t\t<div class=\"wd-negative-gap elementor-element elementor-element-f7c809e e-flex e-con-boxed e-con e-parent\" data-id=\"f7c809e\" data-element_type=\"container\">\n\t\t\t\t\t<div class=\"e-con-inner\">\n\t\t\t\t<div class=\"elementor-element elementor-element-6a9ceca color-scheme-inherit text-left elementor-widget elementor-widget-text-editor\" data-id=\"6a9ceca\" data-element_type=\"widget\" data-widget_type=\"text-editor.default\">\n\t\t\t\t\t\t\t\t\t<h2 dir=\"ltr\" data-pm-slice=\"1 1 []\">Pol\u00edtica de reembolsos y devoluciones de VapeEnjoy<\/h2><h2 dir=\"ltr\">devoluci\u00f3n de bienes<\/h2><p dir=\"ltr\">Puede devolver productos sin abrir, no utilizados y sin da\u00f1os dentro de los 7 d\u00edas posteriores a la recepci\u00f3n. Despu\u00e9s de que inspeccionemos su devoluci\u00f3n, emitimos de inmediato un reembolso a su m\u00e9todo de pago original. Espere de 3 a 5 d\u00edas h\u00e1biles para el procesamiento una vez que recibamos su art\u00edculo. Para obtener ayuda, cont\u00e1ctenos en info@vapeenjoy.com. Proporcionamos una etiqueta de env\u00edo para su devoluci\u00f3n; sin embargo, los gastos de env\u00edo, que var\u00edan a nuestra discreci\u00f3n, pueden reducir el monto de su reembolso.<\/p><p dir=\"ltr\"><strong>indicar<\/strong>: E-l\u00edquidos abiertos o aquellos con un sello roto no son devueltos.<\/p><h2 dir=\"ltr\">Garant\u00eda del producto<\/h2><p dir=\"ltr\">Debido a problemas de higiene y seguridad, no aceptamos devoluciones de productos usados. En su lugar, nos aseguramos de que todos los productos cumplan con estrictos est\u00e1ndares de calidad antes del env\u00edo.<\/p><h2 dir=\"ltr\">Garant\u00eda de equipo<\/h2><p dir=\"ltr\">Nuestra garant\u00eda de 7 d\u00edas comienza en la entrega. Despu\u00e9s de este per\u00edodo, la garant\u00eda directa reclama al fabricante. Esta garant\u00eda excluye el desgaste, el uso indebido, da\u00f1os accidentales, fugas o componentes externos. Puede elegir un cambio \u00fanico o un reembolso a su m\u00e9todo de pago original.<\/p><h2 dir=\"ltr\">productos desechables<\/h2><p dir=\"ltr\">Evaluamos las garant\u00edas para el vape desechable caso por caso. Para desechables defectuosos, env\u00ede un correo electr\u00f3nico a info@vapeenjoy.com, y le reembolsaremos mediante el m\u00e9todo de pago original. No ofrecemos intercambios ni reemplazos para vape desechable.<\/p><h3 dir=\"ltr\">Problemas cubiertos<\/h3><ul class=\"tight\" dir=\"ltr\" data-tight=\"true\"><li><p dir=\"ltr\">Muerto al llegar<\/p><\/li><li><p dir=\"ltr\">Disparo autom\u00e1tico<\/p><\/li><li><p dir=\"ltr\">Fugas a la llegada<\/p><\/li><\/ul><h3 dir=\"ltr\">Problemas no cubiertos<\/h3><ul class=\"tight\" dir=\"ltr\" data-tight=\"true\"><li><p dir=\"ltr\">Preferencias de sabor<\/p><\/li><li><p dir=\"ltr\">Vida \u00fatil de los cigarrillos electr\u00f3nicos<\/p><\/li><\/ul><h3 dir=\"ltr\">Art\u00edculos no cubiertos<\/h3><ul class=\"tight\" dir=\"ltr\" data-tight=\"true\"><li><p dir=\"ltr\">bobinas<\/p><\/li><li><p dir=\"ltr\">mandril<\/p><\/li><li><p dir=\"ltr\">cristal<\/p><\/li><li><p dir=\"ltr\">tanques de agua<\/p><\/li><li><p dir=\"ltr\">atomizadores<\/p><\/li><li><p dir=\"ltr\">L\u00edquidos electr\u00f3nicos<\/p><\/li><\/ul><h2 dir=\"ltr\">productos defectuosos<\/h2><p dir=\"ltr\">Dentro de los 14 d\u00edas de la compra, puede cambiar productos defectuosos. Usted cubre los gastos de env\u00edo por devoluci\u00f3n de art\u00edculos defectuosos, a menos que el producto llegue da\u00f1ado.<\/p><h2 dir=\"ltr\">Art\u00edculos perdidos o da\u00f1ados<\/h2><p dir=\"ltr\">Reporte los art\u00edculos faltantes o da\u00f1ados dentro de las 48 horas posteriores a la recepci\u00f3n. Los art\u00edculos y accesorios de vidrio califican para la garant\u00eda solo si se rompen a su llegada.<\/p><h2 dir=\"ltr\">Cancelaci\u00f3n de pedido<\/h2><p dir=\"ltr\">Para cancelar un pedido, env\u00ede un correo electr\u00f3nico a info@vapeenjoy.com con \"Solicitud de cancelaci\u00f3n: n\u00famero de pedido\" en la l\u00ednea de asunto. Despu\u00e9s del env\u00edo, no puede cancelar, pero puede rechazar el paquete o devolverlo para obtener un reembolso. Emitimos reembolsos a trav\u00e9s del m\u00e9todo de pago original o proporcionamos una nota de cr\u00e9dito si es necesario.<\/p><h2 dir=\"ltr\">Paquetes perdidos o robados<\/h2><p dir=\"ltr\">Una vez que se confirma la entrega, VapeEnjoy no es responsable de los paquetes perdidos o robados. Presentar reclamaciones directamente con el transportista.<\/p>\t\t\t\t\t\t\t\t<\/div>\n\t\t\t\t\t<\/div>\n\t\t\t\t<\/div>\n\t\t<div class=\"wd-negative-gap elementor-element elementor-element-3feb352 e-flex e-con-boxed e-con e-parent\" data-id=\"3feb352\" data-element_type=\"container\">\n\t\t\t\t\t<div class=\"e-con-inner\">\n\t\t\t\t<div class=\"elementor-element elementor-element-37c17ae elementor-widget elementor-widget-wd_image_or_svg\" data-id=\"37c17ae\" data-element_type=\"widget\" data-widget_type=\"wd_image_or_svg.default\">\n\t\t\t\t<div class=\"elementor-widget-container\">\n\t\t\t\t\t\n\t\t<div class=\"wd-image text-left\">\n\t\t\t\t\t\t\t\t<img fetchpriority=\"high\" decoding=\"async\" width=\"1300\" height=\"600\" src=\"https:\/\/vapeenjoy.com\/wp-content\/uploads\/2025\/08\/Refunds-and-Returns.png\" class=\"attachment-full size-full\" alt=\"Reembolsos y devoluciones de VapeEnjoy\" srcset=\"https:\/\/vapeenjoy.com\/wp-content\/uploads\/2025\/08\/Refunds-and-Returns.png 1300w, https:\/\/vapeenjoy.com\/wp-content\/uploads\/2025\/08\/Refunds-and-Returns-300x138.png 300w, https:\/\/vapeenjoy.com\/wp-content\/uploads\/2025\/08\/Refunds-and-Returns-1024x473.png 1024w, https:\/\/vapeenjoy.com\/wp-content\/uploads\/2025\/08\/Refunds-and-Returns-768x354.png 768w, https:\/\/vapeenjoy.com\/wp-content\/uploads\/2025\/08\/Refunds-and-Returns-1200x554.png 1200w, https:\/\/vapeenjoy.com\/wp-content\/uploads\/2025\/08\/Refunds-and-Returns-150x69.png 150w\" sizes=\"(max-width: 1300px) 100vw, 1300px\" \/>\t\t\t\t\t<\/div>\n\n\t\t\t\t\t\t<\/div>\n\t\t\t\t<\/div>\n\t\t\t\t\t<\/div>\n\t\t\t\t<\/div>\n\t\t\t\t<\/div>","protected":false},"excerpt":{"rendered":"<p>Vapeenjoy Refunds and Returns Policy Return of Goods You can return unopened, unused, and undamaged products within 7 days of<\/p>","protected":false},"author":1,"featured_media":0,"parent":0,"menu_order":0,"comment_status":"closed","ping_status":"closed","template":"","meta":{"footnotes":""},"class_list":["post-1507","page","type-page","status-publish","hentry"],"yoast_head":"<!-- This site is optimized with the Yoast SEO plugin v25.7 - https:\/\/yoast.com\/wordpress\/plugins\/seo\/ -->\n<title>Vapeenjoy Returns and Refunds - Easy Process, Quick Resolutions<\/title>\n<meta name=\"description\" content=\"Vapeenjoy Returns &amp; Refunds: Enjoy a simple process with quick resolutions. Shop vape products confidently!\" \/>\n<meta name=\"robots\" content=\"index, follow, max-snippet:-1, max-image-preview:large, max-video-preview:-1\" \/>\n<link rel=\"canonical\" href=\"https:\/\/vapeenjoy.com\/es\/reembolsos-y-devoluciones-de-vapeenjoy\/\" \/>\n<meta property=\"og:locale\" content=\"es_ES\" \/>\n<meta property=\"og:type\" content=\"article\" \/>\n<meta property=\"og:title\" content=\"Vapeenjoy Returns and Refunds - Easy Process, Quick Resolutions\" \/>\n<meta property=\"og:description\" content=\"Vapeenjoy Returns &amp; Refunds: Enjoy a simple process with quick resolutions. Shop vape products confidently!\" \/>\n<meta property=\"og:url\" content=\"https:\/\/vapeenjoy.com\/es\/reembolsos-y-devoluciones-de-vapeenjoy\/\" \/>\n<meta property=\"og:site_name\" content=\"vapeenjoy\" \/>\n<meta property=\"article:modified_time\" content=\"2025-08-26T08:27:29+00:00\" \/>\n<meta property=\"og:image\" content=\"https:\/\/vapeenjoy.com\/wp-content\/uploads\/2025\/08\/Refunds-and-Returns.png\" \/>\n<meta name=\"twitter:card\" content=\"summary_large_image\" \/>\n<meta name=\"twitter:label1\" content=\"Tiempo de lectura\" \/>\n\t<meta name=\"twitter:data1\" content=\"2 minutos\" \/>\n<script type=\"application\/ld+json\" class=\"yoast-schema-graph\">{\"@context\":\"https:\/\/schema.org\",\"@graph\":[{\"@type\":\"WebPage\",\"@id\":\"https:\/\/vapeenjoy.com\/vapeenjoy-refunds-and-returns\/\",\"url\":\"https:\/\/vapeenjoy.com\/vapeenjoy-refunds-and-returns\/\",\"name\":\"Vapeenjoy Returns and Refunds - Easy Process, Quick Resolutions\",\"isPartOf\":{\"@id\":\"https:\/\/vapeenjoy.com\/#website\"},\"primaryImageOfPage\":{\"@id\":\"https:\/\/vapeenjoy.com\/vapeenjoy-refunds-and-returns\/#primaryimage\"},\"image\":{\"@id\":\"https:\/\/vapeenjoy.com\/vapeenjoy-refunds-and-returns\/#primaryimage\"},\"thumbnailUrl\":\"https:\/\/vapeenjoy.com\/wp-content\/uploads\/2025\/08\/Refunds-and-Returns.png\",\"datePublished\":\"2023-04-20T11:47:06+00:00\",\"dateModified\":\"2025-08-26T08:27:29+00:00\",\"description\":\"Vapeenjoy Returns & Refunds: Enjoy a simple process with quick resolutions. Shop vape products confidently!\",\"breadcrumb\":{\"@id\":\"https:\/\/vapeenjoy.com\/vapeenjoy-refunds-and-returns\/#breadcrumb\"},\"inLanguage\":\"es\",\"potentialAction\":[{\"@type\":\"ReadAction\",\"target\":[\"https:\/\/vapeenjoy.com\/vapeenjoy-refunds-and-returns\/\"]}]},{\"@type\":\"ImageObject\",\"inLanguage\":\"es\",\"@id\":\"https:\/\/vapeenjoy.com\/vapeenjoy-refunds-and-returns\/#primaryimage\",\"url\":\"https:\/\/vapeenjoy.com\/wp-content\/uploads\/2025\/08\/Refunds-and-Returns.png\",\"contentUrl\":\"https:\/\/vapeenjoy.com\/wp-content\/uploads\/2025\/08\/Refunds-and-Returns.png\"},{\"@type\":\"BreadcrumbList\",\"@id\":\"https:\/\/vapeenjoy.com\/vapeenjoy-refunds-and-returns\/#breadcrumb\",\"itemListElement\":[{\"@type\":\"ListItem\",\"position\":1,\"name\":\"Home\",\"item\":\"https:\/\/vapeenjoy.com\/\"},{\"@type\":\"ListItem\",\"position\":2,\"name\":\"Vapeenjoy Refunds and Returns\"}]},{\"@type\":\"WebSite\",\"@id\":\"https:\/\/vapeenjoy.com\/#website\",\"url\":\"https:\/\/vapeenjoy.com\/\",\"name\":\"vapeenjoy\",\"description\":\"An online store for selling vapes\",\"potentialAction\":[{\"@type\":\"SearchAction\",\"target\":{\"@type\":\"EntryPoint\",\"urlTemplate\":\"https:\/\/vapeenjoy.com\/?s={search_term_string}\"},\"query-input\":{\"@type\":\"PropertyValueSpecification\",\"valueRequired\":true,\"valueName\":\"search_term_string\"}}],\"inLanguage\":\"es\"}]}<\/script>\n<!-- \/ Yoast SEO plugin. -->","yoast_head_json":{"title":"Devoluciones y reembolsos de VapeEnjoy - Proceso f\u00e1cil, Resoluciones r\u00e1pidas","description":"Devoluciones y reembolsos de VapeEnjoy: disfrute de un proceso simple con resoluciones r\u00e1pidas. \u00a1Compre productos de vape con confianza!","robots":{"index":"index","follow":"follow","max-snippet":"max-snippet:-1","max-image-preview":"max-image-preview:large","max-video-preview":"max-video-preview:-1"},"canonical":"https:\/\/vapeenjoy.com\/es\/reembolsos-y-devoluciones-de-vapeenjoy\/","og_locale":"es_ES","og_type":"article","og_title":"Vapeenjoy Returns and Refunds - Easy Process, Quick Resolutions","og_description":"Vapeenjoy Returns & Refunds: Enjoy a simple process with quick resolutions. Shop vape products confidently!","og_url":"https:\/\/vapeenjoy.com\/es\/reembolsos-y-devoluciones-de-vapeenjoy\/","og_site_name":"vapeenjoy","article_modified_time":"2025-08-26T08:27:29+00:00","og_image":[{"url":"https:\/\/vapeenjoy.com\/wp-content\/uploads\/2025\/08\/Refunds-and-Returns.png","type":"","width":"","height":""}],"twitter_card":"summary_large_image","twitter_misc":{"Tiempo de lectura":"2 minutos"},"schema":{"@context":"https:\/\/schema.org","@graph":[{"@type":"WebPage","@id":"https:\/\/vapeenjoy.com\/vapeenjoy-refunds-and-returns\/","url":"https:\/\/vapeenjoy.com\/vapeenjoy-refunds-and-returns\/","name":"Devoluciones y reembolsos de VapeEnjoy - Proceso f\u00e1cil, Resoluciones r\u00e1pidas","isPartOf":{"@id":"https:\/\/vapeenjoy.com\/#website"},"primaryImageOfPage":{"@id":"https:\/\/vapeenjoy.com\/vapeenjoy-refunds-and-returns\/#primaryimage"},"image":{"@id":"https:\/\/vapeenjoy.com\/vapeenjoy-refunds-and-returns\/#primaryimage"},"thumbnailUrl":"https:\/\/vapeenjoy.com\/wp-content\/uploads\/2025\/08\/Refunds-and-Returns.png","datePublished":"2023-04-20T11:47:06+00:00","dateModified":"2025-08-26T08:27:29+00:00","description":"Devoluciones y reembolsos de VapeEnjoy: disfrute de un proceso simple con resoluciones r\u00e1pidas. \u00a1Compre productos de vape con confianza!","breadcrumb":{"@id":"https:\/\/vapeenjoy.com\/vapeenjoy-refunds-and-returns\/#breadcrumb"},"inLanguage":"es","potentialAction":[{"@type":"ReadAction","target":["https:\/\/vapeenjoy.com\/vapeenjoy-refunds-and-returns\/"]}]},{"@type":"ImageObject","inLanguage":"es","@id":"https:\/\/vapeenjoy.com\/vapeenjoy-refunds-and-returns\/#primaryimage","url":"https:\/\/vapeenjoy.com\/wp-content\/uploads\/2025\/08\/Refunds-and-Returns.png","contentUrl":"https:\/\/vapeenjoy.com\/wp-content\/uploads\/2025\/08\/Refunds-and-Returns.png"},{"@type":"BreadcrumbList","@id":"https:\/\/vapeenjoy.com\/vapeenjoy-refunds-and-returns\/#breadcrumb","itemListElement":[{"@type":"ListItem","position":1,"name":"Home","item":"https:\/\/vapeenjoy.com\/"},{"@type":"ListItem","position":2,"name":"Vapeenjoy Refunds and Returns"}]},{"@type":"WebSite","@id":"https:\/\/vapeenjoy.com\/#website","url":"https:\/\/vapeenjoy.com\/","name":"vapiar","description":"Una tienda online para vender vapes","potentialAction":[{"@type":"SearchAction","target":{"@type":"EntryPoint","urlTemplate":"https:\/\/vapeenjoy.com\/?s={search_term_string}"},"query-input":{"@type":"PropertyValueSpecification","valueRequired":true,"valueName":"search_term_string"}}],"inLanguage":"es"}]}},"_links":{"self":[{"href":"https:\/\/vapeenjoy.com\/es\/wp-json\/wp\/v2\/pages\/1507","targetHints":{"allow":["GET"]}}],"collection":[{"href":"https:\/\/vapeenjoy.com\/es\/wp-json\/wp\/v2\/pages"}],"about":[{"href":"https:\/\/vapeenjoy.com\/es\/wp-json\/wp\/v2\/types\/page"}],"author":[{"embeddable":true,"href":"https:\/\/vapeenjoy.com\/es\/wp-json\/wp\/v2\/users\/1"}],"replies":[{"embeddable":true,"href":"https:\/\/vapeenjoy.com\/es\/wp-json\/wp\/v2\/comments?post=1507"}],"version-history":[{"count":23,"href":"https:\/\/vapeenjoy.com\/es\/wp-json\/wp\/v2\/pages\/1507\/revisions"}],"predecessor-version":[{"id":2619,"href":"https:\/\/vapeenjoy.com\/es\/wp-json\/wp\/v2\/pages\/1507\/revisions\/2619"}],"wp:attachment":[{"href":"https:\/\/vapeenjoy.com\/es\/wp-json\/wp\/v2\/media?parent=1507"}],"curies":[{"name":"pp","href":"https:\/\/api.w.org\/{rel}","templated":true}]}}