{"id":1508,"date":"2023-04-20T11:47:20","date_gmt":"2023-04-20T11:47:20","guid":{"rendered":"https:\/\/dummy.xtemos.com\/woodmart2\/furniture2-elementor\/?page_id=29"},"modified":"2025-08-22T09:55:42","modified_gmt":"2025-08-22T09:55:42","slug":"contact-us","status":"publish","type":"page","link":"https:\/\/vapeenjoy.com\/es\/contactenos\/","title":{"rendered":"Cont\u00e1ctenos"},"content":{"rendered":"<div data-elementor-type=\"wp-page\" data-elementor-id=\"1508\" class=\"elementor elementor-1508\">\n\t\t\t\t<div class=\"wd-negative-gap elementor-element elementor-element-182218e e-flex e-con-boxed e-con e-parent\" data-id=\"182218e\" data-element_type=\"container\">\n\t\t\t\t\t<div class=\"e-con-inner\">\n\t\t<div class=\"elementor-element elementor-element-c282c84 e-con-full e-flex e-con e-child\" data-id=\"c282c84\" data-element_type=\"container\">\n\t\t\t\t<div class=\"elementor-element elementor-element-6d1e810 wd-width-100 elementor-widget elementor-widget-wd_title\" data-id=\"6d1e810\" data-element_type=\"widget\" data-widget_type=\"wd_title.default\">\n\t\t\t\t<div class=\"elementor-widget-container\">\n\t\t\t\t\t\t\t<div class=\"title-wrapper wd-set-mb reset-last-child wd-title-color-default wd-title-style-default wd-title-size-large text-left\">\n\n\t\t\t\n\t\t\t<div class=\"liner-continer\">\n\t\t\t\t<h4 class=\"woodmart-title-container title wd-fontsize-xxl\">VapeDisfruta Contacto con un experto<\/h4> \n\t\t\t\t\t\t\t<\/div>\n\n\t\t\t\t\t<\/div>\n\t\t\t\t\t\t<\/div>\n\t\t\t\t<\/div>\n\t\t\t\t<div class=\"elementor-element elementor-element-74e77af wd-cf7 elementor-widget elementor-widget-wd_contact_form_7\" data-id=\"74e77af\" data-element_type=\"widget\" data-widget_type=\"wd_contact_form_7.default\">\n\t\t\t\t<div class=\"elementor-widget-container\">\n\t\t\t\t\t\n<div class=\"wpcf7 no-js\" id=\"wpcf7-f1503-o1\" lang=\"en-US\" dir=\"ltr\" data-wpcf7-id=\"1503\">\n<div class=\"screen-reader-response\"><p role=\"status\" aria-live=\"polite\" aria-atomic=\"true\"><\/p> <ul><\/ul><\/div>\n<form action=\"\/es\/wp-json\/wp\/v2\/pages\/1508#wpcf7-f1503-o1\" method=\"post\" class=\"wpcf7-form init\" aria-label=\"Contact form\" novalidate=\"novalidate\" data-status=\"init\" data-trp-original-action=\"\/es\/wp-json\/wp\/v2\/pages\/1508#wpcf7-f1503-o1\">\n<fieldset class=\"hidden-fields-container\"><input type=\"hidden\" name=\"_wpcf7\" value=\"1503\" \/><input type=\"hidden\" name=\"_wpcf7_version\" value=\"6.1.1\" \/><input type=\"hidden\" name=\"_wpcf7_locale\" value=\"en_US\" \/><input type=\"hidden\" name=\"_wpcf7_unit_tag\" value=\"wpcf7-f1503-o1\" \/><input type=\"hidden\" name=\"_wpcf7_container_post\" value=\"0\" \/><input type=\"hidden\" name=\"_wpcf7_posted_data_hash\" value=\"\" \/>\n<\/fieldset>\n<div class=\"wd-grid-g\">\n\t<p class=\"wd-col\"><span class=\"wpcf7-form-control-wrap\" data-name=\"Name\"><input size=\"40\" maxlength=\"400\" class=\"wpcf7-form-control wpcf7-text wpcf7-validates-as-required\" aria-required=\"true\" aria-invalid=\"false\" placeholder=\"fijar\" value=\"\" type=\"text\" name=\"Name\" \/><\/span>\n\t<\/p>\n\t<p class=\"wd-col\"><span class=\"wpcf7-form-control-wrap\" data-name=\"Email\"><input size=\"40\" maxlength=\"400\" class=\"wpcf7-form-control wpcf7-text wpcf7-validates-as-required\" aria-required=\"true\" aria-invalid=\"false\" placeholder=\"correo electr\u00f3nico\" value=\"\" type=\"text\" name=\"Email\" \/><\/span>\n\t<\/p>\n\t<p class=\"wd-col\"><span class=\"wpcf7-form-control-wrap\" data-name=\"your-message\"><textarea cols=\"40\" rows=\"10\" maxlength=\"2000\" class=\"wpcf7-form-control wpcf7-textarea\" aria-invalid=\"false\" placeholder=\"tu mensaje\" name=\"your-message\"><\/textarea><\/span>\n\t<\/p>\n\t<p class=\"wd-col\"><input class=\"wpcf7-form-control wpcf7-submit has-spinner btn btn-color-primary\" type=\"submit\" value=\"Enviar mensaje\" \/>\n\t<\/p>\n<\/div><div class=\"wpcf7-response-output\" aria-hidden=\"true\"><\/div>\n<input type=\"hidden\" name=\"trp-form-language\" value=\"es\"\/><\/form>\n<\/div>\n\t\t\t\t<\/div>\n\t\t\t\t<\/div>\n\t\t\t\t<\/div>\n\t\t<div class=\"elementor-element elementor-element-6b3eeb6 e-con-full e-flex e-con e-child\" data-id=\"6b3eeb6\" data-element_type=\"container\">\n\t\t\t\t<div class=\"elementor-element elementor-element-88fb751 wd-width-100 elementor-widget elementor-widget-wd_title\" data-id=\"88fb751\" data-element_type=\"widget\" data-widget_type=\"wd_title.default\">\n\t\t\t\t<div class=\"elementor-widget-container\">\n\t\t\t\t\t\t\t<div class=\"title-wrapper wd-set-mb reset-last-child wd-title-color-default wd-title-style-default wd-title-size-large text-left\">\n\n\t\t\t\n\t\t\t<div class=\"liner-continer\">\n\t\t\t\t<h4 class=\"woodmart-title-container title wd-fontsize-xxl\">Preguntas frecuentes<\/h4> \n\t\t\t\t\t\t\t<\/div>\n\n\t\t\t\t\t<\/div>\n\t\t\t\t\t\t<\/div>\n\t\t\t\t<\/div>\n\t\t\t\t<div class=\"elementor-element elementor-element-ca5a946 elementor-widget elementor-widget-wd_accordion\" data-id=\"ca5a946\" data-element_type=\"widget\" data-widget_type=\"wd_accordion.default\">\n\t\t\t\t<div class=\"elementor-widget-container\">\n\t\t\t\t\t\n\t\t<div class=\"wd-accordion wd-style-default wd-border-off wd-titles-left wd-opener-pos-right wd-opener-style-arrow\" data-state=\"all_closed\">\n\t\t\t\t\t\t\t\n\t\t\t\t<div class=\"wd-accordion-item\">\n\t\t\t\t\t<div class=\"wd-accordion-title\" data-accordion-index=\"0\">\n\t\t\t\t\t\t<div class=\"wd-accordion-title-text\">\n\t\t\t\t\t\t\t\t\t\t\t\t\t\t<span>\n\t\t\t\t\t\t\t\tMi pedido a\u00fan no ha llegado. \u00bfD\u00f3nde est\u00e1?\t\t\t\t\t\t\t<\/span>\n\t\t\t\t\t\t<\/div>\n\t\t\t\t\t\t<span class=\"wd-accordion-opener\"><\/span>\n\t\t\t\t\t<\/div>\n\n\t\t\t\t\t<div class=\"wd-accordion-content wd-entry-content\" data-accordion-index=\"0\">\n\t\t\t\t\t\t\t\t\t\t\t\t\t\n\t\t\t\t\t\t\t<p>Si desea saber d\u00f3nde est\u00e1 su pedido, cont\u00e1ctenos y env\u00edenos su n\u00famero de pedido. Le proporcionaremos el n\u00famero de seguimiento de log\u00edstica y le ense\u00f1aremos c\u00f3mo verificarlo.<\/p>\n\t\t\t\t\t\t\t\t\t\t\t\t\t\t\t\t\t\t<\/div>\n\t\t\t\t<\/div>\n\t\t\t\t\t\t\t\n\t\t\t\t<div class=\"wd-accordion-item\">\n\t\t\t\t\t<div class=\"wd-accordion-title\" data-accordion-index=\"1\">\n\t\t\t\t\t\t<div class=\"wd-accordion-title-text\">\n\t\t\t\t\t\t\t\t\t\t\t\t\t\t<span>\n\t\t\t\t\t\t\t\t\u00bfCu\u00e1l es el tiempo de entrega aproximado?\t\t\t\t\t\t\t<\/span>\n\t\t\t\t\t\t<\/div>\n\t\t\t\t\t\t<span class=\"wd-accordion-opener\"><\/span>\n\t\t\t\t\t<\/div>\n\n\t\t\t\t\t<div class=\"wd-accordion-content wd-entry-content\" data-accordion-index=\"1\">\n\t\t\t\t\t\t\t\t\t\t\t\t\t\n\t\t\t\t\t\t\t<p>Enviamos dentro de tres d\u00edas h\u00e1biles y el tiempo de tr\u00e1nsito es de 7-15 d\u00edas h\u00e1biles, dependiendo del producto.<\/p>\n\t\t\t\t\t\t\t\t\t\t\t\t\t\t\t\t\t\t<\/div>\n\t\t\t\t<\/div>\n\t\t\t\t\t\t\t\n\t\t\t\t<div class=\"wd-accordion-item\">\n\t\t\t\t\t<div class=\"wd-accordion-title\" data-accordion-index=\"2\">\n\t\t\t\t\t\t<div class=\"wd-accordion-title-text\">\n\t\t\t\t\t\t\t\t\t\t\t\t\t\t<span>\n\t\t\t\t\t\t\t\t\u00bfCu\u00e1les son las condiciones de env\u00edo?\t\t\t\t\t\t\t<\/span>\n\t\t\t\t\t\t<\/div>\n\t\t\t\t\t\t<span class=\"wd-accordion-opener\"><\/span>\n\t\t\t\t\t<\/div>\n\n\t\t\t\t\t<div class=\"wd-accordion-content wd-entry-content\" data-accordion-index=\"2\">\n\t\t\t\t\t\t\t\t\t\t\t\t\t\n\t\t\t\t\t\t\t<div class=\"T4LgNb\"><div class=\"ToWKne\"><div class=\"OlSOob\"><div class=\"ccvoYb\"><div class=\"zXU7Rb\"><div class=\"akczyd\"><div class=\"X4DQ0 zWsGpc\"><div class=\"vLsFwd bX0Okd\"><h2 dir=\"auto\">Informaci\u00f3n de env\u00edo<\/h2><h3 dir=\"auto\">Opciones de env\u00edo gratis y DDP<\/h3><p dir=\"auto\">VapeEnjoy ofrece env\u00edo gratuito para pedidos dentro de los EE. UU. y Australia. Adem\u00e1s, para pa\u00edses seleccionados, ofrecemos env\u00edos pagados por el impuesto de entrega (DDP). Esto significa que manejamos el despacho de aduana y los derechos, por lo que no tiene que preocuparse por las tarifas adicionales al momento de la entrega.<\/p><h3 dir=\"auto\">M\u00e9todos de env\u00edo disponibles por regi\u00f3n<\/h3><p dir=\"auto\">Nos asociamos con transportistas de confianza para garantizar una entrega confiable. Aqu\u00ed hay un desglose de nuestros m\u00e9todos de env\u00edo:<\/p><ul dir=\"auto\"><li><strong>Estados Unidos de Am\u00e9rica<\/strong>: UPS Express (excluyendo Alaska y Hawai)<\/li><li><strong>Reino Unido<\/strong>: DPD local expreso<\/li><li><strong>Europa<\/strong>: UPS Express, DPD Express o DHL Express<\/li><li><strong>Otras regiones<\/strong>:<br \/><ul dir=\"auto\"><li>Emiratos \u00c1rabes Unidos (solo Dubai): l\u00ednea dedicada<\/li><li>Sud\u00e1frica: l\u00ednea dedicada<\/li><li>Vietnam: L\u00ednea dedicada<\/li><li>Malasia Occidental (excluyendo la isla de Kalimantan): l\u00ednea dedicada<\/li><\/ul><\/li><\/ul><h3 dir=\"auto\">Pa\u00edses europeos elegibles para DDP<\/h3><p dir=\"auto\">Para una experiencia perfecta, ofrecemos env\u00edos DDP a los siguientes pa\u00edses europeos: Alemania, B\u00e9lgica, Luxemburgo, Pa\u00edses Bajos, Rep\u00fablica Checa, Polonia, Croacia, Eslovaquia, Eslovenia, Finlandia, Dinamarca, Suecia, Austria, Francia, Italia, Hungr\u00eda, Bulgaria, Lituania, Estonia, Letonia, Grecia, Irlanda, Portugal y Espa\u00f1a. Mientras tanto, los env\u00edos a estos pa\u00edses (excepto el Reino Unido) se despachan a trav\u00e9s de la aduana en Alemania antes de ser enviados a sus destinos finales.<\/p><h3 dir=\"auto\">Tiempos de env\u00edo por pa\u00eds<\/h3><p dir=\"auto\">Para ayudarte a planificar, aqu\u00ed est\u00e1n los plazos de entrega estimados para cada regi\u00f3n:<\/p><ul dir=\"auto\"><li><strong>Estados Unidos de Am\u00e9rica<\/strong>: UPS Ground local, 10-15 d\u00edas<\/li><li><strong>Reino Unido<\/strong>: DPD Express local, 7-12 d\u00edas<\/li><li><strong>Alemania<\/strong>: UPS\/DPD\/DHL Alemania, 8-15 d\u00edas<\/li><li><strong>Francia, B\u00e9lgica, Luxemburgo, Pa\u00edses Bajos, Rep\u00fablica Checa, Polonia, Croacia, Eslovaquia, Eslovenia, Finlandia, Dinamarca, Suecia, Austria, Italia, Hungr\u00eda, Bulgaria, Lituania, Estonia, Letonia, Grecia, Irlanda, Portugal, Espa\u00f1a<\/strong>: UPS\/DPD\/DHL Alemania, 10\u201315 d\u00edas<\/li><li><strong>Emiratos \u00c1rabes Unidos (solo Dubai)<\/strong>: L\u00ednea dedicada, 12-18 d\u00edas<\/li><li><strong>\u00c1frica del Sur<\/strong>: L\u00ednea dedicada, 15-25 d\u00edas<\/li><li><strong>Vietnam<\/strong>: L\u00ednea dedicada, 3-5 d\u00edas<\/li><li><strong>Malasia Occidental<\/strong>: L\u00ednea dedicada, 4-8 d\u00edas<\/li><\/ul><h3 dir=\"auto\">Env\u00edo a otros pa\u00edses<\/h3><p dir=\"auto\">Para los pa\u00edses que no figuran arriba, se requiere el despacho de aduana y el pago de derechos a la llegada del paquete. Adem\u00e1s, recomendamos ponerse en contacto con su autoridad aduanera local para obtener detalles de impuestos espec\u00edficos. En algunos casos, tambi\u00e9n puede ser necesaria una licencia de negocio.<\/p><hr \/><h3 dir=\"auto\">Notas sobre cambios<\/h3><ul dir=\"auto\"><li><strong>subt\u00edtulos<\/strong>: Se agregaron subt\u00edtulos (por ejemplo, \"Opciones de env\u00edo gratuitas y DDP\", \"M\u00e9todos de env\u00edo disponibles por regi\u00f3n\") para dividir el texto en secciones m\u00e1s peque\u00f1as y digeribles, abordando el problema de una secci\u00f3n que exceda las 300 palabras.<\/li><li><strong>Palabras de transici\u00f3n<\/strong>: Incorpor\u00f3 palabras de transici\u00f3n como \"adicionalmente\", \"m\u00e1s all\u00e1\", \"mientras tanto\" y \"tambi\u00e9n\" para aumentar su uso m\u00e1s all\u00e1 de 17.1%, mejorando el flujo de oraciones.<\/li><li><strong>claridad<\/strong>: Mantuvo la estructura original de los m\u00e9todos y tiempos de env\u00edo al tiempo que mejora la legibilidad con frases concisas y listas organizadas.<\/li><\/ul><p dir=\"auto\">Si necesita m\u00e1s refinamientos o elementos de SEO adicionales (por ejemplo, t\u00edtulo, meta descripci\u00f3n), \u00a1h\u00e1gamelo saber!<\/p><\/div><\/div><\/div><\/div><\/div><\/div><\/div><\/div>\n\t\t\t\t\t\t\t\t\t\t\t\t\t\t\t\t\t\t<\/div>\n\t\t\t\t<\/div>\n\t\t\t\t\t\t\t\n\t\t\t\t<div class=\"wd-accordion-item\">\n\t\t\t\t\t<div class=\"wd-accordion-title\" data-accordion-index=\"3\">\n\t\t\t\t\t\t<div class=\"wd-accordion-title-text\">\n\t\t\t\t\t\t\t\t\t\t\t\t\t\t<span>\n\t\t\t\t\t\t\t\t\u00bfC\u00f3mo cancelo o cambio mi pedido?\t\t\t\t\t\t\t<\/span>\n\t\t\t\t\t\t<\/div>\n\t\t\t\t\t\t<span class=\"wd-accordion-opener\"><\/span>\n\t\t\t\t\t<\/div>\n\n\t\t\t\t\t<div class=\"wd-accordion-content wd-entry-content\" data-accordion-index=\"3\">\n\t\t\t\t\t\t\t\t\t\t\t\t\t\n\t\t\t\t\t\t\t<p>Puede cambiar su pedido hasta las 11:00 pm PDT - 07:00 GMT del d\u00eda en que se realiz\u00f3. Para realizar cambios, cont\u00e1ctenos en [Falta de la direcci\u00f3n de correo electr\u00f3nico]. Si tiene alguna pregunta o necesita ayuda, tambi\u00e9n puede contactarnos por correo electr\u00f3nico o WhatsApp y le responderemos de inmediato.<\/p>\n\t\t\t\t\t\t\t\t\t\t\t\t\t\t\t\t\t\t<\/div>\n\t\t\t\t<\/div>\n\t\t\t\t\t\t\t\n\t\t\t\t<div class=\"wd-accordion-item\">\n\t\t\t\t\t<div class=\"wd-accordion-title\" data-accordion-index=\"4\">\n\t\t\t\t\t\t<div class=\"wd-accordion-title-text\">\n\t\t\t\t\t\t\t\t\t\t\t\t\t\t<span>\n\t\t\t\t\t\t\t\t\u00bfCu\u00e1nto tiempo se tarda en recibir un reembolso?\t\t\t\t\t\t\t<\/span>\n\t\t\t\t\t\t<\/div>\n\t\t\t\t\t\t<span class=\"wd-accordion-opener\"><\/span>\n\t\t\t\t\t<\/div>\n\n\t\t\t\t\t<div class=\"wd-accordion-content wd-entry-content\" data-accordion-index=\"4\">\n\t\t\t\t\t\t\t\t\t\t\t\t\t\n\t\t\t\t\t\t\t<p>El tiempo de almacenamiento es de 1 a 5 d\u00edas, mientras que el tiempo de env\u00edo suele ser de 7 a 15 d\u00edas, dependiendo del producto.<\/p>\n\t\t\t\t\t\t\t\t\t\t\t\t\t\t\t\t\t\t<\/div>\n\t\t\t\t<\/div>\n\t\t\t\t\t<\/div>\n\t\t\t\t\t\t<\/div>\n\t\t\t\t<\/div>\n\t\t\t\t<\/div>\n\t\t\t\t\t<\/div>\n\t\t\t\t<\/div>\n\t\t<div class=\"elementor-element elementor-element-7c0dcf9 e-con-full e-flex e-con e-parent\" data-id=\"7c0dcf9\" data-element_type=\"container\">\n\t\t\t\t<div class=\"elementor-element elementor-element-952b01f elementor-widget elementor-widget-wd_image_or_svg\" data-id=\"952b01f\" data-element_type=\"widget\" data-widget_type=\"wd_image_or_svg.default\">\n\t\t\t\t<div class=\"elementor-widget-container\">\n\t\t\t\t\t\n\t\t<div class=\"wd-image text-left\">\n\t\t\t\t\t\t\t<a  href=\"https:\/\/vapeenjoy.com\/\" aria-label=\"Image link\">\n\t\t\t\t\t\t\t\t<img decoding=\"async\" width=\"100\" height=\"100\" src=\"https:\/\/vapeenjoy.com\/wp-content\/uploads\/2025\/08\/cropped-\u56fe\u6807-3-100x100.png\" class=\"attachment-100x100 size-100x100\" alt=\"vapiar\" srcset=\"https:\/\/vapeenjoy.com\/wp-content\/uploads\/2025\/08\/cropped-\u56fe\u6807-3-100x100.png 100w, https:\/\/vapeenjoy.com\/wp-content\/uploads\/2025\/08\/cropped-\u56fe\u6807-3-300x300.png 300w, https:\/\/vapeenjoy.com\/wp-content\/uploads\/2025\/08\/cropped-\u56fe\u6807-3-150x150.png 150w, https:\/\/vapeenjoy.com\/wp-content\/uploads\/2025\/08\/cropped-\u56fe\u6807-3-270x270.png 270w, https:\/\/vapeenjoy.com\/wp-content\/uploads\/2025\/08\/cropped-\u56fe\u6807-3-192x192.png 192w, https:\/\/vapeenjoy.com\/wp-content\/uploads\/2025\/08\/cropped-\u56fe\u6807-3-180x180.png 180w, https:\/\/vapeenjoy.com\/wp-content\/uploads\/2025\/08\/cropped-\u56fe\u6807-3-32x32.png 32w, https:\/\/vapeenjoy.com\/wp-content\/uploads\/2025\/08\/cropped-\u56fe\u6807-3-40x40.png 40w, https:\/\/vapeenjoy.com\/wp-content\/uploads\/2025\/08\/cropped-\u56fe\u6807-3-50x50.png 50w, https:\/\/vapeenjoy.com\/wp-content\/uploads\/2025\/08\/cropped-\u56fe\u6807-3-80x80.png 80w, https:\/\/vapeenjoy.com\/wp-content\/uploads\/2025\/08\/cropped-\u56fe\u6807-3-120x120.png 120w, https:\/\/vapeenjoy.com\/wp-content\/uploads\/2025\/08\/cropped-\u56fe\u6807-3.png 512w\" sizes=\"(max-width: 100px) 100vw, 100px\" \/>\t\t\t\t\t\t\t<\/a>\n\t\t\t\t\t<\/div>\n\n\t\t\t\t\t\t<\/div>\n\t\t\t\t<\/div>\n\t\t\t\t<div class=\"elementor-element elementor-element-c7b5561 elementor-widget elementor-widget-wd_image_or_svg\" data-id=\"c7b5561\" data-element_type=\"widget\" data-widget_type=\"wd_image_or_svg.default\">\n\t\t\t\t<div class=\"elementor-widget-container\">\n\t\t\t\t\t\n\t\t<div class=\"wd-image text-center\">\n\t\t\t\t\t\t\t\t<img decoding=\"async\" width=\"100\" height=\"100\" src=\"https:\/\/vapeenjoy.com\/wp-content\/uploads\/2025\/08\/WhatsApp.svg-100x100.png\" class=\"attachment-100x100 size-100x100\" alt=\"Coatactanos WhatsApp\" srcset=\"https:\/\/vapeenjoy.com\/wp-content\/uploads\/2025\/08\/WhatsApp.svg-100x100.png 100w, https:\/\/vapeenjoy.com\/wp-content\/uploads\/2025\/08\/WhatsApp.svg-300x300.png 300w, https:\/\/vapeenjoy.com\/wp-content\/uploads\/2025\/08\/WhatsApp.svg-150x150.png 150w, https:\/\/vapeenjoy.com\/wp-content\/uploads\/2025\/08\/WhatsApp.svg-768x770.png 768w, https:\/\/vapeenjoy.com\/wp-content\/uploads\/2025\/08\/WhatsApp.svg-600x600.png 600w, https:\/\/vapeenjoy.com\/wp-content\/uploads\/2025\/08\/WhatsApp.svg.png 1022w\" sizes=\"(max-width: 100px) 100vw, 100px\" \/>\t\t\t\t\t<\/div>\n\n\t\t\t\t\t\t<\/div>\n\t\t\t\t<\/div>\n\t\t\t\t<div class=\"elementor-element elementor-element-9e1b195 color-scheme-inherit text-left elementor-widget elementor-widget-text-editor\" data-id=\"9e1b195\" data-element_type=\"widget\" data-widget_type=\"text-editor.default\">\n\t\t\t\t\t\t\t\t\t<h3>+(86)13411063106<\/h3>\t\t\t\t\t\t\t\t<\/div>\n\t\t\t\t<div class=\"elementor-element elementor-element-6e3c1ea elementor-widget elementor-widget-wd_image_or_svg\" data-id=\"6e3c1ea\" data-element_type=\"widget\" data-widget_type=\"wd_image_or_svg.default\">\n\t\t\t\t<div class=\"elementor-widget-container\">\n\t\t\t\t\t\n\t\t<div class=\"wd-image text-center\">\n\t\t\t\t\t\t\t\t<img decoding=\"async\" width=\"80\" height=\"80\" src=\"https:\/\/vapeenjoy.com\/wp-content\/uploads\/2025\/08\/Mail-80x80.jpg\" class=\"attachment-80x80 size-80x80\" alt=\"\" srcset=\"https:\/\/vapeenjoy.com\/wp-content\/uploads\/2025\/08\/Mail-80x80.jpg 80w, https:\/\/vapeenjoy.com\/wp-content\/uploads\/2025\/08\/Mail-100x100.jpg 100w, https:\/\/vapeenjoy.com\/wp-content\/uploads\/2025\/08\/Mail.jpg 148w\" sizes=\"(max-width: 80px) 100vw, 80px\" \/>\t\t\t\t\t<\/div>\n\n\t\t\t\t\t\t<\/div>\n\t\t\t\t<\/div>\n\t\t\t\t<div class=\"elementor-element elementor-element-314eae7 color-scheme-inherit text-left elementor-widget elementor-widget-text-editor\" data-id=\"314eae7\" data-element_type=\"widget\" data-widget_type=\"text-editor.default\">\n\t\t\t\t\t\t\t\t\t<h3>info@vapeenjoy.com<\/h3>\t\t\t\t\t\t\t\t<\/div>\n\t\t\t\t<\/div>\n\t\t\t\t<\/div>","protected":false},"excerpt":{"rendered":"<p>Vapeenjoy Contact with an expert Frequently asked questions My order hasn&#8217;t arrived yet. Where is it? If you want to<\/p>","protected":false},"author":1,"featured_media":0,"parent":0,"menu_order":0,"comment_status":"closed","ping_status":"closed","template":"","meta":{"footnotes":""},"class_list":["post-1508","page","type-page","status-publish","hentry"],"yoast_head":"<!-- This site is optimized with the Yoast SEO plugin v25.7 - https:\/\/yoast.com\/wordpress\/plugins\/seo\/ -->\n<title>Contact Vapeenjoy - Get in Touch for Vaping Support &amp; Inquiries<\/title>\n<meta name=\"description\" content=\"Vapeenjoy contact page provides expert support for vaping products and inquiries. Use Vapeenjoy contact for quick, friendly help.\" \/>\n<meta name=\"robots\" content=\"index, follow, max-snippet:-1, max-image-preview:large, max-video-preview:-1\" \/>\n<link rel=\"canonical\" href=\"https:\/\/vapeenjoy.com\/es\/contactenos\/\" \/>\n<meta property=\"og:locale\" content=\"es_ES\" \/>\n<meta property=\"og:type\" content=\"article\" \/>\n<meta property=\"og:title\" content=\"Contact Vapeenjoy - Get in Touch for Vaping Support &amp; Inquiries\" \/>\n<meta property=\"og:description\" content=\"Vapeenjoy contact page provides expert support for vaping products and inquiries. Use Vapeenjoy contact for quick, friendly help.\" \/>\n<meta property=\"og:url\" content=\"https:\/\/vapeenjoy.com\/es\/contactenos\/\" \/>\n<meta property=\"og:site_name\" content=\"vapeenjoy\" \/>\n<meta property=\"article:modified_time\" content=\"2025-08-22T09:55:42+00:00\" \/>\n<meta property=\"og:image\" content=\"https:\/\/vapeenjoy.com\/wp-content\/uploads\/2025\/08\/WhatsApp.svg-100x100.png\" \/>\n<meta name=\"twitter:card\" content=\"summary_large_image\" \/>\n<meta name=\"twitter:label1\" content=\"Tiempo de lectura\" \/>\n\t<meta name=\"twitter:data1\" content=\"4 minutos\" \/>\n<script type=\"application\/ld+json\" class=\"yoast-schema-graph\">{\"@context\":\"https:\/\/schema.org\",\"@graph\":[{\"@type\":\"WebPage\",\"@id\":\"https:\/\/vapeenjoy.com\/contact-us\/\",\"url\":\"https:\/\/vapeenjoy.com\/contact-us\/\",\"name\":\"Contact Vapeenjoy - Get in Touch for Vaping Support & Inquiries\",\"isPartOf\":{\"@id\":\"https:\/\/vapeenjoy.com\/#website\"},\"primaryImageOfPage\":{\"@id\":\"https:\/\/vapeenjoy.com\/contact-us\/#primaryimage\"},\"image\":{\"@id\":\"https:\/\/vapeenjoy.com\/contact-us\/#primaryimage\"},\"thumbnailUrl\":\"https:\/\/vapeenjoy.com\/wp-content\/uploads\/2025\/08\/WhatsApp.svg-100x100.png\",\"datePublished\":\"2023-04-20T11:47:20+00:00\",\"dateModified\":\"2025-08-22T09:55:42+00:00\",\"description\":\"Vapeenjoy contact page provides expert support for vaping products and inquiries. Use Vapeenjoy contact for quick, friendly help.\",\"breadcrumb\":{\"@id\":\"https:\/\/vapeenjoy.com\/contact-us\/#breadcrumb\"},\"inLanguage\":\"es\",\"potentialAction\":[{\"@type\":\"ReadAction\",\"target\":[\"https:\/\/vapeenjoy.com\/contact-us\/\"]}]},{\"@type\":\"ImageObject\",\"inLanguage\":\"es\",\"@id\":\"https:\/\/vapeenjoy.com\/contact-us\/#primaryimage\",\"url\":\"https:\/\/vapeenjoy.com\/wp-content\/uploads\/2025\/08\/WhatsApp.svg-100x100.png\",\"contentUrl\":\"https:\/\/vapeenjoy.com\/wp-content\/uploads\/2025\/08\/WhatsApp.svg-100x100.png\"},{\"@type\":\"BreadcrumbList\",\"@id\":\"https:\/\/vapeenjoy.com\/contact-us\/#breadcrumb\",\"itemListElement\":[{\"@type\":\"ListItem\",\"position\":1,\"name\":\"Home\",\"item\":\"https:\/\/vapeenjoy.com\/\"},{\"@type\":\"ListItem\",\"position\":2,\"name\":\"Contact us\"}]},{\"@type\":\"WebSite\",\"@id\":\"https:\/\/vapeenjoy.com\/#website\",\"url\":\"https:\/\/vapeenjoy.com\/\",\"name\":\"vapeenjoy\",\"description\":\"An online store for selling vapes\",\"potentialAction\":[{\"@type\":\"SearchAction\",\"target\":{\"@type\":\"EntryPoint\",\"urlTemplate\":\"https:\/\/vapeenjoy.com\/?s={search_term_string}\"},\"query-input\":{\"@type\":\"PropertyValueSpecification\",\"valueRequired\":true,\"valueName\":\"search_term_string\"}}],\"inLanguage\":\"es\"}]}<\/script>\n<!-- \/ Yoast SEO plugin. -->","yoast_head_json":{"title":"Contacto VapeEnjoy - P\u00f3ngase en contacto para el apoyo y las consultas de Vaping","description":"P\u00e1gina de contacto de VapeEnjoy proporciona soporte experto para productos y consultas de vapeo. Use VapeEnjoy Contact para una ayuda r\u00e1pida y amigable.","robots":{"index":"index","follow":"follow","max-snippet":"max-snippet:-1","max-image-preview":"max-image-preview:large","max-video-preview":"max-video-preview:-1"},"canonical":"https:\/\/vapeenjoy.com\/es\/contactenos\/","og_locale":"es_ES","og_type":"article","og_title":"Contact Vapeenjoy - Get in Touch for Vaping Support & Inquiries","og_description":"Vapeenjoy contact page provides expert support for vaping products and inquiries. Use Vapeenjoy contact for quick, friendly help.","og_url":"https:\/\/vapeenjoy.com\/es\/contactenos\/","og_site_name":"vapeenjoy","article_modified_time":"2025-08-22T09:55:42+00:00","og_image":[{"url":"https:\/\/vapeenjoy.com\/wp-content\/uploads\/2025\/08\/WhatsApp.svg-100x100.png","type":"","width":"","height":""}],"twitter_card":"summary_large_image","twitter_misc":{"Tiempo de lectura":"4 minutos"},"schema":{"@context":"https:\/\/schema.org","@graph":[{"@type":"WebPage","@id":"https:\/\/vapeenjoy.com\/contact-us\/","url":"https:\/\/vapeenjoy.com\/contact-us\/","name":"Contacto VapeEnjoy - P\u00f3ngase en contacto para el apoyo y las consultas de Vaping","isPartOf":{"@id":"https:\/\/vapeenjoy.com\/#website"},"primaryImageOfPage":{"@id":"https:\/\/vapeenjoy.com\/contact-us\/#primaryimage"},"image":{"@id":"https:\/\/vapeenjoy.com\/contact-us\/#primaryimage"},"thumbnailUrl":"https:\/\/vapeenjoy.com\/wp-content\/uploads\/2025\/08\/WhatsApp.svg-100x100.png","datePublished":"2023-04-20T11:47:20+00:00","dateModified":"2025-08-22T09:55:42+00:00","description":"P\u00e1gina de contacto de VapeEnjoy proporciona soporte experto para productos y consultas de vapeo. Use VapeEnjoy Contact para una ayuda r\u00e1pida y amigable.","breadcrumb":{"@id":"https:\/\/vapeenjoy.com\/contact-us\/#breadcrumb"},"inLanguage":"es","potentialAction":[{"@type":"ReadAction","target":["https:\/\/vapeenjoy.com\/contact-us\/"]}]},{"@type":"ImageObject","inLanguage":"es","@id":"https:\/\/vapeenjoy.com\/contact-us\/#primaryimage","url":"https:\/\/vapeenjoy.com\/wp-content\/uploads\/2025\/08\/WhatsApp.svg-100x100.png","contentUrl":"https:\/\/vapeenjoy.com\/wp-content\/uploads\/2025\/08\/WhatsApp.svg-100x100.png"},{"@type":"BreadcrumbList","@id":"https:\/\/vapeenjoy.com\/contact-us\/#breadcrumb","itemListElement":[{"@type":"ListItem","position":1,"name":"Home","item":"https:\/\/vapeenjoy.com\/"},{"@type":"ListItem","position":2,"name":"Contact us"}]},{"@type":"WebSite","@id":"https:\/\/vapeenjoy.com\/#website","url":"https:\/\/vapeenjoy.com\/","name":"vapiar","description":"Una tienda online para vender vapes","potentialAction":[{"@type":"SearchAction","target":{"@type":"EntryPoint","urlTemplate":"https:\/\/vapeenjoy.com\/?s={search_term_string}"},"query-input":{"@type":"PropertyValueSpecification","valueRequired":true,"valueName":"search_term_string"}}],"inLanguage":"es"}]}},"_links":{"self":[{"href":"https:\/\/vapeenjoy.com\/es\/wp-json\/wp\/v2\/pages\/1508","targetHints":{"allow":["GET"]}}],"collection":[{"href":"https:\/\/vapeenjoy.com\/es\/wp-json\/wp\/v2\/pages"}],"about":[{"href":"https:\/\/vapeenjoy.com\/es\/wp-json\/wp\/v2\/types\/page"}],"author":[{"embeddable":true,"href":"https:\/\/vapeenjoy.com\/es\/wp-json\/wp\/v2\/users\/1"}],"replies":[{"embeddable":true,"href":"https:\/\/vapeenjoy.com\/es\/wp-json\/wp\/v2\/comments?post=1508"}],"version-history":[{"count":25,"href":"https:\/\/vapeenjoy.com\/es\/wp-json\/wp\/v2\/pages\/1508\/revisions"}],"predecessor-version":[{"id":2580,"href":"https:\/\/vapeenjoy.com\/es\/wp-json\/wp\/v2\/pages\/1508\/revisions\/2580"}],"wp:attachment":[{"href":"https:\/\/vapeenjoy.com\/es\/wp-json\/wp\/v2\/media?parent=1508"}],"curies":[{"name":"pp","href":"https:\/\/api.w.org\/{rel}","templated":true}]}}