{"id":1509,"date":"2023-04-20T11:47:35","date_gmt":"2023-04-20T11:47:35","guid":{"rendered":"https:\/\/dummy.xtemos.com\/woodmart2\/furniture2-elementor\/?page_id=31"},"modified":"2025-08-26T08:27:15","modified_gmt":"2025-08-26T08:27:15","slug":"about-us-vape","status":"publish","type":"page","link":"https:\/\/vapeenjoy.com\/es\/sobre-nosotros-vape\/","title":{"rendered":"Acerca de nosotros"},"content":{"rendered":"<div data-elementor-type=\"wp-page\" data-elementor-id=\"1509\" class=\"elementor elementor-1509\">\n\t\t\t\t\t\t\t<link rel=\"stylesheet\" id=\"wd-collapsible-content-css\" href=\"https:\/\/vapeenjoy.com\/wp-content\/themes\/woodmart\/css\/parts\/elem-opt-collapsible-content.min.css?ver=8.2.7\" type=\"text\/css\" media=\"all\" \/> \t\t\t<div class=\"wd-negative-gap elementor-element elementor-element-43bbe8e wd-collapsible-content e-flex e-con-boxed e-con e-parent\" data-id=\"43bbe8e\" data-element_type=\"container\">\n\t\t\t\t\t<div class=\"e-con-inner\">\n\t\t\t\t<div class=\"elementor-element elementor-element-cf18f75 elementor-widget elementor-widget-wd_button\" data-id=\"cf18f75\" data-element_type=\"widget\" data-widget_type=\"wd_button.default\">\n\t\t\t\t<div class=\"elementor-widget-container\">\n\t\t\t\t\t\t\t<div class=\"wd-button-wrapper text-left wd-collapsible-button\" >\n\t\t\t<a class=\"btn btn-style-link btn-shape- btn-size-default btn-color-primary btn-icon-pos-right\"  href=\"#\">\n\t\t\t\t<span class=\"wd-btn-text\" data-elementor-setting-key=\"text\">\n\t\t\t\t\tLeer m\u00e1s\t\t\t\t<\/span>\n\n\t\t\t\t\t\t\t<\/a>\n\t\t<\/div>\n\t\t\t\t\t\t<\/div>\n\t\t\t\t<\/div>\n\t\t\t\t\t<\/div>\n\t\t\t\t<\/div>\n\t\t<div class=\"wd-negative-gap elementor-element elementor-element-52906c6 e-flex e-con-boxed e-con e-parent\" data-id=\"52906c6\" data-element_type=\"container\">\n\t\t\t\t\t<div class=\"e-con-inner\">\n\t\t\t\t<div class=\"elementor-element elementor-element-233b6b3 color-scheme-inherit text-left elementor-widget elementor-widget-text-editor\" data-id=\"233b6b3\" data-element_type=\"widget\" data-widget_type=\"text-editor.default\">\n\t\t\t\t\t\t\t\t\t<h2 dir=\"ltr\" data-pm-slice=\"1 1 []\">Bienvenido a VapeDisfruta<\/h2><p dir=\"ltr\">Desde nuestro inicio en 2023, VapeEnjoy ha sido impulsado por una apasionada visi\u00f3n de redefinir la experiencia de vapeo. Fundada con el compromiso de elevar el mundo del vapeo, nuestro objetivo es crear una plataforma online din\u00e1mica y abarcadora en la tienda VapeEnjoy que sirve tanto a vapeadores novatos como experimentados. Adem\u00e1s, nuestra vibrante comunidad de entusiastas del vape alimenta nuestra misi\u00f3n, inspir\u00e1ndonos a ofrecer productos y servicios excepcionales.<\/p><h2 dir=\"ltr\">Nuestra Misi\u00f3n<\/h2><p dir=\"ltr\">En VapeEnjoy, nuestra misi\u00f3n es sencilla pero ambiciosa: ofrecer productos de vape premium, una selecci\u00f3n sin igual y una experiencia de compra perfecta en <a href=\"https:\/\/vapeenjoy.com\/shop\/\">Tienda de Vapeajo<\/a>. Creemos firmemente que el vapeo no es simplemente una alternativa al tabaquismo, es un estilo de vida. En consecuencia, nos esforzamos por llevar este estilo de vida al proporcionar soluciones innovadoras, calidad inflexible y un servicio de atenci\u00f3n al cliente dedicado. Al fomentar una cultura de excelencia, nuestro objetivo es mejorar todos los aspectos del viaje de vapeo.<\/p><h2 dir=\"ltr\">Nuestros productos<\/h2><p dir=\"ltr\">Nuestra l\u00ednea de productos cuidadosamente curada refleja nuestro compromiso con la calidad y la innovaci\u00f3n. Desde vapes de vanguardia hasta una amplia gama de e-l\u00edquidos y accesorios, cada art\u00edculo se somete a rigurosos controles de calidad para garantizar un rendimiento excepcional. Adem\u00e1s, actualizamos continuamente nuestro inventario para incorporar las \u00faltimas tendencias y avances en la industria del vapeo. Como resultado, nuestros clientes tienen acceso constante a los productos m\u00e1s innovadores y confiables disponibles en<a href=\"https:\/\/vapeenjoy.com\/shop\/\"> Tienda de Vapeajo<\/a>.<\/p><h2 dir=\"ltr\">Calidad y seguridad<\/h2><p dir=\"ltr\">Su seguridad es nuestra m\u00e1xima prioridad. Para asegurar esto, colaboramos exclusivamente con fabricantes de confianza y realizamos evaluaciones de calidad rigurosas. Al cumplir con los \u00faltimos protocolos de seguridad y est\u00e1ndares de la industria, garantizamos que cada producto que ofrecemos sea efectivo y seguro. Adem\u00e1s, nuestro compromiso de superar los requisitos regulatorios subraya nuestra dedicaci\u00f3n a su bienestar.<\/p><h2 dir=\"ltr\">nuestra comunidad<\/h2><p dir=\"ltr\">VapeEnjoy es m\u00e1s que un minorista: es una pr\u00f3spera comunidad de entusiastas del vapeo. A trav\u00e9s de nuestro atractivo blog, presencia activa en las redes sociales y servicio al cliente receptivo, fomentamos un entorno de intercambio de conocimientos y colaboraci\u00f3n. Escuchamos activamente los comentarios y las preferencias de nuestra comunidad, permiti\u00e9ndonos evolucionar nuestras ofertas continuamente. En consecuencia, construimos conexiones m\u00e1s fuertes con nuestros clientes y creamos un espacio donde prospera la pasi\u00f3n por el vapeo, accesible a trav\u00e9s de <a href=\"https:\/\/vapeenjoy.com\/shop\/\">Tienda de Vapeajo<\/a>.<\/p><h2 dir=\"ltr\">\u00bfPor qu\u00e9 elegir Vapeajoy?<\/h2><ul class=\"tight\" dir=\"ltr\" data-tight=\"true\"><li><p dir=\"ltr\"><strong>pericia<\/strong>: El conocimiento profundo de nuestro equipo de los productos de vape garantiza recomendaciones personalizadas y orientaci\u00f3n experta.<\/p><\/li><li><p dir=\"ltr\"><strong>Garant\u00eda de calidad<\/strong>: Cada producto de nuestro inventario est\u00e1 respaldado por nuestro compromiso con la seguridad y la excelencia.<\/p><\/li><li><p dir=\"ltr\"><strong>Enfoque centrado en el cliente<\/strong>: Priorizamos un servicio al cliente excepcional, garantizando una experiencia de compra suave y satisfactoria.<\/p><\/li><li><p dir=\"ltr\"><strong>innovaci\u00f3n<\/strong>: Al mantenerse a la vanguardia de las tendencias de la industria, le ofrecemos los productos de vapeo m\u00e1s recientes y avanzados.<\/p><\/li><\/ul><h2 dir=\"ltr\">Cont\u00e1ctenos<\/h2><p dir=\"ltr\">Para cualquier consulta o soporte, no dude en comunicarse con nosotros en info@vapeenjoy.com. Estamos aqu\u00ed para ayudarte en cada paso del camino.<\/p><p dir=\"ltr\">Copyright \u00a9 2024 Vapeajoy<\/p>\t\t\t\t\t\t\t\t<\/div>\n\t\t\t\t\t<\/div>\n\t\t\t\t<\/div>\n\t\t<div class=\"wd-negative-gap elementor-element elementor-element-a5f99ce e-flex e-con-boxed e-con e-parent\" data-id=\"a5f99ce\" data-element_type=\"container\">\n\t\t\t\t\t<div class=\"e-con-inner\">\n\t\t\t\t<div class=\"elementor-element elementor-element-c7c48f2 elementor-widget elementor-widget-wd_image_or_svg\" data-id=\"c7c48f2\" data-element_type=\"widget\" data-widget_type=\"wd_image_or_svg.default\">\n\t\t\t\t<div class=\"elementor-widget-container\">\n\t\t\t\t\t\n\t\t<div class=\"wd-image text-left\">\n\t\t\t\t\t\t\t\t<img fetchpriority=\"high\" decoding=\"async\" width=\"1210\" height=\"800\" src=\"https:\/\/vapeenjoy.com\/wp-content\/uploads\/2025\/08\/Real-photos.png\" class=\"attachment-full size-full\" alt=\"Vapeo Fotos reales\" srcset=\"https:\/\/vapeenjoy.com\/wp-content\/uploads\/2025\/08\/Real-photos.png 1210w, https:\/\/vapeenjoy.com\/wp-content\/uploads\/2025\/08\/Real-photos-300x198.png 300w, https:\/\/vapeenjoy.com\/wp-content\/uploads\/2025\/08\/Real-photos-1024x677.png 1024w, https:\/\/vapeenjoy.com\/wp-content\/uploads\/2025\/08\/Real-photos-768x508.png 768w, https:\/\/vapeenjoy.com\/wp-content\/uploads\/2025\/08\/Real-photos-1200x793.png 1200w, https:\/\/vapeenjoy.com\/wp-content\/uploads\/2025\/08\/Real-photos-150x99.png 150w\" sizes=\"(max-width: 1210px) 100vw, 1210px\" \/>\t\t\t\t\t<\/div>\n\n\t\t\t\t\t\t<\/div>\n\t\t\t\t<\/div>\n\t\t\t\t\t<\/div>\n\t\t\t\t<\/div>\n\t\t\t\t<\/div>","protected":false},"excerpt":{"rendered":"<p>Read More Welcome to VapeEnjoy Since our inception in 2023, VapeEnjoy has been driven by a passionate vision to redefine<\/p>","protected":false},"author":1,"featured_media":0,"parent":0,"menu_order":0,"comment_status":"closed","ping_status":"closed","template":"","meta":{"footnotes":""},"class_list":["post-1509","page","type-page","status-publish","hentry"],"yoast_head":"<!-- This site is optimized with the Yoast SEO plugin v25.7 - https:\/\/yoast.com\/wordpress\/plugins\/seo\/ -->\n<title>About us - vapeenjoy Premium Vape Products &amp; Exceptional Service<\/title>\n<meta name=\"description\" content=\"Your trusted supplier of premium vape products, superior quality, and first-class service. Shop now! Explore top-tier vaping excellence.\" \/>\n<meta name=\"robots\" content=\"index, follow, max-snippet:-1, max-image-preview:large, max-video-preview:-1\" \/>\n<link rel=\"canonical\" href=\"https:\/\/vapeenjoy.com\/es\/sobre-nosotros-vape\/\" \/>\n<meta property=\"og:locale\" content=\"es_ES\" \/>\n<meta property=\"og:type\" content=\"article\" \/>\n<meta property=\"og:title\" content=\"About us - vapeenjoy Premium Vape Products &amp; Exceptional Service\" \/>\n<meta property=\"og:description\" content=\"Your trusted supplier of premium vape products, superior quality, and first-class service. Shop now! Explore top-tier vaping excellence.\" \/>\n<meta property=\"og:url\" content=\"https:\/\/vapeenjoy.com\/es\/sobre-nosotros-vape\/\" \/>\n<meta property=\"og:site_name\" content=\"vapeenjoy\" \/>\n<meta property=\"article:modified_time\" content=\"2025-08-26T08:27:15+00:00\" \/>\n<meta property=\"og:image\" content=\"https:\/\/vapeenjoy.com\/wp-content\/uploads\/2025\/08\/Real-photos.png\" \/>\n<meta name=\"twitter:card\" content=\"summary_large_image\" \/>\n<meta name=\"twitter:label1\" content=\"Tiempo de lectura\" \/>\n\t<meta name=\"twitter:data1\" content=\"3 minutos\" \/>\n<script type=\"application\/ld+json\" class=\"yoast-schema-graph\">{\"@context\":\"https:\/\/schema.org\",\"@graph\":[{\"@type\":\"WebPage\",\"@id\":\"https:\/\/vapeenjoy.com\/about-us-vape\/\",\"url\":\"https:\/\/vapeenjoy.com\/about-us-vape\/\",\"name\":\"About us - vapeenjoy Premium Vape Products & Exceptional Service\",\"isPartOf\":{\"@id\":\"https:\/\/vapeenjoy.com\/#website\"},\"primaryImageOfPage\":{\"@id\":\"https:\/\/vapeenjoy.com\/about-us-vape\/#primaryimage\"},\"image\":{\"@id\":\"https:\/\/vapeenjoy.com\/about-us-vape\/#primaryimage\"},\"thumbnailUrl\":\"https:\/\/vapeenjoy.com\/wp-content\/uploads\/2025\/08\/Real-photos.png\",\"datePublished\":\"2023-04-20T11:47:35+00:00\",\"dateModified\":\"2025-08-26T08:27:15+00:00\",\"description\":\"Your trusted supplier of premium vape products, superior quality, and first-class service. Shop now! Explore top-tier vaping excellence.\",\"breadcrumb\":{\"@id\":\"https:\/\/vapeenjoy.com\/about-us-vape\/#breadcrumb\"},\"inLanguage\":\"es\",\"potentialAction\":[{\"@type\":\"ReadAction\",\"target\":[\"https:\/\/vapeenjoy.com\/about-us-vape\/\"]}]},{\"@type\":\"ImageObject\",\"inLanguage\":\"es\",\"@id\":\"https:\/\/vapeenjoy.com\/about-us-vape\/#primaryimage\",\"url\":\"https:\/\/vapeenjoy.com\/wp-content\/uploads\/2025\/08\/Real-photos.png\",\"contentUrl\":\"https:\/\/vapeenjoy.com\/wp-content\/uploads\/2025\/08\/Real-photos.png\"},{\"@type\":\"BreadcrumbList\",\"@id\":\"https:\/\/vapeenjoy.com\/about-us-vape\/#breadcrumb\",\"itemListElement\":[{\"@type\":\"ListItem\",\"position\":1,\"name\":\"Home\",\"item\":\"https:\/\/vapeenjoy.com\/\"},{\"@type\":\"ListItem\",\"position\":2,\"name\":\"About us\"}]},{\"@type\":\"WebSite\",\"@id\":\"https:\/\/vapeenjoy.com\/#website\",\"url\":\"https:\/\/vapeenjoy.com\/\",\"name\":\"vapeenjoy\",\"description\":\"An online store for selling vapes\",\"potentialAction\":[{\"@type\":\"SearchAction\",\"target\":{\"@type\":\"EntryPoint\",\"urlTemplate\":\"https:\/\/vapeenjoy.com\/?s={search_term_string}\"},\"query-input\":{\"@type\":\"PropertyValueSpecification\",\"valueRequired\":true,\"valueName\":\"search_term_string\"}}],\"inLanguage\":\"es\"}]}<\/script>\n<!-- \/ Yoast SEO plugin. -->","yoast_head_json":{"title":"Sobre nosotros - VapeEnjoy Premium Vape Productos y Servicio Excepcional","description":"Su proveedor de confianza de productos de vape premium, calidad superior y servicio de primera clase. \u00a1Compre ahora! Explore la excelencia de vapeo de primer nivel.","robots":{"index":"index","follow":"follow","max-snippet":"max-snippet:-1","max-image-preview":"max-image-preview:large","max-video-preview":"max-video-preview:-1"},"canonical":"https:\/\/vapeenjoy.com\/es\/sobre-nosotros-vape\/","og_locale":"es_ES","og_type":"article","og_title":"About us - vapeenjoy Premium Vape Products & Exceptional Service","og_description":"Your trusted supplier of premium vape products, superior quality, and first-class service. Shop now! Explore top-tier vaping excellence.","og_url":"https:\/\/vapeenjoy.com\/es\/sobre-nosotros-vape\/","og_site_name":"vapeenjoy","article_modified_time":"2025-08-26T08:27:15+00:00","og_image":[{"url":"https:\/\/vapeenjoy.com\/wp-content\/uploads\/2025\/08\/Real-photos.png","type":"","width":"","height":""}],"twitter_card":"summary_large_image","twitter_misc":{"Tiempo de lectura":"3 minutos"},"schema":{"@context":"https:\/\/schema.org","@graph":[{"@type":"WebPage","@id":"https:\/\/vapeenjoy.com\/about-us-vape\/","url":"https:\/\/vapeenjoy.com\/about-us-vape\/","name":"Sobre nosotros - VapeEnjoy Premium Vape Productos y Servicio Excepcional","isPartOf":{"@id":"https:\/\/vapeenjoy.com\/#website"},"primaryImageOfPage":{"@id":"https:\/\/vapeenjoy.com\/about-us-vape\/#primaryimage"},"image":{"@id":"https:\/\/vapeenjoy.com\/about-us-vape\/#primaryimage"},"thumbnailUrl":"https:\/\/vapeenjoy.com\/wp-content\/uploads\/2025\/08\/Real-photos.png","datePublished":"2023-04-20T11:47:35+00:00","dateModified":"2025-08-26T08:27:15+00:00","description":"Su proveedor de confianza de productos de vape premium, calidad superior y servicio de primera clase. \u00a1Compre ahora! Explore la excelencia de vapeo de primer nivel.","breadcrumb":{"@id":"https:\/\/vapeenjoy.com\/about-us-vape\/#breadcrumb"},"inLanguage":"es","potentialAction":[{"@type":"ReadAction","target":["https:\/\/vapeenjoy.com\/about-us-vape\/"]}]},{"@type":"ImageObject","inLanguage":"es","@id":"https:\/\/vapeenjoy.com\/about-us-vape\/#primaryimage","url":"https:\/\/vapeenjoy.com\/wp-content\/uploads\/2025\/08\/Real-photos.png","contentUrl":"https:\/\/vapeenjoy.com\/wp-content\/uploads\/2025\/08\/Real-photos.png"},{"@type":"BreadcrumbList","@id":"https:\/\/vapeenjoy.com\/about-us-vape\/#breadcrumb","itemListElement":[{"@type":"ListItem","position":1,"name":"Home","item":"https:\/\/vapeenjoy.com\/"},{"@type":"ListItem","position":2,"name":"About us"}]},{"@type":"WebSite","@id":"https:\/\/vapeenjoy.com\/#website","url":"https:\/\/vapeenjoy.com\/","name":"vapiar","description":"Una tienda online para vender vapes","potentialAction":[{"@type":"SearchAction","target":{"@type":"EntryPoint","urlTemplate":"https:\/\/vapeenjoy.com\/?s={search_term_string}"},"query-input":{"@type":"PropertyValueSpecification","valueRequired":true,"valueName":"search_term_string"}}],"inLanguage":"es"}]}},"_links":{"self":[{"href":"https:\/\/vapeenjoy.com\/es\/wp-json\/wp\/v2\/pages\/1509","targetHints":{"allow":["GET"]}}],"collection":[{"href":"https:\/\/vapeenjoy.com\/es\/wp-json\/wp\/v2\/pages"}],"about":[{"href":"https:\/\/vapeenjoy.com\/es\/wp-json\/wp\/v2\/types\/page"}],"author":[{"embeddable":true,"href":"https:\/\/vapeenjoy.com\/es\/wp-json\/wp\/v2\/users\/1"}],"replies":[{"embeddable":true,"href":"https:\/\/vapeenjoy.com\/es\/wp-json\/wp\/v2\/comments?post=1509"}],"version-history":[{"count":45,"href":"https:\/\/vapeenjoy.com\/es\/wp-json\/wp\/v2\/pages\/1509\/revisions"}],"predecessor-version":[{"id":2618,"href":"https:\/\/vapeenjoy.com\/es\/wp-json\/wp\/v2\/pages\/1509\/revisions\/2618"}],"wp:attachment":[{"href":"https:\/\/vapeenjoy.com\/es\/wp-json\/wp\/v2\/media?parent=1509"}],"curies":[{"name":"pp","href":"https:\/\/api.w.org\/{rel}","templated":true}]}}