{"id":1954,"date":"2025-08-11T06:51:29","date_gmt":"2025-08-11T06:51:29","guid":{"rendered":"https:\/\/vapeenjoy.com\/?page_id=1954"},"modified":"2025-08-27T01:27:48","modified_gmt":"2025-08-27T01:27:48","slug":"terms-and-conditions","status":"publish","type":"page","link":"https:\/\/vapeenjoy.com\/es\/terminos-y-condiciones\/","title":{"rendered":"T\u00e9rminos y condiciones"},"content":{"rendered":"<div data-elementor-type=\"wp-page\" data-elementor-id=\"1954\" class=\"elementor elementor-1954\">\n\t\t\t\t<div class=\"wd-negative-gap elementor-element elementor-element-01061ba e-flex e-con-boxed e-con e-parent\" data-id=\"01061ba\" data-element_type=\"container\">\n\t\t\t\t\t<div class=\"e-con-inner\">\n\t\t\t\t<div class=\"elementor-element elementor-element-a2b554c color-scheme-inherit text-left elementor-widget elementor-widget-text-editor\" data-id=\"a2b554c\" data-element_type=\"widget\" data-widget_type=\"text-editor.default\">\n\t\t\t\t\t\t\t\t\t<h2 dir=\"ltr\" data-pm-slice=\"1 1 []\">T\u00e9rminos y condiciones para VapeEnjoy.com<\/h2><p dir=\"ltr\">Bienvenido a VapeEnjoy.com, su principal destino para el vapeo desechable. VapeEnjoy opera este sitio web y se compromete a ofrecer productos y servicios excepcionales. Al acceder a nuestro sitio web, aceptas estos T\u00e9rminos y condiciones, donde \u201cnosotros\u201d, \u201cnosotros\u201d y \u201cnuestro\u201d se refieren a VapeEnjoy. Para una experiencia perfecta, revise estos t\u00e9rminos cuidadosamente.<\/p><h2 dir=\"ltr\">Usando nuestro servicio<\/h2><p dir=\"ltr\">Cuando accede a nuestro sitio web o realiza una compra, se interact\u00faa con nuestro \"Servicio\" y acepta seguir estos T\u00e9rminos de Servicio. En consecuencia, estos t\u00e9rminos se aplican a todos los usuarios, incluidos navegadores, clientes, proveedores, comerciantes y contribuyentes de contenido. Si no est\u00e1 de acuerdo con alguna parte de estos T\u00e9rminos, por favor abst\u00e9ngase de acceder al sitio web o de utilizar nuestros Servicios. Adem\u00e1s, el uso continuo despu\u00e9s de las actualizaciones indica su aceptaci\u00f3n de los t\u00e9rminos revisados.<\/p><p dir=\"ltr\">Para aclarar, consulte regularmente estos t\u00e9rminos para ver si hay actualizaciones, ya que nos reservamos el derecho de modificarlos o reemplazarlos publicando cambios en el sitio web. En particular, cualquier nueva caracter\u00edstica o herramienta agregada tambi\u00e9n se incluir\u00e1 en estos T\u00e9rminos de servicio. Por lo tanto, preste mucha atenci\u00f3n a la Secci\u00f3n 19, \u201cRenuncia de Arbitraje y Acci\u00f3n Colectiva\u201d, que requiere resolver disputas a trav\u00e9s del arbitraje individual.<\/p><h2 dir=\"ltr\">Secci\u00f3n 1 \u2013 T\u00e9rminos de la tienda en l\u00ednea<\/h2><p dir=\"ltr\">Al aceptar estos T\u00e9rminos de uso, usted confirma que tiene al menos la mayor\u00eda de edad en su estado o provincia o tiene el consentimiento de los padres para que los menores utilicen nuestro sitio web. Adem\u00e1s, no debe utilizar nuestros productos con fines ilegales ni violar ninguna ley, como las leyes de derechos de autor. Adem\u00e1s, est\u00e1 estrictamente prohibido transmitir gusanos, virus o c\u00f3digo malicioso. La violaci\u00f3n de estos T\u00e9rminos conducir\u00e1 a la terminaci\u00f3n inmediata de su acceso al servicio.<\/p><h2 dir=\"ltr\">Secci\u00f3n 2 \u2013 T\u00e9rminos generales<\/h2><p dir=\"ltr\">Podemos rechazar el servicio a cualquier persona en cualquier momento por cualquier motivo. Por seguridad, encriptamos su contenido (excluyendo la informaci\u00f3n de la tarjeta de cr\u00e9dito) durante la transmisi\u00f3n. Sin embargo, no debe hacer un mal uso, reproducir o vender ninguna parte del Servicio sin nuestro permiso expl\u00edcito. Para mayor claridad, los t\u00edtulos de este Acuerdo sirven solo por conveniencia y no alteran los t\u00e9rminos.<\/p><h2 dir=\"ltr\">Secci\u00f3n 3 \u2013 Precisi\u00f3n de la informaci\u00f3n<\/h2><p dir=\"ltr\">Nos esforzamos por proporcionar informaci\u00f3n precisa y oportuna en el sitio web, pero no podemos garantizar su integridad o puntualidad. Por lo tanto, utilice el material solo para referencia general y evite confiar \u00fanicamente en \u00e9l para las decisiones. Aunque podemos incluir informaci\u00f3n hist\u00f3rica, no nos comprometemos a actualizarla. Por lo tanto, debe monitorear los cambios en el contenido del sitio web.<\/p><h2 dir=\"ltr\">Secci\u00f3n 4 \u2013 Modificaciones de servicio y precio<\/h2><p dir=\"ltr\">Podemos cambiar los precios de los productos sin previo aviso. Adicionalmente, nos reservamos el derecho de modificar o suspender el Servicio o cualquier parte sin previo aviso. Como resultado, no nos hacemos responsables de modificaciones, cambios de precio o suspensiones de servicios.<\/p><h2 dir=\"ltr\">Secci\u00f3n 5 \u2013 Productos y Servicios<\/h2><p dir=\"ltr\">Algunos productos pueden estar disponibles solo en l\u00ednea y en cantidades limitadas, sujeto a nuestra pol\u00edtica de devoluci\u00f3n. Aunque nuestro objetivo es mostrar los productos con precisi\u00f3n, los colores pueden variar entre dispositivos. Adem\u00e1s, podemos limitar las ventas por regi\u00f3n, persona o cantidad y ajustar las descripciones o precios a nuestra discreci\u00f3n.<\/p><h2 dir=\"ltr\">Secci\u00f3n 6 \u2013 Facturaci\u00f3n y precisi\u00f3n de la cuenta<\/h2><p dir=\"ltr\">Podemos rechazar pedidos o limitar las cantidades por persona o hogar. Para garantizar transacciones fluidas, debe proporcionar informaci\u00f3n precisa sobre la cuenta y la compra y actualizarla de inmediato. Para m\u00e1s detalles, consulte nuestra pol\u00edtica de devoluci\u00f3n.<\/p><h2 dir=\"ltr\">Secci\u00f3n 7 \u2013 Herramientas opcionales<\/h2><p dir=\"ltr\">Ofrecemos herramientas de terceros \u201ctal cual\u201d sin garant\u00edas. Por lo tanto, utiliza estas herramientas bajo su propio riesgo. De manera similar, los nuevos servicios o funciones introducidos en el sitio web se adherir\u00e1n a estos T\u00e9rminos.<\/p><h2 dir=\"ltr\">Secci\u00f3n 8 \u2013 Enlaces de terceros<\/h2><p dir=\"ltr\">Nuestro sitio web puede incluir enlaces a sitios de terceros que no est\u00e9n afiliados a nosotros. Dado que no controlamos su contenido o precisi\u00f3n, revise sus pol\u00edticas antes de participar en transacciones. Adem\u00e1s, informe cualquier problema directamente al tercero.<\/p><h2 dir=\"ltr\">Secci\u00f3n 9 \u2013 Comentarios y comentarios de los usuarios<\/h2><p dir=\"ltr\">Usted nos otorga el derecho de usar y distribuir cualquier comentario o comentario que proporcione. Mientras tanto, podemos monitorear, editar o eliminar contenido que consideremos ilegal u ofensivo. Es importante destacar que sus comentarios no deben violar los derechos de terceros ni contener contenido da\u00f1ino.<\/p><h2 dir=\"ltr\">Secci\u00f3n 10 \u2013 Datos personales<\/h2><p dir=\"ltr\">Nuestra Pol\u00edtica de Privacidad rige la presentaci\u00f3n de datos personales.<\/p><h3 dir=\"ltr\">Secci\u00f3n 10.1 \u2013 Pol\u00edtica de Cookies<\/h3><p dir=\"ltr\">Utilizamos cookies para mejorar su experiencia de navegaci\u00f3n y ofrecer contenido personalizado. Al usar nuestro sitio web, usted acepta nuestro uso de cookies. Adem\u00e1s, puede administrar la configuraci\u00f3n de cookies en cualquier momento.<\/p><h2 dir=\"ltr\">Secci\u00f3n 11 \u2013 Errores e inexactitudes<\/h2><p dir=\"ltr\">Podemos corregir errores o inexactitudes en las descripciones de productos, precios u ofertas sin previo aviso. A menos que lo exija la ley, no nos comprometemos a actualizar la informaci\u00f3n.<\/p><h2 dir=\"ltr\">Secci\u00f3n 12 \u2013 Usos Prohibidos<\/h2><p dir=\"ltr\">No debe utilizar el sitio web con fines ilegales, de acoso o malintencionados. En consecuencia, podemos rescindir los servicios por cualquier violaci\u00f3n.<\/p><h2 dir=\"ltr\">Art\u00edculo 13 \u2013 Descargo de responsabilidad y responsabilidad<\/h2><p dir=\"ltr\">No garantizamos un servicio ininterrumpido o libre de errores. Por lo tanto, usted utiliza el Servicio bajo su propio riesgo y no somos responsables de ning\u00fan da\u00f1o.<\/p><h2 dir=\"ltr\">Art\u00edculo 14 \u2013 Indemnizaci\u00f3n<\/h2><p dir=\"ltr\">Usted acepta indemnizarnos por reclamaciones derivadas de su violaci\u00f3n de estos T\u00e9rminos.<\/p><h2 dir=\"ltr\">Secci\u00f3n 15 \u2013 Separaci\u00f3n<\/h2><p dir=\"ltr\">Si alguna disposici\u00f3n es inaplicable, las dem\u00e1s disposiciones permanecen vigentes.<\/p><h2 dir=\"ltr\">Secci\u00f3n 16 \u2013 Terminaci\u00f3n<\/h2><p dir=\"ltr\">Las obligaciones previas a la terminaci\u00f3n siguen siendo vinculantes. Para rescindir este Acuerdo, notif\u00edquenos en cualquier momento. Por el contrario, podemos rescindir el Acuerdo sin previo aviso si viola estos T\u00e9rminos.<\/p><h2 dir=\"ltr\">Secci\u00f3n 17 \u2013 Renuncia<\/h2><p dir=\"ltr\">Renunciar a cualquier t\u00e9rmino no renuncia a los derechos futuros.<\/p><h2 dir=\"ltr\">Art\u00edculo 18 \u2013 Ley vigente<\/h2><p dir=\"ltr\">Las leyes del Estado de California rigen estos t\u00e9rminos.<\/p><h2 dir=\"ltr\">Art\u00edculo 19 \u2013 Renuncia de arbitraje y demanda colectiva<\/h2><p dir=\"ltr\">Debe resolver disputas, excepto las de un tribunal de reclamos menores, a trav\u00e9s de arbitraje individual. Por lo tanto, no puede presentar reclamos como parte de una acci\u00f3n de clase.<\/p><h2 dir=\"ltr\">SECCI\u00d3N 20 \u2013 Acuerdo completo<\/h2><p dir=\"ltr\">Estos t\u00e9rminos forman el acuerdo completo entre usted y nosotros, reemplazando los acuerdos anteriores. Adem\u00e1s, las ambig\u00fcedades en la interpretaci\u00f3n no favorecen a ninguna de las partes.<\/p><h2 dir=\"ltr\">Secci\u00f3n 21 \u2013 Informaci\u00f3n de contacto<\/h2><p dir=\"ltr\">Para preguntas sobre estos T\u00e9rminos de uso, cont\u00e1ctenos en info@vapeenjoy.com.<\/p><p dir=\"ltr\">Gracias por revisar nuestros T\u00e9rminos y Condiciones. Nos esforzamos por garantizar una experiencia perfecta y segura en VapeEnjoy.com.<\/p>\t\t\t\t\t\t\t\t<\/div>\n\t\t\t\t\t<\/div>\n\t\t\t\t<\/div>\n\t\t<div class=\"wd-negative-gap elementor-element elementor-element-a291d96 e-flex e-con-boxed e-con e-parent\" data-id=\"a291d96\" data-element_type=\"container\">\n\t\t\t\t\t<div class=\"e-con-inner\">\n\t\t\t\t<div class=\"elementor-element elementor-element-3013edb elementor-widget elementor-widget-wd_image_or_svg\" data-id=\"3013edb\" data-element_type=\"widget\" data-widget_type=\"wd_image_or_svg.default\">\n\t\t\t\t<div class=\"elementor-widget-container\">\n\t\t\t\t\t\n\t\t<div class=\"wd-image text-left\">\n\t\t\t\t\t\t\t\t<img fetchpriority=\"high\" decoding=\"async\" width=\"1300\" height=\"900\" src=\"https:\/\/vapeenjoy.com\/wp-content\/uploads\/2025\/08\/Brand.png\" class=\"attachment-full size-full\" alt=\"Marca Vapeajoy\" srcset=\"https:\/\/vapeenjoy.com\/wp-content\/uploads\/2025\/08\/Brand.png 1300w, https:\/\/vapeenjoy.com\/wp-content\/uploads\/2025\/08\/Brand-300x208.png 300w, https:\/\/vapeenjoy.com\/wp-content\/uploads\/2025\/08\/Brand-1024x709.png 1024w, https:\/\/vapeenjoy.com\/wp-content\/uploads\/2025\/08\/Brand-768x532.png 768w, https:\/\/vapeenjoy.com\/wp-content\/uploads\/2025\/08\/Brand-1200x831.png 1200w, https:\/\/vapeenjoy.com\/wp-content\/uploads\/2025\/08\/Brand-150x104.png 150w\" sizes=\"(max-width: 1300px) 100vw, 1300px\" \/>\t\t\t\t\t<\/div>\n\n\t\t\t\t\t\t<\/div>\n\t\t\t\t<\/div>\n\t\t\t\t\t<\/div>\n\t\t\t\t<\/div>\n\t\t\t\t<\/div>","protected":false},"excerpt":{"rendered":"<p>Terms and Conditions for Vapeenjoy.com Welcome to Vapeenjoy.com, your premier destination for disposable vape. Vapeenjoy operates this website and commits<\/p>","protected":false},"author":1,"featured_media":0,"parent":0,"menu_order":0,"comment_status":"closed","ping_status":"closed","template":"","meta":{"footnotes":""},"class_list":["post-1954","page","type-page","status-publish","hentry"],"yoast_head":"<!-- This site is optimized with the Yoast SEO plugin v25.7 - https:\/\/yoast.com\/wordpress\/plugins\/seo\/ -->\n<title>Vapeenjoy Terms and Conditions - Your Guide to Our Policies<\/title>\n<meta name=\"description\" content=\"Review Vapeenjoy Terms and Conditions for our policies, user responsibilities, and legal guidelines to ensure seamless vaping experience.\" \/>\n<meta name=\"robots\" content=\"index, follow, max-snippet:-1, max-image-preview:large, max-video-preview:-1\" \/>\n<link rel=\"canonical\" href=\"https:\/\/vapeenjoy.com\/es\/terminos-y-condiciones\/\" \/>\n<meta property=\"og:locale\" content=\"es_ES\" \/>\n<meta property=\"og:type\" content=\"article\" \/>\n<meta property=\"og:title\" content=\"Vapeenjoy Terms and Conditions - Your Guide to Our Policies\" \/>\n<meta property=\"og:description\" content=\"Review Vapeenjoy Terms and Conditions for our policies, user responsibilities, and legal guidelines to ensure seamless vaping experience.\" \/>\n<meta property=\"og:url\" content=\"https:\/\/vapeenjoy.com\/es\/terminos-y-condiciones\/\" \/>\n<meta property=\"og:site_name\" content=\"vapeenjoy\" \/>\n<meta property=\"article:modified_time\" content=\"2025-08-27T01:27:48+00:00\" \/>\n<meta property=\"og:image\" content=\"https:\/\/vapeenjoy.com\/wp-content\/uploads\/2025\/08\/Brand.png\" \/>\n<meta name=\"twitter:card\" content=\"summary_large_image\" \/>\n<meta name=\"twitter:label1\" content=\"Tiempo de lectura\" \/>\n\t<meta name=\"twitter:data1\" content=\"5 minutos\" \/>\n<script type=\"application\/ld+json\" class=\"yoast-schema-graph\">{\"@context\":\"https:\/\/schema.org\",\"@graph\":[{\"@type\":\"WebPage\",\"@id\":\"https:\/\/vapeenjoy.com\/terms-and-conditions\/\",\"url\":\"https:\/\/vapeenjoy.com\/terms-and-conditions\/\",\"name\":\"Vapeenjoy Terms and Conditions - Your Guide to Our Policies\",\"isPartOf\":{\"@id\":\"https:\/\/vapeenjoy.com\/#website\"},\"primaryImageOfPage\":{\"@id\":\"https:\/\/vapeenjoy.com\/terms-and-conditions\/#primaryimage\"},\"image\":{\"@id\":\"https:\/\/vapeenjoy.com\/terms-and-conditions\/#primaryimage\"},\"thumbnailUrl\":\"https:\/\/vapeenjoy.com\/wp-content\/uploads\/2025\/08\/Brand.png\",\"datePublished\":\"2025-08-11T06:51:29+00:00\",\"dateModified\":\"2025-08-27T01:27:48+00:00\",\"description\":\"Review Vapeenjoy Terms and Conditions for our policies, user responsibilities, and legal guidelines to ensure seamless vaping experience.\",\"breadcrumb\":{\"@id\":\"https:\/\/vapeenjoy.com\/terms-and-conditions\/#breadcrumb\"},\"inLanguage\":\"es\",\"potentialAction\":[{\"@type\":\"ReadAction\",\"target\":[\"https:\/\/vapeenjoy.com\/terms-and-conditions\/\"]}]},{\"@type\":\"ImageObject\",\"inLanguage\":\"es\",\"@id\":\"https:\/\/vapeenjoy.com\/terms-and-conditions\/#primaryimage\",\"url\":\"https:\/\/vapeenjoy.com\/wp-content\/uploads\/2025\/08\/Brand.png\",\"contentUrl\":\"https:\/\/vapeenjoy.com\/wp-content\/uploads\/2025\/08\/Brand.png\"},{\"@type\":\"BreadcrumbList\",\"@id\":\"https:\/\/vapeenjoy.com\/terms-and-conditions\/#breadcrumb\",\"itemListElement\":[{\"@type\":\"ListItem\",\"position\":1,\"name\":\"Home\",\"item\":\"https:\/\/vapeenjoy.com\/\"},{\"@type\":\"ListItem\",\"position\":2,\"name\":\"terms and Conditions\"}]},{\"@type\":\"WebSite\",\"@id\":\"https:\/\/vapeenjoy.com\/#website\",\"url\":\"https:\/\/vapeenjoy.com\/\",\"name\":\"vapeenjoy\",\"description\":\"An online store for selling vapes\",\"potentialAction\":[{\"@type\":\"SearchAction\",\"target\":{\"@type\":\"EntryPoint\",\"urlTemplate\":\"https:\/\/vapeenjoy.com\/?s={search_term_string}\"},\"query-input\":{\"@type\":\"PropertyValueSpecification\",\"valueRequired\":true,\"valueName\":\"search_term_string\"}}],\"inLanguage\":\"es\"}]}<\/script>\n<!-- \/ Yoast SEO plugin. -->","yoast_head_json":{"title":"T\u00e9rminos y condiciones de VapeEnjoy - Su gu\u00eda de nuestras pol\u00edticas","description":"Revise los t\u00e9rminos y condiciones de VapeDisfrute de nuestras pol\u00edticas, responsabilidades de usuario y pautas legales para garantizar una experiencia de vapeo sin problemas.","robots":{"index":"index","follow":"follow","max-snippet":"max-snippet:-1","max-image-preview":"max-image-preview:large","max-video-preview":"max-video-preview:-1"},"canonical":"https:\/\/vapeenjoy.com\/es\/terminos-y-condiciones\/","og_locale":"es_ES","og_type":"article","og_title":"Vapeenjoy Terms and Conditions - Your Guide to Our Policies","og_description":"Review Vapeenjoy Terms and Conditions for our policies, user responsibilities, and legal guidelines to ensure seamless vaping experience.","og_url":"https:\/\/vapeenjoy.com\/es\/terminos-y-condiciones\/","og_site_name":"vapeenjoy","article_modified_time":"2025-08-27T01:27:48+00:00","og_image":[{"url":"https:\/\/vapeenjoy.com\/wp-content\/uploads\/2025\/08\/Brand.png","type":"","width":"","height":""}],"twitter_card":"summary_large_image","twitter_misc":{"Tiempo de lectura":"5 minutos"},"schema":{"@context":"https:\/\/schema.org","@graph":[{"@type":"WebPage","@id":"https:\/\/vapeenjoy.com\/terms-and-conditions\/","url":"https:\/\/vapeenjoy.com\/terms-and-conditions\/","name":"T\u00e9rminos y condiciones de VapeEnjoy - Su gu\u00eda de nuestras pol\u00edticas","isPartOf":{"@id":"https:\/\/vapeenjoy.com\/#website"},"primaryImageOfPage":{"@id":"https:\/\/vapeenjoy.com\/terms-and-conditions\/#primaryimage"},"image":{"@id":"https:\/\/vapeenjoy.com\/terms-and-conditions\/#primaryimage"},"thumbnailUrl":"https:\/\/vapeenjoy.com\/wp-content\/uploads\/2025\/08\/Brand.png","datePublished":"2025-08-11T06:51:29+00:00","dateModified":"2025-08-27T01:27:48+00:00","description":"Revise los t\u00e9rminos y condiciones de VapeDisfrute de nuestras pol\u00edticas, responsabilidades de usuario y pautas legales para garantizar una experiencia de vapeo sin problemas.","breadcrumb":{"@id":"https:\/\/vapeenjoy.com\/terms-and-conditions\/#breadcrumb"},"inLanguage":"es","potentialAction":[{"@type":"ReadAction","target":["https:\/\/vapeenjoy.com\/terms-and-conditions\/"]}]},{"@type":"ImageObject","inLanguage":"es","@id":"https:\/\/vapeenjoy.com\/terms-and-conditions\/#primaryimage","url":"https:\/\/vapeenjoy.com\/wp-content\/uploads\/2025\/08\/Brand.png","contentUrl":"https:\/\/vapeenjoy.com\/wp-content\/uploads\/2025\/08\/Brand.png"},{"@type":"BreadcrumbList","@id":"https:\/\/vapeenjoy.com\/terms-and-conditions\/#breadcrumb","itemListElement":[{"@type":"ListItem","position":1,"name":"Home","item":"https:\/\/vapeenjoy.com\/"},{"@type":"ListItem","position":2,"name":"terms and Conditions"}]},{"@type":"WebSite","@id":"https:\/\/vapeenjoy.com\/#website","url":"https:\/\/vapeenjoy.com\/","name":"vapiar","description":"Una tienda online para vender vapes","potentialAction":[{"@type":"SearchAction","target":{"@type":"EntryPoint","urlTemplate":"https:\/\/vapeenjoy.com\/?s={search_term_string}"},"query-input":{"@type":"PropertyValueSpecification","valueRequired":true,"valueName":"search_term_string"}}],"inLanguage":"es"}]}},"_links":{"self":[{"href":"https:\/\/vapeenjoy.com\/es\/wp-json\/wp\/v2\/pages\/1954","targetHints":{"allow":["GET"]}}],"collection":[{"href":"https:\/\/vapeenjoy.com\/es\/wp-json\/wp\/v2\/pages"}],"about":[{"href":"https:\/\/vapeenjoy.com\/es\/wp-json\/wp\/v2\/types\/page"}],"author":[{"embeddable":true,"href":"https:\/\/vapeenjoy.com\/es\/wp-json\/wp\/v2\/users\/1"}],"replies":[{"embeddable":true,"href":"https:\/\/vapeenjoy.com\/es\/wp-json\/wp\/v2\/comments?post=1954"}],"version-history":[{"count":21,"href":"https:\/\/vapeenjoy.com\/es\/wp-json\/wp\/v2\/pages\/1954\/revisions"}],"predecessor-version":[{"id":2628,"href":"https:\/\/vapeenjoy.com\/es\/wp-json\/wp\/v2\/pages\/1954\/revisions\/2628"}],"wp:attachment":[{"href":"https:\/\/vapeenjoy.com\/es\/wp-json\/wp\/v2\/media?parent=1954"}],"curies":[{"name":"pp","href":"https:\/\/api.w.org\/{rel}","templated":true}]}}