{"id":3,"date":"2025-07-15T07:17:12","date_gmt":"2025-07-15T07:17:12","guid":{"rendered":"https:\/\/vapeenjoy.com\/?page_id=3"},"modified":"2025-12-05T01:54:29","modified_gmt":"2025-12-05T01:54:29","slug":"vapeenjoy-privacy-policy","status":"publish","type":"page","link":"https:\/\/vapeenjoy.com\/es\/politica-de-privacidad-de-vapedisfruta\/","title":{"rendered":"Pol\u00edtica de privacidad"},"content":{"rendered":"<div data-elementor-type=\"wp-page\" data-elementor-id=\"3\" class=\"elementor elementor-3\">\n\t\t\t\t<div class=\"wd-negative-gap elementor-element elementor-element-4be8a2fa e-flex e-con-boxed e-con e-parent\" data-id=\"4be8a2fa\" data-element_type=\"container\">\n\t\t\t\t\t<div class=\"e-con-inner\">\n\t\t\t\t<div class=\"elementor-element elementor-element-4c66531 color-scheme-inherit text-left elementor-widget elementor-widget-text-editor\" data-id=\"4c66531\" data-element_type=\"widget\" data-widget_type=\"text-editor.default\">\n\t\t\t\t\t\t\t\t\t<h2>Pol\u00edtica de privacidad<\/h2><p>Esta Pol\u00edtica de Privacidad explica c\u00f3mo VapeEnjoy (en lo sucesivo denominado \"El Sitio\" o \"Nosotros\") recopila, usa y divulga su informaci\u00f3n personal cuando visita o realiza compras en nuestro sitio.<\/p><h2>contacto<\/h2><p>Si tiene alguna pregunta, necesita m\u00e1s informaci\u00f3n sobre nuestras pr\u00e1cticas de privacidad o desea presentar una queja, comun\u00edquese con nosotros por correo electr\u00f3nico a\u00a0palpitate_2004@qq.com\u00a0despu\u00e9s de leer esta pol\u00edtica.<\/p><h2>Recopilaci\u00f3n de datos personales<\/h2><p>Cuando visita nuestro sitio web, recopilamos cierta informaci\u00f3n sobre su dispositivo, sus interacciones con el sitio web y los detalles necesarios para procesar sus compras. Si nos contacta para el servicio al cliente, podemos recopilar informaci\u00f3n adicional. En esta pol\u00edtica, cualquier dato relacionado con una persona identificable se denomina \u201cdatos personales\u201d. A continuaci\u00f3n encontrar\u00e1s detalles sobre los datos personales que recopilamos y por qu\u00e9 los recopilamos:<\/p><h3>Informaci\u00f3n del dispositivo<\/h3><h4>Prop\u00f3sito:<\/h4><p>Para cargar el sitio web correctamente para usted y realizar an\u00e1lisis para optimizar el sitio web.<\/p><h4>Fuente:<\/h4><p>Recopilado autom\u00e1ticamente a trav\u00e9s de cookies, archivos de registro, balizas web, etiquetas o p\u00edxeles cuando accede a nuestro sitio web.<\/p><h4>Datos personales recopilados:<\/h4><p>Versi\u00f3n del navegador web, direcci\u00f3n IP, zona horaria, detalles de cookies, p\u00e1ginas o productos vistos, t\u00e9rminos de b\u00fasqueda e interacci\u00f3n con el sitio web.<\/p><h3>Informaci\u00f3n de pedido<\/h3><h4>Prop\u00f3sito:<\/h4><p>Para proporcionar productos\/servicios, procesar pagos, organizar env\u00edos, emitir facturas\/confirmaciones, comunicarse con usted, verificar pedidos de riesgo\/fraude y enviar informaci\u00f3n relacionada con el producto o publicidad seg\u00fan sus preferencias.<\/p><h4>Fuente:<\/h4><p>recogido directamente de usted.<\/p><h4>Datos personales recopilados:<\/h4><p>Nombre, direcci\u00f3n de facturaci\u00f3n, direcci\u00f3n de env\u00edo, detalles de pago (incluidos los n\u00fameros de tarjeta de cr\u00e9dito), direcci\u00f3n de correo electr\u00f3nico y n\u00famero de tel\u00e9fono.<\/p><h3>Informaci\u00f3n de servicio al cliente<\/h3><h4>Prop\u00f3sito:<\/h4><p>Para optimizar el uso del sitio web y brindar servicio al cliente.<\/p><h4>Fuente:<\/h4><p>Recopilaci\u00f3n autom\u00e1tica cuando accede a nuestro sitio web.<\/p><h4>Prop\u00f3sito:<\/h4><p>para proporcionar servicio al cliente.<\/p><h4>Fuente:<\/h4><p>recogido directamente de usted.<\/p><h2>Menores<\/h2><p>Nuestro sitio web no est\u00e1 destinado a personas menores de 21 a\u00f1os. No recopilamos a sabiendas informaci\u00f3n personal de los ni\u00f1os. Si cree que su hijo nos ha proporcionado informaci\u00f3n personal, cont\u00e1ctenos para solicitar la eliminaci\u00f3n.<\/p><h2>Divulgaci\u00f3n de datos personales<\/h2><p>Compartimos su informaci\u00f3n personal con proveedores de servicios para ayudarle a proporcionar servicios y cumplir contratos con usted. Esto puede incluir compartir informaci\u00f3n para cumplir con las leyes, responder a solicitudes legales o proteger nuestros derechos.<\/p><h2>publicidad conductual<\/h2><p>Usamos su informaci\u00f3n personal para dirigirse a las comunicaciones de publicidad o marketing que creemos que pueden ser de su inter\u00e9s. Esto incluye compartir informaci\u00f3n con socios publicitarios. Puede darse de baja de ciertos servicios utilizando los enlaces proporcionados.<\/p><h2>Uso de datos personales<\/h2><p>Utilizamos su informaci\u00f3n personal para proporcionar servicios como ventas de productos, procesamiento de pagos, cumplimiento de pedidos e informaci\u00f3n sobre nuevos productos, servicios y ofertas.<\/p><h2>fundamento jur\u00eddico<\/h2><p>Bajo el RGPD, si se encuentra en el EEE, tratamos sus datos personales sobre las diversas bases legales establecidas en la regulaci\u00f3n.<\/p><h2>trastero<\/h2><p>Conservaremos su informaci\u00f3n personal para nuestros registros a menos que solicite su eliminaci\u00f3n.<\/p><h2>Toma de decisiones automatizada<\/h2><p>No llevamos a cabo procesos de toma de decisiones totalmente automatizados con implicaciones legales utilizando datos de clientes.<\/p><h2>Venta de datos personales<\/h2><p>Nuestro sitio web vende informaci\u00f3n personal seg\u00fan lo define el CCPA. Los detalles sobre las categor\u00edas vendidos y las instrucciones de exclusi\u00f3n est\u00e1n disponibles.<\/p><h2>SUS DERECHOS<\/h2><p>Los residentes del EEE y de California tienen derecho a acceder, corregir, actualizar o eliminar su informaci\u00f3n personal. Se proporcionan instrucciones sobre c\u00f3mo ejercer estos derechos.<\/p><h2>galletas<\/h2><p>Utilizamos cookies para mejorar su experiencia de navegaci\u00f3n. Puede controlar y administrar las cookies a trav\u00e9s de la configuraci\u00f3n de su navegador.<\/p><h2>no rastrear<\/h2><p>No cambiamos nuestras pr\u00e1cticas de datos en respuesta a las se\u00f1ales de \"no rastrear\" del navegador.<\/p><h2>cambios<\/h2><p>Podemos actualizar esta Pol\u00edtica de Privacidad de vez en cuando para reflejar los cambios operativos, legales o regulatorios.<\/p><h2>quejas<\/h2><p>Si tiene alguna queja, cont\u00e1ctenos por correo electr\u00f3nico o correo utilizando los detalles proporcionados en \"Contacto\".<\/p><p>Gracias por leer nuestra Pol\u00edtica de Privacidad en\u00a0<a class=\"wpil_keyword_link\" title=\"vaivera\" href=\"https:\/\/vapeenjoy.com\/\" data-wpil-keyword-link=\"linked\" data-wpil-monitor-id=\"6\">Vapealegl\u00e1cese.<\/a><\/p>\t\t\t\t\t\t\t\t<\/div>\n\t\t\t\t\t<\/div>\n\t\t\t\t<\/div>\n\t\t<div class=\"wd-negative-gap elementor-element elementor-element-9df7240 e-flex e-con-boxed e-con e-parent\" data-id=\"9df7240\" data-element_type=\"container\">\n\t\t\t\t\t<div class=\"e-con-inner\">\n\t\t\t\t<div class=\"elementor-element elementor-element-8b3b697 elementor-widget elementor-widget-wd_image_or_svg\" data-id=\"8b3b697\" data-element_type=\"widget\" data-widget_type=\"wd_image_or_svg.default\">\n\t\t\t\t<div class=\"elementor-widget-container\">\n\t\t\t\t\t\n\t\t<div class=\"wd-image text-left\">\n\t\t\t\t\t\t\t\t<img fetchpriority=\"high\" decoding=\"async\" width=\"1210\" height=\"800\" src=\"https:\/\/vapeenjoy.com\/wp-content\/uploads\/2025\/08\/Real-photos.png\" class=\"attachment-full size-full\" alt=\"Vapeo Fotos reales\" srcset=\"https:\/\/vapeenjoy.com\/wp-content\/uploads\/2025\/08\/Real-photos.png 1210w, https:\/\/vapeenjoy.com\/wp-content\/uploads\/2025\/08\/Real-photos-300x198.png 300w, https:\/\/vapeenjoy.com\/wp-content\/uploads\/2025\/08\/Real-photos-1024x677.png 1024w, https:\/\/vapeenjoy.com\/wp-content\/uploads\/2025\/08\/Real-photos-768x508.png 768w, https:\/\/vapeenjoy.com\/wp-content\/uploads\/2025\/08\/Real-photos-1200x793.png 1200w, https:\/\/vapeenjoy.com\/wp-content\/uploads\/2025\/08\/Real-photos-150x99.png 150w\" sizes=\"(max-width: 1210px) 100vw, 1210px\" \/>\t\t\t\t\t<\/div>\n\n\t\t\t\t\t\t<\/div>\n\t\t\t\t<\/div>\n\t\t\t\t\t<\/div>\n\t\t\t\t<\/div>\n\t\t\t\t<\/div>","protected":false},"excerpt":{"rendered":"<p>Privacy Policy This Privacy Policy explains how Vapeenjoy (hereinafter referred to as \u201cthe Site\u201d or \u201cwe\u201d) collects, uses, and discloses<\/p>","protected":false},"author":1,"featured_media":0,"parent":0,"menu_order":0,"comment_status":"closed","ping_status":"open","template":"","meta":{"footnotes":""},"class_list":["post-3","page","type-page","status-publish","hentry"],"yoast_head":"<!-- This site is optimized with the Yoast SEO plugin v25.7 - https:\/\/yoast.com\/wordpress\/plugins\/seo\/ -->\n<title>Privacy Policy on the sale of vape on the vapeenjoy website<\/title>\n<meta name=\"description\" content=\"Learn how we protect your privacy. This privacy policy explains how we use your personal information when you use our vape website.\" \/>\n<meta name=\"robots\" content=\"index, follow, max-snippet:-1, max-image-preview:large, max-video-preview:-1\" \/>\n<link rel=\"canonical\" href=\"https:\/\/vapeenjoy.com\/es\/politica-de-privacidad-de-vapedisfruta\/\" \/>\n<meta property=\"og:locale\" content=\"es_ES\" \/>\n<meta property=\"og:type\" content=\"article\" \/>\n<meta property=\"og:title\" content=\"Privacy Policy on the sale of vape on the vapeenjoy website\" \/>\n<meta property=\"og:description\" content=\"Learn how we protect your privacy. This privacy policy explains how we use your personal information when you use our vape website.\" \/>\n<meta property=\"og:url\" content=\"https:\/\/vapeenjoy.com\/es\/politica-de-privacidad-de-vapedisfruta\/\" \/>\n<meta property=\"og:site_name\" content=\"vapeenjoy\" \/>\n<meta property=\"article:modified_time\" content=\"2025-12-05T01:54:29+00:00\" \/>\n<meta property=\"og:image\" content=\"https:\/\/vapeenjoy.com\/wp-content\/uploads\/2025\/08\/Real-photos.png\" \/>\n<meta name=\"twitter:card\" content=\"summary_large_image\" \/>\n<meta name=\"twitter:label1\" content=\"Tiempo de lectura\" \/>\n\t<meta name=\"twitter:data1\" content=\"1 minuto\" \/>\n<script type=\"application\/ld+json\" class=\"yoast-schema-graph\">{\"@context\":\"https:\/\/schema.org\",\"@graph\":[{\"@type\":\"WebPage\",\"@id\":\"https:\/\/vapeenjoy.com\/vapeenjoy-privacy-policy\/\",\"url\":\"https:\/\/vapeenjoy.com\/vapeenjoy-privacy-policy\/\",\"name\":\"Privacy Policy on the sale of vape on the vapeenjoy website\",\"isPartOf\":{\"@id\":\"https:\/\/vapeenjoy.com\/#website\"},\"primaryImageOfPage\":{\"@id\":\"https:\/\/vapeenjoy.com\/vapeenjoy-privacy-policy\/#primaryimage\"},\"image\":{\"@id\":\"https:\/\/vapeenjoy.com\/vapeenjoy-privacy-policy\/#primaryimage\"},\"thumbnailUrl\":\"https:\/\/vapeenjoy.com\/wp-content\/uploads\/2025\/08\/Real-photos.png\",\"datePublished\":\"2025-07-15T07:17:12+00:00\",\"dateModified\":\"2025-12-05T01:54:29+00:00\",\"description\":\"Learn how we protect your privacy. This privacy policy explains how we use your personal information when you use our vape website.\",\"breadcrumb\":{\"@id\":\"https:\/\/vapeenjoy.com\/vapeenjoy-privacy-policy\/#breadcrumb\"},\"inLanguage\":\"es\",\"potentialAction\":[{\"@type\":\"ReadAction\",\"target\":[\"https:\/\/vapeenjoy.com\/vapeenjoy-privacy-policy\/\"]}]},{\"@type\":\"ImageObject\",\"inLanguage\":\"es\",\"@id\":\"https:\/\/vapeenjoy.com\/vapeenjoy-privacy-policy\/#primaryimage\",\"url\":\"https:\/\/vapeenjoy.com\/wp-content\/uploads\/2025\/08\/Real-photos.png\",\"contentUrl\":\"https:\/\/vapeenjoy.com\/wp-content\/uploads\/2025\/08\/Real-photos.png\"},{\"@type\":\"BreadcrumbList\",\"@id\":\"https:\/\/vapeenjoy.com\/vapeenjoy-privacy-policy\/#breadcrumb\",\"itemListElement\":[{\"@type\":\"ListItem\",\"position\":1,\"name\":\"Home\",\"item\":\"https:\/\/vapeenjoy.com\/\"},{\"@type\":\"ListItem\",\"position\":2,\"name\":\"Privacy Policy\"}]},{\"@type\":\"WebSite\",\"@id\":\"https:\/\/vapeenjoy.com\/#website\",\"url\":\"https:\/\/vapeenjoy.com\/\",\"name\":\"vapeenjoy\",\"description\":\"An online store for selling vapes\",\"potentialAction\":[{\"@type\":\"SearchAction\",\"target\":{\"@type\":\"EntryPoint\",\"urlTemplate\":\"https:\/\/vapeenjoy.com\/?s={search_term_string}\"},\"query-input\":{\"@type\":\"PropertyValueSpecification\",\"valueRequired\":true,\"valueName\":\"search_term_string\"}}],\"inLanguage\":\"es\"}]}<\/script>\n<!-- \/ Yoast SEO plugin. -->","yoast_head_json":{"title":"Pol\u00edtica de privacidad sobre la venta de vape en el sitio web de VapeEnjoy","description":"Conozca c\u00f3mo protegemos su privacidad. Esta Pol\u00edtica de Privacidad explica c\u00f3mo utilizamos su informaci\u00f3n personal cuando utiliza nuestro sitio web de vape.","robots":{"index":"index","follow":"follow","max-snippet":"max-snippet:-1","max-image-preview":"max-image-preview:large","max-video-preview":"max-video-preview:-1"},"canonical":"https:\/\/vapeenjoy.com\/es\/politica-de-privacidad-de-vapedisfruta\/","og_locale":"es_ES","og_type":"article","og_title":"Privacy Policy on the sale of vape on the vapeenjoy website","og_description":"Learn how we protect your privacy. This privacy policy explains how we use your personal information when you use our vape website.","og_url":"https:\/\/vapeenjoy.com\/es\/politica-de-privacidad-de-vapedisfruta\/","og_site_name":"vapeenjoy","article_modified_time":"2025-12-05T01:54:29+00:00","og_image":[{"url":"https:\/\/vapeenjoy.com\/wp-content\/uploads\/2025\/08\/Real-photos.png","type":"","width":"","height":""}],"twitter_card":"summary_large_image","twitter_misc":{"Tiempo de lectura":"1 minuto"},"schema":{"@context":"https:\/\/schema.org","@graph":[{"@type":"WebPage","@id":"https:\/\/vapeenjoy.com\/vapeenjoy-privacy-policy\/","url":"https:\/\/vapeenjoy.com\/vapeenjoy-privacy-policy\/","name":"Pol\u00edtica de privacidad sobre la venta de vape en el sitio web de VapeEnjoy","isPartOf":{"@id":"https:\/\/vapeenjoy.com\/#website"},"primaryImageOfPage":{"@id":"https:\/\/vapeenjoy.com\/vapeenjoy-privacy-policy\/#primaryimage"},"image":{"@id":"https:\/\/vapeenjoy.com\/vapeenjoy-privacy-policy\/#primaryimage"},"thumbnailUrl":"https:\/\/vapeenjoy.com\/wp-content\/uploads\/2025\/08\/Real-photos.png","datePublished":"2025-07-15T07:17:12+00:00","dateModified":"2025-12-05T01:54:29+00:00","description":"Conozca c\u00f3mo protegemos su privacidad. Esta Pol\u00edtica de Privacidad explica c\u00f3mo utilizamos su informaci\u00f3n personal cuando utiliza nuestro sitio web de vape.","breadcrumb":{"@id":"https:\/\/vapeenjoy.com\/vapeenjoy-privacy-policy\/#breadcrumb"},"inLanguage":"es","potentialAction":[{"@type":"ReadAction","target":["https:\/\/vapeenjoy.com\/vapeenjoy-privacy-policy\/"]}]},{"@type":"ImageObject","inLanguage":"es","@id":"https:\/\/vapeenjoy.com\/vapeenjoy-privacy-policy\/#primaryimage","url":"https:\/\/vapeenjoy.com\/wp-content\/uploads\/2025\/08\/Real-photos.png","contentUrl":"https:\/\/vapeenjoy.com\/wp-content\/uploads\/2025\/08\/Real-photos.png"},{"@type":"BreadcrumbList","@id":"https:\/\/vapeenjoy.com\/vapeenjoy-privacy-policy\/#breadcrumb","itemListElement":[{"@type":"ListItem","position":1,"name":"Home","item":"https:\/\/vapeenjoy.com\/"},{"@type":"ListItem","position":2,"name":"Privacy Policy"}]},{"@type":"WebSite","@id":"https:\/\/vapeenjoy.com\/#website","url":"https:\/\/vapeenjoy.com\/","name":"vapiar","description":"Una tienda online para vender vapes","potentialAction":[{"@type":"SearchAction","target":{"@type":"EntryPoint","urlTemplate":"https:\/\/vapeenjoy.com\/?s={search_term_string}"},"query-input":{"@type":"PropertyValueSpecification","valueRequired":true,"valueName":"search_term_string"}}],"inLanguage":"es"}]}},"_links":{"self":[{"href":"https:\/\/vapeenjoy.com\/es\/wp-json\/wp\/v2\/pages\/3","targetHints":{"allow":["GET"]}}],"collection":[{"href":"https:\/\/vapeenjoy.com\/es\/wp-json\/wp\/v2\/pages"}],"about":[{"href":"https:\/\/vapeenjoy.com\/es\/wp-json\/wp\/v2\/types\/page"}],"author":[{"embeddable":true,"href":"https:\/\/vapeenjoy.com\/es\/wp-json\/wp\/v2\/users\/1"}],"replies":[{"embeddable":true,"href":"https:\/\/vapeenjoy.com\/es\/wp-json\/wp\/v2\/comments?post=3"}],"version-history":[{"count":14,"href":"https:\/\/vapeenjoy.com\/es\/wp-json\/wp\/v2\/pages\/3\/revisions"}],"predecessor-version":[{"id":3145,"href":"https:\/\/vapeenjoy.com\/es\/wp-json\/wp\/v2\/pages\/3\/revisions\/3145"}],"wp:attachment":[{"href":"https:\/\/vapeenjoy.com\/es\/wp-json\/wp\/v2\/media?parent=3"}],"curies":[{"name":"pp","href":"https:\/\/api.w.org\/{rel}","templated":true}]}}