{"id":8,"date":"2025-07-16T06:46:06","date_gmt":"2025-07-16T06:46:06","guid":{"rendered":"https:\/\/vapeenjoy.com\/?page_id=8"},"modified":"2025-08-22T02:22:19","modified_gmt":"2025-08-22T02:22:19","slug":"vapeenjoy-cart","status":"publish","type":"page","link":"https:\/\/vapeenjoy.com\/es\/carro-de-alegria-vape\/","title":{"rendered":"transportar por"},"content":{"rendered":"<div data-block-name=\"woocommerce\/cart\" class=\"wp-block-woocommerce-cart alignwide is-loading\">\n<div data-block-name=\"woocommerce\/filled-cart-block\" class=\"wp-block-woocommerce-filled-cart-block\">\n<div data-block-name=\"woocommerce\/cart-items-block\" class=\"wp-block-woocommerce-cart-items-block\">\n<div data-block-name=\"woocommerce\/cart-line-items-block\" class=\"wp-block-woocommerce-cart-line-items-block\"><\/div>\n\n\n\n<div data-block-name=\"woocommerce\/cart-cross-sells-block\" class=\"wp-block-woocommerce-cart-cross-sells-block\">\n<h2 class=\"wp-block-heading has-large-font-size\">Quiz\u00e1s te interese\u2026<\/h2>\n\n\n\n<div data-block-name=\"woocommerce\/cart-cross-sells-products-block\" class=\"wp-block-woocommerce-cart-cross-sells-products-block\"><\/div>\n<\/div>\n<\/div>\n\n\n\n<div data-block-name=\"woocommerce\/cart-totals-block\" class=\"wp-block-woocommerce-cart-totals-block\">\n<div data-block-name=\"woocommerce\/cart-order-summary-block\" class=\"wp-block-woocommerce-cart-order-summary-block\">\n<div data-block-name=\"woocommerce\/cart-order-summary-heading-block\" class=\"wp-block-woocommerce-cart-order-summary-heading-block\"><\/div>\n\n\n\n<div data-block-name=\"woocommerce\/cart-order-summary-coupon-form-block\" class=\"wp-block-woocommerce-cart-order-summary-coupon-form-block\"><\/div>\n\n\n\n<div data-block-name=\"woocommerce\/cart-order-summary-totals-block\" class=\"wp-block-woocommerce-cart-order-summary-totals-block\">\n<div data-block-name=\"woocommerce\/cart-order-summary-subtotal-block\" class=\"wp-block-woocommerce-cart-order-summary-subtotal-block\"><\/div>\n\n\n\n<div data-block-name=\"woocommerce\/cart-order-summary-fee-block\" class=\"wp-block-woocommerce-cart-order-summary-fee-block\"><\/div>\n\n\n\n<div data-block-name=\"woocommerce\/cart-order-summary-discount-block\" class=\"wp-block-woocommerce-cart-order-summary-discount-block\"><\/div>\n\n\n\n<div data-block-name=\"woocommerce\/cart-order-summary-shipping-block\" class=\"wp-block-woocommerce-cart-order-summary-shipping-block\"><\/div>\n\n\n\n<div data-block-name=\"woocommerce\/cart-order-summary-taxes-block\" class=\"wp-block-woocommerce-cart-order-summary-taxes-block\"><\/div>\n<\/div>\n<\/div>\n\n\n\n<div data-block-name=\"woocommerce\/cart-express-payment-block\" class=\"wp-block-woocommerce-cart-express-payment-block\"><\/div>\n\n\n\n<div data-block-name=\"woocommerce\/proceed-to-checkout-block\" class=\"wp-block-woocommerce-proceed-to-checkout-block\"><\/div>\n\n\n\n<div data-block-name=\"woocommerce\/cart-accepted-payment-methods-block\" class=\"wp-block-woocommerce-cart-accepted-payment-methods-block\"><\/div>\n<\/div>\n<\/div>\n\n\n\n<div data-block-name=\"woocommerce\/empty-cart-block\" class=\"wp-block-woocommerce-empty-cart-block\">\n<h2 class=\"wp-block-heading has-text-align-center with-empty-cart-icon wc-block-cart__empty-cart__title\">\u00a1Tu carrito est\u00e1 actualmente vac\u00edo!<\/h2>\n\n\n\n<hr class=\"wp-block-separator has-alpha-channel-opacity is-style-dots\"\/>\n\n\n\n<h2 class=\"wp-block-heading has-text-align-center\">Nuevo en tienda<\/h2>\n\n\n<div data-block-name=\"woocommerce\/product-new\" data-columns=\"4\" data-rows=\"1\" class=\"wc-block-grid wp-block-product-new wp-block-woocommerce-product-new wc-block-product-new has-4-columns\"><ul class=\"wc-block-grid__products\"><li class=\"wc-block-grid__product\">\n\t\t\t\t<a href=\"https:\/\/vapeenjoy.com\/es\/producto\/vozol-neon-45k-puff-vape-desechable\/\" class=\"wc-block-grid__product-link\">\n\t\t\t\t\t<div class=\"wc-block-grid__product-onsale\">\n\t\t\t<span aria-hidden=\"true\" data-no-translation=\"\" data-trp-gettext=\"\">Oferta<\/span>\n\t\t\t<span class=\"screen-reader-text\" data-no-translation=\"\" data-trp-gettext=\"\">Producto en oferta<\/span>\n\t\t<\/div>\n\t\t\t\t\t<div class=\"wc-block-grid__product-image\"><img fetchpriority=\"high\" decoding=\"async\" width=\"600\" height=\"600\" src=\"https:\/\/vapeenjoy.com\/wp-content\/uploads\/2026\/01\/Vozol-Neon-45000-Puffs-Adjustable-Ice-Airflow-Disposable-Vape-600x600.avif\" class=\"attachment-woocommerce_thumbnail size-woocommerce_thumbnail\" alt=\"VOZOL NEON 45K 5% Nicotina 24ml E-l\u00edquido 45000 Puff Vape desechable EU Venta al por mayor 01\" srcset=\"https:\/\/vapeenjoy.com\/wp-content\/uploads\/2026\/01\/Vozol-Neon-45000-Puffs-Adjustable-Ice-Airflow-Disposable-Vape-600x600.avif 600w, https:\/\/vapeenjoy.com\/wp-content\/uploads\/2026\/01\/Vozol-Neon-45000-Puffs-Adjustable-Ice-Airflow-Disposable-Vape-300x300.avif 300w, https:\/\/vapeenjoy.com\/wp-content\/uploads\/2026\/01\/Vozol-Neon-45000-Puffs-Adjustable-Ice-Airflow-Disposable-Vape-150x150.avif 150w, https:\/\/vapeenjoy.com\/wp-content\/uploads\/2026\/01\/Vozol-Neon-45000-Puffs-Adjustable-Ice-Airflow-Disposable-Vape-768x768.avif 768w, https:\/\/vapeenjoy.com\/wp-content\/uploads\/2026\/01\/Vozol-Neon-45000-Puffs-Adjustable-Ice-Airflow-Disposable-Vape-12x12.avif 12w, https:\/\/vapeenjoy.com\/wp-content\/uploads\/2026\/01\/Vozol-Neon-45000-Puffs-Adjustable-Ice-Airflow-Disposable-Vape.avif 800w\" sizes=\"(max-width: 600px) 100vw, 600px\" \/><\/div>\n\t\t\t\t\t<div class=\"wc-block-grid__product-title\">VOZOL Neon 45K Vape desechable 45000 Puffs 5% Nicotina 24ml Almac\u00e9n de la UE<\/div>\n\t\t\t\t<\/a>\n\t\t\t\t<div class=\"wc-block-grid__product-price price\"><del aria-hidden=\"true\"><span class=\"woocommerce-Price-amount amount\"><span class=\"woocommerce-Price-currencySymbol\">\u20ac<\/span>15.00<\/span><\/del> <span class=\"screen-reader-text\" data-no-translation=\"\" data-trp-gettext=\"\">El precio original era: &euro;15.00.<\/span><ins aria-hidden=\"true\"><span class=\"woocommerce-Price-amount amount\"><span class=\"woocommerce-Price-currencySymbol\">\u20ac<\/span>13.00<\/span><\/ins><span class=\"screen-reader-text\" data-no-translation=\"\" data-trp-gettext=\"\">El precio actual es: &euro;13.00.<\/span><\/div>\n\t\t\t\t\n\t\t\t\t<div class=\"wp-block-button wc-block-grid__product-add-to-cart\"><a href=\"https:\/\/vapeenjoy.com\/es\/producto\/vozol-neon-45k-puff-vape-desechable\/\" aria-label=\"Elige las opciones para \u201cVozol NEON 45K Disposable Vape 45000 Puffs 5% Nicotine 24ML EU Warehouse Wholesale\u201d\" data-quantity=\"1\" data-product_id=\"3225\" data-product_sku=\"\" data-price=\"13\" rel=\"nofollow\" class=\"wp-block-button__link  add_to_cart_button\" data-no-translation=\"\" data-trp-gettext=\"\" data-no-translation-aria-label=\"\">Seleccionar opciones<\/a><\/div>\n\t\t\t<\/li><li class=\"wc-block-grid__product\">\n\t\t\t\t<a href=\"https:\/\/vapeenjoy.com\/es\/producto\/waspe-aiviou-150k-puffs-6-en-1-sabores-vapes-desechables-baja-nicotina\/\" class=\"wc-block-grid__product-link\">\n\t\t\t\t\t<div class=\"wc-block-grid__product-onsale\">\n\t\t\t<span aria-hidden=\"true\" data-no-translation=\"\" data-trp-gettext=\"\">Oferta<\/span>\n\t\t\t<span class=\"screen-reader-text\" data-no-translation=\"\" data-trp-gettext=\"\">Producto en oferta<\/span>\n\t\t<\/div>\n\t\t\t\t\t<div class=\"wc-block-grid__product-image\"><img decoding=\"async\" width=\"600\" height=\"600\" src=\"https:\/\/vapeenjoy.com\/wp-content\/uploads\/2025\/10\/\u5fae\u4fe1\u56fe\u7247_20250927210646_1114_226-600x600.avif\" class=\"attachment-woocommerce_thumbnail size-woocommerce_thumbnail\" alt=\"Waspe Aiviou 150K Puffs 6 en 1 Vape desechable | Dispositivo de nicotina baja y de larga duraci\u00f3n\" srcset=\"https:\/\/vapeenjoy.com\/wp-content\/uploads\/2025\/10\/\u5fae\u4fe1\u56fe\u7247_20250927210646_1114_226-600x600.avif 600w, https:\/\/vapeenjoy.com\/wp-content\/uploads\/2025\/10\/\u5fae\u4fe1\u56fe\u7247_20250927210646_1114_226-300x300.avif 300w, https:\/\/vapeenjoy.com\/wp-content\/uploads\/2025\/10\/\u5fae\u4fe1\u56fe\u7247_20250927210646_1114_226-1024x1024.avif 1024w, https:\/\/vapeenjoy.com\/wp-content\/uploads\/2025\/10\/\u5fae\u4fe1\u56fe\u7247_20250927210646_1114_226-150x150.avif 150w, https:\/\/vapeenjoy.com\/wp-content\/uploads\/2025\/10\/\u5fae\u4fe1\u56fe\u7247_20250927210646_1114_226-768x768.avif 768w, https:\/\/vapeenjoy.com\/wp-content\/uploads\/2025\/10\/\u5fae\u4fe1\u56fe\u7247_20250927210646_1114_226-12x12.avif 12w, https:\/\/vapeenjoy.com\/wp-content\/uploads\/2025\/10\/\u5fae\u4fe1\u56fe\u7247_20250927210646_1114_226-1200x1200.avif 1200w, https:\/\/vapeenjoy.com\/wp-content\/uploads\/2025\/10\/\u5fae\u4fe1\u56fe\u7247_20250927210646_1114_226.avif 1280w\" sizes=\"(max-width: 600px) 100vw, 600px\" \/><\/div>\n\t\t\t\t\t<div class=\"wc-block-grid__product-title\">Waspe Aiviou 150K 6 en 1 sabores bajos de nicotina al por mayor 150000 gran puff vape desechable<\/div>\n\t\t\t\t<\/a>\n\t\t\t\t<div class=\"wc-block-grid__product-price price\"><del aria-hidden=\"true\"><span class=\"woocommerce-Price-amount amount\"><span class=\"woocommerce-Price-currencySymbol\">\u20ac<\/span>17.12<\/span><\/del> <span class=\"screen-reader-text\" data-no-translation=\"\" data-trp-gettext=\"\">El precio original era: &euro;17.12.<\/span><ins aria-hidden=\"true\"><span class=\"woocommerce-Price-amount amount\"><span class=\"woocommerce-Price-currencySymbol\">\u20ac<\/span>13.00<\/span><\/ins><span class=\"screen-reader-text\" data-no-translation=\"\" data-trp-gettext=\"\">El precio actual es: &euro;13.00.<\/span><\/div>\n\t\t\t\t\n\t\t\t\t<div class=\"wp-block-button wc-block-grid__product-add-to-cart\"><a href=\"https:\/\/vapeenjoy.com\/es\/producto\/waspe-aiviou-150k-puffs-6-en-1-sabores-vapes-desechables-baja-nicotina\/\" aria-label=\"Elige las opciones para \u201cWASPE Aiviou 150K 6 in 1 Flavors Low Nicotine Wholesale 150000 Big Puff Disposable Vape\u201d\" data-quantity=\"1\" data-product_id=\"3106\" data-product_sku=\"\" data-price=\"13\" rel=\"nofollow\" class=\"wp-block-button__link  add_to_cart_button\" data-no-translation=\"\" data-trp-gettext=\"\" data-no-translation-aria-label=\"\">Seleccionar opciones<\/a><\/div>\n\t\t\t<\/li><li class=\"wc-block-grid__product\">\n\t\t\t\t<a href=\"https:\/\/vapeenjoy.com\/es\/producto\/zooy-king-triple-80000-80k-puffs-3-en-1-sabores-vape-desechable-2-5-nicotina\/\" class=\"wc-block-grid__product-link\">\n\t\t\t\t\t<div class=\"wc-block-grid__product-onsale\">\n\t\t\t<span aria-hidden=\"true\" data-no-translation=\"\" data-trp-gettext=\"\">Oferta<\/span>\n\t\t\t<span class=\"screen-reader-text\" data-no-translation=\"\" data-trp-gettext=\"\">Producto en oferta<\/span>\n\t\t<\/div>\n\t\t\t\t\t<div class=\"wc-block-grid__product-image\"><img decoding=\"async\" width=\"600\" height=\"600\" src=\"https:\/\/vapeenjoy.com\/wp-content\/uploads\/2025\/10\/06-2-600x600.avif\" class=\"attachment-woocommerce_thumbnail size-woocommerce_thumbnail\" alt=\"Zooy King Triple 80000 Puffs 3 en 1 Sabores Vape desechable 2% 5% Nicotina\" srcset=\"https:\/\/vapeenjoy.com\/wp-content\/uploads\/2025\/10\/06-2-600x600.avif 600w, https:\/\/vapeenjoy.com\/wp-content\/uploads\/2025\/10\/06-2-300x300.avif 300w, https:\/\/vapeenjoy.com\/wp-content\/uploads\/2025\/10\/06-2-1024x1024.avif 1024w, https:\/\/vapeenjoy.com\/wp-content\/uploads\/2025\/10\/06-2-150x150.avif 150w, https:\/\/vapeenjoy.com\/wp-content\/uploads\/2025\/10\/06-2-768x768.avif 768w, https:\/\/vapeenjoy.com\/wp-content\/uploads\/2025\/10\/06-2-1536x1536.avif 1536w, https:\/\/vapeenjoy.com\/wp-content\/uploads\/2025\/10\/06-2-12x12.avif 12w, https:\/\/vapeenjoy.com\/wp-content\/uploads\/2025\/10\/06-2-1200x1200.avif 1200w, https:\/\/vapeenjoy.com\/wp-content\/uploads\/2025\/10\/06-2.avif 2000w\" sizes=\"(max-width: 600px) 100vw, 600px\" \/><\/div>\n\t\t\t\t\t<div class=\"wc-block-grid__product-title\">Zooy King Triple 80000 80K Puffs 3 en 1 Sabores Vape desechable 2% 5% Nicotina<\/div>\n\t\t\t\t<\/a>\n\t\t\t\t<div class=\"wc-block-grid__product-price price\"><del aria-hidden=\"true\"><span class=\"woocommerce-Price-amount amount\"><span class=\"woocommerce-Price-currencySymbol\">\u20ac<\/span>16.64<\/span><\/del> <span class=\"screen-reader-text\" data-no-translation=\"\" data-trp-gettext=\"\">El precio original era: &euro;16.64.<\/span><ins aria-hidden=\"true\"><span class=\"woocommerce-Price-amount amount\"><span class=\"woocommerce-Price-currencySymbol\">\u20ac<\/span>13.00<\/span><\/ins><span class=\"screen-reader-text\" data-no-translation=\"\" data-trp-gettext=\"\">El precio actual es: &euro;13.00.<\/span><\/div>\n\t\t\t\t\n\t\t\t\t<div class=\"wp-block-button wc-block-grid__product-add-to-cart\"><a href=\"https:\/\/vapeenjoy.com\/es\/producto\/zooy-king-triple-80000-80k-puffs-3-en-1-sabores-vape-desechable-2-5-nicotina\/\" aria-label=\"Elige las opciones para \u201cZOOY King Triple 80000 80K Puffs 3 In 1 Flavors Disposable Vape 2% 5% Nicotine\u201d\" data-quantity=\"1\" data-product_id=\"3091\" data-product_sku=\"\" data-price=\"13\" rel=\"nofollow\" class=\"wp-block-button__link  add_to_cart_button\" data-no-translation=\"\" data-trp-gettext=\"\" data-no-translation-aria-label=\"\">Seleccionar opciones<\/a><\/div>\n\t\t\t<\/li><li class=\"wc-block-grid__product\">\n\t\t\t\t<a href=\"https:\/\/vapeenjoy.com\/es\/producto\/fihp-60000-60k-puffs-3-en-1-sabores-vape-desechable-2-5-nicotina-54ml-e-liquido\/\" class=\"wc-block-grid__product-link\">\n\t\t\t\t\t<div class=\"wc-block-grid__product-onsale\">\n\t\t\t<span aria-hidden=\"true\" data-no-translation=\"\" data-trp-gettext=\"\">Oferta<\/span>\n\t\t\t<span class=\"screen-reader-text\" data-no-translation=\"\" data-trp-gettext=\"\">Producto en oferta<\/span>\n\t\t<\/div>\n\t\t\t\t\t<div class=\"wc-block-grid__product-image\"><img loading=\"lazy\" decoding=\"async\" width=\"600\" height=\"600\" src=\"https:\/\/vapeenjoy.com\/wp-content\/uploads\/2025\/09\/\u6d77\u62a5\u56fe_A-1-600x600.avif\" class=\"attachment-woocommerce_thumbnail size-woocommerce_thumbnail\" alt=\"FIHP 60000 60K Puffs 3 en 1 Sabores Vape desechable 0-5% Nicotina 54ml E-l\u00edquido\" srcset=\"https:\/\/vapeenjoy.com\/wp-content\/uploads\/2025\/09\/\u6d77\u62a5\u56fe_A-1-600x600.avif 600w, https:\/\/vapeenjoy.com\/wp-content\/uploads\/2025\/09\/\u6d77\u62a5\u56fe_A-1-300x300.avif 300w, https:\/\/vapeenjoy.com\/wp-content\/uploads\/2025\/09\/\u6d77\u62a5\u56fe_A-1-1024x1024.avif 1024w, https:\/\/vapeenjoy.com\/wp-content\/uploads\/2025\/09\/\u6d77\u62a5\u56fe_A-1-150x150.avif 150w, https:\/\/vapeenjoy.com\/wp-content\/uploads\/2025\/09\/\u6d77\u62a5\u56fe_A-1-768x768.avif 768w, https:\/\/vapeenjoy.com\/wp-content\/uploads\/2025\/09\/\u6d77\u62a5\u56fe_A-1-12x12.avif 12w, https:\/\/vapeenjoy.com\/wp-content\/uploads\/2025\/09\/\u6d77\u62a5\u56fe_A-1-1200x1200.avif 1200w, https:\/\/vapeenjoy.com\/wp-content\/uploads\/2025\/09\/\u6d77\u62a5\u56fe_A-1.avif 1500w\" sizes=\"(max-width: 600px) 100vw, 600px\" \/><\/div>\n\t\t\t\t\t<div class=\"wc-block-grid__product-title\">FIHP 60000 60K Puffs 3 en 1 Sabores Vape desechable 2% 5% Nicotina 54ml E-l\u00edquido<\/div>\n\t\t\t\t<\/a>\n\t\t\t\t<div class=\"wc-block-grid__product-price price\"><del aria-hidden=\"true\"><span class=\"woocommerce-Price-amount amount\"><span class=\"woocommerce-Price-currencySymbol\">\u20ac<\/span>16.64<\/span><\/del> <span class=\"screen-reader-text\" data-no-translation=\"\" data-trp-gettext=\"\">El precio original era: &euro;16.64.<\/span><ins aria-hidden=\"true\"><span class=\"woocommerce-Price-amount amount\"><span class=\"woocommerce-Price-currencySymbol\">\u20ac<\/span>13.10<\/span><\/ins><span class=\"screen-reader-text\" data-no-translation=\"\" data-trp-gettext=\"\">El precio actual es: &euro;13.10.<\/span><\/div>\n\t\t\t\t\n\t\t\t\t<div class=\"wp-block-button wc-block-grid__product-add-to-cart\"><a href=\"https:\/\/vapeenjoy.com\/es\/producto\/fihp-60000-60k-puffs-3-en-1-sabores-vape-desechable-2-5-nicotina-54ml-e-liquido\/\" aria-label=\"Elige las opciones para \u201cFIHP 60000 60K Puffs 3 IN 1 Flavors Disposable Vape 2% 5% Nicotine 54ml E-liquid\u201d\" data-quantity=\"1\" data-product_id=\"3074\" data-product_sku=\"\" data-price=\"13.1\" rel=\"nofollow\" class=\"wp-block-button__link  add_to_cart_button\" data-no-translation=\"\" data-trp-gettext=\"\" data-no-translation-aria-label=\"\">Seleccionar opciones<\/a><\/div>\n\t\t\t<\/li><\/ul><\/div><\/div>\n<\/div>\n\n\n\n<p><\/p>","protected":false},"excerpt":{"rendered":"","protected":false},"author":1,"featured_media":0,"parent":0,"menu_order":0,"comment_status":"closed","ping_status":"closed","template":"","meta":{"footnotes":""},"class_list":["post-8","page","type-page","status-publish","hentry"],"yoast_head":"<!-- This site is optimized with the Yoast SEO plugin v25.7 - https:\/\/yoast.com\/wordpress\/plugins\/seo\/ -->\n<title>VapeEnjoy Cart - Shop Premium Vapes &amp; E-Liquids Fast Checkout<\/title>\n<meta name=\"description\" content=\"Review your VapeEnjoy cart and shop premium vapes, e-liquids, and accessories. Enjoy fast, secure checkout and exclusive deals. Buy now!\" \/>\n<meta name=\"robots\" content=\"index, follow, max-snippet:-1, max-image-preview:large, max-video-preview:-1\" \/>\n<link rel=\"canonical\" href=\"https:\/\/vapeenjoy.com\/es\/carro-de-alegria-vape\/\" \/>\n<meta property=\"og:locale\" content=\"es_ES\" \/>\n<meta property=\"og:type\" content=\"article\" \/>\n<meta property=\"og:title\" content=\"VapeEnjoy Cart - Shop Premium Vapes &amp; E-Liquids Fast Checkout\" \/>\n<meta property=\"og:description\" content=\"Review your VapeEnjoy cart and shop premium vapes, e-liquids, and accessories. Enjoy fast, secure checkout and exclusive deals. Buy now!\" \/>\n<meta property=\"og:url\" content=\"https:\/\/vapeenjoy.com\/es\/carro-de-alegria-vape\/\" \/>\n<meta property=\"og:site_name\" content=\"vapeenjoy\" \/>\n<meta property=\"article:modified_time\" content=\"2025-08-22T02:22:19+00:00\" \/>\n<meta name=\"twitter:card\" content=\"summary_large_image\" \/>\n<meta name=\"twitter:label1\" content=\"Tiempo de lectura\" \/>\n\t<meta name=\"twitter:data1\" content=\"1 minuto\" \/>\n<script type=\"application\/ld+json\" class=\"yoast-schema-graph\">{\"@context\":\"https:\/\/schema.org\",\"@graph\":[{\"@type\":\"WebPage\",\"@id\":\"https:\/\/vapeenjoy.com\/vapeenjoy-cart\/\",\"url\":\"https:\/\/vapeenjoy.com\/vapeenjoy-cart\/\",\"name\":\"VapeEnjoy Cart - Shop Premium Vapes & E-Liquids Fast Checkout\",\"isPartOf\":{\"@id\":\"https:\/\/vapeenjoy.com\/#website\"},\"datePublished\":\"2025-07-16T06:46:06+00:00\",\"dateModified\":\"2025-08-22T02:22:19+00:00\",\"description\":\"Review your VapeEnjoy cart and shop premium vapes, e-liquids, and accessories. Enjoy fast, secure checkout and exclusive deals. Buy now!\",\"breadcrumb\":{\"@id\":\"https:\/\/vapeenjoy.com\/vapeenjoy-cart\/#breadcrumb\"},\"inLanguage\":\"es\",\"potentialAction\":[{\"@type\":\"ReadAction\",\"target\":[\"https:\/\/vapeenjoy.com\/vapeenjoy-cart\/\"]}]},{\"@type\":\"BreadcrumbList\",\"@id\":\"https:\/\/vapeenjoy.com\/vapeenjoy-cart\/#breadcrumb\",\"itemListElement\":[{\"@type\":\"ListItem\",\"position\":1,\"name\":\"Home\",\"item\":\"https:\/\/vapeenjoy.com\/\"},{\"@type\":\"ListItem\",\"position\":2,\"name\":\"Cart\"}]},{\"@type\":\"WebSite\",\"@id\":\"https:\/\/vapeenjoy.com\/#website\",\"url\":\"https:\/\/vapeenjoy.com\/\",\"name\":\"vapeenjoy\",\"description\":\"An online store for selling vapes\",\"potentialAction\":[{\"@type\":\"SearchAction\",\"target\":{\"@type\":\"EntryPoint\",\"urlTemplate\":\"https:\/\/vapeenjoy.com\/?s={search_term_string}\"},\"query-input\":{\"@type\":\"PropertyValueSpecification\",\"valueRequired\":true,\"valueName\":\"search_term_string\"}}],\"inLanguage\":\"es\"}]}<\/script>\n<!-- \/ Yoast SEO plugin. -->","yoast_head_json":{"title":"Carro VapeEnjoy - Comprar Vapes Premium &amp; E-Liquids Checkout r\u00e1pido","description":"Revise su carro VapeEnjoy y compre vapes premium, e-l\u00edquidos y accesorios. Disfruta de un pago r\u00e1pido y seguro y ofertas exclusivas. \u00a1Compre ahora!","robots":{"index":"index","follow":"follow","max-snippet":"max-snippet:-1","max-image-preview":"max-image-preview:large","max-video-preview":"max-video-preview:-1"},"canonical":"https:\/\/vapeenjoy.com\/es\/carro-de-alegria-vape\/","og_locale":"es_ES","og_type":"article","og_title":"VapeEnjoy Cart - Shop Premium Vapes & E-Liquids Fast Checkout","og_description":"Review your VapeEnjoy cart and shop premium vapes, e-liquids, and accessories. Enjoy fast, secure checkout and exclusive deals. Buy now!","og_url":"https:\/\/vapeenjoy.com\/es\/carro-de-alegria-vape\/","og_site_name":"vapeenjoy","article_modified_time":"2025-08-22T02:22:19+00:00","twitter_card":"summary_large_image","twitter_misc":{"Tiempo de lectura":"1 minuto"},"schema":{"@context":"https:\/\/schema.org","@graph":[{"@type":"WebPage","@id":"https:\/\/vapeenjoy.com\/vapeenjoy-cart\/","url":"https:\/\/vapeenjoy.com\/vapeenjoy-cart\/","name":"Carro VapeEnjoy - Comprar Vapes Premium &amp; E-Liquids Checkout r\u00e1pido","isPartOf":{"@id":"https:\/\/vapeenjoy.com\/#website"},"datePublished":"2025-07-16T06:46:06+00:00","dateModified":"2025-08-22T02:22:19+00:00","description":"Revise su carro VapeEnjoy y compre vapes premium, e-l\u00edquidos y accesorios. Disfruta de un pago r\u00e1pido y seguro y ofertas exclusivas. \u00a1Compre ahora!","breadcrumb":{"@id":"https:\/\/vapeenjoy.com\/vapeenjoy-cart\/#breadcrumb"},"inLanguage":"es","potentialAction":[{"@type":"ReadAction","target":["https:\/\/vapeenjoy.com\/vapeenjoy-cart\/"]}]},{"@type":"BreadcrumbList","@id":"https:\/\/vapeenjoy.com\/vapeenjoy-cart\/#breadcrumb","itemListElement":[{"@type":"ListItem","position":1,"name":"Home","item":"https:\/\/vapeenjoy.com\/"},{"@type":"ListItem","position":2,"name":"Cart"}]},{"@type":"WebSite","@id":"https:\/\/vapeenjoy.com\/#website","url":"https:\/\/vapeenjoy.com\/","name":"vapiar","description":"Una tienda online para vender vapes","potentialAction":[{"@type":"SearchAction","target":{"@type":"EntryPoint","urlTemplate":"https:\/\/vapeenjoy.com\/?s={search_term_string}"},"query-input":{"@type":"PropertyValueSpecification","valueRequired":true,"valueName":"search_term_string"}}],"inLanguage":"es"}]}},"_links":{"self":[{"href":"https:\/\/vapeenjoy.com\/es\/wp-json\/wp\/v2\/pages\/8","targetHints":{"allow":["GET"]}}],"collection":[{"href":"https:\/\/vapeenjoy.com\/es\/wp-json\/wp\/v2\/pages"}],"about":[{"href":"https:\/\/vapeenjoy.com\/es\/wp-json\/wp\/v2\/types\/page"}],"author":[{"embeddable":true,"href":"https:\/\/vapeenjoy.com\/es\/wp-json\/wp\/v2\/users\/1"}],"replies":[{"embeddable":true,"href":"https:\/\/vapeenjoy.com\/es\/wp-json\/wp\/v2\/comments?post=8"}],"version-history":[{"count":2,"href":"https:\/\/vapeenjoy.com\/es\/wp-json\/wp\/v2\/pages\/8\/revisions"}],"predecessor-version":[{"id":2393,"href":"https:\/\/vapeenjoy.com\/es\/wp-json\/wp\/v2\/pages\/8\/revisions\/2393"}],"wp:attachment":[{"href":"https:\/\/vapeenjoy.com\/es\/wp-json\/wp\/v2\/media?parent=8"}],"curies":[{"name":"pp","href":"https:\/\/api.w.org\/{rel}","templated":true}]}}