{"id":128,"date":"2025-07-17T10:07:57","date_gmt":"2025-07-17T10:07:57","guid":{"rendered":"https:\/\/vapeenjoy.com\/?post_type=product&#038;p=128"},"modified":"2026-01-17T03:24:13","modified_gmt":"2026-01-17T03:24:13","slug":"bang-de-60k-puffs-3-in-1-disposable-vape","status":"publish","type":"product","link":"https:\/\/vapeenjoy.com\/es\/producto\/bang-de-60k-puffs-3-en-1-vape-desechable\/","title":{"rendered":"Bang De 60K Puffs 3-en-1 Sabores Vape desechable 60ml 0-5% Bater\u00eda de nicotina 850mAh"},"content":{"rendered":"<h2>Bang de 60K Puffs 3 en 1 Sabores Vape desechable Descripci\u00f3n<\/h2>\n<p dir=\"ltr\">Bangvapes, una marca de confianza, ofrece constantemente dispositivos sabrosos para sabores variados. Por lo tanto, el Vape desechable 3 en 1 de Bang de 60K ofrece una opci\u00f3n c\u00f3moda y duradera. Adem\u00e1s, su elegante dise\u00f1o de 140 g garantiza portabilidad y un agarre c\u00f3modo.<\/p>\n<h2>Especificaciones de vape desechables de Bang De 60K<\/h2>\n<ul class=\"tight\" dir=\"ltr\" data-tight=\"true\">\n<li>\n<p dir=\"ltr\"><strong>Capacidad de la bocanada<\/strong>: 60.000 soplos, ideal para uso prolongado.<\/p>\n<\/li>\n<li>\n<p dir=\"ltr\"><strong>Capacidad de e-l\u00edquido<\/strong>: 60 ml de sal de nicotina, divididas en tres c\u00e1maras de sabor.<\/p>\n<\/li>\n<li>\n<p dir=\"ltr\"><strong>Fuerza de nicotina<\/strong>: 0%, 2%, 3% o 5%, para que los usuarios puedan elegir libremente.<\/p>\n<\/li>\n<li>\n<p dir=\"ltr\"><strong>serie<\/strong>: 850mAh, recargable a trav\u00e9s de Tipo-C para eficiencia.<\/p>\n<\/li>\n<li>\n<p dir=\"ltr\"><strong>Tipo de bobina<\/strong>: Bobinas de malla doble, mejorando el sabor y el vapor.<\/p>\n<\/li>\n<li>\n<p dir=\"ltr\"><strong>carga<\/strong>: Puerto tipo C, que permite una recarga r\u00e1pida.<\/p>\n<\/li>\n<li>\n<p dir=\"ltr\"><strong>sistema de sabores<\/strong>: 3 en 1 (A, B, A+B), permitiendo que se puedan utilizar conmutadores de sabor f\u00e1ciles.<\/p>\n<\/li>\n<li>\n<p dir=\"ltr\"><strong>muestra<\/strong>: LED inteligente, que muestra claramente la bater\u00eda y el recuento de soplo.<\/p>\n<\/li>\n<li>\n<p dir=\"ltr\"><strong>Estilo de inhalaci\u00f3n<\/strong>: Activado por tracci\u00f3n, asegurando un funcionamiento simple.<\/p>\n<\/li>\n<\/ul>\n<h2>12 combinaciones de sabores premium<\/h2>\n<ol class=\"tight\" dir=\"ltr\" data-tight=\"true\">\n<li>\n<p dir=\"ltr\"><strong>Hielo de sand\u00eda \/ menta de ar\u00e1ndanos<\/strong>: Jugosa sand\u00eda con notas heladas, mezclada con ar\u00e1ndano y menta.<\/p>\n<\/li>\n<li>\n<p dir=\"ltr\"><strong>Hielo de sand\u00eda \/ Cereza de ar\u00e1ndanos<\/strong>: Sand\u00eda fresca, combinada con ar\u00e1ndanos y cereza agria.<\/p>\n<\/li>\n<li>\n<p dir=\"ltr\"><strong>Ar\u00e1ndano Hielo \/ Melocot\u00f3n Mango Sand\u00eda<\/strong>: Ar\u00e1ndano helado, mezclado con melocot\u00f3n, mango y sand\u00eda.<\/p>\n<\/li>\n<li>\n<p dir=\"ltr\"><strong>Hielo de ar\u00e1ndanos \/ Hielo de durazno<\/strong>: Cool Blueberry, combinado con melocot\u00f3n y mentol.<\/p>\n<\/li>\n<li>\n<p dir=\"ltr\"><strong>Frambuesa de ar\u00e1ndano \/ bayas mixtas<\/strong>: Ar\u00e1ndano y frambuesa, fusionados con bayas mixtas.<\/p>\n<\/li>\n<li>\n<p dir=\"ltr\"><strong>Frambuesa de ar\u00e1ndano \/ Hielo de uva<\/strong>: Ar\u00e1ndano y frambuesa, realzado por uva helada.<\/p>\n<\/li>\n<li>\n<p dir=\"ltr\"><strong>Red Bull \/ Fresa Banana<\/strong>: Bold Red Bull, fusionado con fresa y pl\u00e1tano.<\/p>\n<\/li>\n<li>\n<p dir=\"ltr\"><strong>Red Bull \/ Sand\u00eda de Ar\u00e1ndanos<\/strong>: Red Bull, infundido con ar\u00e1ndanos y sand\u00eda.<\/p>\n<\/li>\n<li>\n<p dir=\"ltr\"><strong>Mango de fresa \/ Goma de burbujas de sand\u00eda<\/strong>: Fresa y mango, combinados con chicle de sand\u00eda.<\/p>\n<\/li>\n<li>\n<p dir=\"ltr\"><strong>kiwi de fresa \/ kiwi de fresa<\/strong>: Fresa y mango, mezclado con kiwi.<\/p>\n<\/li>\n<li>\n<p dir=\"ltr\"><strong>Sand\u00eda de fresa \/ Hielo de drag\u00f3n negro<\/strong>: Fresa y sand\u00eda, mezclada con drag\u00f3n negro helado.<\/p>\n<\/li>\n<li>\n<p dir=\"ltr\"><strong>Sand\u00eda de Fresa \/ guayaba de kiwi kiwi<\/strong>: Fresa y sand\u00eda, fusionada con kiwi, maracuy\u00e1 y guayaba.<\/p>\n<\/li>\n<\/ol>\n<h2>Preguntas frecuentes<\/h2>\n<ol class=\"tight\" dir=\"ltr\" data-tight=\"true\">\n<li>\n<p dir=\"ltr\"><strong>\u00bfC\u00f3mo cambio de sabores?<\/strong><br \/>\nSimplemente deslice el mecanismo para seleccionar el sabor A, B o A+B.<\/p>\n<\/li>\n<li>\n<p dir=\"ltr\"><strong>\u00bfEs recargable?<\/strong><br \/>\nDe hecho, la bater\u00eda de 850 mAh se recarga a trav\u00e9s de Tipo-C en 60-90 minutos.<\/p>\n<\/li>\n<li>\n<p dir=\"ltr\"><strong>\u00bfPuedo rellenar el e-l\u00edquido?<\/strong><br \/>\nNo, es un vape desechable no recargable para mayor comodidad.<\/p>\n<\/li>\n<li>\n<p dir=\"ltr\"><strong>\u00bfC\u00f3mo verifico el conteo de bater\u00eda o de soplo?<\/strong><br \/>\nConvenientemente, la pantalla LED muestra datos de bater\u00eda y soplo.<\/p>\n<\/li>\n<li>\n<p dir=\"ltr\"><strong>\u00bfQu\u00e9 puntos de nicotina est\u00e1n disponibles?<\/strong><br \/>\nEspec\u00edficamente, elija entre 0%, 2%, 3% o 5%.<\/p>\n<\/li>\n<li>\n<p dir=\"ltr\"><strong>\u00bfC\u00f3mo elijo un sabor?<\/strong><br \/>\nPor ejemplo, pruebe las mezclas de frutas como la sand\u00eda de fresa. Alternativamente, seleccione sabores audaces como Red Bull. Adem\u00e1s, experimente con los modos A, B o A+B.<\/p>\n<\/li>\n<\/ol>\n<p><img fetchpriority=\"high\" decoding=\"async\" class=\"alignnone wp-image-132 size-full\" style=\"color: #333333; font-size: 16px;\" src=\"https:\/\/vapeenjoy.com\/wp-content\/uploads\/2025\/07\/bang-de-60k-e1756194308575.jpg\" alt=\"Bang de 60k Puffs 3 en 1 Sabores de vape desechables\" width=\"1200\" height=\"1420\" srcset=\"https:\/\/vapeenjoy.com\/wp-content\/uploads\/2025\/07\/bang-de-60k-e1756194308575.jpg 1200w, https:\/\/vapeenjoy.com\/wp-content\/uploads\/2025\/07\/bang-de-60k-e1756194308575-150x178.jpg 150w, https:\/\/vapeenjoy.com\/wp-content\/uploads\/2025\/07\/bang-de-60k-e1756194308575-254x300.jpg 254w, https:\/\/vapeenjoy.com\/wp-content\/uploads\/2025\/07\/bang-de-60k-e1756194308575-865x1024.jpg 865w, https:\/\/vapeenjoy.com\/wp-content\/uploads\/2025\/07\/bang-de-60k-e1756194308575-768x909.jpg 768w, https:\/\/vapeenjoy.com\/wp-content\/uploads\/2025\/07\/bang-de-60k-e1756194308575-10x12.jpg 10w\" sizes=\"(max-width: 1200px) 100vw, 1200px\" \/><\/p>","protected":false},"excerpt":{"rendered":"<p dir=\"ltr\" data-pm-slice=\"1 1 []\">Bangvapes ofrece soluciones de vapeo fiables con el vaporizador desechable 3 en 1 de Bang de 60K. Este elegante dispositivo ofrece 60.000 bocanadas, 60 ml de e-l\u00edquido, 0-5% de nicotina, una bater\u00eda recargable de 850 mAh y un sistema de sabor 3 en 1 para un vaporizador personalizable y duradero.<\/p>","protected":false},"featured_media":131,"comment_status":"open","ping_status":"closed","template":"","meta":[],"product_brand":[16],"product_cat":[19],"product_tag":[64,63],"class_list":{"0":"post-128","1":"product","2":"type-product","3":"status-publish","4":"has-post-thumbnail","6":"product_brand-bang-vape","7":"product_cat-60000-puffs-vape","8":"product_tag-0-5-nicotine","9":"product_tag-60ml","11":"first","12":"instock","13":"sale","14":"shipping-taxable","15":"purchasable","16":"product-type-variable"},"yoast_head":"<!-- This site is optimized with the Yoast SEO plugin v25.7 - https:\/\/yoast.com\/wordpress\/plugins\/seo\/ -->\n<title>Bang De 60K Puffs 3-in-1 Disposable Vape 60ml 0-5% Nicotine<\/title>\n<meta name=\"description\" content=\"Bang De 60K Puffs 3-in-1 Disposable Vape: 60ml e-liquid, 0-5% nicotine, 850mAh battery. Triple flavors, dual coils, LED display. Shop now!\" \/>\n<meta name=\"robots\" content=\"index, follow, max-snippet:-1, max-image-preview:large, max-video-preview:-1\" \/>\n<link rel=\"canonical\" href=\"https:\/\/vapeenjoy.com\/es\/producto\/bang-de-60k-puffs-3-en-1-vape-desechable\/\" \/>\n<meta property=\"og:locale\" content=\"es_ES\" \/>\n<meta property=\"og:type\" content=\"article\" \/>\n<meta property=\"og:title\" content=\"Bang De 60K Puffs 3-in-1 Disposable Vape 60ml 0-5% Nicotine\" \/>\n<meta property=\"og:description\" content=\"Bang De 60K Puffs 3-in-1 Disposable Vape: 60ml e-liquid, 0-5% nicotine, 850mAh battery. Triple flavors, dual coils, LED display. Shop now!\" \/>\n<meta property=\"og:url\" content=\"https:\/\/vapeenjoy.com\/es\/producto\/bang-de-60k-puffs-3-en-1-vape-desechable\/\" \/>\n<meta property=\"og:site_name\" content=\"vapeenjoy\" \/>\n<meta property=\"article:modified_time\" content=\"2026-01-17T03:24:13+00:00\" \/>\n<meta property=\"og:image\" content=\"https:\/\/vapeenjoy.com\/wp-content\/uploads\/2025\/07\/bang-de-60k-puffs.jpg\" \/>\n\t<meta property=\"og:image:width\" content=\"1000\" \/>\n\t<meta property=\"og:image:height\" content=\"1000\" \/>\n\t<meta property=\"og:image:type\" content=\"image\/jpeg\" \/>\n<meta name=\"twitter:card\" content=\"summary_large_image\" \/>\n<meta name=\"twitter:label1\" content=\"Tiempo de lectura\" \/>\n\t<meta name=\"twitter:data1\" content=\"3 minutos\" \/>\n<script type=\"application\/ld+json\" class=\"yoast-schema-graph\">{\"@context\":\"https:\/\/schema.org\",\"@graph\":[{\"@type\":\"WebPage\",\"@id\":\"https:\/\/vapeenjoy.com\/product\/bang-de-60k-puffs-3-in-1-disposable-vape\/\",\"url\":\"https:\/\/vapeenjoy.com\/product\/bang-de-60k-puffs-3-in-1-disposable-vape\/\",\"name\":\"Bang De 60K Puffs 3-in-1 Disposable Vape 60ml 0-5% Nicotine\",\"isPartOf\":{\"@id\":\"https:\/\/vapeenjoy.com\/#website\"},\"primaryImageOfPage\":{\"@id\":\"https:\/\/vapeenjoy.com\/product\/bang-de-60k-puffs-3-in-1-disposable-vape\/#primaryimage\"},\"image\":{\"@id\":\"https:\/\/vapeenjoy.com\/product\/bang-de-60k-puffs-3-in-1-disposable-vape\/#primaryimage\"},\"thumbnailUrl\":\"https:\/\/vapeenjoy.com\/wp-content\/uploads\/2025\/07\/bang-de-60k-puffs.jpg\",\"datePublished\":\"2025-07-17T10:07:57+00:00\",\"dateModified\":\"2026-01-17T03:24:13+00:00\",\"description\":\"Bang De 60K Puffs 3-in-1 Disposable Vape: 60ml e-liquid, 0-5% nicotine, 850mAh battery. Triple flavors, dual coils, LED display. Shop now!\",\"breadcrumb\":{\"@id\":\"https:\/\/vapeenjoy.com\/product\/bang-de-60k-puffs-3-in-1-disposable-vape\/#breadcrumb\"},\"inLanguage\":\"es\",\"potentialAction\":[{\"@type\":\"ReadAction\",\"target\":[\"https:\/\/vapeenjoy.com\/product\/bang-de-60k-puffs-3-in-1-disposable-vape\/\"]}]},{\"@type\":\"ImageObject\",\"inLanguage\":\"es\",\"@id\":\"https:\/\/vapeenjoy.com\/product\/bang-de-60k-puffs-3-in-1-disposable-vape\/#primaryimage\",\"url\":\"https:\/\/vapeenjoy.com\/wp-content\/uploads\/2025\/07\/bang-de-60k-puffs.jpg\",\"contentUrl\":\"https:\/\/vapeenjoy.com\/wp-content\/uploads\/2025\/07\/bang-de-60k-puffs.jpg\",\"width\":1000,\"height\":1000},{\"@type\":\"BreadcrumbList\",\"@id\":\"https:\/\/vapeenjoy.com\/product\/bang-de-60k-puffs-3-in-1-disposable-vape\/#breadcrumb\",\"itemListElement\":[{\"@type\":\"ListItem\",\"position\":1,\"name\":\"Home\",\"item\":\"https:\/\/vapeenjoy.com\/\"},{\"@type\":\"ListItem\",\"position\":2,\"name\":\"Shop\",\"item\":\"https:\/\/vapeenjoy.com\/vapeenjoy-shop\/\"},{\"@type\":\"ListItem\",\"position\":3,\"name\":\"Bang De 60K Puffs 3-in-1 Flavors Disposable Vape 60ml 0-5% Nicotine 850mAh battery\"}]},{\"@type\":\"WebSite\",\"@id\":\"https:\/\/vapeenjoy.com\/#website\",\"url\":\"https:\/\/vapeenjoy.com\/\",\"name\":\"vapeenjoy\",\"description\":\"An online store for selling vapes\",\"potentialAction\":[{\"@type\":\"SearchAction\",\"target\":{\"@type\":\"EntryPoint\",\"urlTemplate\":\"https:\/\/vapeenjoy.com\/?s={search_term_string}\"},\"query-input\":{\"@type\":\"PropertyValueSpecification\",\"valueRequired\":true,\"valueName\":\"search_term_string\"}}],\"inLanguage\":\"es\"}]}<\/script>\n<!-- \/ Yoast SEO plugin. -->","yoast_head_json":{"title":"Bang de 60K Puffs 3 en 1 Vape desechable 60ml 0-5% Nicotina","description":"Bang de 60K Puffs 3 en 1 Vape desechable: E-Liquid 60ml, 0-5% Nicotina, 850mAh Bater\u00eda. Sabores triples, bobinas dobles, pantalla LED. \u00a1Compre ahora!","robots":{"index":"index","follow":"follow","max-snippet":"max-snippet:-1","max-image-preview":"max-image-preview:large","max-video-preview":"max-video-preview:-1"},"canonical":"https:\/\/vapeenjoy.com\/es\/producto\/bang-de-60k-puffs-3-en-1-vape-desechable\/","og_locale":"es_ES","og_type":"article","og_title":"Bang De 60K Puffs 3-in-1 Disposable Vape 60ml 0-5% Nicotine","og_description":"Bang De 60K Puffs 3-in-1 Disposable Vape: 60ml e-liquid, 0-5% nicotine, 850mAh battery. Triple flavors, dual coils, LED display. Shop now!","og_url":"https:\/\/vapeenjoy.com\/es\/producto\/bang-de-60k-puffs-3-en-1-vape-desechable\/","og_site_name":"vapeenjoy","article_modified_time":"2026-01-17T03:24:13+00:00","og_image":[{"width":1000,"height":1000,"url":"https:\/\/vapeenjoy.com\/wp-content\/uploads\/2025\/07\/bang-de-60k-puffs.jpg","type":"image\/jpeg"}],"twitter_card":"summary_large_image","twitter_misc":{"Tiempo de lectura":"3 minutos"},"schema":{"@context":"https:\/\/schema.org","@graph":[{"@type":"WebPage","@id":"https:\/\/vapeenjoy.com\/product\/bang-de-60k-puffs-3-in-1-disposable-vape\/","url":"https:\/\/vapeenjoy.com\/product\/bang-de-60k-puffs-3-in-1-disposable-vape\/","name":"Bang de 60K Puffs 3 en 1 Vape desechable 60ml 0-5% Nicotina","isPartOf":{"@id":"https:\/\/vapeenjoy.com\/#website"},"primaryImageOfPage":{"@id":"https:\/\/vapeenjoy.com\/product\/bang-de-60k-puffs-3-in-1-disposable-vape\/#primaryimage"},"image":{"@id":"https:\/\/vapeenjoy.com\/product\/bang-de-60k-puffs-3-in-1-disposable-vape\/#primaryimage"},"thumbnailUrl":"https:\/\/vapeenjoy.com\/wp-content\/uploads\/2025\/07\/bang-de-60k-puffs.jpg","datePublished":"2025-07-17T10:07:57+00:00","dateModified":"2026-01-17T03:24:13+00:00","description":"Bang de 60K Puffs 3 en 1 Vape desechable: E-Liquid 60ml, 0-5% Nicotina, 850mAh Bater\u00eda. Sabores triples, bobinas dobles, pantalla LED. \u00a1Compre ahora!","breadcrumb":{"@id":"https:\/\/vapeenjoy.com\/product\/bang-de-60k-puffs-3-in-1-disposable-vape\/#breadcrumb"},"inLanguage":"es","potentialAction":[{"@type":"ReadAction","target":["https:\/\/vapeenjoy.com\/product\/bang-de-60k-puffs-3-in-1-disposable-vape\/"]}]},{"@type":"ImageObject","inLanguage":"es","@id":"https:\/\/vapeenjoy.com\/product\/bang-de-60k-puffs-3-in-1-disposable-vape\/#primaryimage","url":"https:\/\/vapeenjoy.com\/wp-content\/uploads\/2025\/07\/bang-de-60k-puffs.jpg","contentUrl":"https:\/\/vapeenjoy.com\/wp-content\/uploads\/2025\/07\/bang-de-60k-puffs.jpg","width":1000,"height":1000},{"@type":"BreadcrumbList","@id":"https:\/\/vapeenjoy.com\/product\/bang-de-60k-puffs-3-in-1-disposable-vape\/#breadcrumb","itemListElement":[{"@type":"ListItem","position":1,"name":"Home","item":"https:\/\/vapeenjoy.com\/"},{"@type":"ListItem","position":2,"name":"Shop","item":"https:\/\/vapeenjoy.com\/vapeenjoy-shop\/"},{"@type":"ListItem","position":3,"name":"Bang De 60K Puffs 3-in-1 Flavors Disposable Vape 60ml 0-5% Nicotine 850mAh battery"}]},{"@type":"WebSite","@id":"https:\/\/vapeenjoy.com\/#website","url":"https:\/\/vapeenjoy.com\/","name":"vapiar","description":"Una tienda online para vender vapes","potentialAction":[{"@type":"SearchAction","target":{"@type":"EntryPoint","urlTemplate":"https:\/\/vapeenjoy.com\/?s={search_term_string}"},"query-input":{"@type":"PropertyValueSpecification","valueRequired":true,"valueName":"search_term_string"}}],"inLanguage":"es"}]}},"_links":{"self":[{"href":"https:\/\/vapeenjoy.com\/es\/wp-json\/wp\/v2\/product\/128","targetHints":{"allow":["GET"]}}],"collection":[{"href":"https:\/\/vapeenjoy.com\/es\/wp-json\/wp\/v2\/product"}],"about":[{"href":"https:\/\/vapeenjoy.com\/es\/wp-json\/wp\/v2\/types\/product"}],"replies":[{"embeddable":true,"href":"https:\/\/vapeenjoy.com\/es\/wp-json\/wp\/v2\/comments?post=128"}],"version-history":[{"count":5,"href":"https:\/\/vapeenjoy.com\/es\/wp-json\/wp\/v2\/product\/128\/revisions"}],"predecessor-version":[{"id":133,"href":"https:\/\/vapeenjoy.com\/es\/wp-json\/wp\/v2\/product\/128\/revisions\/133"}],"wp:featuredmedia":[{"embeddable":true,"href":"https:\/\/vapeenjoy.com\/es\/wp-json\/wp\/v2\/media\/131"}],"wp:attachment":[{"href":"https:\/\/vapeenjoy.com\/es\/wp-json\/wp\/v2\/media?parent=128"}],"wp:term":[{"taxonomy":"product_brand","embeddable":true,"href":"https:\/\/vapeenjoy.com\/es\/wp-json\/wp\/v2\/product_brand?post=128"},{"taxonomy":"product_cat","embeddable":true,"href":"https:\/\/vapeenjoy.com\/es\/wp-json\/wp\/v2\/product_cat?post=128"},{"taxonomy":"product_tag","embeddable":true,"href":"https:\/\/vapeenjoy.com\/es\/wp-json\/wp\/v2\/product_tag?post=128"}],"curies":[{"name":"pp","href":"https:\/\/api.w.org\/{rel}","templated":true}]}}