{"id":206,"date":"2025-07-18T10:00:26","date_gmt":"2025-07-18T10:00:26","guid":{"rendered":"https:\/\/vapeenjoy.com\/?post_type=product&#038;p=206"},"modified":"2025-08-19T07:23:01","modified_gmt":"2025-08-19T07:23:01","slug":"jnr-falcon-16000-puffs-disposable-vape","status":"publish","type":"product","link":"https:\/\/vapeenjoy.com\/es\/producto\/jnr-falcon-16000-bombillos-desechable\/","title":{"rendered":"JNR Falcon 16000 BOQUILLA DE VAPE DESECHABLE 22ML 2%-5% nicotina tipo C recargable"},"content":{"rendered":"<h2 dir=\"ltr\" data-pm-slice=\"1 1 []\">JNR Falcon 16000 Puffs Vape desechable Descripci\u00f3n del producto<\/h2>\n<p dir=\"ltr\">JNR, una marca bien establecida en la industria del vapeo, ofrece constantemente dispositivos innovadores adaptados a las diversas necesidades de los usuarios. Espec\u00edficamente, el vape desechable JNR Falcon 16000 Puffs combina alta capacidad, sabor excepcional y comodidad de uso. Adem\u00e1s, su dise\u00f1o elegante e inspirado en el cristal no solo mejora el atractivo visual, sino que tambi\u00e9n proporciona un agarre c\u00f3modo, lo que lo convierte en una excelente opci\u00f3n para el vapeo diario.<\/p>\n<h2 dir=\"ltr\">JNR Falcon 16000 SPUFFS Vape desechable Especificaciones<\/h2>\n<ul class=\"tight\" dir=\"ltr\" data-tight=\"true\">\n<li>\n<p dir=\"ltr\"><strong>Capacidad de la bocanada<\/strong>: Ofrece hasta 16.000 bocanadas, lo que garantiza un uso duradero tanto para vapeadores casuales como frecuentes.<\/p>\n<\/li>\n<li>\n<p dir=\"ltr\"><strong>Capacidad de e-l\u00edquido<\/strong>: Un generoso tanque de 22 ml garantiza sesiones extendidas con una entrega de sabor constante.<\/p>\n<\/li>\n<li>\n<p dir=\"ltr\"><strong>serie<\/strong>: Equipado con una bater\u00eda recargable de 850 mAh, soporta de forma fiable toda la vida \u00fatil del dispositivo.<\/p>\n<\/li>\n<li>\n<p dir=\"ltr\"><strong>Fuerza de nicotina<\/strong>: Disponible en opciones 2% o 5%, atendiendo a las preferencias de un golpe de garganta leve o m\u00e1s fuerte.<\/p>\n<\/li>\n<li>\n<p dir=\"ltr\"><strong>Tecnolog\u00eda de bobina<\/strong>: Las bobinas de malla dual proporcionan un calentamiento uniforme, lo que da como resultado un vapor denso y un rico sabor.<\/p>\n<\/li>\n<li>\n<p dir=\"ltr\"><strong>carga<\/strong>: Cuenta con puertos tipo C y Lightning para una recarga r\u00e1pida y vers\u00e1til.<\/p>\n<\/li>\n<li>\n<p dir=\"ltr\"><strong>flujo de aire<\/strong>: Los ajustes ajustables permiten a los usuarios personalizar su dibujo para un sabor o vapor \u00f3ptimos.<\/p>\n<\/li>\n<li>\n<p dir=\"ltr\"><strong>resistencia<\/strong>: La bobina de malla dual de 1 ohm garantiza un rendimiento suave y consistente.<\/p>\n<\/li>\n<\/ul>\n<h2 dir=\"ltr\">Variedad de sabor<\/h2>\n<p dir=\"ltr\">El JNR Falcon cuenta con 44 sabores diversos para satisfacer cada paladar. Por ejemplo, mezclas frutales como <em>Hielo de sand\u00eda de fresa<\/em> investigaciones operacionales <em>Fruta de la pasi\u00f3n de mango<\/em> entregar notas dulces y \u00e1cidas, mientras <em>hielo azul de razz<\/em> Proporciona un acabado refrescante de mentol. Adem\u00e1s, las opciones destacadas incluyen:<\/p>\n<ul class=\"tight\" dir=\"ltr\" data-tight=\"true\">\n<li>\n<p dir=\"ltr\"><em>mora frambuesa roja<\/em>: Una mezcla vibrante de moras \u00e1cidas y frambuesas dulces.<\/p>\n<\/li>\n<li>\n<p dir=\"ltr\"><em>Pomelo Limonada Hielo<\/em>: Combina pomelo agrio, limonada refrescante y mentolado fresco.<\/p>\n<\/li>\n<li>\n<p dir=\"ltr\"><em>T\u00e9 de melocot\u00f3n<\/em>: Combina melocot\u00f3n jugoso con notas de t\u00e9 oolong sutiles y terrosos.<\/p>\n<\/li>\n<li>\n<p dir=\"ltr\"><em>chicle de sand\u00eda<\/em>: Combina una sand\u00eda jugosa con una dulzura nost\u00e1lgica de chicle.<\/p>\n<\/li>\n<li>\n<p dir=\"ltr\"><em>hielo de cola<\/em>: Ofrece sabor a cola cl\u00e1sica con un toque brillante y helado.<\/p>\n<\/li>\n<\/ul>\n<h2 dir=\"ltr\">Preguntas frecuentes<\/h2>\n<h3 dir=\"ltr\">\u00bfCu\u00e1l es la duraci\u00f3n de la bater\u00eda?<\/h3>\n<p dir=\"ltr\">La bater\u00eda recargable de 850 mAh alimenta la capacidad completa de 16 000 soplos, lo que garantiza un rendimiento confiable en todo momento.<\/p>\n<h3 dir=\"ltr\">\u00bfCu\u00e1nto tiempo lleva la carga?<\/h3>\n<p dir=\"ltr\">Gracias a los puertos tipo C y Lightning, el dispositivo se carga normalmente en unos 30 minutos, dependiendo del cargador.<\/p>\n<h3 dir=\"ltr\">\u00bfC\u00f3mo elijo un sabor?<\/h3>\n<p dir=\"ltr\">Considere sus preferencias de sabor: las mezclas afrutadas ofrecen perfiles dulces y picantes, mientras que las opciones de mentol brindan un toque refrescante. Por lo tanto, probar varios sabores ayuda a identificar su favorito.<\/p>\n<h3 dir=\"ltr\">\u00bfPuedo ajustar el estilo de vapeo?<\/h3>\n<p dir=\"ltr\">De hecho, la funci\u00f3n de flujo de aire ajustable le permite cambiar entre un dibujo m\u00e1s apretado y centrado en el sabor y un vaporizador m\u00e1s suelto y pesado en la nube.<\/p>\n<h3 dir=\"ltr\">\u00bfQu\u00e9 puntos de nicotina est\u00e1n disponibles?<\/h3>\n<p dir=\"ltr\">Puede elegir entre 2% para una experiencia m\u00e1s leve o 5% para un golpe de garganta m\u00e1s intenso.<\/p>\n<h3 dir=\"ltr\">\u00bfC\u00f3mo mejora la bobina de malla dual el vapeo?<\/h3>\n<p dir=\"ltr\">Al calentar el e-l\u00edquido de manera uniforme, la bobina de malla dual produce vapores m\u00e1s densos y sabores m\u00e1s ricos en comparaci\u00f3n con los sistemas de bobina simple.<\/p>\n<h3 dir=\"ltr\">\u00bfEs adecuado para vapeadores pesados?<\/h3>\n<p dir=\"ltr\">Absolutamente, con su capacidad de 16.000 soplos y su tanque de e-l\u00edquido de 22 ml, este dispositivo es ideal para vapeadores pesados que buscan vapeos de alto rendimiento y larga duraci\u00f3n.<\/p>\n<p><img fetchpriority=\"high\" decoding=\"async\" class=\"alignnone wp-image-215 size-full\" src=\"https:\/\/vapeenjoy.com\/wp-content\/uploads\/2025\/07\/Falcon-Flavor.jpg\" alt=\"JNR Falcon 16000 Puffs Sabor Vape Desechable\" width=\"1920\" height=\"1787\" srcset=\"https:\/\/vapeenjoy.com\/wp-content\/uploads\/2025\/07\/Falcon-Flavor.jpg 1920w, https:\/\/vapeenjoy.com\/wp-content\/uploads\/2025\/07\/Falcon-Flavor-150x140.jpg 150w, https:\/\/vapeenjoy.com\/wp-content\/uploads\/2025\/07\/Falcon-Flavor-1200x1117.jpg 1200w, https:\/\/vapeenjoy.com\/wp-content\/uploads\/2025\/07\/Falcon-Flavor-300x279.jpg 300w, https:\/\/vapeenjoy.com\/wp-content\/uploads\/2025\/07\/Falcon-Flavor-1024x953.jpg 1024w, https:\/\/vapeenjoy.com\/wp-content\/uploads\/2025\/07\/Falcon-Flavor-768x715.jpg 768w, https:\/\/vapeenjoy.com\/wp-content\/uploads\/2025\/07\/Falcon-Flavor-1536x1430.jpg 1536w\" sizes=\"(max-width: 1920px) 100vw, 1920px\" \/><\/p>","protected":false},"excerpt":{"rendered":"<p>JNR, un nombre de confianza en el vaping, ofrece el JNR Falcon 16000 Puffs Vape desechable, un dispositivo de alta capacidad con un dise\u00f1o elegante inspirado en el cristal. Con una capacidad de 22 ml de e-l\u00edquido, bater\u00eda recargable de 850 mAh, bobinas de malla doble y fortalezas de nicotina 2-5%, ofrece sabores ricos y rendimiento duradero para todos los vapeadores.<\/p>","protected":false},"featured_media":207,"comment_status":"open","ping_status":"closed","template":"","meta":[],"product_brand":[33],"product_cat":[34],"product_tag":[99,98],"class_list":{"0":"post-206","1":"product","2":"type-product","3":"status-publish","4":"has-post-thumbnail","6":"product_brand-jnr-vape","7":"product_cat-16000-puffs-vape","8":"product_tag-2-5-nicotin","9":"product_tag-22ml","11":"first","12":"instock","13":"sale","14":"shipping-taxable","15":"purchasable","16":"product-type-variable"},"yoast_head":"<!-- This site is optimized with the Yoast SEO plugin v25.7 - https:\/\/yoast.com\/wordpress\/plugins\/seo\/ -->\n<title>JNR Falcon 16000 Puffs Disposable Vape 22ml 2%-5% Nicotine<\/title>\n<meta name=\"description\" content=\"JNR Falcon 16000 Puffs Disposable Vape: 22ml, 2%-5% nicotine, Type-C rechargeable. Dual mesh coils, adjustable airflow, 28+ flavors. Shop now!\" \/>\n<meta name=\"robots\" content=\"index, follow, max-snippet:-1, max-image-preview:large, max-video-preview:-1\" \/>\n<link rel=\"canonical\" href=\"https:\/\/vapeenjoy.com\/es\/producto\/jnr-falcon-16000-bombillos-desechable\/\" \/>\n<meta property=\"og:locale\" content=\"es_ES\" \/>\n<meta property=\"og:type\" content=\"article\" \/>\n<meta property=\"og:title\" content=\"JNR Falcon 16000 Puffs Disposable Vape 22ml 2%-5% Nicotine\" \/>\n<meta property=\"og:description\" content=\"JNR Falcon 16000 Puffs Disposable Vape: 22ml, 2%-5% nicotine, Type-C rechargeable. Dual mesh coils, adjustable airflow, 28+ flavors. Shop now!\" \/>\n<meta property=\"og:url\" content=\"https:\/\/vapeenjoy.com\/es\/producto\/jnr-falcon-16000-bombillos-desechable\/\" \/>\n<meta property=\"og:site_name\" content=\"vapeenjoy\" \/>\n<meta property=\"article:modified_time\" content=\"2025-08-19T07:23:01+00:00\" \/>\n<meta property=\"og:image\" content=\"https:\/\/vapeenjoy.com\/wp-content\/uploads\/2025\/07\/jnr-falon-16000-puffs.webp\" \/>\n\t<meta property=\"og:image:width\" content=\"1080\" \/>\n\t<meta property=\"og:image:height\" content=\"1080\" \/>\n\t<meta property=\"og:image:type\" content=\"image\/webp\" \/>\n<meta name=\"twitter:card\" content=\"summary_large_image\" \/>\n<meta name=\"twitter:label1\" content=\"Tiempo de lectura\" \/>\n\t<meta name=\"twitter:data1\" content=\"3 minutos\" \/>\n<script type=\"application\/ld+json\" class=\"yoast-schema-graph\">{\"@context\":\"https:\/\/schema.org\",\"@graph\":[{\"@type\":\"WebPage\",\"@id\":\"https:\/\/vapeenjoy.com\/product\/jnr-falcon-16000-puffs-disposable-vape\/\",\"url\":\"https:\/\/vapeenjoy.com\/product\/jnr-falcon-16000-puffs-disposable-vape\/\",\"name\":\"JNR Falcon 16000 Puffs Disposable Vape 22ml 2%-5% Nicotine\",\"isPartOf\":{\"@id\":\"https:\/\/vapeenjoy.com\/#website\"},\"primaryImageOfPage\":{\"@id\":\"https:\/\/vapeenjoy.com\/product\/jnr-falcon-16000-puffs-disposable-vape\/#primaryimage\"},\"image\":{\"@id\":\"https:\/\/vapeenjoy.com\/product\/jnr-falcon-16000-puffs-disposable-vape\/#primaryimage\"},\"thumbnailUrl\":\"https:\/\/vapeenjoy.com\/wp-content\/uploads\/2025\/07\/jnr-falon-16000-puffs.webp\",\"datePublished\":\"2025-07-18T10:00:26+00:00\",\"dateModified\":\"2025-08-19T07:23:01+00:00\",\"description\":\"JNR Falcon 16000 Puffs Disposable Vape: 22ml, 2%-5% nicotine, Type-C rechargeable. Dual mesh coils, adjustable airflow, 28+ flavors. Shop now!\",\"breadcrumb\":{\"@id\":\"https:\/\/vapeenjoy.com\/product\/jnr-falcon-16000-puffs-disposable-vape\/#breadcrumb\"},\"inLanguage\":\"es\",\"potentialAction\":[{\"@type\":\"ReadAction\",\"target\":[\"https:\/\/vapeenjoy.com\/product\/jnr-falcon-16000-puffs-disposable-vape\/\"]}]},{\"@type\":\"ImageObject\",\"inLanguage\":\"es\",\"@id\":\"https:\/\/vapeenjoy.com\/product\/jnr-falcon-16000-puffs-disposable-vape\/#primaryimage\",\"url\":\"https:\/\/vapeenjoy.com\/wp-content\/uploads\/2025\/07\/jnr-falon-16000-puffs.webp\",\"contentUrl\":\"https:\/\/vapeenjoy.com\/wp-content\/uploads\/2025\/07\/jnr-falon-16000-puffs.webp\",\"width\":1080,\"height\":1080},{\"@type\":\"BreadcrumbList\",\"@id\":\"https:\/\/vapeenjoy.com\/product\/jnr-falcon-16000-puffs-disposable-vape\/#breadcrumb\",\"itemListElement\":[{\"@type\":\"ListItem\",\"position\":1,\"name\":\"Home\",\"item\":\"https:\/\/vapeenjoy.com\/\"},{\"@type\":\"ListItem\",\"position\":2,\"name\":\"Shop\",\"item\":\"https:\/\/vapeenjoy.com\/vapeenjoy-shop\/\"},{\"@type\":\"ListItem\",\"position\":3,\"name\":\"JNR Falcon 16000 Puffs Disposable Vape 22ml 2%-5% Nicotine Type-C Rechargeable\"}]},{\"@type\":\"WebSite\",\"@id\":\"https:\/\/vapeenjoy.com\/#website\",\"url\":\"https:\/\/vapeenjoy.com\/\",\"name\":\"vapeenjoy\",\"description\":\"An online store for selling vapes\",\"potentialAction\":[{\"@type\":\"SearchAction\",\"target\":{\"@type\":\"EntryPoint\",\"urlTemplate\":\"https:\/\/vapeenjoy.com\/?s={search_term_string}\"},\"query-input\":{\"@type\":\"PropertyValueSpecification\",\"valueRequired\":true,\"valueName\":\"search_term_string\"}}],\"inLanguage\":\"es\"}]}<\/script>\n<!-- \/ Yoast SEO plugin. -->","yoast_head_json":{"title":"JNR Falcon 16000 Puffs Vape desechable 22ml 2%-5% Nicotina","description":"JNR Falcon 16000 Puffs Vape desechable: 22ml, 2%-5% Nicotina, Tipo-C recargable. Bobinas de malla doble, flujo de aire ajustable, 28+ sabores. \u00a1Compre ahora!","robots":{"index":"index","follow":"follow","max-snippet":"max-snippet:-1","max-image-preview":"max-image-preview:large","max-video-preview":"max-video-preview:-1"},"canonical":"https:\/\/vapeenjoy.com\/es\/producto\/jnr-falcon-16000-bombillos-desechable\/","og_locale":"es_ES","og_type":"article","og_title":"JNR Falcon 16000 Puffs Disposable Vape 22ml 2%-5% Nicotine","og_description":"JNR Falcon 16000 Puffs Disposable Vape: 22ml, 2%-5% nicotine, Type-C rechargeable. Dual mesh coils, adjustable airflow, 28+ flavors. Shop now!","og_url":"https:\/\/vapeenjoy.com\/es\/producto\/jnr-falcon-16000-bombillos-desechable\/","og_site_name":"vapeenjoy","article_modified_time":"2025-08-19T07:23:01+00:00","og_image":[{"width":1080,"height":1080,"url":"https:\/\/vapeenjoy.com\/wp-content\/uploads\/2025\/07\/jnr-falon-16000-puffs.webp","type":"image\/webp"}],"twitter_card":"summary_large_image","twitter_misc":{"Tiempo de lectura":"3 minutos"},"schema":{"@context":"https:\/\/schema.org","@graph":[{"@type":"WebPage","@id":"https:\/\/vapeenjoy.com\/product\/jnr-falcon-16000-puffs-disposable-vape\/","url":"https:\/\/vapeenjoy.com\/product\/jnr-falcon-16000-puffs-disposable-vape\/","name":"JNR Falcon 16000 Puffs Vape desechable 22ml 2%-5% Nicotina","isPartOf":{"@id":"https:\/\/vapeenjoy.com\/#website"},"primaryImageOfPage":{"@id":"https:\/\/vapeenjoy.com\/product\/jnr-falcon-16000-puffs-disposable-vape\/#primaryimage"},"image":{"@id":"https:\/\/vapeenjoy.com\/product\/jnr-falcon-16000-puffs-disposable-vape\/#primaryimage"},"thumbnailUrl":"https:\/\/vapeenjoy.com\/wp-content\/uploads\/2025\/07\/jnr-falon-16000-puffs.webp","datePublished":"2025-07-18T10:00:26+00:00","dateModified":"2025-08-19T07:23:01+00:00","description":"JNR Falcon 16000 Puffs Vape desechable: 22ml, 2%-5% Nicotina, Tipo-C recargable. Bobinas de malla doble, flujo de aire ajustable, 28+ sabores. \u00a1Compre ahora!","breadcrumb":{"@id":"https:\/\/vapeenjoy.com\/product\/jnr-falcon-16000-puffs-disposable-vape\/#breadcrumb"},"inLanguage":"es","potentialAction":[{"@type":"ReadAction","target":["https:\/\/vapeenjoy.com\/product\/jnr-falcon-16000-puffs-disposable-vape\/"]}]},{"@type":"ImageObject","inLanguage":"es","@id":"https:\/\/vapeenjoy.com\/product\/jnr-falcon-16000-puffs-disposable-vape\/#primaryimage","url":"https:\/\/vapeenjoy.com\/wp-content\/uploads\/2025\/07\/jnr-falon-16000-puffs.webp","contentUrl":"https:\/\/vapeenjoy.com\/wp-content\/uploads\/2025\/07\/jnr-falon-16000-puffs.webp","width":1080,"height":1080},{"@type":"BreadcrumbList","@id":"https:\/\/vapeenjoy.com\/product\/jnr-falcon-16000-puffs-disposable-vape\/#breadcrumb","itemListElement":[{"@type":"ListItem","position":1,"name":"Home","item":"https:\/\/vapeenjoy.com\/"},{"@type":"ListItem","position":2,"name":"Shop","item":"https:\/\/vapeenjoy.com\/vapeenjoy-shop\/"},{"@type":"ListItem","position":3,"name":"JNR Falcon 16000 Puffs Disposable Vape 22ml 2%-5% Nicotine Type-C Rechargeable"}]},{"@type":"WebSite","@id":"https:\/\/vapeenjoy.com\/#website","url":"https:\/\/vapeenjoy.com\/","name":"vapiar","description":"Una tienda online para vender vapes","potentialAction":[{"@type":"SearchAction","target":{"@type":"EntryPoint","urlTemplate":"https:\/\/vapeenjoy.com\/?s={search_term_string}"},"query-input":{"@type":"PropertyValueSpecification","valueRequired":true,"valueName":"search_term_string"}}],"inLanguage":"es"}]}},"_links":{"self":[{"href":"https:\/\/vapeenjoy.com\/es\/wp-json\/wp\/v2\/product\/206","targetHints":{"allow":["GET"]}}],"collection":[{"href":"https:\/\/vapeenjoy.com\/es\/wp-json\/wp\/v2\/product"}],"about":[{"href":"https:\/\/vapeenjoy.com\/es\/wp-json\/wp\/v2\/types\/product"}],"replies":[{"embeddable":true,"href":"https:\/\/vapeenjoy.com\/es\/wp-json\/wp\/v2\/comments?post=206"}],"version-history":[{"count":2,"href":"https:\/\/vapeenjoy.com\/es\/wp-json\/wp\/v2\/product\/206\/revisions"}],"predecessor-version":[{"id":2377,"href":"https:\/\/vapeenjoy.com\/es\/wp-json\/wp\/v2\/product\/206\/revisions\/2377"}],"wp:featuredmedia":[{"embeddable":true,"href":"https:\/\/vapeenjoy.com\/es\/wp-json\/wp\/v2\/media\/207"}],"wp:attachment":[{"href":"https:\/\/vapeenjoy.com\/es\/wp-json\/wp\/v2\/media?parent=206"}],"wp:term":[{"taxonomy":"product_brand","embeddable":true,"href":"https:\/\/vapeenjoy.com\/es\/wp-json\/wp\/v2\/product_brand?post=206"},{"taxonomy":"product_cat","embeddable":true,"href":"https:\/\/vapeenjoy.com\/es\/wp-json\/wp\/v2\/product_cat?post=206"},{"taxonomy":"product_tag","embeddable":true,"href":"https:\/\/vapeenjoy.com\/es\/wp-json\/wp\/v2\/product_tag?post=206"}],"curies":[{"name":"pp","href":"https:\/\/api.w.org\/{rel}","templated":true}]}}