{"id":2664,"date":"2025-09-03T06:35:14","date_gmt":"2025-09-03T06:35:14","guid":{"rendered":"https:\/\/vapeenjoy.com\/?post_type=product&#038;p=2664"},"modified":"2025-09-08T02:48:44","modified_gmt":"2025-09-08T02:48:44","slug":"uzy-crystal-4-in-1-flavors-100k-puffs-disposable-vape-56ml-e-liquid-0-5-nicotine","status":"publish","type":"product","link":"https:\/\/vapeenjoy.com\/es\/producto\/uzy-crystal-4-en-1-sabors-100k-puffs-vape-desechable-56ml-e-liquido-0-5-nicotina\/","title":{"rendered":"Uzy Crystal 4 en 1 Sabores 100K Puffs Vape desechable 56ml E-Liquid 0-5% Nicotina"},"content":{"rendered":"<h2>Uzy Crystal 4 en 1 Sabores 100K Puffs Vape desechable<\/h2>\n<p>Uzy, una marca de vapeo de confianza, revela el cristal 4 en 1 sabores 100k desechables de vapor. Por lo tanto, garantiza la comodidad de los vapeadores que buscan variedad. Adem\u00e1s, su dise\u00f1o de cristal ofrece durabilidad. Adem\u00e1s, el cuerpo transparente muestra un e-l\u00edquido vibrante. En consecuencia, combina estilo y funci\u00f3n sin problemas.<\/p>\n<h3>Especificaciones del producto<\/h3>\n<p>\u2022 <b>Recuento de soplo: 100.000<\/b> \u2013 Entrega 100.000 soplos para uso duradero.<br \/>\n\u2022 <b>Capacidad de e-l\u00edquido: 56ml<\/b> \u2013 Contiene 56 ml, 14 ml por sabor.<br \/>\n\u2022 <b>Bater\u00eda: 850mAh recargable<\/b> \u2013 Incluye bater\u00eda de 850mAh con carga tipo C.<br \/>\n\u2022 <b>Fuerza de nicotina: 0%-5%<\/b> \u2013 Proporciona 0%, 2%, 3%, 5% de nicotina.<br \/>\n\u2022 <b>Tipo de bobina: bobinas de malla quad 1.2\u03a9<\/b> \u2013 Cuatro bobinas aseguran un sabor audaz.<br \/>\n\u2022 <b>Puerto de carga: Tipo C<\/b> - Soporta carga r\u00e1pida tipo C.<br \/>\n\u2022 <b>Pantalla: pantalla LED inteligente<\/b> \u2013 Muestra el recuento de soplo y el estado de la bater\u00eda.<br \/>\n\u2022 <b>Material: PC<\/b> \u2013 Utiliza policarbonato ligero y duradero.<br \/>\n\u2022 <b>Activaci\u00f3n: activado por empu\u00f1adura<\/b> \u2013 Inhalar a vapeo para una operaci\u00f3n simple.<\/p>\n<h3>Combinaciones de sabores afrutados y tropicales<\/h3>\n<p>01. <b>Sand\u00eda de fresa, hielo Razz azul, ar\u00e1ndano frambuesa cereza, hielo cereza gaseoso<\/b> \u2013 Sand\u00eda-Strawberry, Razz Azul Icy, Berry-Cherry y Cereza Fizzy.<br \/>\n02. <b>Hielo de melocot\u00f3n, cereza de ar\u00e1ndanos, bebida energ\u00e9tica, lichi de sand\u00eda<\/b> \u2013 Melocot\u00f3n fresco, ar\u00e1ndano-cherry, bebida energ\u00e9tica audaz y sand\u00eda-lychee.<br \/>\n05. <b>Hielo de ar\u00e1ndanos, albaricoque de melocot\u00f3n de mango, guayaba de kiwi guayaba de fruta de la pasi\u00f3n, melocot\u00f3n blanco razz<\/b> \u2013 Ar\u00e1ndano fr\u00edo, mango-melocot\u00f3n, kiwi-guayava y razz melocot\u00f3n.<br \/>\n06. <b>Pi\u00f1a de mango de melocot\u00f3n, frambuesa de ar\u00e1ndanos, lim\u00f3n, lima, sand\u00eda y chicle de sand\u00eda<\/b> \u2013 Melocot\u00f3n-mango, bayas, lima-lima y sand\u00eda-burbuja.<br \/>\n09. <b>Hielo de sand\u00eda, cereza razz azul, melocot\u00f3n sour de sand\u00eda, kiwi de maracuy\u00e1<\/b> \u2013 Sand\u00eda fresca, Razz-Cherry azul, Sand\u00eda agria y melocot\u00f3n y kiwi.<\/p>\n<h3>Combinaciones de sabores inspirados en bayas y caramelos<\/h3>\n<p>03. <b>Hielo de ar\u00e1ndano, pl\u00e1tano de fresa, dos manzanas, bolos<\/b> \u2013 Ar\u00e1ndano helado, fresa-banana, manzanas crujientes y caramelos de Skittles.<br \/>\n04. <b>hielo de cereza, hielo de uva, mango de fruta de la pasi\u00f3n, amor 66<\/b> \u2013 Cool cherry-uma, maracuy\u00e1-mango y unico amor 66.<br \/>\n07. <b>Bayas mixtas, kiwi de fruta de la pasi\u00f3n, uva de ar\u00e1ndano, kiwi de fresa<\/b> \u2013 Bayas, kiwi-lima, ar\u00e1ndano-grape y fresa-kiwi.<br \/>\n08. <b>Hielo de fresa, osito de goma, drag\u00f3n de sand\u00eda, kiwi de ar\u00e1ndanos<\/b> \u2013 Fresa helada, osito de goma, fruta de sand\u00eda y drag\u00f3n y ar\u00e1ndano-kiwi.<br \/>\n10. <b>Fresa Mango, Mr Azul, Hielo de Melocot\u00f3n de Verano, Hielo Negro<\/b> \u2013 Fresa-mango, Mr Blue, Melocot\u00f3n fresco y hielo de moras.<\/p>\n<h3>preguntas frecuentes<\/h3>\n<p>1. \u00bfQu\u00e9 hace que el Uzy Crystal 4 en 1 sea \u00fanico?<br \/>\nSu sistema de quad-sabor ofrece variedad. Por ejemplo, dura m\u00e1s que la mayor\u00eda de los desechables.<\/p>\n<p>2 . \u00bfC\u00f3mo s\u00e9 cu\u00e1ndo recargar?<br \/>\nLa pantalla LED muestra el estado de la bater\u00eda. Por lo tanto, se\u00f1ala las necesidades de carga de tipo C.<\/p>\n<p>3. \u00bfC\u00f3mo cambio de sabores?<br \/>\nGirar entre c\u00e1maras de sabor. Por lo tanto, el cambio es r\u00e1pido y f\u00e1cil.<\/p>\n<p>4. \u00bfC\u00f3mo elijo la combinaci\u00f3n de sabores correcta?<br \/>\nElija pi\u00f1a de mango de melocot\u00f3n afrutado para notas tropicales. Alternativamente, seleccione Skittles para obtener una dulzura similar a los dulces.<\/p>\n<p>5. \u00bfEs adecuado para vapear sin nicotina?<br \/>\nS\u00ed, ofrece nicotina 0%. Por lo tanto, es ideal para uso exclusivo de sabor.<\/p>\n<p>6. \u00bfC\u00f3mo mejoran las bobinas de malla cu\u00e1druple el vapeo?<br \/>\nCuatro bobinas de 1,2 \u03a9 calientan uniformemente. Como resultado, el sabor se mantiene audaz de manera constante.<\/p>\n<p>7 . \u00bfEl dispositivo es f\u00e1cil de usar?<br \/>\nSu dise\u00f1o activado por tracci\u00f3n simplifica la operaci\u00f3n. En consecuencia, se adapta perfectamente a todos los usuarios.<\/p>\n<p><img fetchpriority=\"high\" decoding=\"async\" class=\"alignnone wp-image-2667 size-full\" src=\"https:\/\/vapeenjoy.com\/wp-content\/uploads\/2025\/09\/\u6d77\u62a55-scaled.jpg\" alt=\"Uzy Crystal 4 en 1 Sabores 100K Puff Sabores desechables Vape\" width=\"1753\" height=\"2560\" srcset=\"https:\/\/vapeenjoy.com\/wp-content\/uploads\/2025\/09\/\u6d77\u62a55-scaled.jpg 1753w, https:\/\/vapeenjoy.com\/wp-content\/uploads\/2025\/09\/\u6d77\u62a55-205x300.jpg 205w, https:\/\/vapeenjoy.com\/wp-content\/uploads\/2025\/09\/\u6d77\u62a55-701x1024.jpg 701w, https:\/\/vapeenjoy.com\/wp-content\/uploads\/2025\/09\/\u6d77\u62a55-768x1122.jpg 768w, https:\/\/vapeenjoy.com\/wp-content\/uploads\/2025\/09\/\u6d77\u62a55-1052x1536.jpg 1052w, https:\/\/vapeenjoy.com\/wp-content\/uploads\/2025\/09\/\u6d77\u62a55-1402x2048.jpg 1402w, https:\/\/vapeenjoy.com\/wp-content\/uploads\/2025\/09\/\u6d77\u62a55-8x12.jpg 8w, https:\/\/vapeenjoy.com\/wp-content\/uploads\/2025\/09\/\u6d77\u62a55-1200x1753.jpg 1200w, https:\/\/vapeenjoy.com\/wp-content\/uploads\/2025\/09\/\u6d77\u62a55-150x219.jpg 150w\" sizes=\"(max-width: 1753px) 100vw, 1753px\" \/><\/p>","protected":false},"excerpt":{"rendered":"<p dir=\"auto\">Descubra el Uzy Crystal 4 en 1 Flavors 100K Puffs Vape desechable con 56ml E-Liquid y 0-5% Nicotina. Disfrute de sabores frutales, tropicales, bayas y dulces en un dispositivo duradero y activado por Draw con una pantalla LED inteligente. Perfecto para vapeo vers\u00e1til y duradero.<\/p>","protected":false},"featured_media":2672,"comment_status":"open","ping_status":"closed","template":"","meta":[],"product_brand":[38],"product_cat":[36],"product_tag":[217,72],"class_list":{"0":"post-2664","1":"product","2":"type-product","3":"status-publish","4":"has-post-thumbnail","6":"product_brand-uzy-vape","7":"product_cat-100k-puffs-vape","8":"product_tag-4-in-1-flavors","9":"product_tag-56ml","11":"first","12":"instock","13":"sale","14":"shipping-taxable","15":"purchasable","16":"product-type-variable"},"yoast_head":"<!-- This site is optimized with the Yoast SEO plugin v25.7 - https:\/\/yoast.com\/wordpress\/plugins\/seo\/ -->\n<title>UZY Crystal 4 in 1 Flavors 100K Puffs Disposable Vape 56ml<\/title>\n<meta name=\"description\" content=\"Buy now! UZY Crystal 4 in 1 Flavors Disposable Vape, 100K puffs, 56ml e-liquid, 0-5% nicotine. Fruity, berry, candy flavors in a durable device.\" \/>\n<meta name=\"robots\" content=\"index, follow, max-snippet:-1, max-image-preview:large, max-video-preview:-1\" \/>\n<link rel=\"canonical\" href=\"https:\/\/vapeenjoy.com\/es\/producto\/uzy-crystal-4-en-1-sabors-100k-puffs-vape-desechable-56ml-e-liquido-0-5-nicotina\/\" \/>\n<meta property=\"og:locale\" content=\"es_ES\" \/>\n<meta property=\"og:type\" content=\"article\" \/>\n<meta property=\"og:title\" content=\"UZY Crystal 4 in 1 Flavors 100K Puffs Disposable Vape 56ml\" \/>\n<meta property=\"og:description\" content=\"Buy now! UZY Crystal 4 in 1 Flavors Disposable Vape, 100K puffs, 56ml e-liquid, 0-5% nicotine. Fruity, berry, candy flavors in a durable device.\" \/>\n<meta property=\"og:url\" content=\"https:\/\/vapeenjoy.com\/es\/producto\/uzy-crystal-4-en-1-sabors-100k-puffs-vape-desechable-56ml-e-liquido-0-5-nicotina\/\" \/>\n<meta property=\"og:site_name\" content=\"vapeenjoy\" \/>\n<meta property=\"article:modified_time\" content=\"2025-09-08T02:48:44+00:00\" \/>\n<meta property=\"og:image\" content=\"https:\/\/vapeenjoy.com\/wp-content\/uploads\/2025\/09\/\u6d77\u62a54-scaled.jpg\" \/>\n\t<meta property=\"og:image:width\" content=\"2291\" \/>\n\t<meta property=\"og:image:height\" content=\"2560\" \/>\n\t<meta property=\"og:image:type\" content=\"image\/jpeg\" \/>\n<meta name=\"twitter:card\" content=\"summary_large_image\" \/>\n<meta name=\"twitter:label1\" content=\"Tiempo de lectura\" \/>\n\t<meta name=\"twitter:data1\" content=\"3 minutos\" \/>\n<script type=\"application\/ld+json\" class=\"yoast-schema-graph\">{\"@context\":\"https:\/\/schema.org\",\"@graph\":[{\"@type\":\"WebPage\",\"@id\":\"https:\/\/vapeenjoy.com\/product\/uzy-crystal-4-in-1-flavors-100k-puffs-disposable-vape-56ml-e-liquid-0-5-nicotine\/\",\"url\":\"https:\/\/vapeenjoy.com\/product\/uzy-crystal-4-in-1-flavors-100k-puffs-disposable-vape-56ml-e-liquid-0-5-nicotine\/\",\"name\":\"UZY Crystal 4 in 1 Flavors 100K Puffs Disposable Vape 56ml\",\"isPartOf\":{\"@id\":\"https:\/\/vapeenjoy.com\/#website\"},\"primaryImageOfPage\":{\"@id\":\"https:\/\/vapeenjoy.com\/product\/uzy-crystal-4-in-1-flavors-100k-puffs-disposable-vape-56ml-e-liquid-0-5-nicotine\/#primaryimage\"},\"image\":{\"@id\":\"https:\/\/vapeenjoy.com\/product\/uzy-crystal-4-in-1-flavors-100k-puffs-disposable-vape-56ml-e-liquid-0-5-nicotine\/#primaryimage\"},\"thumbnailUrl\":\"https:\/\/vapeenjoy.com\/wp-content\/uploads\/2025\/09\/\u6d77\u62a54-scaled.jpg\",\"datePublished\":\"2025-09-03T06:35:14+00:00\",\"dateModified\":\"2025-09-08T02:48:44+00:00\",\"description\":\"Buy now! UZY Crystal 4 in 1 Flavors Disposable Vape, 100K puffs, 56ml e-liquid, 0-5% nicotine. Fruity, berry, candy flavors in a durable device.\",\"breadcrumb\":{\"@id\":\"https:\/\/vapeenjoy.com\/product\/uzy-crystal-4-in-1-flavors-100k-puffs-disposable-vape-56ml-e-liquid-0-5-nicotine\/#breadcrumb\"},\"inLanguage\":\"es\",\"potentialAction\":[{\"@type\":\"ReadAction\",\"target\":[\"https:\/\/vapeenjoy.com\/product\/uzy-crystal-4-in-1-flavors-100k-puffs-disposable-vape-56ml-e-liquid-0-5-nicotine\/\"]}]},{\"@type\":\"ImageObject\",\"inLanguage\":\"es\",\"@id\":\"https:\/\/vapeenjoy.com\/product\/uzy-crystal-4-in-1-flavors-100k-puffs-disposable-vape-56ml-e-liquid-0-5-nicotine\/#primaryimage\",\"url\":\"https:\/\/vapeenjoy.com\/wp-content\/uploads\/2025\/09\/\u6d77\u62a54-scaled.jpg\",\"contentUrl\":\"https:\/\/vapeenjoy.com\/wp-content\/uploads\/2025\/09\/\u6d77\u62a54-scaled.jpg\",\"width\":2291,\"height\":2560,\"caption\":\"UZY Crystal 4 in 1 Flavors 100K Puffs Disposable Vape 56ml E-liquid 0-5% Nicotine\"},{\"@type\":\"BreadcrumbList\",\"@id\":\"https:\/\/vapeenjoy.com\/product\/uzy-crystal-4-in-1-flavors-100k-puffs-disposable-vape-56ml-e-liquid-0-5-nicotine\/#breadcrumb\",\"itemListElement\":[{\"@type\":\"ListItem\",\"position\":1,\"name\":\"Home\",\"item\":\"https:\/\/vapeenjoy.com\/\"},{\"@type\":\"ListItem\",\"position\":2,\"name\":\"Shop\",\"item\":\"https:\/\/vapeenjoy.com\/vapeenjoy-shop\/\"},{\"@type\":\"ListItem\",\"position\":3,\"name\":\"UZY Crystal 4 in 1 Flavors 100K Puffs Disposable Vape 56ml E-liquid 0-5% Nicotine\"}]},{\"@type\":\"WebSite\",\"@id\":\"https:\/\/vapeenjoy.com\/#website\",\"url\":\"https:\/\/vapeenjoy.com\/\",\"name\":\"vapeenjoy\",\"description\":\"An online store for selling vapes\",\"potentialAction\":[{\"@type\":\"SearchAction\",\"target\":{\"@type\":\"EntryPoint\",\"urlTemplate\":\"https:\/\/vapeenjoy.com\/?s={search_term_string}\"},\"query-input\":{\"@type\":\"PropertyValueSpecification\",\"valueRequired\":true,\"valueName\":\"search_term_string\"}}],\"inLanguage\":\"es\"}]}<\/script>\n<!-- \/ Yoast SEO plugin. -->","yoast_head_json":{"title":"Uzy Crystal 4 en 1 Sabores 100K Puffs Vape desechable 56ml","description":"\u00a1Compre ahora! Uzy Crystal 4 en 1 Sabors Vape desechable, 100K de 100K, e-l\u00edquido de 56ml, 0-5% Nicotina. Sabores afrutados, bayas, caramelos en un dispositivo duradero.","robots":{"index":"index","follow":"follow","max-snippet":"max-snippet:-1","max-image-preview":"max-image-preview:large","max-video-preview":"max-video-preview:-1"},"canonical":"https:\/\/vapeenjoy.com\/es\/producto\/uzy-crystal-4-en-1-sabors-100k-puffs-vape-desechable-56ml-e-liquido-0-5-nicotina\/","og_locale":"es_ES","og_type":"article","og_title":"UZY Crystal 4 in 1 Flavors 100K Puffs Disposable Vape 56ml","og_description":"Buy now! UZY Crystal 4 in 1 Flavors Disposable Vape, 100K puffs, 56ml e-liquid, 0-5% nicotine. Fruity, berry, candy flavors in a durable device.","og_url":"https:\/\/vapeenjoy.com\/es\/producto\/uzy-crystal-4-en-1-sabors-100k-puffs-vape-desechable-56ml-e-liquido-0-5-nicotina\/","og_site_name":"vapeenjoy","article_modified_time":"2025-09-08T02:48:44+00:00","og_image":[{"width":2291,"height":2560,"url":"https:\/\/vapeenjoy.com\/wp-content\/uploads\/2025\/09\/\u6d77\u62a54-scaled.jpg","type":"image\/jpeg"}],"twitter_card":"summary_large_image","twitter_misc":{"Tiempo de lectura":"3 minutos"},"schema":{"@context":"https:\/\/schema.org","@graph":[{"@type":"WebPage","@id":"https:\/\/vapeenjoy.com\/product\/uzy-crystal-4-in-1-flavors-100k-puffs-disposable-vape-56ml-e-liquid-0-5-nicotine\/","url":"https:\/\/vapeenjoy.com\/product\/uzy-crystal-4-in-1-flavors-100k-puffs-disposable-vape-56ml-e-liquid-0-5-nicotine\/","name":"Uzy Crystal 4 en 1 Sabores 100K Puffs Vape desechable 56ml","isPartOf":{"@id":"https:\/\/vapeenjoy.com\/#website"},"primaryImageOfPage":{"@id":"https:\/\/vapeenjoy.com\/product\/uzy-crystal-4-in-1-flavors-100k-puffs-disposable-vape-56ml-e-liquid-0-5-nicotine\/#primaryimage"},"image":{"@id":"https:\/\/vapeenjoy.com\/product\/uzy-crystal-4-in-1-flavors-100k-puffs-disposable-vape-56ml-e-liquid-0-5-nicotine\/#primaryimage"},"thumbnailUrl":"https:\/\/vapeenjoy.com\/wp-content\/uploads\/2025\/09\/\u6d77\u62a54-scaled.jpg","datePublished":"2025-09-03T06:35:14+00:00","dateModified":"2025-09-08T02:48:44+00:00","description":"\u00a1Compre ahora! Uzy Crystal 4 en 1 Sabors Vape desechable, 100K de 100K, e-l\u00edquido de 56ml, 0-5% Nicotina. Sabores afrutados, bayas, caramelos en un dispositivo duradero.","breadcrumb":{"@id":"https:\/\/vapeenjoy.com\/product\/uzy-crystal-4-in-1-flavors-100k-puffs-disposable-vape-56ml-e-liquid-0-5-nicotine\/#breadcrumb"},"inLanguage":"es","potentialAction":[{"@type":"ReadAction","target":["https:\/\/vapeenjoy.com\/product\/uzy-crystal-4-in-1-flavors-100k-puffs-disposable-vape-56ml-e-liquid-0-5-nicotine\/"]}]},{"@type":"ImageObject","inLanguage":"es","@id":"https:\/\/vapeenjoy.com\/product\/uzy-crystal-4-in-1-flavors-100k-puffs-disposable-vape-56ml-e-liquid-0-5-nicotine\/#primaryimage","url":"https:\/\/vapeenjoy.com\/wp-content\/uploads\/2025\/09\/\u6d77\u62a54-scaled.jpg","contentUrl":"https:\/\/vapeenjoy.com\/wp-content\/uploads\/2025\/09\/\u6d77\u62a54-scaled.jpg","width":2291,"height":2560,"caption":"UZY Crystal 4 in 1 Flavors 100K Puffs Disposable Vape 56ml E-liquid 0-5% Nicotine"},{"@type":"BreadcrumbList","@id":"https:\/\/vapeenjoy.com\/product\/uzy-crystal-4-in-1-flavors-100k-puffs-disposable-vape-56ml-e-liquid-0-5-nicotine\/#breadcrumb","itemListElement":[{"@type":"ListItem","position":1,"name":"Home","item":"https:\/\/vapeenjoy.com\/"},{"@type":"ListItem","position":2,"name":"Shop","item":"https:\/\/vapeenjoy.com\/vapeenjoy-shop\/"},{"@type":"ListItem","position":3,"name":"UZY Crystal 4 in 1 Flavors 100K Puffs Disposable Vape 56ml E-liquid 0-5% Nicotine"}]},{"@type":"WebSite","@id":"https:\/\/vapeenjoy.com\/#website","url":"https:\/\/vapeenjoy.com\/","name":"vapiar","description":"Una tienda online para vender vapes","potentialAction":[{"@type":"SearchAction","target":{"@type":"EntryPoint","urlTemplate":"https:\/\/vapeenjoy.com\/?s={search_term_string}"},"query-input":{"@type":"PropertyValueSpecification","valueRequired":true,"valueName":"search_term_string"}}],"inLanguage":"es"}]}},"_links":{"self":[{"href":"https:\/\/vapeenjoy.com\/es\/wp-json\/wp\/v2\/product\/2664","targetHints":{"allow":["GET"]}}],"collection":[{"href":"https:\/\/vapeenjoy.com\/es\/wp-json\/wp\/v2\/product"}],"about":[{"href":"https:\/\/vapeenjoy.com\/es\/wp-json\/wp\/v2\/types\/product"}],"replies":[{"embeddable":true,"href":"https:\/\/vapeenjoy.com\/es\/wp-json\/wp\/v2\/comments?post=2664"}],"version-history":[{"count":1,"href":"https:\/\/vapeenjoy.com\/es\/wp-json\/wp\/v2\/product\/2664\/revisions"}],"predecessor-version":[{"id":2673,"href":"https:\/\/vapeenjoy.com\/es\/wp-json\/wp\/v2\/product\/2664\/revisions\/2673"}],"wp:featuredmedia":[{"embeddable":true,"href":"https:\/\/vapeenjoy.com\/es\/wp-json\/wp\/v2\/media\/2672"}],"wp:attachment":[{"href":"https:\/\/vapeenjoy.com\/es\/wp-json\/wp\/v2\/media?parent=2664"}],"wp:term":[{"taxonomy":"product_brand","embeddable":true,"href":"https:\/\/vapeenjoy.com\/es\/wp-json\/wp\/v2\/product_brand?post=2664"},{"taxonomy":"product_cat","embeddable":true,"href":"https:\/\/vapeenjoy.com\/es\/wp-json\/wp\/v2\/product_cat?post=2664"},{"taxonomy":"product_tag","embeddable":true,"href":"https:\/\/vapeenjoy.com\/es\/wp-json\/wp\/v2\/product_tag?post=2664"}],"curies":[{"name":"pp","href":"https:\/\/api.w.org\/{rel}","templated":true}]}}