{"id":271,"date":"2025-07-21T03:14:03","date_gmt":"2025-07-21T03:14:03","guid":{"rendered":"https:\/\/vapeenjoy.com\/?post_type=product&#038;p=271"},"modified":"2025-08-26T07:11:05","modified_gmt":"2025-08-26T07:11:05","slug":"uzy-tornado-30000-30k-puffs-double-flavors-disposable-vape-40ml-0-5-nicotine","status":"publish","type":"product","link":"https:\/\/vapeenjoy.com\/es\/producto\/uzy-tornado-30000-30k-puffs-doble-sabores-vape-desechable-40ml-0-5-nicotina\/","title":{"rendered":"Uzy Tornado 30000 30K Puffs Doble Sabores Vape desechable 40ml 0-5% Nicotina"},"content":{"rendered":"<h2 dir=\"ltr\" data-pm-slice=\"1 1 []\">Uzy Tornado 30000 Puffs Vape desechable Descripci\u00f3n del producto<\/h2>\n<p dir=\"ltr\">UZY es una marca apasionada por ser pionera en soluciones innovadoras de vapeo, enfatizando la calidad excepcional y la satisfacci\u00f3n del usuario. Espec\u00edficamente, el Uzy Tornado 30000 Puffs Vape desechable, disponible en Vape Enjoy, ofrece una experiencia de vapeo incomparable y duradera. Adem\u00e1s, su dise\u00f1o elegante y compacto presenta una pantalla vibrante de pantalla RGD, que combina un atractivo est\u00e9tico con una funcionalidad pr\u00e1ctica. En consecuencia, el innovador sistema de doble compartimento del dispositivo permite a los usuarios cambiar sin esfuerzo entre dos sabores distintos, mejorando la versatilidad. Por ejemplo, esta funci\u00f3n atiende a vapers que buscan variedad sin m\u00faltiples dispositivos. Por lo tanto, el Tornado 30000 se destaca como una opci\u00f3n elegante y f\u00e1cil de usar para vapers novatos y experimentados.<\/p>\n<h2 dir=\"ltr\">Uzy Tornado 30K Puffs Vape desechable Especificaciones<\/h2>\n<ul class=\"tight\" dir=\"ltr\" data-tight=\"true\">\n<li>\n<p dir=\"ltr\"><strong>Recuento de soplos<\/strong>: Hasta 30.000 bocanadas, asegurando un uso prolongado sin reemplazos frecuentes.<\/p>\n<\/li>\n<li>\n<p dir=\"ltr\"><strong>Capacidad de e-l\u00edquido<\/strong>: Tanques duales de 20 ml (40 ml en total), proporcionando un l\u00edquido sustancial para sesiones prolongadas.<\/p>\n<\/li>\n<li>\n<p dir=\"ltr\"><strong>Capacidad de la bater\u00eda<\/strong>: Bater\u00eda recargable de 850 mAh, que ofrece una potencia de potencia confiable y consistente.<\/p>\n<\/li>\n<li>\n<p dir=\"ltr\"><strong>puerto de carga<\/strong>: Carga r\u00e1pida tipo C, que permite una recarga r\u00e1pida y conveniente.<\/p>\n<\/li>\n<li>\n<p dir=\"ltr\"><strong>Fuerzas de nicotina<\/strong>: Disponible en 0%, 2%, 3% y 5%, que acomoda a diversas preferencias.<\/p>\n<\/li>\n<li>\n<p dir=\"ltr\"><strong>Tipo de bobina<\/strong>: Bobina de malla dual, que produce un vapor rico y sabroso con una consistencia suave.<\/p>\n<\/li>\n<li>\n<p dir=\"ltr\"><strong>flujo de aire<\/strong>: Sistema de flujo de aire ajustable, que permite una personalizaci\u00f3n precisa de la resistencia a la inhalaci\u00f3n.<\/p>\n<\/li>\n<li>\n<p dir=\"ltr\"><strong>muestra<\/strong>: Pantalla inteligente RGD, que muestra claramente el nivel de la bater\u00eda, los niveles de e-l\u00edquido y el recuento de soplo.<\/p>\n<\/li>\n<\/ul>\n<h2 dir=\"ltr\">10 combinaciones de sabores para diversos gustos<\/h2>\n<p dir=\"ltr\">El Uzy Tornado 30000, disponible a trav\u00e9s de Vape Enjoy, ofrece una emocionante variedad de combinaciones de sabores para adaptarse a los paladares variados. Espec\u00edficamente, cada pareja est\u00e1 dise\u00f1ada para ofrecer una experiencia de vapeo \u00fanica. Estas son las opciones:<\/p>\n<ol class=\"tight\" dir=\"ltr\" data-tight=\"true\">\n<li>\n<p dir=\"ltr\"><strong>Hielo de sand\u00eda y lima de lim\u00f3n<\/strong>: Jugosa sand\u00eda con un refrescante acabado helado combinado con picante lima lima.<\/p>\n<\/li>\n<li>\n<p dir=\"ltr\"><strong>Hielo de cereza y ar\u00e1ndano de az\u00facar de cereza<\/strong>: Cereza efervescente con un toque fresco junto con dulces de algod\u00f3n de ar\u00e1ndano.<\/p>\n<\/li>\n<li>\n<p dir=\"ltr\"><strong>Sand\u00eda de fresa y frambuesa de ar\u00e1ndanos<\/strong>: Fusi\u00f3n dulce de fresa-sand\u00eda complementada con tarta de ar\u00e1ndano y frambuesa.<\/p>\n<\/li>\n<li>\n<p dir=\"ltr\"><strong>Red Bull Ice &amp; Fresa Mango<\/strong>: Red Bull energizante con una patada helada combinada con fresa tropical-mango.<\/p>\n<\/li>\n<li>\n<p dir=\"ltr\"><strong>Melocot\u00f3n Hielo y Pi\u00f1a Melocot\u00f3n de Mango<\/strong>: Melocot\u00f3n crujiente con un borde fresco junto con una mezcla vibrante de pi\u00f1a y melocot\u00f3n.<\/p>\n<\/li>\n<li>\n<p dir=\"ltr\"><strong>Uva Helado y Fresa Kiwi<\/strong>: Uva audaz con un acabado helado combinado con picante fresa-kiwi.<\/p>\n<\/li>\n<li>\n<p dir=\"ltr\"><strong>Bayas mixtas y hielo de manzana doble<\/strong>: mezcla de bayas maduras combinada con sabores de manzana dual crujientes y refrigerados.<\/p>\n<\/li>\n<li>\n<p dir=\"ltr\"><strong>Goma de limonada y sand\u00eda azul Razz<\/strong>: Limonada de frambuesa azul agria con chicle de sand\u00eda dulce.<\/p>\n<\/li>\n<li>\n<p dir=\"ltr\"><strong>Melocot\u00f3n Baya y Sand\u00eda Melocot\u00f3n de Mango<\/strong>: jugosa mezcla de melocot\u00f3n y bayas junto con sand\u00eda tropical-mango-melocot\u00f3n.<\/p>\n<\/li>\n<li>\n<p dir=\"ltr\"><strong>Hielo de ar\u00e1ndanos y hielo del drag\u00f3n negro<\/strong>: Fresco de ar\u00e1ndano con un acabado escarchado combinado con fruta de drag\u00f3n negro ex\u00f3tica y fr\u00eda.<\/p>\n<\/li>\n<\/ol>\n<h2 dir=\"ltr\">Preguntas frecuentes (FAQ)<\/h2>\n<ol class=\"tight\" dir=\"ltr\" data-tight=\"true\">\n<li>\n<p dir=\"ltr\"><strong>\u00bfCu\u00e1ntas bocanadas proporciona el Uzy Tornado 30000?<\/strong><br \/>\nHasta 30.000 bocanadas, asegurando un uso excepcionalmente duradero.<\/p>\n<\/li>\n<li>\n<p dir=\"ltr\"><strong>\u00bfQu\u00e9 puntos de nicotina est\u00e1n disponibles?<\/strong><br \/>\nLas opciones incluyen 0%, 2%, 3% y 5%, que se adapta a una amplia gama de preferencias.<\/p>\n<\/li>\n<li>\n<p dir=\"ltr\"><strong>\u00bfPuedo cambiar entre los dos sabores f\u00e1cilmente?<\/strong><br \/>\nDe hecho, el sistema de doble compartimento permite un cambio de sabor sin esfuerzo con un simple ajuste.<\/p>\n<\/li>\n<li>\n<p dir=\"ltr\"><strong>\u00bfC\u00f3mo elijo la combinaci\u00f3n de sabores correcta?<\/strong><br \/>\nPrimero, eval\u00fae sus preferencias de sabor. Por ejemplo, las mezclas de frutas como la sand\u00eda de fresa y la frambuesa de ar\u00e1ndanos, disponibles en Vape Enjoy, se adaptan a los antojos de dulces, mientras que las opciones heladas como el kiwi de uva y fresa ofrecen una patada refrescante. Por lo tanto, experimentar ayuda a encontrar su combinaci\u00f3n perfecta.<\/p>\n<\/li>\n<li>\n<p dir=\"ltr\"><strong>la bateria es recargable?<\/strong><br \/>\nAbsolutamente, la bater\u00eda de 850 mAh admite la recarga r\u00e1pida a trav\u00e9s de un puerto tipo C, garantizando un tiempo de inactividad m\u00ednimo.<\/p>\n<\/li>\n<li>\n<p dir=\"ltr\"><strong>\u00bfQu\u00e9 muestra la pantalla RGD?<\/strong><br \/>\nLa pantalla Smart RGD muestra claramente el nivel de la bater\u00eda, los niveles de e-l\u00edquido y el recuento de soplo, lo que mejora la comodidad.<\/p>\n<\/li>\n<li>\n<p dir=\"ltr\"><strong>\u00bfC\u00f3mo funciona el flujo de aire ajustable?<\/strong><br \/>\nEspec\u00edficamente, el sistema de flujo de aire permite a los usuarios ajustar la resistencia a la inhalaci\u00f3n, adaptando la experiencia.<\/p>\n<\/li>\n<\/ol>\n<h2 dir=\"ltr\">\u00bfPor qu\u00e9 elegir el Uzy Tornado 30000?<\/h2>\n<p dir=\"ltr\">Adem\u00e1s, el Uzy Tornado 30000, que se encuentra en Vape Enjoy, combina tecnolog\u00eda de vanguardia con un dise\u00f1o centrado en el usuario. Por ejemplo, su alto n\u00famero de soplo y su sistema de doble tanque proporcionan una comodidad incomparable. Adem\u00e1s, el flujo de aire ajustable y las diversas opciones de sabor garantizan una experiencia personalizada. Como resultado, este dispositivo es ideal para vapers que buscan calidad, versatilidad y estilo.<\/p>\n<p><img fetchpriority=\"high\" decoding=\"async\" class=\"alignnone wp-image-280 size-full\" src=\"https:\/\/vapeenjoy.com\/wp-content\/uploads\/2025\/07\/uzy-tornado-30000-30k-puffs-flavor.webp\" alt=\"Uzy Tornado 30000 30K Puffs Double Sabors Vape Desechable Sabores \" width=\"2251\" height=\"2251\" srcset=\"https:\/\/vapeenjoy.com\/wp-content\/uploads\/2025\/07\/uzy-tornado-30000-30k-puffs-flavor.webp 2251w, https:\/\/vapeenjoy.com\/wp-content\/uploads\/2025\/07\/uzy-tornado-30000-30k-puffs-flavor-600x600.webp 600w, https:\/\/vapeenjoy.com\/wp-content\/uploads\/2025\/07\/uzy-tornado-30000-30k-puffs-flavor-150x150.webp 150w, https:\/\/vapeenjoy.com\/wp-content\/uploads\/2025\/07\/uzy-tornado-30000-30k-puffs-flavor-1200x1200.webp 1200w, https:\/\/vapeenjoy.com\/wp-content\/uploads\/2025\/07\/uzy-tornado-30000-30k-puffs-flavor-300x300.webp 300w, https:\/\/vapeenjoy.com\/wp-content\/uploads\/2025\/07\/uzy-tornado-30000-30k-puffs-flavor-1024x1024.webp 1024w, https:\/\/vapeenjoy.com\/wp-content\/uploads\/2025\/07\/uzy-tornado-30000-30k-puffs-flavor-768x768.webp 768w, https:\/\/vapeenjoy.com\/wp-content\/uploads\/2025\/07\/uzy-tornado-30000-30k-puffs-flavor-1536x1536.webp 1536w, https:\/\/vapeenjoy.com\/wp-content\/uploads\/2025\/07\/uzy-tornado-30000-30k-puffs-flavor-2048x2048.webp 2048w\" sizes=\"(max-width: 2251px) 100vw, 2251px\" \/><\/p>","protected":false},"excerpt":{"rendered":"<p>Uzy, una marca dedicada al vapeo de calidad, presenta el Tornado 30000 Puffs Vape desechable con hasta 30.000 bocanadas, 20 ml + 20 ml de tanques duales, una bater\u00eda recargable de 850 mAh, bobinas de malla doble, flujo de aire ajustable y una pantalla RGD para sabores ricos y facilidad de uso.<\/p>","protected":false},"featured_media":272,"comment_status":"open","ping_status":"closed","template":"","meta":[],"product_brand":[38],"product_cat":[31],"product_tag":[64,77],"class_list":{"0":"post-271","1":"product","2":"type-product","3":"status-publish","4":"has-post-thumbnail","6":"product_brand-uzy-vape","7":"product_cat-30000-puffs-vape","8":"product_tag-0-5-nicotine","9":"product_tag-40ml","11":"first","12":"instock","13":"sale","14":"shipping-taxable","15":"purchasable","16":"product-type-variable"},"yoast_head":"<!-- This site is optimized with the Yoast SEO plugin v25.7 - https:\/\/yoast.com\/wordpress\/plugins\/seo\/ -->\n<title>UZY Tornado 30K Puffs Double Flavors Disposable Vape 40ml<\/title>\n<meta name=\"description\" content=\"UZY Tornado 30K Puffs Disposable Vape: dual flavors, 40ml e-liquid, 0-5% nicotine. Rechargeable, smart display. Shop now for premium vaping!\" \/>\n<meta name=\"robots\" content=\"index, follow, max-snippet:-1, max-image-preview:large, max-video-preview:-1\" \/>\n<link rel=\"canonical\" href=\"https:\/\/vapeenjoy.com\/es\/producto\/uzy-tornado-30000-30k-puffs-doble-sabores-vape-desechable-40ml-0-5-nicotina\/\" \/>\n<meta property=\"og:locale\" content=\"es_ES\" \/>\n<meta property=\"og:type\" content=\"article\" \/>\n<meta property=\"og:title\" content=\"UZY Tornado 30K Puffs Double Flavors Disposable Vape 40ml\" \/>\n<meta property=\"og:description\" content=\"UZY Tornado 30K Puffs Disposable Vape: dual flavors, 40ml e-liquid, 0-5% nicotine. Rechargeable, smart display. Shop now for premium vaping!\" \/>\n<meta property=\"og:url\" content=\"https:\/\/vapeenjoy.com\/es\/producto\/uzy-tornado-30000-30k-puffs-doble-sabores-vape-desechable-40ml-0-5-nicotina\/\" \/>\n<meta property=\"og:site_name\" content=\"vapeenjoy\" \/>\n<meta property=\"article:modified_time\" content=\"2025-08-26T07:11:05+00:00\" \/>\n<meta property=\"og:image\" content=\"https:\/\/vapeenjoy.com\/wp-content\/uploads\/2025\/07\/UZY-Tornado-30000-Puffs-994x1024.png\" \/>\n\t<meta property=\"og:image:width\" content=\"994\" \/>\n\t<meta property=\"og:image:height\" content=\"1024\" \/>\n\t<meta property=\"og:image:type\" content=\"image\/png\" \/>\n<meta name=\"twitter:card\" content=\"summary_large_image\" \/>\n<meta name=\"twitter:label1\" content=\"Tiempo de lectura\" \/>\n\t<meta name=\"twitter:data1\" content=\"4 minutos\" \/>\n<script type=\"application\/ld+json\" class=\"yoast-schema-graph\">{\"@context\":\"https:\/\/schema.org\",\"@graph\":[{\"@type\":\"WebPage\",\"@id\":\"https:\/\/vapeenjoy.com\/product\/uzy-tornado-30000-30k-puffs-double-flavors-disposable-vape-40ml-0-5-nicotine\/\",\"url\":\"https:\/\/vapeenjoy.com\/product\/uzy-tornado-30000-30k-puffs-double-flavors-disposable-vape-40ml-0-5-nicotine\/\",\"name\":\"UZY Tornado 30K Puffs Double Flavors Disposable Vape 40ml\",\"isPartOf\":{\"@id\":\"https:\/\/vapeenjoy.com\/#website\"},\"primaryImageOfPage\":{\"@id\":\"https:\/\/vapeenjoy.com\/product\/uzy-tornado-30000-30k-puffs-double-flavors-disposable-vape-40ml-0-5-nicotine\/#primaryimage\"},\"image\":{\"@id\":\"https:\/\/vapeenjoy.com\/product\/uzy-tornado-30000-30k-puffs-double-flavors-disposable-vape-40ml-0-5-nicotine\/#primaryimage\"},\"thumbnailUrl\":\"https:\/\/vapeenjoy.com\/wp-content\/uploads\/2025\/07\/UZY-Tornado-30000-Puffs.png\",\"datePublished\":\"2025-07-21T03:14:03+00:00\",\"dateModified\":\"2025-08-26T07:11:05+00:00\",\"description\":\"UZY Tornado 30K Puffs Disposable Vape: dual flavors, 40ml e-liquid, 0-5% nicotine. Rechargeable, smart display. Shop now for premium vaping!\",\"breadcrumb\":{\"@id\":\"https:\/\/vapeenjoy.com\/product\/uzy-tornado-30000-30k-puffs-double-flavors-disposable-vape-40ml-0-5-nicotine\/#breadcrumb\"},\"inLanguage\":\"es\",\"potentialAction\":[{\"@type\":\"ReadAction\",\"target\":[\"https:\/\/vapeenjoy.com\/product\/uzy-tornado-30000-30k-puffs-double-flavors-disposable-vape-40ml-0-5-nicotine\/\"]}]},{\"@type\":\"ImageObject\",\"inLanguage\":\"es\",\"@id\":\"https:\/\/vapeenjoy.com\/product\/uzy-tornado-30000-30k-puffs-double-flavors-disposable-vape-40ml-0-5-nicotine\/#primaryimage\",\"url\":\"https:\/\/vapeenjoy.com\/wp-content\/uploads\/2025\/07\/UZY-Tornado-30000-Puffs.png\",\"contentUrl\":\"https:\/\/vapeenjoy.com\/wp-content\/uploads\/2025\/07\/UZY-Tornado-30000-Puffs.png\",\"width\":1208,\"height\":1244},{\"@type\":\"BreadcrumbList\",\"@id\":\"https:\/\/vapeenjoy.com\/product\/uzy-tornado-30000-30k-puffs-double-flavors-disposable-vape-40ml-0-5-nicotine\/#breadcrumb\",\"itemListElement\":[{\"@type\":\"ListItem\",\"position\":1,\"name\":\"Home\",\"item\":\"https:\/\/vapeenjoy.com\/\"},{\"@type\":\"ListItem\",\"position\":2,\"name\":\"Shop\",\"item\":\"https:\/\/vapeenjoy.com\/vapeenjoy-shop\/\"},{\"@type\":\"ListItem\",\"position\":3,\"name\":\"UZY Tornado 30000 30K Puffs Double Flavors Disposable Vape 40ml 0-5% Nicotine\"}]},{\"@type\":\"WebSite\",\"@id\":\"https:\/\/vapeenjoy.com\/#website\",\"url\":\"https:\/\/vapeenjoy.com\/\",\"name\":\"vapeenjoy\",\"description\":\"An online store for selling vapes\",\"potentialAction\":[{\"@type\":\"SearchAction\",\"target\":{\"@type\":\"EntryPoint\",\"urlTemplate\":\"https:\/\/vapeenjoy.com\/?s={search_term_string}\"},\"query-input\":{\"@type\":\"PropertyValueSpecification\",\"valueRequired\":true,\"valueName\":\"search_term_string\"}}],\"inLanguage\":\"es\"}]}<\/script>\n<!-- \/ Yoast SEO plugin. -->","yoast_head_json":{"title":"Uzy Tornado 30K Puffs Doble Sabores Vape Desechable 40ml","description":"Uzy Tornado 30K Puffs Vape desechable: Dual Sabores, 40ml E-Liquid, 0-5% Nicotina. Pantalla inteligente recargable. \u00a1Compre ahora para Vaping Premium!","robots":{"index":"index","follow":"follow","max-snippet":"max-snippet:-1","max-image-preview":"max-image-preview:large","max-video-preview":"max-video-preview:-1"},"canonical":"https:\/\/vapeenjoy.com\/es\/producto\/uzy-tornado-30000-30k-puffs-doble-sabores-vape-desechable-40ml-0-5-nicotina\/","og_locale":"es_ES","og_type":"article","og_title":"UZY Tornado 30K Puffs Double Flavors Disposable Vape 40ml","og_description":"UZY Tornado 30K Puffs Disposable Vape: dual flavors, 40ml e-liquid, 0-5% nicotine. Rechargeable, smart display. Shop now for premium vaping!","og_url":"https:\/\/vapeenjoy.com\/es\/producto\/uzy-tornado-30000-30k-puffs-doble-sabores-vape-desechable-40ml-0-5-nicotina\/","og_site_name":"vapeenjoy","article_modified_time":"2025-08-26T07:11:05+00:00","og_image":[{"width":994,"height":1024,"url":"https:\/\/vapeenjoy.com\/wp-content\/uploads\/2025\/07\/UZY-Tornado-30000-Puffs-994x1024.png","type":"image\/png"}],"twitter_card":"summary_large_image","twitter_misc":{"Tiempo de lectura":"4 minutos"},"schema":{"@context":"https:\/\/schema.org","@graph":[{"@type":"WebPage","@id":"https:\/\/vapeenjoy.com\/product\/uzy-tornado-30000-30k-puffs-double-flavors-disposable-vape-40ml-0-5-nicotine\/","url":"https:\/\/vapeenjoy.com\/product\/uzy-tornado-30000-30k-puffs-double-flavors-disposable-vape-40ml-0-5-nicotine\/","name":"Uzy Tornado 30K Puffs Doble Sabores Vape Desechable 40ml","isPartOf":{"@id":"https:\/\/vapeenjoy.com\/#website"},"primaryImageOfPage":{"@id":"https:\/\/vapeenjoy.com\/product\/uzy-tornado-30000-30k-puffs-double-flavors-disposable-vape-40ml-0-5-nicotine\/#primaryimage"},"image":{"@id":"https:\/\/vapeenjoy.com\/product\/uzy-tornado-30000-30k-puffs-double-flavors-disposable-vape-40ml-0-5-nicotine\/#primaryimage"},"thumbnailUrl":"https:\/\/vapeenjoy.com\/wp-content\/uploads\/2025\/07\/UZY-Tornado-30000-Puffs.png","datePublished":"2025-07-21T03:14:03+00:00","dateModified":"2025-08-26T07:11:05+00:00","description":"Uzy Tornado 30K Puffs Vape desechable: Dual Sabores, 40ml E-Liquid, 0-5% Nicotina. Pantalla inteligente recargable. \u00a1Compre ahora para Vaping Premium!","breadcrumb":{"@id":"https:\/\/vapeenjoy.com\/product\/uzy-tornado-30000-30k-puffs-double-flavors-disposable-vape-40ml-0-5-nicotine\/#breadcrumb"},"inLanguage":"es","potentialAction":[{"@type":"ReadAction","target":["https:\/\/vapeenjoy.com\/product\/uzy-tornado-30000-30k-puffs-double-flavors-disposable-vape-40ml-0-5-nicotine\/"]}]},{"@type":"ImageObject","inLanguage":"es","@id":"https:\/\/vapeenjoy.com\/product\/uzy-tornado-30000-30k-puffs-double-flavors-disposable-vape-40ml-0-5-nicotine\/#primaryimage","url":"https:\/\/vapeenjoy.com\/wp-content\/uploads\/2025\/07\/UZY-Tornado-30000-Puffs.png","contentUrl":"https:\/\/vapeenjoy.com\/wp-content\/uploads\/2025\/07\/UZY-Tornado-30000-Puffs.png","width":1208,"height":1244},{"@type":"BreadcrumbList","@id":"https:\/\/vapeenjoy.com\/product\/uzy-tornado-30000-30k-puffs-double-flavors-disposable-vape-40ml-0-5-nicotine\/#breadcrumb","itemListElement":[{"@type":"ListItem","position":1,"name":"Home","item":"https:\/\/vapeenjoy.com\/"},{"@type":"ListItem","position":2,"name":"Shop","item":"https:\/\/vapeenjoy.com\/vapeenjoy-shop\/"},{"@type":"ListItem","position":3,"name":"UZY Tornado 30000 30K Puffs Double Flavors Disposable Vape 40ml 0-5% Nicotine"}]},{"@type":"WebSite","@id":"https:\/\/vapeenjoy.com\/#website","url":"https:\/\/vapeenjoy.com\/","name":"vapiar","description":"Una tienda online para vender vapes","potentialAction":[{"@type":"SearchAction","target":{"@type":"EntryPoint","urlTemplate":"https:\/\/vapeenjoy.com\/?s={search_term_string}"},"query-input":{"@type":"PropertyValueSpecification","valueRequired":true,"valueName":"search_term_string"}}],"inLanguage":"es"}]}},"_links":{"self":[{"href":"https:\/\/vapeenjoy.com\/es\/wp-json\/wp\/v2\/product\/271","targetHints":{"allow":["GET"]}}],"collection":[{"href":"https:\/\/vapeenjoy.com\/es\/wp-json\/wp\/v2\/product"}],"about":[{"href":"https:\/\/vapeenjoy.com\/es\/wp-json\/wp\/v2\/types\/product"}],"replies":[{"embeddable":true,"href":"https:\/\/vapeenjoy.com\/es\/wp-json\/wp\/v2\/comments?post=271"}],"version-history":[{"count":4,"href":"https:\/\/vapeenjoy.com\/es\/wp-json\/wp\/v2\/product\/271\/revisions"}],"predecessor-version":[{"id":2585,"href":"https:\/\/vapeenjoy.com\/es\/wp-json\/wp\/v2\/product\/271\/revisions\/2585"}],"wp:featuredmedia":[{"embeddable":true,"href":"https:\/\/vapeenjoy.com\/es\/wp-json\/wp\/v2\/media\/272"}],"wp:attachment":[{"href":"https:\/\/vapeenjoy.com\/es\/wp-json\/wp\/v2\/media?parent=271"}],"wp:term":[{"taxonomy":"product_brand","embeddable":true,"href":"https:\/\/vapeenjoy.com\/es\/wp-json\/wp\/v2\/product_brand?post=271"},{"taxonomy":"product_cat","embeddable":true,"href":"https:\/\/vapeenjoy.com\/es\/wp-json\/wp\/v2\/product_cat?post=271"},{"taxonomy":"product_tag","embeddable":true,"href":"https:\/\/vapeenjoy.com\/es\/wp-json\/wp\/v2\/product_tag?post=271"}],"curies":[{"name":"pp","href":"https:\/\/api.w.org\/{rel}","templated":true}]}}