{"id":283,"date":"2025-07-21T03:52:05","date_gmt":"2025-07-21T03:52:05","guid":{"rendered":"https:\/\/vapeenjoy.com\/?post_type=product&#038;p=283"},"modified":"2025-08-26T09:06:13","modified_gmt":"2025-08-26T09:06:13","slug":"uzy-crystal-pro-max-10000-puffs-disposable-vape","status":"publish","type":"product","link":"https:\/\/vapeenjoy.com\/es\/producto\/uzy-crystal-pro-max-10000-puffs-vape-desechable\/","title":{"rendered":"Uzy Crystal Pro Max 10000 Puffs Vape desechable 15ml 0-5% Nicotina Tipo-C Recargable"},"content":{"rendered":"<h2 dir=\"ltr\" data-pm-slice=\"1 3 []\">Uzy Crystal Pro Max 10000 Puffs Vape desechable Descripci\u00f3n del producto<\/h2>\n<p dir=\"ltr\">Uzy, una marca dedicada al vapeo de calidad, ofrece constantemente comodidad y satisfacci\u00f3n. Espec\u00edficamente, el Uzy Crystal Pro Max 10000 Puffs Vape desechable ofrece sabores ricos y una operaci\u00f3n sin esfuerzo. Adem\u00e1s, su elegante dise\u00f1o inspirado en cristal, junto con una boquilla transparente, garantiza un atractivo visual y un manejo c\u00f3modo.<\/p>\n<h2 dir=\"ltr\">UZY Crystal Pro Max 10000 Puffs Vape desechable Especificaciones<\/h2>\n<ul class=\"tight\" dir=\"ltr\" data-tight=\"true\">\n<li>\n<p dir=\"ltr\"><strong>Capacidad del l\u00edquido<\/strong>: E-l\u00edquido precargado de 15 ml, ideal para uso prolongado.<\/p>\n<\/li>\n<li>\n<p dir=\"ltr\"><strong>serie<\/strong>: 600mAh, recargable a trav\u00e9s de Tipo-C (5V 1A), permitiendo as\u00ed una carga r\u00e1pida.<\/p>\n<\/li>\n<li>\n<p dir=\"ltr\"><strong>Recuento de soplos<\/strong>: Hasta 10.000 bocanadas, por lo tanto, perfecta para vapear diario.<\/p>\n<\/li>\n<li>\n<p dir=\"ltr\"><strong>enroscarse<\/strong>: Bobina de malla de 1,2 ohmios, que garantiza un sabor suave y una producci\u00f3n de vapor.<\/p>\n<\/li>\n<li>\n<p dir=\"ltr\"><strong>Fuerzas de nicotina<\/strong>: 0%, 2%, 3%, 5%, atendiendo as\u00ed a diversas preferencias.<\/p>\n<\/li>\n<li>\n<p dir=\"ltr\"><strong>tela<\/strong>: Policarbonato duradero pero ligero para una construcci\u00f3n resistente.<\/p>\n<\/li>\n<li>\n<p dir=\"ltr\"><strong>activaci\u00f3n<\/strong>: Activado por Draw, por lo que es incre\u00edblemente f\u00e1cil de usar.<\/p>\n<\/li>\n<\/ul>\n<h2 dir=\"ltr\">20 opciones de sabor<\/h2>\n<ol class=\"tight\" dir=\"ltr\" data-tight=\"true\">\n<li>\n<p dir=\"ltr\"><strong>Pi\u00f1a de mango de melocot\u00f3n<\/strong>: Una mezcla tropical jugosa para un sabor vibrante.<\/p>\n<\/li>\n<li>\n<p dir=\"ltr\"><strong>sand\u00eda de fresa<\/strong>: Dulce y veraniego, mezclando fresas con sand\u00eda.<\/p>\n<\/li>\n<li>\n<p dir=\"ltr\"><strong>Hielo de energ\u00eda roja<\/strong>: Bold Sabor de bebida energ\u00e9tica, mejorado con mentol.<\/p>\n<\/li>\n<li>\n<p dir=\"ltr\"><strong>Fresa Mango<\/strong>: Suave y dulce, combinando fresas y mangos.<\/p>\n<\/li>\n<li>\n<p dir=\"ltr\"><strong>frambuesa de ar\u00e1ndanos<\/strong>: Ar\u00e1ndanos dulces y vivos fusionados con frambuesas \u00e1cidas.<\/p>\n<\/li>\n<li>\n<p dir=\"ltr\"><strong>Hielo triple de bayas<\/strong>: Tr\u00edo de bayas refrigeradas, que ofrece un toque refrescante.<\/p>\n<\/li>\n<li>\n<p dir=\"ltr\"><strong>Hielo de sand\u00eda<\/strong>: Sand\u00eda crujiente, enfriada con mentol.<\/p>\n<\/li>\n<li>\n<p dir=\"ltr\"><strong>Hielo de uva triple<\/strong>: Uva rica con una patada helada.<\/p>\n<\/li>\n<li>\n<p dir=\"ltr\"><strong>hielo de ar\u00e1ndanos<\/strong>: Ar\u00e1ndano dulce, combinado con mentol.<\/p>\n<\/li>\n<li>\n<p dir=\"ltr\"><strong>Hielo de durazno<\/strong>: Melocot\u00f3n refrescante, acentuado por el mentol.<\/p>\n<\/li>\n<li>\n<p dir=\"ltr\"><strong>bolo<\/strong>: Dulce, colorido, mezcla de dulces de frutas mezcladas.<\/p>\n<\/li>\n<li>\n<p dir=\"ltr\"><strong>chicle de sand\u00eda<\/strong>: Mezcla de sand\u00eda-burbuja nost\u00e1lgica.<\/p>\n<\/li>\n<li>\n<p dir=\"ltr\"><strong>hielo de fresa<\/strong>: Fresa crujiente con un toque de mentol.<\/p>\n<\/li>\n<li>\n<p dir=\"ltr\"><strong>kiwi de fresa<\/strong>: tarta dulce, mezclando fresas y kiwi.<\/p>\n<\/li>\n<li>\n<p dir=\"ltr\"><strong>hielo de cola<\/strong>: Cola gaseosa, fr\u00eda con mentol.<\/p>\n<\/li>\n<li>\n<p dir=\"ltr\"><strong>se\u00f1or azul<\/strong>: Mezcla de bayas \u00fanica, enfriada con un tono sutil.<\/p>\n<\/li>\n<li>\n<p dir=\"ltr\"><strong>Guayaba de kiwi kiwi<\/strong>: Jugoso, fruta tropical Medley.<\/p>\n<\/li>\n<li>\n<p dir=\"ltr\"><strong>Mango triple<\/strong>: Mango intenso para un vape rico.<\/p>\n<\/li>\n<li>\n<p dir=\"ltr\"><strong>baya de melocot\u00f3n<\/strong>: fusi\u00f3n dulce-peloso y bayas.<\/p>\n<\/li>\n<li>\n<p dir=\"ltr\"><strong>hielo de cereza<\/strong>: Cereza audaz, refrescada con mentol.<\/p>\n<\/li>\n<\/ol>\n<h2 dir=\"ltr\">Preguntas frecuentes<\/h2>\n<ol class=\"tight\" dir=\"ltr\" data-tight=\"true\">\n<li>\n<p dir=\"ltr\"><strong>\u00bfCu\u00e1l es el conteo de soplo?<\/strong><br \/>\nHasta 10.000 bocanadas, por lo tanto ideal para uso prolongado.<\/p>\n<\/li>\n<li>\n<p dir=\"ltr\"><strong>\u00bfEs recargable?<\/strong><br \/>\nS\u00ed, incluye un puerto tipo C con una bater\u00eda de 600 mAh, por lo tanto, es f\u00e1cil de recargar.<\/p>\n<\/li>\n<li>\n<p dir=\"ltr\"><strong>\u00bfQu\u00e9 puntos de nicotina est\u00e1n disponibles?<\/strong><br \/>\nLas opciones incluyen 0%, 2%, 3% y 5%, que se adaptan as\u00ed a varias preferencias.<\/p>\n<\/li>\n<li>\n<p dir=\"ltr\"><strong>\u00bfC\u00f3mo elegir un sabor?<\/strong><br \/>\nPara dulzor, pruebe la pi\u00f1a de mango y durazno; como alternativa, para refresco, elija el hielo de sand\u00eda. Experimenta para descubrir tu favorito.<\/p>\n<\/li>\n<li>\n<p dir=\"ltr\"><strong>\u00bfPor qu\u00e9 usar una bobina de malla?<\/strong><br \/>\nLa bobina de malla de 1,2 ohmios, por ejemplo, mejora el sabor y garantiza un vapor constante.<\/p>\n<\/li>\n<li>\n<p dir=\"ltr\"><strong>\u00bfEs adecuado para vapear durante todo el d\u00eda?<\/strong><br \/>\nDe hecho, su capacidad de 15ml y 10.000 soplos, por lo tanto, apoyan el uso frecuente.<\/p>\n<\/li>\n<li>\n<p dir=\"ltr\"><strong>\u00bfC\u00f3mo funciona la activaci\u00f3n por sorteo?<\/strong><br \/>\nSimplemente inhala para activar, haci\u00e9ndolo f\u00e1cil de usar.<\/p>\n<\/li>\n<\/ol>\n<h2><img fetchpriority=\"high\" decoding=\"async\" class=\"alignnone wp-image-291 size-full\" style=\"color: #333333; font-size: 16px;\" src=\"https:\/\/vapeenjoy.com\/wp-content\/uploads\/2025\/07\/UZY-10000.webp\" alt=\"Uzy Crystal Pro Max 10000 Puffs Vape desechable Sabores\" width=\"1920\" height=\"1920\" srcset=\"https:\/\/vapeenjoy.com\/wp-content\/uploads\/2025\/07\/UZY-10000.webp 1920w, https:\/\/vapeenjoy.com\/wp-content\/uploads\/2025\/07\/UZY-10000-600x600.webp 600w, https:\/\/vapeenjoy.com\/wp-content\/uploads\/2025\/07\/UZY-10000-150x150.webp 150w, https:\/\/vapeenjoy.com\/wp-content\/uploads\/2025\/07\/UZY-10000-1200x1200.webp 1200w, https:\/\/vapeenjoy.com\/wp-content\/uploads\/2025\/07\/UZY-10000-300x300.webp 300w, https:\/\/vapeenjoy.com\/wp-content\/uploads\/2025\/07\/UZY-10000-1024x1024.webp 1024w, https:\/\/vapeenjoy.com\/wp-content\/uploads\/2025\/07\/UZY-10000-768x768.webp 768w, https:\/\/vapeenjoy.com\/wp-content\/uploads\/2025\/07\/UZY-10000-1536x1536.webp 1536w\" sizes=\"(max-width: 1920px) 100vw, 1920px\" \/><\/h2>","protected":false},"excerpt":{"rendered":"<p>Uzy, una marca enfocada en soluciones de vapeo de alta calidad, presenta el Vape desechable Crystal Pro Max 10000 Puffs. Este dispositivo ofrece un dise\u00f1o elegante inspirado en cristal con capacidad de 15 ml de e-l\u00edquido, bater\u00eda recargable de 600 mAh y hasta 10 000 bocanadas. Con una bobina de malla de 1,2 ohmios y m\u00faltiples fuerzas de nicotina, ofrece sabores ricos y vapor suave para una satisfacci\u00f3n duradera.<\/p>","protected":false},"featured_media":294,"comment_status":"open","ping_status":"closed","template":"","meta":[],"product_brand":[38],"product_cat":[35],"product_tag":[64,96],"class_list":{"0":"post-283","1":"product","2":"type-product","3":"status-publish","4":"has-post-thumbnail","6":"product_brand-uzy-vape","7":"product_cat-10000-puffs-vape","8":"product_tag-0-5-nicotine","9":"product_tag-15ml","11":"first","12":"outofstock","13":"sale","14":"shipping-taxable","15":"purchasable","16":"product-type-variable"},"yoast_head":"<!-- This site is optimized with the Yoast SEO plugin v25.7 - https:\/\/yoast.com\/wordpress\/plugins\/seo\/ -->\n<title>UZY Crystal Pro Max 10000 Puffs Disposable Vape 15ml e-liquid<\/title>\n<meta name=\"description\" content=\"UZY Crystal Pro Max 10000 Puffs Disposable Vape: 15ml e-liquid, 0-5% nicotine, Type-C rechargeable. Long-lasting flavor. Shop now!\" \/>\n<meta name=\"robots\" content=\"index, follow, max-snippet:-1, max-image-preview:large, max-video-preview:-1\" \/>\n<link rel=\"canonical\" href=\"https:\/\/vapeenjoy.com\/es\/producto\/uzy-crystal-pro-max-10000-puffs-vape-desechable\/\" \/>\n<meta property=\"og:locale\" content=\"es_ES\" \/>\n<meta property=\"og:type\" content=\"article\" \/>\n<meta property=\"og:title\" content=\"UZY Crystal Pro Max 10000 Puffs Disposable Vape 15ml e-liquid\" \/>\n<meta property=\"og:description\" content=\"UZY Crystal Pro Max 10000 Puffs Disposable Vape: 15ml e-liquid, 0-5% nicotine, Type-C rechargeable. Long-lasting flavor. Shop now!\" \/>\n<meta property=\"og:url\" content=\"https:\/\/vapeenjoy.com\/es\/producto\/uzy-crystal-pro-max-10000-puffs-vape-desechable\/\" \/>\n<meta property=\"og:site_name\" content=\"vapeenjoy\" \/>\n<meta property=\"article:modified_time\" content=\"2025-08-26T09:06:13+00:00\" \/>\n<meta property=\"og:image\" content=\"https:\/\/vapeenjoy.com\/wp-content\/uploads\/2025\/07\/UZY-Crystal-pro-max-10000.png\" \/>\n\t<meta property=\"og:image:width\" content=\"910\" \/>\n\t<meta property=\"og:image:height\" content=\"812\" \/>\n\t<meta property=\"og:image:type\" content=\"image\/png\" \/>\n<meta name=\"twitter:card\" content=\"summary_large_image\" \/>\n<meta name=\"twitter:label1\" content=\"Tiempo de lectura\" \/>\n\t<meta name=\"twitter:data1\" content=\"3 minutos\" \/>\n<script type=\"application\/ld+json\" class=\"yoast-schema-graph\">{\"@context\":\"https:\/\/schema.org\",\"@graph\":[{\"@type\":\"WebPage\",\"@id\":\"https:\/\/vapeenjoy.com\/product\/uzy-crystal-pro-max-10000-puffs-disposable-vape\/\",\"url\":\"https:\/\/vapeenjoy.com\/product\/uzy-crystal-pro-max-10000-puffs-disposable-vape\/\",\"name\":\"UZY Crystal Pro Max 10000 Puffs Disposable Vape 15ml e-liquid\",\"isPartOf\":{\"@id\":\"https:\/\/vapeenjoy.com\/#website\"},\"primaryImageOfPage\":{\"@id\":\"https:\/\/vapeenjoy.com\/product\/uzy-crystal-pro-max-10000-puffs-disposable-vape\/#primaryimage\"},\"image\":{\"@id\":\"https:\/\/vapeenjoy.com\/product\/uzy-crystal-pro-max-10000-puffs-disposable-vape\/#primaryimage\"},\"thumbnailUrl\":\"https:\/\/vapeenjoy.com\/wp-content\/uploads\/2025\/07\/UZY-Crystal-pro-max-10000.png\",\"datePublished\":\"2025-07-21T03:52:05+00:00\",\"dateModified\":\"2025-08-26T09:06:13+00:00\",\"description\":\"UZY Crystal Pro Max 10000 Puffs Disposable Vape: 15ml e-liquid, 0-5% nicotine, Type-C rechargeable. Long-lasting flavor. Shop now!\",\"breadcrumb\":{\"@id\":\"https:\/\/vapeenjoy.com\/product\/uzy-crystal-pro-max-10000-puffs-disposable-vape\/#breadcrumb\"},\"inLanguage\":\"es\",\"potentialAction\":[{\"@type\":\"ReadAction\",\"target\":[\"https:\/\/vapeenjoy.com\/product\/uzy-crystal-pro-max-10000-puffs-disposable-vape\/\"]}]},{\"@type\":\"ImageObject\",\"inLanguage\":\"es\",\"@id\":\"https:\/\/vapeenjoy.com\/product\/uzy-crystal-pro-max-10000-puffs-disposable-vape\/#primaryimage\",\"url\":\"https:\/\/vapeenjoy.com\/wp-content\/uploads\/2025\/07\/UZY-Crystal-pro-max-10000.png\",\"contentUrl\":\"https:\/\/vapeenjoy.com\/wp-content\/uploads\/2025\/07\/UZY-Crystal-pro-max-10000.png\",\"width\":910,\"height\":812},{\"@type\":\"BreadcrumbList\",\"@id\":\"https:\/\/vapeenjoy.com\/product\/uzy-crystal-pro-max-10000-puffs-disposable-vape\/#breadcrumb\",\"itemListElement\":[{\"@type\":\"ListItem\",\"position\":1,\"name\":\"Home\",\"item\":\"https:\/\/vapeenjoy.com\/\"},{\"@type\":\"ListItem\",\"position\":2,\"name\":\"Shop\",\"item\":\"https:\/\/vapeenjoy.com\/vapeenjoy-shop\/\"},{\"@type\":\"ListItem\",\"position\":3,\"name\":\"UZY Crystal Pro Max 10000 Puffs Disposable Vape 15ml 0-5% Nicotine Type-C Rechargeable\"}]},{\"@type\":\"WebSite\",\"@id\":\"https:\/\/vapeenjoy.com\/#website\",\"url\":\"https:\/\/vapeenjoy.com\/\",\"name\":\"vapeenjoy\",\"description\":\"An online store for selling vapes\",\"potentialAction\":[{\"@type\":\"SearchAction\",\"target\":{\"@type\":\"EntryPoint\",\"urlTemplate\":\"https:\/\/vapeenjoy.com\/?s={search_term_string}\"},\"query-input\":{\"@type\":\"PropertyValueSpecification\",\"valueRequired\":true,\"valueName\":\"search_term_string\"}}],\"inLanguage\":\"es\"}]}<\/script>\n<!-- \/ Yoast SEO plugin. -->","yoast_head_json":{"title":"Uzy Crystal Pro Max 10000 Puffs Vape desechable 15ml E-l\u00edquido","description":"Uzy Crystal Pro Max 10000 Puffs Vape desechable: 15 ml E-Liquid, 0-5% Nicotina, Tipo-C recargable. Sabor duradero. \u00a1Compre ahora!","robots":{"index":"index","follow":"follow","max-snippet":"max-snippet:-1","max-image-preview":"max-image-preview:large","max-video-preview":"max-video-preview:-1"},"canonical":"https:\/\/vapeenjoy.com\/es\/producto\/uzy-crystal-pro-max-10000-puffs-vape-desechable\/","og_locale":"es_ES","og_type":"article","og_title":"UZY Crystal Pro Max 10000 Puffs Disposable Vape 15ml e-liquid","og_description":"UZY Crystal Pro Max 10000 Puffs Disposable Vape: 15ml e-liquid, 0-5% nicotine, Type-C rechargeable. Long-lasting flavor. Shop now!","og_url":"https:\/\/vapeenjoy.com\/es\/producto\/uzy-crystal-pro-max-10000-puffs-vape-desechable\/","og_site_name":"vapeenjoy","article_modified_time":"2025-08-26T09:06:13+00:00","og_image":[{"width":910,"height":812,"url":"https:\/\/vapeenjoy.com\/wp-content\/uploads\/2025\/07\/UZY-Crystal-pro-max-10000.png","type":"image\/png"}],"twitter_card":"summary_large_image","twitter_misc":{"Tiempo de lectura":"3 minutos"},"schema":{"@context":"https:\/\/schema.org","@graph":[{"@type":"WebPage","@id":"https:\/\/vapeenjoy.com\/product\/uzy-crystal-pro-max-10000-puffs-disposable-vape\/","url":"https:\/\/vapeenjoy.com\/product\/uzy-crystal-pro-max-10000-puffs-disposable-vape\/","name":"Uzy Crystal Pro Max 10000 Puffs Vape desechable 15ml E-l\u00edquido","isPartOf":{"@id":"https:\/\/vapeenjoy.com\/#website"},"primaryImageOfPage":{"@id":"https:\/\/vapeenjoy.com\/product\/uzy-crystal-pro-max-10000-puffs-disposable-vape\/#primaryimage"},"image":{"@id":"https:\/\/vapeenjoy.com\/product\/uzy-crystal-pro-max-10000-puffs-disposable-vape\/#primaryimage"},"thumbnailUrl":"https:\/\/vapeenjoy.com\/wp-content\/uploads\/2025\/07\/UZY-Crystal-pro-max-10000.png","datePublished":"2025-07-21T03:52:05+00:00","dateModified":"2025-08-26T09:06:13+00:00","description":"Uzy Crystal Pro Max 10000 Puffs Vape desechable: 15 ml E-Liquid, 0-5% Nicotina, Tipo-C recargable. Sabor duradero. \u00a1Compre ahora!","breadcrumb":{"@id":"https:\/\/vapeenjoy.com\/product\/uzy-crystal-pro-max-10000-puffs-disposable-vape\/#breadcrumb"},"inLanguage":"es","potentialAction":[{"@type":"ReadAction","target":["https:\/\/vapeenjoy.com\/product\/uzy-crystal-pro-max-10000-puffs-disposable-vape\/"]}]},{"@type":"ImageObject","inLanguage":"es","@id":"https:\/\/vapeenjoy.com\/product\/uzy-crystal-pro-max-10000-puffs-disposable-vape\/#primaryimage","url":"https:\/\/vapeenjoy.com\/wp-content\/uploads\/2025\/07\/UZY-Crystal-pro-max-10000.png","contentUrl":"https:\/\/vapeenjoy.com\/wp-content\/uploads\/2025\/07\/UZY-Crystal-pro-max-10000.png","width":910,"height":812},{"@type":"BreadcrumbList","@id":"https:\/\/vapeenjoy.com\/product\/uzy-crystal-pro-max-10000-puffs-disposable-vape\/#breadcrumb","itemListElement":[{"@type":"ListItem","position":1,"name":"Home","item":"https:\/\/vapeenjoy.com\/"},{"@type":"ListItem","position":2,"name":"Shop","item":"https:\/\/vapeenjoy.com\/vapeenjoy-shop\/"},{"@type":"ListItem","position":3,"name":"UZY Crystal Pro Max 10000 Puffs Disposable Vape 15ml 0-5% Nicotine Type-C Rechargeable"}]},{"@type":"WebSite","@id":"https:\/\/vapeenjoy.com\/#website","url":"https:\/\/vapeenjoy.com\/","name":"vapiar","description":"Una tienda online para vender vapes","potentialAction":[{"@type":"SearchAction","target":{"@type":"EntryPoint","urlTemplate":"https:\/\/vapeenjoy.com\/?s={search_term_string}"},"query-input":{"@type":"PropertyValueSpecification","valueRequired":true,"valueName":"search_term_string"}}],"inLanguage":"es"}]}},"_links":{"self":[{"href":"https:\/\/vapeenjoy.com\/es\/wp-json\/wp\/v2\/product\/283","targetHints":{"allow":["GET"]}}],"collection":[{"href":"https:\/\/vapeenjoy.com\/es\/wp-json\/wp\/v2\/product"}],"about":[{"href":"https:\/\/vapeenjoy.com\/es\/wp-json\/wp\/v2\/types\/product"}],"replies":[{"embeddable":true,"href":"https:\/\/vapeenjoy.com\/es\/wp-json\/wp\/v2\/comments?post=283"}],"version-history":[{"count":2,"href":"https:\/\/vapeenjoy.com\/es\/wp-json\/wp\/v2\/product\/283\/revisions"}],"predecessor-version":[{"id":2369,"href":"https:\/\/vapeenjoy.com\/es\/wp-json\/wp\/v2\/product\/283\/revisions\/2369"}],"wp:featuredmedia":[{"embeddable":true,"href":"https:\/\/vapeenjoy.com\/es\/wp-json\/wp\/v2\/media\/294"}],"wp:attachment":[{"href":"https:\/\/vapeenjoy.com\/es\/wp-json\/wp\/v2\/media?parent=283"}],"wp:term":[{"taxonomy":"product_brand","embeddable":true,"href":"https:\/\/vapeenjoy.com\/es\/wp-json\/wp\/v2\/product_brand?post=283"},{"taxonomy":"product_cat","embeddable":true,"href":"https:\/\/vapeenjoy.com\/es\/wp-json\/wp\/v2\/product_cat?post=283"},{"taxonomy":"product_tag","embeddable":true,"href":"https:\/\/vapeenjoy.com\/es\/wp-json\/wp\/v2\/product_tag?post=283"}],"curies":[{"name":"pp","href":"https:\/\/api.w.org\/{rel}","templated":true}]}}