{"id":2929,"date":"2025-09-15T09:09:10","date_gmt":"2025-09-15T09:09:10","guid":{"rendered":"https:\/\/vapeenjoy.com\/?post_type=product&#038;p=2929"},"modified":"2025-10-23T03:42:55","modified_gmt":"2025-10-23T03:42:55","slug":"airmez-fox-80000-80k-puffs-2-in-1-flavors-disposable-vape-30ml-2-nicotine","status":"publish","type":"product","link":"https:\/\/vapeenjoy.com\/es\/producto\/airmez-fox-80000-80k-puffs-2-en-1-sabores-desechables-vape-30ml-2-nicotina\/","title":{"rendered":"AIRMEZ FOX 80000 80K 80K SABORES 2 EN 1 SABORES DESECHABLES VAPE 30ML 2% nicotina"},"content":{"rendered":"<h2>AIRMEZ FOX 80000 80K SOBRE 2 EN 1 SABORES DESECHABLES VAPE 30ml<\/h2>\n<p>AIRMEZ es una marca de confianza conocida por ofrecer productos de vapeo innovadores y confiables. El Vape Desechable de los Sabores 2 en 1 de Airmez Fox 80000 ofrece una combinaci\u00f3n \u00fanica de comodidad y rendimiento duradero. Con un dise\u00f1o elegante, este dispositivo es compacto pero potente, lo que lo hace ideal para el uso en movimiento. Su construcci\u00f3n ergon\u00f3mica y su est\u00e9tica limpia garantizan la comodidad y la facilidad de uso, mientras que la gran capacidad de e-l\u00edquido de 30 ml proporciona una experiencia de vapeo extendida.<\/p>\n<h3>Especificaciones del producto<\/h3>\n<p>\u2611 <span style=\"font-weight: bold;\">15ml*2 de e-l\u00edquido<\/span> \u2013 Doble lquido Pods para mayor uso<br \/>\n\u2611 <span style=\"font-weight: bold;\">bobina de malla<\/span> \u2013 Asegura una producci\u00f3n de sabor \u00f3ptima<br \/>\n\u2611 <span style=\"font-weight: bold;\">Puerto tipo C<\/span> \u2013 Capacidad de carga r\u00e1pida<br \/>\n\u2611 <span style=\"font-weight: bold;\">650mAh<\/span> \u2013 Proporciona una amplia potencia para 80K puffs<\/p>\n<h3>saharas<\/h3>\n<p>Con una selecci\u00f3n de 10 sabores distintos, el Airmez Fox 80000 ofrece una variedad de opciones para atender diferentes preferencias. A continuaci\u00f3n se muestran los sabores disponibles:<\/p>\n<ul>\n<li><span style=\"font-weight: bold;\">1. sand\u00eda de fresa<\/span>, frambuesa de fresa<\/li>\n<li><span style=\"font-weight: bold;\">2 Limonada de Razz Azul<\/span>, azul razz<\/li>\n<li><span style=\"font-weight: bold;\">3. Ar\u00e1ndano sobre hielo<\/span>, frambuesa de ar\u00e1ndanos<\/li>\n<li><span style=\"font-weight: bold;\">4. Kiwi de fresa<\/span>, hielo de fresa<\/li>\n<li><span style=\"font-weight: bold;\">5. Hielo de sand\u00eda<\/span>, sand\u00eda de frambuesa<\/li>\n<li><span style=\"font-weight: bold;\">6. limonada de bayas<\/span>, lim\u00f3n lim\u00f3n<\/li>\n<li><span style=\"font-weight: bold;\">7 fruta tropical<\/span>, amor 66<\/li>\n<li><span style=\"font-weight: bold;\">8. Hielo de durazno<\/span>, melocot\u00f3n de mango<\/li>\n<li><span style=\"font-weight: bold;\">9. Bayas mezcladas<\/span>, Dr. Azul<\/li>\n<li><span style=\"font-weight: bold;\">10. uva<\/span>, hielo negro<\/li>\n<\/ul>\n<h3>preguntas frecuentes<\/h3>\n<h4>1. \u00bfCu\u00e1nto dura el airmez fox 80000?<\/h4>\n<p>El dispositivo ofrece hasta 80.000 bocanadas, ofreciendo una larga experiencia de vapeo.<\/p>\n<h4>2 . \u00bfC\u00f3mo cargo el airmez zorro 80000?<\/h4>\n<p>Simplemente use el puerto tipo C para una carga r\u00e1pida y eficiente. Un dispositivo completamente cargado puede durar varias sesiones de vapeo.<\/p>\n<h4>3. \u00bfEl dispositivo es recargable?<\/h4>\n<p>No, el Airmez Fox 80000 es un vape desechable, lo que significa que una vez que se agota el e-l\u00edquido, puede desechar el dispositivo y reemplazarlo por uno nuevo.<\/p>\n<h4>4. \u00bfC\u00f3mo elijo el sabor adecuado?<\/h4>\n<p>El sabor adecuado depende de su gusto personal. Si te gustan los sabores afrutados y refrescantes, prueba <span style=\"font-weight: bold;\">sand\u00eda de fresa<\/span> investigaciones operacionales <span style=\"font-weight: bold;\">limonada de bayas<\/span>. Si prefieres las sensaciones heladas, opciones como <span style=\"font-weight: bold;\">Ar\u00e1ndano sobre hielo<\/span> investigaciones operacionales <span style=\"font-weight: bold;\">uva<\/span> podr\u00eda ser el mejor ajuste.<\/p>\n<h4>5. \u00bfEl airmez zorro 80000 tiene nicotina?<\/h4>\n<p>S\u00ed, contiene nicotina. Por favor, compruebe el envase para la concentraci\u00f3n exacta de nicotina.<\/p>\n<h4>6. \u00bfC\u00f3mo debo almacenar el dispositivo?<\/h4>\n<p>Para garantizar la longevidad del producto, gu\u00e1rdelo en un lugar fresco y seco, lejos de la luz solar directa o de temperaturas extremas.<\/p>\n<h4>7 \u00bfCu\u00e1l es la diferencia entre los sabores?<\/h4>\n<p>Cada sabor ofrece una combinaci\u00f3n \u00fanica de sabores afrutados, picantes o helados. Por ejemplo, <span style=\"font-weight: bold;\">fruta tropical<\/span> Combina una mezcla de sabores ex\u00f3ticos, mientras <span style=\"font-weight: bold;\">Hielo de durazno<\/span> Proporciona un sabor a melocot\u00f3n suave con un acabado fresco.<\/p>\n<p><img fetchpriority=\"high\" decoding=\"async\" class=\"alignnone size-full wp-image-2937\" src=\"https:\/\/vapeenjoy.com\/wp-content\/uploads\/2025\/09\/Airmez-Fox-80000-Puffs-2-IN-1-Flavors-Disposable-Vape-Flavors.avif\" alt=\"AIRMEZ FOX 80000 PUNTAS 2 EN 1 SABORES DESECHABLES SABORES\" width=\"1240\" height=\"1754\" srcset=\"https:\/\/vapeenjoy.com\/wp-content\/uploads\/2025\/09\/Airmez-Fox-80000-Puffs-2-IN-1-Flavors-Disposable-Vape-Flavors.avif 1240w, https:\/\/vapeenjoy.com\/wp-content\/uploads\/2025\/09\/Airmez-Fox-80000-Puffs-2-IN-1-Flavors-Disposable-Vape-Flavors-212x300.avif 212w, https:\/\/vapeenjoy.com\/wp-content\/uploads\/2025\/09\/Airmez-Fox-80000-Puffs-2-IN-1-Flavors-Disposable-Vape-Flavors-724x1024.avif 724w, https:\/\/vapeenjoy.com\/wp-content\/uploads\/2025\/09\/Airmez-Fox-80000-Puffs-2-IN-1-Flavors-Disposable-Vape-Flavors-768x1086.avif 768w, https:\/\/vapeenjoy.com\/wp-content\/uploads\/2025\/09\/Airmez-Fox-80000-Puffs-2-IN-1-Flavors-Disposable-Vape-Flavors-1086x1536.avif 1086w, https:\/\/vapeenjoy.com\/wp-content\/uploads\/2025\/09\/Airmez-Fox-80000-Puffs-2-IN-1-Flavors-Disposable-Vape-Flavors-8x12.avif 8w, https:\/\/vapeenjoy.com\/wp-content\/uploads\/2025\/09\/Airmez-Fox-80000-Puffs-2-IN-1-Flavors-Disposable-Vape-Flavors-1200x1697.avif 1200w, https:\/\/vapeenjoy.com\/wp-content\/uploads\/2025\/09\/Airmez-Fox-80000-Puffs-2-IN-1-Flavors-Disposable-Vape-Flavors-150x212.avif 150w\" sizes=\"(max-width: 1240px) 100vw, 1240px\" \/><\/p>","protected":false},"excerpt":{"rendered":"<p>AIRMEZ es una marca de renombre conocida por sus productos de vapeo fiables y de alto rendimiento. El FOX 80000 2 en 1 sabores desechable Vape ofrece 80k de 80k y una capacidad de 30ml de e-l\u00edquido. Cuenta con una bobina de malla para un mejor sabor, un puerto tipo C para una carga r\u00e1pida y una bater\u00eda de 650 mAh para un uso prolongado, lo que lo convierte en la opci\u00f3n perfecta para los vapeadores que buscan comodidad y durabilidad.<\/p>","protected":false},"featured_media":2936,"comment_status":"open","ping_status":"closed","template":"","meta":[],"product_brand":[229],"product_cat":[17],"product_tag":[85,70],"class_list":{"0":"post-2929","1":"product","2":"type-product","3":"status-publish","4":"has-post-thumbnail","6":"product_brand-airmez","7":"product_cat-80000-puffs-vape","8":"product_tag-2-nicotine","9":"product_tag-30ml","11":"first","12":"instock","13":"sale","14":"shipping-taxable","15":"purchasable","16":"product-type-variable"},"yoast_head":"<!-- This site is optimized with the Yoast SEO plugin v25.7 - https:\/\/yoast.com\/wordpress\/plugins\/seo\/ -->\n<title>Airmez FOX 80000 Puffs 2 IN 1 Flavors Disposable Vape<\/title>\n<meta name=\"description\" content=\"Airmez FOX 80000 Disposable Vape offers 80K puffs, 30ML e-liquid, mesh coil, Type-C charging, and a 650mAh battery for lasting performance.\" \/>\n<meta name=\"robots\" content=\"index, follow, max-snippet:-1, max-image-preview:large, max-video-preview:-1\" \/>\n<link rel=\"canonical\" href=\"https:\/\/vapeenjoy.com\/es\/producto\/airmez-fox-80000-80k-puffs-2-en-1-sabores-desechables-vape-30ml-2-nicotina\/\" \/>\n<meta property=\"og:locale\" content=\"es_ES\" \/>\n<meta property=\"og:type\" content=\"article\" \/>\n<meta property=\"og:title\" content=\"Airmez FOX 80000 Puffs 2 IN 1 Flavors Disposable Vape\" \/>\n<meta property=\"og:description\" content=\"Airmez FOX 80000 Disposable Vape offers 80K puffs, 30ML e-liquid, mesh coil, Type-C charging, and a 650mAh battery for lasting performance.\" \/>\n<meta property=\"og:url\" content=\"https:\/\/vapeenjoy.com\/es\/producto\/airmez-fox-80000-80k-puffs-2-en-1-sabores-desechables-vape-30ml-2-nicotina\/\" \/>\n<meta property=\"og:site_name\" content=\"vapeenjoy\" \/>\n<meta property=\"article:modified_time\" content=\"2025-10-23T03:42:55+00:00\" \/>\n<meta property=\"og:image\" content=\"https:\/\/vapeenjoy.com\/wp-content\/uploads\/2025\/09\/vapeenjoy-airmez-2-in-1-80000-puffs.avif\" \/>\n\t<meta property=\"og:image:width\" content=\"2480\" \/>\n\t<meta property=\"og:image:height\" content=\"2480\" \/>\n\t<meta property=\"og:image:type\" content=\"image\/webp\" \/>\n<meta name=\"twitter:card\" content=\"summary_large_image\" \/>\n<meta name=\"twitter:label1\" content=\"Tiempo de lectura\" \/>\n\t<meta name=\"twitter:data1\" content=\"3 minutos\" \/>\n<script type=\"application\/ld+json\" class=\"yoast-schema-graph\">{\"@context\":\"https:\/\/schema.org\",\"@graph\":[{\"@type\":\"WebPage\",\"@id\":\"https:\/\/vapeenjoy.com\/product\/airmez-fox-80000-80k-puffs-2-in-1-flavors-disposable-vape-30ml-2-nicotine\/\",\"url\":\"https:\/\/vapeenjoy.com\/product\/airmez-fox-80000-80k-puffs-2-in-1-flavors-disposable-vape-30ml-2-nicotine\/\",\"name\":\"Airmez FOX 80000 Puffs 2 IN 1 Flavors Disposable Vape\",\"isPartOf\":{\"@id\":\"https:\/\/vapeenjoy.com\/#website\"},\"primaryImageOfPage\":{\"@id\":\"https:\/\/vapeenjoy.com\/product\/airmez-fox-80000-80k-puffs-2-in-1-flavors-disposable-vape-30ml-2-nicotine\/#primaryimage\"},\"image\":{\"@id\":\"https:\/\/vapeenjoy.com\/product\/airmez-fox-80000-80k-puffs-2-in-1-flavors-disposable-vape-30ml-2-nicotine\/#primaryimage\"},\"thumbnailUrl\":\"https:\/\/vapeenjoy.com\/wp-content\/uploads\/2025\/09\/vapeenjoy-airmez-2-in-1-80000-puffs.avif\",\"datePublished\":\"2025-09-15T09:09:10+00:00\",\"dateModified\":\"2025-10-23T03:42:55+00:00\",\"description\":\"Airmez FOX 80000 Disposable Vape offers 80K puffs, 30ML e-liquid, mesh coil, Type-C charging, and a 650mAh battery for lasting performance.\",\"breadcrumb\":{\"@id\":\"https:\/\/vapeenjoy.com\/product\/airmez-fox-80000-80k-puffs-2-in-1-flavors-disposable-vape-30ml-2-nicotine\/#breadcrumb\"},\"inLanguage\":\"es\",\"potentialAction\":[{\"@type\":\"ReadAction\",\"target\":[\"https:\/\/vapeenjoy.com\/product\/airmez-fox-80000-80k-puffs-2-in-1-flavors-disposable-vape-30ml-2-nicotine\/\"]}]},{\"@type\":\"ImageObject\",\"inLanguage\":\"es\",\"@id\":\"https:\/\/vapeenjoy.com\/product\/airmez-fox-80000-80k-puffs-2-in-1-flavors-disposable-vape-30ml-2-nicotine\/#primaryimage\",\"url\":\"https:\/\/vapeenjoy.com\/wp-content\/uploads\/2025\/09\/vapeenjoy-airmez-2-in-1-80000-puffs.avif\",\"contentUrl\":\"https:\/\/vapeenjoy.com\/wp-content\/uploads\/2025\/09\/vapeenjoy-airmez-2-in-1-80000-puffs.avif\",\"width\":2480,\"height\":2480,\"caption\":\"vapeenjoy airmez 2-in-1 80000 puffs Disposable vape\"},{\"@type\":\"BreadcrumbList\",\"@id\":\"https:\/\/vapeenjoy.com\/product\/airmez-fox-80000-80k-puffs-2-in-1-flavors-disposable-vape-30ml-2-nicotine\/#breadcrumb\",\"itemListElement\":[{\"@type\":\"ListItem\",\"position\":1,\"name\":\"Home\",\"item\":\"https:\/\/vapeenjoy.com\/\"},{\"@type\":\"ListItem\",\"position\":2,\"name\":\"Shop\",\"item\":\"https:\/\/vapeenjoy.com\/vapeenjoy-shop\/\"},{\"@type\":\"ListItem\",\"position\":3,\"name\":\"Airmez Fox 80000 80K Puffs 2 IN 1 Flavors Disposable Vape 30ML 2% Nicotine\"}]},{\"@type\":\"WebSite\",\"@id\":\"https:\/\/vapeenjoy.com\/#website\",\"url\":\"https:\/\/vapeenjoy.com\/\",\"name\":\"vapeenjoy\",\"description\":\"An online store for selling vapes\",\"potentialAction\":[{\"@type\":\"SearchAction\",\"target\":{\"@type\":\"EntryPoint\",\"urlTemplate\":\"https:\/\/vapeenjoy.com\/?s={search_term_string}\"},\"query-input\":{\"@type\":\"PropertyValueSpecification\",\"valueRequired\":true,\"valueName\":\"search_term_string\"}}],\"inLanguage\":\"es\"}]}<\/script>\n<!-- \/ Yoast SEO plugin. -->","yoast_head_json":{"title":"AIRMEZ FOX 80000 PUNTAS 2 EN 1 SABORES VAPE DESECHABLE","description":"AIRMEZ FOX 80000 Vape desechable ofrece 80K de 80K, e-l\u00edquido de 30ml, bobina de malla, carga tipo C y una bater\u00eda de 650mAh para un rendimiento duradero.","robots":{"index":"index","follow":"follow","max-snippet":"max-snippet:-1","max-image-preview":"max-image-preview:large","max-video-preview":"max-video-preview:-1"},"canonical":"https:\/\/vapeenjoy.com\/es\/producto\/airmez-fox-80000-80k-puffs-2-en-1-sabores-desechables-vape-30ml-2-nicotina\/","og_locale":"es_ES","og_type":"article","og_title":"Airmez FOX 80000 Puffs 2 IN 1 Flavors Disposable Vape","og_description":"Airmez FOX 80000 Disposable Vape offers 80K puffs, 30ML e-liquid, mesh coil, Type-C charging, and a 650mAh battery for lasting performance.","og_url":"https:\/\/vapeenjoy.com\/es\/producto\/airmez-fox-80000-80k-puffs-2-en-1-sabores-desechables-vape-30ml-2-nicotina\/","og_site_name":"vapeenjoy","article_modified_time":"2025-10-23T03:42:55+00:00","og_image":[{"width":2480,"height":2480,"url":"https:\/\/vapeenjoy.com\/wp-content\/uploads\/2025\/09\/vapeenjoy-airmez-2-in-1-80000-puffs.avif","type":"image\/webp"}],"twitter_card":"summary_large_image","twitter_misc":{"Tiempo de lectura":"3 minutos"},"schema":{"@context":"https:\/\/schema.org","@graph":[{"@type":"WebPage","@id":"https:\/\/vapeenjoy.com\/product\/airmez-fox-80000-80k-puffs-2-in-1-flavors-disposable-vape-30ml-2-nicotine\/","url":"https:\/\/vapeenjoy.com\/product\/airmez-fox-80000-80k-puffs-2-in-1-flavors-disposable-vape-30ml-2-nicotine\/","name":"AIRMEZ FOX 80000 PUNTAS 2 EN 1 SABORES VAPE DESECHABLE","isPartOf":{"@id":"https:\/\/vapeenjoy.com\/#website"},"primaryImageOfPage":{"@id":"https:\/\/vapeenjoy.com\/product\/airmez-fox-80000-80k-puffs-2-in-1-flavors-disposable-vape-30ml-2-nicotine\/#primaryimage"},"image":{"@id":"https:\/\/vapeenjoy.com\/product\/airmez-fox-80000-80k-puffs-2-in-1-flavors-disposable-vape-30ml-2-nicotine\/#primaryimage"},"thumbnailUrl":"https:\/\/vapeenjoy.com\/wp-content\/uploads\/2025\/09\/vapeenjoy-airmez-2-in-1-80000-puffs.avif","datePublished":"2025-09-15T09:09:10+00:00","dateModified":"2025-10-23T03:42:55+00:00","description":"AIRMEZ FOX 80000 Vape desechable ofrece 80K de 80K, e-l\u00edquido de 30ml, bobina de malla, carga tipo C y una bater\u00eda de 650mAh para un rendimiento duradero.","breadcrumb":{"@id":"https:\/\/vapeenjoy.com\/product\/airmez-fox-80000-80k-puffs-2-in-1-flavors-disposable-vape-30ml-2-nicotine\/#breadcrumb"},"inLanguage":"es","potentialAction":[{"@type":"ReadAction","target":["https:\/\/vapeenjoy.com\/product\/airmez-fox-80000-80k-puffs-2-in-1-flavors-disposable-vape-30ml-2-nicotine\/"]}]},{"@type":"ImageObject","inLanguage":"es","@id":"https:\/\/vapeenjoy.com\/product\/airmez-fox-80000-80k-puffs-2-in-1-flavors-disposable-vape-30ml-2-nicotine\/#primaryimage","url":"https:\/\/vapeenjoy.com\/wp-content\/uploads\/2025\/09\/vapeenjoy-airmez-2-in-1-80000-puffs.avif","contentUrl":"https:\/\/vapeenjoy.com\/wp-content\/uploads\/2025\/09\/vapeenjoy-airmez-2-in-1-80000-puffs.avif","width":2480,"height":2480,"caption":"vapeenjoy airmez 2-in-1 80000 puffs Disposable vape"},{"@type":"BreadcrumbList","@id":"https:\/\/vapeenjoy.com\/product\/airmez-fox-80000-80k-puffs-2-in-1-flavors-disposable-vape-30ml-2-nicotine\/#breadcrumb","itemListElement":[{"@type":"ListItem","position":1,"name":"Home","item":"https:\/\/vapeenjoy.com\/"},{"@type":"ListItem","position":2,"name":"Shop","item":"https:\/\/vapeenjoy.com\/vapeenjoy-shop\/"},{"@type":"ListItem","position":3,"name":"Airmez Fox 80000 80K Puffs 2 IN 1 Flavors Disposable Vape 30ML 2% Nicotine"}]},{"@type":"WebSite","@id":"https:\/\/vapeenjoy.com\/#website","url":"https:\/\/vapeenjoy.com\/","name":"vapiar","description":"Una tienda online para vender vapes","potentialAction":[{"@type":"SearchAction","target":{"@type":"EntryPoint","urlTemplate":"https:\/\/vapeenjoy.com\/?s={search_term_string}"},"query-input":{"@type":"PropertyValueSpecification","valueRequired":true,"valueName":"search_term_string"}}],"inLanguage":"es"}]}},"_links":{"self":[{"href":"https:\/\/vapeenjoy.com\/es\/wp-json\/wp\/v2\/product\/2929","targetHints":{"allow":["GET"]}}],"collection":[{"href":"https:\/\/vapeenjoy.com\/es\/wp-json\/wp\/v2\/product"}],"about":[{"href":"https:\/\/vapeenjoy.com\/es\/wp-json\/wp\/v2\/types\/product"}],"replies":[{"embeddable":true,"href":"https:\/\/vapeenjoy.com\/es\/wp-json\/wp\/v2\/comments?post=2929"}],"version-history":[{"count":3,"href":"https:\/\/vapeenjoy.com\/es\/wp-json\/wp\/v2\/product\/2929\/revisions"}],"predecessor-version":[{"id":3120,"href":"https:\/\/vapeenjoy.com\/es\/wp-json\/wp\/v2\/product\/2929\/revisions\/3120"}],"wp:featuredmedia":[{"embeddable":true,"href":"https:\/\/vapeenjoy.com\/es\/wp-json\/wp\/v2\/media\/2936"}],"wp:attachment":[{"href":"https:\/\/vapeenjoy.com\/es\/wp-json\/wp\/v2\/media?parent=2929"}],"wp:term":[{"taxonomy":"product_brand","embeddable":true,"href":"https:\/\/vapeenjoy.com\/es\/wp-json\/wp\/v2\/product_brand?post=2929"},{"taxonomy":"product_cat","embeddable":true,"href":"https:\/\/vapeenjoy.com\/es\/wp-json\/wp\/v2\/product_cat?post=2929"},{"taxonomy":"product_tag","embeddable":true,"href":"https:\/\/vapeenjoy.com\/es\/wp-json\/wp\/v2\/product_tag?post=2929"}],"curies":[{"name":"pp","href":"https:\/\/api.w.org\/{rel}","templated":true}]}}