{"id":295,"date":"2025-07-21T07:35:15","date_gmt":"2025-07-21T07:35:15","guid":{"rendered":"https:\/\/vapeenjoy.com\/?post_type=product&#038;p=295"},"modified":"2025-08-26T07:09:45","modified_gmt":"2025-08-26T07:09:45","slug":"uzy-tornado-20000-puffs-disposable-vape","status":"publish","type":"product","link":"https:\/\/vapeenjoy.com\/es\/producto\/uzy-tornado-20000-puffs-vape-desechable\/","title":{"rendered":"Uzy Tornado 20000 Puffs Vape desechable 28ml 0-5% Recarga de nicotina tipo C"},"content":{"rendered":"<h2 dir=\"ltr\" data-pm-slice=\"1 3 []\">Uzy Tornado 20000 Puffs Vape desechable Descripci\u00f3n<\/h2>\n<p dir=\"ltr\">UZY ofrece soluciones de vapeo de alta calidad, priorizando la comodidad y el sabor. Espec\u00edficamente, el Uzy Tornado 20000 Puffs Vape desechable ofrece una experiencia sabrosa y duradera. Adem\u00e1s, su elegante dise\u00f1o y pantalla LED garantizan la portabilidad, la fiabilidad y la facilidad de uso.<\/p>\n<h2 dir=\"ltr\">Uzy Tornado 20000 Puffs Vape desechable Especificaciones<\/h2>\n<ul class=\"tight\" dir=\"ltr\" data-tight=\"true\">\n<li>\n<p dir=\"ltr\"><strong>Recuento de soplo:<\/strong> 20.000 bocanadas para uso prolongado.<\/p>\n<\/li>\n<li>\n<p dir=\"ltr\"><strong>Capacidad de e-l\u00edquido:<\/strong> 28 ml para un sabor constante.<\/p>\n<\/li>\n<li>\n<p dir=\"ltr\"><strong>Fuerzas de nicotina:<\/strong> 0%, 2%, 3%, 5% para adaptarse a las preferencias.<\/p>\n<\/li>\n<li>\n<p dir=\"ltr\"><strong>Capacidad de la bater\u00eda:<\/strong> 850mAh, recargable para un rendimiento fiable.<\/p>\n<\/li>\n<li>\n<p dir=\"ltr\"><strong>Puerto de carga:<\/strong> Tipo-C para recarga r\u00e1pida.<\/p>\n<\/li>\n<li>\n<p dir=\"ltr\"><strong>Tipo de bobina:<\/strong> Bobina de malla para mayor sabor y vapor.<\/p>\n<\/li>\n<li>\n<p dir=\"ltr\"><strong>Flujo de aire:<\/strong> Ajustable para una experiencia personalizada.<\/p>\n<\/li>\n<li>\n<p dir=\"ltr\"><strong>Mostrar:<\/strong> El LED muestra la duraci\u00f3n de la bater\u00eda y el recuento de soplo.<\/p>\n<\/li>\n<\/ul>\n<h2 dir=\"ltr\">12 opciones de sabor<\/h2>\n<ol class=\"tight\" dir=\"ltr\" data-tight=\"true\">\n<li>\n<p dir=\"ltr\"><strong>Sand\u00eda de fresa:<\/strong> Las fresas dulces se encuentran con la sand\u00eda jugosa.<\/p>\n<\/li>\n<li>\n<p dir=\"ltr\"><strong>Ar\u00e1ndano sobre hielo:<\/strong> Ar\u00e1ndanos maduros con un acabado de mentol fresco.<\/p>\n<\/li>\n<li>\n<p dir=\"ltr\"><strong>Pi\u00f1a de mango melocot\u00f3n:<\/strong> Mezcla tropical de melocot\u00f3n, mango y pi\u00f1a.<\/p>\n<\/li>\n<li>\n<p dir=\"ltr\"><strong>Hielo de uva:<\/strong> Uvas ricas con una refrescante patada de mentol.<\/p>\n<\/li>\n<li>\n<p dir=\"ltr\"><strong>Hielo de sand\u00eda:<\/strong> Sand\u00eda dulce con un toque fresco.<\/p>\n<\/li>\n<li>\n<p dir=\"ltr\"><strong>Hielo de durazno:<\/strong> Melocot\u00f3n suave con acabado helado.<\/p>\n<\/li>\n<li>\n<p dir=\"ltr\"><strong>Kiwi de fresa:<\/strong> Fresas dulces y kiwi picante.<\/p>\n<\/li>\n<li>\n<p dir=\"ltr\"><strong>Frambuesa de ar\u00e1ndano:<\/strong> frambuesas \u00e1cidas y ar\u00e1ndanos dulces.<\/p>\n<\/li>\n<li>\n<p dir=\"ltr\"><strong>Fruta de la pasi\u00f3n kiwi:<\/strong> Kiwi picante y maracuy\u00e1 ex\u00f3tica.<\/p>\n<\/li>\n<li>\n<p dir=\"ltr\"><strong>Se\u00f1or azul:<\/strong> Ar\u00e1ndano \u00fanico con una nota refrescante.<\/p>\n<\/li>\n<li>\n<p dir=\"ltr\"><strong>Hielo triple de mango:<\/strong> Tres variedades de mango con un toque helado.<\/p>\n<\/li>\n<li>\n<p dir=\"ltr\"><strong>Hielo de energ\u00eda roja:<\/strong> Sabor de bebida energ\u00e9tica con un toque de mentol.<\/p>\n<\/li>\n<\/ol>\n<h2 dir=\"ltr\">Preguntas frecuentes<\/h2>\n<ol class=\"tight\" dir=\"ltr\" data-tight=\"true\">\n<li>\n<p dir=\"ltr\"><strong>\u00bfCu\u00e1l es el conteo de soplo?<\/strong> Hasta 20.000 bocanadas para uso a largo plazo.<\/p>\n<\/li>\n<li>\n<p dir=\"ltr\"><strong>\u00bfQu\u00e9 puntos de nicotina est\u00e1n disponibles?<\/strong> 0%, 2%, 3% y 5%.<\/p>\n<\/li>\n<li>\n<p dir=\"ltr\"><strong>\u00bfC\u00f3mo s\u00e9 cu\u00e1ndo es bajo?<\/strong> La pantalla LED muestra la bater\u00eda y el recuento de soplo, puede parpadear o detenerse cuando se agota.<\/p>\n<\/li>\n<li>\n<p dir=\"ltr\"><strong>\u00bfC\u00f3mo elijo un sabor?<\/strong> Por ejemplo, elija mezclas afrutadas como sand\u00eda de fresa para dulzor, opciones heladas como hielo de uva para refresco o hielo rojo audaz para un toque \u00fanico.<\/p>\n<\/li>\n<li>\n<p dir=\"ltr\"><strong>\u00bfEs recargable?<\/strong> S\u00ed, utiliza una bater\u00eda de 850mAh con carga tipo C.<\/p>\n<\/li>\n<li>\n<p dir=\"ltr\"><strong>\u00bfPuedo ajustar el flujo de aire?<\/strong> De hecho, el flujo de aire ajustable personaliza su sorteo.<\/p>\n<\/li>\n<li>\n<p dir=\"ltr\"><strong>que bobina usa?<\/strong> Una bobina de malla garantiza un sabor y vapor constantes.<\/p>\n<\/li>\n<\/ol>\n<p><img fetchpriority=\"high\" decoding=\"async\" class=\"alignnone wp-image-304 size-full\" src=\"https:\/\/vapeenjoy.com\/wp-content\/uploads\/2025\/07\/UZY-Tornado-20000-Puffs.webp\" alt=\"Uzy Tornado 20000 Sabores de Vape Desechables\" width=\"1000\" height=\"1000\" srcset=\"https:\/\/vapeenjoy.com\/wp-content\/uploads\/2025\/07\/UZY-Tornado-20000-Puffs.webp 1000w, https:\/\/vapeenjoy.com\/wp-content\/uploads\/2025\/07\/UZY-Tornado-20000-Puffs-600x600.webp 600w, https:\/\/vapeenjoy.com\/wp-content\/uploads\/2025\/07\/UZY-Tornado-20000-Puffs-150x150.webp 150w, https:\/\/vapeenjoy.com\/wp-content\/uploads\/2025\/07\/UZY-Tornado-20000-Puffs-300x300.webp 300w, https:\/\/vapeenjoy.com\/wp-content\/uploads\/2025\/07\/UZY-Tornado-20000-Puffs-768x768.webp 768w\" sizes=\"(max-width: 1000px) 100vw, 1000px\" \/><\/p>","protected":false},"excerpt":{"rendered":"<p>Uzy, una marca enfocada en soluciones de vapeo de calidad, presenta el cigarrillo electr\u00f3nico Tornado 20000 Puffs desechable. Este dispositivo ofrece un dise\u00f1o elegante con hasta 20.000 soplos, capacidad de 28 ml de e-l\u00edquido y una bater\u00eda recargable de 850 mAh. Con flujo de aire ajustable, una bobina de malla y m\u00faltiples fuerzas de nicotina (0%, 2%, 3%, 5%), ofrece un sabor y una comodidad constantes.<\/p>","protected":false},"featured_media":305,"comment_status":"open","ping_status":"closed","template":"","meta":[],"product_brand":[38],"product_cat":[22],"product_tag":[64,68],"class_list":{"0":"post-295","1":"product","2":"type-product","3":"status-publish","4":"has-post-thumbnail","6":"product_brand-uzy-vape","7":"product_cat-20000-puffs-vape","8":"product_tag-0-5-nicotine","9":"product_tag-28ml","11":"first","12":"instock","13":"sale","14":"shipping-taxable","15":"purchasable","16":"product-type-variable"},"yoast_head":"<!-- This site is optimized with the Yoast SEO plugin v25.7 - https:\/\/yoast.com\/wordpress\/plugins\/seo\/ -->\n<title>UZY Tornado 20000 Puffs Disposable Vape 28ml 0-5% Nicotine<\/title>\n<meta name=\"description\" content=\"UZY Tornado 20000 Puffs Disposable Vape: 28ml e-liquid, 0-5% nicotine, Type-C rechargeable. 12 flavors, 850mAh battery for lasting performance.\" \/>\n<meta name=\"robots\" content=\"index, follow, max-snippet:-1, max-image-preview:large, max-video-preview:-1\" \/>\n<link rel=\"canonical\" href=\"https:\/\/vapeenjoy.com\/es\/producto\/uzy-tornado-20000-puffs-vape-desechable\/\" \/>\n<meta property=\"og:locale\" content=\"es_ES\" \/>\n<meta property=\"og:type\" content=\"article\" \/>\n<meta property=\"og:title\" content=\"UZY Tornado 20000 Puffs Disposable Vape 28ml 0-5% Nicotine\" \/>\n<meta property=\"og:description\" content=\"UZY Tornado 20000 Puffs Disposable Vape: 28ml e-liquid, 0-5% nicotine, Type-C rechargeable. 12 flavors, 850mAh battery for lasting performance.\" \/>\n<meta property=\"og:url\" content=\"https:\/\/vapeenjoy.com\/es\/producto\/uzy-tornado-20000-puffs-vape-desechable\/\" \/>\n<meta property=\"og:site_name\" content=\"vapeenjoy\" \/>\n<meta property=\"article:modified_time\" content=\"2025-08-26T07:09:45+00:00\" \/>\n<meta name=\"twitter:card\" content=\"summary_large_image\" \/>\n<meta name=\"twitter:label1\" content=\"Tiempo de lectura\" \/>\n\t<meta name=\"twitter:data1\" content=\"2 minutos\" \/>\n<script type=\"application\/ld+json\" class=\"yoast-schema-graph\">{\"@context\":\"https:\/\/schema.org\",\"@graph\":[{\"@type\":\"WebPage\",\"@id\":\"https:\/\/vapeenjoy.com\/product\/uzy-tornado-20000-puffs-disposable-vape\/\",\"url\":\"https:\/\/vapeenjoy.com\/product\/uzy-tornado-20000-puffs-disposable-vape\/\",\"name\":\"UZY Tornado 20000 Puffs Disposable Vape 28ml 0-5% Nicotine\",\"isPartOf\":{\"@id\":\"https:\/\/vapeenjoy.com\/#website\"},\"primaryImageOfPage\":{\"@id\":\"https:\/\/vapeenjoy.com\/product\/uzy-tornado-20000-puffs-disposable-vape\/#primaryimage\"},\"image\":{\"@id\":\"https:\/\/vapeenjoy.com\/product\/uzy-tornado-20000-puffs-disposable-vape\/#primaryimage\"},\"thumbnailUrl\":\"https:\/\/vapeenjoy.com\/wp-content\/uploads\/2025\/07\/UZY-Tornado-20000-Puffs-Watermelon-Ice.avif\",\"datePublished\":\"2025-07-21T07:35:15+00:00\",\"dateModified\":\"2025-08-26T07:09:45+00:00\",\"description\":\"UZY Tornado 20000 Puffs Disposable Vape: 28ml e-liquid, 0-5% nicotine, Type-C rechargeable. 12 flavors, 850mAh battery for lasting performance.\",\"breadcrumb\":{\"@id\":\"https:\/\/vapeenjoy.com\/product\/uzy-tornado-20000-puffs-disposable-vape\/#breadcrumb\"},\"inLanguage\":\"es\",\"potentialAction\":[{\"@type\":\"ReadAction\",\"target\":[\"https:\/\/vapeenjoy.com\/product\/uzy-tornado-20000-puffs-disposable-vape\/\"]}]},{\"@type\":\"ImageObject\",\"inLanguage\":\"es\",\"@id\":\"https:\/\/vapeenjoy.com\/product\/uzy-tornado-20000-puffs-disposable-vape\/#primaryimage\",\"url\":\"https:\/\/vapeenjoy.com\/wp-content\/uploads\/2025\/07\/UZY-Tornado-20000-Puffs-Watermelon-Ice.avif\",\"contentUrl\":\"https:\/\/vapeenjoy.com\/wp-content\/uploads\/2025\/07\/UZY-Tornado-20000-Puffs-Watermelon-Ice.avif\"},{\"@type\":\"BreadcrumbList\",\"@id\":\"https:\/\/vapeenjoy.com\/product\/uzy-tornado-20000-puffs-disposable-vape\/#breadcrumb\",\"itemListElement\":[{\"@type\":\"ListItem\",\"position\":1,\"name\":\"Home\",\"item\":\"https:\/\/vapeenjoy.com\/\"},{\"@type\":\"ListItem\",\"position\":2,\"name\":\"Shop\",\"item\":\"https:\/\/vapeenjoy.com\/vapeenjoy-shop\/\"},{\"@type\":\"ListItem\",\"position\":3,\"name\":\"UZY Tornado 20000 Puffs Disposable Vape 28ml 0-5% Nicotine Type-C Recharge\"}]},{\"@type\":\"WebSite\",\"@id\":\"https:\/\/vapeenjoy.com\/#website\",\"url\":\"https:\/\/vapeenjoy.com\/\",\"name\":\"vapeenjoy\",\"description\":\"An online store for selling vapes\",\"potentialAction\":[{\"@type\":\"SearchAction\",\"target\":{\"@type\":\"EntryPoint\",\"urlTemplate\":\"https:\/\/vapeenjoy.com\/?s={search_term_string}\"},\"query-input\":{\"@type\":\"PropertyValueSpecification\",\"valueRequired\":true,\"valueName\":\"search_term_string\"}}],\"inLanguage\":\"es\"}]}<\/script>\n<!-- \/ Yoast SEO plugin. -->","yoast_head_json":{"title":"Uzy Tornado 20000 Puffs Vape desechable 28ml 0-5% Nicotina","description":"Uzy Tornado 20000 Puffs Vape desechable: 28ml E-Liquid, 0-5% Nicotina, Tipo-C Recargable. 12 sabores, bater\u00eda de 850 mAh para un rendimiento duradero.","robots":{"index":"index","follow":"follow","max-snippet":"max-snippet:-1","max-image-preview":"max-image-preview:large","max-video-preview":"max-video-preview:-1"},"canonical":"https:\/\/vapeenjoy.com\/es\/producto\/uzy-tornado-20000-puffs-vape-desechable\/","og_locale":"es_ES","og_type":"article","og_title":"UZY Tornado 20000 Puffs Disposable Vape 28ml 0-5% Nicotine","og_description":"UZY Tornado 20000 Puffs Disposable Vape: 28ml e-liquid, 0-5% nicotine, Type-C rechargeable. 12 flavors, 850mAh battery for lasting performance.","og_url":"https:\/\/vapeenjoy.com\/es\/producto\/uzy-tornado-20000-puffs-vape-desechable\/","og_site_name":"vapeenjoy","article_modified_time":"2025-08-26T07:09:45+00:00","twitter_card":"summary_large_image","twitter_misc":{"Tiempo de lectura":"2 minutos"},"schema":{"@context":"https:\/\/schema.org","@graph":[{"@type":"WebPage","@id":"https:\/\/vapeenjoy.com\/product\/uzy-tornado-20000-puffs-disposable-vape\/","url":"https:\/\/vapeenjoy.com\/product\/uzy-tornado-20000-puffs-disposable-vape\/","name":"Uzy Tornado 20000 Puffs Vape desechable 28ml 0-5% Nicotina","isPartOf":{"@id":"https:\/\/vapeenjoy.com\/#website"},"primaryImageOfPage":{"@id":"https:\/\/vapeenjoy.com\/product\/uzy-tornado-20000-puffs-disposable-vape\/#primaryimage"},"image":{"@id":"https:\/\/vapeenjoy.com\/product\/uzy-tornado-20000-puffs-disposable-vape\/#primaryimage"},"thumbnailUrl":"https:\/\/vapeenjoy.com\/wp-content\/uploads\/2025\/07\/UZY-Tornado-20000-Puffs-Watermelon-Ice.avif","datePublished":"2025-07-21T07:35:15+00:00","dateModified":"2025-08-26T07:09:45+00:00","description":"Uzy Tornado 20000 Puffs Vape desechable: 28ml E-Liquid, 0-5% Nicotina, Tipo-C Recargable. 12 sabores, bater\u00eda de 850 mAh para un rendimiento duradero.","breadcrumb":{"@id":"https:\/\/vapeenjoy.com\/product\/uzy-tornado-20000-puffs-disposable-vape\/#breadcrumb"},"inLanguage":"es","potentialAction":[{"@type":"ReadAction","target":["https:\/\/vapeenjoy.com\/product\/uzy-tornado-20000-puffs-disposable-vape\/"]}]},{"@type":"ImageObject","inLanguage":"es","@id":"https:\/\/vapeenjoy.com\/product\/uzy-tornado-20000-puffs-disposable-vape\/#primaryimage","url":"https:\/\/vapeenjoy.com\/wp-content\/uploads\/2025\/07\/UZY-Tornado-20000-Puffs-Watermelon-Ice.avif","contentUrl":"https:\/\/vapeenjoy.com\/wp-content\/uploads\/2025\/07\/UZY-Tornado-20000-Puffs-Watermelon-Ice.avif"},{"@type":"BreadcrumbList","@id":"https:\/\/vapeenjoy.com\/product\/uzy-tornado-20000-puffs-disposable-vape\/#breadcrumb","itemListElement":[{"@type":"ListItem","position":1,"name":"Home","item":"https:\/\/vapeenjoy.com\/"},{"@type":"ListItem","position":2,"name":"Shop","item":"https:\/\/vapeenjoy.com\/vapeenjoy-shop\/"},{"@type":"ListItem","position":3,"name":"UZY Tornado 20000 Puffs Disposable Vape 28ml 0-5% Nicotine Type-C Recharge"}]},{"@type":"WebSite","@id":"https:\/\/vapeenjoy.com\/#website","url":"https:\/\/vapeenjoy.com\/","name":"vapiar","description":"Una tienda online para vender vapes","potentialAction":[{"@type":"SearchAction","target":{"@type":"EntryPoint","urlTemplate":"https:\/\/vapeenjoy.com\/?s={search_term_string}"},"query-input":{"@type":"PropertyValueSpecification","valueRequired":true,"valueName":"search_term_string"}}],"inLanguage":"es"}]}},"_links":{"self":[{"href":"https:\/\/vapeenjoy.com\/es\/wp-json\/wp\/v2\/product\/295","targetHints":{"allow":["GET"]}}],"collection":[{"href":"https:\/\/vapeenjoy.com\/es\/wp-json\/wp\/v2\/product"}],"about":[{"href":"https:\/\/vapeenjoy.com\/es\/wp-json\/wp\/v2\/types\/product"}],"replies":[{"embeddable":true,"href":"https:\/\/vapeenjoy.com\/es\/wp-json\/wp\/v2\/comments?post=295"}],"version-history":[{"count":2,"href":"https:\/\/vapeenjoy.com\/es\/wp-json\/wp\/v2\/product\/295\/revisions"}],"predecessor-version":[{"id":2368,"href":"https:\/\/vapeenjoy.com\/es\/wp-json\/wp\/v2\/product\/295\/revisions\/2368"}],"wp:featuredmedia":[{"embeddable":true,"href":"https:\/\/vapeenjoy.com\/es\/wp-json\/wp\/v2\/media\/305"}],"wp:attachment":[{"href":"https:\/\/vapeenjoy.com\/es\/wp-json\/wp\/v2\/media?parent=295"}],"wp:term":[{"taxonomy":"product_brand","embeddable":true,"href":"https:\/\/vapeenjoy.com\/es\/wp-json\/wp\/v2\/product_brand?post=295"},{"taxonomy":"product_cat","embeddable":true,"href":"https:\/\/vapeenjoy.com\/es\/wp-json\/wp\/v2\/product_cat?post=295"},{"taxonomy":"product_tag","embeddable":true,"href":"https:\/\/vapeenjoy.com\/es\/wp-json\/wp\/v2\/product_tag?post=295"}],"curies":[{"name":"pp","href":"https:\/\/api.w.org\/{rel}","templated":true}]}}