{"id":3050,"date":"2025-09-27T06:41:31","date_gmt":"2025-09-27T06:41:31","guid":{"rendered":"https:\/\/vapeenjoy.com\/?post_type=product&#038;p=3050"},"modified":"2025-10-23T03:41:54","modified_gmt":"2025-10-23T03:41:54","slug":"bang-30k-pro-30000-puffs-disposable-vape-2-in-1-flavors-0-5-nicotine","status":"publish","type":"product","link":"https:\/\/vapeenjoy.com\/es\/producto\/bang-30k-pro-30000-puffs-vape-desechable-2-en-1-sabores-0-5-nicotina\/","title":{"rendered":"BANG 30K PRO 30000 PUFFS Vape desechable 2 en 1 Sabores 0-5% Nicotina"},"content":{"rendered":"<h2>BANG 30K PRO 30000 PULSAS VAPE 2 EN 1 SABORES DESECHABLES<\/h2>\n<p>BANG ofrece soluciones de vapeo desechables confiables para una salida constante. Por ejemplo, el Bang 30K Pro cuenta con un sistema de sabor 2 en 1, que ofrece hasta 30.000 bocanadas en un dispositivo compacto. Adem\u00e1s, su elegante dise\u00f1o incluye una colorida pantalla LCD para un f\u00e1cil monitoreo y una estructura ergon\u00f3mica y resistente que se siente c\u00f3moda en la mano.<\/p>\n<h2>Especificaciones clave<\/h2>\n<p>Este dispositivo admite vapeo extendido con especificaciones precisas.<br \/>\n\u25cb <b>bocanada<\/b>: Hasta 30.000 bocanadas, asegurando un uso duradero con c\u00e1psulas de 18 ml.<br \/>\n\u25cb <b>Capacidad de e-l\u00edquido<\/b>: 36ml en total (18ml por vaina), empaquetado con l\u00edquido de calidad para tirar suaves.<br \/>\n\u25cb <b>serie<\/b>: 550mAh, recargable a trav\u00e9s de Tipo-C para una carga r\u00e1pida y fiable.<br \/>\n\u25cb <b>Fuerzas de nicotina<\/b>: opciones de 0%, 2%, 3% o 5% de preferencias variadas.<br \/>\n\u25cb <b>Tipo de bobina<\/b>: La bobina de malla de 1,0 ohmios garantiza un calentamiento uniforme y un rico sabor.<br \/>\n\u25cb <b>muestra<\/b>: Colorido LCD muestra la bater\u00eda y el recuento de la abultad claramente.<br \/>\n\u25cb <b>sistema de sabores<\/b>: Las c\u00e1psulas dobles permiten el cambio de sabor sin problemas.<\/p>\n<h2>16 combinaciones de sabores<\/h2>\n<h3>Mezclas de frutas y bayas<\/h3>\n<p>1. <b>Sand\u00eda \/ Menta de Ar\u00e1ndano<\/b> \u2013 Juicy Watermelon combina con ar\u00e1ndanos crujientes y menta para un sorteo refrescante.<br \/>\n2. <b>Manzana agria \/ Frambuesa de ar\u00e1ndanos<\/b> \u2013 La manzana \u00e1cida se encuentra con el dulce ar\u00e1ndano y la frambuesa para dar un giro agria.<br \/>\n3. <b>Red Bull \/ Mango de fresa<\/b> \u2013 Red Bull energizante se mezcla con fresa madura y mango.<br \/>\n4. <b>Uva Hielo \/ Cola de Cereza<\/b> \u2013 Uva refrigerada combina con cola de cereza fizzy para la nostalgia.<br \/>\n5. <b>Hielo de melocot\u00f3n \/ sand\u00eda de fresa<\/b> \u2013 Frosty Peach se une a la dulce fresa y la sand\u00eda.<br \/>\n6. <b>Love66 \/ Kiwi de fresa<\/b> - Fusibles \u00fanicos Love66 con fresa fresca y kiwi.<br \/>\n7. <b>Uva Sakura \/ Lichi de Fresa<\/b> \u2013 La uva floral mejora la jugosa fresa y el lichi.<br \/>\n8. <b>Fruta mixta \/ Hielo de ar\u00e1ndanos<\/b> \u2013 Frutas variadas se unen con el ar\u00e1ndano helado.<\/p>\n<h3>Mezclas tropicales y frescas<\/h3>\n<p>9. <b>Drag\u00f3n Negro \/ Banana de Fresa<\/b> \u2013 Bold Black Dragon se combina con cremoso fresa y pl\u00e1tano.<br \/>\n10. <b>Melocot\u00f3n de mango \/ Hielo de pl\u00e1tano<\/b> \u2013 Mezcla de mango tropical y melocot\u00f3n con pl\u00e1tano fr\u00edo.<br \/>\n11. <b>Granada de frutas de la pasi\u00f3n de manzana doble \/ kiwi<\/b> \u2013 Las manzanas duales mejoran el kiwi, la maracuy\u00e1 y la granada.<br \/>\n12. <b>Hielo de menta de pimienta \/ Triple baya<\/b> \u2013 La menta afilada enfr\u00eda un tr\u00edo de bayas.<br \/>\n13. <b>Ar\u00e1ndano cereza ar\u00e1ndano \/ sand\u00eda bayas<\/b> \u2013 Berry Medley explota con sand\u00eda.<br \/>\n14. <b>Hielo de pi\u00f1a \/ Fusi\u00f3n azul<\/b> \u2013 Fusibles de pi\u00f1a helada con frambuesa azul.<br \/>\n15. <b>Rain Morado \/ Fresa Frambuesa Cereza Hielo<\/b> \u2013 La lluvia m\u00edstica p\u00farpura escalofr\u00edos a un tr\u00edo de bayas.<br \/>\n16. <b>Hielo de drag\u00f3n negro \/ melocot\u00f3n de pi\u00f1a de mango<\/b> \u2013 Drag\u00f3n negro enfriado se encuentra con mango tropical, pi\u00f1a y melocot\u00f3n.<\/p>\n<h2>preguntas frecuentes<\/h2>\n<h3>1. \u00bfQu\u00e9 es el sistema de sabores 2 en 1?<\/h3>\n<p>El sistema utiliza dos c\u00e1psulas de 18 ml, por lo que puede cambiar los sabores sin esfuerzo durante el vapeo.<\/p>\n<h3>2 . \u00bfC\u00f3mo recargo la bater\u00eda?<\/h3>\n<p>Simplemente conecte un cable tipo C al dispositivo y con\u00e9ctelo a una fuente USB hasta que est\u00e9 completamente cargado.<\/p>\n<h3>3. \u00bfEl dispositivo est\u00e1 activado?<\/h3>\n<p>S\u00ed, se activa con una inhalaci\u00f3n, por lo que no se necesitan botones para facilitar su uso.<\/p>\n<h3>4. \u00bfC\u00f3mo s\u00e9 cu\u00e1ndo recargar?<\/h3>\n<p>La pantalla LCD muestra los niveles de bater\u00eda en tiempo real, avis\u00e1ndole cuando est\u00e1 bajo.<\/p>\n<h3>5. \u00bfQu\u00e9 opciones de nicotina est\u00e1n disponibles?<\/h3>\n<p>Elija entre 0%, 2%, 3% o 5% para satisfacer sus necesidades.<\/p>\n<h3>6. \u00bfC\u00f3mo elijo un sabor que me convenga?<\/h3>\n<p>Para los perfiles dulces, pruebe las opciones de frutas como el mango; para una sensaci\u00f3n m\u00e1s fresca, las mezclas de menta funcionan bien. Prueba peque\u00f1as bocanadas para encontrar tu favorito.<\/p>\n<h3>7 \u00bfPuedo rellenar las vainas?<\/h3>\n<p>No, las c\u00e1psulas precargadas est\u00e1n dise\u00f1adas para las 30.000 bocanadas completas sin rellenar.<\/p>\n<p><img fetchpriority=\"high\" decoding=\"async\" class=\"alignnone wp-image-3055 size-full\" src=\"https:\/\/vapeenjoy.com\/wp-content\/uploads\/2025\/09\/16-scaled.avif\" alt=\"BANG 30K PRO 30000 PUFFS LISTA DE SABORES DE VARAPE DESECHABLES VAPESIP\" width=\"1045\" height=\"2560\" srcset=\"https:\/\/vapeenjoy.com\/wp-content\/uploads\/2025\/09\/16-scaled.avif 1045w, https:\/\/vapeenjoy.com\/wp-content\/uploads\/2025\/09\/16-122x300.avif 122w, https:\/\/vapeenjoy.com\/wp-content\/uploads\/2025\/09\/16-418x1024.avif 418w, https:\/\/vapeenjoy.com\/wp-content\/uploads\/2025\/09\/16-768x1882.avif 768w, https:\/\/vapeenjoy.com\/wp-content\/uploads\/2025\/09\/16-627x1536.avif 627w, https:\/\/vapeenjoy.com\/wp-content\/uploads\/2025\/09\/16-836x2048.avif 836w, https:\/\/vapeenjoy.com\/wp-content\/uploads\/2025\/09\/16-5x12.avif 5w, https:\/\/vapeenjoy.com\/wp-content\/uploads\/2025\/09\/16-1200x2940.avif 1200w, https:\/\/vapeenjoy.com\/wp-content\/uploads\/2025\/09\/16-150x368.avif 150w\" sizes=\"(max-width: 1045px) 100vw, 1045px\" \/><\/p>","protected":false},"excerpt":{"rendered":"<p dir=\"auto\">BANG ofrece vapeo desechable confiable con el Bang 30K Pro, un sistema de sabor 2 en 1 que ofrece hasta 30 000 bocanadas. Con c\u00e1psulas duales de 18 ml, una bater\u00eda recargable de 550 mAh y una colorida pantalla LCD, este dispositivo garantiza sesiones sabrosas y duraderas con f\u00e1cil cambio de sabor.<\/p>","protected":false},"featured_media":3054,"comment_status":"open","ping_status":"closed","template":"","meta":[],"product_brand":[16],"product_cat":[31],"product_tag":[64,87,67],"class_list":{"0":"post-3050","1":"product","2":"type-product","3":"status-publish","4":"has-post-thumbnail","6":"product_brand-bang-vape","7":"product_cat-30000-puffs-vape","8":"product_tag-0-5-nicotine","9":"product_tag-2-in-1-flavors","10":"product_tag-36ml","12":"first","13":"instock","14":"sale","15":"shipping-taxable","16":"purchasable","17":"product-type-variable"},"yoast_head":"<!-- This site is optimized with the Yoast SEO plugin v25.7 - https:\/\/yoast.com\/wordpress\/plugins\/seo\/ -->\n<title>Bang 30K Pro 30000 Puffs Disposable Vape 2-in-1 Flavors<\/title>\n<meta name=\"description\" content=\"Bang 30K Pro Disposable Vape : 30,000 puffs , 2-in-1 flavors, dual 18ml pods, 550mAh battery, LCD screen. Switch flavors seamlessly\" \/>\n<meta name=\"robots\" content=\"index, follow, max-snippet:-1, max-image-preview:large, max-video-preview:-1\" \/>\n<link rel=\"canonical\" href=\"https:\/\/vapeenjoy.com\/es\/producto\/bang-30k-pro-30000-puffs-vape-desechable-2-en-1-sabores-0-5-nicotina\/\" \/>\n<meta property=\"og:locale\" content=\"es_ES\" \/>\n<meta property=\"og:type\" content=\"article\" \/>\n<meta property=\"og:title\" content=\"Bang 30K Pro 30000 Puffs Disposable Vape 2-in-1 Flavors\" \/>\n<meta property=\"og:description\" content=\"Bang 30K Pro Disposable Vape : 30,000 puffs , 2-in-1 flavors, dual 18ml pods, 550mAh battery, LCD screen. Switch flavors seamlessly\" \/>\n<meta property=\"og:url\" content=\"https:\/\/vapeenjoy.com\/es\/producto\/bang-30k-pro-30000-puffs-vape-desechable-2-en-1-sabores-0-5-nicotina\/\" \/>\n<meta property=\"og:site_name\" content=\"vapeenjoy\" \/>\n<meta property=\"article:modified_time\" content=\"2025-10-23T03:41:54+00:00\" \/>\n<meta property=\"og:image\" content=\"https:\/\/vapeenjoy.com\/wp-content\/uploads\/2025\/09\/1-1-scaled.avif\" \/>\n\t<meta property=\"og:image:width\" content=\"1707\" \/>\n\t<meta property=\"og:image:height\" content=\"2560\" \/>\n\t<meta property=\"og:image:type\" content=\"image\/png\" \/>\n<meta name=\"twitter:card\" content=\"summary_large_image\" \/>\n<meta name=\"twitter:label1\" content=\"Tiempo de lectura\" \/>\n\t<meta name=\"twitter:data1\" content=\"3 minutos\" \/>\n<script type=\"application\/ld+json\" class=\"yoast-schema-graph\">{\"@context\":\"https:\/\/schema.org\",\"@graph\":[{\"@type\":\"WebPage\",\"@id\":\"https:\/\/vapeenjoy.com\/product\/bang-30k-pro-30000-puffs-disposable-vape-2-in-1-flavors-0-5-nicotine\/\",\"url\":\"https:\/\/vapeenjoy.com\/product\/bang-30k-pro-30000-puffs-disposable-vape-2-in-1-flavors-0-5-nicotine\/\",\"name\":\"Bang 30K Pro 30000 Puffs Disposable Vape 2-in-1 Flavors\",\"isPartOf\":{\"@id\":\"https:\/\/vapeenjoy.com\/#website\"},\"primaryImageOfPage\":{\"@id\":\"https:\/\/vapeenjoy.com\/product\/bang-30k-pro-30000-puffs-disposable-vape-2-in-1-flavors-0-5-nicotine\/#primaryimage\"},\"image\":{\"@id\":\"https:\/\/vapeenjoy.com\/product\/bang-30k-pro-30000-puffs-disposable-vape-2-in-1-flavors-0-5-nicotine\/#primaryimage\"},\"thumbnailUrl\":\"https:\/\/vapeenjoy.com\/wp-content\/uploads\/2025\/09\/1-1-scaled.avif\",\"datePublished\":\"2025-09-27T06:41:31+00:00\",\"dateModified\":\"2025-10-23T03:41:54+00:00\",\"description\":\"Bang 30K Pro Disposable Vape : 30,000 puffs , 2-in-1 flavors, dual 18ml pods, 550mAh battery, LCD screen. Switch flavors seamlessly\",\"breadcrumb\":{\"@id\":\"https:\/\/vapeenjoy.com\/product\/bang-30k-pro-30000-puffs-disposable-vape-2-in-1-flavors-0-5-nicotine\/#breadcrumb\"},\"inLanguage\":\"es\",\"potentialAction\":[{\"@type\":\"ReadAction\",\"target\":[\"https:\/\/vapeenjoy.com\/product\/bang-30k-pro-30000-puffs-disposable-vape-2-in-1-flavors-0-5-nicotine\/\"]}]},{\"@type\":\"ImageObject\",\"inLanguage\":\"es\",\"@id\":\"https:\/\/vapeenjoy.com\/product\/bang-30k-pro-30000-puffs-disposable-vape-2-in-1-flavors-0-5-nicotine\/#primaryimage\",\"url\":\"https:\/\/vapeenjoy.com\/wp-content\/uploads\/2025\/09\/1-1-scaled.avif\",\"contentUrl\":\"https:\/\/vapeenjoy.com\/wp-content\/uploads\/2025\/09\/1-1-scaled.avif\",\"width\":1707,\"height\":2560,\"caption\":\"Bang 30K Pro 30000 Puffs Disposable Vape\"},{\"@type\":\"BreadcrumbList\",\"@id\":\"https:\/\/vapeenjoy.com\/product\/bang-30k-pro-30000-puffs-disposable-vape-2-in-1-flavors-0-5-nicotine\/#breadcrumb\",\"itemListElement\":[{\"@type\":\"ListItem\",\"position\":1,\"name\":\"Home\",\"item\":\"https:\/\/vapeenjoy.com\/\"},{\"@type\":\"ListItem\",\"position\":2,\"name\":\"Shop\",\"item\":\"https:\/\/vapeenjoy.com\/vapeenjoy-shop\/\"},{\"@type\":\"ListItem\",\"position\":3,\"name\":\"Bang 30K Pro 30000 Puffs Disposable Vape 2 In 1 Flavors 0-5% Nicotine\"}]},{\"@type\":\"WebSite\",\"@id\":\"https:\/\/vapeenjoy.com\/#website\",\"url\":\"https:\/\/vapeenjoy.com\/\",\"name\":\"vapeenjoy\",\"description\":\"An online store for selling vapes\",\"potentialAction\":[{\"@type\":\"SearchAction\",\"target\":{\"@type\":\"EntryPoint\",\"urlTemplate\":\"https:\/\/vapeenjoy.com\/?s={search_term_string}\"},\"query-input\":{\"@type\":\"PropertyValueSpecification\",\"valueRequired\":true,\"valueName\":\"search_term_string\"}}],\"inLanguage\":\"es\"}]}<\/script>\n<!-- \/ Yoast SEO plugin. -->","yoast_head_json":{"title":"BANG 30K PRO 30000 PULSAS SABORES DESECHABLES 2 EN 1","description":"BANG 30K PRO Vape desechable: 30.000 bocanadas, 2 en 1, sabores duales de 18 ml, bater\u00eda de 550 mAh, pantalla LCD. Cambia de sabor a la perfecci\u00f3n","robots":{"index":"index","follow":"follow","max-snippet":"max-snippet:-1","max-image-preview":"max-image-preview:large","max-video-preview":"max-video-preview:-1"},"canonical":"https:\/\/vapeenjoy.com\/es\/producto\/bang-30k-pro-30000-puffs-vape-desechable-2-en-1-sabores-0-5-nicotina\/","og_locale":"es_ES","og_type":"article","og_title":"Bang 30K Pro 30000 Puffs Disposable Vape 2-in-1 Flavors","og_description":"Bang 30K Pro Disposable Vape : 30,000 puffs , 2-in-1 flavors, dual 18ml pods, 550mAh battery, LCD screen. Switch flavors seamlessly","og_url":"https:\/\/vapeenjoy.com\/es\/producto\/bang-30k-pro-30000-puffs-vape-desechable-2-en-1-sabores-0-5-nicotina\/","og_site_name":"vapeenjoy","article_modified_time":"2025-10-23T03:41:54+00:00","og_image":[{"width":1707,"height":2560,"url":"https:\/\/vapeenjoy.com\/wp-content\/uploads\/2025\/09\/1-1-scaled.avif","type":"image\/png"}],"twitter_card":"summary_large_image","twitter_misc":{"Tiempo de lectura":"3 minutos"},"schema":{"@context":"https:\/\/schema.org","@graph":[{"@type":"WebPage","@id":"https:\/\/vapeenjoy.com\/product\/bang-30k-pro-30000-puffs-disposable-vape-2-in-1-flavors-0-5-nicotine\/","url":"https:\/\/vapeenjoy.com\/product\/bang-30k-pro-30000-puffs-disposable-vape-2-in-1-flavors-0-5-nicotine\/","name":"BANG 30K PRO 30000 PULSAS SABORES DESECHABLES 2 EN 1","isPartOf":{"@id":"https:\/\/vapeenjoy.com\/#website"},"primaryImageOfPage":{"@id":"https:\/\/vapeenjoy.com\/product\/bang-30k-pro-30000-puffs-disposable-vape-2-in-1-flavors-0-5-nicotine\/#primaryimage"},"image":{"@id":"https:\/\/vapeenjoy.com\/product\/bang-30k-pro-30000-puffs-disposable-vape-2-in-1-flavors-0-5-nicotine\/#primaryimage"},"thumbnailUrl":"https:\/\/vapeenjoy.com\/wp-content\/uploads\/2025\/09\/1-1-scaled.avif","datePublished":"2025-09-27T06:41:31+00:00","dateModified":"2025-10-23T03:41:54+00:00","description":"BANG 30K PRO Vape desechable: 30.000 bocanadas, 2 en 1, sabores duales de 18 ml, bater\u00eda de 550 mAh, pantalla LCD. Cambia de sabor a la perfecci\u00f3n","breadcrumb":{"@id":"https:\/\/vapeenjoy.com\/product\/bang-30k-pro-30000-puffs-disposable-vape-2-in-1-flavors-0-5-nicotine\/#breadcrumb"},"inLanguage":"es","potentialAction":[{"@type":"ReadAction","target":["https:\/\/vapeenjoy.com\/product\/bang-30k-pro-30000-puffs-disposable-vape-2-in-1-flavors-0-5-nicotine\/"]}]},{"@type":"ImageObject","inLanguage":"es","@id":"https:\/\/vapeenjoy.com\/product\/bang-30k-pro-30000-puffs-disposable-vape-2-in-1-flavors-0-5-nicotine\/#primaryimage","url":"https:\/\/vapeenjoy.com\/wp-content\/uploads\/2025\/09\/1-1-scaled.avif","contentUrl":"https:\/\/vapeenjoy.com\/wp-content\/uploads\/2025\/09\/1-1-scaled.avif","width":1707,"height":2560,"caption":"Bang 30K Pro 30000 Puffs Disposable Vape"},{"@type":"BreadcrumbList","@id":"https:\/\/vapeenjoy.com\/product\/bang-30k-pro-30000-puffs-disposable-vape-2-in-1-flavors-0-5-nicotine\/#breadcrumb","itemListElement":[{"@type":"ListItem","position":1,"name":"Home","item":"https:\/\/vapeenjoy.com\/"},{"@type":"ListItem","position":2,"name":"Shop","item":"https:\/\/vapeenjoy.com\/vapeenjoy-shop\/"},{"@type":"ListItem","position":3,"name":"Bang 30K Pro 30000 Puffs Disposable Vape 2 In 1 Flavors 0-5% Nicotine"}]},{"@type":"WebSite","@id":"https:\/\/vapeenjoy.com\/#website","url":"https:\/\/vapeenjoy.com\/","name":"vapiar","description":"Una tienda online para vender vapes","potentialAction":[{"@type":"SearchAction","target":{"@type":"EntryPoint","urlTemplate":"https:\/\/vapeenjoy.com\/?s={search_term_string}"},"query-input":{"@type":"PropertyValueSpecification","valueRequired":true,"valueName":"search_term_string"}}],"inLanguage":"es"}]}},"_links":{"self":[{"href":"https:\/\/vapeenjoy.com\/es\/wp-json\/wp\/v2\/product\/3050","targetHints":{"allow":["GET"]}}],"collection":[{"href":"https:\/\/vapeenjoy.com\/es\/wp-json\/wp\/v2\/product"}],"about":[{"href":"https:\/\/vapeenjoy.com\/es\/wp-json\/wp\/v2\/types\/product"}],"replies":[{"embeddable":true,"href":"https:\/\/vapeenjoy.com\/es\/wp-json\/wp\/v2\/comments?post=3050"}],"version-history":[{"count":1,"href":"https:\/\/vapeenjoy.com\/es\/wp-json\/wp\/v2\/product\/3050\/revisions"}],"predecessor-version":[{"id":3058,"href":"https:\/\/vapeenjoy.com\/es\/wp-json\/wp\/v2\/product\/3050\/revisions\/3058"}],"wp:featuredmedia":[{"embeddable":true,"href":"https:\/\/vapeenjoy.com\/es\/wp-json\/wp\/v2\/media\/3054"}],"wp:attachment":[{"href":"https:\/\/vapeenjoy.com\/es\/wp-json\/wp\/v2\/media?parent=3050"}],"wp:term":[{"taxonomy":"product_brand","embeddable":true,"href":"https:\/\/vapeenjoy.com\/es\/wp-json\/wp\/v2\/product_brand?post=3050"},{"taxonomy":"product_cat","embeddable":true,"href":"https:\/\/vapeenjoy.com\/es\/wp-json\/wp\/v2\/product_cat?post=3050"},{"taxonomy":"product_tag","embeddable":true,"href":"https:\/\/vapeenjoy.com\/es\/wp-json\/wp\/v2\/product_tag?post=3050"}],"curies":[{"name":"pp","href":"https:\/\/api.w.org\/{rel}","templated":true}]}}