{"id":3074,"date":"2025-09-30T07:45:26","date_gmt":"2025-09-30T07:45:26","guid":{"rendered":"https:\/\/vapeenjoy.com\/?post_type=product&#038;p=3074"},"modified":"2026-01-17T03:18:52","modified_gmt":"2026-01-17T03:18:52","slug":"fihp-60000-60k-puffs-3-in-1-flavors-disposable-vape-2-5-nicotine-54ml-e-liquid","status":"publish","type":"product","link":"https:\/\/vapeenjoy.com\/es\/producto\/fihp-60000-60k-puffs-3-en-1-sabores-vape-desechable-2-5-nicotina-54ml-e-liquido\/","title":{"rendered":"FIHP 60000 60K Puffs 3 en 1 Sabores Vape desechable 2% 5% Nicotina 54ml E-l\u00edquido"},"content":{"rendered":"<h2>FIHP 60000 60K Puffs 3 en 1 Sabores Vape desechable 0-5% Nicotina 54ml E-l\u00edquido<\/h2>\n<h3>Introducci\u00f3n de producto<\/h3>\n<p>FIHP es una marca de vape de confianza conocida por su buena calidad y sabor suave. El **FIHP 60000 3 en 1 Vape desechable** te da **Tres sabores en un dispositivo* * Puede alcanzar **hasta 60.000 puffs** y tiene **Nicotina ajustable de 0% a 5%**. Tambi\u00e9n obtienes una capacidad de **54ml E-l\u00edquido**, por lo que dura mucho tiempo. El **cuerpo redondo** se siente bien de sostener, y la **fuerte caparaz\u00f3n** hace que sea f\u00e1cil de llevar todos los d\u00edas. En general, es simple, duradero y divertido de usar.<\/p>\n<h3>Especificaciones del producto<\/h3>\n<p><b>Modelo:<\/b> FIHP 60000 3 en 1 Vape desechable \u2013 Cambia entre 3 sabores en cualquier momento.<\/p>\n<p><b>Recuento de sabores:<\/b> 3 sabores en un dispositivo para m\u00e1s opciones.<\/p>\n<p><b>Fuerza de nicotina:<\/b> Ajustable 0\u20135%, elige lo que m\u00e1s te convenga.<\/p>\n<p><b>Capacidad de e-l\u00edquido:<\/b> 54ml para uso duradero.<\/p>\n<p><b>Recuento de soplo:<\/b> Hasta 60.000 bocanadas.<\/p>\n<p><b>Bater\u00eda:<\/b> Bater\u00eda grande que dura hasta que se agota el e-l\u00edquido.<\/p>\n<p><b>Tama\u00f1o:<\/b> Peque\u00f1o y f\u00e1cil de poner en su bolsillo o bolso.<\/p>\n<p><b>Material:<\/b> Pl\u00e1stico de calidad alimentaria, seguro y fiable.<\/p>\n<h3>10 combinaciones de sabores<\/h3>\n<p><b>1.<\/b> Hielo de sand\u00eda, Red Bull, Kiwi de fresa: fresco, dulce y refrescante.<\/p>\n<p><b>2.<\/b> Lima de lim\u00f3n, sand\u00eda de fresa, hielo de ar\u00e1ndanos: afrutado y brillante.<\/p>\n<p><b>3.<\/b> Strawberry Banana, Doble Manzana, Sand\u00eda de Frambuesa \u2013 Lisa y jugosa.<\/p>\n<p><b>4.<\/b> Kiwi de fresa, pi\u00f1a agria de mango, Red Bull, tropical y audaz.<\/p>\n<p><b>5.<\/b> Fruta tropical, sand\u00eda de fresa, melocot\u00f3n de lim\u00f3n: rico y sabroso.<\/p>\n<p><b>6.<\/b> Coco de pi\u00f1a, razz azul, pl\u00e1tano de fresa, cremoso y fresco.<\/p>\n<p><b>7.<\/b> Frambuesa de fresa, triple mel\u00f3n, pi\u00f1a agrio de mango, dulce y picante.<\/p>\n<p><b>8.<\/b> Bayas mixtas, sand\u00eda de frambuesa, melocot\u00f3n de mango, jugoso y suave.<\/p>\n<p><b>9.<\/b> Frambuesa de ar\u00e1ndano, coca cola de vainilla de fresa, lima lima \u2013 afrutado con un toque de soda.<\/p>\n<p><b>10.<\/b> Hielo de sand\u00eda, baya de melocot\u00f3n, triple mel\u00f3n: fresco y dulce.<\/p>\n<h3>Preguntas frecuentes<\/h3>\n<p><b>1. \u00bfC\u00f3mo lo uso?<\/b><br \/>\nSolo inhala para empezar. No es necesario cargar o rellenar.<\/p>\n<p><b>2 . \u00bfC\u00f3mo ajusto la nicotina?<\/b><br \/>\nUtilice el ajuste para elegir 0%, 2% o 5% de nicotina.<\/p>\n<p><b>3. \u00bfCu\u00e1nto dura?<\/b><br \/>\nDa hasta 60.000 bocanadas, por lo que puede durar semanas.<\/p>\n<p><b>4. \u00bfC\u00f3mo elijo un sabor?<\/b><br \/>\nSi te gusta un sabor fresco, elige sabores \"hielo\". Si te gustan los dulces, ve por los de frutas.<\/p>\n<p><b>5. \u00bfEs impermeable?<\/b><br \/>\nPuede manejar peque\u00f1as salpicaduras, pero no lo pongas en agua.<\/p>\n<p><b>6. \u00bfQu\u00e9 hay dentro del e-l\u00edquido?<\/b><br \/>\nTiene propilenglicol de grado alimenticio, glicerina vegetal y sabores naturales. Sin productos qu\u00edmicos nocivos.<\/p>\n<p><b>7 . \u00bfC\u00f3mo lo tiro?<\/b><br \/>\nCuando termine, rec\u00edclelo en un centro de desechos electr\u00f3nicos.<\/p>\n<p><img fetchpriority=\"high\" decoding=\"async\" class=\"alignnone wp-image-3081 size-full\" src=\"https:\/\/vapeenjoy.com\/wp-content\/uploads\/2025\/09\/\u6d77\u62a5\u56fe_A-6.avif\" alt=\"FIHP 60000 60K Puffs 3 en 1 Sabores Vape desechable 2% 5% Nicotina 54ml E-l\u00edquido Sabores Lista de sabores VapeEnjoy\" width=\"1200\" height=\"1700\" srcset=\"https:\/\/vapeenjoy.com\/wp-content\/uploads\/2025\/09\/\u6d77\u62a5\u56fe_A-6.avif 1200w, https:\/\/vapeenjoy.com\/wp-content\/uploads\/2025\/09\/\u6d77\u62a5\u56fe_A-6-212x300.avif 212w, https:\/\/vapeenjoy.com\/wp-content\/uploads\/2025\/09\/\u6d77\u62a5\u56fe_A-6-723x1024.avif 723w, https:\/\/vapeenjoy.com\/wp-content\/uploads\/2025\/09\/\u6d77\u62a5\u56fe_A-6-768x1088.avif 768w, https:\/\/vapeenjoy.com\/wp-content\/uploads\/2025\/09\/\u6d77\u62a5\u56fe_A-6-1084x1536.avif 1084w, https:\/\/vapeenjoy.com\/wp-content\/uploads\/2025\/09\/\u6d77\u62a5\u56fe_A-6-8x12.avif 8w, https:\/\/vapeenjoy.com\/wp-content\/uploads\/2025\/09\/\u6d77\u62a5\u56fe_A-6-150x213.avif 150w\" sizes=\"(max-width: 1200px) 100vw, 1200px\" \/><\/p>","protected":false},"excerpt":{"rendered":"<p dir=\"ltr\" data-pm-slice=\"1 1 []\">FIHP, un nombre de confianza en el vapeo, ofrece calidad e innovaci\u00f3n. El FIHP 60000 60K Puffs 3 en 1 Flavors Desechable Vape ofrece tres sabores conmutables, 0-5% ajustable nicotina y 54 ml de capacidad de e-l\u00edquido de hasta 60.000 bocanadas. Su dise\u00f1o compacto y duradero garantiza la comodidad y la satisfacci\u00f3n duradera.<\/p>","protected":false},"featured_media":3077,"comment_status":"open","ping_status":"closed","template":"","meta":[],"product_brand":[234],"product_cat":[19],"product_tag":[84,73,79],"class_list":{"0":"post-3074","1":"product","2":"type-product","3":"status-publish","4":"has-post-thumbnail","6":"product_brand-fihp","7":"product_cat-60000-puffs-vape","8":"product_tag-2-5-nicotine","9":"product_tag-3-in-1-flavors","10":"product_tag-54ml","12":"first","13":"instock","14":"sale","15":"shipping-taxable","16":"purchasable","17":"product-type-variable"},"yoast_head":"<!-- This site is optimized with the Yoast SEO plugin v25.7 - https:\/\/yoast.com\/wordpress\/plugins\/seo\/ -->\n<title>FIHP 60000 60K Puffs 3 IN 1 Disposable Vape 0-5% Nicotine<\/title>\n<meta name=\"description\" content=\"FIHP\u2019s disposable vape 60000 puffs offers 3 switchable flavors, 0-5% nicotine, and 54ml e-liquid in a compact design for lasting satisfaction.\" \/>\n<meta name=\"robots\" content=\"index, follow, max-snippet:-1, max-image-preview:large, max-video-preview:-1\" \/>\n<link rel=\"canonical\" href=\"https:\/\/vapeenjoy.com\/es\/producto\/fihp-60000-60k-puffs-3-en-1-sabores-vape-desechable-2-5-nicotina-54ml-e-liquido\/\" \/>\n<meta property=\"og:locale\" content=\"es_ES\" \/>\n<meta property=\"og:type\" content=\"article\" \/>\n<meta property=\"og:title\" content=\"FIHP 60000 60K Puffs 3 IN 1 Disposable Vape 0-5% Nicotine\" \/>\n<meta property=\"og:description\" content=\"FIHP\u2019s disposable vape 60000 puffs offers 3 switchable flavors, 0-5% nicotine, and 54ml e-liquid in a compact design for lasting satisfaction.\" \/>\n<meta property=\"og:url\" content=\"https:\/\/vapeenjoy.com\/es\/producto\/fihp-60000-60k-puffs-3-en-1-sabores-vape-desechable-2-5-nicotina-54ml-e-liquido\/\" \/>\n<meta property=\"og:site_name\" content=\"vapeenjoy\" \/>\n<meta property=\"article:modified_time\" content=\"2026-01-17T03:18:52+00:00\" \/>\n<meta property=\"og:image\" content=\"https:\/\/vapeenjoy.com\/wp-content\/uploads\/2025\/09\/\u6d77\u62a5\u56fe_A-1.avif\" \/>\n\t<meta property=\"og:image:width\" content=\"1500\" \/>\n\t<meta property=\"og:image:height\" content=\"1500\" \/>\n\t<meta property=\"og:image:type\" content=\"image\/jpeg\" \/>\n<meta name=\"twitter:card\" content=\"summary_large_image\" \/>\n<meta name=\"twitter:label1\" content=\"Tiempo de lectura\" \/>\n\t<meta name=\"twitter:data1\" content=\"3 minutos\" \/>\n<script type=\"application\/ld+json\" class=\"yoast-schema-graph\">{\"@context\":\"https:\/\/schema.org\",\"@graph\":[{\"@type\":\"WebPage\",\"@id\":\"https:\/\/vapeenjoy.com\/product\/fihp-60000-60k-puffs-3-in-1-flavors-disposable-vape-2-5-nicotine-54ml-e-liquid\/\",\"url\":\"https:\/\/vapeenjoy.com\/product\/fihp-60000-60k-puffs-3-in-1-flavors-disposable-vape-2-5-nicotine-54ml-e-liquid\/\",\"name\":\"FIHP 60000 60K Puffs 3 IN 1 Disposable Vape 0-5% Nicotine\",\"isPartOf\":{\"@id\":\"https:\/\/vapeenjoy.com\/#website\"},\"primaryImageOfPage\":{\"@id\":\"https:\/\/vapeenjoy.com\/product\/fihp-60000-60k-puffs-3-in-1-flavors-disposable-vape-2-5-nicotine-54ml-e-liquid\/#primaryimage\"},\"image\":{\"@id\":\"https:\/\/vapeenjoy.com\/product\/fihp-60000-60k-puffs-3-in-1-flavors-disposable-vape-2-5-nicotine-54ml-e-liquid\/#primaryimage\"},\"thumbnailUrl\":\"https:\/\/vapeenjoy.com\/wp-content\/uploads\/2025\/09\/\u6d77\u62a5\u56fe_A-1.avif\",\"datePublished\":\"2025-09-30T07:45:26+00:00\",\"dateModified\":\"2026-01-17T03:18:52+00:00\",\"description\":\"FIHP\u2019s disposable vape 60000 puffs offers 3 switchable flavors, 0-5% nicotine, and 54ml e-liquid in a compact design for lasting satisfaction.\",\"breadcrumb\":{\"@id\":\"https:\/\/vapeenjoy.com\/product\/fihp-60000-60k-puffs-3-in-1-flavors-disposable-vape-2-5-nicotine-54ml-e-liquid\/#breadcrumb\"},\"inLanguage\":\"es\",\"potentialAction\":[{\"@type\":\"ReadAction\",\"target\":[\"https:\/\/vapeenjoy.com\/product\/fihp-60000-60k-puffs-3-in-1-flavors-disposable-vape-2-5-nicotine-54ml-e-liquid\/\"]}]},{\"@type\":\"ImageObject\",\"inLanguage\":\"es\",\"@id\":\"https:\/\/vapeenjoy.com\/product\/fihp-60000-60k-puffs-3-in-1-flavors-disposable-vape-2-5-nicotine-54ml-e-liquid\/#primaryimage\",\"url\":\"https:\/\/vapeenjoy.com\/wp-content\/uploads\/2025\/09\/\u6d77\u62a5\u56fe_A-1.avif\",\"contentUrl\":\"https:\/\/vapeenjoy.com\/wp-content\/uploads\/2025\/09\/\u6d77\u62a5\u56fe_A-1.avif\",\"width\":1500,\"height\":1500,\"caption\":\"FIHP 60000 60K Puffs 3 IN 1 Flavors Disposable Vape 0-5% Nicotine 54ml E-liquid\"},{\"@type\":\"BreadcrumbList\",\"@id\":\"https:\/\/vapeenjoy.com\/product\/fihp-60000-60k-puffs-3-in-1-flavors-disposable-vape-2-5-nicotine-54ml-e-liquid\/#breadcrumb\",\"itemListElement\":[{\"@type\":\"ListItem\",\"position\":1,\"name\":\"Home\",\"item\":\"https:\/\/vapeenjoy.com\/\"},{\"@type\":\"ListItem\",\"position\":2,\"name\":\"Shop\",\"item\":\"https:\/\/vapeenjoy.com\/vapeenjoy-shop\/\"},{\"@type\":\"ListItem\",\"position\":3,\"name\":\"FIHP 60000 60K Puffs 3 IN 1 Flavors Disposable Vape 2% 5% Nicotine 54ml E-liquid\"}]},{\"@type\":\"WebSite\",\"@id\":\"https:\/\/vapeenjoy.com\/#website\",\"url\":\"https:\/\/vapeenjoy.com\/\",\"name\":\"vapeenjoy\",\"description\":\"An online store for selling vapes\",\"potentialAction\":[{\"@type\":\"SearchAction\",\"target\":{\"@type\":\"EntryPoint\",\"urlTemplate\":\"https:\/\/vapeenjoy.com\/?s={search_term_string}\"},\"query-input\":{\"@type\":\"PropertyValueSpecification\",\"valueRequired\":true,\"valueName\":\"search_term_string\"}}],\"inLanguage\":\"es\"}]}<\/script>\n<!-- \/ Yoast SEO plugin. -->","yoast_head_json":{"title":"FIHP 60000 60K Resoluciones 3 en 1 Vape desechable 0-5% Nicotina","description":"El Vape 60000 desechable de FIHP ofrece 3 sabores conmutables, 0-5% de nicotina y e-l\u00edquido de 54 ml en un dise\u00f1o compacto para una satisfacci\u00f3n duradera.","robots":{"index":"index","follow":"follow","max-snippet":"max-snippet:-1","max-image-preview":"max-image-preview:large","max-video-preview":"max-video-preview:-1"},"canonical":"https:\/\/vapeenjoy.com\/es\/producto\/fihp-60000-60k-puffs-3-en-1-sabores-vape-desechable-2-5-nicotina-54ml-e-liquido\/","og_locale":"es_ES","og_type":"article","og_title":"FIHP 60000 60K Puffs 3 IN 1 Disposable Vape 0-5% Nicotine","og_description":"FIHP\u2019s disposable vape 60000 puffs offers 3 switchable flavors, 0-5% nicotine, and 54ml e-liquid in a compact design for lasting satisfaction.","og_url":"https:\/\/vapeenjoy.com\/es\/producto\/fihp-60000-60k-puffs-3-en-1-sabores-vape-desechable-2-5-nicotina-54ml-e-liquido\/","og_site_name":"vapeenjoy","article_modified_time":"2026-01-17T03:18:52+00:00","og_image":[{"width":1500,"height":1500,"url":"https:\/\/vapeenjoy.com\/wp-content\/uploads\/2025\/09\/\u6d77\u62a5\u56fe_A-1.avif","type":"image\/jpeg"}],"twitter_card":"summary_large_image","twitter_misc":{"Tiempo de lectura":"3 minutos"},"schema":{"@context":"https:\/\/schema.org","@graph":[{"@type":"WebPage","@id":"https:\/\/vapeenjoy.com\/product\/fihp-60000-60k-puffs-3-in-1-flavors-disposable-vape-2-5-nicotine-54ml-e-liquid\/","url":"https:\/\/vapeenjoy.com\/product\/fihp-60000-60k-puffs-3-in-1-flavors-disposable-vape-2-5-nicotine-54ml-e-liquid\/","name":"FIHP 60000 60K Resoluciones 3 en 1 Vape desechable 0-5% Nicotina","isPartOf":{"@id":"https:\/\/vapeenjoy.com\/#website"},"primaryImageOfPage":{"@id":"https:\/\/vapeenjoy.com\/product\/fihp-60000-60k-puffs-3-in-1-flavors-disposable-vape-2-5-nicotine-54ml-e-liquid\/#primaryimage"},"image":{"@id":"https:\/\/vapeenjoy.com\/product\/fihp-60000-60k-puffs-3-in-1-flavors-disposable-vape-2-5-nicotine-54ml-e-liquid\/#primaryimage"},"thumbnailUrl":"https:\/\/vapeenjoy.com\/wp-content\/uploads\/2025\/09\/\u6d77\u62a5\u56fe_A-1.avif","datePublished":"2025-09-30T07:45:26+00:00","dateModified":"2026-01-17T03:18:52+00:00","description":"El Vape 60000 desechable de FIHP ofrece 3 sabores conmutables, 0-5% de nicotina y e-l\u00edquido de 54 ml en un dise\u00f1o compacto para una satisfacci\u00f3n duradera.","breadcrumb":{"@id":"https:\/\/vapeenjoy.com\/product\/fihp-60000-60k-puffs-3-in-1-flavors-disposable-vape-2-5-nicotine-54ml-e-liquid\/#breadcrumb"},"inLanguage":"es","potentialAction":[{"@type":"ReadAction","target":["https:\/\/vapeenjoy.com\/product\/fihp-60000-60k-puffs-3-in-1-flavors-disposable-vape-2-5-nicotine-54ml-e-liquid\/"]}]},{"@type":"ImageObject","inLanguage":"es","@id":"https:\/\/vapeenjoy.com\/product\/fihp-60000-60k-puffs-3-in-1-flavors-disposable-vape-2-5-nicotine-54ml-e-liquid\/#primaryimage","url":"https:\/\/vapeenjoy.com\/wp-content\/uploads\/2025\/09\/\u6d77\u62a5\u56fe_A-1.avif","contentUrl":"https:\/\/vapeenjoy.com\/wp-content\/uploads\/2025\/09\/\u6d77\u62a5\u56fe_A-1.avif","width":1500,"height":1500,"caption":"FIHP 60000 60K Puffs 3 IN 1 Flavors Disposable Vape 0-5% Nicotine 54ml E-liquid"},{"@type":"BreadcrumbList","@id":"https:\/\/vapeenjoy.com\/product\/fihp-60000-60k-puffs-3-in-1-flavors-disposable-vape-2-5-nicotine-54ml-e-liquid\/#breadcrumb","itemListElement":[{"@type":"ListItem","position":1,"name":"Home","item":"https:\/\/vapeenjoy.com\/"},{"@type":"ListItem","position":2,"name":"Shop","item":"https:\/\/vapeenjoy.com\/vapeenjoy-shop\/"},{"@type":"ListItem","position":3,"name":"FIHP 60000 60K Puffs 3 IN 1 Flavors Disposable Vape 2% 5% Nicotine 54ml E-liquid"}]},{"@type":"WebSite","@id":"https:\/\/vapeenjoy.com\/#website","url":"https:\/\/vapeenjoy.com\/","name":"vapiar","description":"Una tienda online para vender vapes","potentialAction":[{"@type":"SearchAction","target":{"@type":"EntryPoint","urlTemplate":"https:\/\/vapeenjoy.com\/?s={search_term_string}"},"query-input":{"@type":"PropertyValueSpecification","valueRequired":true,"valueName":"search_term_string"}}],"inLanguage":"es"}]}},"_links":{"self":[{"href":"https:\/\/vapeenjoy.com\/es\/wp-json\/wp\/v2\/product\/3074","targetHints":{"allow":["GET"]}}],"collection":[{"href":"https:\/\/vapeenjoy.com\/es\/wp-json\/wp\/v2\/product"}],"about":[{"href":"https:\/\/vapeenjoy.com\/es\/wp-json\/wp\/v2\/types\/product"}],"replies":[{"embeddable":true,"href":"https:\/\/vapeenjoy.com\/es\/wp-json\/wp\/v2\/comments?post=3074"}],"version-history":[{"count":3,"href":"https:\/\/vapeenjoy.com\/es\/wp-json\/wp\/v2\/product\/3074\/revisions"}],"predecessor-version":[{"id":3114,"href":"https:\/\/vapeenjoy.com\/es\/wp-json\/wp\/v2\/product\/3074\/revisions\/3114"}],"wp:featuredmedia":[{"embeddable":true,"href":"https:\/\/vapeenjoy.com\/es\/wp-json\/wp\/v2\/media\/3077"}],"wp:attachment":[{"href":"https:\/\/vapeenjoy.com\/es\/wp-json\/wp\/v2\/media?parent=3074"}],"wp:term":[{"taxonomy":"product_brand","embeddable":true,"href":"https:\/\/vapeenjoy.com\/es\/wp-json\/wp\/v2\/product_brand?post=3074"},{"taxonomy":"product_cat","embeddable":true,"href":"https:\/\/vapeenjoy.com\/es\/wp-json\/wp\/v2\/product_cat?post=3074"},{"taxonomy":"product_tag","embeddable":true,"href":"https:\/\/vapeenjoy.com\/es\/wp-json\/wp\/v2\/product_tag?post=3074"}],"curies":[{"name":"pp","href":"https:\/\/api.w.org\/{rel}","templated":true}]}}