{"id":484,"date":"2025-07-23T06:44:09","date_gmt":"2025-07-23T06:44:09","guid":{"rendered":"https:\/\/vapeenjoy.com\/?post_type=product&#038;p=484"},"modified":"2025-08-18T09:45:52","modified_gmt":"2025-08-18T09:45:52","slug":"zooy-firzen-35000-puffs-adjustable-nicotine-and-ice-disposable-vape","status":"publish","type":"product","link":"https:\/\/vapeenjoy.com\/es\/producto\/zooy-firzen-35000-puffs-ajustable-nicotina-y-vape-desechable-hielo\/","title":{"rendered":"Zooy Firzen 35000 Puffs Ajustable Nicotina y Hielo Vape Desechable 30ml"},"content":{"rendered":"<h2 dir=\"ltr\" data-pm-slice=\"1 3 []\">Zooy Firzen 35000 Puffs Vape desechable Descripci\u00f3n del producto<\/h2>\n<p dir=\"ltr\">Zooy, un nombre de confianza en el vapeo desechable, ofrece constantemente dispositivos fiables y sabrosos. <strong>por ejemplo<\/strong>, el vaporizador desechable de nicotina y hielo desechable de Zooy Firzen 35000, ofrece un impresionante recuento de soplo. <strong>adem\u00e1s<\/strong>, sus caracter\u00edsticas personalizables garantizan una sesi\u00f3n de vapeo a medida. <strong>adem\u00e1s<\/strong>, el dise\u00f1o elegante y rectangular con un agarre suave y redondeado mejora la comodidad y la portabilidad. <strong>adem\u00e1s<\/strong>, una vibrante luz LGB de tres colores agrega un estilo visual din\u00e1mico, <strong>mientras<\/strong> Un logotipo minimalista cerca de la interfaz y el nombre del modelo en el lateral mantienen una est\u00e9tica limpia y moderna.<\/p>\n<h2 dir=\"ltr\">Zooy Firzen 35000 Puffs Vape desechable Especificaciones<\/h2>\n<ul class=\"tight\" dir=\"ltr\" data-tight=\"true\">\n<li>\n<p dir=\"ltr\"><strong>Recuento de soplos<\/strong>: Hasta 35.000 bocanadas \u2013 <strong>consecuente<\/strong>, proporciona un uso duradero, reduciendo los reemplazos frecuentes.<\/p>\n<\/li>\n<li>\n<p dir=\"ltr\"><strong>Capacidad de e-l\u00edquido<\/strong>: 30ml \u2013 Precargado con amplio E-l\u00edquido, <strong>tan<\/strong> Apoyo a las sesiones de vapeo extendidas.<\/p>\n<\/li>\n<li>\n<p dir=\"ltr\"><strong>Fuerza de nicotina<\/strong>: 0%, 2%, 5% \u2013 Opciones ajustables, <strong>a<\/strong> Traje de preferencias variadas, desde golpes leves a fuertes.<\/p>\n<\/li>\n<li>\n<p dir=\"ltr\"><strong>Capacidad de la bater\u00eda<\/strong>: 650mAh recargable - <strong>a consecuencia<\/strong>, admite un uso prolongado con recarga r\u00e1pida.<\/p>\n<\/li>\n<li>\n<p dir=\"ltr\"><strong>Tipo de carga<\/strong>: Tipo C - <strong>por lo tanto<\/strong>, permite una carga r\u00e1pida y c\u00f3moda con un puerto moderno.<\/p>\n<\/li>\n<li>\n<p dir=\"ltr\"><strong>Tipo de bobina<\/strong>: 1.0+1.0 Bobina de malla dual \u2013 <strong>esto significa<\/strong> Ofrece un sabor constante y una producci\u00f3n de vapor suave.<\/p>\n<\/li>\n<li>\n<p dir=\"ltr\"><strong>Control de nicotina y hielo<\/strong>: Tres niveles ajustables - <strong>en otras palabras<\/strong>, los usuarios pueden personalizar la fuerza de la nicotina y la sensaci\u00f3n de enfriamiento.<\/p>\n<\/li>\n<li>\n<p dir=\"ltr\"><strong>flujo de aire<\/strong>: Ajustable - <strong>por eso<\/strong>, permite ajustar el sorteo para una sensaci\u00f3n de vapeo personalizada.<\/p>\n<\/li>\n<li>\n<p dir=\"ltr\"><strong>activaci\u00f3n<\/strong>: Activado por sorteo - <strong>en pocas palabras<\/strong>, utiliza un mecanismo de inhalaci\u00f3n a vapeo, no se necesitan botones.<\/p>\n<\/li>\n<li>\n<p dir=\"ltr\"><strong>muestra<\/strong>: Indicador LED \u2013 <strong>expresamente<\/strong>, muestra los ajustes de nicotina y hielo con luces rojas (bajas), verdes (mediadas) y azules (altas).<\/p>\n<\/li>\n<\/ul>\n<h2 dir=\"ltr\">10 opciones de sabor<\/h2>\n<ol class=\"tight\" dir=\"ltr\" data-tight=\"true\">\n<li>\n<p dir=\"ltr\"><strong>Hielo de sand\u00eda<\/strong>: un refrescante estallido de jugosa sand\u00eda, <strong>junto con<\/strong> Un acabado fresco y helado.<\/p>\n<\/li>\n<li>\n<p dir=\"ltr\"><strong>uva<\/strong>: Aloe suave mezclado con uva dulce y \u00e1cida, <strong>que crea<\/strong> Un giro \u00fanico.<\/p>\n<\/li>\n<li>\n<p dir=\"ltr\"><strong>fresa pl\u00e1tano<\/strong>: pl\u00e1tano cremoso emparejado con fresa madura, <strong>resultando en<\/strong> Una mezcla suave y afrutada.<\/p>\n<\/li>\n<li>\n<p dir=\"ltr\"><strong>kiwi de frambuesa de fresa<\/strong>: un tr\u00edo vibrante de \u00e1cida frambuesa, fresa dulce y kiwi tropical, <strong>As\u00ed ofreciendo<\/strong> Un sabor din\u00e1mico.<\/p>\n<\/li>\n<li>\n<p dir=\"ltr\"><strong>limonada de frambuesa y ar\u00e1ndano<\/strong>: limonada picante infundida con ar\u00e1ndano dulce y frambuesa \u00e1cida, <strong>haci\u00e9ndolo<\/strong> Una opci\u00f3n refrescante.<\/p>\n<\/li>\n<li>\n<p dir=\"ltr\"><strong>pi\u00f1a coco<\/strong>: Pi\u00f1a tropical se encuentra con coco cremoso, <strong>consecuente<\/strong> Entregando una mezcla inspirada en la playa.<\/p>\n<\/li>\n<li>\n<p dir=\"ltr\"><strong>mentol<\/strong>: mentol crujiente y fresco, <strong>que proporciona<\/strong> Una sensaci\u00f3n limpia y refrescante.<\/p>\n<\/li>\n<li>\n<p dir=\"ltr\"><strong>sand\u00eda de fresa<\/strong>: Jugosa sand\u00eda combinada con fresa dulce, <strong>por eso<\/strong> Creando un sabor a fruta equilibrado.<\/p>\n<\/li>\n<li>\n<p dir=\"ltr\"><strong>baya mezclada<\/strong>: una mezcla de bayas maduras, <strong>ofrenda<\/strong> Un sabor audaz, dulce y ligeramente agrio.<\/p>\n<\/li>\n<li>\n<p dir=\"ltr\"><strong>ar\u00e1ndano moreno<\/strong>: rica mora rica con ar\u00e1ndano agrio, <strong>resultando en<\/strong> Un perfil profundo y afrutado.<\/p>\n<\/li>\n<\/ol>\n<h2 dir=\"ltr\">Preguntas frecuentes<\/h2>\n<ol dir=\"ltr\">\n<li>\n<p dir=\"ltr\"><strong>\u00bfC\u00f3mo ajusto los niveles de nicotina y hielo en el Zooy Firzen 35000?<\/strong><br \/>\nHaga doble clic en el dispositivo para recorrer los ajustes bajos (luz roja), media (luz verde) y alta (luz azul), <strong>as\u00ed<\/strong> Ajustando tanto la nicotina como la intensidad de enfriamiento.<\/p>\n<\/li>\n<li>\n<p dir=\"ltr\"><strong>\u00bfCu\u00e1l es el beneficio de la bobina de malla dual en este vapeo?<\/strong><br \/>\nLa bobina de malla dual garantiza un calentamiento uniforme, <strong>que resulta en<\/strong> Sabor m\u00e1s rico y vapor m\u00e1s suave con cada soplo.<\/p>\n<\/li>\n<li>\n<p dir=\"ltr\"><strong>\u00bfCu\u00e1nto dura la bater\u00eda antes de necesitar una recarga?<\/strong><br \/>\nLa bater\u00eda de 650 mAh admite uso prolongado, <strong>t\u00edpicamente<\/strong> Durando varios d\u00edas dependiendo de la frecuencia de vapeo, <strong>y<\/strong> La recarga r\u00e1pida tipo C lo mantiene listo.<\/p>\n<\/li>\n<li>\n<p dir=\"ltr\"><strong>\u00bfC\u00f3mo puedo elegir el sabor adecuado para m\u00ed?<\/strong><br \/>\n<strong>primero<\/strong>, considere sus preferencias de sabor: <strong>por ejemplo<\/strong>, elija opciones afrutadas como hielo de sand\u00eda o pl\u00e1tano de fresa para perfiles dulces, mentol para una sensaci\u00f3n fresca o bayas mixtas para un sabor audaz y variado. <strong>de entonces<\/strong>, prueba diferentes sabores para encontrar tu favorito.<\/p>\n<\/li>\n<li>\n<p dir=\"ltr\"><strong>\u00bfEl Zooy Firzen 35000 es adecuado para vapeo de boca a pulm\u00f3n?<\/strong><br \/>\n<strong>en efecto<\/strong>, su dise\u00f1o y flujo de aire ajustable lo hacen ideal para un estilo tradicional de vaping boca a pulm\u00f3n.<\/p>\n<\/li>\n<li>\n<p dir=\"ltr\"><strong>\u00bfC\u00f3mo s\u00e9 cu\u00e1ndo recargar el dispositivo?<\/strong><br \/>\nEl indicador LED indica bater\u00eda baja, <strong>y<\/strong> El puerto tipo C permite una recarga r\u00e1pida, <strong>tan<\/strong> manteni\u00e9ndote vapeo.<\/p>\n<\/li>\n<li>\n<p dir=\"ltr\"><strong>\u00bfPuedo ajustar el flujo de aire para un sorteo m\u00e1s apretado o m\u00e1s suelto?<\/strong><br \/>\n<strong>absolutamente<\/strong>, el flujo de aire ajustable le permite personalizar el sorteo, <strong>si<\/strong> Prefieres una resistencia apretada o aireada.<\/p>\n<\/li>\n<\/ol>\n<p>&nbsp;<\/p>\n<p><img fetchpriority=\"high\" decoding=\"async\" class=\"alignnone wp-image-487 size-full\" src=\"https:\/\/vapeenjoy.com\/wp-content\/uploads\/2025\/07\/11-1.jpg\" alt=\"Zooy Firzen 35000 Puffs Ajustable Nicotina y Ice Vape Desechable Sabores\" width=\"800\" height=\"800\" srcset=\"https:\/\/vapeenjoy.com\/wp-content\/uploads\/2025\/07\/11-1.jpg 800w, https:\/\/vapeenjoy.com\/wp-content\/uploads\/2025\/07\/11-1-300x300.jpg 300w, https:\/\/vapeenjoy.com\/wp-content\/uploads\/2025\/07\/11-1-600x600.jpg 600w, https:\/\/vapeenjoy.com\/wp-content\/uploads\/2025\/07\/11-1-150x150.jpg 150w, https:\/\/vapeenjoy.com\/wp-content\/uploads\/2025\/07\/11-1-768x768.jpg 768w\" sizes=\"(max-width: 800px) 100vw, 800px\" \/><\/p>","protected":false},"excerpt":{"rendered":"<p>Zooy, un nombre de confianza en vapeo, presenta el Vape desechable Firzen 35000 Puffs. Este elegante dispositivo ofrece hasta 35.000 bocanadas, 30 ml de e-l\u00edquido, 0%, 2%, 5% de nicotina y una bater\u00eda recargable de 650 mAh. Con bobinas de malla dual, flujo de aire personalizable y control de hielo y nicotina de tres niveles, ofrece una experiencia de vapeo a medida con sabores vibrantes.<\/p>","protected":false},"featured_media":493,"comment_status":"open","ping_status":"closed","template":"","meta":[],"product_brand":[46],"product_cat":[47],"product_tag":[70,78],"class_list":{"0":"post-484","1":"product","2":"type-product","3":"status-publish","4":"has-post-thumbnail","6":"product_brand-zooy-vape","7":"product_cat-35000-puffs-vape","8":"product_tag-30ml","9":"product_tag-adjustable-nicotine-and-ice","11":"first","12":"instock","13":"sale","14":"shipping-taxable","15":"purchasable","16":"product-type-variable"},"yoast_head":"<!-- This site is optimized with the Yoast SEO plugin v25.7 - https:\/\/yoast.com\/wordpress\/plugins\/seo\/ -->\n<title>ZOOY FIRZEN 35K Puffs Adjustable Nicotine Disposable Vape<\/title>\n<meta name=\"description\" content=\"ZOOY FIRZEN 35000 Puffs Disposable Vape with adjustable nicotine and 30ml e-liquid. Long-lasting, icy vape with dual mesh coils. Shop now!\" \/>\n<meta name=\"robots\" content=\"index, follow, max-snippet:-1, max-image-preview:large, max-video-preview:-1\" \/>\n<link rel=\"canonical\" href=\"https:\/\/vapeenjoy.com\/es\/producto\/zooy-firzen-35000-puffs-ajustable-nicotina-y-vape-desechable-hielo\/\" \/>\n<meta property=\"og:locale\" content=\"es_ES\" \/>\n<meta property=\"og:type\" content=\"article\" \/>\n<meta property=\"og:title\" content=\"ZOOY FIRZEN 35K Puffs Adjustable Nicotine Disposable Vape\" \/>\n<meta property=\"og:description\" content=\"ZOOY FIRZEN 35000 Puffs Disposable Vape with adjustable nicotine and 30ml e-liquid. Long-lasting, icy vape with dual mesh coils. Shop now!\" \/>\n<meta property=\"og:url\" content=\"https:\/\/vapeenjoy.com\/es\/producto\/zooy-firzen-35000-puffs-ajustable-nicotina-y-vape-desechable-hielo\/\" \/>\n<meta property=\"og:site_name\" content=\"vapeenjoy\" \/>\n<meta property=\"article:modified_time\" content=\"2025-08-18T09:45:52+00:00\" \/>\n<meta property=\"og:image\" content=\"https:\/\/vapeenjoy.com\/wp-content\/uploads\/2025\/07\/240920.747.jpg\" \/>\n\t<meta property=\"og:image:width\" content=\"800\" \/>\n\t<meta property=\"og:image:height\" content=\"800\" \/>\n\t<meta property=\"og:image:type\" content=\"image\/jpeg\" \/>\n<meta name=\"twitter:card\" content=\"summary_large_image\" \/>\n<meta name=\"twitter:label1\" content=\"Tiempo de lectura\" \/>\n\t<meta name=\"twitter:data1\" content=\"4 minutos\" \/>\n<script type=\"application\/ld+json\" class=\"yoast-schema-graph\">{\"@context\":\"https:\/\/schema.org\",\"@graph\":[{\"@type\":\"WebPage\",\"@id\":\"https:\/\/vapeenjoy.com\/product\/zooy-firzen-35000-puffs-adjustable-nicotine-and-ice-disposable-vape\/\",\"url\":\"https:\/\/vapeenjoy.com\/product\/zooy-firzen-35000-puffs-adjustable-nicotine-and-ice-disposable-vape\/\",\"name\":\"ZOOY FIRZEN 35K Puffs Adjustable Nicotine Disposable Vape\",\"isPartOf\":{\"@id\":\"https:\/\/vapeenjoy.com\/#website\"},\"primaryImageOfPage\":{\"@id\":\"https:\/\/vapeenjoy.com\/product\/zooy-firzen-35000-puffs-adjustable-nicotine-and-ice-disposable-vape\/#primaryimage\"},\"image\":{\"@id\":\"https:\/\/vapeenjoy.com\/product\/zooy-firzen-35000-puffs-adjustable-nicotine-and-ice-disposable-vape\/#primaryimage\"},\"thumbnailUrl\":\"https:\/\/vapeenjoy.com\/wp-content\/uploads\/2025\/07\/240920.747.jpg\",\"datePublished\":\"2025-07-23T06:44:09+00:00\",\"dateModified\":\"2025-08-18T09:45:52+00:00\",\"description\":\"ZOOY FIRZEN 35000 Puffs Disposable Vape with adjustable nicotine and 30ml e-liquid. Long-lasting, icy vape with dual mesh coils. Shop now!\",\"breadcrumb\":{\"@id\":\"https:\/\/vapeenjoy.com\/product\/zooy-firzen-35000-puffs-adjustable-nicotine-and-ice-disposable-vape\/#breadcrumb\"},\"inLanguage\":\"es\",\"potentialAction\":[{\"@type\":\"ReadAction\",\"target\":[\"https:\/\/vapeenjoy.com\/product\/zooy-firzen-35000-puffs-adjustable-nicotine-and-ice-disposable-vape\/\"]}]},{\"@type\":\"ImageObject\",\"inLanguage\":\"es\",\"@id\":\"https:\/\/vapeenjoy.com\/product\/zooy-firzen-35000-puffs-adjustable-nicotine-and-ice-disposable-vape\/#primaryimage\",\"url\":\"https:\/\/vapeenjoy.com\/wp-content\/uploads\/2025\/07\/240920.747.jpg\",\"contentUrl\":\"https:\/\/vapeenjoy.com\/wp-content\/uploads\/2025\/07\/240920.747.jpg\",\"width\":800,\"height\":800},{\"@type\":\"BreadcrumbList\",\"@id\":\"https:\/\/vapeenjoy.com\/product\/zooy-firzen-35000-puffs-adjustable-nicotine-and-ice-disposable-vape\/#breadcrumb\",\"itemListElement\":[{\"@type\":\"ListItem\",\"position\":1,\"name\":\"Home\",\"item\":\"https:\/\/vapeenjoy.com\/\"},{\"@type\":\"ListItem\",\"position\":2,\"name\":\"Shop\",\"item\":\"https:\/\/vapeenjoy.com\/vapeenjoy-shop\/\"},{\"@type\":\"ListItem\",\"position\":3,\"name\":\"ZOOY FIRZEN 35000 Puffs Adjustable Nicotine and Ice Disposable Vape 30ml\"}]},{\"@type\":\"WebSite\",\"@id\":\"https:\/\/vapeenjoy.com\/#website\",\"url\":\"https:\/\/vapeenjoy.com\/\",\"name\":\"vapeenjoy\",\"description\":\"An online store for selling vapes\",\"potentialAction\":[{\"@type\":\"SearchAction\",\"target\":{\"@type\":\"EntryPoint\",\"urlTemplate\":\"https:\/\/vapeenjoy.com\/?s={search_term_string}\"},\"query-input\":{\"@type\":\"PropertyValueSpecification\",\"valueRequired\":true,\"valueName\":\"search_term_string\"}}],\"inLanguage\":\"es\"}]}<\/script>\n<!-- \/ Yoast SEO plugin. -->","yoast_head_json":{"title":"Zooy Firzen 35K Puffs Vape desechable de nicotina ajustable","description":"Zooy Firzen 35000 Puffs Vape desechable con nicotina ajustable y e-l\u00edquido de 30 ml. Vape helado de larga duraci\u00f3n con bobinas de malla doble. \u00a1Compre ahora!","robots":{"index":"index","follow":"follow","max-snippet":"max-snippet:-1","max-image-preview":"max-image-preview:large","max-video-preview":"max-video-preview:-1"},"canonical":"https:\/\/vapeenjoy.com\/es\/producto\/zooy-firzen-35000-puffs-ajustable-nicotina-y-vape-desechable-hielo\/","og_locale":"es_ES","og_type":"article","og_title":"ZOOY FIRZEN 35K Puffs Adjustable Nicotine Disposable Vape","og_description":"ZOOY FIRZEN 35000 Puffs Disposable Vape with adjustable nicotine and 30ml e-liquid. Long-lasting, icy vape with dual mesh coils. Shop now!","og_url":"https:\/\/vapeenjoy.com\/es\/producto\/zooy-firzen-35000-puffs-ajustable-nicotina-y-vape-desechable-hielo\/","og_site_name":"vapeenjoy","article_modified_time":"2025-08-18T09:45:52+00:00","og_image":[{"width":800,"height":800,"url":"https:\/\/vapeenjoy.com\/wp-content\/uploads\/2025\/07\/240920.747.jpg","type":"image\/jpeg"}],"twitter_card":"summary_large_image","twitter_misc":{"Tiempo de lectura":"4 minutos"},"schema":{"@context":"https:\/\/schema.org","@graph":[{"@type":"WebPage","@id":"https:\/\/vapeenjoy.com\/product\/zooy-firzen-35000-puffs-adjustable-nicotine-and-ice-disposable-vape\/","url":"https:\/\/vapeenjoy.com\/product\/zooy-firzen-35000-puffs-adjustable-nicotine-and-ice-disposable-vape\/","name":"Zooy Firzen 35K Puffs Vape desechable de nicotina ajustable","isPartOf":{"@id":"https:\/\/vapeenjoy.com\/#website"},"primaryImageOfPage":{"@id":"https:\/\/vapeenjoy.com\/product\/zooy-firzen-35000-puffs-adjustable-nicotine-and-ice-disposable-vape\/#primaryimage"},"image":{"@id":"https:\/\/vapeenjoy.com\/product\/zooy-firzen-35000-puffs-adjustable-nicotine-and-ice-disposable-vape\/#primaryimage"},"thumbnailUrl":"https:\/\/vapeenjoy.com\/wp-content\/uploads\/2025\/07\/240920.747.jpg","datePublished":"2025-07-23T06:44:09+00:00","dateModified":"2025-08-18T09:45:52+00:00","description":"Zooy Firzen 35000 Puffs Vape desechable con nicotina ajustable y e-l\u00edquido de 30 ml. Vape helado de larga duraci\u00f3n con bobinas de malla doble. \u00a1Compre ahora!","breadcrumb":{"@id":"https:\/\/vapeenjoy.com\/product\/zooy-firzen-35000-puffs-adjustable-nicotine-and-ice-disposable-vape\/#breadcrumb"},"inLanguage":"es","potentialAction":[{"@type":"ReadAction","target":["https:\/\/vapeenjoy.com\/product\/zooy-firzen-35000-puffs-adjustable-nicotine-and-ice-disposable-vape\/"]}]},{"@type":"ImageObject","inLanguage":"es","@id":"https:\/\/vapeenjoy.com\/product\/zooy-firzen-35000-puffs-adjustable-nicotine-and-ice-disposable-vape\/#primaryimage","url":"https:\/\/vapeenjoy.com\/wp-content\/uploads\/2025\/07\/240920.747.jpg","contentUrl":"https:\/\/vapeenjoy.com\/wp-content\/uploads\/2025\/07\/240920.747.jpg","width":800,"height":800},{"@type":"BreadcrumbList","@id":"https:\/\/vapeenjoy.com\/product\/zooy-firzen-35000-puffs-adjustable-nicotine-and-ice-disposable-vape\/#breadcrumb","itemListElement":[{"@type":"ListItem","position":1,"name":"Home","item":"https:\/\/vapeenjoy.com\/"},{"@type":"ListItem","position":2,"name":"Shop","item":"https:\/\/vapeenjoy.com\/vapeenjoy-shop\/"},{"@type":"ListItem","position":3,"name":"ZOOY FIRZEN 35000 Puffs Adjustable Nicotine and Ice Disposable Vape 30ml"}]},{"@type":"WebSite","@id":"https:\/\/vapeenjoy.com\/#website","url":"https:\/\/vapeenjoy.com\/","name":"vapiar","description":"Una tienda online para vender vapes","potentialAction":[{"@type":"SearchAction","target":{"@type":"EntryPoint","urlTemplate":"https:\/\/vapeenjoy.com\/?s={search_term_string}"},"query-input":{"@type":"PropertyValueSpecification","valueRequired":true,"valueName":"search_term_string"}}],"inLanguage":"es"}]}},"_links":{"self":[{"href":"https:\/\/vapeenjoy.com\/es\/wp-json\/wp\/v2\/product\/484","targetHints":{"allow":["GET"]}}],"collection":[{"href":"https:\/\/vapeenjoy.com\/es\/wp-json\/wp\/v2\/product"}],"about":[{"href":"https:\/\/vapeenjoy.com\/es\/wp-json\/wp\/v2\/types\/product"}],"replies":[{"embeddable":true,"href":"https:\/\/vapeenjoy.com\/es\/wp-json\/wp\/v2\/comments?post=484"}],"version-history":[{"count":3,"href":"https:\/\/vapeenjoy.com\/es\/wp-json\/wp\/v2\/product\/484\/revisions"}],"predecessor-version":[{"id":2345,"href":"https:\/\/vapeenjoy.com\/es\/wp-json\/wp\/v2\/product\/484\/revisions\/2345"}],"wp:featuredmedia":[{"embeddable":true,"href":"https:\/\/vapeenjoy.com\/es\/wp-json\/wp\/v2\/media\/493"}],"wp:attachment":[{"href":"https:\/\/vapeenjoy.com\/es\/wp-json\/wp\/v2\/media?parent=484"}],"wp:term":[{"taxonomy":"product_brand","embeddable":true,"href":"https:\/\/vapeenjoy.com\/es\/wp-json\/wp\/v2\/product_brand?post=484"},{"taxonomy":"product_cat","embeddable":true,"href":"https:\/\/vapeenjoy.com\/es\/wp-json\/wp\/v2\/product_cat?post=484"},{"taxonomy":"product_tag","embeddable":true,"href":"https:\/\/vapeenjoy.com\/es\/wp-json\/wp\/v2\/product_tag?post=484"}],"curies":[{"name":"pp","href":"https:\/\/api.w.org\/{rel}","templated":true}]}}