{"id":517,"date":"2025-07-24T03:42:07","date_gmt":"2025-07-24T03:42:07","guid":{"rendered":"https:\/\/vapeenjoy.com\/?post_type=product&#038;p=517"},"modified":"2025-08-18T09:11:13","modified_gmt":"2025-08-18T09:11:13","slug":"mr-goodie-20000-puffs-dual-tank-disposable-vape-40ml-2-5-nicotine","status":"publish","type":"product","link":"https:\/\/vapeenjoy.com\/es\/producto\/mr-goodie-20000-puffs-dual-tank-vape-desechable-40ml-2-5-nicotina\/","title":{"rendered":"Mr.Goodie 20000 Puffs Dual Tank Vape desechable 40ml 2% 5% Nicotina"},"content":{"rendered":"<h2 dir=\"ltr\" data-pm-slice=\"1 3 []\">Sr. Goodie 20000 Puffs Vape desechable Descripci\u00f3n<\/h2>\n<p dir=\"ltr\">El Sr. Goodie, un nombre de confianza en el vapeo, ofrece constantemente dispositivos confiables y sabrosos. Espec\u00edficamente, el Vape desechable Mr. Goodie 20000 Puffs ofrece un impresionante conteo de soplos en un paquete elegante y port\u00e1til. Adem\u00e1s, su dise\u00f1o compacto (52.6<em>22.6<\/em>92 mm) presenta un aspecto moderno. Adem\u00e1s, el innovador sistema de doble c\u00e1psula, con un \u00fanico cambio de enchufe y boquilla, garantiza una f\u00e1cil conmutaci\u00f3n de c\u00e1psulas. Por lo tanto, este vape es perfecto para los usuarios que buscan una experiencia de vapeo duradera, sin problemas y duradera.<\/p>\n<h2 dir=\"ltr\" data-pm-slice=\"1 3 []\">Sr. Goodie 20000 Puffs Vape desechable Especificaciones<\/h2>\n<ul class=\"tight\" dir=\"ltr\" data-tight=\"true\">\n<li>\n<p dir=\"ltr\"><strong>Recuento de soplos<\/strong>: 20000 \u2013 Proporciona hasta 20.000 bocanadas, lo que reduce la necesidad de reemplazos frecuentes.<\/p>\n<\/li>\n<li>\n<p dir=\"ltr\"><strong>Capacidad de e-l\u00edquido<\/strong>: 40 ml (20 ml * 2) - Las c\u00e1psulas duales, cada una con 20 ml de e-l\u00edquido precargada, ofrecen una gran capacidad. Como resultado, admite sesiones de vapeo prolongadas.<\/p>\n<\/li>\n<li>\n<p dir=\"ltr\"><strong>Fuerza de nicotina<\/strong>: 2% o 5%: disponible en dos niveles, atendiendo as\u00ed a las preferencias variadas.<\/p>\n<\/li>\n<li>\n<p dir=\"ltr\"><strong>Capacidad de la bater\u00eda<\/strong>: 650mAh: la bater\u00eda recargable garantiza un rendimiento constante. Adem\u00e1s, admite usos prolongados.<\/p>\n<\/li>\n<li>\n<p dir=\"ltr\"><strong>puerto de carga<\/strong>: Tipo-C: la carga r\u00e1pida reduce significativamente el tiempo de inactividad.<\/p>\n<\/li>\n<li>\n<p dir=\"ltr\"><strong>Tipo de bobina<\/strong>: Bobina de malla doble (1.0 \u03a9) \u2013 garantiza un vapor suave y un rico sabor con cada puff. En consecuencia, mejora la experiencia general.<\/p>\n<\/li>\n<li>\n<p dir=\"ltr\"><strong>flujo de aire<\/strong>: Ajustable: permite a los usuarios personalizar cada sorteo. Por ejemplo, puede elegir inhalaciones m\u00e1s ajustadas o m\u00e1s holgadas.<\/p>\n<\/li>\n<li>\n<p dir=\"ltr\"><strong>dimensiones<\/strong>: 52.6<em>22.6<\/em>92 mm: compacto pero potente, lo que facilita su transporte.<\/p>\n<\/li>\n<\/ul>\n<h2 dir=\"ltr\">12 opciones de sabor<\/h2>\n<ol class=\"tight\" dir=\"ltr\" data-tight=\"true\">\n<li>\n<p dir=\"ltr\"><strong>kiwi de fresa<\/strong> \u2013 Una mezcla vibrante de fresas dulces y kiwi picante. Por lo tanto, ofrece un sabor refrescante.<\/p>\n<\/li>\n<li>\n<p dir=\"ltr\"><strong>helado de fresa<\/strong> \u2013 Sabor cremoso de fresa con un acabado suave e indulgente.<\/p>\n<\/li>\n<li>\n<p dir=\"ltr\"><strong>Arco iris de li<\/strong> \u2013 Lemon picante combinado con frutas mixtas para una sensaci\u00f3n brillante.<\/p>\n<\/li>\n<li>\n<p dir=\"ltr\"><strong>uva morada<\/strong> \u2013 Sabor rico y jugoso de uva. Como resultado, ofrece una audaz satisfacci\u00f3n.<\/p>\n<\/li>\n<li>\n<p dir=\"ltr\"><strong>caramelo de oso<\/strong> \u2013 Sabor dulce y masticable de osito de goma, evocando nostalgia.<\/p>\n<\/li>\n<li>\n<p dir=\"ltr\"><strong>menta de la lanza<\/strong> \u2013 Menta fresca y fresca para un sorteo limpio.<\/p>\n<\/li>\n<li>\n<p dir=\"ltr\"><strong>Mel\u00f3n de menta melosa<\/strong> \u2013 Suave melaza con menta refrescante. Por lo tanto, es excepcionalmente refrescante.<\/p>\n<\/li>\n<li>\n<p dir=\"ltr\"><strong>fresa pl\u00e1tano<\/strong> \u2013 Mezcla equilibrada de fresas maduras y pl\u00e1tano cremoso.<\/p>\n<\/li>\n<li>\n<p dir=\"ltr\"><strong>Razz azul<\/strong> \u2013 Frambuesa azul \u00e1cida con un toque dulce, asegurando un audaz golpe.<\/p>\n<\/li>\n<li>\n<p dir=\"ltr\"><strong>manzana fuji<\/strong> \u2013 Sabor a manzana dulce y crujiente inspirado en las manzanas Fuji.<\/p>\n<\/li>\n<li>\n<p dir=\"ltr\"><strong>sand\u00eda congelada<\/strong> \u2013 Sand\u00eda jugosa con un tono helado.<\/p>\n<\/li>\n<li>\n<p dir=\"ltr\"><strong>melocot\u00f3n jugoso<\/strong> \u2013 Dulce melocot\u00f3n suculento para un vape maduro y satisfactorio.<\/p>\n<\/li>\n<\/ol>\n<h2 dir=\"ltr\">Preguntas frecuentes<\/h2>\n<ol class=\"tight\" dir=\"ltr\" data-tight=\"true\">\n<li>\n<p dir=\"ltr\"><strong>\u00bfQu\u00e9 materiales se utilizan en el Vape Desechable Mr. Goodie 20000 Puffs?<\/strong><br \/>\nEl dispositivo utiliza metales duraderos y materiales de PC, certificados por FDA, CE, RoHS, FCC y PSE. Por lo tanto, garantiza seguridad y calidad.<\/p>\n<\/li>\n<li>\n<p dir=\"ltr\"><strong>\u00bfC\u00f3mo cambio entre las c\u00e1psulas duales?<\/strong><br \/>\nSimplemente cambia el tap\u00f3n y la boquilla para acceder a la segunda c\u00e1psula de 20 ml. En consecuencia, permite transiciones sin interrupciones.<\/p>\n<\/li>\n<li>\n<p dir=\"ltr\"><strong>\u00bfC\u00f3mo elijo el sabor adecuado?<\/strong><br \/>\nElija seg\u00fan su gusto: opciones afrutadas como kiwi de fresa para obtener notas vibrantes, sabores cremosos como helado de fresa para suavizar o opciones de menta como menta lanza para frescura.<\/p>\n<\/li>\n<li>\n<p dir=\"ltr\"><strong>la bateria es recargable?<\/strong><br \/>\nS\u00ed, la bater\u00eda de 650mAh admite una recarga r\u00e1pida a trav\u00e9s de Tipo-C, minimizando el tiempo de inactividad.<\/p>\n<\/li>\n<li>\n<p dir=\"ltr\"><strong>\u00bfPuedo ajustar el estilo de vapeo?<\/strong><br \/>\nDe hecho, el flujo de aire ajustable le permite personalizar el sorteo para una experiencia personalizada.<\/p>\n<\/li>\n<li>\n<p dir=\"ltr\"><strong>\u00bfQu\u00e9 puntos de nicotina est\u00e1n disponibles?<\/strong><br \/>\nEl dispositivo ofrece 2% y 5% de nicotina, acomodando as\u00ed variadas preferencias.<\/p>\n<\/li>\n<li>\n<p dir=\"ltr\"><strong>\u00bfCu\u00e1nto dura el e-l\u00edquido?<\/strong><br \/>\nCon capacidad de 40 ml y hasta 20.000 bocanadas, el e-l\u00edquido dura mucho, dependiendo de la frecuencia de uso.<\/p>\n<\/li>\n<\/ol>\n<p><img fetchpriority=\"high\" decoding=\"async\" class=\"alignnone wp-image-526 size-full\" src=\"https:\/\/vapeenjoy.com\/wp-content\/uploads\/2025\/07\/Mr.Goodie-20000-puffs-Disposable-Vape-12-Flavor.png\" alt=\"Mr.Goodie 20000 Puffs Dual Tank Vape Sabores desechables\" width=\"696\" height=\"539\" srcset=\"https:\/\/vapeenjoy.com\/wp-content\/uploads\/2025\/07\/Mr.Goodie-20000-puffs-Disposable-Vape-12-Flavor.png 696w, https:\/\/vapeenjoy.com\/wp-content\/uploads\/2025\/07\/Mr.Goodie-20000-puffs-Disposable-Vape-12-Flavor-600x465.png 600w, https:\/\/vapeenjoy.com\/wp-content\/uploads\/2025\/07\/Mr.Goodie-20000-puffs-Disposable-Vape-12-Flavor-300x232.png 300w\" sizes=\"(max-width: 696px) 100vw, 696px\" \/><\/p>","protected":false},"excerpt":{"rendered":"<p>El Sr. Goodie, un nombre de confianza en el vapeo, presenta el vaporizador desechable Mr. Goodie 20000 Puffs, un dispositivo de alta capacidad dise\u00f1ado para la comodidad y el rico sabor. Con un sistema de l\u00edquido e-l\u00edquido dual POD de 40 ml, bater\u00eda recargable de 650 mAh y flujo de aire ajustable, este elegante vape ofrece hasta 20 000 soplos con 2% o 5% de nicotina y bobinas de malla doble para un rendimiento constante.<\/p>","protected":false},"featured_media":520,"comment_status":"open","ping_status":"closed","template":"","meta":[],"product_brand":[50],"product_cat":[22],"product_tag":[84,77],"class_list":{"0":"post-517","1":"product","2":"type-product","3":"status-publish","4":"has-post-thumbnail","6":"product_brand-mr-goodie-vape","7":"product_cat-20000-puffs-vape","8":"product_tag-2-5-nicotine","9":"product_tag-40ml","11":"first","12":"instock","13":"sale","14":"shipping-taxable","15":"purchasable","16":"product-type-variable"},"yoast_head":"<!-- This site is optimized with the Yoast SEO plugin v25.7 - https:\/\/yoast.com\/wordpress\/plugins\/seo\/ -->\n<title>Mr.Goodie 20000 Puffs Dual Tank Disposable Vape 2% 5% Nicotine<\/title>\n<meta name=\"description\" content=\"Mr.Goodie 20000 Puffs Dual Tank Disposable Vape: 40ml e-liquid, 2%\/5% nicotine, 12 flavors. Long-lasting with dual mesh coils. Shop now!\" \/>\n<meta name=\"robots\" content=\"index, follow, max-snippet:-1, max-image-preview:large, max-video-preview:-1\" \/>\n<link rel=\"canonical\" href=\"https:\/\/vapeenjoy.com\/es\/producto\/mr-goodie-20000-puffs-dual-tank-vape-desechable-40ml-2-5-nicotina\/\" \/>\n<meta property=\"og:locale\" content=\"es_ES\" \/>\n<meta property=\"og:type\" content=\"article\" \/>\n<meta property=\"og:title\" content=\"Mr.Goodie 20000 Puffs Dual Tank Disposable Vape 2% 5% Nicotine\" \/>\n<meta property=\"og:description\" content=\"Mr.Goodie 20000 Puffs Dual Tank Disposable Vape: 40ml e-liquid, 2%\/5% nicotine, 12 flavors. Long-lasting with dual mesh coils. Shop now!\" \/>\n<meta property=\"og:url\" content=\"https:\/\/vapeenjoy.com\/es\/producto\/mr-goodie-20000-puffs-dual-tank-vape-desechable-40ml-2-5-nicotina\/\" \/>\n<meta property=\"og:site_name\" content=\"vapeenjoy\" \/>\n<meta property=\"article:modified_time\" content=\"2025-08-18T09:11:13+00:00\" \/>\n<meta property=\"og:image\" content=\"https:\/\/vapeenjoy.com\/wp-content\/uploads\/2025\/07\/Mr.Goodie-20000-20K-Puffs.webp\" \/>\n\t<meta property=\"og:image:width\" content=\"1000\" \/>\n\t<meta property=\"og:image:height\" content=\"1000\" \/>\n\t<meta property=\"og:image:type\" content=\"image\/webp\" \/>\n<meta name=\"twitter:card\" content=\"summary_large_image\" \/>\n<meta name=\"twitter:label1\" content=\"Tiempo de lectura\" \/>\n\t<meta name=\"twitter:data1\" content=\"3 minutos\" \/>\n<script type=\"application\/ld+json\" class=\"yoast-schema-graph\">{\"@context\":\"https:\/\/schema.org\",\"@graph\":[{\"@type\":\"WebPage\",\"@id\":\"https:\/\/vapeenjoy.com\/product\/mr-goodie-20000-puffs-dual-tank-disposable-vape-40ml-2-5-nicotine\/\",\"url\":\"https:\/\/vapeenjoy.com\/product\/mr-goodie-20000-puffs-dual-tank-disposable-vape-40ml-2-5-nicotine\/\",\"name\":\"Mr.Goodie 20000 Puffs Dual Tank Disposable Vape 2% 5% Nicotine\",\"isPartOf\":{\"@id\":\"https:\/\/vapeenjoy.com\/#website\"},\"primaryImageOfPage\":{\"@id\":\"https:\/\/vapeenjoy.com\/product\/mr-goodie-20000-puffs-dual-tank-disposable-vape-40ml-2-5-nicotine\/#primaryimage\"},\"image\":{\"@id\":\"https:\/\/vapeenjoy.com\/product\/mr-goodie-20000-puffs-dual-tank-disposable-vape-40ml-2-5-nicotine\/#primaryimage\"},\"thumbnailUrl\":\"https:\/\/vapeenjoy.com\/wp-content\/uploads\/2025\/07\/Mr.Goodie-20000-20K-Puffs.webp\",\"datePublished\":\"2025-07-24T03:42:07+00:00\",\"dateModified\":\"2025-08-18T09:11:13+00:00\",\"description\":\"Mr.Goodie 20000 Puffs Dual Tank Disposable Vape: 40ml e-liquid, 2%\/5% nicotine, 12 flavors. Long-lasting with dual mesh coils. Shop now!\",\"breadcrumb\":{\"@id\":\"https:\/\/vapeenjoy.com\/product\/mr-goodie-20000-puffs-dual-tank-disposable-vape-40ml-2-5-nicotine\/#breadcrumb\"},\"inLanguage\":\"es\",\"potentialAction\":[{\"@type\":\"ReadAction\",\"target\":[\"https:\/\/vapeenjoy.com\/product\/mr-goodie-20000-puffs-dual-tank-disposable-vape-40ml-2-5-nicotine\/\"]}]},{\"@type\":\"ImageObject\",\"inLanguage\":\"es\",\"@id\":\"https:\/\/vapeenjoy.com\/product\/mr-goodie-20000-puffs-dual-tank-disposable-vape-40ml-2-5-nicotine\/#primaryimage\",\"url\":\"https:\/\/vapeenjoy.com\/wp-content\/uploads\/2025\/07\/Mr.Goodie-20000-20K-Puffs.webp\",\"contentUrl\":\"https:\/\/vapeenjoy.com\/wp-content\/uploads\/2025\/07\/Mr.Goodie-20000-20K-Puffs.webp\",\"width\":1000,\"height\":1000,\"caption\":\"Mr.Goodie 20000 20K Puffs\"},{\"@type\":\"BreadcrumbList\",\"@id\":\"https:\/\/vapeenjoy.com\/product\/mr-goodie-20000-puffs-dual-tank-disposable-vape-40ml-2-5-nicotine\/#breadcrumb\",\"itemListElement\":[{\"@type\":\"ListItem\",\"position\":1,\"name\":\"Home\",\"item\":\"https:\/\/vapeenjoy.com\/\"},{\"@type\":\"ListItem\",\"position\":2,\"name\":\"Shop\",\"item\":\"https:\/\/vapeenjoy.com\/vapeenjoy-shop\/\"},{\"@type\":\"ListItem\",\"position\":3,\"name\":\"Mr.Goodie 20000 Puffs Dual Tank Disposable Vape 40ml 2% 5% Nicotine\"}]},{\"@type\":\"WebSite\",\"@id\":\"https:\/\/vapeenjoy.com\/#website\",\"url\":\"https:\/\/vapeenjoy.com\/\",\"name\":\"vapeenjoy\",\"description\":\"An online store for selling vapes\",\"potentialAction\":[{\"@type\":\"SearchAction\",\"target\":{\"@type\":\"EntryPoint\",\"urlTemplate\":\"https:\/\/vapeenjoy.com\/?s={search_term_string}\"},\"query-input\":{\"@type\":\"PropertyValueSpecification\",\"valueRequired\":true,\"valueName\":\"search_term_string\"}}],\"inLanguage\":\"es\"}]}<\/script>\n<!-- \/ Yoast SEO plugin. -->","yoast_head_json":{"title":"Mr.Goodie 20000 Puffs Dual Tanque Desechable Vape 2% 5% Nicotina","description":"Mr.Godie 20000 Puffs Dual Tank Vape desechable: 40 ml E-Liquid, 2%\/5% Nicotina, 12 sabores. Duradero con bobinas de malla doble. \u00a1Compre ahora!","robots":{"index":"index","follow":"follow","max-snippet":"max-snippet:-1","max-image-preview":"max-image-preview:large","max-video-preview":"max-video-preview:-1"},"canonical":"https:\/\/vapeenjoy.com\/es\/producto\/mr-goodie-20000-puffs-dual-tank-vape-desechable-40ml-2-5-nicotina\/","og_locale":"es_ES","og_type":"article","og_title":"Mr.Goodie 20000 Puffs Dual Tank Disposable Vape 2% 5% Nicotine","og_description":"Mr.Goodie 20000 Puffs Dual Tank Disposable Vape: 40ml e-liquid, 2%\/5% nicotine, 12 flavors. Long-lasting with dual mesh coils. Shop now!","og_url":"https:\/\/vapeenjoy.com\/es\/producto\/mr-goodie-20000-puffs-dual-tank-vape-desechable-40ml-2-5-nicotina\/","og_site_name":"vapeenjoy","article_modified_time":"2025-08-18T09:11:13+00:00","og_image":[{"width":1000,"height":1000,"url":"https:\/\/vapeenjoy.com\/wp-content\/uploads\/2025\/07\/Mr.Goodie-20000-20K-Puffs.webp","type":"image\/webp"}],"twitter_card":"summary_large_image","twitter_misc":{"Tiempo de lectura":"3 minutos"},"schema":{"@context":"https:\/\/schema.org","@graph":[{"@type":"WebPage","@id":"https:\/\/vapeenjoy.com\/product\/mr-goodie-20000-puffs-dual-tank-disposable-vape-40ml-2-5-nicotine\/","url":"https:\/\/vapeenjoy.com\/product\/mr-goodie-20000-puffs-dual-tank-disposable-vape-40ml-2-5-nicotine\/","name":"Mr.Goodie 20000 Puffs Dual Tanque Desechable Vape 2% 5% Nicotina","isPartOf":{"@id":"https:\/\/vapeenjoy.com\/#website"},"primaryImageOfPage":{"@id":"https:\/\/vapeenjoy.com\/product\/mr-goodie-20000-puffs-dual-tank-disposable-vape-40ml-2-5-nicotine\/#primaryimage"},"image":{"@id":"https:\/\/vapeenjoy.com\/product\/mr-goodie-20000-puffs-dual-tank-disposable-vape-40ml-2-5-nicotine\/#primaryimage"},"thumbnailUrl":"https:\/\/vapeenjoy.com\/wp-content\/uploads\/2025\/07\/Mr.Goodie-20000-20K-Puffs.webp","datePublished":"2025-07-24T03:42:07+00:00","dateModified":"2025-08-18T09:11:13+00:00","description":"Mr.Godie 20000 Puffs Dual Tank Vape desechable: 40 ml E-Liquid, 2%\/5% Nicotina, 12 sabores. Duradero con bobinas de malla doble. \u00a1Compre ahora!","breadcrumb":{"@id":"https:\/\/vapeenjoy.com\/product\/mr-goodie-20000-puffs-dual-tank-disposable-vape-40ml-2-5-nicotine\/#breadcrumb"},"inLanguage":"es","potentialAction":[{"@type":"ReadAction","target":["https:\/\/vapeenjoy.com\/product\/mr-goodie-20000-puffs-dual-tank-disposable-vape-40ml-2-5-nicotine\/"]}]},{"@type":"ImageObject","inLanguage":"es","@id":"https:\/\/vapeenjoy.com\/product\/mr-goodie-20000-puffs-dual-tank-disposable-vape-40ml-2-5-nicotine\/#primaryimage","url":"https:\/\/vapeenjoy.com\/wp-content\/uploads\/2025\/07\/Mr.Goodie-20000-20K-Puffs.webp","contentUrl":"https:\/\/vapeenjoy.com\/wp-content\/uploads\/2025\/07\/Mr.Goodie-20000-20K-Puffs.webp","width":1000,"height":1000,"caption":"Mr.Goodie 20000 20K Puffs"},{"@type":"BreadcrumbList","@id":"https:\/\/vapeenjoy.com\/product\/mr-goodie-20000-puffs-dual-tank-disposable-vape-40ml-2-5-nicotine\/#breadcrumb","itemListElement":[{"@type":"ListItem","position":1,"name":"Home","item":"https:\/\/vapeenjoy.com\/"},{"@type":"ListItem","position":2,"name":"Shop","item":"https:\/\/vapeenjoy.com\/vapeenjoy-shop\/"},{"@type":"ListItem","position":3,"name":"Mr.Goodie 20000 Puffs Dual Tank Disposable Vape 40ml 2% 5% Nicotine"}]},{"@type":"WebSite","@id":"https:\/\/vapeenjoy.com\/#website","url":"https:\/\/vapeenjoy.com\/","name":"vapiar","description":"Una tienda online para vender vapes","potentialAction":[{"@type":"SearchAction","target":{"@type":"EntryPoint","urlTemplate":"https:\/\/vapeenjoy.com\/?s={search_term_string}"},"query-input":{"@type":"PropertyValueSpecification","valueRequired":true,"valueName":"search_term_string"}}],"inLanguage":"es"}]}},"_links":{"self":[{"href":"https:\/\/vapeenjoy.com\/es\/wp-json\/wp\/v2\/product\/517","targetHints":{"allow":["GET"]}}],"collection":[{"href":"https:\/\/vapeenjoy.com\/es\/wp-json\/wp\/v2\/product"}],"about":[{"href":"https:\/\/vapeenjoy.com\/es\/wp-json\/wp\/v2\/types\/product"}],"replies":[{"embeddable":true,"href":"https:\/\/vapeenjoy.com\/es\/wp-json\/wp\/v2\/comments?post=517"}],"version-history":[{"count":3,"href":"https:\/\/vapeenjoy.com\/es\/wp-json\/wp\/v2\/product\/517\/revisions"}],"predecessor-version":[{"id":2341,"href":"https:\/\/vapeenjoy.com\/es\/wp-json\/wp\/v2\/product\/517\/revisions\/2341"}],"wp:featuredmedia":[{"embeddable":true,"href":"https:\/\/vapeenjoy.com\/es\/wp-json\/wp\/v2\/media\/520"}],"wp:attachment":[{"href":"https:\/\/vapeenjoy.com\/es\/wp-json\/wp\/v2\/media?parent=517"}],"wp:term":[{"taxonomy":"product_brand","embeddable":true,"href":"https:\/\/vapeenjoy.com\/es\/wp-json\/wp\/v2\/product_brand?post=517"},{"taxonomy":"product_cat","embeddable":true,"href":"https:\/\/vapeenjoy.com\/es\/wp-json\/wp\/v2\/product_cat?post=517"},{"taxonomy":"product_tag","embeddable":true,"href":"https:\/\/vapeenjoy.com\/es\/wp-json\/wp\/v2\/product_tag?post=517"}],"curies":[{"name":"pp","href":"https:\/\/api.w.org\/{rel}","templated":true}]}}