{"id":565,"date":"2025-07-24T09:40:53","date_gmt":"2025-07-24T09:40:53","guid":{"rendered":"https:\/\/vapeenjoy.com\/?post_type=product&#038;p=565"},"modified":"2025-08-18T08:45:13","modified_gmt":"2025-08-18T08:45:13","slug":"elf-box-shisha-16000-puffs-disposable-vape-28ml-0-5-nicotine-adjustable-airflow","status":"publish","type":"product","link":"https:\/\/vapeenjoy.com\/es\/producto\/elf-box-shisha-16000-puffs-vape-desechable-28ml-0-5-flujo-de-aire-ajustable-de-nicotina\/","title":{"rendered":"Elf Box Shisha 16000 Puffs Vape desechable 28ml 0-5% Nicotina Flujo de aire ajustable"},"content":{"rendered":"<h2 dir=\"ltr\" data-pm-slice=\"1 3 []\">Caja Elf Shisha 16000 Puffs Vape desechable Descripci\u00f3n del producto<\/h2>\n<p dir=\"ltr\">Elf Box, un nombre de confianza en la industria del vapeo, es conocido por sus dispositivos fiables y sabrosos. Espec\u00edficamente, el Elf Box Shisha 16000 Puffs Desechable Vape ofrece un impresionante recuento de soplo y una generosa capacidad de e-l\u00edquido. En consecuencia, esto garantiza un disfrute duradero para los usuarios. Adem\u00e1s, encapsulado en un elegante acabado de cuero, el dispositivo combina practicidad con sofisticaci\u00f3n. Por lo tanto, es una opci\u00f3n ideal para vapear en movimiento.<\/p>\n<h2 dir=\"ltr\">presupuesto<\/h2>\n<ul class=\"tight\" dir=\"ltr\" data-tight=\"true\">\n<li>\n<p dir=\"ltr\"><strong>Recuento de soplos<\/strong>: 16.000 bocanadas: entrega hasta 16.000 bocanadas, proporcionando as\u00ed un uso prolongado sin reemplazos frecuentes.<\/p>\n<\/li>\n<li>\n<p dir=\"ltr\"><strong>Capacidad de e-l\u00edquido<\/strong>: 28ml: un gran dep\u00f3sito de 28 ml permite sesiones de vapeo prolongadas.<\/p>\n<\/li>\n<li>\n<p dir=\"ltr\"><strong>Fuerza de nicotina<\/strong>: 0%, 2%, 3%, 5%: ofrece m\u00faltiples niveles de nicotina, por lo que los usuarios pueden elegir seg\u00fan las preferencias.<\/p>\n<\/li>\n<li>\n<p dir=\"ltr\"><strong>Capacidad de la bater\u00eda<\/strong>: 600mAh: alimentado por una bater\u00eda de 600 mAh, garantiza un rendimiento constante.<\/p>\n<\/li>\n<li>\n<p dir=\"ltr\"><strong>Tipo de bobina<\/strong>: Bobina de malla de 0.6ohm: mejora el sabor y produce un vapor suave, gracias a su dise\u00f1o de alto rendimiento.<\/p>\n<\/li>\n<li>\n<p dir=\"ltr\"><strong>puerto de carga<\/strong>: Tipo-C: cuenta con un puerto Type-C, lo que permite una recarga r\u00e1pida y eficiente.<\/p>\n<\/li>\n<li>\n<p dir=\"ltr\"><strong>flujo de aire<\/strong>: Ajustable: permite la personalizaci\u00f3n del sorteo, para que pueda adaptarlo a su gusto.<\/p>\n<\/li>\n<li>\n<p dir=\"ltr\"><strong>muestra<\/strong>: Pantalla LED: muestra la duraci\u00f3n de la bater\u00eda en tiempo real y el estado de vapeo para una f\u00e1cil monitorizaci\u00f3n.<\/p>\n<\/li>\n<li>\n<p dir=\"ltr\"><strong>a\u00f1adir peso a<\/strong>: 85 g \u2013 Ligero a 85 gramos, lo que lo hace muy port\u00e1til.<\/p>\n<\/li>\n<\/ul>\n<h2 dir=\"ltr\">12 opciones de sabor<\/h2>\n<ol class=\"tight\" dir=\"ltr\" data-tight=\"true\">\n<li>\n<p dir=\"ltr\"><strong>hielo azul de razz<\/strong> \u2013 Una refrescante mezcla de frambuesa azul con un fresco acabado de mentol.<\/p>\n<\/li>\n<li>\n<p dir=\"ltr\"><strong>hielo de fresa<\/strong> \u2013 Fresas dulces con un toque helado y crujiente para un vaporizador equilibrado.<\/p>\n<\/li>\n<li>\n<p dir=\"ltr\"><strong>Hielo de durazno<\/strong> \u2013 Sabor jugoso de melocot\u00f3n, complementado con un matiz de mentol escalofriante.<\/p>\n<\/li>\n<li>\n<p dir=\"ltr\"><strong>kiwi kiwi<\/strong> \u2013 Una mezcla tropical picante de kiwi y maracuy\u00e1.<\/p>\n<\/li>\n<li>\n<p dir=\"ltr\"><strong>hielo de mora<\/strong> \u2013 Ricas notas de mora con una exhalaci\u00f3n helada para una experiencia audaz.<\/p>\n<\/li>\n<li>\n<p dir=\"ltr\"><strong>manzana doble<\/strong> \u2013 Un sabor a manzana inspirado en la shisha, que ofrece un equilibrio dulce-agrio.<\/p>\n<\/li>\n<li>\n<p dir=\"ltr\"><strong>hielo exuberante<\/strong> \u2013 La dulzura de la sand\u00eda combinada con una patada de mentol genial.<\/p>\n<\/li>\n<li>\n<p dir=\"ltr\"><strong>uva<\/strong> \u2013 Sabor audaz de uva con un refrescante toque helado.<\/p>\n<\/li>\n<li>\n<p dir=\"ltr\"><strong>frambuesa de cereza<\/strong> \u2013 Un vibrante d\u00fao de cereza agria y frambuesa dulce.<\/p>\n<\/li>\n<li>\n<p dir=\"ltr\"><strong>sand\u00eda de fresa<\/strong> \u2013 Una jugosa fusi\u00f3n de fresas y sand\u00eda.<\/p>\n<\/li>\n<li>\n<p dir=\"ltr\"><strong>Pi\u00f1a de mango de melocot\u00f3n<\/strong> \u2013 Una mezcla tropical de melocot\u00f3n, mango y pi\u00f1a.<\/p>\n<\/li>\n<li>\n<p dir=\"ltr\"><strong>Bayas mezcladas<\/strong> \u2013 Una deliciosa mezcla de fresas, ar\u00e1ndanos, frambuesas y moras.<\/p>\n<\/li>\n<\/ol>\n<h2 dir=\"ltr\">Preguntas frecuentes<\/h2>\n<ol class=\"tight\" dir=\"ltr\" data-tight=\"true\">\n<li>\n<p dir=\"ltr\"><strong>\u00bfCu\u00e1l es el conteo de soplo?<\/strong><br \/>\nEl dispositivo ofrece hasta 16.000 soplos, lo que garantiza un uso duradero.<\/p>\n<\/li>\n<li>\n<p dir=\"ltr\"><strong>\u00bfQu\u00e9 puntos de nicotina est\u00e1n disponibles?<\/strong><br \/>\nDisponible en 0%, 2%, 3% y 5%, por lo que se adapta a varias preferencias.<\/p>\n<\/li>\n<li>\n<p dir=\"ltr\"><strong>la bateria es recargable?<\/strong><br \/>\nS\u00ed, la bater\u00eda de 600 mAh se recarga a trav\u00e9s de un puerto Type-C para mayor comodidad.<\/p>\n<\/li>\n<li>\n<p dir=\"ltr\"><strong>\u00bfPuedo ajustar el flujo de aire?<\/strong><br \/>\nDe hecho, el flujo de aire ajustable le permite personalizar su sorteo de vapeo.<\/p>\n<\/li>\n<li>\n<p dir=\"ltr\"><strong>\u00bfC\u00f3mo s\u00e9 cu\u00e1ndo recargar?<\/strong><br \/>\nLa pantalla LED muestra la duraci\u00f3n de la bater\u00eda en tiempo real, por lo que el monitoreo es f\u00e1cil.<\/p>\n<\/li>\n<li>\n<p dir=\"ltr\"><strong>\u00bfC\u00f3mo elijo el sabor adecuado?<\/strong><br \/>\nPara notas dulces y tropicales, pruebe con sand\u00eda de fresa o melocot\u00f3n de mango de pi\u00f1a. Alternativamente, para un golpe de mentol, elija Blue Razz Ice o Lush Ice. Finalmente, para un sabor cl\u00e1sico shisha, opta por la doble manzana.<\/p>\n<\/li>\n<li>\n<p dir=\"ltr\"><strong>\u00bfQu\u00e9 hace que la bobina de malla sea especial?<\/strong><br \/>\nLa bobina de malla de 0.6ohm mejora el sabor y garantiza un vapor suave, mejorando as\u00ed cada puff.<\/p>\n<\/li>\n<\/ol>\n<h2><img fetchpriority=\"high\" decoding=\"async\" class=\"alignnone wp-image-568 size-full\" style=\"color: #333333; font-size: 16px;\" src=\"https:\/\/vapeenjoy.com\/wp-content\/uploads\/2025\/07\/ELF-BOX-SHISHA-16000-scaled.webp\" alt=\"Elf Box Shisha 16000 Puffs Vape Desechable Sabores\" width=\"2560\" height=\"2560\" srcset=\"https:\/\/vapeenjoy.com\/wp-content\/uploads\/2025\/07\/ELF-BOX-SHISHA-16000-scaled.webp 2560w, https:\/\/vapeenjoy.com\/wp-content\/uploads\/2025\/07\/ELF-BOX-SHISHA-16000-300x300.webp 300w, https:\/\/vapeenjoy.com\/wp-content\/uploads\/2025\/07\/ELF-BOX-SHISHA-16000-scaled-600x600.webp 600w, https:\/\/vapeenjoy.com\/wp-content\/uploads\/2025\/07\/ELF-BOX-SHISHA-16000-1024x1024.webp 1024w, https:\/\/vapeenjoy.com\/wp-content\/uploads\/2025\/07\/ELF-BOX-SHISHA-16000-150x150.webp 150w, https:\/\/vapeenjoy.com\/wp-content\/uploads\/2025\/07\/ELF-BOX-SHISHA-16000-768x768.webp 768w, https:\/\/vapeenjoy.com\/wp-content\/uploads\/2025\/07\/ELF-BOX-SHISHA-16000-1536x1536.webp 1536w, https:\/\/vapeenjoy.com\/wp-content\/uploads\/2025\/07\/ELF-BOX-SHISHA-16000-2048x2048.webp 2048w\" sizes=\"(max-width: 2560px) 100vw, 2560px\" \/><\/h2>","protected":false},"excerpt":{"rendered":"<p>Elf Box, un nombre de confianza en vapeo, presenta el shisha 16000 puffs desechable vape. Con una capacidad de 28 ml de e-l\u00edquido, bater\u00eda recargable de 600 mAh y opciones de nicotina 0-5%, este dispositivo garantiza un rendimiento duradero. Con una bobina de malla de 0.6ohm, flujo de aire ajustable y pantalla LED, ofrece sabores ricos en un dise\u00f1o elegante y port\u00e1til.<\/p>","protected":false},"featured_media":569,"comment_status":"open","ping_status":"closed","template":"","meta":[],"product_brand":[51],"product_cat":[34],"product_tag":[64,68,82],"class_list":{"0":"post-565","1":"product","2":"type-product","3":"status-publish","4":"has-post-thumbnail","6":"product_brand-elf-box-vape","7":"product_cat-16000-puffs-vape","8":"product_tag-0-5-nicotine","9":"product_tag-28ml","10":"product_tag-adjustable-airflow","12":"first","13":"instock","14":"sale","15":"shipping-taxable","16":"purchasable","17":"product-type-variable"},"yoast_head":"<!-- This site is optimized with the Yoast SEO plugin v25.7 - https:\/\/yoast.com\/wordpress\/plugins\/seo\/ -->\n<title>ELF BOX Shisha 16000 Puffs Disposable Vape 28ml 0-5% Nicotine<\/title>\n<meta name=\"description\" content=\"ELF BOX Shisha 16000 Puffs Disposable Vape: 28ml, 0-5% nicotine, adjustable airflow. Enjoy long-lasting flavor and smooth vaping. Shop now!\" \/>\n<meta name=\"robots\" content=\"index, follow, max-snippet:-1, max-image-preview:large, max-video-preview:-1\" \/>\n<link rel=\"canonical\" href=\"https:\/\/vapeenjoy.com\/es\/producto\/elf-box-shisha-16000-puffs-vape-desechable-28ml-0-5-flujo-de-aire-ajustable-de-nicotina\/\" \/>\n<meta property=\"og:locale\" content=\"es_ES\" \/>\n<meta property=\"og:type\" content=\"article\" \/>\n<meta property=\"og:title\" content=\"ELF BOX Shisha 16000 Puffs Disposable Vape 28ml 0-5% Nicotine\" \/>\n<meta property=\"og:description\" content=\"ELF BOX Shisha 16000 Puffs Disposable Vape: 28ml, 0-5% nicotine, adjustable airflow. Enjoy long-lasting flavor and smooth vaping. Shop now!\" \/>\n<meta property=\"og:url\" content=\"https:\/\/vapeenjoy.com\/es\/producto\/elf-box-shisha-16000-puffs-vape-desechable-28ml-0-5-flujo-de-aire-ajustable-de-nicotina\/\" \/>\n<meta property=\"og:site_name\" content=\"vapeenjoy\" \/>\n<meta property=\"article:modified_time\" content=\"2025-08-18T08:45:13+00:00\" \/>\n<meta property=\"og:image\" content=\"https:\/\/vapeenjoy.com\/wp-content\/uploads\/2025\/07\/ELF-BOX-SHISHA-16000_Cherry-Raspberry.jpg\" \/>\n\t<meta property=\"og:image:width\" content=\"1000\" \/>\n\t<meta property=\"og:image:height\" content=\"1000\" \/>\n\t<meta property=\"og:image:type\" content=\"image\/jpeg\" \/>\n<meta name=\"twitter:card\" content=\"summary_large_image\" \/>\n<meta name=\"twitter:label1\" content=\"Tiempo de lectura\" \/>\n\t<meta name=\"twitter:data1\" content=\"3 minutos\" \/>\n<script type=\"application\/ld+json\" class=\"yoast-schema-graph\">{\"@context\":\"https:\/\/schema.org\",\"@graph\":[{\"@type\":\"WebPage\",\"@id\":\"https:\/\/vapeenjoy.com\/product\/elf-box-shisha-16000-puffs-disposable-vape-28ml-0-5-nicotine-adjustable-airflow\/\",\"url\":\"https:\/\/vapeenjoy.com\/product\/elf-box-shisha-16000-puffs-disposable-vape-28ml-0-5-nicotine-adjustable-airflow\/\",\"name\":\"ELF BOX Shisha 16000 Puffs Disposable Vape 28ml 0-5% Nicotine\",\"isPartOf\":{\"@id\":\"https:\/\/vapeenjoy.com\/#website\"},\"primaryImageOfPage\":{\"@id\":\"https:\/\/vapeenjoy.com\/product\/elf-box-shisha-16000-puffs-disposable-vape-28ml-0-5-nicotine-adjustable-airflow\/#primaryimage\"},\"image\":{\"@id\":\"https:\/\/vapeenjoy.com\/product\/elf-box-shisha-16000-puffs-disposable-vape-28ml-0-5-nicotine-adjustable-airflow\/#primaryimage\"},\"thumbnailUrl\":\"https:\/\/vapeenjoy.com\/wp-content\/uploads\/2025\/07\/ELF-BOX-SHISHA-16000_Cherry-Raspberry.jpg\",\"datePublished\":\"2025-07-24T09:40:53+00:00\",\"dateModified\":\"2025-08-18T08:45:13+00:00\",\"description\":\"ELF BOX Shisha 16000 Puffs Disposable Vape: 28ml, 0-5% nicotine, adjustable airflow. Enjoy long-lasting flavor and smooth vaping. Shop now!\",\"breadcrumb\":{\"@id\":\"https:\/\/vapeenjoy.com\/product\/elf-box-shisha-16000-puffs-disposable-vape-28ml-0-5-nicotine-adjustable-airflow\/#breadcrumb\"},\"inLanguage\":\"es\",\"potentialAction\":[{\"@type\":\"ReadAction\",\"target\":[\"https:\/\/vapeenjoy.com\/product\/elf-box-shisha-16000-puffs-disposable-vape-28ml-0-5-nicotine-adjustable-airflow\/\"]}]},{\"@type\":\"ImageObject\",\"inLanguage\":\"es\",\"@id\":\"https:\/\/vapeenjoy.com\/product\/elf-box-shisha-16000-puffs-disposable-vape-28ml-0-5-nicotine-adjustable-airflow\/#primaryimage\",\"url\":\"https:\/\/vapeenjoy.com\/wp-content\/uploads\/2025\/07\/ELF-BOX-SHISHA-16000_Cherry-Raspberry.jpg\",\"contentUrl\":\"https:\/\/vapeenjoy.com\/wp-content\/uploads\/2025\/07\/ELF-BOX-SHISHA-16000_Cherry-Raspberry.jpg\",\"width\":1000,\"height\":1000},{\"@type\":\"BreadcrumbList\",\"@id\":\"https:\/\/vapeenjoy.com\/product\/elf-box-shisha-16000-puffs-disposable-vape-28ml-0-5-nicotine-adjustable-airflow\/#breadcrumb\",\"itemListElement\":[{\"@type\":\"ListItem\",\"position\":1,\"name\":\"Home\",\"item\":\"https:\/\/vapeenjoy.com\/\"},{\"@type\":\"ListItem\",\"position\":2,\"name\":\"Shop\",\"item\":\"https:\/\/vapeenjoy.com\/vapeenjoy-shop\/\"},{\"@type\":\"ListItem\",\"position\":3,\"name\":\"ELF BOX Shisha 16000 Puffs Disposable Vape 28ml 0-5% Nicotine Adjustable Airflow\"}]},{\"@type\":\"WebSite\",\"@id\":\"https:\/\/vapeenjoy.com\/#website\",\"url\":\"https:\/\/vapeenjoy.com\/\",\"name\":\"vapeenjoy\",\"description\":\"An online store for selling vapes\",\"potentialAction\":[{\"@type\":\"SearchAction\",\"target\":{\"@type\":\"EntryPoint\",\"urlTemplate\":\"https:\/\/vapeenjoy.com\/?s={search_term_string}\"},\"query-input\":{\"@type\":\"PropertyValueSpecification\",\"valueRequired\":true,\"valueName\":\"search_term_string\"}}],\"inLanguage\":\"es\"}]}<\/script>\n<!-- \/ Yoast SEO plugin. -->","yoast_head_json":{"title":"Caja Elf Shisha 16000 Puffs Vape desechable 28ml 0-5% Nicotina","description":"Elf Box Shisha 16000 Puffs Vape desechable: 28 ml, 0-5% Nicotina, flujo de aire ajustable. Disfruta de un sabor duradero y un vapeo suave. \u00a1Compre ahora!","robots":{"index":"index","follow":"follow","max-snippet":"max-snippet:-1","max-image-preview":"max-image-preview:large","max-video-preview":"max-video-preview:-1"},"canonical":"https:\/\/vapeenjoy.com\/es\/producto\/elf-box-shisha-16000-puffs-vape-desechable-28ml-0-5-flujo-de-aire-ajustable-de-nicotina\/","og_locale":"es_ES","og_type":"article","og_title":"ELF BOX Shisha 16000 Puffs Disposable Vape 28ml 0-5% Nicotine","og_description":"ELF BOX Shisha 16000 Puffs Disposable Vape: 28ml, 0-5% nicotine, adjustable airflow. Enjoy long-lasting flavor and smooth vaping. Shop now!","og_url":"https:\/\/vapeenjoy.com\/es\/producto\/elf-box-shisha-16000-puffs-vape-desechable-28ml-0-5-flujo-de-aire-ajustable-de-nicotina\/","og_site_name":"vapeenjoy","article_modified_time":"2025-08-18T08:45:13+00:00","og_image":[{"width":1000,"height":1000,"url":"https:\/\/vapeenjoy.com\/wp-content\/uploads\/2025\/07\/ELF-BOX-SHISHA-16000_Cherry-Raspberry.jpg","type":"image\/jpeg"}],"twitter_card":"summary_large_image","twitter_misc":{"Tiempo de lectura":"3 minutos"},"schema":{"@context":"https:\/\/schema.org","@graph":[{"@type":"WebPage","@id":"https:\/\/vapeenjoy.com\/product\/elf-box-shisha-16000-puffs-disposable-vape-28ml-0-5-nicotine-adjustable-airflow\/","url":"https:\/\/vapeenjoy.com\/product\/elf-box-shisha-16000-puffs-disposable-vape-28ml-0-5-nicotine-adjustable-airflow\/","name":"Caja Elf Shisha 16000 Puffs Vape desechable 28ml 0-5% Nicotina","isPartOf":{"@id":"https:\/\/vapeenjoy.com\/#website"},"primaryImageOfPage":{"@id":"https:\/\/vapeenjoy.com\/product\/elf-box-shisha-16000-puffs-disposable-vape-28ml-0-5-nicotine-adjustable-airflow\/#primaryimage"},"image":{"@id":"https:\/\/vapeenjoy.com\/product\/elf-box-shisha-16000-puffs-disposable-vape-28ml-0-5-nicotine-adjustable-airflow\/#primaryimage"},"thumbnailUrl":"https:\/\/vapeenjoy.com\/wp-content\/uploads\/2025\/07\/ELF-BOX-SHISHA-16000_Cherry-Raspberry.jpg","datePublished":"2025-07-24T09:40:53+00:00","dateModified":"2025-08-18T08:45:13+00:00","description":"Elf Box Shisha 16000 Puffs Vape desechable: 28 ml, 0-5% Nicotina, flujo de aire ajustable. Disfruta de un sabor duradero y un vapeo suave. \u00a1Compre ahora!","breadcrumb":{"@id":"https:\/\/vapeenjoy.com\/product\/elf-box-shisha-16000-puffs-disposable-vape-28ml-0-5-nicotine-adjustable-airflow\/#breadcrumb"},"inLanguage":"es","potentialAction":[{"@type":"ReadAction","target":["https:\/\/vapeenjoy.com\/product\/elf-box-shisha-16000-puffs-disposable-vape-28ml-0-5-nicotine-adjustable-airflow\/"]}]},{"@type":"ImageObject","inLanguage":"es","@id":"https:\/\/vapeenjoy.com\/product\/elf-box-shisha-16000-puffs-disposable-vape-28ml-0-5-nicotine-adjustable-airflow\/#primaryimage","url":"https:\/\/vapeenjoy.com\/wp-content\/uploads\/2025\/07\/ELF-BOX-SHISHA-16000_Cherry-Raspberry.jpg","contentUrl":"https:\/\/vapeenjoy.com\/wp-content\/uploads\/2025\/07\/ELF-BOX-SHISHA-16000_Cherry-Raspberry.jpg","width":1000,"height":1000},{"@type":"BreadcrumbList","@id":"https:\/\/vapeenjoy.com\/product\/elf-box-shisha-16000-puffs-disposable-vape-28ml-0-5-nicotine-adjustable-airflow\/#breadcrumb","itemListElement":[{"@type":"ListItem","position":1,"name":"Home","item":"https:\/\/vapeenjoy.com\/"},{"@type":"ListItem","position":2,"name":"Shop","item":"https:\/\/vapeenjoy.com\/vapeenjoy-shop\/"},{"@type":"ListItem","position":3,"name":"ELF BOX Shisha 16000 Puffs Disposable Vape 28ml 0-5% Nicotine Adjustable Airflow"}]},{"@type":"WebSite","@id":"https:\/\/vapeenjoy.com\/#website","url":"https:\/\/vapeenjoy.com\/","name":"vapiar","description":"Una tienda online para vender vapes","potentialAction":[{"@type":"SearchAction","target":{"@type":"EntryPoint","urlTemplate":"https:\/\/vapeenjoy.com\/?s={search_term_string}"},"query-input":{"@type":"PropertyValueSpecification","valueRequired":true,"valueName":"search_term_string"}}],"inLanguage":"es"}]}},"_links":{"self":[{"href":"https:\/\/vapeenjoy.com\/es\/wp-json\/wp\/v2\/product\/565","targetHints":{"allow":["GET"]}}],"collection":[{"href":"https:\/\/vapeenjoy.com\/es\/wp-json\/wp\/v2\/product"}],"about":[{"href":"https:\/\/vapeenjoy.com\/es\/wp-json\/wp\/v2\/types\/product"}],"replies":[{"embeddable":true,"href":"https:\/\/vapeenjoy.com\/es\/wp-json\/wp\/v2\/comments?post=565"}],"version-history":[{"count":3,"href":"https:\/\/vapeenjoy.com\/es\/wp-json\/wp\/v2\/product\/565\/revisions"}],"predecessor-version":[{"id":2336,"href":"https:\/\/vapeenjoy.com\/es\/wp-json\/wp\/v2\/product\/565\/revisions\/2336"}],"wp:featuredmedia":[{"embeddable":true,"href":"https:\/\/vapeenjoy.com\/es\/wp-json\/wp\/v2\/media\/569"}],"wp:attachment":[{"href":"https:\/\/vapeenjoy.com\/es\/wp-json\/wp\/v2\/media?parent=565"}],"wp:term":[{"taxonomy":"product_brand","embeddable":true,"href":"https:\/\/vapeenjoy.com\/es\/wp-json\/wp\/v2\/product_brand?post=565"},{"taxonomy":"product_cat","embeddable":true,"href":"https:\/\/vapeenjoy.com\/es\/wp-json\/wp\/v2\/product_cat?post=565"},{"taxonomy":"product_tag","embeddable":true,"href":"https:\/\/vapeenjoy.com\/es\/wp-json\/wp\/v2\/product_tag?post=565"}],"curies":[{"name":"pp","href":"https:\/\/api.w.org\/{rel}","templated":true}]}}