{"id":64,"date":"2025-07-16T06:57:52","date_gmt":"2025-07-16T06:57:52","guid":{"rendered":"https:\/\/vapeenjoy.com\/?post_type=product&#038;p=64"},"modified":"2025-08-18T08:10:30","modified_gmt":"2025-08-18T08:10:30","slug":"bang-leader-80k-puffs-3-in-1-flavor-vape","status":"publish","type":"product","link":"https:\/\/vapeenjoy.com\/es\/producto\/bang-leader-80k-puffs-3-en-1-sabor-vape\/","title":{"rendered":"Bang Leader 80K Puffs 3-en-1 Sabores Vape desechable 78ml 0-5% Nicotina Tipo-C Recargable"},"content":{"rendered":"<h2>Bang Leader 80K Puffs Vape desechable Descripci\u00f3n del producto<\/h2>\n<p dir=\"ltr\" data-pm-slice=\"1 3 []\">Bang Leader, una marca de vapeo de confianza, ofrece constantemente dispositivos sabrosos y confiables. Por ejemplo, el vape desechable Bang Leader 80K Puffs ofrece hasta 80.000 bocanadas, lo que garantiza un uso duradero. Adem\u00e1s, su innovador sistema de tres sabores permite un cambio sin problemas entre gustos. En consecuencia, su dise\u00f1o elegante y port\u00e1til con un acabado suave garantiza la comodidad y la comodidad para el vapeo durante todo el d\u00eda.<\/p>\n<h2 dir=\"ltr\">Bang Leader 80K Puffs Vape desechable Especificaciones<\/h2>\n<ul class=\"tight\" dir=\"ltr\" data-tight=\"true\">\n<li>\n<p dir=\"ltr\"><strong>Recuento de soplos<\/strong>: Hasta 80.000 bocanadas, perfectas para vapeadores pesados.<\/p>\n<\/li>\n<li>\n<p dir=\"ltr\"><strong>Capacidad de e-l\u00edquido<\/strong>: 78 ml (3 x 26 ml) para tres sabores \u00fanicos.<\/p>\n<\/li>\n<li>\n<p dir=\"ltr\"><strong>serie<\/strong>: 850mAh recargable para un rendimiento fiable.<\/p>\n<\/li>\n<li>\n<p dir=\"ltr\"><strong>enroscarse<\/strong>: Bobina de malla dual de 1,0 \u03a9 para un vapor suave y sabroso.<\/p>\n<\/li>\n<li>\n<p dir=\"ltr\"><strong>carga<\/strong>: Puerto tipo C para una recarga r\u00e1pida.<\/p>\n<\/li>\n<li>\n<p dir=\"ltr\"><strong>Fuerzas de nicotina<\/strong>: 0%, 2%, 3%, 5% para preferencias variadas.<\/p>\n<\/li>\n<li>\n<p dir=\"ltr\"><strong>sistema de sabores<\/strong>: Cambio de sabor triple a trav\u00e9s de un selector.<\/p>\n<\/li>\n<li>\n<p dir=\"ltr\"><strong>empaquetado<\/strong>: 10 piezas por paquete para uso personal o mayorista.<\/p>\n<\/li>\n<\/ul>\n<h2 dir=\"ltr\">Combinaciones de sabores<\/h2>\n<p dir=\"ltr\">Explore 12 opciones \u00fanicas de tres sabores:<\/p>\n<ol class=\"tight\" dir=\"ltr\" data-tight=\"true\">\n<li>\n<p dir=\"ltr\">Hielo de sand\u00eda \/ Mango de fresa \/ Pl\u00e1tano<\/p>\n<\/li>\n<li>\n<p dir=\"ltr\">Frambuesa Mojito Melocot\u00f3n Hielo \/ Sand\u00eda de Fresa \/ Kiwi Fruta de Pasi\u00f3n Guayaba<\/p>\n<\/li>\n<li>\n<p dir=\"ltr\">Sand\u00eda de fresa \/ Hielo de uva \/ Caramelo<\/p>\n<\/li>\n<li>\n<p dir=\"ltr\">Cola Ice \/ Ar\u00e1ndano Frambuesa \/ Melocot\u00f3n Mango Sand\u00eda<\/p>\n<\/li>\n<li>\n<p dir=\"ltr\">Sand\u00eda de Ar\u00e1ndanos \/ Mango de Fresa \/ Morote Negro<\/p>\n<\/li>\n<li>\n<p dir=\"ltr\">Hielo de ar\u00e1ndano \/ Hielo de drag\u00f3n negro \/ Melocot\u00f3n de mango<\/p>\n<\/li>\n<li>\n<p dir=\"ltr\">Ar\u00e1ndano Hielo \/ Fresa Banana \/ Bayas Mixtas<\/p>\n<\/li>\n<li>\n<p dir=\"ltr\">Red Bull \/ Sand\u00eda de Ar\u00e1ndanos \/ Pera de Manzana<\/p>\n<\/li>\n<li>\n<p dir=\"ltr\">Red Bull \/ Sand\u00eda Bubblegum Candy \/ Helado de Fresa<\/p>\n<\/li>\n<li>\n<p dir=\"ltr\">Fresa Kiwi \/ Melocot\u00f3n Hielo \/ Cola de cereza<\/p>\n<\/li>\n<li>\n<p dir=\"ltr\">Pasi\u00f3n kiwi \/ Lichi Ice \/ Mango Melocot\u00f3n Pino<\/p>\n<\/li>\n<li>\n<p dir=\"ltr\">Aguacate Hielo \/ Lim\u00f3n Lim\u00f3n \/ Sand\u00eda Frambuesa<\/p>\n<\/li>\n<\/ol>\n<h2 dir=\"ltr\">Preguntas frecuentes<\/h2>\n<ol class=\"tight\" dir=\"ltr\" data-tight=\"true\">\n<li>\n<p dir=\"ltr\"><strong>\u00bfQu\u00e9 hace que este vape sea \u00fanico?<\/strong><br \/>\nEn particular, su sistema de triple sabor y su alto recuento de soplo ofrecen una variedad inigualable.<\/p>\n<\/li>\n<li>\n<p dir=\"ltr\"><strong>\u00bfC\u00f3mo cambio de sabores?<\/strong><br \/>\nSimplemente deslice el selector para alternar entre tres c\u00e1psulas precargadas.<\/p>\n<\/li>\n<li>\n<p dir=\"ltr\"><strong>\u00bfC\u00f3mo elijo un sabor?<\/strong><br \/>\nPor ejemplo, las mezclas de frutas como las de sand\u00eda fresa se adaptan a las preferencias dulces, mientras que Red Bull ofrece sabores audaces.<\/p>\n<\/li>\n<li>\n<p dir=\"ltr\"><strong>\u00bfEs recargable?<\/strong><br \/>\nDe hecho, cuenta con una bater\u00eda de 850 mAh con carga tipo C.<\/p>\n<\/li>\n<li>\n<p dir=\"ltr\"><strong>\u00bfQu\u00e9 opciones de nicotina est\u00e1n disponibles?<\/strong><br \/>\nElija entre 0%, 2%, 3% o 5% de nicotina.<\/p>\n<\/li>\n<li>\n<p dir=\"ltr\"><strong>\u00bfCu\u00e1nto dura?<\/strong><br \/>\nCon hasta 80.000 bocanadas, dura seg\u00fan el uso.<\/p>\n<\/li>\n<li>\n<p dir=\"ltr\"><strong>\u00bfSe pueden rellenar las c\u00e1psulas?<\/strong><br \/>\nNo, las c\u00e1psulas de 26 ml est\u00e1n precargadas y no se pueden recargar.<\/p>\n<\/li>\n<\/ol>\n<p dir=\"ltr\" data-pm-slice=\"1 3 []\"><img fetchpriority=\"high\" decoding=\"async\" class=\"alignnone wp-image-79 size-full\" src=\"https:\/\/vapeenjoy.com\/wp-content\/uploads\/2025\/07\/Bang-Leader-80K.jpg\" alt=\"Bang Leader 80K Puffs 3 en 1 Sabores desechables Vape \" width=\"1279\" height=\"2279\" srcset=\"https:\/\/vapeenjoy.com\/wp-content\/uploads\/2025\/07\/Bang-Leader-80K.jpg 1279w, https:\/\/vapeenjoy.com\/wp-content\/uploads\/2025\/07\/Bang-Leader-80K-150x267.jpg 150w, https:\/\/vapeenjoy.com\/wp-content\/uploads\/2025\/07\/Bang-Leader-80K-1200x2138.jpg 1200w, https:\/\/vapeenjoy.com\/wp-content\/uploads\/2025\/07\/Bang-Leader-80K-168x300.jpg 168w, https:\/\/vapeenjoy.com\/wp-content\/uploads\/2025\/07\/Bang-Leader-80K-575x1024.jpg 575w, https:\/\/vapeenjoy.com\/wp-content\/uploads\/2025\/07\/Bang-Leader-80K-768x1368.jpg 768w, https:\/\/vapeenjoy.com\/wp-content\/uploads\/2025\/07\/Bang-Leader-80K-862x1536.jpg 862w, https:\/\/vapeenjoy.com\/wp-content\/uploads\/2025\/07\/Bang-Leader-80K-1149x2048.jpg 1149w\" sizes=\"(max-width: 1279px) 100vw, 1279px\" \/><\/p>","protected":false},"excerpt":{"rendered":"<p>Bang Leader, una marca de vapeo superior, presenta el 80K desechables de vaporizador desechable con hasta 80 000 bocanadas, un sistema de conmutaci\u00f3n de sabor 3 en 1, 78 ml de e-l\u00edquido en tres c\u00e1psulas de 26 ml, una bater\u00eda de 850 mAh y 12 combinaciones de sabores para un rendimiento confiable.<\/p>","protected":false},"featured_media":82,"comment_status":"open","ping_status":"closed","template":"","meta":[],"product_brand":[16],"product_cat":[17],"product_tag":[64,73,93],"class_list":{"0":"post-64","1":"product","2":"type-product","3":"status-publish","4":"has-post-thumbnail","6":"product_brand-bang-vape","7":"product_cat-80000-puffs-vape","8":"product_tag-0-5-nicotine","9":"product_tag-3-in-1-flavors","10":"product_tag-78ml","12":"first","13":"instock","14":"sale","15":"shipping-taxable","16":"purchasable","17":"product-type-variable"},"yoast_head":"<!-- This site is optimized with the Yoast SEO plugin v25.7 - https:\/\/yoast.com\/wordpress\/plugins\/seo\/ -->\n<title>Bang Leader 80K Puffs 3-in-1 Flavors Disposable Vape 78mL<\/title>\n<meta name=\"description\" content=\"Bang Leader 80K Puffs Disposable Vape: 3-in-1 flavors, 78mL, 0-5% nicotine, Type-C rechargeable. Shop now for bold, long-lasting vaping!\" \/>\n<meta name=\"robots\" content=\"index, follow, max-snippet:-1, max-image-preview:large, max-video-preview:-1\" \/>\n<link rel=\"canonical\" href=\"https:\/\/vapeenjoy.com\/es\/producto\/bang-leader-80k-puffs-3-en-1-sabor-vape\/\" \/>\n<meta property=\"og:locale\" content=\"es_ES\" \/>\n<meta property=\"og:type\" content=\"article\" \/>\n<meta property=\"og:title\" content=\"Bang Leader 80K Puffs 3-in-1 Flavors Disposable Vape 78mL\" \/>\n<meta property=\"og:description\" content=\"Bang Leader 80K Puffs Disposable Vape: 3-in-1 flavors, 78mL, 0-5% nicotine, Type-C rechargeable. Shop now for bold, long-lasting vaping!\" \/>\n<meta property=\"og:url\" content=\"https:\/\/vapeenjoy.com\/es\/producto\/bang-leader-80k-puffs-3-en-1-sabor-vape\/\" \/>\n<meta property=\"og:site_name\" content=\"vapeenjoy\" \/>\n<meta property=\"article:modified_time\" content=\"2025-08-18T08:10:30+00:00\" \/>\n<meta property=\"og:image\" content=\"https:\/\/vapeenjoy.com\/wp-content\/uploads\/2025\/07\/\u5fae\u4fe1\u56fe\u7247_20250516145017.jpg\" \/>\n\t<meta property=\"og:image:width\" content=\"800\" \/>\n\t<meta property=\"og:image:height\" content=\"800\" \/>\n\t<meta property=\"og:image:type\" content=\"image\/jpeg\" \/>\n<meta name=\"twitter:card\" content=\"summary_large_image\" \/>\n<meta name=\"twitter:label1\" content=\"Tiempo de lectura\" \/>\n\t<meta name=\"twitter:data1\" content=\"2 minutos\" \/>\n<script type=\"application\/ld+json\" class=\"yoast-schema-graph\">{\"@context\":\"https:\/\/schema.org\",\"@graph\":[{\"@type\":\"WebPage\",\"@id\":\"https:\/\/vapeenjoy.com\/product\/bang-leader-80k-puffs-3-in-1-flavor-vape\/\",\"url\":\"https:\/\/vapeenjoy.com\/product\/bang-leader-80k-puffs-3-in-1-flavor-vape\/\",\"name\":\"Bang Leader 80K Puffs 3-in-1 Flavors Disposable Vape 78mL\",\"isPartOf\":{\"@id\":\"https:\/\/vapeenjoy.com\/#website\"},\"primaryImageOfPage\":{\"@id\":\"https:\/\/vapeenjoy.com\/product\/bang-leader-80k-puffs-3-in-1-flavor-vape\/#primaryimage\"},\"image\":{\"@id\":\"https:\/\/vapeenjoy.com\/product\/bang-leader-80k-puffs-3-in-1-flavor-vape\/#primaryimage\"},\"thumbnailUrl\":\"https:\/\/vapeenjoy.com\/wp-content\/uploads\/2025\/07\/\u5fae\u4fe1\u56fe\u7247_20250516145017.jpg\",\"datePublished\":\"2025-07-16T06:57:52+00:00\",\"dateModified\":\"2025-08-18T08:10:30+00:00\",\"description\":\"Bang Leader 80K Puffs Disposable Vape: 3-in-1 flavors, 78mL, 0-5% nicotine, Type-C rechargeable. Shop now for bold, long-lasting vaping!\",\"breadcrumb\":{\"@id\":\"https:\/\/vapeenjoy.com\/product\/bang-leader-80k-puffs-3-in-1-flavor-vape\/#breadcrumb\"},\"inLanguage\":\"es\",\"potentialAction\":[{\"@type\":\"ReadAction\",\"target\":[\"https:\/\/vapeenjoy.com\/product\/bang-leader-80k-puffs-3-in-1-flavor-vape\/\"]}]},{\"@type\":\"ImageObject\",\"inLanguage\":\"es\",\"@id\":\"https:\/\/vapeenjoy.com\/product\/bang-leader-80k-puffs-3-in-1-flavor-vape\/#primaryimage\",\"url\":\"https:\/\/vapeenjoy.com\/wp-content\/uploads\/2025\/07\/\u5fae\u4fe1\u56fe\u7247_20250516145017.jpg\",\"contentUrl\":\"https:\/\/vapeenjoy.com\/wp-content\/uploads\/2025\/07\/\u5fae\u4fe1\u56fe\u7247_20250516145017.jpg\",\"width\":800,\"height\":800},{\"@type\":\"BreadcrumbList\",\"@id\":\"https:\/\/vapeenjoy.com\/product\/bang-leader-80k-puffs-3-in-1-flavor-vape\/#breadcrumb\",\"itemListElement\":[{\"@type\":\"ListItem\",\"position\":1,\"name\":\"Home\",\"item\":\"https:\/\/vapeenjoy.com\/\"},{\"@type\":\"ListItem\",\"position\":2,\"name\":\"Shop\",\"item\":\"https:\/\/vapeenjoy.com\/vapeenjoy-shop\/\"},{\"@type\":\"ListItem\",\"position\":3,\"name\":\"Bang Leader 80K Puffs 3-in-1 Flavors Disposable Vape 78mL 0-5% Nicotine Type-C Rechargeable\"}]},{\"@type\":\"WebSite\",\"@id\":\"https:\/\/vapeenjoy.com\/#website\",\"url\":\"https:\/\/vapeenjoy.com\/\",\"name\":\"vapeenjoy\",\"description\":\"An online store for selling vapes\",\"potentialAction\":[{\"@type\":\"SearchAction\",\"target\":{\"@type\":\"EntryPoint\",\"urlTemplate\":\"https:\/\/vapeenjoy.com\/?s={search_term_string}\"},\"query-input\":{\"@type\":\"PropertyValueSpecification\",\"valueRequired\":true,\"valueName\":\"search_term_string\"}}],\"inLanguage\":\"es\"}]}<\/script>\n<!-- \/ Yoast SEO plugin. -->","yoast_head_json":{"title":"Bang Leader 80K Puffs 3 en 1 Sabores Vape desechable 78ml","description":"Bang Leader 80K Puffs Vape desechable: sabores 3 en 1, 78 ml, 0-5% Nicotina, recargable tipo C. \u00a1Compre ahora para vapear audaz y duradero!","robots":{"index":"index","follow":"follow","max-snippet":"max-snippet:-1","max-image-preview":"max-image-preview:large","max-video-preview":"max-video-preview:-1"},"canonical":"https:\/\/vapeenjoy.com\/es\/producto\/bang-leader-80k-puffs-3-en-1-sabor-vape\/","og_locale":"es_ES","og_type":"article","og_title":"Bang Leader 80K Puffs 3-in-1 Flavors Disposable Vape 78mL","og_description":"Bang Leader 80K Puffs Disposable Vape: 3-in-1 flavors, 78mL, 0-5% nicotine, Type-C rechargeable. Shop now for bold, long-lasting vaping!","og_url":"https:\/\/vapeenjoy.com\/es\/producto\/bang-leader-80k-puffs-3-en-1-sabor-vape\/","og_site_name":"vapeenjoy","article_modified_time":"2025-08-18T08:10:30+00:00","og_image":[{"width":800,"height":800,"url":"https:\/\/vapeenjoy.com\/wp-content\/uploads\/2025\/07\/\u5fae\u4fe1\u56fe\u7247_20250516145017.jpg","type":"image\/jpeg"}],"twitter_card":"summary_large_image","twitter_misc":{"Tiempo de lectura":"2 minutos"},"schema":{"@context":"https:\/\/schema.org","@graph":[{"@type":"WebPage","@id":"https:\/\/vapeenjoy.com\/product\/bang-leader-80k-puffs-3-in-1-flavor-vape\/","url":"https:\/\/vapeenjoy.com\/product\/bang-leader-80k-puffs-3-in-1-flavor-vape\/","name":"Bang Leader 80K Puffs 3 en 1 Sabores Vape desechable 78ml","isPartOf":{"@id":"https:\/\/vapeenjoy.com\/#website"},"primaryImageOfPage":{"@id":"https:\/\/vapeenjoy.com\/product\/bang-leader-80k-puffs-3-in-1-flavor-vape\/#primaryimage"},"image":{"@id":"https:\/\/vapeenjoy.com\/product\/bang-leader-80k-puffs-3-in-1-flavor-vape\/#primaryimage"},"thumbnailUrl":"https:\/\/vapeenjoy.com\/wp-content\/uploads\/2025\/07\/\u5fae\u4fe1\u56fe\u7247_20250516145017.jpg","datePublished":"2025-07-16T06:57:52+00:00","dateModified":"2025-08-18T08:10:30+00:00","description":"Bang Leader 80K Puffs Vape desechable: sabores 3 en 1, 78 ml, 0-5% Nicotina, recargable tipo C. \u00a1Compre ahora para vapear audaz y duradero!","breadcrumb":{"@id":"https:\/\/vapeenjoy.com\/product\/bang-leader-80k-puffs-3-in-1-flavor-vape\/#breadcrumb"},"inLanguage":"es","potentialAction":[{"@type":"ReadAction","target":["https:\/\/vapeenjoy.com\/product\/bang-leader-80k-puffs-3-in-1-flavor-vape\/"]}]},{"@type":"ImageObject","inLanguage":"es","@id":"https:\/\/vapeenjoy.com\/product\/bang-leader-80k-puffs-3-in-1-flavor-vape\/#primaryimage","url":"https:\/\/vapeenjoy.com\/wp-content\/uploads\/2025\/07\/\u5fae\u4fe1\u56fe\u7247_20250516145017.jpg","contentUrl":"https:\/\/vapeenjoy.com\/wp-content\/uploads\/2025\/07\/\u5fae\u4fe1\u56fe\u7247_20250516145017.jpg","width":800,"height":800},{"@type":"BreadcrumbList","@id":"https:\/\/vapeenjoy.com\/product\/bang-leader-80k-puffs-3-in-1-flavor-vape\/#breadcrumb","itemListElement":[{"@type":"ListItem","position":1,"name":"Home","item":"https:\/\/vapeenjoy.com\/"},{"@type":"ListItem","position":2,"name":"Shop","item":"https:\/\/vapeenjoy.com\/vapeenjoy-shop\/"},{"@type":"ListItem","position":3,"name":"Bang Leader 80K Puffs 3-in-1 Flavors Disposable Vape 78mL 0-5% Nicotine Type-C Rechargeable"}]},{"@type":"WebSite","@id":"https:\/\/vapeenjoy.com\/#website","url":"https:\/\/vapeenjoy.com\/","name":"vapiar","description":"Una tienda online para vender vapes","potentialAction":[{"@type":"SearchAction","target":{"@type":"EntryPoint","urlTemplate":"https:\/\/vapeenjoy.com\/?s={search_term_string}"},"query-input":{"@type":"PropertyValueSpecification","valueRequired":true,"valueName":"search_term_string"}}],"inLanguage":"es"}]}},"_links":{"self":[{"href":"https:\/\/vapeenjoy.com\/es\/wp-json\/wp\/v2\/product\/64","targetHints":{"allow":["GET"]}}],"collection":[{"href":"https:\/\/vapeenjoy.com\/es\/wp-json\/wp\/v2\/product"}],"about":[{"href":"https:\/\/vapeenjoy.com\/es\/wp-json\/wp\/v2\/types\/product"}],"replies":[{"embeddable":true,"href":"https:\/\/vapeenjoy.com\/es\/wp-json\/wp\/v2\/comments?post=64"}],"version-history":[{"count":4,"href":"https:\/\/vapeenjoy.com\/es\/wp-json\/wp\/v2\/product\/64\/revisions"}],"predecessor-version":[{"id":2330,"href":"https:\/\/vapeenjoy.com\/es\/wp-json\/wp\/v2\/product\/64\/revisions\/2330"}],"wp:featuredmedia":[{"embeddable":true,"href":"https:\/\/vapeenjoy.com\/es\/wp-json\/wp\/v2\/media\/82"}],"wp:attachment":[{"href":"https:\/\/vapeenjoy.com\/es\/wp-json\/wp\/v2\/media?parent=64"}],"wp:term":[{"taxonomy":"product_brand","embeddable":true,"href":"https:\/\/vapeenjoy.com\/es\/wp-json\/wp\/v2\/product_brand?post=64"},{"taxonomy":"product_cat","embeddable":true,"href":"https:\/\/vapeenjoy.com\/es\/wp-json\/wp\/v2\/product_cat?post=64"},{"taxonomy":"product_tag","embeddable":true,"href":"https:\/\/vapeenjoy.com\/es\/wp-json\/wp\/v2\/product_tag?post=64"}],"curies":[{"name":"pp","href":"https:\/\/api.w.org\/{rel}","templated":true}]}}