{"id":650,"date":"2025-07-26T03:39:40","date_gmt":"2025-07-26T03:39:40","guid":{"rendered":"https:\/\/vapeenjoy.com\/?post_type=product&#038;p=650"},"modified":"2025-08-18T08:07:39","modified_gmt":"2025-08-18T08:07:39","slug":"bang-blaze-40k-puffs","status":"publish","type":"product","link":"https:\/\/vapeenjoy.com\/es\/producto\/bang-blaze-40k-bocanadas\/","title":{"rendered":"Bang Blaze 40K Puffs Doble Sabor Vape desechable 40ml 0-5% Nicotina"},"content":{"rendered":"<h2 dir=\"auto\">Bang Blaze 40k Puffs Doble Sabor Vape Desechable Sabor y Conveniencia Ultima<\/h2>\n<p dir=\"auto\">Transici\u00f3n a una experiencia de vapeo superior, la <strong>Bang Blaze 40k Puffs Doble Sabor Vape Desechable<\/strong> From Bang, un l\u00edder de la industria de confianza, ofrece una comodidad y variedad inigualables. Espec\u00edficamente, este innovador dispositivo ofrece una impresionante <strong>40.000 bocanadas<\/strong> y cuenta con un sistema de doble sabor \u00fanico, que permite a los usuarios cambiar sin esfuerzo entre dos gustos distintos. Adem\u00e1s, su elegante y ergon\u00f3mico dise\u00f1o garantiza la portabilidad y el confort, por lo que es ideal tanto para vapers experimentados como para reci\u00e9n llegados. En consecuencia, Bang Blaze ofrece un viaje sabroso y duradero en un solo dispositivo compacto.<\/p>\n<p dir=\"auto\">Para explorar este vape que cambia el juego, visita <a href=\"https:\/\/vapeenjoy.com\/\" target=\"_blank\" rel=\"noopener noreferrer nofollow\">Vapeo Disfrute<\/a> \u00a1Y eleva tu experiencia de vapeo hoy!<\/p>\n<h2 dir=\"auto\">Caracter\u00edsticas clave del Vape Desechable Bang Blaze 40K<\/h2>\n<p dir=\"auto\">Para aquellos que buscan rendimiento y versatilidad, el Bang Blaze 40K destaca con sus especificaciones de vanguardia:<\/p>\n<ul dir=\"auto\">\n<li><strong>Capacidad de la bocanada<\/strong>: hasta <strong>40.000 bocanadas<\/strong> (aproximadamente 20.000 por sabor), asegurando semanas de uso ininterrumpido.<\/li>\n<li><strong>Capacidad de e-l\u00edquido<\/strong>: 40 ml total (20 ml por tanque de sabor), precargado para disfrutar al m\u00e1ximo.<\/li>\n<li><strong>serie<\/strong>: 650mAh recargable con <strong>Carga r\u00e1pida tipo C<\/strong>, recargando completamente en 45-60 minutos.<\/li>\n<li><strong>enroscarse<\/strong>: Bobina de malla doble (1,2 \u03a9), que ofrece un vapor suave y un sabor rico y consistente.<\/li>\n<li><strong>Fuerzas de nicotina<\/strong>: Disponible en 0%, 2%, 3% y 5%, que atiende a diversas preferencias.<\/li>\n<li><strong>sistema de sabores<\/strong>: Interruptor deslizante de doble sabor, que permite transiciones instant\u00e1neas de sabor.<\/li>\n<li><strong>intenci\u00f3n<\/strong>: ergon\u00f3mico y port\u00e1til, perfecto para vapear en movimiento.<\/li>\n<\/ul>\n<p dir=\"auto\">\u00bfListo para experimentar estas caracter\u00edsticas destacadas? En ese caso, echa un vistazo a Bang Blaze 40K en <a href=\"https:\/\/vapeenjoy.com\/\" target=\"_blank\" rel=\"noopener noreferrer nofollow\">Vapeo Disfrute<\/a> Para una selecci\u00f3n premium de vapes desechables.<\/p>\n<h2 dir=\"auto\">20 combinaciones \u00fanicas de doble sabor<\/h2>\n<p dir=\"auto\">Adem\u00e1s, las ofertas de Bang Blaze 40K <strong>20 emocionantes combinaciones de doble sabor<\/strong>, dise\u00f1ado para satisfacer todos los paladares. Por ejemplo, el interruptor deslizante de doble sabor le permite alternar sin problemas entre dos sabores, creando una experiencia de vapeo din\u00e1mico. Aqu\u00ed hay algunas opciones populares:<\/p>\n<ol dir=\"auto\">\n<li><strong>Sand\u00eda \/ Sand\u00eda de Fresa<\/strong>: Juicy Watermelon se mezcla a la perfecci\u00f3n con el dulce de fresa y el mel\u00f3n.<\/li>\n<li><strong>Ar\u00e1ndano Hielo \/ Frambuesa de Ar\u00e1ndano<\/strong>: Los ar\u00e1ndanos fr\u00edos se combinan con una r\u00e1faga de frambuesa \u00e1cida.<\/li>\n<li><strong>Hielo de mango \/ Mango de fresa<\/strong>: Cool Mango combina perfectamente con una mezcla de fresa y mango tropical.<\/li>\n<li><strong>Hielo de pi\u00f1a \/ Coco de pi\u00f1a<\/strong>: La pi\u00f1a helada se fusiona con coco tropical cremoso.<\/li>\n<li><strong>Coca-Cola de cerezas \/ cereza<\/strong>: Bold Cherry se encuentra con la dulzura gaseosa de la cola de cereza.<\/li>\n<li><strong>Menta \/ Menta de Ar\u00e1ndano<\/strong>: La menta fresca complementa una fusi\u00f3n fresca y refrescante de ar\u00e1ndanos y menta.<\/li>\n<li><strong>Hielo de drag\u00f3n negro \/ Red Bull<\/strong>: Fruta de drag\u00f3n negro helado se mezcla con el sabor energizante de Red Bull.<\/li>\n<li><strong>Romance lim\u00f3n \/ Cereza de California<\/strong>: Zesty Lemon combina maravillosamente con Sweet California Cherry.<\/li>\n<\/ol>\n<p dir=\"auto\">Para descubrir las 20 combinaciones de sabores, visite <a href=\"https:\/\/vapeenjoy.com\/\" target=\"_blank\" rel=\"noopener noreferrer nofollow\">Vapeo Disfrute<\/a> \u00a1Y encuentra tu pareja perfecta!<\/p>\n<h2 dir=\"auto\">\u00bfPor qu\u00e9 elegir el Bang Blaze 40k?<\/h2>\n<p dir=\"auto\">Adem\u00e1s de sus impresionantes especificaciones, el Bang Blaze 40K ofrece <strong>Recuento alto de soplos<\/strong>, <strong>Versatilidad de doble sabor<\/strong>y un <strong>bater\u00eda recargable<\/strong>, lo que la convierte en la mejor opci\u00f3n para los vapeadores que buscan valor y variedad. Adem\u00e1s, la bobina de malla dual garantiza golpes consistentes y sabrosos con cada puff. De manera similar, la carga r\u00e1pida tipo C minimiza el tiempo de inactividad, lo que le permite volver al vapeo r\u00e1pidamente. Ya sea que prefieras sabores afrutados, helados o de caramelo, este dispositivo ofrece una experiencia personalizada.<\/p>\n<p dir=\"auto\">Para una soluci\u00f3n de vapeo premium, explore el Bang Blaze 40K en <a href=\"https:\/\/vapeenjoy.com\/\" target=\"_blank\" rel=\"noopener noreferrer nofollow\">Vapeo Disfrute<\/a> hoy<\/p>\n<h2 dir=\"auto\">Preguntas frecuentes<\/h2>\n<h3 dir=\"auto\">1. \u00bfCu\u00e1ntas bocanadas proporciona el bang blaze 40k?<\/h3>\n<p dir=\"auto\">En resumen, el dispositivo ofrece hasta <strong>40.000 bocanadas<\/strong>, con aproximadamente 20.000 bocanadas por tanque de sabor, asegurando un uso duradero.<\/p>\n<h3 dir=\"auto\">2. \u00bfQu\u00e9 es el sistema de interruptor deslizante de doble sabor?<\/h3>\n<p dir=\"auto\">Esencialmente, el interruptor deslizante le permite alternar instant\u00e1neamente entre dos sabores distintos en un dispositivo, ofreciendo una variedad inigualable sin necesidad de m\u00faltiples vapes.<\/p>\n<h3 dir=\"auto\">3. \u00bfEl Bang Blaze 40K es recargable?<\/h3>\n<p dir=\"auto\">Absolutamente, cuenta con un <strong>Bater\u00eda de 650mAh<\/strong> en compa\u00f1\u00eda de <strong>Carga r\u00e1pida tipo C<\/strong>, recargando completamente en unos 45 a 60 minutos.<\/p>\n<h3 dir=\"auto\">4. \u00bfC\u00f3mo elijo el sabor adecuado?<\/h3>\n<p dir=\"auto\">Para empezar, considere sus preferencias de sabor: opciones afrutadas como <strong>sand\u00eda<\/strong> investigaciones operacionales <strong>Hielo de mango<\/strong> adaptarse a aquellos que disfrutan de notas dulces, mientras <strong>sin usar<\/strong> investigaciones operacionales <strong>hielo de ar\u00e1ndanos<\/strong> Ofrece una sensaci\u00f3n m\u00e1s fresca. Por ejemplo, puedes probar un combo de doble sabor en <a href=\"https:\/\/vapeenjoy.com\/\" target=\"_blank\" rel=\"noopener noreferrer nofollow\">Vapeo Disfrute<\/a> para explorar ambos perfiles.<\/p>\n<h3 dir=\"auto\">5. \u00bfQu\u00e9 puntos de nicotina est\u00e1n disponibles?<\/h3>\n<p dir=\"auto\">De hecho, el dispositivo entra <strong>0%, 2%, 3% y 5%<\/strong> Fuerzas de nicotina, atendiendo a una amplia gama de preferencias.<\/p>\n<h3 dir=\"auto\">6. \u00bfC\u00f3mo mejora la bobina de malla dual el vapeo?<\/h3>\n<p dir=\"auto\">En concreto, la <strong>Bobina de malla doble de 1,2 \u03a9<\/strong> Garantiza una producci\u00f3n de vapor suave y un sabor rico y consistente con cada sorteo.<\/p>\n<h3 dir=\"auto\">7 \u00bfSe puede rellenar el Bang Blaze 40k?<\/h3>\n<p dir=\"auto\">Desafortunadamente, no, es un vapeo desechable. Una vez que se agote el e-l\u00edquido de 40 ml (20 ml por sabor), deseche de manera responsable.<\/p>\n<h2 dir=\"auto\">Consigue tu Bang Blaze 40k hoy<\/h2>\n<p><img fetchpriority=\"high\" decoding=\"async\" class=\"alignnone wp-image-653 size-full\" src=\"https:\/\/vapeenjoy.com\/wp-content\/uploads\/2025\/07\/Bang-Blaze-40K-Puffs-Double-Taste-Disposable-Vape-Flavor.jpg\" alt=\"\" width=\"1080\" height=\"1426\" srcset=\"https:\/\/vapeenjoy.com\/wp-content\/uploads\/2025\/07\/Bang-Blaze-40K-Puffs-Double-Taste-Disposable-Vape-Flavor.jpg 1080w, https:\/\/vapeenjoy.com\/wp-content\/uploads\/2025\/07\/Bang-Blaze-40K-Puffs-Double-Taste-Disposable-Vape-Flavor-600x792.jpg 600w, https:\/\/vapeenjoy.com\/wp-content\/uploads\/2025\/07\/Bang-Blaze-40K-Puffs-Double-Taste-Disposable-Vape-Flavor-227x300.jpg 227w, https:\/\/vapeenjoy.com\/wp-content\/uploads\/2025\/07\/Bang-Blaze-40K-Puffs-Double-Taste-Disposable-Vape-Flavor-776x1024.jpg 776w, https:\/\/vapeenjoy.com\/wp-content\/uploads\/2025\/07\/Bang-Blaze-40K-Puffs-Double-Taste-Disposable-Vape-Flavor-768x1014.jpg 768w\" sizes=\"(max-width: 1080px) 100vw, 1080px\" \/><\/p>","protected":false},"excerpt":{"rendered":"<p dir=\"auto\">Bang, un nombre de confianza en el vapeo, presenta el vaporizador desechable de doble sabor de Bang Blaze 40k. Este innovador dispositivo ofrece hasta 40.000 bocanadas con una capacidad de 40 ml de e-l\u00edquido de doble sabor, lo que permite un cambio de sabor sin problemas. Con una bater\u00eda recargable de 650 mAh, carga r\u00e1pida tipo C y bobina de malla doble, ofrece un vapor rica y consistente en un dise\u00f1o port\u00e1til elegante.<\/p>","protected":false},"featured_media":660,"comment_status":"open","ping_status":"closed","template":"","meta":[],"product_brand":[16],"product_cat":[23],"product_tag":[64,77],"class_list":{"0":"post-650","1":"product","2":"type-product","3":"status-publish","4":"has-post-thumbnail","6":"product_brand-bang-vape","7":"product_cat-40000-puffs-vape","8":"product_tag-0-5-nicotine","9":"product_tag-40ml","11":"first","12":"instock","13":"sale","14":"shipping-taxable","15":"purchasable","16":"product-type-variable"},"yoast_head":"<!-- This site is optimized with the Yoast SEO plugin v25.7 - https:\/\/yoast.com\/wordpress\/plugins\/seo\/ -->\n<title>Bang Blaze 40K Puffs Double Taste Disposable Vape 40ml e-liquid<\/title>\n<meta name=\"description\" content=\"Bang Blaze 40K Puffs Disposable Vape: 40mL, 0-5% nicotine, 32 dual flavors, 650mAh battery, Type-C charging. Shop now for a bold vaping experience!\" \/>\n<meta name=\"robots\" content=\"index, follow, max-snippet:-1, max-image-preview:large, max-video-preview:-1\" \/>\n<link rel=\"canonical\" href=\"https:\/\/vapeenjoy.com\/es\/producto\/bang-blaze-40k-bocanadas\/\" \/>\n<meta property=\"og:locale\" content=\"es_ES\" \/>\n<meta property=\"og:type\" content=\"article\" \/>\n<meta property=\"og:title\" content=\"Bang Blaze 40K Puffs Double Taste Disposable Vape 40ml e-liquid\" \/>\n<meta property=\"og:description\" content=\"Bang Blaze 40K Puffs Disposable Vape: 40mL, 0-5% nicotine, 32 dual flavors, 650mAh battery, Type-C charging. Shop now for a bold vaping experience!\" \/>\n<meta property=\"og:url\" content=\"https:\/\/vapeenjoy.com\/es\/producto\/bang-blaze-40k-bocanadas\/\" \/>\n<meta property=\"og:site_name\" content=\"vapeenjoy\" \/>\n<meta property=\"article:modified_time\" content=\"2025-08-18T08:07:39+00:00\" \/>\n<meta property=\"og:image\" content=\"https:\/\/vapeenjoy.com\/wp-content\/uploads\/2025\/07\/bang-blaze-40k-40000-puffs-tropical-fruits-triple-watermelon.webp\" \/>\n\t<meta property=\"og:image:width\" content=\"1920\" \/>\n\t<meta property=\"og:image:height\" content=\"1920\" \/>\n\t<meta property=\"og:image:type\" content=\"image\/webp\" \/>\n<meta name=\"twitter:card\" content=\"summary_large_image\" \/>\n<meta name=\"twitter:label1\" content=\"Tiempo de lectura\" \/>\n\t<meta name=\"twitter:data1\" content=\"4 minutos\" \/>\n<script type=\"application\/ld+json\" class=\"yoast-schema-graph\">{\"@context\":\"https:\/\/schema.org\",\"@graph\":[{\"@type\":\"WebPage\",\"@id\":\"https:\/\/vapeenjoy.com\/product\/bang-blaze-40k-puffs\/\",\"url\":\"https:\/\/vapeenjoy.com\/product\/bang-blaze-40k-puffs\/\",\"name\":\"Bang Blaze 40K Puffs Double Taste Disposable Vape 40ml e-liquid\",\"isPartOf\":{\"@id\":\"https:\/\/vapeenjoy.com\/#website\"},\"primaryImageOfPage\":{\"@id\":\"https:\/\/vapeenjoy.com\/product\/bang-blaze-40k-puffs\/#primaryimage\"},\"image\":{\"@id\":\"https:\/\/vapeenjoy.com\/product\/bang-blaze-40k-puffs\/#primaryimage\"},\"thumbnailUrl\":\"https:\/\/vapeenjoy.com\/wp-content\/uploads\/2025\/07\/bang-blaze-40k-40000-puffs-tropical-fruits-triple-watermelon.webp\",\"datePublished\":\"2025-07-26T03:39:40+00:00\",\"dateModified\":\"2025-08-18T08:07:39+00:00\",\"description\":\"Bang Blaze 40K Puffs Disposable Vape: 40mL, 0-5% nicotine, 32 dual flavors, 650mAh battery, Type-C charging. Shop now for a bold vaping experience!\",\"breadcrumb\":{\"@id\":\"https:\/\/vapeenjoy.com\/product\/bang-blaze-40k-puffs\/#breadcrumb\"},\"inLanguage\":\"es\",\"potentialAction\":[{\"@type\":\"ReadAction\",\"target\":[\"https:\/\/vapeenjoy.com\/product\/bang-blaze-40k-puffs\/\"]}]},{\"@type\":\"ImageObject\",\"inLanguage\":\"es\",\"@id\":\"https:\/\/vapeenjoy.com\/product\/bang-blaze-40k-puffs\/#primaryimage\",\"url\":\"https:\/\/vapeenjoy.com\/wp-content\/uploads\/2025\/07\/bang-blaze-40k-40000-puffs-tropical-fruits-triple-watermelon.webp\",\"contentUrl\":\"https:\/\/vapeenjoy.com\/wp-content\/uploads\/2025\/07\/bang-blaze-40k-40000-puffs-tropical-fruits-triple-watermelon.webp\",\"width\":1920,\"height\":1920},{\"@type\":\"BreadcrumbList\",\"@id\":\"https:\/\/vapeenjoy.com\/product\/bang-blaze-40k-puffs\/#breadcrumb\",\"itemListElement\":[{\"@type\":\"ListItem\",\"position\":1,\"name\":\"Home\",\"item\":\"https:\/\/vapeenjoy.com\/\"},{\"@type\":\"ListItem\",\"position\":2,\"name\":\"Shop\",\"item\":\"https:\/\/vapeenjoy.com\/vapeenjoy-shop\/\"},{\"@type\":\"ListItem\",\"position\":3,\"name\":\"Bang Blaze 40K Puffs Double Taste Disposable Vape 40ml 0-5% Nicotine\"}]},{\"@type\":\"WebSite\",\"@id\":\"https:\/\/vapeenjoy.com\/#website\",\"url\":\"https:\/\/vapeenjoy.com\/\",\"name\":\"vapeenjoy\",\"description\":\"An online store for selling vapes\",\"potentialAction\":[{\"@type\":\"SearchAction\",\"target\":{\"@type\":\"EntryPoint\",\"urlTemplate\":\"https:\/\/vapeenjoy.com\/?s={search_term_string}\"},\"query-input\":{\"@type\":\"PropertyValueSpecification\",\"valueRequired\":true,\"valueName\":\"search_term_string\"}}],\"inLanguage\":\"es\"}]}<\/script>\n<!-- \/ Yoast SEO plugin. -->","yoast_head_json":{"title":"Bang Blaze 40K Puffs Doble Sabor Vape desechable 40ml E-l\u00edquido","description":"Bang Blaze 40K Puffs Vape desechable: 40 ml, 0-5% Nicotina, 32 sabores duales, bater\u00eda de 650 mAh, carga tipo C. \u00a1Compre ahora para una experiencia de vapeo audaz!","robots":{"index":"index","follow":"follow","max-snippet":"max-snippet:-1","max-image-preview":"max-image-preview:large","max-video-preview":"max-video-preview:-1"},"canonical":"https:\/\/vapeenjoy.com\/es\/producto\/bang-blaze-40k-bocanadas\/","og_locale":"es_ES","og_type":"article","og_title":"Bang Blaze 40K Puffs Double Taste Disposable Vape 40ml e-liquid","og_description":"Bang Blaze 40K Puffs Disposable Vape: 40mL, 0-5% nicotine, 32 dual flavors, 650mAh battery, Type-C charging. Shop now for a bold vaping experience!","og_url":"https:\/\/vapeenjoy.com\/es\/producto\/bang-blaze-40k-bocanadas\/","og_site_name":"vapeenjoy","article_modified_time":"2025-08-18T08:07:39+00:00","og_image":[{"width":1920,"height":1920,"url":"https:\/\/vapeenjoy.com\/wp-content\/uploads\/2025\/07\/bang-blaze-40k-40000-puffs-tropical-fruits-triple-watermelon.webp","type":"image\/webp"}],"twitter_card":"summary_large_image","twitter_misc":{"Tiempo de lectura":"4 minutos"},"schema":{"@context":"https:\/\/schema.org","@graph":[{"@type":"WebPage","@id":"https:\/\/vapeenjoy.com\/product\/bang-blaze-40k-puffs\/","url":"https:\/\/vapeenjoy.com\/product\/bang-blaze-40k-puffs\/","name":"Bang Blaze 40K Puffs Doble Sabor Vape desechable 40ml E-l\u00edquido","isPartOf":{"@id":"https:\/\/vapeenjoy.com\/#website"},"primaryImageOfPage":{"@id":"https:\/\/vapeenjoy.com\/product\/bang-blaze-40k-puffs\/#primaryimage"},"image":{"@id":"https:\/\/vapeenjoy.com\/product\/bang-blaze-40k-puffs\/#primaryimage"},"thumbnailUrl":"https:\/\/vapeenjoy.com\/wp-content\/uploads\/2025\/07\/bang-blaze-40k-40000-puffs-tropical-fruits-triple-watermelon.webp","datePublished":"2025-07-26T03:39:40+00:00","dateModified":"2025-08-18T08:07:39+00:00","description":"Bang Blaze 40K Puffs Vape desechable: 40 ml, 0-5% Nicotina, 32 sabores duales, bater\u00eda de 650 mAh, carga tipo C. \u00a1Compre ahora para una experiencia de vapeo audaz!","breadcrumb":{"@id":"https:\/\/vapeenjoy.com\/product\/bang-blaze-40k-puffs\/#breadcrumb"},"inLanguage":"es","potentialAction":[{"@type":"ReadAction","target":["https:\/\/vapeenjoy.com\/product\/bang-blaze-40k-puffs\/"]}]},{"@type":"ImageObject","inLanguage":"es","@id":"https:\/\/vapeenjoy.com\/product\/bang-blaze-40k-puffs\/#primaryimage","url":"https:\/\/vapeenjoy.com\/wp-content\/uploads\/2025\/07\/bang-blaze-40k-40000-puffs-tropical-fruits-triple-watermelon.webp","contentUrl":"https:\/\/vapeenjoy.com\/wp-content\/uploads\/2025\/07\/bang-blaze-40k-40000-puffs-tropical-fruits-triple-watermelon.webp","width":1920,"height":1920},{"@type":"BreadcrumbList","@id":"https:\/\/vapeenjoy.com\/product\/bang-blaze-40k-puffs\/#breadcrumb","itemListElement":[{"@type":"ListItem","position":1,"name":"Home","item":"https:\/\/vapeenjoy.com\/"},{"@type":"ListItem","position":2,"name":"Shop","item":"https:\/\/vapeenjoy.com\/vapeenjoy-shop\/"},{"@type":"ListItem","position":3,"name":"Bang Blaze 40K Puffs Double Taste Disposable Vape 40ml 0-5% Nicotine"}]},{"@type":"WebSite","@id":"https:\/\/vapeenjoy.com\/#website","url":"https:\/\/vapeenjoy.com\/","name":"vapiar","description":"Una tienda online para vender vapes","potentialAction":[{"@type":"SearchAction","target":{"@type":"EntryPoint","urlTemplate":"https:\/\/vapeenjoy.com\/?s={search_term_string}"},"query-input":{"@type":"PropertyValueSpecification","valueRequired":true,"valueName":"search_term_string"}}],"inLanguage":"es"}]}},"_links":{"self":[{"href":"https:\/\/vapeenjoy.com\/es\/wp-json\/wp\/v2\/product\/650","targetHints":{"allow":["GET"]}}],"collection":[{"href":"https:\/\/vapeenjoy.com\/es\/wp-json\/wp\/v2\/product"}],"about":[{"href":"https:\/\/vapeenjoy.com\/es\/wp-json\/wp\/v2\/types\/product"}],"replies":[{"embeddable":true,"href":"https:\/\/vapeenjoy.com\/es\/wp-json\/wp\/v2\/comments?post=650"}],"version-history":[{"count":4,"href":"https:\/\/vapeenjoy.com\/es\/wp-json\/wp\/v2\/product\/650\/revisions"}],"predecessor-version":[{"id":2317,"href":"https:\/\/vapeenjoy.com\/es\/wp-json\/wp\/v2\/product\/650\/revisions\/2317"}],"wp:featuredmedia":[{"embeddable":true,"href":"https:\/\/vapeenjoy.com\/es\/wp-json\/wp\/v2\/media\/660"}],"wp:attachment":[{"href":"https:\/\/vapeenjoy.com\/es\/wp-json\/wp\/v2\/media?parent=650"}],"wp:term":[{"taxonomy":"product_brand","embeddable":true,"href":"https:\/\/vapeenjoy.com\/es\/wp-json\/wp\/v2\/product_brand?post=650"},{"taxonomy":"product_cat","embeddable":true,"href":"https:\/\/vapeenjoy.com\/es\/wp-json\/wp\/v2\/product_cat?post=650"},{"taxonomy":"product_tag","embeddable":true,"href":"https:\/\/vapeenjoy.com\/es\/wp-json\/wp\/v2\/product_tag?post=650"}],"curies":[{"name":"pp","href":"https:\/\/api.w.org\/{rel}","templated":true}]}}