{"id":84,"date":"2025-07-17T01:53:19","date_gmt":"2025-07-17T01:53:19","guid":{"rendered":"https:\/\/vapeenjoy.com\/?post_type=product&#038;p=84"},"modified":"2025-09-17T04:01:54","modified_gmt":"2025-09-17T04:01:54","slug":"bang-king-triple-75k-puffs-3-in-1-flavor-vape-45ml-0-5-nicotine-type-c-rechargeable","status":"publish","type":"product","link":"https:\/\/vapeenjoy.com\/es\/producto\/bang-king-triple-75k-puffs-3-en-1-sabor-vape-45ml-0-5-nicotina-tipo-c-recargable\/","title":{"rendered":"Bang King Triple 75K Puffs 3-en-1 Sabores Vape desechable 45ml 0-5% Recargable de nicotina tipo C"},"content":{"rendered":"<h2 dir=\"ltr\" data-pm-slice=\"1 3 []\">Descripci\u00f3n revisada del producto para Bang King Triple 75K Puffs Vape desechable<\/h2>\n<p dir=\"ltr\">Bang King, un nombre de confianza en el vapeo, ofrece calidad e innovaci\u00f3n. El Vape Desechable Bang King Triple 75K ofrece una soluci\u00f3n conveniente y de alta capacidad. Su elegante dise\u00f1o incluye bordes lisos, un acabado vibrante y una pantalla LED para monitorizaci\u00f3n en tiempo real. Adem\u00e1s, es ergon\u00f3mico y visualmente atractivo, lo que lo hace ideal para el uso diario.<\/p>\n<h2 dir=\"ltr\">Bang King Triple 75k Puffs Vape desechable Especificaciones<\/h2>\n<ul class=\"tight\" dir=\"ltr\" data-tight=\"true\">\n<li>\n<p dir=\"ltr\"><strong>Recuento de soplos<\/strong>: Hasta 75.000 bocanadas para uso prolongado.<\/p>\n<\/li>\n<li>\n<p dir=\"ltr\"><strong>E-l\u00edquido<\/strong>: 45 ml en tres vainas de 15 ml.<\/p>\n<\/li>\n<li>\n<p dir=\"ltr\"><strong>serie<\/strong>: 650mAh, recargable a trav\u00e9s de Tipo-C.<\/p>\n<\/li>\n<li>\n<p dir=\"ltr\"><strong>nicotina<\/strong>: 0%, 2%, 3% o 5%.<\/p>\n<\/li>\n<li>\n<p dir=\"ltr\"><strong>enroscarse<\/strong>: Malla triple para un rico sabor y vapor.<\/p>\n<\/li>\n<li>\n<p dir=\"ltr\"><strong>saharas<\/strong>: Sistema ajustable 3 en 1 para variedad.<\/p>\n<\/li>\n<li>\n<p dir=\"ltr\"><strong>activaci\u00f3n<\/strong>: Dibujar autom\u00e1ticamente para un uso f\u00e1cil y sin botones.<\/p>\n<\/li>\n<li>\n<p dir=\"ltr\"><strong>muestra<\/strong>: LED Muestra los niveles de bater\u00eda y e-l\u00edquido.<\/p>\n<\/li>\n<li>\n<p dir=\"ltr\"><strong>carga<\/strong>: Tipo-C para recarga r\u00e1pida.<\/p>\n<\/li>\n<\/ul>\n<h2 dir=\"ltr\">Combinaciones de sabores<\/h2>\n<p dir=\"ltr\">Explora 16 tr\u00edos de sabor \u00fanicos:<\/p>\n<ol class=\"tight\" dir=\"ltr\" data-tight=\"true\">\n<li>\n<p dir=\"ltr\">Sand\u00eda \/ Red Bull \/ Kiwi de Fresa<\/p>\n<\/li>\n<li>\n<p dir=\"ltr\">Lima Lim\u00f3n \/ Sand\u00eda de Fresa \/ Hielo de Ar\u00e1ndano<\/p>\n<\/li>\n<li>\n<p dir=\"ltr\">Fresa Banana \/ Frambuesa Sand\u00eda \/ Limonada Rosa<\/p>\n<\/li>\n<li>\n<p dir=\"ltr\">Azul Razz Cherry \/ Cool Mint \/ Melocot\u00f3n Mango<\/p>\n<\/li>\n<li>\n<p dir=\"ltr\">Fruta Tropical \/ Sand\u00eda de Fresa \/ Melocot\u00f3n de Lim\u00f3n<\/p>\n<\/li>\n<li>\n<p dir=\"ltr\">Pi\u00f1a Coco \/ Fresa Banana \/ Azul Razz<\/p>\n<\/li>\n<li>\n<p dir=\"ltr\">Sand\u00eda de Fresa \/ Triple Mel\u00f3n \/ Fresa Hielo<\/p>\n<\/li>\n<li>\n<p dir=\"ltr\">Fruta mixta \/ Melocot\u00f3n de mango \/ Hielo de uva<\/p>\n<\/li>\n<li>\n<p dir=\"ltr\">Coca-Cola de Vainilla de Fresa \/ Hielo de Melocot\u00f3n \/ Hielo de Drag\u00f3n Negro<\/p>\n<\/li>\n<li>\n<p dir=\"ltr\">Hielo exuberante \/ guayaba de fruta de la pasi\u00f3n kiwi \/ mango de fresa<\/p>\n<\/li>\n<li>\n<p dir=\"ltr\">sand\u00eda de fresa \/ sand\u00eda \/ azul razz<\/p>\n<\/li>\n<li>\n<p dir=\"ltr\">Baya Limonada \/ Fresa Red Bull \/ Fresa Pompa<\/p>\n<\/li>\n<li>\n<p dir=\"ltr\">Manzana doble \/ Fusi\u00f3n afrutada \/ Pi\u00f1a<\/p>\n<\/li>\n<li>\n<p dir=\"ltr\">Cola Ice \/ Mr Blue \/ Cola de cereza<\/p>\n<\/li>\n<li>\n<p dir=\"ltr\">Dona de fresa \/ Hielo de pl\u00e1tano \/ Amor 66<\/p>\n<\/li>\n<li>\n<p dir=\"ltr\">Hielo t\u00e9 de lim\u00f3n hielo \/ mango sobre hielo \/ hielo lichi<\/p>\n<\/li>\n<\/ol>\n<h2 dir=\"ltr\">Preguntas frecuentes<\/h2>\n<ol dir=\"ltr\">\n<li>\n<p dir=\"ltr\"><strong>\u00bfC\u00f3mo cambio de sabores?<\/strong><br \/>\nDeslice el selector de sabor para elegir una c\u00e1psula. En consecuencia, los sabores se mantienen puros sin mezclar.<\/p>\n<\/li>\n<li>\n<p dir=\"ltr\"><strong>\u00bfPor qu\u00e9 usar una bobina de malla triple?<\/strong><br \/>\nLa bobina mejora el sabor y el vapor, asegurando una experiencia suave y rica.<\/p>\n<\/li>\n<li>\n<p dir=\"ltr\"><strong>\u00bfCu\u00e1ndo debo recargar?<\/strong><br \/>\nLa pantalla LED muestra los niveles de bater\u00eda, avis\u00e1ndole de recargar a trav\u00e9s de Type-C.<\/p>\n<\/li>\n<li>\n<p dir=\"ltr\"><strong>\u00bfC\u00f3mo elijo un sabor?<\/strong><br \/>\nPara notas dulces, pruebe la sand\u00eda de fresa. Para refresco, elija Cool Mint. Alternativamente, la coca cola de vainilla de fresa ofrece un sabor \u00fanico.<\/p>\n<\/li>\n<li>\n<p dir=\"ltr\"><strong>\u00bfEs adecuado para usuarios no nicotina?<\/strong><br \/>\nS\u00ed, la opci\u00f3n de nicotina 0% se adapta al vapeo sin nicotina.<\/p>\n<\/li>\n<li>\n<p dir=\"ltr\"><strong>\u00bfCu\u00e1nto dura una c\u00e1psula?<\/strong><br \/>\nCada pod de 15 ml entrega alrededor de 25.000 bocanadas, dependiendo del uso.<\/p>\n<\/li>\n<li>\n<p dir=\"ltr\"><strong>\u00bfPuedo vapear mientras se carga?<\/strong><br \/>\nPor seguridad, evite usar el dispositivo durante la carga para mantener el rendimiento de la bater\u00eda.<\/p>\n<\/li>\n<\/ol>\n<p>&nbsp;<\/p>\n<p><img fetchpriority=\"high\" decoding=\"async\" class=\"alignnone wp-image-90 size-full\" src=\"https:\/\/vapeenjoy.com\/wp-content\/uploads\/2025\/07\/WPS\u56fe\u72471-\u62f7\u8d1d-2.png\" alt=\"Bang King Triple 75K Puffs 3 en 1 Sabores de vape desechables \" width=\"1080\" height=\"720\" srcset=\"https:\/\/vapeenjoy.com\/wp-content\/uploads\/2025\/07\/WPS\u56fe\u72471-\u62f7\u8d1d-2.png 1080w, https:\/\/vapeenjoy.com\/wp-content\/uploads\/2025\/07\/WPS\u56fe\u72471-\u62f7\u8d1d-2-150x100.png 150w, https:\/\/vapeenjoy.com\/wp-content\/uploads\/2025\/07\/WPS\u56fe\u72471-\u62f7\u8d1d-2-600x400.png 600w, https:\/\/vapeenjoy.com\/wp-content\/uploads\/2025\/07\/WPS\u56fe\u72471-\u62f7\u8d1d-2-300x200.png 300w, https:\/\/vapeenjoy.com\/wp-content\/uploads\/2025\/07\/WPS\u56fe\u72471-\u62f7\u8d1d-2-1024x683.png 1024w, https:\/\/vapeenjoy.com\/wp-content\/uploads\/2025\/07\/WPS\u56fe\u72471-\u62f7\u8d1d-2-768x512.png 768w\" sizes=\"(max-width: 1080px) 100vw, 1080px\" \/><\/p>","protected":false},"excerpt":{"rendered":"<p>Bang King, l\u00edder en vapeo, presenta el vapeo desechable de 75k triples. Disfrute de 75.000 bocanadas, 45 ml de e-l\u00edquido con tres c\u00e1psulas de 15 ml, una bater\u00eda recargable de 650 mAh y una bobina de malla triple para sabores audaces. Cambia entre 16 combinaciones de sabores con facilidad.<\/p>","protected":false},"featured_media":89,"comment_status":"open","ping_status":"closed","template":"","meta":[],"product_brand":[16],"product_cat":[20],"product_tag":[64,73,94],"class_list":{"0":"post-84","1":"product","2":"type-product","3":"status-publish","4":"has-post-thumbnail","6":"product_brand-bang-vape","7":"product_cat-75k-puffs-vape","8":"product_tag-0-5-nicotine","9":"product_tag-3-in-1-flavors","10":"product_tag-45ml","12":"first","13":"outofstock","14":"sale","15":"shipping-taxable","16":"purchasable","17":"product-type-variable"},"yoast_head":"<!-- This site is optimized with the Yoast SEO plugin v25.7 - https:\/\/yoast.com\/wordpress\/plugins\/seo\/ -->\n<title>Bang King Triple 75K Puffs 3-in-1 Flavors Disposable Vape 45ml<\/title>\n<meta name=\"description\" content=\"Get the Bang King Triple 75K Puffs Disposable Vape with 45mL e-liquid, 0-5% nicotine, and Type-C charging. Enjoy 3-in-1 flavors. Buy now!\" \/>\n<meta name=\"robots\" content=\"index, follow, max-snippet:-1, max-image-preview:large, max-video-preview:-1\" \/>\n<link rel=\"canonical\" href=\"https:\/\/vapeenjoy.com\/es\/producto\/bang-king-triple-75k-puffs-3-en-1-sabor-vape-45ml-0-5-nicotina-tipo-c-recargable\/\" \/>\n<meta property=\"og:locale\" content=\"es_ES\" \/>\n<meta property=\"og:type\" content=\"article\" \/>\n<meta property=\"og:title\" content=\"Bang King Triple 75K Puffs 3-in-1 Flavors Disposable Vape 45ml\" \/>\n<meta property=\"og:description\" content=\"Get the Bang King Triple 75K Puffs Disposable Vape with 45mL e-liquid, 0-5% nicotine, and Type-C charging. Enjoy 3-in-1 flavors. Buy now!\" \/>\n<meta property=\"og:url\" content=\"https:\/\/vapeenjoy.com\/es\/producto\/bang-king-triple-75k-puffs-3-en-1-sabor-vape-45ml-0-5-nicotina-tipo-c-recargable\/\" \/>\n<meta property=\"og:site_name\" content=\"vapeenjoy\" \/>\n<meta property=\"article:modified_time\" content=\"2025-09-17T04:01:54+00:00\" \/>\n<meta property=\"og:image\" content=\"https:\/\/vapeenjoy.com\/wp-content\/uploads\/2025\/07\/\u4e3b\u56fe.png\" \/>\n\t<meta property=\"og:image:width\" content=\"800\" \/>\n\t<meta property=\"og:image:height\" content=\"800\" \/>\n\t<meta property=\"og:image:type\" content=\"image\/png\" \/>\n<meta name=\"twitter:card\" content=\"summary_large_image\" \/>\n<meta name=\"twitter:label1\" content=\"Tiempo de lectura\" \/>\n\t<meta name=\"twitter:data1\" content=\"3 minutos\" \/>\n<script type=\"application\/ld+json\" class=\"yoast-schema-graph\">{\"@context\":\"https:\/\/schema.org\",\"@graph\":[{\"@type\":\"WebPage\",\"@id\":\"https:\/\/vapeenjoy.com\/product\/bang-king-triple-75k-puffs-3-in-1-flavor-vape-45ml-0-5-nicotine-type-c-rechargeable\/\",\"url\":\"https:\/\/vapeenjoy.com\/product\/bang-king-triple-75k-puffs-3-in-1-flavor-vape-45ml-0-5-nicotine-type-c-rechargeable\/\",\"name\":\"Bang King Triple 75K Puffs 3-in-1 Flavors Disposable Vape 45ml\",\"isPartOf\":{\"@id\":\"https:\/\/vapeenjoy.com\/#website\"},\"primaryImageOfPage\":{\"@id\":\"https:\/\/vapeenjoy.com\/product\/bang-king-triple-75k-puffs-3-in-1-flavor-vape-45ml-0-5-nicotine-type-c-rechargeable\/#primaryimage\"},\"image\":{\"@id\":\"https:\/\/vapeenjoy.com\/product\/bang-king-triple-75k-puffs-3-in-1-flavor-vape-45ml-0-5-nicotine-type-c-rechargeable\/#primaryimage\"},\"thumbnailUrl\":\"https:\/\/vapeenjoy.com\/wp-content\/uploads\/2025\/07\/\u4e3b\u56fe.png\",\"datePublished\":\"2025-07-17T01:53:19+00:00\",\"dateModified\":\"2025-09-17T04:01:54+00:00\",\"description\":\"Get the Bang King Triple 75K Puffs Disposable Vape with 45mL e-liquid, 0-5% nicotine, and Type-C charging. Enjoy 3-in-1 flavors. Buy now!\",\"breadcrumb\":{\"@id\":\"https:\/\/vapeenjoy.com\/product\/bang-king-triple-75k-puffs-3-in-1-flavor-vape-45ml-0-5-nicotine-type-c-rechargeable\/#breadcrumb\"},\"inLanguage\":\"es\",\"potentialAction\":[{\"@type\":\"ReadAction\",\"target\":[\"https:\/\/vapeenjoy.com\/product\/bang-king-triple-75k-puffs-3-in-1-flavor-vape-45ml-0-5-nicotine-type-c-rechargeable\/\"]}]},{\"@type\":\"ImageObject\",\"inLanguage\":\"es\",\"@id\":\"https:\/\/vapeenjoy.com\/product\/bang-king-triple-75k-puffs-3-in-1-flavor-vape-45ml-0-5-nicotine-type-c-rechargeable\/#primaryimage\",\"url\":\"https:\/\/vapeenjoy.com\/wp-content\/uploads\/2025\/07\/\u4e3b\u56fe.png\",\"contentUrl\":\"https:\/\/vapeenjoy.com\/wp-content\/uploads\/2025\/07\/\u4e3b\u56fe.png\",\"width\":800,\"height\":800},{\"@type\":\"BreadcrumbList\",\"@id\":\"https:\/\/vapeenjoy.com\/product\/bang-king-triple-75k-puffs-3-in-1-flavor-vape-45ml-0-5-nicotine-type-c-rechargeable\/#breadcrumb\",\"itemListElement\":[{\"@type\":\"ListItem\",\"position\":1,\"name\":\"Home\",\"item\":\"https:\/\/vapeenjoy.com\/\"},{\"@type\":\"ListItem\",\"position\":2,\"name\":\"Shop\",\"item\":\"https:\/\/vapeenjoy.com\/vapeenjoy-shop\/\"},{\"@type\":\"ListItem\",\"position\":3,\"name\":\"Bang King Triple 75K Puffs 3-in-1 Flavors Disposable Vape 45ml 0-5% Nicotine Type-C Rechargeable\"}]},{\"@type\":\"WebSite\",\"@id\":\"https:\/\/vapeenjoy.com\/#website\",\"url\":\"https:\/\/vapeenjoy.com\/\",\"name\":\"vapeenjoy\",\"description\":\"An online store for selling vapes\",\"potentialAction\":[{\"@type\":\"SearchAction\",\"target\":{\"@type\":\"EntryPoint\",\"urlTemplate\":\"https:\/\/vapeenjoy.com\/?s={search_term_string}\"},\"query-input\":{\"@type\":\"PropertyValueSpecification\",\"valueRequired\":true,\"valueName\":\"search_term_string\"}}],\"inLanguage\":\"es\"}]}<\/script>\n<!-- \/ Yoast SEO plugin. -->","yoast_head_json":{"title":"Bang King Triple 75K Puffs 3 en 1 Sabores Vape desechable 45ml","description":"Consigue el Vape desechable Bang King Triple 75K con 45ml de e-l\u00edquido, 0-5% de nicotina y carga tipo C. Disfruta de sabores 3 en 1. \u00a1Compre ahora!","robots":{"index":"index","follow":"follow","max-snippet":"max-snippet:-1","max-image-preview":"max-image-preview:large","max-video-preview":"max-video-preview:-1"},"canonical":"https:\/\/vapeenjoy.com\/es\/producto\/bang-king-triple-75k-puffs-3-en-1-sabor-vape-45ml-0-5-nicotina-tipo-c-recargable\/","og_locale":"es_ES","og_type":"article","og_title":"Bang King Triple 75K Puffs 3-in-1 Flavors Disposable Vape 45ml","og_description":"Get the Bang King Triple 75K Puffs Disposable Vape with 45mL e-liquid, 0-5% nicotine, and Type-C charging. Enjoy 3-in-1 flavors. Buy now!","og_url":"https:\/\/vapeenjoy.com\/es\/producto\/bang-king-triple-75k-puffs-3-en-1-sabor-vape-45ml-0-5-nicotina-tipo-c-recargable\/","og_site_name":"vapeenjoy","article_modified_time":"2025-09-17T04:01:54+00:00","og_image":[{"width":800,"height":800,"url":"https:\/\/vapeenjoy.com\/wp-content\/uploads\/2025\/07\/\u4e3b\u56fe.png","type":"image\/png"}],"twitter_card":"summary_large_image","twitter_misc":{"Tiempo de lectura":"3 minutos"},"schema":{"@context":"https:\/\/schema.org","@graph":[{"@type":"WebPage","@id":"https:\/\/vapeenjoy.com\/product\/bang-king-triple-75k-puffs-3-in-1-flavor-vape-45ml-0-5-nicotine-type-c-rechargeable\/","url":"https:\/\/vapeenjoy.com\/product\/bang-king-triple-75k-puffs-3-in-1-flavor-vape-45ml-0-5-nicotine-type-c-rechargeable\/","name":"Bang King Triple 75K Puffs 3 en 1 Sabores Vape desechable 45ml","isPartOf":{"@id":"https:\/\/vapeenjoy.com\/#website"},"primaryImageOfPage":{"@id":"https:\/\/vapeenjoy.com\/product\/bang-king-triple-75k-puffs-3-in-1-flavor-vape-45ml-0-5-nicotine-type-c-rechargeable\/#primaryimage"},"image":{"@id":"https:\/\/vapeenjoy.com\/product\/bang-king-triple-75k-puffs-3-in-1-flavor-vape-45ml-0-5-nicotine-type-c-rechargeable\/#primaryimage"},"thumbnailUrl":"https:\/\/vapeenjoy.com\/wp-content\/uploads\/2025\/07\/\u4e3b\u56fe.png","datePublished":"2025-07-17T01:53:19+00:00","dateModified":"2025-09-17T04:01:54+00:00","description":"Consigue el Vape desechable Bang King Triple 75K con 45ml de e-l\u00edquido, 0-5% de nicotina y carga tipo C. Disfruta de sabores 3 en 1. \u00a1Compre ahora!","breadcrumb":{"@id":"https:\/\/vapeenjoy.com\/product\/bang-king-triple-75k-puffs-3-in-1-flavor-vape-45ml-0-5-nicotine-type-c-rechargeable\/#breadcrumb"},"inLanguage":"es","potentialAction":[{"@type":"ReadAction","target":["https:\/\/vapeenjoy.com\/product\/bang-king-triple-75k-puffs-3-in-1-flavor-vape-45ml-0-5-nicotine-type-c-rechargeable\/"]}]},{"@type":"ImageObject","inLanguage":"es","@id":"https:\/\/vapeenjoy.com\/product\/bang-king-triple-75k-puffs-3-in-1-flavor-vape-45ml-0-5-nicotine-type-c-rechargeable\/#primaryimage","url":"https:\/\/vapeenjoy.com\/wp-content\/uploads\/2025\/07\/\u4e3b\u56fe.png","contentUrl":"https:\/\/vapeenjoy.com\/wp-content\/uploads\/2025\/07\/\u4e3b\u56fe.png","width":800,"height":800},{"@type":"BreadcrumbList","@id":"https:\/\/vapeenjoy.com\/product\/bang-king-triple-75k-puffs-3-in-1-flavor-vape-45ml-0-5-nicotine-type-c-rechargeable\/#breadcrumb","itemListElement":[{"@type":"ListItem","position":1,"name":"Home","item":"https:\/\/vapeenjoy.com\/"},{"@type":"ListItem","position":2,"name":"Shop","item":"https:\/\/vapeenjoy.com\/vapeenjoy-shop\/"},{"@type":"ListItem","position":3,"name":"Bang King Triple 75K Puffs 3-in-1 Flavors Disposable Vape 45ml 0-5% Nicotine Type-C Rechargeable"}]},{"@type":"WebSite","@id":"https:\/\/vapeenjoy.com\/#website","url":"https:\/\/vapeenjoy.com\/","name":"vapiar","description":"Una tienda online para vender vapes","potentialAction":[{"@type":"SearchAction","target":{"@type":"EntryPoint","urlTemplate":"https:\/\/vapeenjoy.com\/?s={search_term_string}"},"query-input":{"@type":"PropertyValueSpecification","valueRequired":true,"valueName":"search_term_string"}}],"inLanguage":"es"}]}},"_links":{"self":[{"href":"https:\/\/vapeenjoy.com\/es\/wp-json\/wp\/v2\/product\/84","targetHints":{"allow":["GET"]}}],"collection":[{"href":"https:\/\/vapeenjoy.com\/es\/wp-json\/wp\/v2\/product"}],"about":[{"href":"https:\/\/vapeenjoy.com\/es\/wp-json\/wp\/v2\/types\/product"}],"replies":[{"embeddable":true,"href":"https:\/\/vapeenjoy.com\/es\/wp-json\/wp\/v2\/comments?post=84"}],"version-history":[{"count":4,"href":"https:\/\/vapeenjoy.com\/es\/wp-json\/wp\/v2\/product\/84\/revisions"}],"predecessor-version":[{"id":2329,"href":"https:\/\/vapeenjoy.com\/es\/wp-json\/wp\/v2\/product\/84\/revisions\/2329"}],"wp:featuredmedia":[{"embeddable":true,"href":"https:\/\/vapeenjoy.com\/es\/wp-json\/wp\/v2\/media\/89"}],"wp:attachment":[{"href":"https:\/\/vapeenjoy.com\/es\/wp-json\/wp\/v2\/media?parent=84"}],"wp:term":[{"taxonomy":"product_brand","embeddable":true,"href":"https:\/\/vapeenjoy.com\/es\/wp-json\/wp\/v2\/product_brand?post=84"},{"taxonomy":"product_cat","embeddable":true,"href":"https:\/\/vapeenjoy.com\/es\/wp-json\/wp\/v2\/product_cat?post=84"},{"taxonomy":"product_tag","embeddable":true,"href":"https:\/\/vapeenjoy.com\/es\/wp-json\/wp\/v2\/product_tag?post=84"}],"curies":[{"name":"pp","href":"https:\/\/api.w.org\/{rel}","templated":true}]}}