{"id":11,"date":"2025-07-16T06:46:06","date_gmt":"2025-07-16T06:46:06","guid":{"rendered":"https:\/\/vapeenjoy.com\/?page_id=11"},"modified":"2025-08-26T08:30:12","modified_gmt":"2025-08-26T08:30:12","slug":"conditions-of-transport","status":"publish","type":"page","link":"https:\/\/vapeenjoy.com\/fr\/conditions-de-transport\/","title":{"rendered":"Conditions de transport"},"content":{"rendered":"<div data-elementor-type=\"wp-page\" data-elementor-id=\"11\" class=\"elementor elementor-11\">\n\t\t\t\t<div class=\"wd-negative-gap elementor-element elementor-element-69cb6f19 e-flex e-con-boxed e-con e-parent\" data-id=\"69cb6f19\" data-element_type=\"container\">\n\t\t\t\t\t<div class=\"e-con-inner\">\n\t\t\t\t<div class=\"elementor-element elementor-element-51a6e90a color-scheme-inherit text-left elementor-widget elementor-widget-text-editor\" data-id=\"51a6e90a\" data-element_type=\"widget\" data-widget_type=\"text-editor.default\">\n\t\t\t\t\t\t\t\t\t\n<h2>VapeEnjoy Conditions de transport<\/h2>\n<h2>1. Traitement et exp\u00e9dition des commandes<\/h2>\n<ul>\n<li>Les commandes sont trait\u00e9es et exp\u00e9di\u00e9es dans un d\u00e9lai de 1 \u00e0 3\u00a0jours ouvrables.<\/li>\n<li>La livraison prend g\u00e9n\u00e9ralement entre 7 et 15\u00a0jours ouvrables.<\/li>\n<li>Veuillez noter que les commandes ne sont pas exp\u00e9di\u00e9es le week-end.<\/li>\n<\/ul>\n<h2>2. Suivi des exp\u00e9ditions<\/h2>\n<ul>\n<li>Une fois votre commande exp\u00e9di\u00e9e, vous recevrez un num\u00e9ro de suivi par e-mail.<\/li>\n<li>Vous pouvez suivre votre envoi en utilisant le num\u00e9ro de suivi fourni <a href=\"https:\/\/www.17track.net\/\">17Track.net<\/a>.<\/li>\n<li>Les informations de suivi peuvent prendre 1 \u00e0 2 jours pour \u00eatre mises \u00e0 jour sur le site Web.<\/li>\n<\/ul>\n<h2>3. Changements de commande<\/h2>\n<ul>\n<li>Vous pouvez annuler votre commande ou mettre \u00e0 jour l'adresse de livraison \u00e0 tout moment avant l'exp\u00e9dition de la commande.<\/li>\n<li>Une fois qu'une commande a \u00e9t\u00e9 exp\u00e9di\u00e9e, les remboursements ou les modifications d'adresse ne sont plus possibles.<\/li>\n<li>La livraison gratuite est disponible pour les commandes aux \u00c9tats-Unis et en Australie.<\/li>\n<\/ul>\n<h2>4. M\u00e9thodes et t\u00e2ches d'exp\u00e9dition<\/h2>\n<p>Pour certains pays, nous proposons des frais de livraison pay\u00e9s (DDP) livr\u00e9s, ce qui signifie que vous n'aurez pas de frais de d\u00e9douanement. Ces pays et leurs m\u00e9thodes d'exp\u00e9dition correspondantes sont les suivants :<\/p>\n<ul>\n<li><strong>\u00c9tats-Unis<\/strong>: UPS Express (\u00e0 l'exclusion de l'Alaska et d'Hawa\u00ef)<\/li>\n<li><strong>Royaume-Uni<\/strong>: Express DPD local<\/li>\n<li><strong>Europe<\/strong>: UPS Express, DPD Express ou DHL Express<\/li>\n<li><strong>Pays europ\u00e9ens \u00e9ligibles au DDP<\/strong>: Allemagne, Belgique, Luxembourg, Pays-Bas, R\u00e9publique tch\u00e8que, Pologne, Croatie, Slovaquie, Slov\u00e9nie, Finlande, Danemark, Su\u00e8de, Autriche, France, Italie, Hongrie, Bulgarie, Lituanie, Estonie, Gr\u00e8ce, Irlande, Portugal, Espagne<\/li>\n<\/ul>\n<h2>5. D\u00e9lai d'exp\u00e9dition par pays<\/h2>\n<p>Voici les m\u00e9thodes d'exp\u00e9dition et les d\u00e9lais de livraison estim\u00e9s pour certains pays :<\/p>\n<table>\n<thead>\n<tr>\n<th>patrie<\/th>\n<th>m\u00e9thode d'exp\u00e9dition<\/th>\n<th>D\u00e9lai de livraison estim\u00e9<\/th>\n<\/tr>\n<\/thead>\n<tbody>\n<tr>\n<td>\u00c9tats-Unis<\/td>\n<td>Terrain UPS local<\/td>\n<td>10 \u00e0 15 jours<\/td>\n<\/tr>\n<tr>\n<td>Royaume-Uni<\/td>\n<td>Express DPD local<\/td>\n<td>7 \u00e0 12 jours<\/td>\n<\/tr>\n<tr>\n<td>Allemagne<\/td>\n<td>UPS\/DPD\/DHL Allemagne<\/td>\n<td>8 \u00e0 15 jours<\/td>\n<\/tr>\n<tr>\n<td>France<\/td>\n<td>UPS\/DPD\/DHL Allemagne<\/td>\n<td>10 \u00e0 15 jours<\/td>\n<\/tr>\n<tr>\n<td>Belgique<\/td>\n<td>UPS\/DPD\/DHL Allemagne<\/td>\n<td>10 \u00e0 15 jours<\/td>\n<\/tr>\n<tr>\n<td>Luxembourg<\/td>\n<td>UPS\/DPD\/DHL Allemagne<\/td>\n<td>10 \u00e0 15 jours<\/td>\n<\/tr>\n<tr>\n<td>Pays-Bas<\/td>\n<td>UPS\/DPD\/DHL Allemagne<\/td>\n<td>10 \u00e0 15 jours<\/td>\n<\/tr>\n<tr>\n<td>R\u00e9publique tch\u00e8que<\/td>\n<td>UPS\/DPD\/DHL Allemagne<\/td>\n<td>10 \u00e0 15 jours<\/td>\n<\/tr>\n<tr>\n<td>Pologne<\/td>\n<td>UPS\/DPD\/DHL Allemagne<\/td>\n<td>10 \u00e0 15 jours<\/td>\n<\/tr>\n<tr>\n<td>Croatie<\/td>\n<td>UPS\/DPD\/DHL Allemagne<\/td>\n<td>10 \u00e0 15 jours<\/td>\n<\/tr>\n<tr>\n<td>Slovaquie<\/td>\n<td>UPS\/DPD\/DHL Allemagne<\/td>\n<td>10 \u00e0 15 jours<\/td>\n<\/tr>\n<tr>\n<td>Slov\u00e9nie<\/td>\n<td>UPS\/DPD\/DHL Allemagne<\/td>\n<td>10 \u00e0 15 jours<\/td>\n<\/tr>\n<tr>\n<td>Finlande<\/td>\n<td>UPS\/DPD\/DHL Allemagne<\/td>\n<td>10 \u00e0 15 jours<\/td>\n<\/tr>\n<tr>\n<td>Danemark<\/td>\n<td>UPS\/DPD\/DHL Allemagne<\/td>\n<td>10 \u00e0 15 jours<\/td>\n<\/tr>\n<tr>\n<td>Su\u00e8de<\/td>\n<td>UPS\/DPD\/DHL Allemagne<\/td>\n<td>10 \u00e0 15 jours<\/td>\n<\/tr>\n<tr>\n<td>Autriche<\/td>\n<td>UPS\/DPD\/DHL Allemagne<\/td>\n<td>10 \u00e0 15 jours<\/td>\n<\/tr>\n<tr>\n<td>Italie<\/td>\n<td>UPS\/DPD\/DHL Allemagne<\/td>\n<td>10 \u00e0 15 jours<\/td>\n<\/tr>\n<tr>\n<td>Hongrie<\/td>\n<td>UPS\/DPD\/DHL Allemagne<\/td>\n<td>10 \u00e0 15 jours<\/td>\n<\/tr>\n<tr>\n<td>Lituanie<\/td>\n<td>UPS\/DPD\/DHL Allemagne<\/td>\n<td>10 \u00e0 15 jours<\/td>\n<\/tr>\n<tr>\n<td>Estonie<\/td>\n<td>UPS\/DPD\/DHL Allemagne<\/td>\n<td>10 \u00e0 15 jours<\/td>\n<\/tr>\n<tr>\n<td>Lettonie<\/td>\n<td>UPS\/DPD\/DHL Allemagne<\/td>\n<td>10 \u00e0 15 jours<\/td>\n<\/tr>\n<tr>\n<td>Gr\u00e8ce<\/td>\n<td>UPS\/DPD\/DHL Allemagne<\/td>\n<td>10 \u00e0 15 jours<\/td>\n<\/tr>\n<tr>\n<td>Irlande<\/td>\n<td>UPS\/DPD\/DHL Allemagne<\/td>\n<td>10 \u00e0 15 jours<\/td>\n<\/tr>\n<tr>\n<td>Portugal<\/td>\n<td>UPS\/DPD\/DHL Allemagne<\/td>\n<td>10 \u00e0 15 jours<\/td>\n<\/tr>\n<tr>\n<td>Espagne<\/td>\n<td>UPS\/DPD\/DHL Allemagne<\/td>\n<td>10 \u00e0 15 jours<\/td>\n<\/tr>\n<tr>\n<td>\u00c9mirats arabes unis (Duba\u00ef)<\/td>\n<td>Ligne d\u00e9di\u00e9e \u00e0 Dub<\/td>\n<td>12 \u00e0 18 jours<\/td>\n<\/tr>\n<tr>\n<td>Afrique du Sud<\/td>\n<td>Ligne d\u00e9di\u00e9e en Afrique du Sud<\/td>\n<td>15 \u00e0 25 jours<\/td>\n<\/tr>\n<tr>\n<td>Vietnam<\/td>\n<td>Ligne d\u00e9di\u00e9e au Viet<\/td>\n<td>3 \u00e0 5 jours<\/td>\n<\/tr>\n<tr>\n<td>Malaisie occidentale<\/td>\n<td>Ligne d\u00e9di\u00e9e en Malais<\/td>\n<td>4 \u00e0 8 jours<\/td>\n<\/tr>\n<\/tbody>\n<\/table>\n<h2>6. Douanes et droits<\/h2>\n<ul>\n<li>Pour les pays non r\u00e9pertori\u00e9s ci-dessus, les colis peuvent n\u00e9cessiter un d\u00e9douanement et le paiement des droits applicables \u00e0 l'arriv\u00e9e.<\/li>\n<li>Veuillez contacter votre autorit\u00e9 douani\u00e8re locale pour obtenir des informations sur les taxes applicables.<\/li>\n<li>Les douanes peuvent \u00e9galement exiger une licence commerciale pour le d\u00e9douanement.<\/li>\n<\/ul>\n<p>VapeEnjoy s'engage \u00e0 fournir des services d'exp\u00e9dition efficaces et transparents. Pour toute question ou assistance suppl\u00e9mentaire, n'h\u00e9sitez pas \u00e0 contacter notre \u00e9quipe de support client.<\/p>\n\t\t\t\t\t\t\t\t<\/div>\n\t\t\t\t\t<\/div>\n\t\t\t\t<\/div>\n\t\t\t\t<\/div>","protected":false},"excerpt":{"rendered":"<p>Vapeenjoy Conditions of Transport 1. Order Processing and Shipping Orders are processed and shipped within 1\u20133 business days. Delivery typically<\/p>","protected":false},"author":1,"featured_media":0,"parent":0,"menu_order":0,"comment_status":"closed","ping_status":"closed","template":"","meta":{"footnotes":""},"class_list":["post-11","page","type-page","status-publish","hentry"],"yoast_head":"<!-- This site is optimized with the Yoast SEO plugin v25.7 - https:\/\/yoast.com\/wordpress\/plugins\/seo\/ -->\n<title>VapeEnjoy Conditions of Transport | Shipping Terms &amp; Policies<\/title>\n<meta name=\"description\" content=\"Explore VapeEnjoy&#039;s Conditions of Transport. Learn our shipping terms, delivery policies, and customer duties for a smooth vape experience.\" \/>\n<meta name=\"robots\" content=\"index, follow, max-snippet:-1, max-image-preview:large, max-video-preview:-1\" \/>\n<link rel=\"canonical\" href=\"https:\/\/vapeenjoy.com\/fr\/conditions-de-transport\/\" \/>\n<meta property=\"og:locale\" content=\"fr_FR\" \/>\n<meta property=\"og:type\" content=\"article\" \/>\n<meta property=\"og:title\" content=\"VapeEnjoy Conditions of Transport | Shipping Terms &amp; Policies\" \/>\n<meta property=\"og:description\" content=\"Explore VapeEnjoy&#039;s Conditions of Transport. Learn our shipping terms, delivery policies, and customer duties for a smooth vape experience.\" \/>\n<meta property=\"og:url\" content=\"https:\/\/vapeenjoy.com\/fr\/conditions-de-transport\/\" \/>\n<meta property=\"og:site_name\" content=\"vapeenjoy\" \/>\n<meta property=\"article:modified_time\" content=\"2025-08-26T08:30:12+00:00\" \/>\n<meta name=\"twitter:card\" content=\"summary_large_image\" \/>\n<meta name=\"twitter:label1\" content=\"Dur\u00e9e de lecture estim\u00e9e\" \/>\n\t<meta name=\"twitter:data1\" content=\"2 minutes\" \/>\n<script type=\"application\/ld+json\" class=\"yoast-schema-graph\">{\"@context\":\"https:\/\/schema.org\",\"@graph\":[{\"@type\":\"WebPage\",\"@id\":\"https:\/\/vapeenjoy.com\/conditions-of-transport\/\",\"url\":\"https:\/\/vapeenjoy.com\/conditions-of-transport\/\",\"name\":\"VapeEnjoy Conditions of Transport | Shipping Terms & Policies\",\"isPartOf\":{\"@id\":\"https:\/\/vapeenjoy.com\/#website\"},\"datePublished\":\"2025-07-16T06:46:06+00:00\",\"dateModified\":\"2025-08-26T08:30:12+00:00\",\"description\":\"Explore VapeEnjoy's Conditions of Transport. Learn our shipping terms, delivery policies, and customer duties for a smooth vape experience.\",\"breadcrumb\":{\"@id\":\"https:\/\/vapeenjoy.com\/conditions-of-transport\/#breadcrumb\"},\"inLanguage\":\"fr-FR\",\"potentialAction\":[{\"@type\":\"ReadAction\",\"target\":[\"https:\/\/vapeenjoy.com\/conditions-of-transport\/\"]}]},{\"@type\":\"BreadcrumbList\",\"@id\":\"https:\/\/vapeenjoy.com\/conditions-of-transport\/#breadcrumb\",\"itemListElement\":[{\"@type\":\"ListItem\",\"position\":1,\"name\":\"Home\",\"item\":\"https:\/\/vapeenjoy.com\/\"},{\"@type\":\"ListItem\",\"position\":2,\"name\":\"Conditions of Transport\"}]},{\"@type\":\"WebSite\",\"@id\":\"https:\/\/vapeenjoy.com\/#website\",\"url\":\"https:\/\/vapeenjoy.com\/\",\"name\":\"vapeenjoy\",\"description\":\"An online store for selling vapes\",\"potentialAction\":[{\"@type\":\"SearchAction\",\"target\":{\"@type\":\"EntryPoint\",\"urlTemplate\":\"https:\/\/vapeenjoy.com\/?s={search_term_string}\"},\"query-input\":{\"@type\":\"PropertyValueSpecification\",\"valueRequired\":true,\"valueName\":\"search_term_string\"}}],\"inLanguage\":\"fr-FR\"}]}<\/script>\n<!-- \/ Yoast SEO plugin. -->","yoast_head_json":{"title":"VapeEnjoy Conditions de transport | Conditions d'exp\u00e9dition et politiques","description":"D\u00e9couvrez les conditions de transport de VapeEnjoy. D\u00e9couvrez nos conditions d'exp\u00e9dition, nos politiques de livraison et nos t\u00e2ches client pour une exp\u00e9rience de vape sans heurt.","robots":{"index":"index","follow":"follow","max-snippet":"max-snippet:-1","max-image-preview":"max-image-preview:large","max-video-preview":"max-video-preview:-1"},"canonical":"https:\/\/vapeenjoy.com\/fr\/conditions-de-transport\/","og_locale":"fr_FR","og_type":"article","og_title":"VapeEnjoy Conditions of Transport | Shipping Terms & Policies","og_description":"Explore VapeEnjoy's Conditions of Transport. Learn our shipping terms, delivery policies, and customer duties for a smooth vape experience.","og_url":"https:\/\/vapeenjoy.com\/fr\/conditions-de-transport\/","og_site_name":"vapeenjoy","article_modified_time":"2025-08-26T08:30:12+00:00","twitter_card":"summary_large_image","twitter_misc":{"Dur\u00e9e de lecture estim\u00e9e":"2 minutes"},"schema":{"@context":"https:\/\/schema.org","@graph":[{"@type":"WebPage","@id":"https:\/\/vapeenjoy.com\/conditions-of-transport\/","url":"https:\/\/vapeenjoy.com\/conditions-of-transport\/","name":"VapeEnjoy Conditions de transport | Conditions d'exp\u00e9dition et politiques","isPartOf":{"@id":"https:\/\/vapeenjoy.com\/#website"},"datePublished":"2025-07-16T06:46:06+00:00","dateModified":"2025-08-26T08:30:12+00:00","description":"D\u00e9couvrez les conditions de transport de VapeEnjoy. D\u00e9couvrez nos conditions d'exp\u00e9dition, nos politiques de livraison et nos t\u00e2ches client pour une exp\u00e9rience de vape sans heurt.","breadcrumb":{"@id":"https:\/\/vapeenjoy.com\/conditions-of-transport\/#breadcrumb"},"inLanguage":"fr-FR","potentialAction":[{"@type":"ReadAction","target":["https:\/\/vapeenjoy.com\/conditions-of-transport\/"]}]},{"@type":"BreadcrumbList","@id":"https:\/\/vapeenjoy.com\/conditions-of-transport\/#breadcrumb","itemListElement":[{"@type":"ListItem","position":1,"name":"Home","item":"https:\/\/vapeenjoy.com\/"},{"@type":"ListItem","position":2,"name":"Conditions of Transport"}]},{"@type":"WebSite","@id":"https:\/\/vapeenjoy.com\/#website","url":"https:\/\/vapeenjoy.com\/","name":"VapeEnjoy","description":"Une boutique en ligne pour la vente de vapoteurs","potentialAction":[{"@type":"SearchAction","target":{"@type":"EntryPoint","urlTemplate":"https:\/\/vapeenjoy.com\/?s={search_term_string}"},"query-input":{"@type":"PropertyValueSpecification","valueRequired":true,"valueName":"search_term_string"}}],"inLanguage":"fr-FR"}]}},"_links":{"self":[{"href":"https:\/\/vapeenjoy.com\/fr\/wp-json\/wp\/v2\/pages\/11","targetHints":{"allow":["GET"]}}],"collection":[{"href":"https:\/\/vapeenjoy.com\/fr\/wp-json\/wp\/v2\/pages"}],"about":[{"href":"https:\/\/vapeenjoy.com\/fr\/wp-json\/wp\/v2\/types\/page"}],"author":[{"embeddable":true,"href":"https:\/\/vapeenjoy.com\/fr\/wp-json\/wp\/v2\/users\/1"}],"replies":[{"embeddable":true,"href":"https:\/\/vapeenjoy.com\/fr\/wp-json\/wp\/v2\/comments?post=11"}],"version-history":[{"count":17,"href":"https:\/\/vapeenjoy.com\/fr\/wp-json\/wp\/v2\/pages\/11\/revisions"}],"predecessor-version":[{"id":3138,"href":"https:\/\/vapeenjoy.com\/fr\/wp-json\/wp\/v2\/pages\/11\/revisions\/3138"}],"wp:attachment":[{"href":"https:\/\/vapeenjoy.com\/fr\/wp-json\/wp\/v2\/media?parent=11"}],"curies":[{"name":"WP","href":"https:\/\/api.w.org\/{rel}","templated":true}]}}