{"id":1506,"date":"2023-04-20T11:46:53","date_gmt":"2023-04-20T11:46:53","guid":{"rendered":"https:\/\/dummy.xtemos.com\/woodmart2\/furniture2-elementor\/?page_id=25"},"modified":"2025-08-14T01:58:34","modified_gmt":"2025-08-14T01:58:34","slug":"age-policy","status":"publish","type":"page","link":"https:\/\/vapeenjoy.com\/fr\/politique-dage\/","title":{"rendered":"Politique d'\u00e2ge"},"content":{"rendered":"<div data-elementor-type=\"wp-page\" data-elementor-id=\"1506\" class=\"elementor elementor-1506\">\n\t\t\t\t<div class=\"wd-negative-gap elementor-element elementor-element-f16dbad wd-collapsible-content e-flex e-con-boxed e-con e-parent\" data-id=\"f16dbad\" data-element_type=\"container\">\n\t\t\t\t\t<div class=\"e-con-inner\">\n\t\t\t\t<div class=\"elementor-element elementor-element-45edd54 elementor-widget elementor-widget-wd_button\" data-id=\"45edd54\" data-element_type=\"widget\" data-widget_type=\"wd_button.default\">\n\t\t\t\t<div class=\"elementor-widget-container\">\n\t\t\t\t\t\t\t<div class=\"wd-button-wrapper text-left wd-collapsible-button\" >\n\t\t\t<a class=\"btn btn-style-link btn-shape- btn-size-default btn-color-primary btn-icon-pos-right\"  href=\"#\">\n\t\t\t\t<span class=\"wd-btn-text\" data-elementor-setting-key=\"text\">\n\t\t\t\t\tEn savoir plus\t\t\t\t<\/span>\n\n\t\t\t\t\t\t\t<\/a>\n\t\t<\/div>\n\t\t\t\t\t\t<\/div>\n\t\t\t\t<\/div>\n\t\t\t\t\t<\/div>\n\t\t\t\t<\/div>\n\t\t<div class=\"wd-negative-gap elementor-element elementor-element-835dab8 e-flex e-con-boxed e-con e-parent\" data-id=\"835dab8\" data-element_type=\"container\">\n\t\t\t\t\t<div class=\"e-con-inner\">\n\t\t\t\t<div class=\"elementor-element elementor-element-fd8112a color-scheme-inherit text-left elementor-widget elementor-widget-text-editor\" data-id=\"fd8112a\" data-element_type=\"widget\" data-widget_type=\"text-editor.default\">\n\t\t\t\t\t\t\t\t\t<h3 dir=\"auto\">Politique d'\u00e2ge de VapeEnjoy : assurer la conformit\u00e9 et l'utilisation responsable de la vape<\/h3><p dir=\"auto\">Chez VapeEnjoy, nous accordons la priorit\u00e9 \u00e0 l'utilisation responsable de la vape et suivons strictement les r\u00e9glementations am\u00e9ricaines. Notre politique d'\u00e2ge solide garantit que seuls les clients \u00e9ligibles ach\u00e8tent des produits de cigarette \u00e9lectronique sur notre plateforme. Ci-dessous, nous d\u00e9taillons nos politiques et proc\u00e9dures pour garantir la conformit\u00e9 et emp\u00eacher l'acc\u00e8s aux mineurs.<\/p><h4 dir=\"auto\">Exigence en mati\u00e8re d'\u00e2ge l\u00e9gal pour l'utilisation de la va<\/h4><p dir=\"auto\">VapeEnjoy exige que les clients aient au moins 21\u00a0ans pour acheter des produits de cigarette \u00e9lectronique, conform\u00e9ment aux r\u00e9glementations f\u00e9d\u00e9rales et \u00e9tatiques am\u00e9ricaines. Cette restriction d'\u00e2ge nous garantit que nous nous conformons aux lois r\u00e9gissant la vente de produits vape.<\/p><h4 dir=\"auto\">Interdiction stricte de la falsification de l'\u00e2ge<\/h4><p dir=\"auto\">La falsification de l'\u00e2ge des informations pour acheter des produits vape est ill\u00e9gale et a de graves cons\u00e9quences juridiques. Par cons\u00e9quent, VapeEnjoy applique activement des mesures strictes pour bloquer les achats frauduleux et prot\u00e9ger l'int\u00e9grit\u00e9 de notre plate-forme.<\/p><h4 dir=\"auto\">Pas d'achat pour les mineurs<\/h4><p dir=\"auto\">VapeEEnjoy interdit l'achat de produits Vape pour ou au nom de toute personne de moins de 21\u00a0ans. De telles actions violent notre politique et peuvent d\u00e9clencher des r\u00e9percussions l\u00e9gales. Nous restons d\u00e9termin\u00e9s \u00e0 garantir que seuls les clients \u00e9ligibles acc\u00e8dent \u00e0 nos produits.<\/p><h4 dir=\"auto\">Processus de v\u00e9rification de l'\u00e2ge<\/h4><p dir=\"auto\">VapeEnjoy utilise un syst\u00e8me de v\u00e9rification d'\u00e2ge s\u00e9curis\u00e9 et fiable pour confirmer l'admissibilit\u00e9 du client. Lors du paiement, les clients doivent soumettre :<\/p><ul dir=\"auto\"><li>nom complet<\/li><li>adresser<\/li><li>date de naissance<\/li><li>Les quatre derniers chiffres de leur num\u00e9ro de s\u00e9curit\u00e9 sociale (SSN)<\/li><\/ul><p dir=\"auto\">Nous recoupons ces informations avec les archives publiques pour v\u00e9rifier l'\u00e2ge. Si les clients ne fournissent pas de SSN, ils doivent t\u00e9l\u00e9charger une pi\u00e8ce d'identit\u00e9 valide \u00e9mise par le gouvernement. En cons\u00e9quence, notre syst\u00e8me garantit que les achats complets des personnes de 21\u00a0ans et plus sont uniquement disponibles.<\/p><h4 dir=\"auto\">Rejet de commande pour non-conformit\u00e9<\/h4><p dir=\"auto\">VapeEnjoy se r\u00e9serve le droit de refuser ou d'annuler les commandes si les clients ne fournissent pas rapidement une identification valide. Cette politique nous permet de respecter les restrictions d'\u00e2ge strictes et de prot\u00e9ger notre plateforme contre une utilisation abusive.<\/p><h4 dir=\"auto\">Engagement \u00e0 emp\u00eacher l'acc\u00e8s des jeunes<\/h4><p dir=\"auto\">VapeEEnjoy emp\u00eache activement l'acc\u00e8s des mineurs aux produits vape. Notre processus de v\u00e9rification de l'\u00e2ge rigoureux garantit que les mineurs ne peuvent pas acheter de cigarettes \u00e9lectroniques. Par cons\u00e9quent, nous nous alignons sur notre mission de promouvoir une utilisation responsable de la vape.<\/p><h4 dir=\"auto\">Droit de refuser le service<\/h4><p dir=\"auto\">En raison de la complexit\u00e9 des ventes de vape en ligne, VapeEnjoy peut refuser le service aux particuliers. Si vous pensez que nous avons injustement refus\u00e9 votre service, veuillez contacter notre service client\u00e8le pour obtenir de l'aide. Nous sommes l\u00e0 pour r\u00e9pondre \u00e0 vos pr\u00e9occupations rapidement.<\/p><h4 dir=\"auto\">Effacer le site Web d'<\/h4><p dir=\"auto\">VapeEjoy affiche en bonne place un avertissement sur notre site Web, indiquant que l'\u00e2ge l\u00e9gal de la vape aux \u00c9tats-Unis est de 21 ans et plus. Cet avis garantit que tous les visiteurs comprennent l'\u00e2ge requis avant d'essayer d'acheter des produits de cigarettes \u00e9lectroniques.<\/p><h4 dir=\"auto\">Notre engagement envers une utilisation responsable de la vape<\/h4><p dir=\"auto\">La politique d'\u00e2ge de VapeEnjoy vise \u00e0 :<\/p><ul dir=\"auto\"><li>Se conformer aux lois am\u00e9ricaines sur la vape<\/li><li>Encourager les pratiques de vapotage responsables<\/li><li>Emp\u00eacher les mineurs d'acc\u00e9der \u00e0 des produits restreints<\/li><\/ul><p dir=\"auto\">En appliquant ces mesures, nous cr\u00e9ons un environnement s\u00fbr et conforme \u00e0 tous les clients. De plus, nous respectons les normes d'int\u00e9grit\u00e9 les plus \u00e9lev\u00e9es pour favoriser la confiance et la responsabilit\u00e9 dans la communaut\u00e9 Vape.<\/p>\t\t\t\t\t\t\t\t<\/div>\n\t\t\t\t\t<\/div>\n\t\t\t\t<\/div>\n\t\t\t\t<\/div>","protected":false},"excerpt":{"rendered":"<p>Read More Vapeenjoy Age Policy: Ensuring Compliance and Responsible Vape Use At Vapeenjoy, we prioritize responsible vape use and strictly<\/p>","protected":false},"author":1,"featured_media":0,"parent":0,"menu_order":0,"comment_status":"closed","ping_status":"closed","template":"","meta":{"footnotes":""},"class_list":["post-1506","page","type-page","status-publish","hentry"],"yoast_head":"<!-- This site is optimized with the Yoast SEO plugin v25.7 - https:\/\/yoast.com\/wordpress\/plugins\/seo\/ -->\n<title>Age Policy - vapeenjoy Vape Age Restriction Policy - Legal Compliance<\/title>\n<meta name=\"description\" content=\"Learn about our vape age policy. We strictly adhere to legal age requirements to ensure compliance and safe shopping. Learn more now!\" \/>\n<meta name=\"robots\" content=\"index, follow, max-snippet:-1, max-image-preview:large, max-video-preview:-1\" \/>\n<link rel=\"canonical\" href=\"https:\/\/vapeenjoy.com\/fr\/politique-dage\/\" \/>\n<meta property=\"og:locale\" content=\"fr_FR\" \/>\n<meta property=\"og:type\" content=\"article\" \/>\n<meta property=\"og:title\" content=\"Age Policy - vapeenjoy Vape Age Restriction Policy - Legal Compliance\" \/>\n<meta property=\"og:description\" content=\"Learn about our vape age policy. We strictly adhere to legal age requirements to ensure compliance and safe shopping. Learn more now!\" \/>\n<meta property=\"og:url\" content=\"https:\/\/vapeenjoy.com\/fr\/politique-dage\/\" \/>\n<meta property=\"og:site_name\" content=\"vapeenjoy\" \/>\n<meta property=\"article:modified_time\" content=\"2025-08-14T01:58:34+00:00\" \/>\n<meta name=\"twitter:card\" content=\"summary_large_image\" \/>\n<meta name=\"twitter:label1\" content=\"Dur\u00e9e de lecture estim\u00e9e\" \/>\n\t<meta name=\"twitter:data1\" content=\"1 minute\" \/>\n<script type=\"application\/ld+json\" class=\"yoast-schema-graph\">{\"@context\":\"https:\/\/schema.org\",\"@graph\":[{\"@type\":\"WebPage\",\"@id\":\"https:\/\/vapeenjoy.com\/age-policy\/\",\"url\":\"https:\/\/vapeenjoy.com\/age-policy\/\",\"name\":\"Age Policy - vapeenjoy Vape Age Restriction Policy - Legal Compliance\",\"isPartOf\":{\"@id\":\"https:\/\/vapeenjoy.com\/#website\"},\"datePublished\":\"2023-04-20T11:46:53+00:00\",\"dateModified\":\"2025-08-14T01:58:34+00:00\",\"description\":\"Learn about our vape age policy. We strictly adhere to legal age requirements to ensure compliance and safe shopping. Learn more now!\",\"breadcrumb\":{\"@id\":\"https:\/\/vapeenjoy.com\/age-policy\/#breadcrumb\"},\"inLanguage\":\"fr-FR\",\"potentialAction\":[{\"@type\":\"ReadAction\",\"target\":[\"https:\/\/vapeenjoy.com\/age-policy\/\"]}]},{\"@type\":\"BreadcrumbList\",\"@id\":\"https:\/\/vapeenjoy.com\/age-policy\/#breadcrumb\",\"itemListElement\":[{\"@type\":\"ListItem\",\"position\":1,\"name\":\"Home\",\"item\":\"https:\/\/vapeenjoy.com\/\"},{\"@type\":\"ListItem\",\"position\":2,\"name\":\"Age Policy\"}]},{\"@type\":\"WebSite\",\"@id\":\"https:\/\/vapeenjoy.com\/#website\",\"url\":\"https:\/\/vapeenjoy.com\/\",\"name\":\"vapeenjoy\",\"description\":\"An online store for selling vapes\",\"potentialAction\":[{\"@type\":\"SearchAction\",\"target\":{\"@type\":\"EntryPoint\",\"urlTemplate\":\"https:\/\/vapeenjoy.com\/?s={search_term_string}\"},\"query-input\":{\"@type\":\"PropertyValueSpecification\",\"valueRequired\":true,\"valueName\":\"search_term_string\"}}],\"inLanguage\":\"fr-FR\"}]}<\/script>\n<!-- \/ Yoast SEO plugin. -->","yoast_head_json":{"title":"Politique d'\u00e2ge - VapeEnjoy Vapeur Politique de restriction d'\u00e2ge - Conformit\u00e9 l\u00e9gale","description":"D\u00e9couvrez notre politique sur l'\u00e2ge de la vape. Nous adh\u00e9rons strictement aux exigences d'\u00e2ge l\u00e9gal pour assurer la conformit\u00e9 et la s\u00e9curit\u00e9 des achats. En savoir plus maintenant\u00a0!","robots":{"index":"index","follow":"follow","max-snippet":"max-snippet:-1","max-image-preview":"max-image-preview:large","max-video-preview":"max-video-preview:-1"},"canonical":"https:\/\/vapeenjoy.com\/fr\/politique-dage\/","og_locale":"fr_FR","og_type":"article","og_title":"Age Policy - vapeenjoy Vape Age Restriction Policy - Legal Compliance","og_description":"Learn about our vape age policy. We strictly adhere to legal age requirements to ensure compliance and safe shopping. Learn more now!","og_url":"https:\/\/vapeenjoy.com\/fr\/politique-dage\/","og_site_name":"vapeenjoy","article_modified_time":"2025-08-14T01:58:34+00:00","twitter_card":"summary_large_image","twitter_misc":{"Dur\u00e9e de lecture estim\u00e9e":"1 minute"},"schema":{"@context":"https:\/\/schema.org","@graph":[{"@type":"WebPage","@id":"https:\/\/vapeenjoy.com\/age-policy\/","url":"https:\/\/vapeenjoy.com\/age-policy\/","name":"Politique d'\u00e2ge - VapeEnjoy Vapeur Politique de restriction d'\u00e2ge - Conformit\u00e9 l\u00e9gale","isPartOf":{"@id":"https:\/\/vapeenjoy.com\/#website"},"datePublished":"2023-04-20T11:46:53+00:00","dateModified":"2025-08-14T01:58:34+00:00","description":"D\u00e9couvrez notre politique sur l'\u00e2ge de la vape. Nous adh\u00e9rons strictement aux exigences d'\u00e2ge l\u00e9gal pour assurer la conformit\u00e9 et la s\u00e9curit\u00e9 des achats. En savoir plus maintenant\u00a0!","breadcrumb":{"@id":"https:\/\/vapeenjoy.com\/age-policy\/#breadcrumb"},"inLanguage":"fr-FR","potentialAction":[{"@type":"ReadAction","target":["https:\/\/vapeenjoy.com\/age-policy\/"]}]},{"@type":"BreadcrumbList","@id":"https:\/\/vapeenjoy.com\/age-policy\/#breadcrumb","itemListElement":[{"@type":"ListItem","position":1,"name":"Home","item":"https:\/\/vapeenjoy.com\/"},{"@type":"ListItem","position":2,"name":"Age Policy"}]},{"@type":"WebSite","@id":"https:\/\/vapeenjoy.com\/#website","url":"https:\/\/vapeenjoy.com\/","name":"VapeEnjoy","description":"Une boutique en ligne pour la vente de vapoteurs","potentialAction":[{"@type":"SearchAction","target":{"@type":"EntryPoint","urlTemplate":"https:\/\/vapeenjoy.com\/?s={search_term_string}"},"query-input":{"@type":"PropertyValueSpecification","valueRequired":true,"valueName":"search_term_string"}}],"inLanguage":"fr-FR"}]}},"_links":{"self":[{"href":"https:\/\/vapeenjoy.com\/fr\/wp-json\/wp\/v2\/pages\/1506","targetHints":{"allow":["GET"]}}],"collection":[{"href":"https:\/\/vapeenjoy.com\/fr\/wp-json\/wp\/v2\/pages"}],"about":[{"href":"https:\/\/vapeenjoy.com\/fr\/wp-json\/wp\/v2\/types\/page"}],"author":[{"embeddable":true,"href":"https:\/\/vapeenjoy.com\/fr\/wp-json\/wp\/v2\/users\/1"}],"replies":[{"embeddable":true,"href":"https:\/\/vapeenjoy.com\/fr\/wp-json\/wp\/v2\/comments?post=1506"}],"version-history":[{"count":12,"href":"https:\/\/vapeenjoy.com\/fr\/wp-json\/wp\/v2\/pages\/1506\/revisions"}],"predecessor-version":[{"id":3139,"href":"https:\/\/vapeenjoy.com\/fr\/wp-json\/wp\/v2\/pages\/1506\/revisions\/3139"}],"wp:attachment":[{"href":"https:\/\/vapeenjoy.com\/fr\/wp-json\/wp\/v2\/media?parent=1506"}],"curies":[{"name":"WP","href":"https:\/\/api.w.org\/{rel}","templated":true}]}}