{"id":1507,"date":"2023-04-20T11:47:06","date_gmt":"2023-04-20T11:47:06","guid":{"rendered":"https:\/\/dummy.xtemos.com\/woodmart2\/furniture2-elementor\/?page_id=27"},"modified":"2025-08-26T08:27:29","modified_gmt":"2025-08-26T08:27:29","slug":"vapeenjoy-refunds-and-returns","status":"publish","type":"page","link":"https:\/\/vapeenjoy.com\/fr\/vapeenjoy-remboursements-et-retours\/","title":{"rendered":"VapeEnjoy Remboursements et retours"},"content":{"rendered":"<div data-elementor-type=\"wp-page\" data-elementor-id=\"1507\" class=\"elementor elementor-1507\">\n\t\t\t\t<div class=\"wd-negative-gap elementor-element elementor-element-f7c809e e-flex e-con-boxed e-con e-parent\" data-id=\"f7c809e\" data-element_type=\"container\">\n\t\t\t\t\t<div class=\"e-con-inner\">\n\t\t\t\t<div class=\"elementor-element elementor-element-6a9ceca color-scheme-inherit text-left elementor-widget elementor-widget-text-editor\" data-id=\"6a9ceca\" data-element_type=\"widget\" data-widget_type=\"text-editor.default\">\n\t\t\t\t\t\t\t\t\t<h2 dir=\"ltr\" data-pm-slice=\"1 1 []\">Politique de remboursement et de retour de VapeEnjoy<\/h2><h2 dir=\"ltr\">retour de marchandises<\/h2><p dir=\"ltr\">Vous pouvez retourner des produits non ouverts, non utilis\u00e9s et non endommag\u00e9s dans les 7 jours suivant la r\u00e9ception. Apr\u00e8s avoir inspect\u00e9 votre retour, nous \u00e9mettons rapidement un remboursement sur votre mode de paiement d'origine. Attendez-vous \u00e0 3 \u00e0 5 jours ouvrables pour le traitement une fois que nous aurons re\u00e7u votre article. Pour obtenir de l'aide, contactez-nous \u00e0 info@vapeenjoy.com. Nous fournissons une \u00e9tiquette d'exp\u00e9dition pour votre retour, mais les frais d'exp\u00e9dition, qui varient \u00e0 notre discr\u00e9tion, peuvent r\u00e9duire le montant de votre remboursement.<\/p><p dir=\"ltr\"><strong>faire attention si<\/strong>: Les e-liquides ouverts ou ceux avec un joint cass\u00e9 ne sont pas retourn\u00e9s.<\/p><h2 dir=\"ltr\">Garantie de produit<\/h2><p dir=\"ltr\">Pour des raisons d'hygi\u00e8ne et de s\u00e9curit\u00e9, nous n'acceptons pas les retours de produits usag\u00e9s. Au lieu de cela, nous nous assurons que tous les produits r\u00e9pondent \u00e0 des normes de qualit\u00e9 strictes avant l'exp\u00e9dition.<\/p><h2 dir=\"ltr\">Garantie de l'<\/h2><p dir=\"ltr\">Notre garantie de 7 jours commence \u00e0 la livraison. Apr\u00e8s cette p\u00e9riode, la garantie directe revendique le fabricant. Cette garantie exclut l'usure, l'utilisation abusive, les dommages accidentels, les fuites ou les composants externes. Vous pouvez choisir un \u00e9change unique ou un remboursement \u00e0 votre mode de paiement d'origine.<\/p><h2 dir=\"ltr\">Produits jetables<\/h2><p dir=\"ltr\">Nous \u00e9valuons les garanties pour le vape jetable au cas par cas. Pour les jetables d\u00e9fectueux, envoyez un e-mail \u00e0 info@vapeenjoy.com, et nous vous rembourserons via le mode de paiement d'origine. Nous n'offrons pas d'\u00e9changes ou de remplacements pour vape jetable.<\/p><h3 dir=\"ltr\">Probl\u00e8mes couverts<\/h3><ul class=\"tight\" dir=\"ltr\" data-tight=\"true\"><li><p dir=\"ltr\">Mort \u00e0 l'arriv\u00e9e<\/p><\/li><li><p dir=\"ltr\">Tirage automatique<\/p><\/li><li><p dir=\"ltr\">Fuites \u00e0 l'arriv\u00e9e<\/p><\/li><\/ul><h3 dir=\"ltr\">Probl\u00e8mes non couverts<\/h3><ul class=\"tight\" dir=\"ltr\" data-tight=\"true\"><li><p dir=\"ltr\">Pr\u00e9f\u00e9rences de saveur<\/p><\/li><li><p dir=\"ltr\">Dur\u00e9e de vie de la cigarette \u00e9lectronique<\/p><\/li><\/ul><h3 dir=\"ltr\">Articles non couverts<\/h3><ul class=\"tight\" dir=\"ltr\" data-tight=\"true\"><li><p dir=\"ltr\">bobines<\/p><\/li><li><p dir=\"ltr\">cosses<\/p><\/li><li><p dir=\"ltr\">verri\u00e8re<\/p><\/li><li><p dir=\"ltr\">R\u00e9servoirs d'eau<\/p><\/li><li><p dir=\"ltr\">atomiseurs<\/p><\/li><li><p dir=\"ltr\">E-liquides<\/p><\/li><\/ul><h2 dir=\"ltr\">Produits d\u00e9fectueux<\/h2><p dir=\"ltr\">Dans les 14 jours suivant l'achat, vous pouvez \u00e9changer des produits d\u00e9fectueux. Vous couvrez les frais d'exp\u00e9dition pour retourner les articles d\u00e9fectueux, \u00e0 moins que le produit n'arrive endommag\u00e9.<\/p><h2 dir=\"ltr\">Objets perdus ou endommag\u00e9s<\/h2><p dir=\"ltr\">Signalez les articles manquants ou endommag\u00e9s dans les 48\u00a0heures suivant la r\u00e9ception. Les articles et accessoires en verre sont admissibles \u00e0 la garantie uniquement s'ils sont cass\u00e9s \u00e0 l'arriv\u00e9e.<\/p><h2 dir=\"ltr\">annulation de commande<\/h2><p dir=\"ltr\">Pour annuler une commande, envoyez un e-mail \u00e0 info@vapeenjoy.com avec \"Demande d'annulation : num\u00e9ro de commande\" dans la ligne d'objet. Apr\u00e8s l'exp\u00e9dition, vous ne pouvez pas annuler mais vous pouvez refuser le colis ou le retourner pour un remboursement. Nous \u00e9mettons des remboursements via le mode de paiement initial ou fournissons une note de cr\u00e9dit si n\u00e9cessaire.<\/p><h2 dir=\"ltr\">Forfaits perdus ou vol\u00e9s<\/h2><p dir=\"ltr\">Une fois la livraison confirm\u00e9e, VapeEnjoy n'est pas responsable des colis perdus ou vol\u00e9s. D\u00e9posez les r\u00e9clamations directement aupr\u00e8s du transporteur.<\/p>\t\t\t\t\t\t\t\t<\/div>\n\t\t\t\t\t<\/div>\n\t\t\t\t<\/div>\n\t\t<div class=\"wd-negative-gap elementor-element elementor-element-3feb352 e-flex e-con-boxed e-con e-parent\" data-id=\"3feb352\" data-element_type=\"container\">\n\t\t\t\t\t<div class=\"e-con-inner\">\n\t\t\t\t<div class=\"elementor-element elementor-element-37c17ae elementor-widget elementor-widget-wd_image_or_svg\" data-id=\"37c17ae\" data-element_type=\"widget\" data-widget_type=\"wd_image_or_svg.default\">\n\t\t\t\t<div class=\"elementor-widget-container\">\n\t\t\t\t\t\n\t\t<div class=\"wd-image text-left\">\n\t\t\t\t\t\t\t\t<img fetchpriority=\"high\" decoding=\"async\" width=\"1300\" height=\"600\" src=\"https:\/\/vapeenjoy.com\/wp-content\/uploads\/2025\/08\/Refunds-and-Returns.png\" class=\"attachment-full size-full\" alt=\"VapeEnjoy Remboursements et retours\" srcset=\"https:\/\/vapeenjoy.com\/wp-content\/uploads\/2025\/08\/Refunds-and-Returns.png 1300w, https:\/\/vapeenjoy.com\/wp-content\/uploads\/2025\/08\/Refunds-and-Returns-300x138.png 300w, https:\/\/vapeenjoy.com\/wp-content\/uploads\/2025\/08\/Refunds-and-Returns-1024x473.png 1024w, https:\/\/vapeenjoy.com\/wp-content\/uploads\/2025\/08\/Refunds-and-Returns-768x354.png 768w, https:\/\/vapeenjoy.com\/wp-content\/uploads\/2025\/08\/Refunds-and-Returns-1200x554.png 1200w, https:\/\/vapeenjoy.com\/wp-content\/uploads\/2025\/08\/Refunds-and-Returns-150x69.png 150w\" sizes=\"(max-width: 1300px) 100vw, 1300px\" \/>\t\t\t\t\t<\/div>\n\n\t\t\t\t\t\t<\/div>\n\t\t\t\t<\/div>\n\t\t\t\t\t<\/div>\n\t\t\t\t<\/div>\n\t\t\t\t<\/div>","protected":false},"excerpt":{"rendered":"<p>Vapeenjoy Refunds and Returns Policy Return of Goods You can return unopened, unused, and undamaged products within 7 days of<\/p>","protected":false},"author":1,"featured_media":0,"parent":0,"menu_order":0,"comment_status":"closed","ping_status":"closed","template":"","meta":{"footnotes":""},"class_list":["post-1507","page","type-page","status-publish","hentry"],"yoast_head":"<!-- This site is optimized with the Yoast SEO plugin v25.7 - https:\/\/yoast.com\/wordpress\/plugins\/seo\/ -->\n<title>Vapeenjoy Returns and Refunds - Easy Process, Quick Resolutions<\/title>\n<meta name=\"description\" content=\"Vapeenjoy Returns &amp; Refunds: Enjoy a simple process with quick resolutions. Shop vape products confidently!\" \/>\n<meta name=\"robots\" content=\"index, follow, max-snippet:-1, max-image-preview:large, max-video-preview:-1\" \/>\n<link rel=\"canonical\" href=\"https:\/\/vapeenjoy.com\/fr\/vapeenjoy-remboursements-et-retours\/\" \/>\n<meta property=\"og:locale\" content=\"fr_FR\" \/>\n<meta property=\"og:type\" content=\"article\" \/>\n<meta property=\"og:title\" content=\"Vapeenjoy Returns and Refunds - Easy Process, Quick Resolutions\" \/>\n<meta property=\"og:description\" content=\"Vapeenjoy Returns &amp; Refunds: Enjoy a simple process with quick resolutions. Shop vape products confidently!\" \/>\n<meta property=\"og:url\" content=\"https:\/\/vapeenjoy.com\/fr\/vapeenjoy-remboursements-et-retours\/\" \/>\n<meta property=\"og:site_name\" content=\"vapeenjoy\" \/>\n<meta property=\"article:modified_time\" content=\"2025-08-26T08:27:29+00:00\" \/>\n<meta property=\"og:image\" content=\"https:\/\/vapeenjoy.com\/wp-content\/uploads\/2025\/08\/Refunds-and-Returns.png\" \/>\n<meta name=\"twitter:card\" content=\"summary_large_image\" \/>\n<meta name=\"twitter:label1\" content=\"Dur\u00e9e de lecture estim\u00e9e\" \/>\n\t<meta name=\"twitter:data1\" content=\"2 minutes\" \/>\n<script type=\"application\/ld+json\" class=\"yoast-schema-graph\">{\"@context\":\"https:\/\/schema.org\",\"@graph\":[{\"@type\":\"WebPage\",\"@id\":\"https:\/\/vapeenjoy.com\/vapeenjoy-refunds-and-returns\/\",\"url\":\"https:\/\/vapeenjoy.com\/vapeenjoy-refunds-and-returns\/\",\"name\":\"Vapeenjoy Returns and Refunds - Easy Process, Quick Resolutions\",\"isPartOf\":{\"@id\":\"https:\/\/vapeenjoy.com\/#website\"},\"primaryImageOfPage\":{\"@id\":\"https:\/\/vapeenjoy.com\/vapeenjoy-refunds-and-returns\/#primaryimage\"},\"image\":{\"@id\":\"https:\/\/vapeenjoy.com\/vapeenjoy-refunds-and-returns\/#primaryimage\"},\"thumbnailUrl\":\"https:\/\/vapeenjoy.com\/wp-content\/uploads\/2025\/08\/Refunds-and-Returns.png\",\"datePublished\":\"2023-04-20T11:47:06+00:00\",\"dateModified\":\"2025-08-26T08:27:29+00:00\",\"description\":\"Vapeenjoy Returns & Refunds: Enjoy a simple process with quick resolutions. Shop vape products confidently!\",\"breadcrumb\":{\"@id\":\"https:\/\/vapeenjoy.com\/vapeenjoy-refunds-and-returns\/#breadcrumb\"},\"inLanguage\":\"fr-FR\",\"potentialAction\":[{\"@type\":\"ReadAction\",\"target\":[\"https:\/\/vapeenjoy.com\/vapeenjoy-refunds-and-returns\/\"]}]},{\"@type\":\"ImageObject\",\"inLanguage\":\"fr-FR\",\"@id\":\"https:\/\/vapeenjoy.com\/vapeenjoy-refunds-and-returns\/#primaryimage\",\"url\":\"https:\/\/vapeenjoy.com\/wp-content\/uploads\/2025\/08\/Refunds-and-Returns.png\",\"contentUrl\":\"https:\/\/vapeenjoy.com\/wp-content\/uploads\/2025\/08\/Refunds-and-Returns.png\"},{\"@type\":\"BreadcrumbList\",\"@id\":\"https:\/\/vapeenjoy.com\/vapeenjoy-refunds-and-returns\/#breadcrumb\",\"itemListElement\":[{\"@type\":\"ListItem\",\"position\":1,\"name\":\"Home\",\"item\":\"https:\/\/vapeenjoy.com\/\"},{\"@type\":\"ListItem\",\"position\":2,\"name\":\"Vapeenjoy Refunds and Returns\"}]},{\"@type\":\"WebSite\",\"@id\":\"https:\/\/vapeenjoy.com\/#website\",\"url\":\"https:\/\/vapeenjoy.com\/\",\"name\":\"vapeenjoy\",\"description\":\"An online store for selling vapes\",\"potentialAction\":[{\"@type\":\"SearchAction\",\"target\":{\"@type\":\"EntryPoint\",\"urlTemplate\":\"https:\/\/vapeenjoy.com\/?s={search_term_string}\"},\"query-input\":{\"@type\":\"PropertyValueSpecification\",\"valueRequired\":true,\"valueName\":\"search_term_string\"}}],\"inLanguage\":\"fr-FR\"}]}<\/script>\n<!-- \/ Yoast SEO plugin. -->","yoast_head_json":{"title":"Retours et remboursements VapeEjoy - processus faciles, r\u00e9solutions rapides","description":"VapeEnjoy Retours et remboursements : profitez d'un processus simple avec des r\u00e9solutions rapides. Achetez des produits de vape en toute confiance !","robots":{"index":"index","follow":"follow","max-snippet":"max-snippet:-1","max-image-preview":"max-image-preview:large","max-video-preview":"max-video-preview:-1"},"canonical":"https:\/\/vapeenjoy.com\/fr\/vapeenjoy-remboursements-et-retours\/","og_locale":"fr_FR","og_type":"article","og_title":"Vapeenjoy Returns and Refunds - Easy Process, Quick Resolutions","og_description":"Vapeenjoy Returns & Refunds: Enjoy a simple process with quick resolutions. Shop vape products confidently!","og_url":"https:\/\/vapeenjoy.com\/fr\/vapeenjoy-remboursements-et-retours\/","og_site_name":"vapeenjoy","article_modified_time":"2025-08-26T08:27:29+00:00","og_image":[{"url":"https:\/\/vapeenjoy.com\/wp-content\/uploads\/2025\/08\/Refunds-and-Returns.png","type":"","width":"","height":""}],"twitter_card":"summary_large_image","twitter_misc":{"Dur\u00e9e de lecture estim\u00e9e":"2 minutes"},"schema":{"@context":"https:\/\/schema.org","@graph":[{"@type":"WebPage","@id":"https:\/\/vapeenjoy.com\/vapeenjoy-refunds-and-returns\/","url":"https:\/\/vapeenjoy.com\/vapeenjoy-refunds-and-returns\/","name":"Retours et remboursements VapeEjoy - processus faciles, r\u00e9solutions rapides","isPartOf":{"@id":"https:\/\/vapeenjoy.com\/#website"},"primaryImageOfPage":{"@id":"https:\/\/vapeenjoy.com\/vapeenjoy-refunds-and-returns\/#primaryimage"},"image":{"@id":"https:\/\/vapeenjoy.com\/vapeenjoy-refunds-and-returns\/#primaryimage"},"thumbnailUrl":"https:\/\/vapeenjoy.com\/wp-content\/uploads\/2025\/08\/Refunds-and-Returns.png","datePublished":"2023-04-20T11:47:06+00:00","dateModified":"2025-08-26T08:27:29+00:00","description":"VapeEnjoy Retours et remboursements : profitez d'un processus simple avec des r\u00e9solutions rapides. Achetez des produits de vape en toute confiance !","breadcrumb":{"@id":"https:\/\/vapeenjoy.com\/vapeenjoy-refunds-and-returns\/#breadcrumb"},"inLanguage":"fr-FR","potentialAction":[{"@type":"ReadAction","target":["https:\/\/vapeenjoy.com\/vapeenjoy-refunds-and-returns\/"]}]},{"@type":"ImageObject","inLanguage":"fr-FR","@id":"https:\/\/vapeenjoy.com\/vapeenjoy-refunds-and-returns\/#primaryimage","url":"https:\/\/vapeenjoy.com\/wp-content\/uploads\/2025\/08\/Refunds-and-Returns.png","contentUrl":"https:\/\/vapeenjoy.com\/wp-content\/uploads\/2025\/08\/Refunds-and-Returns.png"},{"@type":"BreadcrumbList","@id":"https:\/\/vapeenjoy.com\/vapeenjoy-refunds-and-returns\/#breadcrumb","itemListElement":[{"@type":"ListItem","position":1,"name":"Home","item":"https:\/\/vapeenjoy.com\/"},{"@type":"ListItem","position":2,"name":"Vapeenjoy Refunds and Returns"}]},{"@type":"WebSite","@id":"https:\/\/vapeenjoy.com\/#website","url":"https:\/\/vapeenjoy.com\/","name":"VapeEnjoy","description":"Une boutique en ligne pour la vente de vapoteurs","potentialAction":[{"@type":"SearchAction","target":{"@type":"EntryPoint","urlTemplate":"https:\/\/vapeenjoy.com\/?s={search_term_string}"},"query-input":{"@type":"PropertyValueSpecification","valueRequired":true,"valueName":"search_term_string"}}],"inLanguage":"fr-FR"}]}},"_links":{"self":[{"href":"https:\/\/vapeenjoy.com\/fr\/wp-json\/wp\/v2\/pages\/1507","targetHints":{"allow":["GET"]}}],"collection":[{"href":"https:\/\/vapeenjoy.com\/fr\/wp-json\/wp\/v2\/pages"}],"about":[{"href":"https:\/\/vapeenjoy.com\/fr\/wp-json\/wp\/v2\/types\/page"}],"author":[{"embeddable":true,"href":"https:\/\/vapeenjoy.com\/fr\/wp-json\/wp\/v2\/users\/1"}],"replies":[{"embeddable":true,"href":"https:\/\/vapeenjoy.com\/fr\/wp-json\/wp\/v2\/comments?post=1507"}],"version-history":[{"count":23,"href":"https:\/\/vapeenjoy.com\/fr\/wp-json\/wp\/v2\/pages\/1507\/revisions"}],"predecessor-version":[{"id":2619,"href":"https:\/\/vapeenjoy.com\/fr\/wp-json\/wp\/v2\/pages\/1507\/revisions\/2619"}],"wp:attachment":[{"href":"https:\/\/vapeenjoy.com\/fr\/wp-json\/wp\/v2\/media?parent=1507"}],"curies":[{"name":"WP","href":"https:\/\/api.w.org\/{rel}","templated":true}]}}