{"id":1509,"date":"2023-04-20T11:47:35","date_gmt":"2023-04-20T11:47:35","guid":{"rendered":"https:\/\/dummy.xtemos.com\/woodmart2\/furniture2-elementor\/?page_id=31"},"modified":"2025-08-26T08:27:15","modified_gmt":"2025-08-26T08:27:15","slug":"about-us-vape","status":"publish","type":"page","link":"https:\/\/vapeenjoy.com\/fr\/a-propos-de-nous-vape\/","title":{"rendered":"\u00c0 propos de nous"},"content":{"rendered":"<div data-elementor-type=\"wp-page\" data-elementor-id=\"1509\" class=\"elementor elementor-1509\">\n\t\t\t\t\t\t\t<link rel=\"stylesheet\" id=\"wd-collapsible-content-css\" href=\"https:\/\/vapeenjoy.com\/wp-content\/themes\/woodmart\/css\/parts\/elem-opt-collapsible-content.min.css?ver=8.2.7\" type=\"text\/css\" media=\"all\" \/> \t\t\t<div class=\"wd-negative-gap elementor-element elementor-element-43bbe8e wd-collapsible-content e-flex e-con-boxed e-con e-parent\" data-id=\"43bbe8e\" data-element_type=\"container\">\n\t\t\t\t\t<div class=\"e-con-inner\">\n\t\t\t\t<div class=\"elementor-element elementor-element-cf18f75 elementor-widget elementor-widget-wd_button\" data-id=\"cf18f75\" data-element_type=\"widget\" data-widget_type=\"wd_button.default\">\n\t\t\t\t<div class=\"elementor-widget-container\">\n\t\t\t\t\t\t\t<div class=\"wd-button-wrapper text-left wd-collapsible-button\" >\n\t\t\t<a class=\"btn btn-style-link btn-shape- btn-size-default btn-color-primary btn-icon-pos-right\"  href=\"#\">\n\t\t\t\t<span class=\"wd-btn-text\" data-elementor-setting-key=\"text\">\n\t\t\t\t\tEn savoir plus\t\t\t\t<\/span>\n\n\t\t\t\t\t\t\t<\/a>\n\t\t<\/div>\n\t\t\t\t\t\t<\/div>\n\t\t\t\t<\/div>\n\t\t\t\t\t<\/div>\n\t\t\t\t<\/div>\n\t\t<div class=\"wd-negative-gap elementor-element elementor-element-52906c6 e-flex e-con-boxed e-con e-parent\" data-id=\"52906c6\" data-element_type=\"container\">\n\t\t\t\t\t<div class=\"e-con-inner\">\n\t\t\t\t<div class=\"elementor-element elementor-element-233b6b3 color-scheme-inherit text-left elementor-widget elementor-widget-text-editor\" data-id=\"233b6b3\" data-element_type=\"widget\" data-widget_type=\"text-editor.default\">\n\t\t\t\t\t\t\t\t\t<h2 dir=\"ltr\" data-pm-slice=\"1 1 []\">Bienvenue sur VapeEnjoy<\/h2><p dir=\"ltr\">Depuis notre cr\u00e9ation en 2023, VapeEnjoy est motiv\u00e9 par une vision passionn\u00e9e de red\u00e9finir l'exp\u00e9rience de vapotage. Fond\u00e9e avec un engagement \u00e0 \u00e9lever le monde du vapotage, nous visons \u00e0 cr\u00e9er une plateforme en ligne dynamique et globale dans VapeEnjoy Shop qui dessert des vapoteurs novices et exp\u00e9riment\u00e9s. De plus, notre communaut\u00e9 dynamique d'amateurs de vapotage alimente notre mission, nous inspirant \u00e0 fournir des produits et des services exceptionnels.<\/p><h2 dir=\"ltr\">Notre mission<\/h2><p dir=\"ltr\">Chez VapeEnjoy, notre mission est simple mais ambitieuse : offrir des produits de vape haut de gamme, une s\u00e9lection sans pr\u00e9c\u00e9dent et une exp\u00e9rience d'achat transparente chez <a href=\"https:\/\/vapeenjoy.com\/shop\/\">Boutique de plaisir<\/a>. Nous croyons fermement que le vapotage n'est pas simplement une alternative au tabagisme, c'est un style de vie. Par cons\u00e9quent, nous nous effor\u00e7ons de mener ce style de vie en fournissant des solutions innovantes, une qualit\u00e9 sans compromis et un support client d\u00e9di\u00e9. En favorisant une culture d'excellence, nous visons \u00e0 am\u00e9liorer chaque aspect du parcours de vapotage.<\/p><h2 dir=\"ltr\">Nos produits<\/h2><p dir=\"ltr\">Notre gamme de produits soigneusement organis\u00e9e refl\u00e8te notre engagement envers la qualit\u00e9 et l'innovation. Des vapoteurs de pointe \u00e0 une gamme vari\u00e9e d'e-liquides et d'accessoires, chaque article subit des contr\u00f4les de qualit\u00e9 rigoureux pour garantir des performances exceptionnelles. En outre, nous mettons \u00e0 jour notre inventaire en permanence pour int\u00e9grer les derni\u00e8res tendances et progr\u00e8s dans l'industrie de la vape. Par cons\u00e9quent, nos clients ont constamment acc\u00e8s aux produits les plus innovants et fiables disponibles \u00e0<a href=\"https:\/\/vapeenjoy.com\/shop\/\"> Boutique de plaisir<\/a>.<\/p><h2 dir=\"ltr\">Qualit\u00e9 et s\u00e9curit\u00e9<\/h2><p dir=\"ltr\">Votre s\u00e9curit\u00e9 est notre priorit\u00e9 absolue. Pour cela, nous collaborons exclusivement avec des fabricants de confiance et effectuons des \u00e9valuations de qualit\u00e9 rigoureuses. En respectant les derniers protocoles de s\u00e9curit\u00e9 et les normes de l'industrie, nous garantissons que chaque produit que nous proposons est \u00e0 la fois efficace et s\u00fbr. De plus, notre engagement \u00e0 d\u00e9passer les exigences r\u00e9glementaires souligne notre d\u00e9vouement \u00e0 votre bien-\u00eatre.<\/p><h2 dir=\"ltr\">Notre communaut\u00e9<\/h2><p dir=\"ltr\">VapeEnjoy est plus qu'un simple d\u00e9taillant, c'est une communaut\u00e9 florissante d'amateurs de vape. Gr\u00e2ce \u00e0 notre blog engageant, \u00e0 notre pr\u00e9sence active sur les r\u00e9seaux sociaux et \u00e0 un service client r\u00e9actif, nous favorisons un environnement de partage des connaissances et de collaboration. Nous \u00e9coutons activement les commentaires et les pr\u00e9f\u00e9rences de notre communaut\u00e9, nous permettant de faire \u00e9voluer nos offres en permanence. Par cons\u00e9quent, nous \u00e9tablissons des liens plus solides avec nos clients et cr\u00e9ons un espace o\u00f9 la passion pour le vapotage prosp\u00e8re, accessible via <a href=\"https:\/\/vapeenjoy.com\/shop\/\">Boutique de plaisir<\/a>.<\/p><h2 dir=\"ltr\">Pourquoi choisir VapeEnjoy ?<\/h2><ul class=\"tight\" dir=\"ltr\" data-tight=\"true\"><li><p dir=\"ltr\"><strong>comp\u00e9tence<\/strong>: La connaissance approfondie des produits Vape de notre \u00e9quipe garantit des recommandations personnalis\u00e9es et des conseils d'experts.<\/p><\/li><li><p dir=\"ltr\"><strong>assurance qualit\u00e9<\/strong>: Chaque produit de notre inventaire est soutenu par notre engagement envers la s\u00e9curit\u00e9 et l'excellence.<\/p><\/li><li><p dir=\"ltr\"><strong>Approche centr\u00e9e sur le client<\/strong>: Nous privil\u00e9gions le service client exceptionnel, garantissant une exp\u00e9rience d'achat fluide et satisfaisante.<\/p><\/li><li><p dir=\"ltr\"><strong>innovation<\/strong>: En gardant une longueur d'avance sur les tendances de l'industrie, nous vous proposons les produits de vapotage les plus r\u00e9cents et les plus avanc\u00e9s.<\/p><\/li><\/ul><h2 dir=\"ltr\">Contactez-nous<\/h2><p dir=\"ltr\">Pour toute demande ou assistance, n'h\u00e9sitez pas \u00e0 nous contacter \u00e0 info@vapeenjoy.com. Nous sommes l\u00e0 pour vous aider \u00e0 chaque \u00e9tape du processus.<\/p><p dir=\"ltr\">Copyright \u00a9 2024 VapeEnjoy<\/p>\t\t\t\t\t\t\t\t<\/div>\n\t\t\t\t\t<\/div>\n\t\t\t\t<\/div>\n\t\t<div class=\"wd-negative-gap elementor-element elementor-element-a5f99ce e-flex e-con-boxed e-con e-parent\" data-id=\"a5f99ce\" data-element_type=\"container\">\n\t\t\t\t\t<div class=\"e-con-inner\">\n\t\t\t\t<div class=\"elementor-element elementor-element-c7c48f2 elementor-widget elementor-widget-wd_image_or_svg\" data-id=\"c7c48f2\" data-element_type=\"widget\" data-widget_type=\"wd_image_or_svg.default\">\n\t\t\t\t<div class=\"elementor-widget-container\">\n\t\t\t\t\t\n\t\t<div class=\"wd-image text-left\">\n\t\t\t\t\t\t\t\t<img fetchpriority=\"high\" decoding=\"async\" width=\"1210\" height=\"800\" src=\"https:\/\/vapeenjoy.com\/wp-content\/uploads\/2025\/08\/Real-photos.png\" class=\"attachment-full size-full\" alt=\"Vapeur Vraie Photos\" srcset=\"https:\/\/vapeenjoy.com\/wp-content\/uploads\/2025\/08\/Real-photos.png 1210w, https:\/\/vapeenjoy.com\/wp-content\/uploads\/2025\/08\/Real-photos-300x198.png 300w, https:\/\/vapeenjoy.com\/wp-content\/uploads\/2025\/08\/Real-photos-1024x677.png 1024w, https:\/\/vapeenjoy.com\/wp-content\/uploads\/2025\/08\/Real-photos-768x508.png 768w, https:\/\/vapeenjoy.com\/wp-content\/uploads\/2025\/08\/Real-photos-1200x793.png 1200w, https:\/\/vapeenjoy.com\/wp-content\/uploads\/2025\/08\/Real-photos-150x99.png 150w\" sizes=\"(max-width: 1210px) 100vw, 1210px\" \/>\t\t\t\t\t<\/div>\n\n\t\t\t\t\t\t<\/div>\n\t\t\t\t<\/div>\n\t\t\t\t\t<\/div>\n\t\t\t\t<\/div>\n\t\t\t\t<\/div>","protected":false},"excerpt":{"rendered":"<p>Read More Welcome to VapeEnjoy Since our inception in 2023, VapeEnjoy has been driven by a passionate vision to redefine<\/p>","protected":false},"author":1,"featured_media":0,"parent":0,"menu_order":0,"comment_status":"closed","ping_status":"closed","template":"","meta":{"footnotes":""},"class_list":["post-1509","page","type-page","status-publish","hentry"],"yoast_head":"<!-- This site is optimized with the Yoast SEO plugin v25.7 - https:\/\/yoast.com\/wordpress\/plugins\/seo\/ -->\n<title>About us - vapeenjoy Premium Vape Products &amp; Exceptional Service<\/title>\n<meta name=\"description\" content=\"Your trusted supplier of premium vape products, superior quality, and first-class service. Shop now! Explore top-tier vaping excellence.\" \/>\n<meta name=\"robots\" content=\"index, follow, max-snippet:-1, max-image-preview:large, max-video-preview:-1\" \/>\n<link rel=\"canonical\" href=\"https:\/\/vapeenjoy.com\/fr\/a-propos-de-nous-vape\/\" \/>\n<meta property=\"og:locale\" content=\"fr_FR\" \/>\n<meta property=\"og:type\" content=\"article\" \/>\n<meta property=\"og:title\" content=\"About us - vapeenjoy Premium Vape Products &amp; Exceptional Service\" \/>\n<meta property=\"og:description\" content=\"Your trusted supplier of premium vape products, superior quality, and first-class service. Shop now! Explore top-tier vaping excellence.\" \/>\n<meta property=\"og:url\" content=\"https:\/\/vapeenjoy.com\/fr\/a-propos-de-nous-vape\/\" \/>\n<meta property=\"og:site_name\" content=\"vapeenjoy\" \/>\n<meta property=\"article:modified_time\" content=\"2025-08-26T08:27:15+00:00\" \/>\n<meta property=\"og:image\" content=\"https:\/\/vapeenjoy.com\/wp-content\/uploads\/2025\/08\/Real-photos.png\" \/>\n<meta name=\"twitter:card\" content=\"summary_large_image\" \/>\n<meta name=\"twitter:label1\" content=\"Dur\u00e9e de lecture estim\u00e9e\" \/>\n\t<meta name=\"twitter:data1\" content=\"3 minutes\" \/>\n<script type=\"application\/ld+json\" class=\"yoast-schema-graph\">{\"@context\":\"https:\/\/schema.org\",\"@graph\":[{\"@type\":\"WebPage\",\"@id\":\"https:\/\/vapeenjoy.com\/about-us-vape\/\",\"url\":\"https:\/\/vapeenjoy.com\/about-us-vape\/\",\"name\":\"About us - vapeenjoy Premium Vape Products & Exceptional Service\",\"isPartOf\":{\"@id\":\"https:\/\/vapeenjoy.com\/#website\"},\"primaryImageOfPage\":{\"@id\":\"https:\/\/vapeenjoy.com\/about-us-vape\/#primaryimage\"},\"image\":{\"@id\":\"https:\/\/vapeenjoy.com\/about-us-vape\/#primaryimage\"},\"thumbnailUrl\":\"https:\/\/vapeenjoy.com\/wp-content\/uploads\/2025\/08\/Real-photos.png\",\"datePublished\":\"2023-04-20T11:47:35+00:00\",\"dateModified\":\"2025-08-26T08:27:15+00:00\",\"description\":\"Your trusted supplier of premium vape products, superior quality, and first-class service. Shop now! Explore top-tier vaping excellence.\",\"breadcrumb\":{\"@id\":\"https:\/\/vapeenjoy.com\/about-us-vape\/#breadcrumb\"},\"inLanguage\":\"fr-FR\",\"potentialAction\":[{\"@type\":\"ReadAction\",\"target\":[\"https:\/\/vapeenjoy.com\/about-us-vape\/\"]}]},{\"@type\":\"ImageObject\",\"inLanguage\":\"fr-FR\",\"@id\":\"https:\/\/vapeenjoy.com\/about-us-vape\/#primaryimage\",\"url\":\"https:\/\/vapeenjoy.com\/wp-content\/uploads\/2025\/08\/Real-photos.png\",\"contentUrl\":\"https:\/\/vapeenjoy.com\/wp-content\/uploads\/2025\/08\/Real-photos.png\"},{\"@type\":\"BreadcrumbList\",\"@id\":\"https:\/\/vapeenjoy.com\/about-us-vape\/#breadcrumb\",\"itemListElement\":[{\"@type\":\"ListItem\",\"position\":1,\"name\":\"Home\",\"item\":\"https:\/\/vapeenjoy.com\/\"},{\"@type\":\"ListItem\",\"position\":2,\"name\":\"About us\"}]},{\"@type\":\"WebSite\",\"@id\":\"https:\/\/vapeenjoy.com\/#website\",\"url\":\"https:\/\/vapeenjoy.com\/\",\"name\":\"vapeenjoy\",\"description\":\"An online store for selling vapes\",\"potentialAction\":[{\"@type\":\"SearchAction\",\"target\":{\"@type\":\"EntryPoint\",\"urlTemplate\":\"https:\/\/vapeenjoy.com\/?s={search_term_string}\"},\"query-input\":{\"@type\":\"PropertyValueSpecification\",\"valueRequired\":true,\"valueName\":\"search_term_string\"}}],\"inLanguage\":\"fr-FR\"}]}<\/script>\n<!-- \/ Yoast SEO plugin. -->","yoast_head_json":{"title":"\u00c0 propos de nous - VapeEnjoy Premium Vape Products &amp; Service exceptionnel","description":"Votre fournisseur de confiance de produits de vape premium, de qualit\u00e9 sup\u00e9rieure et de service de premi\u00e8re classe. Achetez maintenant\u00a0! Explorez l'excellence de la vapotage de haut niveau.","robots":{"index":"index","follow":"follow","max-snippet":"max-snippet:-1","max-image-preview":"max-image-preview:large","max-video-preview":"max-video-preview:-1"},"canonical":"https:\/\/vapeenjoy.com\/fr\/a-propos-de-nous-vape\/","og_locale":"fr_FR","og_type":"article","og_title":"About us - vapeenjoy Premium Vape Products & Exceptional Service","og_description":"Your trusted supplier of premium vape products, superior quality, and first-class service. Shop now! Explore top-tier vaping excellence.","og_url":"https:\/\/vapeenjoy.com\/fr\/a-propos-de-nous-vape\/","og_site_name":"vapeenjoy","article_modified_time":"2025-08-26T08:27:15+00:00","og_image":[{"url":"https:\/\/vapeenjoy.com\/wp-content\/uploads\/2025\/08\/Real-photos.png","type":"","width":"","height":""}],"twitter_card":"summary_large_image","twitter_misc":{"Dur\u00e9e de lecture estim\u00e9e":"3 minutes"},"schema":{"@context":"https:\/\/schema.org","@graph":[{"@type":"WebPage","@id":"https:\/\/vapeenjoy.com\/about-us-vape\/","url":"https:\/\/vapeenjoy.com\/about-us-vape\/","name":"\u00c0 propos de nous - VapeEnjoy Premium Vape Products &amp; Service exceptionnel","isPartOf":{"@id":"https:\/\/vapeenjoy.com\/#website"},"primaryImageOfPage":{"@id":"https:\/\/vapeenjoy.com\/about-us-vape\/#primaryimage"},"image":{"@id":"https:\/\/vapeenjoy.com\/about-us-vape\/#primaryimage"},"thumbnailUrl":"https:\/\/vapeenjoy.com\/wp-content\/uploads\/2025\/08\/Real-photos.png","datePublished":"2023-04-20T11:47:35+00:00","dateModified":"2025-08-26T08:27:15+00:00","description":"Votre fournisseur de confiance de produits de vape premium, de qualit\u00e9 sup\u00e9rieure et de service de premi\u00e8re classe. Achetez maintenant\u00a0! Explorez l'excellence de la vapotage de haut niveau.","breadcrumb":{"@id":"https:\/\/vapeenjoy.com\/about-us-vape\/#breadcrumb"},"inLanguage":"fr-FR","potentialAction":[{"@type":"ReadAction","target":["https:\/\/vapeenjoy.com\/about-us-vape\/"]}]},{"@type":"ImageObject","inLanguage":"fr-FR","@id":"https:\/\/vapeenjoy.com\/about-us-vape\/#primaryimage","url":"https:\/\/vapeenjoy.com\/wp-content\/uploads\/2025\/08\/Real-photos.png","contentUrl":"https:\/\/vapeenjoy.com\/wp-content\/uploads\/2025\/08\/Real-photos.png"},{"@type":"BreadcrumbList","@id":"https:\/\/vapeenjoy.com\/about-us-vape\/#breadcrumb","itemListElement":[{"@type":"ListItem","position":1,"name":"Home","item":"https:\/\/vapeenjoy.com\/"},{"@type":"ListItem","position":2,"name":"About us"}]},{"@type":"WebSite","@id":"https:\/\/vapeenjoy.com\/#website","url":"https:\/\/vapeenjoy.com\/","name":"VapeEnjoy","description":"Une boutique en ligne pour la vente de vapoteurs","potentialAction":[{"@type":"SearchAction","target":{"@type":"EntryPoint","urlTemplate":"https:\/\/vapeenjoy.com\/?s={search_term_string}"},"query-input":{"@type":"PropertyValueSpecification","valueRequired":true,"valueName":"search_term_string"}}],"inLanguage":"fr-FR"}]}},"_links":{"self":[{"href":"https:\/\/vapeenjoy.com\/fr\/wp-json\/wp\/v2\/pages\/1509","targetHints":{"allow":["GET"]}}],"collection":[{"href":"https:\/\/vapeenjoy.com\/fr\/wp-json\/wp\/v2\/pages"}],"about":[{"href":"https:\/\/vapeenjoy.com\/fr\/wp-json\/wp\/v2\/types\/page"}],"author":[{"embeddable":true,"href":"https:\/\/vapeenjoy.com\/fr\/wp-json\/wp\/v2\/users\/1"}],"replies":[{"embeddable":true,"href":"https:\/\/vapeenjoy.com\/fr\/wp-json\/wp\/v2\/comments?post=1509"}],"version-history":[{"count":45,"href":"https:\/\/vapeenjoy.com\/fr\/wp-json\/wp\/v2\/pages\/1509\/revisions"}],"predecessor-version":[{"id":2618,"href":"https:\/\/vapeenjoy.com\/fr\/wp-json\/wp\/v2\/pages\/1509\/revisions\/2618"}],"wp:attachment":[{"href":"https:\/\/vapeenjoy.com\/fr\/wp-json\/wp\/v2\/media?parent=1509"}],"curies":[{"name":"WP","href":"https:\/\/api.w.org\/{rel}","templated":true}]}}