{"id":1954,"date":"2025-08-11T06:51:29","date_gmt":"2025-08-11T06:51:29","guid":{"rendered":"https:\/\/vapeenjoy.com\/?page_id=1954"},"modified":"2025-08-27T01:27:48","modified_gmt":"2025-08-27T01:27:48","slug":"terms-and-conditions","status":"publish","type":"page","link":"https:\/\/vapeenjoy.com\/fr\/termes-et-conditions\/","title":{"rendered":"Termes et conditions"},"content":{"rendered":"<div data-elementor-type=\"wp-page\" data-elementor-id=\"1954\" class=\"elementor elementor-1954\">\n\t\t\t\t<div class=\"wd-negative-gap elementor-element elementor-element-01061ba e-flex e-con-boxed e-con e-parent\" data-id=\"01061ba\" data-element_type=\"container\">\n\t\t\t\t\t<div class=\"e-con-inner\">\n\t\t\t\t<div class=\"elementor-element elementor-element-a2b554c color-scheme-inherit text-left elementor-widget elementor-widget-text-editor\" data-id=\"a2b554c\" data-element_type=\"widget\" data-widget_type=\"text-editor.default\">\n\t\t\t\t\t\t\t\t\t<h2 dir=\"ltr\" data-pm-slice=\"1 1 []\">Termes et conditions pour VapeEnjoy.com<\/h2><p dir=\"ltr\">Bienvenue sur VapeEnjoy.com, votre premi\u00e8re destination pour Vape jetable. VapeEnjoy exploite ce site Web et s'engage \u00e0 fournir des produits et services exceptionnels. En acc\u00e9dant \u00e0 notre site Web, vous acceptez ces conditions g\u00e9n\u00e9rales, lorsque \u00ab\u00a0nous\u00a0\u00bb, \u00ab\u00a0nous\u00a0\u00bb et \u00ab\u00a0notre\u00a0\u00bb font r\u00e9f\u00e9rence \u00e0 VapeEnjoy. Pour une exp\u00e9rience transparente, veuillez consulter ces termes attentivement.<\/p><h2 dir=\"ltr\">Utilisation de notre service<\/h2><p dir=\"ltr\">Lorsque vous acc\u00e9dez \u00e0 notre site Web ou effectuez un achat, vous vous engagez dans notre \u00ab\u00a0Service\u00a0\u00bb et acceptez de suivre les pr\u00e9sentes conditions d'utilisation. Par cons\u00e9quent, ces conditions s'appliquent \u00e0 tous les utilisateurs, y compris les navigateurs, les clients, les fournisseurs, les commer\u00e7ants et les contributeurs de contenu. Si vous n'\u00eates pas d'accord avec une partie de ces conditions, veuillez vous abstenir d'acc\u00e9der au site Web ou d'utiliser nos services. De plus, une utilisation continue apr\u00e8s les mises \u00e0 jour signale votre acceptation des conditions r\u00e9vis\u00e9es.<\/p><p dir=\"ltr\">Pour clarifier, v\u00e9rifiez r\u00e9guli\u00e8rement ces conditions pour les mises \u00e0 jour, car nous nous r\u00e9servons le droit de les modifier ou de les remplacer en publiant des modifications sur le site Web. Notamment, toutes les nouvelles fonctionnalit\u00e9s ou outils ajout\u00e9s seront \u00e9galement soumis \u00e0 ces conditions d'utilisation. Par cons\u00e9quent, portez une attention particuli\u00e8re \u00e0 l'article 19, \u00ab Arbitrage et abandon des recours collectifs \u00bb, qui n\u00e9cessite de r\u00e9soudre les litiges par l'interm\u00e9diaire d'un arbitrage individuel.<\/p><h2 dir=\"ltr\">Section 1 \u2013 Conditions de la boutique en ligne<\/h2><p dir=\"ltr\">En acceptant les pr\u00e9sentes conditions d'utilisation, vous confirmez que vous avez au moins l'\u00e2ge de la majorit\u00e9 dans votre \u00e9tat ou province ou que vous avez le consentement parental pour que les mineurs utilisent notre site Web. De plus, vous ne devez pas utiliser nos produits \u00e0 des fins ill\u00e9gales ou violer des lois, telles que les lois sur le droit d'auteur. De plus, la transmission de vers, de virus ou de codes malveillants est strictement interdite. La violation de ces conditions entra\u00eenera la r\u00e9siliation imm\u00e9diate de votre acc\u00e8s au service.<\/p><h2 dir=\"ltr\">Section 2 \u2013 Conditions g\u00e9n\u00e9rales<\/h2><p dir=\"ltr\">Nous pouvons refuser de servir \u00e0 tout moment pour une raison quelconque. Pour des raisons de s\u00e9curit\u00e9, nous cryptons votre contenu (\u00e0 l'exclusion des informations de carte de cr\u00e9dit) lors de la transmission. Cependant, vous ne devez pas utiliser de mauvais moyens, reproduire ou vendre une partie du Service sans notre autorisation explicite. Pour plus de clart\u00e9, les en-t\u00eates de cet accord ne servent que pour la commodit\u00e9 et ne modifient pas les conditions.<\/p><h2 dir=\"ltr\">Section 3 \u2013 Exactitude des informations<\/h2><p dir=\"ltr\">Nous nous effor\u00e7ons de fournir des informations exactes et opportunes sur le site Web, mais nous ne pouvons garantir son exhaustivit\u00e9 ou son actualit\u00e9. Ainsi, utilisez le mat\u00e9riel \u00e0 titre de r\u00e9f\u00e9rence g\u00e9n\u00e9rale uniquement et \u00e9vitez de vous y fier uniquement pour les d\u00e9cisions. Bien que nous puissions inclure des informations historiques, nous ne nous engageons pas \u00e0 les mettre \u00e0 jour. Par cons\u00e9quent, vous devez surveiller les modifications apport\u00e9es au contenu du site Web.<\/p><h2 dir=\"ltr\">Section 4 \u2013 Modifications de service et de prix<\/h2><p dir=\"ltr\">Nous pouvons modifier les prix des produits sans pr\u00e9avis. De plus, nous nous r\u00e9servons le droit de modifier ou d'interrompre le service ou toute pi\u00e8ce sans notification pr\u00e9alable. En cons\u00e9quence, nous d\u00e9clinons toute responsabilit\u00e9 pour les modifications, les changements de prix ou les suspensions de services.<\/p><h2 dir=\"ltr\">Section 5 \u2013 Produits et services<\/h2><p dir=\"ltr\">Certains produits peuvent \u00eatre disponibles uniquement en ligne et en quantit\u00e9s limit\u00e9es, sous r\u00e9serve de notre politique de retour. Bien que nous souhaitions afficher les produits avec pr\u00e9cision, les couleurs peuvent varier selon les appareils. De plus, nous pouvons limiter les ventes par r\u00e9gion, personne ou quantit\u00e9 et ajuster les descriptions ou les prix \u00e0 notre discr\u00e9tion.<\/p><h2 dir=\"ltr\">Section 6 \u2013 Facturation et pr\u00e9cision du compte<\/h2><p dir=\"ltr\">Nous pouvons refuser les commandes ou limiter les quantit\u00e9s par personne ou par m\u00e9nage. Pour assurer des transactions fluides, vous devez fournir des informations de compte et d'achat exactes et les mettre \u00e0 jour rapidement. Pour plus de d\u00e9tails, consultez notre politique de retour.<\/p><h2 dir=\"ltr\">Section 7 \u2013 Outils optionnels<\/h2><p dir=\"ltr\">Nous fournissons des outils tiers \u00ab tels quels \u00bb sans garantie. Vous utilisez donc ces outils \u00e0 vos propres risques. De m\u00eame, de nouveaux services ou fonctionnalit\u00e9s introduits sur le site Web adh\u00e9reront aux pr\u00e9sentes conditions.<\/p><h2 dir=\"ltr\">Section 8 \u2013 Liens tiers<\/h2><p dir=\"ltr\">Notre site Web peut inclure des liens vers des sites tiers qui ne nous sont pas affili\u00e9s. Comme nous ne contr\u00f4lons pas leur contenu ou leur exactitude, nous n'avons pas de contr\u00f4le sur leurs politiques avant de s'engager dans des transactions. De plus, signalez tout probl\u00e8me directement \u00e0 la tierce partie.<\/p><h2 dir=\"ltr\">Section 9 \u2013 Commentaires et commentaires des utilisateurs<\/h2><p dir=\"ltr\">Vous nous accordez le droit d'utiliser et de diffuser tout commentaire ou commentaire que vous fournissez. Pendant ce temps, nous pouvons surveiller, modifier ou supprimer des contenus que nous jugeons ill\u00e9gaux ou offensants. Il est important de noter que vos commentaires ne doivent pas violer les droits de tiers ou contenir du contenu pr\u00e9judiciable.<\/p><h2 dir=\"ltr\">Section 10 \u2013 Donn\u00e9es personnelles<\/h2><p dir=\"ltr\">Notre politique de confidentialit\u00e9 r\u00e9git la soumission des donn\u00e9es personnelles.<\/p><h3 dir=\"ltr\">Section 10.1 \u2013 Politique relative aux cookies<\/h3><p dir=\"ltr\">Nous utilisons des cookies pour am\u00e9liorer votre exp\u00e9rience de navigation et fournir un contenu personnalis\u00e9. En utilisant notre site Web, vous consentez \u00e0 notre utilisation des cookies. De plus, vous pouvez g\u00e9rer les param\u00e8tres des cookies \u00e0 tout moment.<\/p><h2 dir=\"ltr\">Section 11 \u2013 Erreurs et inexactitudes<\/h2><p dir=\"ltr\">Nous pouvons corriger les erreurs ou les inexactitudes dans les descriptions de produits, les prix ou les offres sans pr\u00e9avis. Sauf obligation de loi, nous ne nous engageons pas \u00e0 mettre \u00e0 jour les informations.<\/p><h2 dir=\"ltr\">Section 12 \u2013 Utilisations interdites<\/h2><p dir=\"ltr\">Vous ne devez pas utiliser le site Web \u00e0 des fins ill\u00e9gales, harcelantes ou malveillantes. Par cons\u00e9quent, nous pouvons mettre fin aux Services pour toute violation.<\/p><h2 dir=\"ltr\">Section 13 \u2013 D\u00e9sclaments et responsabilit\u00e9<\/h2><p dir=\"ltr\">Nous ne garantissons pas un service ininterrompu ou sans erreur. Par cons\u00e9quent, vous utilisez le Service \u00e0 vos propres risques et nous ne sommes pas responsables des dommages.<\/p><h2 dir=\"ltr\">Section 14 \u2013 Indemnisation<\/h2><p dir=\"ltr\">Vous acceptez de nous indemniser pour les r\u00e9clamations d\u00e9coulant de votre violation des pr\u00e9sentes conditions.<\/p><h2 dir=\"ltr\">Section 15 \u2013 Divisibilit\u00e9<\/h2><p dir=\"ltr\">Si une disposition est inapplicable, les autres dispositions restent effectives.<\/p><h2 dir=\"ltr\">Article 16 \u2013 R\u00e9siliation<\/h2><p dir=\"ltr\">Les obligations avant la r\u00e9siliation restent contraignantes. Pour r\u00e9silier le pr\u00e9sent accord, informez-nous \u00e0 tout moment. \u00c0 l'inverse, nous pouvons r\u00e9silier le contrat sans pr\u00e9avis si vous enfreignez ces conditions.<\/p><h2 dir=\"ltr\">Section 17 \u2013 D\u00e9rogation<\/h2><p dir=\"ltr\">La renonciation \u00e0 un terme n'a pas renonc\u00e9 \u00e0 ses droits futurs.<\/p><h2 dir=\"ltr\">Article 18 \u2013 Loi applicable<\/h2><p dir=\"ltr\">Les lois de l'\u00c9tat de Californie r\u00e9gissent ces conditions.<\/p><h2 dir=\"ltr\">Section 19 \u2013 Arbitrage et renonciation au recours collectif<\/h2><p dir=\"ltr\">Vous devez r\u00e9soudre les litiges, sauf ceux qui sont dans les petites cr\u00e9ances, par l'interm\u00e9diaire d'un arbitrage individuel. Ainsi, vous ne pouvez pas d\u00e9poser de r\u00e9clamations dans le cadre d'un recours collectif.<\/p><h2 dir=\"ltr\">Article 20 \u2013 Entente compl\u00e8te<\/h2><p dir=\"ltr\">Ces conditions forment l'int\u00e9gralit\u00e9 de l'accord entre vous et nous, en supprimant les accords ant\u00e9rieurs. De plus, les ambigu\u00eft\u00e9s d'interpr\u00e9tation ne favorisent aucune des parties.<\/p><h2 dir=\"ltr\">Section 21 \u2013 Coordonn\u00e9es<\/h2><p dir=\"ltr\">Pour toute question sur ces conditions d'utilisation, contactez-nous \u00e0 info@vapeenjoy.com.<\/p><p dir=\"ltr\">Merci d'avoir examin\u00e9 nos conditions g\u00e9n\u00e9rales. Nous nous effor\u00e7ons d'assurer une exp\u00e9rience transparente et s\u00e9curis\u00e9e sur VapeEnjoy.com.<\/p>\t\t\t\t\t\t\t\t<\/div>\n\t\t\t\t\t<\/div>\n\t\t\t\t<\/div>\n\t\t<div class=\"wd-negative-gap elementor-element elementor-element-a291d96 e-flex e-con-boxed e-con e-parent\" data-id=\"a291d96\" data-element_type=\"container\">\n\t\t\t\t\t<div class=\"e-con-inner\">\n\t\t\t\t<div class=\"elementor-element elementor-element-3013edb elementor-widget elementor-widget-wd_image_or_svg\" data-id=\"3013edb\" data-element_type=\"widget\" data-widget_type=\"wd_image_or_svg.default\">\n\t\t\t\t<div class=\"elementor-widget-container\">\n\t\t\t\t\t\n\t\t<div class=\"wd-image text-left\">\n\t\t\t\t\t\t\t\t<img fetchpriority=\"high\" decoding=\"async\" width=\"1300\" height=\"900\" src=\"https:\/\/vapeenjoy.com\/wp-content\/uploads\/2025\/08\/Brand.png\" class=\"attachment-full size-full\" alt=\"Marque VapeEnjoy\" srcset=\"https:\/\/vapeenjoy.com\/wp-content\/uploads\/2025\/08\/Brand.png 1300w, https:\/\/vapeenjoy.com\/wp-content\/uploads\/2025\/08\/Brand-300x208.png 300w, https:\/\/vapeenjoy.com\/wp-content\/uploads\/2025\/08\/Brand-1024x709.png 1024w, https:\/\/vapeenjoy.com\/wp-content\/uploads\/2025\/08\/Brand-768x532.png 768w, https:\/\/vapeenjoy.com\/wp-content\/uploads\/2025\/08\/Brand-1200x831.png 1200w, https:\/\/vapeenjoy.com\/wp-content\/uploads\/2025\/08\/Brand-150x104.png 150w\" sizes=\"(max-width: 1300px) 100vw, 1300px\" \/>\t\t\t\t\t<\/div>\n\n\t\t\t\t\t\t<\/div>\n\t\t\t\t<\/div>\n\t\t\t\t\t<\/div>\n\t\t\t\t<\/div>\n\t\t\t\t<\/div>","protected":false},"excerpt":{"rendered":"<p>Terms and Conditions for Vapeenjoy.com Welcome to Vapeenjoy.com, your premier destination for disposable vape. Vapeenjoy operates this website and commits<\/p>","protected":false},"author":1,"featured_media":0,"parent":0,"menu_order":0,"comment_status":"closed","ping_status":"closed","template":"","meta":{"footnotes":""},"class_list":["post-1954","page","type-page","status-publish","hentry"],"yoast_head":"<!-- This site is optimized with the Yoast SEO plugin v25.7 - https:\/\/yoast.com\/wordpress\/plugins\/seo\/ -->\n<title>Vapeenjoy Terms and Conditions - Your Guide to Our Policies<\/title>\n<meta name=\"description\" content=\"Review Vapeenjoy Terms and Conditions for our policies, user responsibilities, and legal guidelines to ensure seamless vaping experience.\" \/>\n<meta name=\"robots\" content=\"index, follow, max-snippet:-1, max-image-preview:large, max-video-preview:-1\" \/>\n<link rel=\"canonical\" href=\"https:\/\/vapeenjoy.com\/fr\/termes-et-conditions\/\" \/>\n<meta property=\"og:locale\" content=\"fr_FR\" \/>\n<meta property=\"og:type\" content=\"article\" \/>\n<meta property=\"og:title\" content=\"Vapeenjoy Terms and Conditions - Your Guide to Our Policies\" \/>\n<meta property=\"og:description\" content=\"Review Vapeenjoy Terms and Conditions for our policies, user responsibilities, and legal guidelines to ensure seamless vaping experience.\" \/>\n<meta property=\"og:url\" content=\"https:\/\/vapeenjoy.com\/fr\/termes-et-conditions\/\" \/>\n<meta property=\"og:site_name\" content=\"vapeenjoy\" \/>\n<meta property=\"article:modified_time\" content=\"2025-08-27T01:27:48+00:00\" \/>\n<meta property=\"og:image\" content=\"https:\/\/vapeenjoy.com\/wp-content\/uploads\/2025\/08\/Brand.png\" \/>\n<meta name=\"twitter:card\" content=\"summary_large_image\" \/>\n<meta name=\"twitter:label1\" content=\"Dur\u00e9e de lecture estim\u00e9e\" \/>\n\t<meta name=\"twitter:data1\" content=\"5 minutes\" \/>\n<script type=\"application\/ld+json\" class=\"yoast-schema-graph\">{\"@context\":\"https:\/\/schema.org\",\"@graph\":[{\"@type\":\"WebPage\",\"@id\":\"https:\/\/vapeenjoy.com\/terms-and-conditions\/\",\"url\":\"https:\/\/vapeenjoy.com\/terms-and-conditions\/\",\"name\":\"Vapeenjoy Terms and Conditions - Your Guide to Our Policies\",\"isPartOf\":{\"@id\":\"https:\/\/vapeenjoy.com\/#website\"},\"primaryImageOfPage\":{\"@id\":\"https:\/\/vapeenjoy.com\/terms-and-conditions\/#primaryimage\"},\"image\":{\"@id\":\"https:\/\/vapeenjoy.com\/terms-and-conditions\/#primaryimage\"},\"thumbnailUrl\":\"https:\/\/vapeenjoy.com\/wp-content\/uploads\/2025\/08\/Brand.png\",\"datePublished\":\"2025-08-11T06:51:29+00:00\",\"dateModified\":\"2025-08-27T01:27:48+00:00\",\"description\":\"Review Vapeenjoy Terms and Conditions for our policies, user responsibilities, and legal guidelines to ensure seamless vaping experience.\",\"breadcrumb\":{\"@id\":\"https:\/\/vapeenjoy.com\/terms-and-conditions\/#breadcrumb\"},\"inLanguage\":\"fr-FR\",\"potentialAction\":[{\"@type\":\"ReadAction\",\"target\":[\"https:\/\/vapeenjoy.com\/terms-and-conditions\/\"]}]},{\"@type\":\"ImageObject\",\"inLanguage\":\"fr-FR\",\"@id\":\"https:\/\/vapeenjoy.com\/terms-and-conditions\/#primaryimage\",\"url\":\"https:\/\/vapeenjoy.com\/wp-content\/uploads\/2025\/08\/Brand.png\",\"contentUrl\":\"https:\/\/vapeenjoy.com\/wp-content\/uploads\/2025\/08\/Brand.png\"},{\"@type\":\"BreadcrumbList\",\"@id\":\"https:\/\/vapeenjoy.com\/terms-and-conditions\/#breadcrumb\",\"itemListElement\":[{\"@type\":\"ListItem\",\"position\":1,\"name\":\"Home\",\"item\":\"https:\/\/vapeenjoy.com\/\"},{\"@type\":\"ListItem\",\"position\":2,\"name\":\"terms and Conditions\"}]},{\"@type\":\"WebSite\",\"@id\":\"https:\/\/vapeenjoy.com\/#website\",\"url\":\"https:\/\/vapeenjoy.com\/\",\"name\":\"vapeenjoy\",\"description\":\"An online store for selling vapes\",\"potentialAction\":[{\"@type\":\"SearchAction\",\"target\":{\"@type\":\"EntryPoint\",\"urlTemplate\":\"https:\/\/vapeenjoy.com\/?s={search_term_string}\"},\"query-input\":{\"@type\":\"PropertyValueSpecification\",\"valueRequired\":true,\"valueName\":\"search_term_string\"}}],\"inLanguage\":\"fr-FR\"}]}<\/script>\n<!-- \/ Yoast SEO plugin. -->","yoast_head_json":{"title":"VAPEPENJOY CONDITIONS G\u00c9N\u00c9RALES - VOTRE GUIDE DE NOS POLIT","description":"Consultez les conditions g\u00e9n\u00e9rales de VapeEnjoy pour nos politiques, nos responsabilit\u00e9s d'utilisateur et les directives l\u00e9gales pour garantir une exp\u00e9rience de vapotage transparente.","robots":{"index":"index","follow":"follow","max-snippet":"max-snippet:-1","max-image-preview":"max-image-preview:large","max-video-preview":"max-video-preview:-1"},"canonical":"https:\/\/vapeenjoy.com\/fr\/termes-et-conditions\/","og_locale":"fr_FR","og_type":"article","og_title":"Vapeenjoy Terms and Conditions - Your Guide to Our Policies","og_description":"Review Vapeenjoy Terms and Conditions for our policies, user responsibilities, and legal guidelines to ensure seamless vaping experience.","og_url":"https:\/\/vapeenjoy.com\/fr\/termes-et-conditions\/","og_site_name":"vapeenjoy","article_modified_time":"2025-08-27T01:27:48+00:00","og_image":[{"url":"https:\/\/vapeenjoy.com\/wp-content\/uploads\/2025\/08\/Brand.png","type":"","width":"","height":""}],"twitter_card":"summary_large_image","twitter_misc":{"Dur\u00e9e de lecture estim\u00e9e":"5 minutes"},"schema":{"@context":"https:\/\/schema.org","@graph":[{"@type":"WebPage","@id":"https:\/\/vapeenjoy.com\/terms-and-conditions\/","url":"https:\/\/vapeenjoy.com\/terms-and-conditions\/","name":"VAPEPENJOY CONDITIONS G\u00c9N\u00c9RALES - VOTRE GUIDE DE NOS POLIT","isPartOf":{"@id":"https:\/\/vapeenjoy.com\/#website"},"primaryImageOfPage":{"@id":"https:\/\/vapeenjoy.com\/terms-and-conditions\/#primaryimage"},"image":{"@id":"https:\/\/vapeenjoy.com\/terms-and-conditions\/#primaryimage"},"thumbnailUrl":"https:\/\/vapeenjoy.com\/wp-content\/uploads\/2025\/08\/Brand.png","datePublished":"2025-08-11T06:51:29+00:00","dateModified":"2025-08-27T01:27:48+00:00","description":"Consultez les conditions g\u00e9n\u00e9rales de VapeEnjoy pour nos politiques, nos responsabilit\u00e9s d'utilisateur et les directives l\u00e9gales pour garantir une exp\u00e9rience de vapotage transparente.","breadcrumb":{"@id":"https:\/\/vapeenjoy.com\/terms-and-conditions\/#breadcrumb"},"inLanguage":"fr-FR","potentialAction":[{"@type":"ReadAction","target":["https:\/\/vapeenjoy.com\/terms-and-conditions\/"]}]},{"@type":"ImageObject","inLanguage":"fr-FR","@id":"https:\/\/vapeenjoy.com\/terms-and-conditions\/#primaryimage","url":"https:\/\/vapeenjoy.com\/wp-content\/uploads\/2025\/08\/Brand.png","contentUrl":"https:\/\/vapeenjoy.com\/wp-content\/uploads\/2025\/08\/Brand.png"},{"@type":"BreadcrumbList","@id":"https:\/\/vapeenjoy.com\/terms-and-conditions\/#breadcrumb","itemListElement":[{"@type":"ListItem","position":1,"name":"Home","item":"https:\/\/vapeenjoy.com\/"},{"@type":"ListItem","position":2,"name":"terms and Conditions"}]},{"@type":"WebSite","@id":"https:\/\/vapeenjoy.com\/#website","url":"https:\/\/vapeenjoy.com\/","name":"VapeEnjoy","description":"Une boutique en ligne pour la vente de vapoteurs","potentialAction":[{"@type":"SearchAction","target":{"@type":"EntryPoint","urlTemplate":"https:\/\/vapeenjoy.com\/?s={search_term_string}"},"query-input":{"@type":"PropertyValueSpecification","valueRequired":true,"valueName":"search_term_string"}}],"inLanguage":"fr-FR"}]}},"_links":{"self":[{"href":"https:\/\/vapeenjoy.com\/fr\/wp-json\/wp\/v2\/pages\/1954","targetHints":{"allow":["GET"]}}],"collection":[{"href":"https:\/\/vapeenjoy.com\/fr\/wp-json\/wp\/v2\/pages"}],"about":[{"href":"https:\/\/vapeenjoy.com\/fr\/wp-json\/wp\/v2\/types\/page"}],"author":[{"embeddable":true,"href":"https:\/\/vapeenjoy.com\/fr\/wp-json\/wp\/v2\/users\/1"}],"replies":[{"embeddable":true,"href":"https:\/\/vapeenjoy.com\/fr\/wp-json\/wp\/v2\/comments?post=1954"}],"version-history":[{"count":21,"href":"https:\/\/vapeenjoy.com\/fr\/wp-json\/wp\/v2\/pages\/1954\/revisions"}],"predecessor-version":[{"id":2628,"href":"https:\/\/vapeenjoy.com\/fr\/wp-json\/wp\/v2\/pages\/1954\/revisions\/2628"}],"wp:attachment":[{"href":"https:\/\/vapeenjoy.com\/fr\/wp-json\/wp\/v2\/media?parent=1954"}],"curies":[{"name":"WP","href":"https:\/\/api.w.org\/{rel}","templated":true}]}}