{"id":1961,"date":"2025-08-11T06:57:48","date_gmt":"2025-08-11T06:57:48","guid":{"rendered":"https:\/\/vapeenjoy.com\/?page_id=1961"},"modified":"2025-08-26T08:27:47","modified_gmt":"2025-08-26T08:27:47","slug":"vapeenjoy-faq","status":"publish","type":"page","link":"https:\/\/vapeenjoy.com\/fr\/faq-de-vapeenjoy\/","title":{"rendered":"FAQ de VapeEnjoy"},"content":{"rendered":"<div data-elementor-type=\"wp-page\" data-elementor-id=\"1961\" class=\"elementor elementor-1961\">\n\t\t\t\t<div class=\"wd-negative-gap elementor-element elementor-element-df5092f e-flex e-con-boxed e-con e-parent\" data-id=\"df5092f\" data-element_type=\"container\">\n\t\t\t\t\t<div class=\"e-con-inner\">\n\t\t\t\t<div class=\"elementor-element elementor-element-5e21ddc color-scheme-inherit text-left elementor-widget elementor-widget-text-editor\" data-id=\"5e21ddc\" data-element_type=\"widget\" data-widget_type=\"text-editor.default\">\n\t\t\t\t\t\t\t\t\t<h2>FAQ de VapeEnjoy<\/h2>\t\t\t\t\t\t\t\t<\/div>\n\t\t\t\t<div class=\"elementor-element elementor-element-cec4ba3 elementor-widget elementor-widget-wd_accordion\" data-id=\"cec4ba3\" data-element_type=\"widget\" data-widget_type=\"wd_accordion.default\">\n\t\t\t\t<div class=\"elementor-widget-container\">\n\t\t\t\t\t\n\t\t<div class=\"wd-accordion wd-style-default wd-border-off wd-titles-left wd-opener-pos-right wd-opener-style-arrow\" data-state=\"all_closed\">\n\t\t\t\t\t\t\t\n\t\t\t\t<div class=\"wd-accordion-item\">\n\t\t\t\t\t<div class=\"wd-accordion-title\" data-accordion-index=\"0\">\n\t\t\t\t\t\t<div class=\"wd-accordion-title-text\">\n\t\t\t\t\t\t\t\t\t\t\t\t\t\t<span>\n\t\t\t\t\t\t\t\tQuels sont les modes de paiement accept\u00e9s ?\t\t\t\t\t\t\t<\/span>\n\t\t\t\t\t\t<\/div>\n\t\t\t\t\t\t<span class=\"wd-accordion-opener\"><\/span>\n\t\t\t\t\t<\/div>\n\n\t\t\t\t\t<div class=\"wd-accordion-content wd-entry-content\" data-accordion-index=\"0\">\n\t\t\t\t\t\t\t\t\t\t\t\t\t\n\t\t\t\t\t\t\t<p>Nous acceptons une vari\u00e9t\u00e9 de m\u00e9thodes de paiement, notamment les cartes de cr\u00e9dit, les cartes de d\u00e9bit, les crypto-monnaies, etc. Vous pouvez trouver les m\u00e9thodes de paiement disponibles sur la page de paiement.<\/p>\n\t\t\t\t\t\t\t\t\t\t\t\t\t\t\t\t\t\t<\/div>\n\t\t\t\t<\/div>\n\t\t\t\t\t\t\t\n\t\t\t\t<div class=\"wd-accordion-item\">\n\t\t\t\t\t<div class=\"wd-accordion-title\" data-accordion-index=\"1\">\n\t\t\t\t\t\t<div class=\"wd-accordion-title-text\">\n\t\t\t\t\t\t\t\t\t\t\t\t\t\t<span>\n\t\t\t\t\t\t\t\tOffrez-vous une option de paiement \u00e0 la livraison\u00a0?\t\t\t\t\t\t\t<\/span>\n\t\t\t\t\t\t<\/div>\n\t\t\t\t\t\t<span class=\"wd-accordion-opener\"><\/span>\n\t\t\t\t\t<\/div>\n\n\t\t\t\t\t<div class=\"wd-accordion-content wd-entry-content\" data-accordion-index=\"1\">\n\t\t\t\t\t\t\t\t\t\t\t\t\t\n\t\t\t\t\t\t\t<p>Nous n'offrons pas de paiement en esp\u00e8ces \u00e0 la livraison. Vous devez utiliser un moyen de paiement en ligne pour acheter.<\/p>\n\t\t\t\t\t\t\t\t\t\t\t\t\t\t\t\t\t\t<\/div>\n\t\t\t\t<\/div>\n\t\t\t\t\t\t\t\n\t\t\t\t<div class=\"wd-accordion-item\">\n\t\t\t\t\t<div class=\"wd-accordion-title\" data-accordion-index=\"2\">\n\t\t\t\t\t\t<div class=\"wd-accordion-title-text\">\n\t\t\t\t\t\t\t\t\t\t\t\t\t\t<span>\n\t\t\t\t\t\t\t\tLes paiements sur votre site Web sont-ils s\u00e9curis\u00e9s ?\t\t\t\t\t\t\t<\/span>\n\t\t\t\t\t\t<\/div>\n\t\t\t\t\t\t<span class=\"wd-accordion-opener\"><\/span>\n\t\t\t\t\t<\/div>\n\n\t\t\t\t\t<div class=\"wd-accordion-content wd-entry-content\" data-accordion-index=\"2\">\n\t\t\t\t\t\t\t\t\t\t\t\t\t\n\t\t\t\t\t\t\t<div class=\"T4LgNb\"><div class=\"ToWKne\"><div class=\"OlSOob\"><div class=\"ccvoYb\"><div class=\"zXU7Rb\"><div class=\"akczyd\"><div class=\"X4DQ0 zWsGpc\"><div class=\"vLsFwd bX0Okd\"><p>Oui, nous mettons en \u0153uvre diverses mesures de s\u00e9curit\u00e9, telles que le cryptage et le traitement des paiements conformes \u00e0 la norme PCI. Notre site Web est certifi\u00e9 McAfee Secure et Google\u00a0Safe est certifi\u00e9 pour plus de s\u00e9curit\u00e9.<\/p><\/div><\/div><\/div><\/div><\/div><\/div><\/div><\/div>\n\t\t\t\t\t\t\t\t\t\t\t\t\t\t\t\t\t\t<\/div>\n\t\t\t\t<\/div>\n\t\t\t\t\t\t\t\n\t\t\t\t<div class=\"wd-accordion-item\">\n\t\t\t\t\t<div class=\"wd-accordion-title\" data-accordion-index=\"3\">\n\t\t\t\t\t\t<div class=\"wd-accordion-title-text\">\n\t\t\t\t\t\t\t\t\t\t\t\t\t\t<span>\n\t\t\t\t\t\t\t\tComment acc\u00e9der \u00e0 mon historique de commandes apr\u00e8s avoir termin\u00e9 le paiement ?\t\t\t\t\t\t\t<\/span>\n\t\t\t\t\t\t<\/div>\n\t\t\t\t\t\t<span class=\"wd-accordion-opener\"><\/span>\n\t\t\t\t\t<\/div>\n\n\t\t\t\t\t<div class=\"wd-accordion-content wd-entry-content\" data-accordion-index=\"3\">\n\t\t\t\t\t\t\t\t\t\t\t\t\t\n\t\t\t\t\t\t\t<p>Pour consulter l'historique de vos commandes apr\u00e8s le paiement, connectez-vous \u00e0 votre compte et acc\u00e9dez \u00e0 la page \"Mon compte\". Dans la section \"Historique des commandes\", vous pouvez afficher les d\u00e9tails de paiement et l'\u00e9tat des commandes pr\u00e9c\u00e9dentes.<\/p>\n\t\t\t\t\t\t\t\t\t\t\t\t\t\t\t\t\t\t<\/div>\n\t\t\t\t<\/div>\n\t\t\t\t\t\t\t\n\t\t\t\t<div class=\"wd-accordion-item\">\n\t\t\t\t\t<div class=\"wd-accordion-title\" data-accordion-index=\"4\">\n\t\t\t\t\t\t<div class=\"wd-accordion-title-text\">\n\t\t\t\t\t\t\t\t\t\t\t\t\t\t<span>\n\t\t\t\t\t\t\t\tPuis-je utiliser un code de r\u00e9duction ou une carte-cadeau lors du paiement\u00a0?\t\t\t\t\t\t\t<\/span>\n\t\t\t\t\t\t<\/div>\n\t\t\t\t\t\t<span class=\"wd-accordion-opener\"><\/span>\n\t\t\t\t\t<\/div>\n\n\t\t\t\t\t<div class=\"wd-accordion-content wd-entry-content\" data-accordion-index=\"4\">\n\t\t\t\t\t\t\t\t\t\t\t\t\t\n\t\t\t\t\t\t\t<p>Oui, vous pouvez saisir un code de r\u00e9duction ou des d\u00e9tails sur la carte-cadeau sur la page de paiement pour b\u00e9n\u00e9ficier de la r\u00e9duction.<\/p>\n\t\t\t\t\t\t\t\t\t\t\t\t\t\t\t\t\t\t<\/div>\n\t\t\t\t<\/div>\n\t\t\t\t\t\t\t\n\t\t\t\t<div class=\"wd-accordion-item\">\n\t\t\t\t\t<div class=\"wd-accordion-title\" data-accordion-index=\"5\">\n\t\t\t\t\t\t<div class=\"wd-accordion-title-text\">\n\t\t\t\t\t\t\t\t\t\t\t\t\t\t<span>\n\t\t\t\t\t\t\t\tQu'est-ce qu'un vapotage jetable ?\t\t\t\t\t\t\t<\/span>\n\t\t\t\t\t\t<\/div>\n\t\t\t\t\t\t<span class=\"wd-accordion-opener\"><\/span>\n\t\t\t\t\t<\/div>\n\n\t\t\t\t\t<div class=\"wd-accordion-content wd-entry-content\" data-accordion-index=\"5\">\n\t\t\t\t\t\t\t\t\t\t\t\t\t\n\t\t\t\t\t\t\t<p dir=\"auto\">Une vape jetable, \u00e9galement connue sous le nom de vape jetable, est un appareil de vapotage compact et pr\u00eat \u00e0 l'emploi. Il est livr\u00e9 pr\u00e9-rempli avec un e-liquide et est dot\u00e9 d'une batterie int\u00e9gr\u00e9e. Une fois que le e-liquide est \u00e9puis\u00e9 ou que la batterie est \u00e9puis\u00e9e, l'appareil est jet\u00e9. Il est id\u00e9al pour les d\u00e9butants ou les vapoteurs \u00e0 la recherche d'une solution de vapotage portable et pratique.<\/p>\n\t\t\t\t\t\t\t\t\t\t\t\t\t\t\t\t\t\t<\/div>\n\t\t\t\t<\/div>\n\t\t\t\t\t\t\t\n\t\t\t\t<div class=\"wd-accordion-item\">\n\t\t\t\t\t<div class=\"wd-accordion-title\" data-accordion-index=\"6\">\n\t\t\t\t\t\t<div class=\"wd-accordion-title-text\">\n\t\t\t\t\t\t\t\t\t\t\t\t\t\t<span>\n\t\t\t\t\t\t\t\tPourquoi acheter chez VapeEnjoy ?\t\t\t\t\t\t\t<\/span>\n\t\t\t\t\t\t<\/div>\n\t\t\t\t\t\t<span class=\"wd-accordion-opener\"><\/span>\n\t\t\t\t\t<\/div>\n\n\t\t\t\t\t<div class=\"wd-accordion-content wd-entry-content\" data-accordion-index=\"6\">\n\t\t\t\t\t\t\t\t\t\t\t\t\t\n\t\t\t\t\t\t\t<p dir=\"auto\">Chez VapeEnjoy, nous accordons la priorit\u00e9 \u00e0 votre exp\u00e9rience de vapotage :<\/p><ul dir=\"auto\"><li><strong>Large choix<\/strong>: Les meilleures marques comme Elf Bar, JNR et Al Fakher.<\/li><li><strong>Exp\u00e9dition rapide<\/strong>: Les commandes pass\u00e9es avant 15 heures sont g\u00e9n\u00e9ralement exp\u00e9di\u00e9es le jour m\u00eame.<\/li><li><strong>livraison gratuite<\/strong>: sur les commandes de plus de 50\u00a0\u20ac.<\/li><li><strong>Paiements s\u00e9curis\u00e9s<\/strong>: PayPal, Klarna, cartes de cr\u00e9dit, etc.<\/li><li><strong>Assistance d\u00e9di\u00e9e<\/strong>: Notre \u00e9quipe est disponible par e-mail, t\u00e9l\u00e9phone ou chat en direct.<\/li><li><strong>Qualit\u00e9 de confiance<\/strong>: Produits authentiques de fabricants fiables.<\/li><\/ul>\n\t\t\t\t\t\t\t\t\t\t\t\t\t\t\t\t\t\t<\/div>\n\t\t\t\t<\/div>\n\t\t\t\t\t<\/div>\n\t\t\t\t\t\t<\/div>\n\t\t\t\t<\/div>\n\t\t\t\t\t<\/div>\n\t\t\t\t<\/div>\n\t\t<div class=\"wd-negative-gap elementor-element elementor-element-abfd9b9 e-flex e-con-boxed e-con e-parent\" data-id=\"abfd9b9\" data-element_type=\"container\">\n\t\t\t\t\t<div class=\"e-con-inner\">\n\t\t\t\t<div class=\"elementor-element elementor-element-1c16a1c elementor-widget elementor-widget-wd_image_or_svg\" data-id=\"1c16a1c\" data-element_type=\"widget\" data-widget_type=\"wd_image_or_svg.default\">\n\t\t\t\t<div class=\"elementor-widget-container\">\n\t\t\t\t\t\n\t\t<div class=\"wd-image text-left\">\n\t\t\t\t\t\t\t<a  href=\"https:\/\/vapeenjoy.com\/\" aria-label=\"Image link\">\n\t\t\t\t\t\t\t\t<img decoding=\"async\" width=\"100\" height=\"100\" src=\"https:\/\/vapeenjoy.com\/wp-content\/uploads\/2025\/08\/cropped-\u56fe\u6807-3-100x100.png\" class=\"attachment-100x100 size-100x100\" alt=\"VapeEnjoy\" srcset=\"https:\/\/vapeenjoy.com\/wp-content\/uploads\/2025\/08\/cropped-\u56fe\u6807-3-100x100.png 100w, https:\/\/vapeenjoy.com\/wp-content\/uploads\/2025\/08\/cropped-\u56fe\u6807-3-300x300.png 300w, https:\/\/vapeenjoy.com\/wp-content\/uploads\/2025\/08\/cropped-\u56fe\u6807-3-150x150.png 150w, https:\/\/vapeenjoy.com\/wp-content\/uploads\/2025\/08\/cropped-\u56fe\u6807-3-270x270.png 270w, https:\/\/vapeenjoy.com\/wp-content\/uploads\/2025\/08\/cropped-\u56fe\u6807-3-192x192.png 192w, https:\/\/vapeenjoy.com\/wp-content\/uploads\/2025\/08\/cropped-\u56fe\u6807-3-180x180.png 180w, https:\/\/vapeenjoy.com\/wp-content\/uploads\/2025\/08\/cropped-\u56fe\u6807-3-32x32.png 32w, https:\/\/vapeenjoy.com\/wp-content\/uploads\/2025\/08\/cropped-\u56fe\u6807-3-40x40.png 40w, https:\/\/vapeenjoy.com\/wp-content\/uploads\/2025\/08\/cropped-\u56fe\u6807-3-50x50.png 50w, https:\/\/vapeenjoy.com\/wp-content\/uploads\/2025\/08\/cropped-\u56fe\u6807-3-80x80.png 80w, https:\/\/vapeenjoy.com\/wp-content\/uploads\/2025\/08\/cropped-\u56fe\u6807-3-120x120.png 120w, https:\/\/vapeenjoy.com\/wp-content\/uploads\/2025\/08\/cropped-\u56fe\u6807-3.png 512w\" sizes=\"(max-width: 100px) 100vw, 100px\" \/>\t\t\t\t\t\t\t<\/a>\n\t\t\t\t\t<\/div>\n\n\t\t\t\t\t\t<\/div>\n\t\t\t\t<\/div>\n\t\t\t\t<div class=\"elementor-element elementor-element-13c7053 color-scheme-inherit text-left elementor-widget elementor-widget-text-editor\" data-id=\"13c7053\" data-element_type=\"widget\" data-widget_type=\"text-editor.default\">\n\t\t\t\t\t\t\t\t\t<h3>Si vous avez d'autres questions, n'h\u00e9sitez pas \u00e0 <a class=\"contact-btn\" href=\"https:\/\/vapeenjoy.com\/contact-us\/\">Contactez-nous<\/a>\u00a0par e-mail ou WhatsApp.<\/h3>\t\t\t\t\t\t\t\t<\/div>\n\t\t\t\t\t<\/div>\n\t\t\t\t<\/div>\n\t\t\t\t<\/div>","protected":false},"excerpt":{"rendered":"<p>Vapeenjoy FAQ What payment methods are accepted? We accept a variety of payment methods, including credit cards, debit cards, cryptocurrencies,<\/p>","protected":false},"author":1,"featured_media":0,"parent":0,"menu_order":0,"comment_status":"closed","ping_status":"closed","template":"","meta":{"footnotes":""},"class_list":["post-1961","page","type-page","status-publish","hentry"],"yoast_head":"<!-- This site is optimized with the Yoast SEO plugin v25.7 - https:\/\/yoast.com\/wordpress\/plugins\/seo\/ -->\n<title>Vapeenjoy FAQ - Vape Usage &amp; Buying Guide | Vapeenjoy<\/title>\n<meta name=\"description\" content=\"Answers to your Vapeenjoy Vape questions! Get usage tips and buying advice on our Vapeenjoy FAQ page for a better vaping experience.\" \/>\n<meta name=\"robots\" content=\"index, follow, max-snippet:-1, max-image-preview:large, max-video-preview:-1\" \/>\n<link rel=\"canonical\" href=\"https:\/\/vapeenjoy.com\/fr\/faq-de-vapeenjoy\/\" \/>\n<meta property=\"og:locale\" content=\"fr_FR\" \/>\n<meta property=\"og:type\" content=\"article\" \/>\n<meta property=\"og:title\" content=\"Vapeenjoy FAQ - Vape Usage &amp; Buying Guide | Vapeenjoy\" \/>\n<meta property=\"og:description\" content=\"Answers to your Vapeenjoy Vape questions! Get usage tips and buying advice on our Vapeenjoy FAQ page for a better vaping experience.\" \/>\n<meta property=\"og:url\" content=\"https:\/\/vapeenjoy.com\/fr\/faq-de-vapeenjoy\/\" \/>\n<meta property=\"og:site_name\" content=\"vapeenjoy\" \/>\n<meta property=\"article:modified_time\" content=\"2025-08-26T08:27:47+00:00\" \/>\n<meta name=\"twitter:card\" content=\"summary_large_image\" \/>\n<meta name=\"twitter:label1\" content=\"Dur\u00e9e de lecture estim\u00e9e\" \/>\n\t<meta name=\"twitter:data1\" content=\"2 minutes\" \/>\n<script type=\"application\/ld+json\" class=\"yoast-schema-graph\">{\"@context\":\"https:\/\/schema.org\",\"@graph\":[{\"@type\":\"WebPage\",\"@id\":\"https:\/\/vapeenjoy.com\/vapeenjoy-faq\/\",\"url\":\"https:\/\/vapeenjoy.com\/vapeenjoy-faq\/\",\"name\":\"Vapeenjoy FAQ - Vape Usage & Buying Guide | Vapeenjoy\",\"isPartOf\":{\"@id\":\"https:\/\/vapeenjoy.com\/#website\"},\"datePublished\":\"2025-08-11T06:57:48+00:00\",\"dateModified\":\"2025-08-26T08:27:47+00:00\",\"description\":\"Answers to your Vapeenjoy Vape questions! Get usage tips and buying advice on our Vapeenjoy FAQ page for a better vaping experience.\",\"breadcrumb\":{\"@id\":\"https:\/\/vapeenjoy.com\/vapeenjoy-faq\/#breadcrumb\"},\"inLanguage\":\"fr-FR\",\"potentialAction\":[{\"@type\":\"ReadAction\",\"target\":[\"https:\/\/vapeenjoy.com\/vapeenjoy-faq\/\"]}]},{\"@type\":\"BreadcrumbList\",\"@id\":\"https:\/\/vapeenjoy.com\/vapeenjoy-faq\/#breadcrumb\",\"itemListElement\":[{\"@type\":\"ListItem\",\"position\":1,\"name\":\"Home\",\"item\":\"https:\/\/vapeenjoy.com\/\"},{\"@type\":\"ListItem\",\"position\":2,\"name\":\"Vapeenjoy FAQ\"}]},{\"@type\":\"WebSite\",\"@id\":\"https:\/\/vapeenjoy.com\/#website\",\"url\":\"https:\/\/vapeenjoy.com\/\",\"name\":\"vapeenjoy\",\"description\":\"An online store for selling vapes\",\"potentialAction\":[{\"@type\":\"SearchAction\",\"target\":{\"@type\":\"EntryPoint\",\"urlTemplate\":\"https:\/\/vapeenjoy.com\/?s={search_term_string}\"},\"query-input\":{\"@type\":\"PropertyValueSpecification\",\"valueRequired\":true,\"valueName\":\"search_term_string\"}}],\"inLanguage\":\"fr-FR\"}]}<\/script>\n<!-- \/ Yoast SEO plugin. -->","yoast_head_json":{"title":"FAQ VapeEnjoy - Vapeur Utilisation et Guide d'achat | VapeEnjoy","description":"R\u00e9ponses \u00e0 vos questions VapeEnjoy Vape ! Obtenez des conseils d'utilisation et des conseils d'achat sur notre page FAQ VapeEnjoy pour une meilleure exp\u00e9rience de vapotage.","robots":{"index":"index","follow":"follow","max-snippet":"max-snippet:-1","max-image-preview":"max-image-preview:large","max-video-preview":"max-video-preview:-1"},"canonical":"https:\/\/vapeenjoy.com\/fr\/faq-de-vapeenjoy\/","og_locale":"fr_FR","og_type":"article","og_title":"Vapeenjoy FAQ - Vape Usage & Buying Guide | Vapeenjoy","og_description":"Answers to your Vapeenjoy Vape questions! Get usage tips and buying advice on our Vapeenjoy FAQ page for a better vaping experience.","og_url":"https:\/\/vapeenjoy.com\/fr\/faq-de-vapeenjoy\/","og_site_name":"vapeenjoy","article_modified_time":"2025-08-26T08:27:47+00:00","twitter_card":"summary_large_image","twitter_misc":{"Dur\u00e9e de lecture estim\u00e9e":"2 minutes"},"schema":{"@context":"https:\/\/schema.org","@graph":[{"@type":"WebPage","@id":"https:\/\/vapeenjoy.com\/vapeenjoy-faq\/","url":"https:\/\/vapeenjoy.com\/vapeenjoy-faq\/","name":"FAQ VapeEnjoy - Vapeur Utilisation et Guide d'achat | VapeEnjoy","isPartOf":{"@id":"https:\/\/vapeenjoy.com\/#website"},"datePublished":"2025-08-11T06:57:48+00:00","dateModified":"2025-08-26T08:27:47+00:00","description":"R\u00e9ponses \u00e0 vos questions VapeEnjoy Vape ! Obtenez des conseils d'utilisation et des conseils d'achat sur notre page FAQ VapeEnjoy pour une meilleure exp\u00e9rience de vapotage.","breadcrumb":{"@id":"https:\/\/vapeenjoy.com\/vapeenjoy-faq\/#breadcrumb"},"inLanguage":"fr-FR","potentialAction":[{"@type":"ReadAction","target":["https:\/\/vapeenjoy.com\/vapeenjoy-faq\/"]}]},{"@type":"BreadcrumbList","@id":"https:\/\/vapeenjoy.com\/vapeenjoy-faq\/#breadcrumb","itemListElement":[{"@type":"ListItem","position":1,"name":"Home","item":"https:\/\/vapeenjoy.com\/"},{"@type":"ListItem","position":2,"name":"Vapeenjoy FAQ"}]},{"@type":"WebSite","@id":"https:\/\/vapeenjoy.com\/#website","url":"https:\/\/vapeenjoy.com\/","name":"VapeEnjoy","description":"Une boutique en ligne pour la vente de vapoteurs","potentialAction":[{"@type":"SearchAction","target":{"@type":"EntryPoint","urlTemplate":"https:\/\/vapeenjoy.com\/?s={search_term_string}"},"query-input":{"@type":"PropertyValueSpecification","valueRequired":true,"valueName":"search_term_string"}}],"inLanguage":"fr-FR"}]}},"_links":{"self":[{"href":"https:\/\/vapeenjoy.com\/fr\/wp-json\/wp\/v2\/pages\/1961","targetHints":{"allow":["GET"]}}],"collection":[{"href":"https:\/\/vapeenjoy.com\/fr\/wp-json\/wp\/v2\/pages"}],"about":[{"href":"https:\/\/vapeenjoy.com\/fr\/wp-json\/wp\/v2\/types\/page"}],"author":[{"embeddable":true,"href":"https:\/\/vapeenjoy.com\/fr\/wp-json\/wp\/v2\/users\/1"}],"replies":[{"embeddable":true,"href":"https:\/\/vapeenjoy.com\/fr\/wp-json\/wp\/v2\/comments?post=1961"}],"version-history":[{"count":28,"href":"https:\/\/vapeenjoy.com\/fr\/wp-json\/wp\/v2\/pages\/1961\/revisions"}],"predecessor-version":[{"id":2620,"href":"https:\/\/vapeenjoy.com\/fr\/wp-json\/wp\/v2\/pages\/1961\/revisions\/2620"}],"wp:attachment":[{"href":"https:\/\/vapeenjoy.com\/fr\/wp-json\/wp\/v2\/media?parent=1961"}],"curies":[{"name":"WP","href":"https:\/\/api.w.org\/{rel}","templated":true}]}}