{"id":128,"date":"2025-07-17T10:07:57","date_gmt":"2025-07-17T10:07:57","guid":{"rendered":"https:\/\/vapeenjoy.com\/?post_type=product&#038;p=128"},"modified":"2026-01-17T03:24:13","modified_gmt":"2026-01-17T03:24:13","slug":"bang-de-60k-puffs-3-in-1-disposable-vape","status":"publish","type":"product","link":"https:\/\/vapeenjoy.com\/fr\/produit\/bang-de-60k-gonfle-3-en-1-vape-jetable\/","title":{"rendered":"Bang de 60k Puffs 3-en-1 Flavors Vape jetable 60ml 0-5% Nicotine 850mAh"},"content":{"rendered":"<h2>Bang de 60k Puffs 3 en 1 Flavors Jetable Vape Description<\/h2>\n<p dir=\"ltr\">Bangvapes, une marque de confiance, propose constamment des appareils savoureux pour des go\u00fbts vari\u00e9s. Ainsi, le Bang de 60k Puffs 3-en-1 Jetable Vape offre une option pratique et durable. De plus, sa conception \u00e9l\u00e9gante de 140 g assure une portabilit\u00e9 et une prise en main confortable.<\/p>\n<h2>Sp\u00e9cifications de la vape jetable Bang de 60k Puffs<\/h2>\n<ul class=\"tight\" dir=\"ltr\" data-tight=\"true\">\n<li>\n<p dir=\"ltr\"><strong>capacit\u00e9 de bouff\u00e9e<\/strong>: 60 000 bouff\u00e9es, id\u00e9ales pour une utilisation prolong\u00e9e.<\/p>\n<\/li>\n<li>\n<p dir=\"ltr\"><strong>Capacit\u00e9 de e-liquide<\/strong>: 60 ml de sel de nicotine, r\u00e9partis dans trois chambres \u00e0 saveur.<\/p>\n<\/li>\n<li>\n<p dir=\"ltr\"><strong>force de nicotine<\/strong>: 0%, 2%, 3% ou 5%, afin que les utilisateurs puissent choisir librement.<\/p>\n<\/li>\n<li>\n<p dir=\"ltr\"><strong>pile<\/strong>: 850mAh, rechargeable via Type-C pour plus d'efficacit\u00e9.<\/p>\n<\/li>\n<li>\n<p dir=\"ltr\"><strong>Type de bobine<\/strong>: Bobines double maille, am\u00e9liorant la saveur et la vapeur.<\/p>\n<\/li>\n<li>\n<p dir=\"ltr\"><strong>accusation<\/strong>: Port de type C, permettant une recharge rapide.<\/p>\n<\/li>\n<li>\n<p dir=\"ltr\"><strong>syst\u00e8me de saveurs<\/strong>: 3 en 1 (A, B, A + B), permettant des commutateurs de saveur faciles.<\/p>\n<\/li>\n<li>\n<p dir=\"ltr\"><strong>exposer<\/strong>: LED intelligente, montrant clairement le nombre de batteries et de bouff\u00e9es.<\/p>\n<\/li>\n<li>\n<p dir=\"ltr\"><strong>style d'inhalation<\/strong>: activ\u00e9e par le tirage, assurant un fonctionnement simple.<\/p>\n<\/li>\n<\/ul>\n<h2>12 combinaisons de saveurs premium<\/h2>\n<ol class=\"tight\" dir=\"ltr\" data-tight=\"true\">\n<li>\n<p dir=\"ltr\"><strong>Glace \u00e0 la past\u00e8que \/ menthe myrtille<\/strong>: past\u00e8que juteuse aux notes de glace, m\u00e9lang\u00e9e \u00e0 la myrtille et \u00e0 la menthe.<\/p>\n<\/li>\n<li>\n<p dir=\"ltr\"><strong>Glace de past\u00e8que \/ Bleuet cerise<\/strong>: past\u00e8que fra\u00eeche, associ\u00e9e \u00e0 la myrtille et \u00e0 la cerise acidul\u00e9e.<\/p>\n<\/li>\n<li>\n<p dir=\"ltr\"><strong>Glace aux myrtilles \/ Past\u00e8que \u00e0 la mangue et \u00e0 la p\u00eache<\/strong>: bleuet glac\u00e9, m\u00e9lang\u00e9 avec de la p\u00eache, de la mangue et de la past\u00e8que.<\/p>\n<\/li>\n<li>\n<p dir=\"ltr\"><strong>Glace aux myrtilles \/ glace p\u00eache<\/strong>: Cool bleuet, combin\u00e9 avec p\u00eache et menthol.<\/p>\n<\/li>\n<li>\n<p dir=\"ltr\"><strong>Blueberry Framboise \/ Berry Mixte<\/strong>: myrtille et framboise, fusionn\u00e9e avec des baies m\u00e9lang\u00e9es.<\/p>\n<\/li>\n<li>\n<p dir=\"ltr\"><strong>Myrtille Framboise \/ Glace au raisin<\/strong>: Myrtille et framboise, rehauss\u00e9e de raisin glac\u00e9.<\/p>\n<\/li>\n<li>\n<p dir=\"ltr\"><strong>Red Bull \/ Fraise Banane<\/strong>: Bold Red Bull, fusionn\u00e9 avec Strawberry et Banane.<\/p>\n<\/li>\n<li>\n<p dir=\"ltr\"><strong>Red Bull \/ Blueberry Past\u00e8que<\/strong>: Red Bull, infus\u00e9 de myrtille et de past\u00e8que.<\/p>\n<\/li>\n<li>\n<p dir=\"ltr\"><strong>Mangue de fraises \/ Bubble-gum de past\u00e8que<\/strong>: Fraise et mangue, associ\u00e9e \u00e0 un chewing-gum de past\u00e8que.<\/p>\n<\/li>\n<li>\n<p dir=\"ltr\"><strong>kiwi \u00e0 la fraise \/ kiwi aux fraises<\/strong>: Fraise et mangue, m\u00e9lang\u00e9e avec du kiwi.<\/p>\n<\/li>\n<li>\n<p dir=\"ltr\"><strong>Past\u00e8que de fraise \/ glace de dragon noir<\/strong>: Fraise et past\u00e8que, m\u00e9lang\u00e9e \u00e0 des fruits de dragon noir glac\u00e9.<\/p>\n<\/li>\n<li>\n<p dir=\"ltr\"><strong>Past\u00e8que \u00e0 la fraise \/ Goyave aux fruits de la passion Kiwi<\/strong>: Fraise et past\u00e8que, fusionn\u00e9e avec du kiwi, des fruits de la passion et de la goyave.<\/p>\n<\/li>\n<\/ol>\n<h2>Questions fr\u00e9quentes<\/h2>\n<ol class=\"tight\" dir=\"ltr\" data-tight=\"true\">\n<li>\n<p dir=\"ltr\"><strong>Comment changer de saveur ?<\/strong><br \/>\nFaites simplement glisser le m\u00e9canisme pour s\u00e9lectionner la saveur A, B ou A+B.<\/p>\n<\/li>\n<li>\n<p dir=\"ltr\"><strong>Est-ce rechargeable ?<\/strong><br \/>\nEn effet, la batterie de 850 mAh se recharge via Type-C en 60-90 minutes.<\/p>\n<\/li>\n<li>\n<p dir=\"ltr\"><strong>Puis-je remplir le e-liquide ?<\/strong><br \/>\nNon, c'est un vape jetable non rechargeable pour plus de commodit\u00e9.<\/p>\n<\/li>\n<li>\n<p dir=\"ltr\"><strong>Comment v\u00e9rifier le nombre de batteries ou de bouff\u00e9es\u00a0?<\/strong><br \/>\nId\u00e9alement, l'\u00e9cran LED affiche les donn\u00e9es de la batterie et des bouff\u00e9es.<\/p>\n<\/li>\n<li>\n<p dir=\"ltr\"><strong>Quelles forces de nicotine sont disponibles ?<\/strong><br \/>\nPlus pr\u00e9cis\u00e9ment, choisissez entre 0%, 2%, 3% ou 5%.<\/p>\n<\/li>\n<li>\n<p dir=\"ltr\"><strong>Comment choisir une saveur ?<\/strong><br \/>\nPar exemple, essayez des m\u00e9langes fruit\u00e9s comme la past\u00e8que \u00e0 la fraise. Vous pouvez \u00e9galement s\u00e9lectionner des saveurs audacieuses comme Red Bull. De plus, exp\u00e9rimentez avec les modes A, B ou A + B.<\/p>\n<\/li>\n<\/ol>\n<p><img fetchpriority=\"high\" decoding=\"async\" class=\"alignnone wp-image-132 size-full\" style=\"color: #333333; font-size: 16px;\" src=\"https:\/\/vapeenjoy.com\/wp-content\/uploads\/2025\/07\/bang-de-60k-e1756194308575.jpg\" alt=\"Bang de 60k Puffs 3 en 1 Jetable Vape\" width=\"1200\" height=\"1420\" srcset=\"https:\/\/vapeenjoy.com\/wp-content\/uploads\/2025\/07\/bang-de-60k-e1756194308575.jpg 1200w, https:\/\/vapeenjoy.com\/wp-content\/uploads\/2025\/07\/bang-de-60k-e1756194308575-150x178.jpg 150w, https:\/\/vapeenjoy.com\/wp-content\/uploads\/2025\/07\/bang-de-60k-e1756194308575-254x300.jpg 254w, https:\/\/vapeenjoy.com\/wp-content\/uploads\/2025\/07\/bang-de-60k-e1756194308575-865x1024.jpg 865w, https:\/\/vapeenjoy.com\/wp-content\/uploads\/2025\/07\/bang-de-60k-e1756194308575-768x909.jpg 768w, https:\/\/vapeenjoy.com\/wp-content\/uploads\/2025\/07\/bang-de-60k-e1756194308575-10x12.jpg 10w\" sizes=\"(max-width: 1200px) 100vw, 1200px\" \/><\/p>","protected":false},"excerpt":{"rendered":"<p dir=\"ltr\" data-pm-slice=\"1 1 []\">Bangvapes fournit des solutions de vapotage fiables avec le Bang de 60K Puffs 3-en-1 Jetable Vape. Cet appareil \u00e9l\u00e9gant offre 60\u00a0000 bouff\u00e9es, 60\u00a0ml de e-liquide, des options de nicotine 0-5%, une batterie rechargeable de 850\u00a0mAh et un syst\u00e8me de saveurs 3 en 1 pour une vape personnalisable et durable.<\/p>","protected":false},"featured_media":131,"comment_status":"open","ping_status":"closed","template":"","meta":[],"product_brand":[16],"product_cat":[19],"product_tag":[64,63],"class_list":{"0":"post-128","1":"product","2":"type-product","3":"status-publish","4":"has-post-thumbnail","6":"product_brand-bang-vape","7":"product_cat-60000-puffs-vape","8":"product_tag-0-5-nicotine","9":"product_tag-60ml","11":"first","12":"instock","13":"sale","14":"shipping-taxable","15":"purchasable","16":"product-type-variable"},"yoast_head":"<!-- This site is optimized with the Yoast SEO plugin v25.7 - https:\/\/yoast.com\/wordpress\/plugins\/seo\/ -->\n<title>Bang De 60K Puffs 3-in-1 Disposable Vape 60ml 0-5% Nicotine<\/title>\n<meta name=\"description\" content=\"Bang De 60K Puffs 3-in-1 Disposable Vape: 60ml e-liquid, 0-5% nicotine, 850mAh battery. Triple flavors, dual coils, LED display. Shop now!\" \/>\n<meta name=\"robots\" content=\"index, follow, max-snippet:-1, max-image-preview:large, max-video-preview:-1\" \/>\n<link rel=\"canonical\" href=\"https:\/\/vapeenjoy.com\/fr\/produit\/bang-de-60k-gonfle-3-en-1-vape-jetable\/\" \/>\n<meta property=\"og:locale\" content=\"fr_FR\" \/>\n<meta property=\"og:type\" content=\"article\" \/>\n<meta property=\"og:title\" content=\"Bang De 60K Puffs 3-in-1 Disposable Vape 60ml 0-5% Nicotine\" \/>\n<meta property=\"og:description\" content=\"Bang De 60K Puffs 3-in-1 Disposable Vape: 60ml e-liquid, 0-5% nicotine, 850mAh battery. Triple flavors, dual coils, LED display. Shop now!\" \/>\n<meta property=\"og:url\" content=\"https:\/\/vapeenjoy.com\/fr\/produit\/bang-de-60k-gonfle-3-en-1-vape-jetable\/\" \/>\n<meta property=\"og:site_name\" content=\"vapeenjoy\" \/>\n<meta property=\"article:modified_time\" content=\"2026-01-17T03:24:13+00:00\" \/>\n<meta property=\"og:image\" content=\"https:\/\/vapeenjoy.com\/wp-content\/uploads\/2025\/07\/bang-de-60k-puffs.jpg\" \/>\n\t<meta property=\"og:image:width\" content=\"1000\" \/>\n\t<meta property=\"og:image:height\" content=\"1000\" \/>\n\t<meta property=\"og:image:type\" content=\"image\/jpeg\" \/>\n<meta name=\"twitter:card\" content=\"summary_large_image\" \/>\n<meta name=\"twitter:label1\" content=\"Dur\u00e9e de lecture estim\u00e9e\" \/>\n\t<meta name=\"twitter:data1\" content=\"3 minutes\" \/>\n<script type=\"application\/ld+json\" class=\"yoast-schema-graph\">{\"@context\":\"https:\/\/schema.org\",\"@graph\":[{\"@type\":\"WebPage\",\"@id\":\"https:\/\/vapeenjoy.com\/product\/bang-de-60k-puffs-3-in-1-disposable-vape\/\",\"url\":\"https:\/\/vapeenjoy.com\/product\/bang-de-60k-puffs-3-in-1-disposable-vape\/\",\"name\":\"Bang De 60K Puffs 3-in-1 Disposable Vape 60ml 0-5% Nicotine\",\"isPartOf\":{\"@id\":\"https:\/\/vapeenjoy.com\/#website\"},\"primaryImageOfPage\":{\"@id\":\"https:\/\/vapeenjoy.com\/product\/bang-de-60k-puffs-3-in-1-disposable-vape\/#primaryimage\"},\"image\":{\"@id\":\"https:\/\/vapeenjoy.com\/product\/bang-de-60k-puffs-3-in-1-disposable-vape\/#primaryimage\"},\"thumbnailUrl\":\"https:\/\/vapeenjoy.com\/wp-content\/uploads\/2025\/07\/bang-de-60k-puffs.jpg\",\"datePublished\":\"2025-07-17T10:07:57+00:00\",\"dateModified\":\"2026-01-17T03:24:13+00:00\",\"description\":\"Bang De 60K Puffs 3-in-1 Disposable Vape: 60ml e-liquid, 0-5% nicotine, 850mAh battery. Triple flavors, dual coils, LED display. Shop now!\",\"breadcrumb\":{\"@id\":\"https:\/\/vapeenjoy.com\/product\/bang-de-60k-puffs-3-in-1-disposable-vape\/#breadcrumb\"},\"inLanguage\":\"fr-FR\",\"potentialAction\":[{\"@type\":\"ReadAction\",\"target\":[\"https:\/\/vapeenjoy.com\/product\/bang-de-60k-puffs-3-in-1-disposable-vape\/\"]}]},{\"@type\":\"ImageObject\",\"inLanguage\":\"fr-FR\",\"@id\":\"https:\/\/vapeenjoy.com\/product\/bang-de-60k-puffs-3-in-1-disposable-vape\/#primaryimage\",\"url\":\"https:\/\/vapeenjoy.com\/wp-content\/uploads\/2025\/07\/bang-de-60k-puffs.jpg\",\"contentUrl\":\"https:\/\/vapeenjoy.com\/wp-content\/uploads\/2025\/07\/bang-de-60k-puffs.jpg\",\"width\":1000,\"height\":1000},{\"@type\":\"BreadcrumbList\",\"@id\":\"https:\/\/vapeenjoy.com\/product\/bang-de-60k-puffs-3-in-1-disposable-vape\/#breadcrumb\",\"itemListElement\":[{\"@type\":\"ListItem\",\"position\":1,\"name\":\"Home\",\"item\":\"https:\/\/vapeenjoy.com\/\"},{\"@type\":\"ListItem\",\"position\":2,\"name\":\"Shop\",\"item\":\"https:\/\/vapeenjoy.com\/vapeenjoy-shop\/\"},{\"@type\":\"ListItem\",\"position\":3,\"name\":\"Bang De 60K Puffs 3-in-1 Flavors Disposable Vape 60ml 0-5% Nicotine 850mAh battery\"}]},{\"@type\":\"WebSite\",\"@id\":\"https:\/\/vapeenjoy.com\/#website\",\"url\":\"https:\/\/vapeenjoy.com\/\",\"name\":\"vapeenjoy\",\"description\":\"An online store for selling vapes\",\"potentialAction\":[{\"@type\":\"SearchAction\",\"target\":{\"@type\":\"EntryPoint\",\"urlTemplate\":\"https:\/\/vapeenjoy.com\/?s={search_term_string}\"},\"query-input\":{\"@type\":\"PropertyValueSpecification\",\"valueRequired\":true,\"valueName\":\"search_term_string\"}}],\"inLanguage\":\"fr-FR\"}]}<\/script>\n<!-- \/ Yoast SEO plugin. -->","yoast_head_json":{"title":"Bang de 60k Puffs 3-en-1 Vape jetable 60ml 0-5%","description":"Bang de 60k gonfle 3 en 1 Vape jetable : 60 ml de e-liquide, 0-5%, batterie 850mAh. Triples saveurs, double bobine, affichage LED. Achetez maintenant\u00a0!","robots":{"index":"index","follow":"follow","max-snippet":"max-snippet:-1","max-image-preview":"max-image-preview:large","max-video-preview":"max-video-preview:-1"},"canonical":"https:\/\/vapeenjoy.com\/fr\/produit\/bang-de-60k-gonfle-3-en-1-vape-jetable\/","og_locale":"fr_FR","og_type":"article","og_title":"Bang De 60K Puffs 3-in-1 Disposable Vape 60ml 0-5% Nicotine","og_description":"Bang De 60K Puffs 3-in-1 Disposable Vape: 60ml e-liquid, 0-5% nicotine, 850mAh battery. Triple flavors, dual coils, LED display. Shop now!","og_url":"https:\/\/vapeenjoy.com\/fr\/produit\/bang-de-60k-gonfle-3-en-1-vape-jetable\/","og_site_name":"vapeenjoy","article_modified_time":"2026-01-17T03:24:13+00:00","og_image":[{"width":1000,"height":1000,"url":"https:\/\/vapeenjoy.com\/wp-content\/uploads\/2025\/07\/bang-de-60k-puffs.jpg","type":"image\/jpeg"}],"twitter_card":"summary_large_image","twitter_misc":{"Dur\u00e9e de lecture estim\u00e9e":"3 minutes"},"schema":{"@context":"https:\/\/schema.org","@graph":[{"@type":"WebPage","@id":"https:\/\/vapeenjoy.com\/product\/bang-de-60k-puffs-3-in-1-disposable-vape\/","url":"https:\/\/vapeenjoy.com\/product\/bang-de-60k-puffs-3-in-1-disposable-vape\/","name":"Bang de 60k Puffs 3-en-1 Vape jetable 60ml 0-5%","isPartOf":{"@id":"https:\/\/vapeenjoy.com\/#website"},"primaryImageOfPage":{"@id":"https:\/\/vapeenjoy.com\/product\/bang-de-60k-puffs-3-in-1-disposable-vape\/#primaryimage"},"image":{"@id":"https:\/\/vapeenjoy.com\/product\/bang-de-60k-puffs-3-in-1-disposable-vape\/#primaryimage"},"thumbnailUrl":"https:\/\/vapeenjoy.com\/wp-content\/uploads\/2025\/07\/bang-de-60k-puffs.jpg","datePublished":"2025-07-17T10:07:57+00:00","dateModified":"2026-01-17T03:24:13+00:00","description":"Bang de 60k gonfle 3 en 1 Vape jetable : 60 ml de e-liquide, 0-5%, batterie 850mAh. Triples saveurs, double bobine, affichage LED. Achetez maintenant\u00a0!","breadcrumb":{"@id":"https:\/\/vapeenjoy.com\/product\/bang-de-60k-puffs-3-in-1-disposable-vape\/#breadcrumb"},"inLanguage":"fr-FR","potentialAction":[{"@type":"ReadAction","target":["https:\/\/vapeenjoy.com\/product\/bang-de-60k-puffs-3-in-1-disposable-vape\/"]}]},{"@type":"ImageObject","inLanguage":"fr-FR","@id":"https:\/\/vapeenjoy.com\/product\/bang-de-60k-puffs-3-in-1-disposable-vape\/#primaryimage","url":"https:\/\/vapeenjoy.com\/wp-content\/uploads\/2025\/07\/bang-de-60k-puffs.jpg","contentUrl":"https:\/\/vapeenjoy.com\/wp-content\/uploads\/2025\/07\/bang-de-60k-puffs.jpg","width":1000,"height":1000},{"@type":"BreadcrumbList","@id":"https:\/\/vapeenjoy.com\/product\/bang-de-60k-puffs-3-in-1-disposable-vape\/#breadcrumb","itemListElement":[{"@type":"ListItem","position":1,"name":"Home","item":"https:\/\/vapeenjoy.com\/"},{"@type":"ListItem","position":2,"name":"Shop","item":"https:\/\/vapeenjoy.com\/vapeenjoy-shop\/"},{"@type":"ListItem","position":3,"name":"Bang De 60K Puffs 3-in-1 Flavors Disposable Vape 60ml 0-5% Nicotine 850mAh battery"}]},{"@type":"WebSite","@id":"https:\/\/vapeenjoy.com\/#website","url":"https:\/\/vapeenjoy.com\/","name":"VapeEnjoy","description":"Une boutique en ligne pour la vente de vapoteurs","potentialAction":[{"@type":"SearchAction","target":{"@type":"EntryPoint","urlTemplate":"https:\/\/vapeenjoy.com\/?s={search_term_string}"},"query-input":{"@type":"PropertyValueSpecification","valueRequired":true,"valueName":"search_term_string"}}],"inLanguage":"fr-FR"}]}},"_links":{"self":[{"href":"https:\/\/vapeenjoy.com\/fr\/wp-json\/wp\/v2\/product\/128","targetHints":{"allow":["GET"]}}],"collection":[{"href":"https:\/\/vapeenjoy.com\/fr\/wp-json\/wp\/v2\/product"}],"about":[{"href":"https:\/\/vapeenjoy.com\/fr\/wp-json\/wp\/v2\/types\/product"}],"replies":[{"embeddable":true,"href":"https:\/\/vapeenjoy.com\/fr\/wp-json\/wp\/v2\/comments?post=128"}],"version-history":[{"count":5,"href":"https:\/\/vapeenjoy.com\/fr\/wp-json\/wp\/v2\/product\/128\/revisions"}],"predecessor-version":[{"id":133,"href":"https:\/\/vapeenjoy.com\/fr\/wp-json\/wp\/v2\/product\/128\/revisions\/133"}],"wp:featuredmedia":[{"embeddable":true,"href":"https:\/\/vapeenjoy.com\/fr\/wp-json\/wp\/v2\/media\/131"}],"wp:attachment":[{"href":"https:\/\/vapeenjoy.com\/fr\/wp-json\/wp\/v2\/media?parent=128"}],"wp:term":[{"taxonomy":"product_brand","embeddable":true,"href":"https:\/\/vapeenjoy.com\/fr\/wp-json\/wp\/v2\/product_brand?post=128"},{"taxonomy":"product_cat","embeddable":true,"href":"https:\/\/vapeenjoy.com\/fr\/wp-json\/wp\/v2\/product_cat?post=128"},{"taxonomy":"product_tag","embeddable":true,"href":"https:\/\/vapeenjoy.com\/fr\/wp-json\/wp\/v2\/product_tag?post=128"}],"curies":[{"name":"WP","href":"https:\/\/api.w.org\/{rel}","templated":true}]}}