{"id":173,"date":"2025-07-18T07:42:36","date_gmt":"2025-07-18T07:42:36","guid":{"rendered":"https:\/\/vapeenjoy.com\/?post_type=product&#038;p=173"},"modified":"2025-09-03T07:05:44","modified_gmt":"2025-09-03T07:05:44","slug":"fumot-tornado-25000-puffs-disposable-vape","status":"publish","type":"product","link":"https:\/\/vapeenjoy.com\/fr\/produit\/fumot-tornado-25000-bouffees-jetables\/","title":{"rendered":"Fumot Tornado 25000 bouff\u00e9es jetables Vape 20ml 2-5% Nicotine Type-C Rechargeable"},"content":{"rendered":"<h2 dir=\"ltr\" data-pm-slice=\"1 3 []\">Fumot Tornado 25000 bouff\u00e9es jetables Vape Description du produit<\/h2>\n<p dir=\"ltr\">Fumot, un nom de premier plan dans l'industrie du vapotage sous Fumot Tech, est largement reconnu pour ses vapoteurs jetables de haute qualit\u00e9. Plus pr\u00e9cis\u00e9ment, la marque met l'accent sur la vari\u00e9t\u00e9 des saveurs et les performances durables. Par cons\u00e9quent, le Vape jetable Fumot Tornado 25000 Puffs appara\u00eet comme un appareil remarquable, offrant un nombre impressionnant de bouff\u00e9es et une conception \u00e9l\u00e9gante et conviviale.<\/p>\n<h2 dir=\"ltr\">Conception et attrait visuel<\/h2>\n<p dir=\"ltr\">De plus, sa forme compacte et cylindrique est orn\u00e9e de couleurs de d\u00e9grad\u00e9 vibrants et d'\u0153uvres d'art extraterrestres ludiques. De plus, les voyants LED RGB clignotent \u00e0 chaque bouff\u00e9e, am\u00e9liorant ainsi l'attrait visuel dynamique de l'appareil tout en compl\u00e9tant de mani\u00e8re transparente sa fonctionnalit\u00e9 robuste.<\/p>\n<h2 dir=\"ltr\">Sp\u00e9cifications du produit<\/h2>\n<ul class=\"tight\" dir=\"ltr\" data-tight=\"true\">\n<li>\n<p dir=\"ltr\"><strong>nombre de bouff\u00e9es<\/strong>: jusqu'\u00e0 25\u00a0000\u00a0\u2013 assure une dur\u00e9e de vapotage prolong\u00e9e, r\u00e9duisant ainsi consid\u00e9rablement le besoin de remplacements fr\u00e9quents et favorisant un plaisir prolong\u00e9.<\/p>\n<\/li>\n<li>\n<p dir=\"ltr\"><strong>Capacit\u00e9 de e-liquide<\/strong>: 20 ml \u2013 Pr\u00e9-remplie de sel de nicotine E-liquide, assurant ainsi une livraison de saveurs coh\u00e9rente tout au long de son utilisation.<\/p>\n<\/li>\n<li>\n<p dir=\"ltr\"><strong>force de nicotine<\/strong>\u00a0:\u00a0 2%, 3%, 5% - offre plusieurs options, r\u00e9pondant ainsi \u00e0 diverses pr\u00e9f\u00e9rences, allant de la nicotine aux r\u00e9sultats plus forts.<\/p>\n<\/li>\n<li>\n<p dir=\"ltr\"><strong>pile<\/strong>: 700mAh rechargeable \u2013 \u00e9quip\u00e9e d'une batterie haute capacit\u00e9, qui prend en charge une utilisation prolong\u00e9e et se recharge de mani\u00e8re pratique via un port de type C.<\/p>\n<\/li>\n<li>\n<p dir=\"ltr\"><strong>Type de bobine<\/strong>: Bobine double maillage double c\u0153ur \u2013 am\u00e9liore la production de saveur et de vapeur, offrant ainsi un go\u00fbt riche et des nuages denses \u00e0 chaque bouff\u00e9e.<\/p>\n<\/li>\n<li>\n<p dir=\"ltr\"><strong>circulation d'air<\/strong>: R\u00e9glable \u2013 Permet aux utilisateurs de personnaliser l'intensit\u00e9 de dessin, en passant de mani\u00e8re transparente d'un bouff\u00e9 serr\u00e9 bouche \u00e0 poumon \u00e0 un flux d'air plus ouvert.<\/p>\n<\/li>\n<li>\n<p dir=\"ltr\"><strong>exposer<\/strong>: \u00c9cran TFT de 1,77 pouces - Dispose d'un \u00e9cran haute d\u00e9finition, affichant clairement les niveaux de batterie et de e-liquide en temps r\u00e9el pour une surveillance sans effort.<\/p>\n<\/li>\n<li>\n<p dir=\"ltr\"><strong>mise en marche<\/strong>: activation du tirage \u2013 simplifie le fonctionnement avec un m\u00e9canisme activ\u00e9 par inhalation, \u00e9liminant ainsi le besoin de boutons ou de r\u00e9glages complexes.<\/p>\n<\/li>\n<li>\n<p dir=\"ltr\"><strong>pesant<\/strong>: 130 grammes \u2013 l\u00e9ger et portable, ce qui le rend id\u00e9al pour une utilisation quotidienne.<\/p>\n<\/li>\n<li>\n<p dir=\"ltr\"><strong>accusation<\/strong>: Port de type C \u2013 prend en charge la charge rapide, minimisant ainsi les temps d'arr\u00eat et assurant que l'appareil reste pr\u00eat \u00e0 l'emploi.<\/p>\n<\/li>\n<li>\n<p dir=\"ltr\"><strong>effet visuel<\/strong>: Lumi\u00e8res LED RGB \u2013 Des lumi\u00e8res color\u00e9es s'allument \u00e0 chaque bouff\u00e9e, am\u00e9liorant encore l'attrait esth\u00e9tique de l'appareil.<\/p>\n<\/li>\n<\/ul>\n<h2 dir=\"ltr\">24 options de saveur pour chaque palais<\/h2>\n<h3 dir=\"ltr\">Saveurs fruit\u00e9es<\/h3>\n<ol class=\"tight\" dir=\"ltr\" data-tight=\"true\">\n<li>\n<p dir=\"ltr\"><strong>Glace de ban<\/strong> \u2013 Banane cr\u00e9meuse avec une finale fra\u00eeche et glac\u00e9e, offrant une vape douce et rafra\u00eechissante.<\/p>\n<\/li>\n<li>\n<p dir=\"ltr\"><strong>past\u00e8que aux fraises<\/strong> \u2013 Fraises sucr\u00e9es m\u00e9lang\u00e9es \u00e0 une past\u00e8que juteuse, cr\u00e9ant ainsi une rafra\u00eechissement rafra\u00eechissant et fruit\u00e9.<\/p>\n<\/li>\n<li>\n<p dir=\"ltr\"><strong>Framboise de myrtilles<\/strong> \u2013 Les myrtilles douces associ\u00e9es \u00e0 des framboises acidul\u00e9es, ce qui donne un m\u00e9lange de baies vibrants.<\/p>\n<\/li>\n<li>\n<p dir=\"ltr\"><strong>Glace p\u00eache juteuse<\/strong> \u2013 P\u00eache m\u00fbre avec une finition menthol\u00e9e rafra\u00eechissante, offrant ainsi un coup doux et rafra\u00eechissant.<\/p>\n<\/li>\n<li>\n<p dir=\"ltr\"><strong>mangue de fraises<\/strong> \u2013 Fraises sucr\u00e9es combin\u00e9es \u00e0 la mangue tropicale, r\u00e9sultant en un m\u00e9lange juteux et exotique.<\/p>\n<\/li>\n<li>\n<p dir=\"ltr\"><strong>Past\u00e8que de la mangue et p\u00eache<\/strong> \u2013 Un trio tropical de p\u00eache, de mangue et de past\u00e8que, offrant ainsi une saveur douce et multicouche.<\/p>\n<\/li>\n<li>\n<p dir=\"ltr\"><strong>Goyave aux fruits de la passion Kiwi<\/strong> \u2013 Un trio tropical de kiwi, de fruits de la passion et de goyave, cr\u00e9ant ainsi une vape exotique et juteuse.<\/p>\n<\/li>\n<\/ol>\n<h3 dir=\"ltr\">Saveurs de menthol et de refroidissement<\/h3>\n<ol class=\"tight\" dir=\"ltr\" start=\"8\" data-tight=\"true\">\n<li>\n<p dir=\"ltr\"><strong>Miami Mint<\/strong> \u2013 Menthe nette et revigorante, offrant ainsi une sensation propre et revitalisante.<\/p>\n<\/li>\n<li>\n<p dir=\"ltr\"><strong>glace noire<\/strong> \u2013 Notes audacieuses de Blackberry avec un coup de pied menthol glacial, offrant ainsi une vape rafra\u00eechissante.<\/p>\n<\/li>\n<li>\n<p dir=\"ltr\"><strong>Glace de past\u00e8que<\/strong> \u2013 Past\u00e8que juteuse avec une expiration de menthol froide, d\u00e9livrant ainsi une vape nette et hydratante.<\/p>\n<\/li>\n<li>\n<p dir=\"ltr\"><strong>Bleuet sur glace<\/strong> \u2013 Des myrtilles juteuses au fini menthol\u00e9 givr\u00e9, offrant ainsi une vape fra\u00eeche et fruit\u00e9e.<\/p>\n<\/li>\n<li>\n<p dir=\"ltr\"><strong>glace \u00e0 la fraise<\/strong> \u2013 Fraises m\u00fbres avec une expiration de menthol glaciale, procurant ainsi un coup doux et frais.<\/p>\n<\/li>\n<li>\n<p dir=\"ltr\"><strong>Glace luxuriante<\/strong> \u2013 Past\u00e8que sucr\u00e9e avec menthol glac\u00e9, fournissant ainsi une vape rafra\u00eechissante et croquante.<\/p>\n<\/li>\n<li>\n<p dir=\"ltr\"><strong>glace d'ananas<\/strong> \u2013 Ananas tropicaux avec une brise fra\u00eeche au menthol, r\u00e9sultant en une saveur acidul\u00e9e et rafra\u00eechissante.<\/p>\n<\/li>\n<li>\n<p dir=\"ltr\"><strong>sorbet<\/strong> \u2013 Raisin sucr\u00e9 avec un coup de pied menthol glacial, offrant ainsi une vape audacieuse et rafra\u00eechissante.<\/p>\n<\/li>\n<\/ol>\n<h3 dir=\"ltr\">Bonbons et saveurs sucr\u00e9es<\/h3>\n<ol class=\"tight\" dir=\"ltr\" start=\"16\" data-tight=\"true\">\n<li>\n<p dir=\"ltr\"><strong>Glace blanche \u00e0 la gomme<\/strong> \u2013 Bonbons gommeux sucr\u00e9s avec une touche givr\u00e9e, rappelant les oursons blancs.<\/p>\n<\/li>\n<li>\n<p dir=\"ltr\"><strong>Limonade rose<\/strong> \u2013 Limonade acidul\u00e9e sucr\u00e9e avec des notes de baies, cr\u00e9ant une vape estivale et piquante.<\/p>\n<\/li>\n<li>\n<p dir=\"ltr\"><strong>\u00c9clair arc-en-<\/strong> \u2013 Un m\u00e9lange vibrant de fruits tropicaux avec une douceur semblable \u00e0 un bonbon, offrant ainsi une explosion de saveurs color\u00e9es.<\/p>\n<\/li>\n<li>\n<p dir=\"ltr\"><strong>Bonbons \u00e0 la menthe et \u00e0 la fraise<\/strong> \u2013 Fraise sucr\u00e9e avec une torsion de bonbons menthol\u00e9es, offrant ainsi une saveur ludique et rafra\u00eechissante.<\/p>\n<\/li>\n<\/ol>\n<h3 dir=\"ltr\">Des saveurs uniques et audacieuses<\/h3>\n<ol class=\"tight\" dir=\"ltr\" start=\"20\" data-tight=\"true\">\n<li>\n<p dir=\"ltr\"><strong>bombe \u00e0 cerisier<\/strong> \u2013 Cerise audacieuse et juteuse avec un bord acidul\u00e9, offrant une vape riche et fruit\u00e9e.<\/p>\n<\/li>\n<li>\n<p dir=\"ltr\"><strong>citronnier<\/strong> \u2013 Citron acidul\u00e9 associ\u00e9 \u00e0 un raisin doux, cr\u00e9ant ainsi un m\u00e9lange audacieux et fruit\u00e9.<\/p>\n<\/li>\n<li>\n<p dir=\"ltr\"><strong>pomme double<\/strong> \u2013 Pommes vertes et rouges croquantes, r\u00e9sultant en un go\u00fbt \u00e9quilibr\u00e9 et frais du verger.<\/p>\n<\/li>\n<li>\n<p dir=\"ltr\"><strong>Dr Bleu<\/strong> \u2013 Un m\u00e9lange myst\u00e9rieux de fruits bleus, offrant un profil doux et l\u00e9g\u00e8rement acidul\u00e9.<\/p>\n<\/li>\n<li>\n<p dir=\"ltr\"><strong>cola de cerises<\/strong> \u2013 Cerise douce et cola p\u00e9tillante, r\u00e9sultant en une saveur nostalgique inspir\u00e9e de la soude.<\/p>\n<\/li>\n<\/ol>\n<h2 dir=\"ltr\">Questions fr\u00e9quentes (FAQ)<\/h2>\n<ol dir=\"ltr\">\n<li>\n<p dir=\"ltr\"><strong>Combien de temps dure le Fumot Tornado 25000 ?<\/strong><br \/>\nAvec jusqu'\u00e0 25\u00a0000 bouff\u00e9es, il dure g\u00e9n\u00e9ralement 2 \u00e0 4\u00a0semaines pour les vapoteurs mod\u00e9r\u00e9s ou 1 \u00e0 2\u00a0semaines pour les utilisateurs lourds, selon les habitudes d'utilisation.<\/p>\n<\/li>\n<li>\n<p dir=\"ltr\"><strong>Le Fumot Tornado 25000 peut-il \u00eatre recharg\u00e9 ?<\/strong><br \/>\nOui, il dispose d'un port de type C, permettant ainsi aux utilisateurs de recharger la batterie de 700 mAh et d'utiliser pleinement le e-liquide de 20 ml.<\/p>\n<\/li>\n<li>\n<p dir=\"ltr\"><strong>Le flux d'air est-il r\u00e9glable ?<\/strong><br \/>\nEn effet, le flux d'air r\u00e9glable permet aux utilisateurs de personnaliser le tirage, en passant de mani\u00e8re transparente de la bouche \u00e9troite au poumon \u00e0 l'air libre.<\/p>\n<\/li>\n<li>\n<p dir=\"ltr\"><strong>Existe-t-il des options sans nicotine ?<\/strong><br \/>\nL'appareil offre des forces de nicotine de 2%, 3% et 5%, r\u00e9pondant \u00e0 diverses pr\u00e9f\u00e9rences.<\/p>\n<\/li>\n<li>\n<p dir=\"ltr\"><strong>Comment choisir la bonne saveur ?<\/strong><br \/>\nPour les envies sucr\u00e9es, les options fruit\u00e9es comme la past\u00e8que \u00e0 la fraise ou la goyave aux fruits de la passion Kiwi sont id\u00e9ales. Alternativement, Miami Mint ou Black Ice fournit un coup de pied menthol\u00e9 rafra\u00eechissant, tandis que White Gummy Ice offre une touche de bonbon ludique.<\/p>\n<\/li>\n<li>\n<p dir=\"ltr\"><strong>L'appareil fuit-il ?<\/strong><br \/>\nNon, il est con\u00e7u avec une chambre e-liquide scell\u00e9e, emp\u00eachant ainsi les fuites pour une exp\u00e9rience de vapotage propre et fiable.<\/p>\n<\/li>\n<li>\n<p dir=\"ltr\"><strong>Comment fonctionne l'\u00e9cran d'affichage ?<\/strong><br \/>\nL'\u00e9cran TFT de 1,77 pouces affiche clairement les niveaux de batterie et de e-liquide en temps r\u00e9el, simplifiant ainsi la surveillance de l'utilisation et la planification de la recharge.<\/p>\n<\/li>\n<\/ol>\n<p><img fetchpriority=\"high\" decoding=\"async\" class=\"alignnone wp-image-178 size-full\" src=\"https:\/\/vapeenjoy.com\/wp-content\/uploads\/2025\/07\/Movkin-Tornado-25000-Disposable-Flavors.webp\" alt=\"Fumot Tornado 25000 bouff\u00e9es jetables ar\u00f4mes de vape\" width=\"966\" height=\"449\" srcset=\"https:\/\/vapeenjoy.com\/wp-content\/uploads\/2025\/07\/Movkin-Tornado-25000-Disposable-Flavors.webp 966w, https:\/\/vapeenjoy.com\/wp-content\/uploads\/2025\/07\/Movkin-Tornado-25000-Disposable-Flavors-150x70.webp 150w, https:\/\/vapeenjoy.com\/wp-content\/uploads\/2025\/07\/Movkin-Tornado-25000-Disposable-Flavors-600x279.webp 600w, https:\/\/vapeenjoy.com\/wp-content\/uploads\/2025\/07\/Movkin-Tornado-25000-Disposable-Flavors-300x139.webp 300w, https:\/\/vapeenjoy.com\/wp-content\/uploads\/2025\/07\/Movkin-Tornado-25000-Disposable-Flavors-768x357.webp 768w\" sizes=\"(max-width: 966px) 100vw, 966px\" \/><\/p>\n<p>&nbsp;<\/p>","protected":false},"excerpt":{"rendered":"<p>RandM by Fumot Tech pr\u00e9sente le Vape jetable Tornado 25000 Puffs, avec 25 000 bouff\u00e9es, 20 ml de e-liquide, une batterie de 700 mAh, une bobine double maille, un flux d'air r\u00e9glable et un \u00e9cran TFT de 1,77 pouce pour un vaporisation vibrante et savoureuse.<\/p>","protected":false},"featured_media":176,"comment_status":"open","ping_status":"closed","template":"","meta":[],"product_brand":[29],"product_cat":[30],"product_tag":[64,81],"class_list":{"0":"post-173","1":"product","2":"type-product","3":"status-publish","4":"has-post-thumbnail","6":"product_brand-fumot-vape","7":"product_cat-25k-puffs-vape","8":"product_tag-0-5-nicotine","9":"product_tag-20ml","11":"first","12":"instock","13":"sale","14":"shipping-taxable","15":"purchasable","16":"product-type-variable"},"yoast_head":"<!-- This site is optimized with the Yoast SEO plugin v25.7 - https:\/\/yoast.com\/wordpress\/plugins\/seo\/ -->\n<title>Fumot Tornado 25000 Puffs Disposable Vape 20ml 2%-5% Nicotine<\/title>\n<meta name=\"description\" content=\"Fumot Tornado 25000 Puffs Disposable Vape: 20ml e-liquid, 2%-5% nicotine, Type-C rechargeable. Enjoy lasting flavor and touchscreen control. Order now!\" \/>\n<meta name=\"robots\" content=\"index, follow, max-snippet:-1, max-image-preview:large, max-video-preview:-1\" \/>\n<link rel=\"canonical\" href=\"https:\/\/vapeenjoy.com\/fr\/produit\/fumot-tornado-25000-bouffees-jetables\/\" \/>\n<meta property=\"og:locale\" content=\"fr_FR\" \/>\n<meta property=\"og:type\" content=\"article\" \/>\n<meta property=\"og:title\" content=\"Fumot Tornado 25000 Puffs Disposable Vape 20ml 2%-5% Nicotine\" \/>\n<meta property=\"og:description\" content=\"Fumot Tornado 25000 Puffs Disposable Vape: 20ml e-liquid, 2%-5% nicotine, Type-C rechargeable. Enjoy lasting flavor and touchscreen control. Order now!\" \/>\n<meta property=\"og:url\" content=\"https:\/\/vapeenjoy.com\/fr\/produit\/fumot-tornado-25000-bouffees-jetables\/\" \/>\n<meta property=\"og:site_name\" content=\"vapeenjoy\" \/>\n<meta property=\"article:modified_time\" content=\"2025-09-03T07:05:44+00:00\" \/>\n<meta property=\"og:image\" content=\"https:\/\/vapeenjoy.com\/wp-content\/uploads\/2025\/07\/Fumot-Tornado-25000.png\" \/>\n\t<meta property=\"og:image:width\" content=\"949\" \/>\n\t<meta property=\"og:image:height\" content=\"614\" \/>\n\t<meta property=\"og:image:type\" content=\"image\/png\" \/>\n<meta name=\"twitter:card\" content=\"summary_large_image\" \/>\n<meta name=\"twitter:label1\" content=\"Dur\u00e9e de lecture estim\u00e9e\" \/>\n\t<meta name=\"twitter:data1\" content=\"5 minutes\" \/>\n<script type=\"application\/ld+json\" class=\"yoast-schema-graph\">{\"@context\":\"https:\/\/schema.org\",\"@graph\":[{\"@type\":\"WebPage\",\"@id\":\"https:\/\/vapeenjoy.com\/product\/fumot-tornado-25000-puffs-disposable-vape\/\",\"url\":\"https:\/\/vapeenjoy.com\/product\/fumot-tornado-25000-puffs-disposable-vape\/\",\"name\":\"Fumot Tornado 25000 Puffs Disposable Vape 20ml 2%-5% Nicotine\",\"isPartOf\":{\"@id\":\"https:\/\/vapeenjoy.com\/#website\"},\"primaryImageOfPage\":{\"@id\":\"https:\/\/vapeenjoy.com\/product\/fumot-tornado-25000-puffs-disposable-vape\/#primaryimage\"},\"image\":{\"@id\":\"https:\/\/vapeenjoy.com\/product\/fumot-tornado-25000-puffs-disposable-vape\/#primaryimage\"},\"thumbnailUrl\":\"https:\/\/vapeenjoy.com\/wp-content\/uploads\/2025\/07\/Fumot-Tornado-25000.png\",\"datePublished\":\"2025-07-18T07:42:36+00:00\",\"dateModified\":\"2025-09-03T07:05:44+00:00\",\"description\":\"Fumot Tornado 25000 Puffs Disposable Vape: 20ml e-liquid, 2%-5% nicotine, Type-C rechargeable. Enjoy lasting flavor and touchscreen control. Order now!\",\"breadcrumb\":{\"@id\":\"https:\/\/vapeenjoy.com\/product\/fumot-tornado-25000-puffs-disposable-vape\/#breadcrumb\"},\"inLanguage\":\"fr-FR\",\"potentialAction\":[{\"@type\":\"ReadAction\",\"target\":[\"https:\/\/vapeenjoy.com\/product\/fumot-tornado-25000-puffs-disposable-vape\/\"]}]},{\"@type\":\"ImageObject\",\"inLanguage\":\"fr-FR\",\"@id\":\"https:\/\/vapeenjoy.com\/product\/fumot-tornado-25000-puffs-disposable-vape\/#primaryimage\",\"url\":\"https:\/\/vapeenjoy.com\/wp-content\/uploads\/2025\/07\/Fumot-Tornado-25000.png\",\"contentUrl\":\"https:\/\/vapeenjoy.com\/wp-content\/uploads\/2025\/07\/Fumot-Tornado-25000.png\",\"width\":949,\"height\":614},{\"@type\":\"BreadcrumbList\",\"@id\":\"https:\/\/vapeenjoy.com\/product\/fumot-tornado-25000-puffs-disposable-vape\/#breadcrumb\",\"itemListElement\":[{\"@type\":\"ListItem\",\"position\":1,\"name\":\"Home\",\"item\":\"https:\/\/vapeenjoy.com\/\"},{\"@type\":\"ListItem\",\"position\":2,\"name\":\"Shop\",\"item\":\"https:\/\/vapeenjoy.com\/vapeenjoy-shop\/\"},{\"@type\":\"ListItem\",\"position\":3,\"name\":\"Fumot Tornado 25000 Puffs Disposable Vape 20ml 2-5% Nicotine Type-C Rechargeable\"}]},{\"@type\":\"WebSite\",\"@id\":\"https:\/\/vapeenjoy.com\/#website\",\"url\":\"https:\/\/vapeenjoy.com\/\",\"name\":\"vapeenjoy\",\"description\":\"An online store for selling vapes\",\"potentialAction\":[{\"@type\":\"SearchAction\",\"target\":{\"@type\":\"EntryPoint\",\"urlTemplate\":\"https:\/\/vapeenjoy.com\/?s={search_term_string}\"},\"query-input\":{\"@type\":\"PropertyValueSpecification\",\"valueRequired\":true,\"valueName\":\"search_term_string\"}}],\"inLanguage\":\"fr-FR\"}]}<\/script>\n<!-- \/ Yoast SEO plugin. -->","yoast_head_json":{"title":"Fumot Tornado 25000 bouff\u00e9es jetables Vape 20ml 2%-5%","description":"Fumot Tornado 25000 bouff\u00e9es Vape jetable : 20 ml E-liquide, 2%-5% Nicotine, rechargeable de type C. Profitez de la saveur durable et du contr\u00f4le de l'\u00e9cran tactile. Commandez maintenant\u00a0!","robots":{"index":"index","follow":"follow","max-snippet":"max-snippet:-1","max-image-preview":"max-image-preview:large","max-video-preview":"max-video-preview:-1"},"canonical":"https:\/\/vapeenjoy.com\/fr\/produit\/fumot-tornado-25000-bouffees-jetables\/","og_locale":"fr_FR","og_type":"article","og_title":"Fumot Tornado 25000 Puffs Disposable Vape 20ml 2%-5% Nicotine","og_description":"Fumot Tornado 25000 Puffs Disposable Vape: 20ml e-liquid, 2%-5% nicotine, Type-C rechargeable. Enjoy lasting flavor and touchscreen control. Order now!","og_url":"https:\/\/vapeenjoy.com\/fr\/produit\/fumot-tornado-25000-bouffees-jetables\/","og_site_name":"vapeenjoy","article_modified_time":"2025-09-03T07:05:44+00:00","og_image":[{"width":949,"height":614,"url":"https:\/\/vapeenjoy.com\/wp-content\/uploads\/2025\/07\/Fumot-Tornado-25000.png","type":"image\/png"}],"twitter_card":"summary_large_image","twitter_misc":{"Dur\u00e9e de lecture estim\u00e9e":"5 minutes"},"schema":{"@context":"https:\/\/schema.org","@graph":[{"@type":"WebPage","@id":"https:\/\/vapeenjoy.com\/product\/fumot-tornado-25000-puffs-disposable-vape\/","url":"https:\/\/vapeenjoy.com\/product\/fumot-tornado-25000-puffs-disposable-vape\/","name":"Fumot Tornado 25000 bouff\u00e9es jetables Vape 20ml 2%-5%","isPartOf":{"@id":"https:\/\/vapeenjoy.com\/#website"},"primaryImageOfPage":{"@id":"https:\/\/vapeenjoy.com\/product\/fumot-tornado-25000-puffs-disposable-vape\/#primaryimage"},"image":{"@id":"https:\/\/vapeenjoy.com\/product\/fumot-tornado-25000-puffs-disposable-vape\/#primaryimage"},"thumbnailUrl":"https:\/\/vapeenjoy.com\/wp-content\/uploads\/2025\/07\/Fumot-Tornado-25000.png","datePublished":"2025-07-18T07:42:36+00:00","dateModified":"2025-09-03T07:05:44+00:00","description":"Fumot Tornado 25000 bouff\u00e9es Vape jetable : 20 ml E-liquide, 2%-5% Nicotine, rechargeable de type C. Profitez de la saveur durable et du contr\u00f4le de l'\u00e9cran tactile. Commandez maintenant\u00a0!","breadcrumb":{"@id":"https:\/\/vapeenjoy.com\/product\/fumot-tornado-25000-puffs-disposable-vape\/#breadcrumb"},"inLanguage":"fr-FR","potentialAction":[{"@type":"ReadAction","target":["https:\/\/vapeenjoy.com\/product\/fumot-tornado-25000-puffs-disposable-vape\/"]}]},{"@type":"ImageObject","inLanguage":"fr-FR","@id":"https:\/\/vapeenjoy.com\/product\/fumot-tornado-25000-puffs-disposable-vape\/#primaryimage","url":"https:\/\/vapeenjoy.com\/wp-content\/uploads\/2025\/07\/Fumot-Tornado-25000.png","contentUrl":"https:\/\/vapeenjoy.com\/wp-content\/uploads\/2025\/07\/Fumot-Tornado-25000.png","width":949,"height":614},{"@type":"BreadcrumbList","@id":"https:\/\/vapeenjoy.com\/product\/fumot-tornado-25000-puffs-disposable-vape\/#breadcrumb","itemListElement":[{"@type":"ListItem","position":1,"name":"Home","item":"https:\/\/vapeenjoy.com\/"},{"@type":"ListItem","position":2,"name":"Shop","item":"https:\/\/vapeenjoy.com\/vapeenjoy-shop\/"},{"@type":"ListItem","position":3,"name":"Fumot Tornado 25000 Puffs Disposable Vape 20ml 2-5% Nicotine Type-C Rechargeable"}]},{"@type":"WebSite","@id":"https:\/\/vapeenjoy.com\/#website","url":"https:\/\/vapeenjoy.com\/","name":"VapeEnjoy","description":"Une boutique en ligne pour la vente de vapoteurs","potentialAction":[{"@type":"SearchAction","target":{"@type":"EntryPoint","urlTemplate":"https:\/\/vapeenjoy.com\/?s={search_term_string}"},"query-input":{"@type":"PropertyValueSpecification","valueRequired":true,"valueName":"search_term_string"}}],"inLanguage":"fr-FR"}]}},"_links":{"self":[{"href":"https:\/\/vapeenjoy.com\/fr\/wp-json\/wp\/v2\/product\/173","targetHints":{"allow":["GET"]}}],"collection":[{"href":"https:\/\/vapeenjoy.com\/fr\/wp-json\/wp\/v2\/product"}],"about":[{"href":"https:\/\/vapeenjoy.com\/fr\/wp-json\/wp\/v2\/types\/product"}],"replies":[{"embeddable":true,"href":"https:\/\/vapeenjoy.com\/fr\/wp-json\/wp\/v2\/comments?post=173"}],"version-history":[{"count":4,"href":"https:\/\/vapeenjoy.com\/fr\/wp-json\/wp\/v2\/product\/173\/revisions"}],"predecessor-version":[{"id":2674,"href":"https:\/\/vapeenjoy.com\/fr\/wp-json\/wp\/v2\/product\/173\/revisions\/2674"}],"wp:featuredmedia":[{"embeddable":true,"href":"https:\/\/vapeenjoy.com\/fr\/wp-json\/wp\/v2\/media\/176"}],"wp:attachment":[{"href":"https:\/\/vapeenjoy.com\/fr\/wp-json\/wp\/v2\/media?parent=173"}],"wp:term":[{"taxonomy":"product_brand","embeddable":true,"href":"https:\/\/vapeenjoy.com\/fr\/wp-json\/wp\/v2\/product_brand?post=173"},{"taxonomy":"product_cat","embeddable":true,"href":"https:\/\/vapeenjoy.com\/fr\/wp-json\/wp\/v2\/product_cat?post=173"},{"taxonomy":"product_tag","embeddable":true,"href":"https:\/\/vapeenjoy.com\/fr\/wp-json\/wp\/v2\/product_tag?post=173"}],"curies":[{"name":"WP","href":"https:\/\/api.w.org\/{rel}","templated":true}]}}