{"id":2029,"date":"2025-08-12T09:20:45","date_gmt":"2025-08-12T09:20:45","guid":{"rendered":"https:\/\/vapeenjoy.com\/?post_type=product&#038;p=2029"},"modified":"2025-08-26T07:31:58","modified_gmt":"2025-08-26T07:31:58","slug":"elfworld-ai22000-puffs-disposable-vape-26ml-e-liquid","status":"publish","type":"product","link":"https:\/\/vapeenjoy.com\/fr\/produit\/elfworld-ai22000-puffs-vape-jetable-26-ml-e-liquide\/","title":{"rendered":"Elfworld AI22000 Puffs Vape jetable 26ml E-liquide 0-5%"},"content":{"rendered":"<h2 dir=\"auto\"><strong>Elfworld AI22000 Vape jetable : 22\u00a0000 bouff\u00e9es de vaporisation savoureuse<\/strong><\/h2>\n<p dir=\"auto\">Elfworld est r\u00e9put\u00e9 pour la cr\u00e9ation de vapots jetables fiables, savoureux et conviviaux. Le Vape jetable Elfworld AI22000 offre jusqu'\u00e0 22 000 bouff\u00e9es dans un design \u00e9l\u00e9gant et portable. Dot\u00e9 d'une coque transparente avec des accents embl\u00e9matiques de la ville, cet appareil allie style, praticit\u00e9 et performances, ce qui en fait un choix de choix pour les vapoteurs recherchant une satisfaction durable. <a href=\"https:\/\/vapeenjoy.com\/\" target=\"_blank\" rel=\"noopener noreferrer nofollow\">D\u00e9couvrez d'autres options de vapotage sur Vape Enjoy<\/a> Pour trouver l'appareil id\u00e9al pour vos besoins.<\/p>\n<h3 dir=\"auto\">Sp\u00e9cifications du produit<\/h3>\n<ul dir=\"auto\">\n<li><strong>houppette<\/strong>: jusqu'\u00e0 22\u00a0000\u00a0\u2013\u00a0capacit\u00e9 \u00e9tendue pour des semaines de vapotage ininterrompu.<\/li>\n<li><strong>Capacit\u00e9 de e-liquide<\/strong>: 26 ml \u2013 Pr\u00e9-remplie avec un e-liquide de qualit\u00e9 sup\u00e9rieure pour une saveur constante.<\/li>\n<li><strong>force de nicotine<\/strong>: 0%, 2%, 3%, 5% \u2013 Options de nicotine flexibles pour toutes les pr\u00e9f\u00e9rences.<\/li>\n<li><strong>Capacit\u00e9 de la batterie<\/strong>: 650mAh \u2013 Rechargeable pour une utilisation fiable et \u00e0 long terme.<\/li>\n<li><strong>Type de bobine<\/strong>: 1,0 \u03a9 Bobine double maille \u2013 Assure une saveur douce et riche \u00e0 chaque bouff\u00e9e.<\/li>\n<li><strong>port de charge<\/strong>: USB Type-C \u2013 Recharge rapide et pratique pour un temps d'arr\u00eat minimal.<\/li>\n<li><strong>circulation d'air<\/strong>: R\u00e9glable \u2013 Personnalisez votre exp\u00e9rience de vapotage en toute simplicit\u00e9.<\/li>\n<li><strong>exposer<\/strong>: \u00c9cran num\u00e9rique \u2013 Surveillance des e-liquides et des niveaux de batterie en temps r\u00e9el.<\/li>\n<\/ul>\n<h3 dir=\"auto\">10 options de saveur pour chaque vapoteur<\/h3>\n<ol dir=\"auto\">\n<li><strong>Poire aux pommes de mangue<\/strong> \u2013 Une fusion tropicale de mangue sucr\u00e9e, de pomme croquante et de poire juteuse.<\/li>\n<li><strong>Mangue cool<\/strong> \u2013 Mangue lisse avec une finition menthole rafra\u00eechissante.<\/li>\n<li><strong>pomme verte<\/strong> \u2013 Pomme verte acidul\u00e9e et croquante pour une vape aigu\u00eb et satisfaisante.<\/li>\n<li><strong>Sang de tigre<\/strong> \u2013 M\u00e9lange de fraise, de past\u00e8que et de noix de coco audacieux pour un go\u00fbt vibrant.<\/li>\n<li><strong>Glace aux myrtilles<\/strong> \u2013 Bleuets juteux avec un coup de pied menthol cool.<\/li>\n<li><strong>battre<\/strong> \u2013 Menthe nette et propre pour une exp\u00e9rience de vapotage revigorante.<\/li>\n<li><strong>M\u00e9langer les baies<\/strong> \u2013 Un m\u00e9lange de fruits \u00e0 tarte sucr\u00e9 et acidul\u00e9 de baies m\u00e9lang\u00e9es.<\/li>\n<li><strong>sorbet<\/strong> \u2013 Saveur de raisin riche avec une touche de menthol givr\u00e9e.<\/li>\n<li><strong>Glace de past\u00e8que<\/strong> \u2013 Past\u00e8que sucr\u00e9e avec un bord menthol rafra\u00eechissant.<\/li>\n<li><strong>menthe bleuet<\/strong> \u2013 Bleuets sucr\u00e9s accompagn\u00e9s d'une menthe subtile et rafra\u00eechissante.<\/li>\n<\/ol>\n<h3 dir=\"auto\">Questions fr\u00e9quentes<\/h3>\n<ol dir=\"auto\">\n<li><strong>Combien de temps dure l'Elfworld AI22000\u00a0?<\/strong><br \/>\nAvec jusqu'\u00e0 22\u00a0000 bouff\u00e9es, il dure des semaines pour la plupart des utilisateurs, selon les habitudes de vapotage.<\/li>\n<li><strong>La batterie est-elle rechargeable ?<\/strong><br \/>\nOui, il dispose d'une batterie de 650 mAh avec USB Type-C pour une recharge rapide.<\/li>\n<li><strong>Puis-je ajuster l'intensit\u00e9 de la vapotage\u00a0?<\/strong><br \/>\nOui, le flux d'air r\u00e9glable vous permet d'adapter le tirage selon vos pr\u00e9f\u00e9rences.<\/li>\n<li><strong>Comment surveiller les niveaux de e-liquide et de batterie ?<\/strong><br \/>\nL'\u00e9cran num\u00e9rique affiche le e-liquide en temps r\u00e9el et l'\u00e9tat de la batterie.<\/li>\n<li><strong>Quelle saveur me convient ?<\/strong><br \/>\nLes amateurs de fruits peuvent appr\u00e9cier la poire aux pommes ou m\u00e9langer des baies; pour un effet rafra\u00eechissant, essayez la glace ou la menthe.<\/li>\n<li><strong>Quelles forces de nicotine sont disponibles ?<\/strong><br \/>\nChoisissez entre 0%, 2%, 3% ou 5% pour r\u00e9pondre \u00e0 vos besoins.<\/li>\n<li><strong>Est-il adapt\u00e9 pour le vapotage bouche \u00e0 poumon ?<\/strong><br \/>\nOui, le flux d'air r\u00e9glable prend en charge le vapotage bouche \u00e0 poumon pour une exp\u00e9rience personnalis\u00e9e.<\/li>\n<\/ol>\n<p><img fetchpriority=\"high\" decoding=\"async\" class=\"alignnone wp-image-2035 size-full\" src=\"https:\/\/vapeenjoy.com\/wp-content\/uploads\/2025\/08\/elfworld-AI22000-Puffs.webp\" alt=\"\" width=\"750\" height=\"1000\" srcset=\"https:\/\/vapeenjoy.com\/wp-content\/uploads\/2025\/08\/elfworld-AI22000-Puffs.webp 750w, https:\/\/vapeenjoy.com\/wp-content\/uploads\/2025\/08\/elfworld-AI22000-Puffs-225x300.webp 225w, https:\/\/vapeenjoy.com\/wp-content\/uploads\/2025\/08\/elfworld-AI22000-Puffs-150x200.webp 150w\" sizes=\"(max-width: 750px) 100vw, 750px\" \/><\/p>","protected":false},"excerpt":{"rendered":"<p>Elfworld a lanc\u00e9 le Vape jetable AI22000, offrant une solution de vapotage fiable avec jusqu'\u00e0 22 000 bouff\u00e9es. L'appareil dispose d'une capacit\u00e9 de 26 ml de liquide \u00e9lectronique, d'une batterie rechargeable de 650 mAh, d'un port de charge de type C, d'un flux d'air r\u00e9glable et d'un affichage num\u00e9rique. Son design \u00e9l\u00e9gant garantit une exp\u00e9rience durable et personnalisable.<\/p>","protected":false},"featured_media":2027,"comment_status":"open","ping_status":"closed","template":"","meta":[],"product_brand":[56],"product_cat":[211],"product_tag":[64,89],"class_list":{"0":"post-2029","1":"product","2":"type-product","3":"status-publish","4":"has-post-thumbnail","6":"product_brand-elfworld-vape","7":"product_cat-22000-puffs-vape","8":"product_tag-0-5-nicotine","9":"product_tag-26ml","11":"first","12":"instock","13":"sale","14":"shipping-taxable","15":"purchasable","16":"product-type-variable"},"yoast_head":"<!-- This site is optimized with the Yoast SEO plugin v25.7 - https:\/\/yoast.com\/wordpress\/plugins\/seo\/ -->\n<title>Elfworld AI22000 Puffs Disposable Vape 26ml 0-5% Nicotine<\/title>\n<meta name=\"description\" content=\"ELFWORLD AI22000 Disposable Vape: 26ml e-liquid, up to 22,000 puffs, 0-5% nicotine, dual mesh coils, adjustable airflow, digital display, and 650mAh.\" \/>\n<meta name=\"robots\" content=\"index, follow, max-snippet:-1, max-image-preview:large, max-video-preview:-1\" \/>\n<link rel=\"canonical\" href=\"https:\/\/vapeenjoy.com\/fr\/produit\/elfworld-ai22000-puffs-vape-jetable-26-ml-e-liquide\/\" \/>\n<meta property=\"og:locale\" content=\"fr_FR\" \/>\n<meta property=\"og:type\" content=\"article\" \/>\n<meta property=\"og:title\" content=\"Elfworld AI22000 Puffs Disposable Vape 26ml 0-5% Nicotine\" \/>\n<meta property=\"og:description\" content=\"ELFWORLD AI22000 Disposable Vape: 26ml e-liquid, up to 22,000 puffs, 0-5% nicotine, dual mesh coils, adjustable airflow, digital display, and 650mAh.\" \/>\n<meta property=\"og:url\" content=\"https:\/\/vapeenjoy.com\/fr\/produit\/elfworld-ai22000-puffs-vape-jetable-26-ml-e-liquide\/\" \/>\n<meta property=\"og:site_name\" content=\"vapeenjoy\" \/>\n<meta property=\"article:modified_time\" content=\"2025-08-26T07:31:58+00:00\" \/>\n<meta property=\"og:image\" content=\"https:\/\/vapeenjoy.com\/wp-content\/uploads\/2025\/08\/Elfworld-AI-22000.jpg\" \/>\n\t<meta property=\"og:image:width\" content=\"2000\" \/>\n\t<meta property=\"og:image:height\" content=\"2000\" \/>\n\t<meta property=\"og:image:type\" content=\"image\/jpeg\" \/>\n<meta name=\"twitter:card\" content=\"summary_large_image\" \/>\n<meta name=\"twitter:label1\" content=\"Dur\u00e9e de lecture estim\u00e9e\" \/>\n\t<meta name=\"twitter:data1\" content=\"3 minutes\" \/>\n<script type=\"application\/ld+json\" class=\"yoast-schema-graph\">{\"@context\":\"https:\/\/schema.org\",\"@graph\":[{\"@type\":\"WebPage\",\"@id\":\"https:\/\/vapeenjoy.com\/product\/elfworld-ai22000-puffs-disposable-vape-26ml-e-liquid\/\",\"url\":\"https:\/\/vapeenjoy.com\/product\/elfworld-ai22000-puffs-disposable-vape-26ml-e-liquid\/\",\"name\":\"Elfworld AI22000 Puffs Disposable Vape 26ml 0-5% Nicotine\",\"isPartOf\":{\"@id\":\"https:\/\/vapeenjoy.com\/#website\"},\"primaryImageOfPage\":{\"@id\":\"https:\/\/vapeenjoy.com\/product\/elfworld-ai22000-puffs-disposable-vape-26ml-e-liquid\/#primaryimage\"},\"image\":{\"@id\":\"https:\/\/vapeenjoy.com\/product\/elfworld-ai22000-puffs-disposable-vape-26ml-e-liquid\/#primaryimage\"},\"thumbnailUrl\":\"https:\/\/vapeenjoy.com\/wp-content\/uploads\/2025\/08\/Elfworld-AI-22000.jpg\",\"datePublished\":\"2025-08-12T09:20:45+00:00\",\"dateModified\":\"2025-08-26T07:31:58+00:00\",\"description\":\"ELFWORLD AI22000 Disposable Vape: 26ml e-liquid, up to 22,000 puffs, 0-5% nicotine, dual mesh coils, adjustable airflow, digital display, and 650mAh.\",\"breadcrumb\":{\"@id\":\"https:\/\/vapeenjoy.com\/product\/elfworld-ai22000-puffs-disposable-vape-26ml-e-liquid\/#breadcrumb\"},\"inLanguage\":\"fr-FR\",\"potentialAction\":[{\"@type\":\"ReadAction\",\"target\":[\"https:\/\/vapeenjoy.com\/product\/elfworld-ai22000-puffs-disposable-vape-26ml-e-liquid\/\"]}]},{\"@type\":\"ImageObject\",\"inLanguage\":\"fr-FR\",\"@id\":\"https:\/\/vapeenjoy.com\/product\/elfworld-ai22000-puffs-disposable-vape-26ml-e-liquid\/#primaryimage\",\"url\":\"https:\/\/vapeenjoy.com\/wp-content\/uploads\/2025\/08\/Elfworld-AI-22000.jpg\",\"contentUrl\":\"https:\/\/vapeenjoy.com\/wp-content\/uploads\/2025\/08\/Elfworld-AI-22000.jpg\",\"width\":2000,\"height\":2000,\"caption\":\"Elfworld AI22000 Puffs Disposable Vape\"},{\"@type\":\"BreadcrumbList\",\"@id\":\"https:\/\/vapeenjoy.com\/product\/elfworld-ai22000-puffs-disposable-vape-26ml-e-liquid\/#breadcrumb\",\"itemListElement\":[{\"@type\":\"ListItem\",\"position\":1,\"name\":\"Home\",\"item\":\"https:\/\/vapeenjoy.com\/\"},{\"@type\":\"ListItem\",\"position\":2,\"name\":\"Shop\",\"item\":\"https:\/\/vapeenjoy.com\/vapeenjoy-shop\/\"},{\"@type\":\"ListItem\",\"position\":3,\"name\":\"Elfworld AI22000 Puffs Disposable Vape 26ml E-liquid 0-5% Nicotine\"}]},{\"@type\":\"WebSite\",\"@id\":\"https:\/\/vapeenjoy.com\/#website\",\"url\":\"https:\/\/vapeenjoy.com\/\",\"name\":\"vapeenjoy\",\"description\":\"An online store for selling vapes\",\"potentialAction\":[{\"@type\":\"SearchAction\",\"target\":{\"@type\":\"EntryPoint\",\"urlTemplate\":\"https:\/\/vapeenjoy.com\/?s={search_term_string}\"},\"query-input\":{\"@type\":\"PropertyValueSpecification\",\"valueRequired\":true,\"valueName\":\"search_term_string\"}}],\"inLanguage\":\"fr-FR\"}]}<\/script>\n<!-- \/ Yoast SEO plugin. -->","yoast_head_json":{"title":"Elfworld AI22000 Puffs Vape jetable 26ml 0-5%","description":"Elfworld AI22000 Vape jetable : 26 ml de e-liquide, jusqu'\u00e0 22 000 bouff\u00e9es, 0-5%, bobines double maillage, flux d'air r\u00e9glable, affichage num\u00e9rique et 650 mAh.","robots":{"index":"index","follow":"follow","max-snippet":"max-snippet:-1","max-image-preview":"max-image-preview:large","max-video-preview":"max-video-preview:-1"},"canonical":"https:\/\/vapeenjoy.com\/fr\/produit\/elfworld-ai22000-puffs-vape-jetable-26-ml-e-liquide\/","og_locale":"fr_FR","og_type":"article","og_title":"Elfworld AI22000 Puffs Disposable Vape 26ml 0-5% Nicotine","og_description":"ELFWORLD AI22000 Disposable Vape: 26ml e-liquid, up to 22,000 puffs, 0-5% nicotine, dual mesh coils, adjustable airflow, digital display, and 650mAh.","og_url":"https:\/\/vapeenjoy.com\/fr\/produit\/elfworld-ai22000-puffs-vape-jetable-26-ml-e-liquide\/","og_site_name":"vapeenjoy","article_modified_time":"2025-08-26T07:31:58+00:00","og_image":[{"width":2000,"height":2000,"url":"https:\/\/vapeenjoy.com\/wp-content\/uploads\/2025\/08\/Elfworld-AI-22000.jpg","type":"image\/jpeg"}],"twitter_card":"summary_large_image","twitter_misc":{"Dur\u00e9e de lecture estim\u00e9e":"3 minutes"},"schema":{"@context":"https:\/\/schema.org","@graph":[{"@type":"WebPage","@id":"https:\/\/vapeenjoy.com\/product\/elfworld-ai22000-puffs-disposable-vape-26ml-e-liquid\/","url":"https:\/\/vapeenjoy.com\/product\/elfworld-ai22000-puffs-disposable-vape-26ml-e-liquid\/","name":"Elfworld AI22000 Puffs Vape jetable 26ml 0-5%","isPartOf":{"@id":"https:\/\/vapeenjoy.com\/#website"},"primaryImageOfPage":{"@id":"https:\/\/vapeenjoy.com\/product\/elfworld-ai22000-puffs-disposable-vape-26ml-e-liquid\/#primaryimage"},"image":{"@id":"https:\/\/vapeenjoy.com\/product\/elfworld-ai22000-puffs-disposable-vape-26ml-e-liquid\/#primaryimage"},"thumbnailUrl":"https:\/\/vapeenjoy.com\/wp-content\/uploads\/2025\/08\/Elfworld-AI-22000.jpg","datePublished":"2025-08-12T09:20:45+00:00","dateModified":"2025-08-26T07:31:58+00:00","description":"Elfworld AI22000 Vape jetable : 26 ml de e-liquide, jusqu'\u00e0 22 000 bouff\u00e9es, 0-5%, bobines double maillage, flux d'air r\u00e9glable, affichage num\u00e9rique et 650 mAh.","breadcrumb":{"@id":"https:\/\/vapeenjoy.com\/product\/elfworld-ai22000-puffs-disposable-vape-26ml-e-liquid\/#breadcrumb"},"inLanguage":"fr-FR","potentialAction":[{"@type":"ReadAction","target":["https:\/\/vapeenjoy.com\/product\/elfworld-ai22000-puffs-disposable-vape-26ml-e-liquid\/"]}]},{"@type":"ImageObject","inLanguage":"fr-FR","@id":"https:\/\/vapeenjoy.com\/product\/elfworld-ai22000-puffs-disposable-vape-26ml-e-liquid\/#primaryimage","url":"https:\/\/vapeenjoy.com\/wp-content\/uploads\/2025\/08\/Elfworld-AI-22000.jpg","contentUrl":"https:\/\/vapeenjoy.com\/wp-content\/uploads\/2025\/08\/Elfworld-AI-22000.jpg","width":2000,"height":2000,"caption":"Elfworld AI22000 Puffs Disposable Vape"},{"@type":"BreadcrumbList","@id":"https:\/\/vapeenjoy.com\/product\/elfworld-ai22000-puffs-disposable-vape-26ml-e-liquid\/#breadcrumb","itemListElement":[{"@type":"ListItem","position":1,"name":"Home","item":"https:\/\/vapeenjoy.com\/"},{"@type":"ListItem","position":2,"name":"Shop","item":"https:\/\/vapeenjoy.com\/vapeenjoy-shop\/"},{"@type":"ListItem","position":3,"name":"Elfworld AI22000 Puffs Disposable Vape 26ml E-liquid 0-5% Nicotine"}]},{"@type":"WebSite","@id":"https:\/\/vapeenjoy.com\/#website","url":"https:\/\/vapeenjoy.com\/","name":"VapeEnjoy","description":"Une boutique en ligne pour la vente de vapoteurs","potentialAction":[{"@type":"SearchAction","target":{"@type":"EntryPoint","urlTemplate":"https:\/\/vapeenjoy.com\/?s={search_term_string}"},"query-input":{"@type":"PropertyValueSpecification","valueRequired":true,"valueName":"search_term_string"}}],"inLanguage":"fr-FR"}]}},"_links":{"self":[{"href":"https:\/\/vapeenjoy.com\/fr\/wp-json\/wp\/v2\/product\/2029","targetHints":{"allow":["GET"]}}],"collection":[{"href":"https:\/\/vapeenjoy.com\/fr\/wp-json\/wp\/v2\/product"}],"about":[{"href":"https:\/\/vapeenjoy.com\/fr\/wp-json\/wp\/v2\/types\/product"}],"replies":[{"embeddable":true,"href":"https:\/\/vapeenjoy.com\/fr\/wp-json\/wp\/v2\/comments?post=2029"}],"version-history":[{"count":5,"href":"https:\/\/vapeenjoy.com\/fr\/wp-json\/wp\/v2\/product\/2029\/revisions"}],"predecessor-version":[{"id":2586,"href":"https:\/\/vapeenjoy.com\/fr\/wp-json\/wp\/v2\/product\/2029\/revisions\/2586"}],"wp:featuredmedia":[{"embeddable":true,"href":"https:\/\/vapeenjoy.com\/fr\/wp-json\/wp\/v2\/media\/2027"}],"wp:attachment":[{"href":"https:\/\/vapeenjoy.com\/fr\/wp-json\/wp\/v2\/media?parent=2029"}],"wp:term":[{"taxonomy":"product_brand","embeddable":true,"href":"https:\/\/vapeenjoy.com\/fr\/wp-json\/wp\/v2\/product_brand?post=2029"},{"taxonomy":"product_cat","embeddable":true,"href":"https:\/\/vapeenjoy.com\/fr\/wp-json\/wp\/v2\/product_cat?post=2029"},{"taxonomy":"product_tag","embeddable":true,"href":"https:\/\/vapeenjoy.com\/fr\/wp-json\/wp\/v2\/product_tag?post=2029"}],"curies":[{"name":"WP","href":"https:\/\/api.w.org\/{rel}","templated":true}]}}