{"id":248,"date":"2025-07-19T03:39:34","date_gmt":"2025-07-19T03:39:34","guid":{"rendered":"https:\/\/vapeenjoy.com\/?post_type=product&#038;p=248"},"modified":"2025-09-15T09:34:10","modified_gmt":"2025-09-15T09:34:10","slug":"jnr-mega-shisha-hookah-100k-puffs-disposable-vape","status":"publish","type":"product","link":"https:\/\/vapeenjoy.com\/fr\/produit\/jnr-mega-shisha-narguile-100k-puffs-vape-jetable\/","title":{"rendered":"JNR Mega Shisha Hookah 100K Puffs Vape jetable 60ml 2% 5% \u00c9cran intelligent de nicotine"},"content":{"rendered":"<h2 dir=\"ltr\" data-pm-slice=\"1 3 []\">JNR Mega Shisha Narguil\u00e9 100K Puffs Vape jetable Description<\/h2>\n<p dir=\"ltr\">JNR, largement reconnu pour ses solutions de vapotage innovantes, pr\u00e9sente fi\u00e8rement le vape jetable JNR Mega Shisha Hookah 100K Puffs. Plus pr\u00e9cis\u00e9ment, cet appareil allie de mani\u00e8re transparente la riche essence du narguil\u00e9 traditionnel avec une commodit\u00e9 de pointe. De plus, son design \u00e9pur\u00e9, rehauss\u00e9 par une lumi\u00e8re respiratoire vibrante et un \u00e9cran LED intelligent, am\u00e9liore consid\u00e9rablement \u00e0 la fois l'attrait visuel et la convivialit\u00e9. En cons\u00e9quence, il offre une exp\u00e9rience de vapotage sans pr\u00e9c\u00e9dent pour les passionn\u00e9s qui recherchent la qualit\u00e9 et la long\u00e9vit\u00e9.<\/p>\n<h2 dir=\"ltr\">Sp\u00e9cifications de la vape jetable de JNR Mega Shisha Hookah 100K<\/h2>\n<ul class=\"tight\" dir=\"ltr\" data-tight=\"true\">\n<li>\n<p dir=\"ltr\"><strong>nombre de bouff\u00e9es<\/strong>: jusqu'\u00e0 100\u00a0000 bouff\u00e9es, assurant des semaines voire des mois, selon les habitudes de vapotage.<\/p>\n<\/li>\n<li>\n<p dir=\"ltr\"><strong>Capacit\u00e9 de e-liquide<\/strong>: 60 ml de e-liquide pr\u00e9-remplis, qui offre syst\u00e9matiquement des saveurs riches sans recharges fr\u00e9quentes.<\/p>\n<\/li>\n<li>\n<p dir=\"ltr\"><strong>force de nicotine<\/strong>: Disponible en 2% ou 5%, s'appuyant ainsi sur diverses pr\u00e9f\u00e9rences d'utilisateurs pour un coup fluide.<\/p>\n<\/li>\n<li>\n<p dir=\"ltr\"><strong>pile<\/strong>: Une batterie rechargeable de 2200 mAh, qui prend en charge de mani\u00e8re fiable des sessions de vapotage prolong\u00e9es.<\/p>\n<\/li>\n<li>\n<p dir=\"ltr\"><strong>accusation<\/strong>: Charge rapide de type C, minimisant ainsi les temps d'arr\u00eat gr\u00e2ce \u00e0 des recharges rapides et efficaces.<\/p>\n<\/li>\n<li>\n<p dir=\"ltr\"><strong>spire<\/strong>: Bobine double maille, am\u00e9liorant notamment l'intensit\u00e9 des saveurs et produisant une vapeur dense.<\/p>\n<\/li>\n<li>\n<p dir=\"ltr\"><strong>style de vapotage<\/strong>: Direct-to-Lung (DTL), sp\u00e9cialement con\u00e7u pour les nuages audacieux et satisfaisants.<\/p>\n<\/li>\n<li>\n<p dir=\"ltr\"><strong>circulation d'air<\/strong>: Flux d'air r\u00e9glable, permettant ainsi aux utilisateurs de personnaliser leur tirage pour un confort optimal.<\/p>\n<\/li>\n<li>\n<p dir=\"ltr\"><strong>porte-parole<\/strong>: Conception \u00e0 double embout buccal, ce qui le rend adapt\u00e9 aux sessions de vapotage en solo et partag\u00e9es.<\/p>\n<\/li>\n<li>\n<p dir=\"ltr\"><strong>s\u00fbret\u00e9<\/strong>: Equip\u00e9 d'une limite de vapotage de 8 secondes et d'une protection automatique des heures suppl\u00e9mentaires, assurant une utilisation s\u00fbre.<\/p>\n<\/li>\n<li>\n<p dir=\"ltr\"><strong>exposer<\/strong>: Un \u00e9cran LED intelligent, qui affiche clairement les niveaux de batterie et de e-liquides en temps r\u00e9el.<\/p>\n<\/li>\n<li>\n<p dir=\"ltr\"><strong>Compatibilit\u00e9 avec le nargui<\/strong>: Compatible avec les syst\u00e8mes de narguil\u00e9 de bureau, permettant ainsi une vapeur filtr\u00e9e \u00e0 l'eau pour un go\u00fbt plus doux.<\/p>\n<\/li>\n<\/ul>\n<h2 dir=\"ltr\">12 saveurs uniques<\/h2>\n<ol class=\"tight\" dir=\"ltr\" data-tight=\"true\">\n<li>\n<p dir=\"ltr\"><strong>Deux pommes<\/strong>: Un m\u00e9lange croquant de pommes rouges et vertes, offrant un go\u00fbt juteux et rafra\u00eechissant.<\/p>\n<\/li>\n<li>\n<p dir=\"ltr\"><strong>amour 66<\/strong>: Un m\u00e9lange tropical de melon et de menthe, offrant une sensation douce mais rafra\u00eechissante.<\/p>\n<\/li>\n<li>\n<p dir=\"ltr\"><strong>lady Kila<\/strong>: Une fusion de fruits audacieuse et myst\u00e9rieuse, caract\u00e9ris\u00e9e par un profil de saveur vibrant et intrigant.<\/p>\n<\/li>\n<li>\n<p dir=\"ltr\"><strong>poin\u00e7on de fraise<\/strong>: Fraises douces et m\u00fbres avec un coup de pied acidul\u00e9, d\u00e9bordant de bont\u00e9 fruit\u00e9e.<\/p>\n<\/li>\n<li>\n<p dir=\"ltr\"><strong>Glace luxuriante<\/strong>: Une saveur de past\u00e8que rafra\u00eechissante, associ\u00e9e \u00e0 une finale croquante et glac\u00e9e pour un dessin en douceur.<\/p>\n<\/li>\n<li>\n<p dir=\"ltr\"><strong>menthe<\/strong>: Notes riches en raisin combin\u00e9es \u00e0 une expiration de menthol, m\u00e9langeant efficacement des tons doux et froids.<\/p>\n<\/li>\n<li>\n<p dir=\"ltr\"><strong>amour magique<\/strong>: Un m\u00e9lange de fruits sucr\u00e9 et enchanteur qui captive \u00e0 chaque bouff\u00e9e.<\/p>\n<\/li>\n<li>\n<p dir=\"ltr\"><strong>glace de p\u00eache<\/strong>: Saveur de p\u00eache juteuse avec un fond froid, id\u00e9al pour un coup doux et fruit\u00e9.<\/p>\n<\/li>\n<li>\n<p dir=\"ltr\"><strong>Glace aux myrtilles<\/strong>: Bleuets sucr\u00e9s avec une finale givr\u00e9e, offrant un go\u00fbt \u00e9quilibr\u00e9 et rafra\u00eechissant.<\/p>\n<\/li>\n<li>\n<p dir=\"ltr\"><strong>Hawa\u00ef<\/strong>: Un m\u00e9lange de fruits tropicaux vibrants, \u00e9voquant l'essence des saveurs des \u00eeles.<\/p>\n<\/li>\n<li>\n<p dir=\"ltr\"><strong>kiwi passion fruit de la goyave<\/strong>: Un trio audacieux de kiwi, de fruit de la passion et de goyave, offrant un tirage exotique et acidul\u00e9.<\/p>\n<\/li>\n<li>\n<p dir=\"ltr\"><strong>Mi Amor<\/strong>: Un m\u00e9lange sucr\u00e9 et fruit\u00e9 avec un go\u00fbt romantique et irr\u00e9sistible qui persiste.<\/p>\n<\/li>\n<\/ol>\n<h2 dir=\"ltr\">Questions fr\u00e9quentes<\/h2>\n<ol dir=\"ltr\">\n<li>\n<p dir=\"ltr\"><strong>Qu'est-ce qui distingue la m\u00e9ga chicha de JNR des autres vapes\u00a0?<\/strong><br \/>\nNotamment, ses 100 000 bouff\u00e9es, sa capacit\u00e9 de 60 ml de liquide et de narguil\u00e9 et sa compatibilit\u00e9 avec le narguil\u00e9 de bureau allient de mani\u00e8re unique la tradition et la commodit\u00e9 de vapotage moderne.<\/p>\n<\/li>\n<li>\n<p dir=\"ltr\"><strong>Combien de temps la batterie dure-t-elle sur une seule charge\u00a0?<\/strong><br \/>\nEn r\u00e8gle g\u00e9n\u00e9rale, la batterie de 2200 mAh dure plusieurs jours, selon l'utilisation, et la charge de type C assure des recharges rapides.<\/p>\n<\/li>\n<li>\n<p dir=\"ltr\"><strong>Le flux d'air est-il r\u00e9glable pour diff\u00e9rentes pr\u00e9f\u00e9rences ?<\/strong><br \/>\nEn effet, le flux d'air r\u00e9glable permet aux utilisateurs d'affiner leur tirage, de la saveur \u00e0 la saveur \u00e0 l\u00e2che pour les plus gros nuages.<\/p>\n<\/li>\n<li>\n<p dir=\"ltr\"><strong>Comment choisir la bonne saveur ?<\/strong><br \/>\nPar exemple, optez pour des options fruit\u00e9es comme Strawberry Punch pour un coup sucr\u00e9 ou des saveurs rafra\u00eechissantes comme une glace luxuriante pour une touche rafra\u00eechissante. L'\u00e9chantillonnage de plusieurs saveurs peut donc vous aider \u00e0 identifier votre favori.<\/p>\n<\/li>\n<li>\n<p dir=\"ltr\"><strong>Cet appareil peut-il \u00eatre utilis\u00e9 avec une configuration traditionnelle de narguil\u00e9\u00a0?<\/strong><br \/>\nAbsolument, il prend en charge les syst\u00e8mes de narguil\u00e9 de bureau, qui permettent de cr\u00e9er de la vapeur filtr\u00e9e \u00e0 l'eau pour un go\u00fbt raffin\u00e9.<\/p>\n<\/li>\n<li>\n<p dir=\"ltr\"><strong>Le JNR Mega Shisha est-il s\u00fbr \u00e0 utiliser ?<\/strong><br \/>\nIl comprend certainement des fonctions de s\u00e9curit\u00e9 telles qu'une limite de 8 secondes et une protection automatique des heures suppl\u00e9mentaires pour un fonctionnement s\u00e9curis\u00e9.<\/p>\n<\/li>\n<li>\n<p dir=\"ltr\"><strong>A quoi sert l'\u00e9cran LED intelligent ?<\/strong><br \/>\nPlus pr\u00e9cis\u00e9ment, il affiche la dur\u00e9e de vie de la batterie et les niveaux de e-liquide en temps r\u00e9el, emp\u00eachant ainsi les interruptions pendant l'utilisation.<\/p>\n<\/li>\n<\/ol>\n<p><img fetchpriority=\"high\" decoding=\"async\" class=\"alignnone wp-image-264 size-full\" src=\"https:\/\/vapeenjoy.com\/wp-content\/uploads\/2025\/07\/JNR-Mega-Shisha-Hookah-100K-Disposable-Vape.jpg\" alt=\"JNR Mega Shisha Hookah 100K Puffs Jetables Vape\" width=\"1200\" height=\"2149\" srcset=\"https:\/\/vapeenjoy.com\/wp-content\/uploads\/2025\/07\/JNR-Mega-Shisha-Hookah-100K-Disposable-Vape.jpg 1200w, https:\/\/vapeenjoy.com\/wp-content\/uploads\/2025\/07\/JNR-Mega-Shisha-Hookah-100K-Disposable-Vape-150x269.jpg 150w, https:\/\/vapeenjoy.com\/wp-content\/uploads\/2025\/07\/JNR-Mega-Shisha-Hookah-100K-Disposable-Vape-600x1075.jpg 600w, https:\/\/vapeenjoy.com\/wp-content\/uploads\/2025\/07\/JNR-Mega-Shisha-Hookah-100K-Disposable-Vape-168x300.jpg 168w, https:\/\/vapeenjoy.com\/wp-content\/uploads\/2025\/07\/JNR-Mega-Shisha-Hookah-100K-Disposable-Vape-572x1024.jpg 572w, https:\/\/vapeenjoy.com\/wp-content\/uploads\/2025\/07\/JNR-Mega-Shisha-Hookah-100K-Disposable-Vape-768x1375.jpg 768w, https:\/\/vapeenjoy.com\/wp-content\/uploads\/2025\/07\/JNR-Mega-Shisha-Hookah-100K-Disposable-Vape-858x1536.jpg 858w, https:\/\/vapeenjoy.com\/wp-content\/uploads\/2025\/07\/JNR-Mega-Shisha-Hookah-100K-Disposable-Vape-1144x2048.jpg 1144w\" sizes=\"(max-width: 1200px) 100vw, 1200px\" \/><\/p>","protected":false},"excerpt":{"rendered":"<p>JNR, un nom de confiance dans l'innovation de vapotage, pr\u00e9sente le Mega Shisha Hookah 100K Puffs Jetable Vape, m\u00e9langeant l'essence traditionnelle du narguil\u00e9 avec la commodit\u00e9 moderne. Cet appareil \u00e9l\u00e9gant offre jusqu'\u00e0 100\u00a0000 bouff\u00e9es, une capacit\u00e9 de 60\u00a0ml de liquide et une batterie rechargeable de 2\u00a0200\u00a0mAh. Avec une bobine double maille, un flux d'air r\u00e9glable et un \u00e9cran LED intelligent, il offre une saveur riche et une facilit\u00e9 d'utilisation pour le vapotage toute la journ\u00e9e.<\/p>","protected":false},"featured_media":261,"comment_status":"open","ping_status":"closed","template":"","meta":[],"product_brand":[33],"product_cat":[36],"product_tag":[84,63],"class_list":{"0":"post-248","1":"product","2":"type-product","3":"status-publish","4":"has-post-thumbnail","6":"product_brand-jnr-vape","7":"product_cat-100k-puffs-vape","8":"product_tag-2-5-nicotine","9":"product_tag-60ml","11":"first","12":"outofstock","13":"sale","14":"shipping-taxable","15":"purchasable","16":"product-type-variable"},"yoast_head":"<!-- This site is optimized with the Yoast SEO plugin v25.7 - https:\/\/yoast.com\/wordpress\/plugins\/seo\/ -->\n<title>JNR Mega Shisha Hookah 100K Puffs Disposable Vape 60ml<\/title>\n<meta name=\"description\" content=\"JNR Mega Shisha 100K Puffs Disposable Vape with 60ml e-liquid, 2% or 5% nicotine, and smart screen. Enjoy 12 flavors and DTL vaping. Order now!\" \/>\n<meta name=\"robots\" content=\"index, follow, max-snippet:-1, max-image-preview:large, max-video-preview:-1\" \/>\n<link rel=\"canonical\" href=\"https:\/\/vapeenjoy.com\/fr\/produit\/jnr-mega-shisha-narguile-100k-puffs-vape-jetable\/\" \/>\n<meta property=\"og:locale\" content=\"fr_FR\" \/>\n<meta property=\"og:type\" content=\"article\" \/>\n<meta property=\"og:title\" content=\"JNR Mega Shisha Hookah 100K Puffs Disposable Vape 60ml\" \/>\n<meta property=\"og:description\" content=\"JNR Mega Shisha 100K Puffs Disposable Vape with 60ml e-liquid, 2% or 5% nicotine, and smart screen. Enjoy 12 flavors and DTL vaping. Order now!\" \/>\n<meta property=\"og:url\" content=\"https:\/\/vapeenjoy.com\/fr\/produit\/jnr-mega-shisha-narguile-100k-puffs-vape-jetable\/\" \/>\n<meta property=\"og:site_name\" content=\"vapeenjoy\" \/>\n<meta property=\"article:modified_time\" content=\"2025-09-15T09:34:10+00:00\" \/>\n<meta property=\"og:image\" content=\"https:\/\/vapeenjoy.com\/wp-content\/uploads\/2025\/07\/jnr-mega-shisha-hookah-100000-100k-puffs.webp\" \/>\n\t<meta property=\"og:image:width\" content=\"1080\" \/>\n\t<meta property=\"og:image:height\" content=\"1080\" \/>\n\t<meta property=\"og:image:type\" content=\"image\/webp\" \/>\n<meta name=\"twitter:card\" content=\"summary_large_image\" \/>\n<meta name=\"twitter:label1\" content=\"Dur\u00e9e de lecture estim\u00e9e\" \/>\n\t<meta name=\"twitter:data1\" content=\"4 minutes\" \/>\n<script type=\"application\/ld+json\" class=\"yoast-schema-graph\">{\"@context\":\"https:\/\/schema.org\",\"@graph\":[{\"@type\":\"WebPage\",\"@id\":\"https:\/\/vapeenjoy.com\/product\/jnr-mega-shisha-hookah-100k-puffs-disposable-vape\/\",\"url\":\"https:\/\/vapeenjoy.com\/product\/jnr-mega-shisha-hookah-100k-puffs-disposable-vape\/\",\"name\":\"JNR Mega Shisha Hookah 100K Puffs Disposable Vape 60ml\",\"isPartOf\":{\"@id\":\"https:\/\/vapeenjoy.com\/#website\"},\"primaryImageOfPage\":{\"@id\":\"https:\/\/vapeenjoy.com\/product\/jnr-mega-shisha-hookah-100k-puffs-disposable-vape\/#primaryimage\"},\"image\":{\"@id\":\"https:\/\/vapeenjoy.com\/product\/jnr-mega-shisha-hookah-100k-puffs-disposable-vape\/#primaryimage\"},\"thumbnailUrl\":\"https:\/\/vapeenjoy.com\/wp-content\/uploads\/2025\/07\/jnr-mega-shisha-hookah-100000-100k-puffs.webp\",\"datePublished\":\"2025-07-19T03:39:34+00:00\",\"dateModified\":\"2025-09-15T09:34:10+00:00\",\"description\":\"JNR Mega Shisha 100K Puffs Disposable Vape with 60ml e-liquid, 2% or 5% nicotine, and smart screen. Enjoy 12 flavors and DTL vaping. Order now!\",\"breadcrumb\":{\"@id\":\"https:\/\/vapeenjoy.com\/product\/jnr-mega-shisha-hookah-100k-puffs-disposable-vape\/#breadcrumb\"},\"inLanguage\":\"fr-FR\",\"potentialAction\":[{\"@type\":\"ReadAction\",\"target\":[\"https:\/\/vapeenjoy.com\/product\/jnr-mega-shisha-hookah-100k-puffs-disposable-vape\/\"]}]},{\"@type\":\"ImageObject\",\"inLanguage\":\"fr-FR\",\"@id\":\"https:\/\/vapeenjoy.com\/product\/jnr-mega-shisha-hookah-100k-puffs-disposable-vape\/#primaryimage\",\"url\":\"https:\/\/vapeenjoy.com\/wp-content\/uploads\/2025\/07\/jnr-mega-shisha-hookah-100000-100k-puffs.webp\",\"contentUrl\":\"https:\/\/vapeenjoy.com\/wp-content\/uploads\/2025\/07\/jnr-mega-shisha-hookah-100000-100k-puffs.webp\",\"width\":1080,\"height\":1080},{\"@type\":\"BreadcrumbList\",\"@id\":\"https:\/\/vapeenjoy.com\/product\/jnr-mega-shisha-hookah-100k-puffs-disposable-vape\/#breadcrumb\",\"itemListElement\":[{\"@type\":\"ListItem\",\"position\":1,\"name\":\"Home\",\"item\":\"https:\/\/vapeenjoy.com\/\"},{\"@type\":\"ListItem\",\"position\":2,\"name\":\"Shop\",\"item\":\"https:\/\/vapeenjoy.com\/vapeenjoy-shop\/\"},{\"@type\":\"ListItem\",\"position\":3,\"name\":\"JNR Mega Shisha Hookah 100K Puffs Disposable Vape 60ml 2% 5% Nicotine Smart Screen\"}]},{\"@type\":\"WebSite\",\"@id\":\"https:\/\/vapeenjoy.com\/#website\",\"url\":\"https:\/\/vapeenjoy.com\/\",\"name\":\"vapeenjoy\",\"description\":\"An online store for selling vapes\",\"potentialAction\":[{\"@type\":\"SearchAction\",\"target\":{\"@type\":\"EntryPoint\",\"urlTemplate\":\"https:\/\/vapeenjoy.com\/?s={search_term_string}\"},\"query-input\":{\"@type\":\"PropertyValueSpecification\",\"valueRequired\":true,\"valueName\":\"search_term_string\"}}],\"inLanguage\":\"fr-FR\"}]}<\/script>\n<!-- \/ Yoast SEO plugin. -->","yoast_head_json":{"title":"JNR Mega Shisha Hookah 100K Puffs Vape jetable 60 ml","description":"JNR Mega Shisha 100K Puffs Vape jetable avec 60 ml de e-liquide, 2% ou 5% et \u00e9cran intelligent. Profitez de 12 saveurs et de la vapotage DTL. Commandez maintenant\u00a0!","robots":{"index":"index","follow":"follow","max-snippet":"max-snippet:-1","max-image-preview":"max-image-preview:large","max-video-preview":"max-video-preview:-1"},"canonical":"https:\/\/vapeenjoy.com\/fr\/produit\/jnr-mega-shisha-narguile-100k-puffs-vape-jetable\/","og_locale":"fr_FR","og_type":"article","og_title":"JNR Mega Shisha Hookah 100K Puffs Disposable Vape 60ml","og_description":"JNR Mega Shisha 100K Puffs Disposable Vape with 60ml e-liquid, 2% or 5% nicotine, and smart screen. Enjoy 12 flavors and DTL vaping. Order now!","og_url":"https:\/\/vapeenjoy.com\/fr\/produit\/jnr-mega-shisha-narguile-100k-puffs-vape-jetable\/","og_site_name":"vapeenjoy","article_modified_time":"2025-09-15T09:34:10+00:00","og_image":[{"width":1080,"height":1080,"url":"https:\/\/vapeenjoy.com\/wp-content\/uploads\/2025\/07\/jnr-mega-shisha-hookah-100000-100k-puffs.webp","type":"image\/webp"}],"twitter_card":"summary_large_image","twitter_misc":{"Dur\u00e9e de lecture estim\u00e9e":"4 minutes"},"schema":{"@context":"https:\/\/schema.org","@graph":[{"@type":"WebPage","@id":"https:\/\/vapeenjoy.com\/product\/jnr-mega-shisha-hookah-100k-puffs-disposable-vape\/","url":"https:\/\/vapeenjoy.com\/product\/jnr-mega-shisha-hookah-100k-puffs-disposable-vape\/","name":"JNR Mega Shisha Hookah 100K Puffs Vape jetable 60 ml","isPartOf":{"@id":"https:\/\/vapeenjoy.com\/#website"},"primaryImageOfPage":{"@id":"https:\/\/vapeenjoy.com\/product\/jnr-mega-shisha-hookah-100k-puffs-disposable-vape\/#primaryimage"},"image":{"@id":"https:\/\/vapeenjoy.com\/product\/jnr-mega-shisha-hookah-100k-puffs-disposable-vape\/#primaryimage"},"thumbnailUrl":"https:\/\/vapeenjoy.com\/wp-content\/uploads\/2025\/07\/jnr-mega-shisha-hookah-100000-100k-puffs.webp","datePublished":"2025-07-19T03:39:34+00:00","dateModified":"2025-09-15T09:34:10+00:00","description":"JNR Mega Shisha 100K Puffs Vape jetable avec 60 ml de e-liquide, 2% ou 5% et \u00e9cran intelligent. Profitez de 12 saveurs et de la vapotage DTL. Commandez maintenant\u00a0!","breadcrumb":{"@id":"https:\/\/vapeenjoy.com\/product\/jnr-mega-shisha-hookah-100k-puffs-disposable-vape\/#breadcrumb"},"inLanguage":"fr-FR","potentialAction":[{"@type":"ReadAction","target":["https:\/\/vapeenjoy.com\/product\/jnr-mega-shisha-hookah-100k-puffs-disposable-vape\/"]}]},{"@type":"ImageObject","inLanguage":"fr-FR","@id":"https:\/\/vapeenjoy.com\/product\/jnr-mega-shisha-hookah-100k-puffs-disposable-vape\/#primaryimage","url":"https:\/\/vapeenjoy.com\/wp-content\/uploads\/2025\/07\/jnr-mega-shisha-hookah-100000-100k-puffs.webp","contentUrl":"https:\/\/vapeenjoy.com\/wp-content\/uploads\/2025\/07\/jnr-mega-shisha-hookah-100000-100k-puffs.webp","width":1080,"height":1080},{"@type":"BreadcrumbList","@id":"https:\/\/vapeenjoy.com\/product\/jnr-mega-shisha-hookah-100k-puffs-disposable-vape\/#breadcrumb","itemListElement":[{"@type":"ListItem","position":1,"name":"Home","item":"https:\/\/vapeenjoy.com\/"},{"@type":"ListItem","position":2,"name":"Shop","item":"https:\/\/vapeenjoy.com\/vapeenjoy-shop\/"},{"@type":"ListItem","position":3,"name":"JNR Mega Shisha Hookah 100K Puffs Disposable Vape 60ml 2% 5% Nicotine Smart Screen"}]},{"@type":"WebSite","@id":"https:\/\/vapeenjoy.com\/#website","url":"https:\/\/vapeenjoy.com\/","name":"VapeEnjoy","description":"Une boutique en ligne pour la vente de vapoteurs","potentialAction":[{"@type":"SearchAction","target":{"@type":"EntryPoint","urlTemplate":"https:\/\/vapeenjoy.com\/?s={search_term_string}"},"query-input":{"@type":"PropertyValueSpecification","valueRequired":true,"valueName":"search_term_string"}}],"inLanguage":"fr-FR"}]}},"_links":{"self":[{"href":"https:\/\/vapeenjoy.com\/fr\/wp-json\/wp\/v2\/product\/248","targetHints":{"allow":["GET"]}}],"collection":[{"href":"https:\/\/vapeenjoy.com\/fr\/wp-json\/wp\/v2\/product"}],"about":[{"href":"https:\/\/vapeenjoy.com\/fr\/wp-json\/wp\/v2\/types\/product"}],"replies":[{"embeddable":true,"href":"https:\/\/vapeenjoy.com\/fr\/wp-json\/wp\/v2\/comments?post=248"}],"version-history":[{"count":3,"href":"https:\/\/vapeenjoy.com\/fr\/wp-json\/wp\/v2\/product\/248\/revisions"}],"predecessor-version":[{"id":2370,"href":"https:\/\/vapeenjoy.com\/fr\/wp-json\/wp\/v2\/product\/248\/revisions\/2370"}],"wp:featuredmedia":[{"embeddable":true,"href":"https:\/\/vapeenjoy.com\/fr\/wp-json\/wp\/v2\/media\/261"}],"wp:attachment":[{"href":"https:\/\/vapeenjoy.com\/fr\/wp-json\/wp\/v2\/media?parent=248"}],"wp:term":[{"taxonomy":"product_brand","embeddable":true,"href":"https:\/\/vapeenjoy.com\/fr\/wp-json\/wp\/v2\/product_brand?post=248"},{"taxonomy":"product_cat","embeddable":true,"href":"https:\/\/vapeenjoy.com\/fr\/wp-json\/wp\/v2\/product_cat?post=248"},{"taxonomy":"product_tag","embeddable":true,"href":"https:\/\/vapeenjoy.com\/fr\/wp-json\/wp\/v2\/product_tag?post=248"}],"curies":[{"name":"WP","href":"https:\/\/api.w.org\/{rel}","templated":true}]}}