{"id":2675,"date":"2025-09-03T09:24:37","date_gmt":"2025-09-03T09:24:37","guid":{"rendered":"https:\/\/vapeenjoy.com\/?post_type=product&#038;p=2675"},"modified":"2025-09-20T02:48:57","modified_gmt":"2025-09-20T02:48:57","slug":"waspe-4-in-1-flavors-100k-puffs-disposable-vape-56ml-e-liquid-0-5-nicotine","status":"publish","type":"product","link":"https:\/\/vapeenjoy.com\/fr\/produit\/waspe-4-en-1-flavors-100k-puffs-vape-jetable-56ml-e-liquide-0-5-nicotine\/","title":{"rendered":"Waspe 4 en 1 Flavors 100k Puffs Vape jetable 56ml E-liquide 0-5%"},"content":{"rendered":"<hr data-start=\"65\" data-end=\"68\" \/>\n<h1 data-start=\"70\" data-end=\"121\">Waspe 4 en 1 Flavors 100k Puffs Vape jetable<\/h1>\n<p data-start=\"123\" data-end=\"461\"><strong data-start=\"123\" data-end=\"132\">wasp\u00e9<\/strong>, une marque de vapotage de confiance, fournit des vapoteurs jetables fiables. le <strong data-start=\"198\" data-end=\"249\">Waspe 4 en 1 Flavors 100k Puffs Vape jetable<\/strong> offres <strong data-start=\"257\" data-end=\"282\">Long\u00e9vit\u00e9 et vari\u00e9t\u00e9<\/strong>, alliant commodit\u00e9 et style. Son design \u00e9l\u00e9gant et compact dispose d'un <strong data-start=\"355\" data-end=\"387\">Look d'inspiration singe vibrante<\/strong>, et un <strong data-start=\"395\" data-end=\"416\">Affichage LED intelligent<\/strong> Assure une utilisation pratique pour le vapotage quotidien.<\/p>\n<h2 data-start=\"463\" data-end=\"482\">sp\u00e9cification<\/h2>\n<ul data-start=\"484\" data-end=\"1051\">\n<li data-start=\"484\" data-end=\"565\">\n<p data-start=\"486\" data-end=\"565\"><strong data-start=\"486\" data-end=\"504\">Capacit\u00e9 de bouff\u00e9e :<\/strong> 100\u00a0000 bouff\u00e9es \u2013 utilisation prolong\u00e9e sans remplacements fr\u00e9quents<\/p>\n<\/li>\n<li data-start=\"566\" data-end=\"620\">\n<p data-start=\"568\" data-end=\"620\"><strong data-start=\"568\" data-end=\"590\">Capacit\u00e9 de e-liquide :<\/strong> 56 ml \u2013 Quatre chambres de saveur<\/p>\n<\/li>\n<li data-start=\"621\" data-end=\"694\">\n<p data-start=\"623\" data-end=\"694\"><strong data-start=\"623\" data-end=\"645\">Force nicotine :<\/strong> 0%, 2%, 5% \u2013 Options sans nicotine ou plus<\/p>\n<\/li>\n<li data-start=\"695\" data-end=\"763\">\n<p data-start=\"697\" data-end=\"763\"><strong data-start=\"697\" data-end=\"718\">Capacit\u00e9 de la batterie :<\/strong> 650mAh \u2013 rechargeable pour une puissance constante<\/p>\n<\/li>\n<li data-start=\"764\" data-end=\"811\">\n<p data-start=\"766\" data-end=\"811\"><strong data-start=\"766\" data-end=\"784\">Type de charge :<\/strong> Type-C \u2013 Recharge rapide<\/p>\n<\/li>\n<li data-start=\"812\" data-end=\"879\">\n<p data-start=\"814\" data-end=\"879\"><strong data-start=\"814\" data-end=\"828\">Type de bobine :<\/strong> Bobines de maille Quad 1.0\u03a9 \u2013 saveur riche, vapeur douce<\/p>\n<\/li>\n<li data-start=\"880\" data-end=\"943\">\n<p data-start=\"882\" data-end=\"943\"><strong data-start=\"882\" data-end=\"898\">Affichage LED :<\/strong> Affiche la batterie, le e-liquide et le statut de la saveur<\/p>\n<\/li>\n<li data-start=\"944\" data-end=\"991\">\n<p data-start=\"946\" data-end=\"991\"><strong data-start=\"946\" data-end=\"957\">Poids :<\/strong> 142g \u2013 l\u00e9ger et portable<\/p>\n<\/li>\n<li data-start=\"992\" data-end=\"1051\">\n<p data-start=\"994\" data-end=\"1051\"><strong data-start=\"994\" data-end=\"1009\">Dimensions :<\/strong> 47x47x118mm \u2013 compact pour une manipulation facile<\/p>\n<\/li>\n<\/ul>\n<h2 data-start=\"1053\" data-end=\"1095\">Combinaisons de saveurs fruit\u00e9es et tropicales<\/h2>\n<ol data-start=\"1097\" data-end=\"1533\">\n<li data-start=\"1097\" data-end=\"1170\">\n<p data-start=\"1100\" data-end=\"1170\">Glace et fraise aux fraises Kiwi &amp; framboises Past\u00e8que &amp; citron vert<\/p>\n<\/li>\n<li data-start=\"1171\" data-end=\"1235\">\n<p data-start=\"1174\" data-end=\"1235\">Past\u00e8que aux fraises et Mr.Blue &amp; Ice raisin &amp; Bonbons arc-en-ciel<\/p>\n<\/li>\n<li data-start=\"1236\" data-end=\"1309\">\n<p data-start=\"1239\" data-end=\"1309\">Red Bull Ice &amp; Banana Ice &amp; Ananas Coco Ice &amp; Triple Mango Ice<\/p>\n<\/li>\n<li data-start=\"1310\" data-end=\"1389\">\n<p data-start=\"1313\" data-end=\"1389\">Banane et fraise \u00e0 la fraise et \u00e0 la mangue rose et aux fraises<\/p>\n<\/li>\n<li data-start=\"1390\" data-end=\"1455\">\n<p data-start=\"1393\" data-end=\"1455\">Glace \u00e0 la p\u00eache juteuse et fruits tropicaux et explosion de fruits et baies de p\u00eache<\/p>\n<\/li>\n<li data-start=\"1456\" data-end=\"1533\">\n<p data-start=\"1459\" data-end=\"1533\">Baies m\u00e9lang\u00e9es et glace \u00e0 la pomme et aux myrtilles Framboise et myrtille<\/p>\n<\/li>\n<\/ol>\n<h2 data-start=\"1535\" data-end=\"1578\">Combinaisons de saveurs de baies et de cola<\/h2>\n<ol start=\"7\" data-start=\"1580\" data-end=\"2089\">\n<li data-start=\"1580\" data-end=\"1660\">\n<p data-start=\"1583\" data-end=\"1660\">Framboise Framboise Cherry &amp; Crazy Cherry Ice &amp; Blue Cherry Ice &amp; Cola<\/p>\n<\/li>\n<li data-start=\"1661\" data-end=\"1735\">\n<p data-start=\"1664\" data-end=\"1735\">Blueberry Ice &amp; Black Knight &amp; Strawberry Ice &amp; Strawberry Past\u00e8que<\/p>\n<\/li>\n<li data-start=\"1736\" data-end=\"1836\">\n<p data-start=\"1739\" data-end=\"1836\">Glace au cola et fraise Fraise Glace aux fraises et fraise Cola et fraise \u00e0 la past\u00e8que Bubblegum<\/p>\n<\/li>\n<li data-start=\"1837\" data-end=\"1915\">\n<p data-start=\"1841\" data-end=\"1915\">Glace au raisin et fraise Kiwi et fraise Framboise Cherry &amp; Black Knight<\/p>\n<\/li>\n<li data-start=\"1916\" data-end=\"2008\">\n<p data-start=\"1920\" data-end=\"2008\">Fraise Red Bull &amp; Strawberry Past\u00e8que Bubblegum &amp; Red Bull Ice &amp; Cherry Cola<\/p>\n<\/li>\n<li data-start=\"2009\" data-end=\"2089\">\n<p data-start=\"2013\" data-end=\"2089\">Blueberry Framboise et myrtille Limonade &amp; Baies m\u00e9lang\u00e9es et glace au miel de raisin<\/p>\n<\/li>\n<\/ol>\n<h2 data-start=\"2091\" data-end=\"2122\">Questions fr\u00e9quentes<\/h2>\n<ol data-start=\"2124\" data-end=\"3060\">\n<li data-start=\"2124\" data-end=\"2219\">\n<p data-start=\"2127\" data-end=\"2219\"><strong data-start=\"2127\" data-end=\"2157\">Quelle est la capacit\u00e9 de bouff\u00e9e ?<\/strong><br data-start=\"2157\" data-end=\"2160\" \/>il fournit <strong data-start=\"2172\" data-end=\"2189\">100\u00a0000 bouff\u00e9es<\/strong>, offrant une utilisation durable.<\/p>\n<\/li>\n<li data-start=\"2221\" data-end=\"2337\">\n<p data-start=\"2224\" data-end=\"2337\"><strong data-start=\"2224\" data-end=\"2259\">Comment fonctionne le changement de saveur ?<\/strong><br data-start=\"2259\" data-end=\"2262\" \/>un <strong data-start=\"2264\" data-end=\"2304\">Bouton bascule entre quatre saveurs<\/strong>, indiqu\u00e9 sur l'\u00e9cran LED.<\/p>\n<\/li>\n<li data-start=\"2339\" data-end=\"2582\">\n<p data-start=\"2342\" data-end=\"2582\"><strong data-start=\"2342\" data-end=\"2384\">Quelles forces de nicotine sont disponibles ?<\/strong><br data-start=\"2384\" data-end=\"2387\" \/>Les options incluent 0%, 2% ou 5%. <a class=\"\" href=\"https:\/\/vapeenjoy.com\/how-to-choose-the-right-nicotine-strength-vape-enjoy\/\" target=\"_new\" rel=\"noopener\" data-start=\"2477\" data-end=\"2579\">Guide de la force nicotine<\/a>.<\/p>\n<\/li>\n<li data-start=\"2584\" data-end=\"2698\">\n<p data-start=\"2587\" data-end=\"2698\"><strong data-start=\"2587\" data-end=\"2615\">\u00c0 quelle fr\u00e9quence dois-je me recharger\u00a0?<\/strong><br data-start=\"2615\" data-end=\"2618\" \/>le <strong data-start=\"2622\" data-end=\"2640\">Batterie 650mAh<\/strong> Dur\u00e9e des jours et peut \u00eatre recharg\u00e9e rapidement via Type-C.<\/p>\n<\/li>\n<li data-start=\"2700\" data-end=\"2814\">\n<p data-start=\"2703\" data-end=\"2814\"><strong data-start=\"2703\" data-end=\"2742\">Comment v\u00e9rifier la batterie ou le e-liquide ?<\/strong><br data-start=\"2742\" data-end=\"2745\" \/>le <strong data-start=\"2749\" data-end=\"2764\">Affichage LED<\/strong> Affiche clairement les niveaux de batterie et de liquides.<\/p>\n<\/li>\n<li data-start=\"2816\" data-end=\"2939\">\n<p data-start=\"2819\" data-end=\"2939\"><strong data-start=\"2819\" data-end=\"2854\">Comment choisir la bonne saveur ?<\/strong><br data-start=\"2854\" data-end=\"2857\" \/>\u00e9prouver <strong data-start=\"2861\" data-end=\"2878\">baies m\u00e9lang\u00e9es<\/strong> Pour des notes sucr\u00e9es ou <strong data-start=\"2898\" data-end=\"2917\">Glace de cola de cerise<\/strong> Pour un go\u00fbt plus audacieux.<\/p>\n<\/li>\n<li data-start=\"2941\" data-end=\"3060\">\n<p data-start=\"2944\" data-end=\"3060\"><strong data-start=\"2944\" data-end=\"2980\">Pourquoi les bobines quad mesh sont-elles sp\u00e9ciales ?<\/strong><br data-start=\"2980\" data-end=\"2983\" \/>Ils assurent <strong data-start=\"2995\" data-end=\"3025\">Livraison de saveurs coh\u00e9rente<\/strong> et <strong data-start=\"3030\" data-end=\"3057\">Production de vapeurs en douceur<\/strong>.<\/p>\n<\/li>\n<\/ol>\n<p><img fetchpriority=\"high\" decoding=\"async\" class=\"alignnone size-full wp-image-2682\" src=\"https:\/\/vapeenjoy.com\/wp-content\/uploads\/2025\/09\/\u53e3\u5473\u5361.jpg\" alt=\"Waspe 4 en 1 Flavors 100k Puffs Vape jetable 56ml E-liquide 0-5% Ar\u00f4mes de nicotine\" width=\"1827\" height=\"1959\" srcset=\"https:\/\/vapeenjoy.com\/wp-content\/uploads\/2025\/09\/\u53e3\u5473\u5361.jpg 1827w, https:\/\/vapeenjoy.com\/wp-content\/uploads\/2025\/09\/\u53e3\u5473\u5361-280x300.jpg 280w, https:\/\/vapeenjoy.com\/wp-content\/uploads\/2025\/09\/\u53e3\u5473\u5361-955x1024.jpg 955w, https:\/\/vapeenjoy.com\/wp-content\/uploads\/2025\/09\/\u53e3\u5473\u5361-768x823.jpg 768w, https:\/\/vapeenjoy.com\/wp-content\/uploads\/2025\/09\/\u53e3\u5473\u5361-1433x1536.jpg 1433w, https:\/\/vapeenjoy.com\/wp-content\/uploads\/2025\/09\/\u53e3\u5473\u5361-11x12.jpg 11w, https:\/\/vapeenjoy.com\/wp-content\/uploads\/2025\/09\/\u53e3\u5473\u5361-1200x1287.jpg 1200w, https:\/\/vapeenjoy.com\/wp-content\/uploads\/2025\/09\/\u53e3\u5473\u5361-150x161.jpg 150w\" sizes=\"(max-width: 1827px) 100vw, 1827px\" \/><\/p>","protected":false},"excerpt":{"rendered":"<p dir=\"ltr\" data-pm-slice=\"1 1 []\">Waspe, une marque de vapotage fiable, propose le Vape jetable 4 en 1 saveurs 100K Puffs, dot\u00e9 de 56 ml de e-liquide dans quatre chambres de saveurs, de nicotine 0-5%, une batterie rechargeable de 650 mAh avec charge de type C et des bobines de maille 1.0\u03a9 pour une saveur riche.<\/p>","protected":false},"featured_media":2678,"comment_status":"open","ping_status":"closed","template":"","meta":[],"product_brand":[41],"product_cat":[36],"product_tag":[64,217,72],"class_list":{"0":"post-2675","1":"product","2":"type-product","3":"status-publish","4":"has-post-thumbnail","6":"product_brand-waspe-vape","7":"product_cat-100k-puffs-vape","8":"product_tag-0-5-nicotine","9":"product_tag-4-in-1-flavors","10":"product_tag-56ml","12":"first","13":"instock","14":"sale","15":"shipping-taxable","16":"purchasable","17":"product-type-variable"},"yoast_head":"<!-- This site is optimized with the Yoast SEO plugin v25.7 - https:\/\/yoast.com\/wordpress\/plugins\/seo\/ -->\n<title>WASPE 100K Puffs Disposable Vape \u2013 4 Flavors, Smooth Clouds<\/title>\n<meta name=\"description\" content=\"WASPE 4-in-1 100K Puffs Disposable Vape \u2013 rechargeable, quad coils, LED display, and four delicious flavors for long-lasting smooth vaping.\" \/>\n<meta name=\"robots\" content=\"index, follow, max-snippet:-1, max-image-preview:large, max-video-preview:-1\" \/>\n<link rel=\"canonical\" href=\"https:\/\/vapeenjoy.com\/fr\/produit\/waspe-4-en-1-flavors-100k-puffs-vape-jetable-56ml-e-liquide-0-5-nicotine\/\" \/>\n<meta property=\"og:locale\" content=\"fr_FR\" \/>\n<meta property=\"og:type\" content=\"article\" \/>\n<meta property=\"og:title\" content=\"WASPE 100K Puffs Disposable Vape \u2013 4 Flavors, Smooth Clouds\" \/>\n<meta property=\"og:description\" content=\"WASPE 4-in-1 100K Puffs Disposable Vape \u2013 rechargeable, quad coils, LED display, and four delicious flavors for long-lasting smooth vaping.\" \/>\n<meta property=\"og:url\" content=\"https:\/\/vapeenjoy.com\/fr\/produit\/waspe-4-en-1-flavors-100k-puffs-vape-jetable-56ml-e-liquide-0-5-nicotine\/\" \/>\n<meta property=\"og:site_name\" content=\"vapeenjoy\" \/>\n<meta property=\"article:modified_time\" content=\"2025-09-20T02:48:57+00:00\" \/>\n<meta property=\"og:image\" content=\"https:\/\/vapeenjoy.com\/wp-content\/uploads\/2025\/09\/\u5c0f\u76d2\u4ea7\u54c1-20000.jpg\" \/>\n\t<meta property=\"og:image:width\" content=\"1500\" \/>\n\t<meta property=\"og:image:height\" content=\"1500\" \/>\n\t<meta property=\"og:image:type\" content=\"image\/jpeg\" \/>\n<meta name=\"twitter:card\" content=\"summary_large_image\" \/>\n<meta name=\"twitter:label1\" content=\"Dur\u00e9e de lecture estim\u00e9e\" \/>\n\t<meta name=\"twitter:data1\" content=\"3 minutes\" \/>\n<script type=\"application\/ld+json\" class=\"yoast-schema-graph\">{\"@context\":\"https:\/\/schema.org\",\"@graph\":[{\"@type\":\"WebPage\",\"@id\":\"https:\/\/vapeenjoy.com\/product\/waspe-4-in-1-flavors-100k-puffs-disposable-vape-56ml-e-liquid-0-5-nicotine\/\",\"url\":\"https:\/\/vapeenjoy.com\/product\/waspe-4-in-1-flavors-100k-puffs-disposable-vape-56ml-e-liquid-0-5-nicotine\/\",\"name\":\"WASPE 100K Puffs Disposable Vape \u2013 4 Flavors, Smooth Clouds\",\"isPartOf\":{\"@id\":\"https:\/\/vapeenjoy.com\/#website\"},\"primaryImageOfPage\":{\"@id\":\"https:\/\/vapeenjoy.com\/product\/waspe-4-in-1-flavors-100k-puffs-disposable-vape-56ml-e-liquid-0-5-nicotine\/#primaryimage\"},\"image\":{\"@id\":\"https:\/\/vapeenjoy.com\/product\/waspe-4-in-1-flavors-100k-puffs-disposable-vape-56ml-e-liquid-0-5-nicotine\/#primaryimage\"},\"thumbnailUrl\":\"https:\/\/vapeenjoy.com\/wp-content\/uploads\/2025\/09\/\u5c0f\u76d2\u4ea7\u54c1-20000.jpg\",\"datePublished\":\"2025-09-03T09:24:37+00:00\",\"dateModified\":\"2025-09-20T02:48:57+00:00\",\"description\":\"WASPE 4-in-1 100K Puffs Disposable Vape \u2013 rechargeable, quad coils, LED display, and four delicious flavors for long-lasting smooth vaping.\",\"breadcrumb\":{\"@id\":\"https:\/\/vapeenjoy.com\/product\/waspe-4-in-1-flavors-100k-puffs-disposable-vape-56ml-e-liquid-0-5-nicotine\/#breadcrumb\"},\"inLanguage\":\"fr-FR\",\"potentialAction\":[{\"@type\":\"ReadAction\",\"target\":[\"https:\/\/vapeenjoy.com\/product\/waspe-4-in-1-flavors-100k-puffs-disposable-vape-56ml-e-liquid-0-5-nicotine\/\"]}]},{\"@type\":\"ImageObject\",\"inLanguage\":\"fr-FR\",\"@id\":\"https:\/\/vapeenjoy.com\/product\/waspe-4-in-1-flavors-100k-puffs-disposable-vape-56ml-e-liquid-0-5-nicotine\/#primaryimage\",\"url\":\"https:\/\/vapeenjoy.com\/wp-content\/uploads\/2025\/09\/\u5c0f\u76d2\u4ea7\u54c1-20000.jpg\",\"contentUrl\":\"https:\/\/vapeenjoy.com\/wp-content\/uploads\/2025\/09\/\u5c0f\u76d2\u4ea7\u54c1-20000.jpg\",\"width\":1500,\"height\":1500,\"caption\":\"WASPE 4 in 1 Flavors 100K Puffs Disposable Vape\"},{\"@type\":\"BreadcrumbList\",\"@id\":\"https:\/\/vapeenjoy.com\/product\/waspe-4-in-1-flavors-100k-puffs-disposable-vape-56ml-e-liquid-0-5-nicotine\/#breadcrumb\",\"itemListElement\":[{\"@type\":\"ListItem\",\"position\":1,\"name\":\"Home\",\"item\":\"https:\/\/vapeenjoy.com\/\"},{\"@type\":\"ListItem\",\"position\":2,\"name\":\"Shop\",\"item\":\"https:\/\/vapeenjoy.com\/vapeenjoy-shop\/\"},{\"@type\":\"ListItem\",\"position\":3,\"name\":\"WASPE 4 in 1 Flavors 100K Puffs Disposable Vape 56ml E-liquid 0-5% Nicotine\"}]},{\"@type\":\"WebSite\",\"@id\":\"https:\/\/vapeenjoy.com\/#website\",\"url\":\"https:\/\/vapeenjoy.com\/\",\"name\":\"vapeenjoy\",\"description\":\"An online store for selling vapes\",\"potentialAction\":[{\"@type\":\"SearchAction\",\"target\":{\"@type\":\"EntryPoint\",\"urlTemplate\":\"https:\/\/vapeenjoy.com\/?s={search_term_string}\"},\"query-input\":{\"@type\":\"PropertyValueSpecification\",\"valueRequired\":true,\"valueName\":\"search_term_string\"}}],\"inLanguage\":\"fr-FR\"}]}<\/script>\n<!-- \/ Yoast SEO plugin. -->","yoast_head_json":{"title":"Vape jetable Waspe 100k Puffs \u2013 4 saveurs, nuages lisses","description":"Vape jetable Waspe 4 en 1 100k gonfl\u00e9e - rechargeable, quadruple, \u00e9cran LED et quatre d\u00e9licieuses saveurs pour un vapotage en douceur durable.","robots":{"index":"index","follow":"follow","max-snippet":"max-snippet:-1","max-image-preview":"max-image-preview:large","max-video-preview":"max-video-preview:-1"},"canonical":"https:\/\/vapeenjoy.com\/fr\/produit\/waspe-4-en-1-flavors-100k-puffs-vape-jetable-56ml-e-liquide-0-5-nicotine\/","og_locale":"fr_FR","og_type":"article","og_title":"WASPE 100K Puffs Disposable Vape \u2013 4 Flavors, Smooth Clouds","og_description":"WASPE 4-in-1 100K Puffs Disposable Vape \u2013 rechargeable, quad coils, LED display, and four delicious flavors for long-lasting smooth vaping.","og_url":"https:\/\/vapeenjoy.com\/fr\/produit\/waspe-4-en-1-flavors-100k-puffs-vape-jetable-56ml-e-liquide-0-5-nicotine\/","og_site_name":"vapeenjoy","article_modified_time":"2025-09-20T02:48:57+00:00","og_image":[{"width":1500,"height":1500,"url":"https:\/\/vapeenjoy.com\/wp-content\/uploads\/2025\/09\/\u5c0f\u76d2\u4ea7\u54c1-20000.jpg","type":"image\/jpeg"}],"twitter_card":"summary_large_image","twitter_misc":{"Dur\u00e9e de lecture estim\u00e9e":"3 minutes"},"schema":{"@context":"https:\/\/schema.org","@graph":[{"@type":"WebPage","@id":"https:\/\/vapeenjoy.com\/product\/waspe-4-in-1-flavors-100k-puffs-disposable-vape-56ml-e-liquid-0-5-nicotine\/","url":"https:\/\/vapeenjoy.com\/product\/waspe-4-in-1-flavors-100k-puffs-disposable-vape-56ml-e-liquid-0-5-nicotine\/","name":"Vape jetable Waspe 100k Puffs \u2013 4 saveurs, nuages lisses","isPartOf":{"@id":"https:\/\/vapeenjoy.com\/#website"},"primaryImageOfPage":{"@id":"https:\/\/vapeenjoy.com\/product\/waspe-4-in-1-flavors-100k-puffs-disposable-vape-56ml-e-liquid-0-5-nicotine\/#primaryimage"},"image":{"@id":"https:\/\/vapeenjoy.com\/product\/waspe-4-in-1-flavors-100k-puffs-disposable-vape-56ml-e-liquid-0-5-nicotine\/#primaryimage"},"thumbnailUrl":"https:\/\/vapeenjoy.com\/wp-content\/uploads\/2025\/09\/\u5c0f\u76d2\u4ea7\u54c1-20000.jpg","datePublished":"2025-09-03T09:24:37+00:00","dateModified":"2025-09-20T02:48:57+00:00","description":"Vape jetable Waspe 4 en 1 100k gonfl\u00e9e - rechargeable, quadruple, \u00e9cran LED et quatre d\u00e9licieuses saveurs pour un vapotage en douceur durable.","breadcrumb":{"@id":"https:\/\/vapeenjoy.com\/product\/waspe-4-in-1-flavors-100k-puffs-disposable-vape-56ml-e-liquid-0-5-nicotine\/#breadcrumb"},"inLanguage":"fr-FR","potentialAction":[{"@type":"ReadAction","target":["https:\/\/vapeenjoy.com\/product\/waspe-4-in-1-flavors-100k-puffs-disposable-vape-56ml-e-liquid-0-5-nicotine\/"]}]},{"@type":"ImageObject","inLanguage":"fr-FR","@id":"https:\/\/vapeenjoy.com\/product\/waspe-4-in-1-flavors-100k-puffs-disposable-vape-56ml-e-liquid-0-5-nicotine\/#primaryimage","url":"https:\/\/vapeenjoy.com\/wp-content\/uploads\/2025\/09\/\u5c0f\u76d2\u4ea7\u54c1-20000.jpg","contentUrl":"https:\/\/vapeenjoy.com\/wp-content\/uploads\/2025\/09\/\u5c0f\u76d2\u4ea7\u54c1-20000.jpg","width":1500,"height":1500,"caption":"WASPE 4 in 1 Flavors 100K Puffs Disposable Vape"},{"@type":"BreadcrumbList","@id":"https:\/\/vapeenjoy.com\/product\/waspe-4-in-1-flavors-100k-puffs-disposable-vape-56ml-e-liquid-0-5-nicotine\/#breadcrumb","itemListElement":[{"@type":"ListItem","position":1,"name":"Home","item":"https:\/\/vapeenjoy.com\/"},{"@type":"ListItem","position":2,"name":"Shop","item":"https:\/\/vapeenjoy.com\/vapeenjoy-shop\/"},{"@type":"ListItem","position":3,"name":"WASPE 4 in 1 Flavors 100K Puffs Disposable Vape 56ml E-liquid 0-5% Nicotine"}]},{"@type":"WebSite","@id":"https:\/\/vapeenjoy.com\/#website","url":"https:\/\/vapeenjoy.com\/","name":"VapeEnjoy","description":"Une boutique en ligne pour la vente de vapoteurs","potentialAction":[{"@type":"SearchAction","target":{"@type":"EntryPoint","urlTemplate":"https:\/\/vapeenjoy.com\/?s={search_term_string}"},"query-input":{"@type":"PropertyValueSpecification","valueRequired":true,"valueName":"search_term_string"}}],"inLanguage":"fr-FR"}]}},"_links":{"self":[{"href":"https:\/\/vapeenjoy.com\/fr\/wp-json\/wp\/v2\/product\/2675","targetHints":{"allow":["GET"]}}],"collection":[{"href":"https:\/\/vapeenjoy.com\/fr\/wp-json\/wp\/v2\/product"}],"about":[{"href":"https:\/\/vapeenjoy.com\/fr\/wp-json\/wp\/v2\/types\/product"}],"replies":[{"embeddable":true,"href":"https:\/\/vapeenjoy.com\/fr\/wp-json\/wp\/v2\/comments?post=2675"}],"version-history":[{"count":3,"href":"https:\/\/vapeenjoy.com\/fr\/wp-json\/wp\/v2\/product\/2675\/revisions"}],"predecessor-version":[{"id":3037,"href":"https:\/\/vapeenjoy.com\/fr\/wp-json\/wp\/v2\/product\/2675\/revisions\/3037"}],"wp:featuredmedia":[{"embeddable":true,"href":"https:\/\/vapeenjoy.com\/fr\/wp-json\/wp\/v2\/media\/2678"}],"wp:attachment":[{"href":"https:\/\/vapeenjoy.com\/fr\/wp-json\/wp\/v2\/media?parent=2675"}],"wp:term":[{"taxonomy":"product_brand","embeddable":true,"href":"https:\/\/vapeenjoy.com\/fr\/wp-json\/wp\/v2\/product_brand?post=2675"},{"taxonomy":"product_cat","embeddable":true,"href":"https:\/\/vapeenjoy.com\/fr\/wp-json\/wp\/v2\/product_cat?post=2675"},{"taxonomy":"product_tag","embeddable":true,"href":"https:\/\/vapeenjoy.com\/fr\/wp-json\/wp\/v2\/product_tag?post=2675"}],"curies":[{"name":"WP","href":"https:\/\/api.w.org\/{rel}","templated":true}]}}