{"id":2712,"date":"2025-09-04T07:19:57","date_gmt":"2025-09-04T07:19:57","guid":{"rendered":"https:\/\/vapeenjoy.com\/?post_type=product&#038;p=2712"},"modified":"2025-09-04T07:19:57","modified_gmt":"2025-09-04T07:19:57","slug":"jnr-falcon-pro-28000-puffs-disposable-vape-led-display-30ml-e-liquid-2-nicotine","status":"publish","type":"product","link":"https:\/\/vapeenjoy.com\/fr\/produit\/jnr-falcon-pro-28000-bouffees-jetables-vape-affichage-led-30ml-e-liquid-2-nicotine\/","title":{"rendered":"JNR Falcon Pro 28000 bouff\u00e9es jetables Vape Affichage LED 30ml E-liquide 2% Nicotine"},"content":{"rendered":"<h2>JNR Falcon Pro 28000 bouff\u00e9es jetables Vape Description du produit<\/h2>\n<p>JNR est une marque bien connue dans le vapotage, c\u00e9l\u00e8bre pour ses appareils fiables. Par cons\u00e9quent, le JNR Falcon Pro 28000 bouff\u00e9es jetables offre un nombre impressionnant de bouff\u00e9es et une conception conviviale. De plus, son corps \u00e9l\u00e9gant et ergonomique avec une finition cristalline allie style et fonctionnalit\u00e9. En cons\u00e9quence, c'est un excellent choix pour ceux qui recherchent une solution de vapotage durable.<\/p>\n<h3>Principales sp\u00e9cifications<\/h3>\n<p>\u2022 <b>Nombre de gonflements : 28\u00a0000<\/b> \u2013 Offre jusqu'\u00e0 28\u00a0000 bouff\u00e9es pour une utilisation prolong\u00e9e.<br \/>\n\u2022 <b>Capacit\u00e9 de e-liquide : 30 ml<\/b> \u2013 Contient 30 ml pour des saveurs coh\u00e9rentes et riches.<br \/>\n\u2022 <b>Force nicotine : 2%<\/b> \u2013 Fournit un coup \u00e9quilibr\u00e9 de 2% \u00e0 la nicotine.<br \/>\n\u2022 <b>Batterie : 950mAh<\/b> \u2013 La batterie rechargeable prend en charge de longues sessions.<br \/>\n\u2022 <b>Chargement : USB-C<\/b> \u2013 Dispose d'un chargement rapide USB-C pour plus de commodit\u00e9.<br \/>\n\u2022 <b>Bobine : double maille<\/b> \u2013 Am\u00e9liore la production de saveurs et de vapeurs.<br \/>\n\u2022 <b>Affichage : LED<\/b> \u2013 Affiche clairement les niveaux de batterie et de liquides.<br \/>\n\u2022 <b>D\u00e9bit d'air : r\u00e9glable<\/b> \u2013 Permet de dessiner la personnalisation de pr\u00e9f\u00e9rence.<\/p>\n<h3>10 options de saveurs rafra\u00eechissantes et glaciales<\/h3>\n<p>Pour commencer, le JNR Falcon Pro offre une vari\u00e9t\u00e9 de saveurs rafra\u00eechissantes. Par exemple\u00a0:<br \/>\n1. <b>glace \u00e0 la fraise<\/b> \u2013 Fraises sucr\u00e9es avec une finale glaciale rafra\u00eechissante.<br \/>\n2. <b>Glace de past\u00e8que<\/b> \u2013 Past\u00e8que juteuse avec une touche croustillante et fra\u00eeche.<br \/>\n3. <b>Glace \u00e0 la past\u00e8que aux fraises<\/b> \u2013 Fraises et past\u00e8que avec de la glace.<br \/>\n4. <b>Glace de la past\u00e8que Kiwi<\/b> \u2013 Kiwi exotique et past\u00e8que, r\u00e9frig\u00e9r\u00e9.<br \/>\n5. <b>Glace aux myrtilles<\/b> \u2013 Bleuets doux avec une touche de menthol.<br \/>\n6. <b>Cerise Razz bleu<\/b> \u2013 Framboise acidul\u00e9e et cerise avec un indice cool.<br \/>\n7. <b>Framboise aigre-douce aux myrtilles<\/b> \u2013 Bleuets avec tarte, framboise rafra\u00eechissante.<br \/>\n8. <b>Razz de p\u00eache blanche<\/b> \u2013 P\u00eache d\u00e9licate et framboise piquante, l\u00e9g\u00e8rement r\u00e9frig\u00e9r\u00e9e.<br \/>\n9. <b>cola de cerises<\/b> \u2013 Cerises avec du cola p\u00e9tillant et une subtile note fra\u00eeche.<br \/>\n10. <b>baie de cerise<\/b> \u2013 Cerises et baies avec une touche rafra\u00eechissante.<\/p>\n<h3>10 options de saveurs fruit\u00e9es et sucr\u00e9es<\/h3>\n<p>De plus, l'appareil comprend des saveurs riches et fruit\u00e9es. Plus pr\u00e9cis\u00e9ment :<br \/>\n11. <b>kiwi aux fraises<\/b> \u2013 Fraises m\u00fbres m\u00e9lang\u00e9es \u00e0 des kiwis acidul\u00e9s.<br \/>\n12. <b>Cerise de framboise aux myrtilles<\/b> \u2013 Un m\u00e9lange vibrant de triple baies.<br \/>\n13. <b>baies m\u00e9lang\u00e9es<\/b> \u2013 Baies assorties pour une explosion audacieuse et fruit\u00e9e.<br \/>\n14. <b>p\u00eache juteuse<\/b> \u2013 P\u00eaches douces et succulentes.<br \/>\n15. <b>mangue<\/b> \u2013 Mangue tropicale et fruit de la passion acidul\u00e9e.<br \/>\n16. <b>Past\u00e8que de la mangue et p\u00eache<\/b> \u2013 Un trio tropical de p\u00eache, mangue, past\u00e8que.<br \/>\n17. <b>Bubblegum past\u00e8que<\/b> \u2013 Past\u00e8que avec une torsion de bubblegum nostalgique.<br \/>\n18. <b>Banane fraise<\/b> \u2013 Banane cr\u00e9meuse et fraises sucr\u00e9es.<br \/>\n19. <b>pomme double<\/b> \u2013 M\u00e9lange croquant de pommes vertes et rouges.<br \/>\n20. <b>Goyave de la passion des kiwis<\/b> \u2013 Kiwi, fruit de la passion et m\u00e9lange de goyave.<\/p>\n<h3>Questions fr\u00e9quentes<\/h3>\n<p>1. Combien de bouff\u00e9es fournit-il ?<br \/>\nIl offre 28\u00a0000 bouff\u00e9es pour une utilisation \u00e0 long terme.<\/p>\n<p>2. Quelle est la force de la nicotine ?<br \/>\nIl a 2% de nicotine pour un coup doux.<\/p>\n<p>3. Puis-je le recharger ?<br \/>\nOui, il utilise une batterie de 950 mAh avec USB-C.<\/p>\n<p>4. Comment choisir une saveur ?<br \/>\nPar exemple, choisissez le fruit de la passion de la mangue pour la douceur ou la glace de past\u00e8que pour le rafra\u00eechissement. Essayez diff\u00e9rentes options pour trouver votre favori.<\/p>\n<p>5. A-t-il un \u00e9cran ?<br \/>\nEn effet, une LED affiche les niveaux de batterie et de e-liquide.<\/p>\n<p>6. Quelle bobine est utilis\u00e9e ?<br \/>\nUne bobine double maille assure une saveur riche.<\/p>\n<p>7 Le flux d'air peut-il \u00eatre ajust\u00e9 ?<br \/>\nOui, le flux d'air r\u00e9glable personnalise le tirage.<\/p>\n<p><img fetchpriority=\"high\" decoding=\"async\" class=\"alignnone size-full wp-image-2718\" src=\"https:\/\/vapeenjoy.com\/wp-content\/uploads\/2025\/09\/JNR-Falcon-Pro-28000-Puffs-Disposable-Vape-Flavors.jpg\" alt=\"JNR Falcon Pro 28000 bouff\u00e9es de vapeurs jetables\" width=\"2000\" height=\"2000\" srcset=\"https:\/\/vapeenjoy.com\/wp-content\/uploads\/2025\/09\/JNR-Falcon-Pro-28000-Puffs-Disposable-Vape-Flavors.jpg 2000w, https:\/\/vapeenjoy.com\/wp-content\/uploads\/2025\/09\/JNR-Falcon-Pro-28000-Puffs-Disposable-Vape-Flavors-300x300.jpg 300w, https:\/\/vapeenjoy.com\/wp-content\/uploads\/2025\/09\/JNR-Falcon-Pro-28000-Puffs-Disposable-Vape-Flavors-1024x1024.jpg 1024w, https:\/\/vapeenjoy.com\/wp-content\/uploads\/2025\/09\/JNR-Falcon-Pro-28000-Puffs-Disposable-Vape-Flavors-150x150.jpg 150w, https:\/\/vapeenjoy.com\/wp-content\/uploads\/2025\/09\/JNR-Falcon-Pro-28000-Puffs-Disposable-Vape-Flavors-768x768.jpg 768w, https:\/\/vapeenjoy.com\/wp-content\/uploads\/2025\/09\/JNR-Falcon-Pro-28000-Puffs-Disposable-Vape-Flavors-1536x1536.jpg 1536w, https:\/\/vapeenjoy.com\/wp-content\/uploads\/2025\/09\/JNR-Falcon-Pro-28000-Puffs-Disposable-Vape-Flavors-12x12.jpg 12w, https:\/\/vapeenjoy.com\/wp-content\/uploads\/2025\/09\/JNR-Falcon-Pro-28000-Puffs-Disposable-Vape-Flavors-600x600.jpg 600w, https:\/\/vapeenjoy.com\/wp-content\/uploads\/2025\/09\/JNR-Falcon-Pro-28000-Puffs-Disposable-Vape-Flavors-1200x1200.jpg 1200w\" sizes=\"(max-width: 2000px) 100vw, 2000px\" \/><\/p>","protected":false},"excerpt":{"rendered":"<p dir=\"ltr\" data-pm-slice=\"1 1 []\">JNR, un nom de confiance dans le vapotage, propose le Falcon Pro 28000 Puffs Jetable Vape, un appareil fiable au design \u00e9l\u00e9gant. Il dispose d'une capacit\u00e9 de 30 ml de liquide \u00e9lectronique, de r\u00e9sistance \u00e0 la nicotine de 2%, d'une batterie rechargeable de 950 mAh, d'une bobine double maille, d'un affichage LED et d'un flux d'air r\u00e9glable pour une exp\u00e9rience de vapotage personnalis\u00e9e et durable.<\/p>","protected":false},"featured_media":2713,"comment_status":"open","ping_status":"closed","template":"","meta":[],"product_brand":[33],"product_cat":[60],"product_tag":[85,70],"class_list":{"0":"post-2712","1":"product","2":"type-product","3":"status-publish","4":"has-post-thumbnail","6":"product_brand-jnr-vape","7":"product_cat-28000-puffs-vape","8":"product_tag-2-nicotine","9":"product_tag-30ml","11":"first","12":"instock","13":"sale","14":"shipping-taxable","15":"purchasable","16":"product-type-variable"},"yoast_head":"<!-- This site is optimized with the Yoast SEO plugin v25.7 - https:\/\/yoast.com\/wordpress\/plugins\/seo\/ -->\n<title>JNR Falcon Pro 28000 Puffs Disposable Vape LED Display 30ml<\/title>\n<meta name=\"description\" content=\"JNR Falcon Pro 28000 Puffs Disposable Vape offers 30ml e-liquid, 2% nicotine, 950mAh battery, dual mesh coil and LED display. Buy now for a lasting vape!\" \/>\n<meta name=\"robots\" content=\"index, follow, max-snippet:-1, max-image-preview:large, max-video-preview:-1\" \/>\n<link rel=\"canonical\" href=\"https:\/\/vapeenjoy.com\/fr\/produit\/jnr-falcon-pro-28000-bouffees-jetables-vape-affichage-led-30ml-e-liquid-2-nicotine\/\" \/>\n<meta property=\"og:locale\" content=\"fr_FR\" \/>\n<meta property=\"og:type\" content=\"article\" \/>\n<meta property=\"og:title\" content=\"JNR Falcon Pro 28000 Puffs Disposable Vape LED Display 30ml\" \/>\n<meta property=\"og:description\" content=\"JNR Falcon Pro 28000 Puffs Disposable Vape offers 30ml e-liquid, 2% nicotine, 950mAh battery, dual mesh coil and LED display. Buy now for a lasting vape!\" \/>\n<meta property=\"og:url\" content=\"https:\/\/vapeenjoy.com\/fr\/produit\/jnr-falcon-pro-28000-bouffees-jetables-vape-affichage-led-30ml-e-liquid-2-nicotine\/\" \/>\n<meta property=\"og:site_name\" content=\"vapeenjoy\" \/>\n<meta property=\"og:image\" content=\"https:\/\/vapeenjoy.com\/wp-content\/uploads\/2025\/09\/jnr-falcon-pro-28000-puffs-strawberry-ice.jpg\" \/>\n\t<meta property=\"og:image:width\" content=\"800\" \/>\n\t<meta property=\"og:image:height\" content=\"800\" \/>\n\t<meta property=\"og:image:type\" content=\"image\/jpeg\" \/>\n<meta name=\"twitter:card\" content=\"summary_large_image\" \/>\n<meta name=\"twitter:label1\" content=\"Dur\u00e9e de lecture estim\u00e9e\" \/>\n\t<meta name=\"twitter:data1\" content=\"3 minutes\" \/>\n<script type=\"application\/ld+json\" class=\"yoast-schema-graph\">{\"@context\":\"https:\/\/schema.org\",\"@graph\":[{\"@type\":\"WebPage\",\"@id\":\"https:\/\/vapeenjoy.com\/product\/jnr-falcon-pro-28000-puffs-disposable-vape-led-display-30ml-e-liquid-2-nicotine\/\",\"url\":\"https:\/\/vapeenjoy.com\/product\/jnr-falcon-pro-28000-puffs-disposable-vape-led-display-30ml-e-liquid-2-nicotine\/\",\"name\":\"JNR Falcon Pro 28000 Puffs Disposable Vape LED Display 30ml\",\"isPartOf\":{\"@id\":\"https:\/\/vapeenjoy.com\/#website\"},\"primaryImageOfPage\":{\"@id\":\"https:\/\/vapeenjoy.com\/product\/jnr-falcon-pro-28000-puffs-disposable-vape-led-display-30ml-e-liquid-2-nicotine\/#primaryimage\"},\"image\":{\"@id\":\"https:\/\/vapeenjoy.com\/product\/jnr-falcon-pro-28000-puffs-disposable-vape-led-display-30ml-e-liquid-2-nicotine\/#primaryimage\"},\"thumbnailUrl\":\"https:\/\/vapeenjoy.com\/wp-content\/uploads\/2025\/09\/jnr-falcon-pro-28000-puffs-strawberry-ice.jpg\",\"datePublished\":\"2025-09-04T07:19:57+00:00\",\"description\":\"JNR Falcon Pro 28000 Puffs Disposable Vape offers 30ml e-liquid, 2% nicotine, 950mAh battery, dual mesh coil and LED display. Buy now for a lasting vape!\",\"breadcrumb\":{\"@id\":\"https:\/\/vapeenjoy.com\/product\/jnr-falcon-pro-28000-puffs-disposable-vape-led-display-30ml-e-liquid-2-nicotine\/#breadcrumb\"},\"inLanguage\":\"fr-FR\",\"potentialAction\":[{\"@type\":\"ReadAction\",\"target\":[\"https:\/\/vapeenjoy.com\/product\/jnr-falcon-pro-28000-puffs-disposable-vape-led-display-30ml-e-liquid-2-nicotine\/\"]}]},{\"@type\":\"ImageObject\",\"inLanguage\":\"fr-FR\",\"@id\":\"https:\/\/vapeenjoy.com\/product\/jnr-falcon-pro-28000-puffs-disposable-vape-led-display-30ml-e-liquid-2-nicotine\/#primaryimage\",\"url\":\"https:\/\/vapeenjoy.com\/wp-content\/uploads\/2025\/09\/jnr-falcon-pro-28000-puffs-strawberry-ice.jpg\",\"contentUrl\":\"https:\/\/vapeenjoy.com\/wp-content\/uploads\/2025\/09\/jnr-falcon-pro-28000-puffs-strawberry-ice.jpg\",\"width\":800,\"height\":800,\"caption\":\"jnr-falcon-pro-28000-puffs-strawberry-ice\"},{\"@type\":\"BreadcrumbList\",\"@id\":\"https:\/\/vapeenjoy.com\/product\/jnr-falcon-pro-28000-puffs-disposable-vape-led-display-30ml-e-liquid-2-nicotine\/#breadcrumb\",\"itemListElement\":[{\"@type\":\"ListItem\",\"position\":1,\"name\":\"Home\",\"item\":\"https:\/\/vapeenjoy.com\/\"},{\"@type\":\"ListItem\",\"position\":2,\"name\":\"Shop\",\"item\":\"https:\/\/vapeenjoy.com\/vapeenjoy-shop\/\"},{\"@type\":\"ListItem\",\"position\":3,\"name\":\"JNR Falcon Pro 28000 Puffs Disposable Vape LED Display 30ml E-liquid 2% nicotine\"}]},{\"@type\":\"WebSite\",\"@id\":\"https:\/\/vapeenjoy.com\/#website\",\"url\":\"https:\/\/vapeenjoy.com\/\",\"name\":\"vapeenjoy\",\"description\":\"An online store for selling vapes\",\"potentialAction\":[{\"@type\":\"SearchAction\",\"target\":{\"@type\":\"EntryPoint\",\"urlTemplate\":\"https:\/\/vapeenjoy.com\/?s={search_term_string}\"},\"query-input\":{\"@type\":\"PropertyValueSpecification\",\"valueRequired\":true,\"valueName\":\"search_term_string\"}}],\"inLanguage\":\"fr-FR\"}]}<\/script>\n<!-- \/ Yoast SEO plugin. -->","yoast_head_json":{"title":"JNR Falcon Pro 28000 bouff\u00e9es jetables Vape Affichage LED 30 ml","description":"JNR Falcon Pro 28000 Puffs Jetable Vape offre 30 ml de e-liquide, 2%, batterie 950mAh, bobine double maillage et affichage LED. Achetez maintenant pour un vape durable !","robots":{"index":"index","follow":"follow","max-snippet":"max-snippet:-1","max-image-preview":"max-image-preview:large","max-video-preview":"max-video-preview:-1"},"canonical":"https:\/\/vapeenjoy.com\/fr\/produit\/jnr-falcon-pro-28000-bouffees-jetables-vape-affichage-led-30ml-e-liquid-2-nicotine\/","og_locale":"fr_FR","og_type":"article","og_title":"JNR Falcon Pro 28000 Puffs Disposable Vape LED Display 30ml","og_description":"JNR Falcon Pro 28000 Puffs Disposable Vape offers 30ml e-liquid, 2% nicotine, 950mAh battery, dual mesh coil and LED display. Buy now for a lasting vape!","og_url":"https:\/\/vapeenjoy.com\/fr\/produit\/jnr-falcon-pro-28000-bouffees-jetables-vape-affichage-led-30ml-e-liquid-2-nicotine\/","og_site_name":"vapeenjoy","og_image":[{"width":800,"height":800,"url":"https:\/\/vapeenjoy.com\/wp-content\/uploads\/2025\/09\/jnr-falcon-pro-28000-puffs-strawberry-ice.jpg","type":"image\/jpeg"}],"twitter_card":"summary_large_image","twitter_misc":{"Dur\u00e9e de lecture estim\u00e9e":"3 minutes"},"schema":{"@context":"https:\/\/schema.org","@graph":[{"@type":"WebPage","@id":"https:\/\/vapeenjoy.com\/product\/jnr-falcon-pro-28000-puffs-disposable-vape-led-display-30ml-e-liquid-2-nicotine\/","url":"https:\/\/vapeenjoy.com\/product\/jnr-falcon-pro-28000-puffs-disposable-vape-led-display-30ml-e-liquid-2-nicotine\/","name":"JNR Falcon Pro 28000 bouff\u00e9es jetables Vape Affichage LED 30 ml","isPartOf":{"@id":"https:\/\/vapeenjoy.com\/#website"},"primaryImageOfPage":{"@id":"https:\/\/vapeenjoy.com\/product\/jnr-falcon-pro-28000-puffs-disposable-vape-led-display-30ml-e-liquid-2-nicotine\/#primaryimage"},"image":{"@id":"https:\/\/vapeenjoy.com\/product\/jnr-falcon-pro-28000-puffs-disposable-vape-led-display-30ml-e-liquid-2-nicotine\/#primaryimage"},"thumbnailUrl":"https:\/\/vapeenjoy.com\/wp-content\/uploads\/2025\/09\/jnr-falcon-pro-28000-puffs-strawberry-ice.jpg","datePublished":"2025-09-04T07:19:57+00:00","description":"JNR Falcon Pro 28000 Puffs Jetable Vape offre 30 ml de e-liquide, 2%, batterie 950mAh, bobine double maillage et affichage LED. Achetez maintenant pour un vape durable !","breadcrumb":{"@id":"https:\/\/vapeenjoy.com\/product\/jnr-falcon-pro-28000-puffs-disposable-vape-led-display-30ml-e-liquid-2-nicotine\/#breadcrumb"},"inLanguage":"fr-FR","potentialAction":[{"@type":"ReadAction","target":["https:\/\/vapeenjoy.com\/product\/jnr-falcon-pro-28000-puffs-disposable-vape-led-display-30ml-e-liquid-2-nicotine\/"]}]},{"@type":"ImageObject","inLanguage":"fr-FR","@id":"https:\/\/vapeenjoy.com\/product\/jnr-falcon-pro-28000-puffs-disposable-vape-led-display-30ml-e-liquid-2-nicotine\/#primaryimage","url":"https:\/\/vapeenjoy.com\/wp-content\/uploads\/2025\/09\/jnr-falcon-pro-28000-puffs-strawberry-ice.jpg","contentUrl":"https:\/\/vapeenjoy.com\/wp-content\/uploads\/2025\/09\/jnr-falcon-pro-28000-puffs-strawberry-ice.jpg","width":800,"height":800,"caption":"jnr-falcon-pro-28000-puffs-strawberry-ice"},{"@type":"BreadcrumbList","@id":"https:\/\/vapeenjoy.com\/product\/jnr-falcon-pro-28000-puffs-disposable-vape-led-display-30ml-e-liquid-2-nicotine\/#breadcrumb","itemListElement":[{"@type":"ListItem","position":1,"name":"Home","item":"https:\/\/vapeenjoy.com\/"},{"@type":"ListItem","position":2,"name":"Shop","item":"https:\/\/vapeenjoy.com\/vapeenjoy-shop\/"},{"@type":"ListItem","position":3,"name":"JNR Falcon Pro 28000 Puffs Disposable Vape LED Display 30ml E-liquid 2% nicotine"}]},{"@type":"WebSite","@id":"https:\/\/vapeenjoy.com\/#website","url":"https:\/\/vapeenjoy.com\/","name":"VapeEnjoy","description":"Une boutique en ligne pour la vente de vapoteurs","potentialAction":[{"@type":"SearchAction","target":{"@type":"EntryPoint","urlTemplate":"https:\/\/vapeenjoy.com\/?s={search_term_string}"},"query-input":{"@type":"PropertyValueSpecification","valueRequired":true,"valueName":"search_term_string"}}],"inLanguage":"fr-FR"}]}},"_links":{"self":[{"href":"https:\/\/vapeenjoy.com\/fr\/wp-json\/wp\/v2\/product\/2712","targetHints":{"allow":["GET"]}}],"collection":[{"href":"https:\/\/vapeenjoy.com\/fr\/wp-json\/wp\/v2\/product"}],"about":[{"href":"https:\/\/vapeenjoy.com\/fr\/wp-json\/wp\/v2\/types\/product"}],"replies":[{"embeddable":true,"href":"https:\/\/vapeenjoy.com\/fr\/wp-json\/wp\/v2\/comments?post=2712"}],"version-history":[{"count":1,"href":"https:\/\/vapeenjoy.com\/fr\/wp-json\/wp\/v2\/product\/2712\/revisions"}],"predecessor-version":[{"id":2719,"href":"https:\/\/vapeenjoy.com\/fr\/wp-json\/wp\/v2\/product\/2712\/revisions\/2719"}],"wp:featuredmedia":[{"embeddable":true,"href":"https:\/\/vapeenjoy.com\/fr\/wp-json\/wp\/v2\/media\/2713"}],"wp:attachment":[{"href":"https:\/\/vapeenjoy.com\/fr\/wp-json\/wp\/v2\/media?parent=2712"}],"wp:term":[{"taxonomy":"product_brand","embeddable":true,"href":"https:\/\/vapeenjoy.com\/fr\/wp-json\/wp\/v2\/product_brand?post=2712"},{"taxonomy":"product_cat","embeddable":true,"href":"https:\/\/vapeenjoy.com\/fr\/wp-json\/wp\/v2\/product_cat?post=2712"},{"taxonomy":"product_tag","embeddable":true,"href":"https:\/\/vapeenjoy.com\/fr\/wp-json\/wp\/v2\/product_tag?post=2712"}],"curies":[{"name":"WP","href":"https:\/\/api.w.org\/{rel}","templated":true}]}}