{"id":2747,"date":"2025-09-04T09:09:35","date_gmt":"2025-09-04T09:09:35","guid":{"rendered":"https:\/\/vapeenjoy.com\/?post_type=product&#038;p=2747"},"modified":"2025-09-04T09:12:39","modified_gmt":"2025-09-04T09:12:39","slug":"jnr-fox-10000-10k-puffs","status":"publish","type":"product","link":"https:\/\/vapeenjoy.com\/fr\/produit\/jnr-fox-10000-10k-bouffees\/","title":{"rendered":"JNR Fox 10000 10k Puffs Vape jetable 12ml E-liquide 2% Nicotine"},"content":{"rendered":"<h2>JNR Fox 10000 10K Puffs Vape jetable Description du produit<\/h2>\n<p>JNR, une marque renomm\u00e9e d\u00e9di\u00e9e au vapotage de qualit\u00e9, adopte sa philosophie \u00ab Just No Reason \u00bb, favorisant le pur plaisir. Par cons\u00e9quent, la vape jetable JNR Fox 10000 Puffs fournit une solution fiable et durable. De plus, sa finition \u00e9l\u00e9gante et mate et sa conception compacte assurent la portabilit\u00e9. De plus, la forme ergonomique s'adapte confortablement \u00e0 la main, ce qui la rend parfaite pour une utilisation quotidienne.<\/p>\n<h3>Sp\u00e9cifications du produit<\/h3>\n<p>\u2022 <b>Nombre de gonflements : 10\u00a0000<\/b> \u2013 Fournit jusqu'\u00e0 10\u00a0000 bouff\u00e9es de 10\u00a0000\u00a0000\u00a0000\u00a0000\u00a0000\u00a0000\u00a00<br \/>\n\u2022 <b>Capacit\u00e9 de e-liquide : 2 ml de gousse pr\u00e9remplie + 10 ml de bouteille rechargeable<\/b> \u2013 Comprend une gousse de 2 ml et une bouteille de 10 ml pour plus de commodit\u00e9.<br \/>\n\u2022 <b>Force nicotine : 2%<\/b> \u2013 Offre un coup de 20 mg de nicotine en douceur.<br \/>\n\u2022 <b>Capacit\u00e9 de la batterie : 800mAh<\/b> \u2013 La batterie rechargeable assure une puissance fiable.<br \/>\n\u2022 <b>Port de chargement : USB-C<\/b> \u2013 Prend en charge la charge rapide de type C.<br \/>\n\u2022 <b>Type de bobine: bobine de maille de 1,0 \u03a9<\/b> \u2013 Am\u00e9liore la saveur gr\u00e2ce \u00e0 la technologie de maillage.<br \/>\n\u2022 <b>D\u00e9bit d'air : r\u00e9glable<\/b> \u2013 Personnalise la r\u00e9sistance de dessin.<br \/>\n\u2022 <b>Certifi\u00e9 TPD\u00a0: Oui<\/b> \u2013 R\u00e9pond aux normes europ\u00e9ennes de s\u00e9curit\u00e9.<\/p>\n<h3>14 options de saveur pour tous les go\u00fbts<\/h3>\n<p>1. <b>Glace aux myrtilles<\/b> \u2013 Bleuets doux avec une finition menthol\u00e9e fra\u00eeche.<br \/>\n2. <b>glace \u00e0 la fraise<\/b> \u2013 Fraises juteuses avec une note glaciale et croquante.<br \/>\n3. <b>Glace de past\u00e8que<\/b> \u2013 Past\u00e8que avec une touche de menthol froide.<br \/>\n4. <b>kiwi aux fraises<\/b> \u2013 Fraises sucr\u00e9es et m\u00e9lange de kiwi acidul\u00e9.<br \/>\n5. <b>Cerise Razz bleu<\/b> \u2013 M\u00e9lange de framboises acidul\u00e9es et de cerises.<br \/>\n6. <b>Cerise de framboise aux myrtilles<\/b> \u2013 Saveur de myrtille, de framboise, de cerise.<br \/>\n7. <b>baie de cerise<\/b> \u2013 Cerises avec des baies m\u00e9lang\u00e9es pour la vivacit\u00e9.<br \/>\n8. <b>Cola de cerises gazeuses<\/b> \u2013 Cola avec une torsion de cerises p\u00e9tillantes.<br \/>\n9. <b>sorbet<\/b> \u2013 Raisin sucr\u00e9 avec expiration de menthol.<br \/>\n10. <b>kiwi passion fruit de la goyave<\/b> \u2013 M\u00e9lange de fruits tropicaux exotiques.<br \/>\n11. <b>baies m\u00e9lang\u00e9es<\/b> \u2013 Medley de baies sucr\u00e9es et acidul\u00e9es.<br \/>\n12. <b>baie de p\u00eache<\/b> \u2013 P\u00eache juteuse avec des baies m\u00e9lang\u00e9es.<br \/>\n13. <b>Banane fraise<\/b> \u2013 M\u00e9lange de bananes et de fraises cr\u00e9meux.<br \/>\n14. <b>Bubblegum past\u00e8que<\/b> \u2013 Past\u00e8que avec une saveur de chewing-gum nostalgique.<\/p>\n<h3>Questions fr\u00e9quentes<\/h3>\n<p>1. Qu'est-ce que le JNR Fox 10000 ?<br \/>\nIl propose 10\u00a0000 bouff\u00e9es avec une gousse de 2\u00a0ml et une bouteille rechargeable de 10\u00a0ml.<\/p>\n<p>2 . Combien de temps dure la batterie ?<br \/>\nNotamment, la batterie de 800 mAh prend en charge toutes les bouff\u00e9es, rechargeables via USB-C.<\/p>\n<p>3. La force de la nicotine est-elle adapt\u00e9e ?<br \/>\nEn effet, la force 2% (20mg) convient aux utilisateurs mod\u00e9r\u00e9s de nicotine.<\/p>\n<p>4. Comment choisir une saveur ?<br \/>\nPar exemple, choisissez des saveurs fruit\u00e9es comme la fraise kiwi, le menthol comme la glace de past\u00e8que ou des saveurs uniques comme le cola de cerises de fizzy.<\/p>\n<p>5. Puis-je ajuster le tirage ?<br \/>\nAbsolument, le flux d'air r\u00e9glable permet un vapotage personnalis\u00e9.<\/p>\n<p>6. Est-ce s\u00fbr \u00e0 utiliser ?<br \/>\nIl est important de noter que la certification TPD garantit le respect des normes de s\u00e9curit\u00e9.<\/p>\n<p>7 . Quand dois-je recharger ?<br \/>\nId\u00e9alement, un indicateur LED signale une batterie faible pour la recharge USB-C.<\/p>\n<p><img fetchpriority=\"high\" decoding=\"async\" class=\"alignnone size-full wp-image-2752\" src=\"https:\/\/vapeenjoy.com\/wp-content\/uploads\/2025\/09\/JNR-FOX-10000-10K-Puffs-Disposable-Vape-Flavors.webp\" alt=\"JNR Fox 10000 10k Puffs Vape jetables\" width=\"2560\" height=\"1440\" srcset=\"https:\/\/vapeenjoy.com\/wp-content\/uploads\/2025\/09\/JNR-FOX-10000-10K-Puffs-Disposable-Vape-Flavors.webp 2560w, https:\/\/vapeenjoy.com\/wp-content\/uploads\/2025\/09\/JNR-FOX-10000-10K-Puffs-Disposable-Vape-Flavors-300x169.webp 300w, https:\/\/vapeenjoy.com\/wp-content\/uploads\/2025\/09\/JNR-FOX-10000-10K-Puffs-Disposable-Vape-Flavors-1024x576.webp 1024w, https:\/\/vapeenjoy.com\/wp-content\/uploads\/2025\/09\/JNR-FOX-10000-10K-Puffs-Disposable-Vape-Flavors-768x432.webp 768w, https:\/\/vapeenjoy.com\/wp-content\/uploads\/2025\/09\/JNR-FOX-10000-10K-Puffs-Disposable-Vape-Flavors-1536x864.webp 1536w, https:\/\/vapeenjoy.com\/wp-content\/uploads\/2025\/09\/JNR-FOX-10000-10K-Puffs-Disposable-Vape-Flavors-2048x1152.webp 2048w, https:\/\/vapeenjoy.com\/wp-content\/uploads\/2025\/09\/JNR-FOX-10000-10K-Puffs-Disposable-Vape-Flavors-18x10.webp 18w, https:\/\/vapeenjoy.com\/wp-content\/uploads\/2025\/09\/JNR-FOX-10000-10K-Puffs-Disposable-Vape-Flavors-1200x675.webp 1200w, https:\/\/vapeenjoy.com\/wp-content\/uploads\/2025\/09\/JNR-FOX-10000-10K-Puffs-Disposable-Vape-Flavors-150x84.webp 150w\" sizes=\"(max-width: 2560px) 100vw, 2560px\" \/><\/p>","protected":false},"excerpt":{"rendered":"<p dir=\"ltr\" data-pm-slice=\"1 1 []\">JNR, une marque de vapotage de qualit\u00e9, pr\u00e9sente le Vape jetable Fox 10000 Puffs. Avec une nacelle pr\u00e9remplie de 2 ml, une bouteille rechargeable de 10 ml, une nicotine 2% et une batterie de 800 mAh, il offre 10\u00a0000 bouff\u00e9es et une saveur riche via une bobine de 1,0\u00a0\u03a9.<\/p>","protected":false},"featured_media":2753,"comment_status":"open","ping_status":"closed","template":"","meta":[],"product_brand":[33],"product_cat":[35],"product_tag":[85],"class_list":{"0":"post-2747","1":"product","2":"type-product","3":"status-publish","4":"has-post-thumbnail","6":"product_brand-jnr-vape","7":"product_cat-10000-puffs-vape","8":"product_tag-2-nicotine","10":"first","11":"instock","12":"sale","13":"shipping-taxable","14":"purchasable","15":"product-type-variable"},"yoast_head":"<!-- This site is optimized with the Yoast SEO plugin v25.7 - https:\/\/yoast.com\/wordpress\/plugins\/seo\/ -->\n<title>JNR FOX 10000 10K Puffs Disposable Vape 12ml 2% Nicotine<\/title>\n<meta name=\"description\" content=\"JNR FOX 10000 10K Puffs Disposable Vape with a 2ml prefilled pod, 10ml refillable bottle, 2% nicotine, and 800mAh battery for vibrant flavor. Order now!\" \/>\n<meta name=\"robots\" content=\"index, follow, max-snippet:-1, max-image-preview:large, max-video-preview:-1\" \/>\n<link rel=\"canonical\" href=\"https:\/\/vapeenjoy.com\/fr\/produit\/jnr-fox-10000-10k-bouffees\/\" \/>\n<meta property=\"og:locale\" content=\"fr_FR\" \/>\n<meta property=\"og:type\" content=\"article\" \/>\n<meta property=\"og:title\" content=\"JNR FOX 10000 10K Puffs Disposable Vape 12ml 2% Nicotine\" \/>\n<meta property=\"og:description\" content=\"JNR FOX 10000 10K Puffs Disposable Vape with a 2ml prefilled pod, 10ml refillable bottle, 2% nicotine, and 800mAh battery for vibrant flavor. Order now!\" \/>\n<meta property=\"og:url\" content=\"https:\/\/vapeenjoy.com\/fr\/produit\/jnr-fox-10000-10k-bouffees\/\" \/>\n<meta property=\"og:site_name\" content=\"vapeenjoy\" \/>\n<meta property=\"article:modified_time\" content=\"2025-09-04T09:12:39+00:00\" \/>\n<meta property=\"og:image\" content=\"https:\/\/vapeenjoy.com\/wp-content\/uploads\/2025\/09\/JNR-FOX-10000-Puffs.webp\" \/>\n\t<meta property=\"og:image:width\" content=\"800\" \/>\n\t<meta property=\"og:image:height\" content=\"800\" \/>\n\t<meta property=\"og:image:type\" content=\"image\/webp\" \/>\n<meta name=\"twitter:card\" content=\"summary_large_image\" \/>\n<meta name=\"twitter:label1\" content=\"Dur\u00e9e de lecture estim\u00e9e\" \/>\n\t<meta name=\"twitter:data1\" content=\"3 minutes\" \/>\n<script type=\"application\/ld+json\" class=\"yoast-schema-graph\">{\"@context\":\"https:\/\/schema.org\",\"@graph\":[{\"@type\":\"WebPage\",\"@id\":\"https:\/\/vapeenjoy.com\/product\/jnr-fox-10000-10k-puffs\/\",\"url\":\"https:\/\/vapeenjoy.com\/product\/jnr-fox-10000-10k-puffs\/\",\"name\":\"JNR FOX 10000 10K Puffs Disposable Vape 12ml 2% Nicotine\",\"isPartOf\":{\"@id\":\"https:\/\/vapeenjoy.com\/#website\"},\"primaryImageOfPage\":{\"@id\":\"https:\/\/vapeenjoy.com\/product\/jnr-fox-10000-10k-puffs\/#primaryimage\"},\"image\":{\"@id\":\"https:\/\/vapeenjoy.com\/product\/jnr-fox-10000-10k-puffs\/#primaryimage\"},\"thumbnailUrl\":\"https:\/\/vapeenjoy.com\/wp-content\/uploads\/2025\/09\/JNR-FOX-10000-Puffs.webp\",\"datePublished\":\"2025-09-04T09:09:35+00:00\",\"dateModified\":\"2025-09-04T09:12:39+00:00\",\"description\":\"JNR FOX 10000 10K Puffs Disposable Vape with a 2ml prefilled pod, 10ml refillable bottle, 2% nicotine, and 800mAh battery for vibrant flavor. Order now!\",\"breadcrumb\":{\"@id\":\"https:\/\/vapeenjoy.com\/product\/jnr-fox-10000-10k-puffs\/#breadcrumb\"},\"inLanguage\":\"fr-FR\",\"potentialAction\":[{\"@type\":\"ReadAction\",\"target\":[\"https:\/\/vapeenjoy.com\/product\/jnr-fox-10000-10k-puffs\/\"]}]},{\"@type\":\"ImageObject\",\"inLanguage\":\"fr-FR\",\"@id\":\"https:\/\/vapeenjoy.com\/product\/jnr-fox-10000-10k-puffs\/#primaryimage\",\"url\":\"https:\/\/vapeenjoy.com\/wp-content\/uploads\/2025\/09\/JNR-FOX-10000-Puffs.webp\",\"contentUrl\":\"https:\/\/vapeenjoy.com\/wp-content\/uploads\/2025\/09\/JNR-FOX-10000-Puffs.webp\",\"width\":800,\"height\":800,\"caption\":\"JNR-FOX-10000-Puffs\"},{\"@type\":\"BreadcrumbList\",\"@id\":\"https:\/\/vapeenjoy.com\/product\/jnr-fox-10000-10k-puffs\/#breadcrumb\",\"itemListElement\":[{\"@type\":\"ListItem\",\"position\":1,\"name\":\"Home\",\"item\":\"https:\/\/vapeenjoy.com\/\"},{\"@type\":\"ListItem\",\"position\":2,\"name\":\"Shop\",\"item\":\"https:\/\/vapeenjoy.com\/vapeenjoy-shop\/\"},{\"@type\":\"ListItem\",\"position\":3,\"name\":\"JNR FOX 10000 10K Puffs Disposable Vape 12ml E-liquid 2% Nicotine\"}]},{\"@type\":\"WebSite\",\"@id\":\"https:\/\/vapeenjoy.com\/#website\",\"url\":\"https:\/\/vapeenjoy.com\/\",\"name\":\"vapeenjoy\",\"description\":\"An online store for selling vapes\",\"potentialAction\":[{\"@type\":\"SearchAction\",\"target\":{\"@type\":\"EntryPoint\",\"urlTemplate\":\"https:\/\/vapeenjoy.com\/?s={search_term_string}\"},\"query-input\":{\"@type\":\"PropertyValueSpecification\",\"valueRequired\":true,\"valueName\":\"search_term_string\"}}],\"inLanguage\":\"fr-FR\"}]}<\/script>\n<!-- \/ Yoast SEO plugin. -->","yoast_head_json":{"title":"JNR Fox 10000 10K Puffs Vape jetable 12ml 2%","description":"JNR Fox 10000 10k gonfle jetable vape avec une gousse de 2 ml pr\u00e9remplie, une bouteille rechargeable de 10 ml, une nicotine 2% et une batterie de 800 mAh pour une saveur vibrante. Commandez maintenant\u00a0!","robots":{"index":"index","follow":"follow","max-snippet":"max-snippet:-1","max-image-preview":"max-image-preview:large","max-video-preview":"max-video-preview:-1"},"canonical":"https:\/\/vapeenjoy.com\/fr\/produit\/jnr-fox-10000-10k-bouffees\/","og_locale":"fr_FR","og_type":"article","og_title":"JNR FOX 10000 10K Puffs Disposable Vape 12ml 2% Nicotine","og_description":"JNR FOX 10000 10K Puffs Disposable Vape with a 2ml prefilled pod, 10ml refillable bottle, 2% nicotine, and 800mAh battery for vibrant flavor. Order now!","og_url":"https:\/\/vapeenjoy.com\/fr\/produit\/jnr-fox-10000-10k-bouffees\/","og_site_name":"vapeenjoy","article_modified_time":"2025-09-04T09:12:39+00:00","og_image":[{"width":800,"height":800,"url":"https:\/\/vapeenjoy.com\/wp-content\/uploads\/2025\/09\/JNR-FOX-10000-Puffs.webp","type":"image\/webp"}],"twitter_card":"summary_large_image","twitter_misc":{"Dur\u00e9e de lecture estim\u00e9e":"3 minutes"},"schema":{"@context":"https:\/\/schema.org","@graph":[{"@type":"WebPage","@id":"https:\/\/vapeenjoy.com\/product\/jnr-fox-10000-10k-puffs\/","url":"https:\/\/vapeenjoy.com\/product\/jnr-fox-10000-10k-puffs\/","name":"JNR Fox 10000 10K Puffs Vape jetable 12ml 2%","isPartOf":{"@id":"https:\/\/vapeenjoy.com\/#website"},"primaryImageOfPage":{"@id":"https:\/\/vapeenjoy.com\/product\/jnr-fox-10000-10k-puffs\/#primaryimage"},"image":{"@id":"https:\/\/vapeenjoy.com\/product\/jnr-fox-10000-10k-puffs\/#primaryimage"},"thumbnailUrl":"https:\/\/vapeenjoy.com\/wp-content\/uploads\/2025\/09\/JNR-FOX-10000-Puffs.webp","datePublished":"2025-09-04T09:09:35+00:00","dateModified":"2025-09-04T09:12:39+00:00","description":"JNR Fox 10000 10k gonfle jetable vape avec une gousse de 2 ml pr\u00e9remplie, une bouteille rechargeable de 10 ml, une nicotine 2% et une batterie de 800 mAh pour une saveur vibrante. Commandez maintenant\u00a0!","breadcrumb":{"@id":"https:\/\/vapeenjoy.com\/product\/jnr-fox-10000-10k-puffs\/#breadcrumb"},"inLanguage":"fr-FR","potentialAction":[{"@type":"ReadAction","target":["https:\/\/vapeenjoy.com\/product\/jnr-fox-10000-10k-puffs\/"]}]},{"@type":"ImageObject","inLanguage":"fr-FR","@id":"https:\/\/vapeenjoy.com\/product\/jnr-fox-10000-10k-puffs\/#primaryimage","url":"https:\/\/vapeenjoy.com\/wp-content\/uploads\/2025\/09\/JNR-FOX-10000-Puffs.webp","contentUrl":"https:\/\/vapeenjoy.com\/wp-content\/uploads\/2025\/09\/JNR-FOX-10000-Puffs.webp","width":800,"height":800,"caption":"JNR-FOX-10000-Puffs"},{"@type":"BreadcrumbList","@id":"https:\/\/vapeenjoy.com\/product\/jnr-fox-10000-10k-puffs\/#breadcrumb","itemListElement":[{"@type":"ListItem","position":1,"name":"Home","item":"https:\/\/vapeenjoy.com\/"},{"@type":"ListItem","position":2,"name":"Shop","item":"https:\/\/vapeenjoy.com\/vapeenjoy-shop\/"},{"@type":"ListItem","position":3,"name":"JNR FOX 10000 10K Puffs Disposable Vape 12ml E-liquid 2% Nicotine"}]},{"@type":"WebSite","@id":"https:\/\/vapeenjoy.com\/#website","url":"https:\/\/vapeenjoy.com\/","name":"VapeEnjoy","description":"Une boutique en ligne pour la vente de vapoteurs","potentialAction":[{"@type":"SearchAction","target":{"@type":"EntryPoint","urlTemplate":"https:\/\/vapeenjoy.com\/?s={search_term_string}"},"query-input":{"@type":"PropertyValueSpecification","valueRequired":true,"valueName":"search_term_string"}}],"inLanguage":"fr-FR"}]}},"_links":{"self":[{"href":"https:\/\/vapeenjoy.com\/fr\/wp-json\/wp\/v2\/product\/2747","targetHints":{"allow":["GET"]}}],"collection":[{"href":"https:\/\/vapeenjoy.com\/fr\/wp-json\/wp\/v2\/product"}],"about":[{"href":"https:\/\/vapeenjoy.com\/fr\/wp-json\/wp\/v2\/types\/product"}],"replies":[{"embeddable":true,"href":"https:\/\/vapeenjoy.com\/fr\/wp-json\/wp\/v2\/comments?post=2747"}],"version-history":[{"count":2,"href":"https:\/\/vapeenjoy.com\/fr\/wp-json\/wp\/v2\/product\/2747\/revisions"}],"predecessor-version":[{"id":2755,"href":"https:\/\/vapeenjoy.com\/fr\/wp-json\/wp\/v2\/product\/2747\/revisions\/2755"}],"wp:featuredmedia":[{"embeddable":true,"href":"https:\/\/vapeenjoy.com\/fr\/wp-json\/wp\/v2\/media\/2753"}],"wp:attachment":[{"href":"https:\/\/vapeenjoy.com\/fr\/wp-json\/wp\/v2\/media?parent=2747"}],"wp:term":[{"taxonomy":"product_brand","embeddable":true,"href":"https:\/\/vapeenjoy.com\/fr\/wp-json\/wp\/v2\/product_brand?post=2747"},{"taxonomy":"product_cat","embeddable":true,"href":"https:\/\/vapeenjoy.com\/fr\/wp-json\/wp\/v2\/product_cat?post=2747"},{"taxonomy":"product_tag","embeddable":true,"href":"https:\/\/vapeenjoy.com\/fr\/wp-json\/wp\/v2\/product_tag?post=2747"}],"curies":[{"name":"WP","href":"https:\/\/api.w.org\/{rel}","templated":true}]}}