{"id":2782,"date":"2025-09-05T03:42:53","date_gmt":"2025-09-05T03:42:53","guid":{"rendered":"https:\/\/vapeenjoy.com\/?post_type=product&#038;p=2782"},"modified":"2025-09-05T03:42:53","modified_gmt":"2025-09-05T03:42:53","slug":"waspe-3-in-1-flavors-60000-60k-puffs-disposable-vape-54ml-0-5-nicotine","status":"publish","type":"product","link":"https:\/\/vapeenjoy.com\/fr\/produit\/waspe-3-en-1-saveurs-60000-60k-puffs-vape-jetable-54ml-0-5-nicotine\/","title":{"rendered":"Waspe 3 en 1 saveurs 60000 60k Puffs Vape jetable 54ml 0-5%"},"content":{"rendered":"<h2>Waspe 3-en-1 60000 bouff\u00e9es Jetables Vape Description du produit<\/h2>\n<p>Waspe, une marque tr\u00e8s appr\u00e9ci\u00e9e dans le vapotage, propose constamment des appareils fiables et de haute capacit\u00e9, adapt\u00e9s \u00e0 diverses pr\u00e9f\u00e9rences. Pour cette raison, le WASPE 3-en-1 60000 bouff\u00e9es jetables se d\u00e9marque par sa remarquable capacit\u00e9 de 54 ml de liquide et son syst\u00e8me innovant \u00e0 trois saveurs. Par cons\u00e9quent, il assure une polyvalence et un plaisir prolong\u00e9 pour les utilisateurs. De plus, son design triangulaire ergonomique offre une prise en main confortable, tandis que l'\u00e9cran LED vibrant offre des mises \u00e0 jour en temps r\u00e9el sur la batterie et les niveaux de liquides. De plus, cet appareil int\u00e8gre de mani\u00e8re transparente la fonctionnalit\u00e9 avec une conception \u00e9l\u00e9gante et conviviale. Ainsi, il devient un excellent choix pour les vapoteurs recherchant \u00e0 la fois la commodit\u00e9 et la qualit\u00e9 dans un seul emballage.<\/p>\n<h3>Sp\u00e9cifications du produit<\/h3>\n<p>\u25cb <b>Nombre de gonflements : 60\u00a0000 bouff\u00e9es<\/b> \u2013 Livrant jusqu'\u00e0 60\u00a0000 bouff\u00e9es pour une utilisation prolong\u00e9e.<br \/>\n\u25cb <b>Capacit\u00e9 de e-liquide : 54 ml<\/b> \u2013 Trois chambres de 18 ml assurent une livraison de saveurs durables.<br \/>\n\u25cb <b>Force de nicotine : 0%, 2%, 5%<\/b> \u2013 s'adapte aux pr\u00e9f\u00e9rences de la nicotine vari\u00e9e.<br \/>\n\u25cb <b>Capacit\u00e9 de la batterie : 650mAh<\/b> \u2013 Rechargeable pour une puissance fiable et constante.<br \/>\n\u25cb <b>Type de charge : Type-C<\/b> \u2013 Fournit une recharge rapide et efficace.<br \/>\n\u25cb <b>Type de bobine : triple bobines de maille de 0,9 \u03a9<\/b> \u2013 Assure une production de vapeurs lisse et riche.<br \/>\n\u25cb <b>Affichage LED<\/b> \u2013 Surveille la batterie, le e-liquide et le statut de la saveur.<br \/>\n\u25cb <b>Dimensions : 47 mm x 47 mm x 116 mm<\/b> \u2013 Compact, l\u00e9ger \u00e0 130g.<\/p>\n<h3>6 combinaisons de saveurs fruit\u00e9es et tropicales<\/h3>\n<p>1. <b>Glace et fraise \u00e0 la past\u00e8que Kiwi &amp; citron vert<\/b> \u2013 Past\u00e8que juteuse, kiwi acidul\u00e9, citron-citron vert.<br \/>\n2. <b>Bonbons \u00e0 la past\u00e8que et \u00e0 la fraise aux fraises et \u00e0 la glace au raisin<\/b> \u2013 Baies douces, bonbons sucr\u00e9s, raisin frais.<br \/>\n5. <b>Glace \u00e0 la p\u00eache et ananas Mangue et citron canneberge<\/b> \u2013 P\u00eache fra\u00eeche, m\u00e9lange tropical, canneberge-citron acidul\u00e9e.<br \/>\n6. <b>Red Bull Ice &amp; Strawberry Mangue &amp; Fraise Past\u00e8que Bubblegum<\/b> \u2013 Bubblegum \u00e9nergisant, juteux et doux.<br \/>\n7. <b>Baies m\u00e9lang\u00e9es et oursons gommeux et fruits m\u00e9lang\u00e9s<\/b> \u2013 Baies vibrantes, gommage moelleux, m\u00e9lange tropical.<br \/>\n10. <b>Fraise Banane et Ananas Glace de noix de coco et glace \u00e0 la mangue<\/b> \u2013 Mangue cr\u00e9meuse, tropicale, glac\u00e9e.<\/p>\n<h3>6 combinaisons de saveurs glac\u00e9es et uniques<\/h3>\n<p>3. <b>Glace aux myrtilles et dragon noir Glace aux cerises et aux p\u00e9tillants<\/b> \u2013 Bleuet r\u00e9frig\u00e9r\u00e9, fruit du dragon exotique, cerise p\u00e9tillante.<br \/>\n4. <b>Framboise Framboise Cherry &amp; Love 666 &amp; Ice Cherry Candy<\/b> \u2013 Baies m\u00e9lang\u00e9es, myst\u00e8re audacieux, bonbons glac\u00e9s aux cerises.<br \/>\n8. <b>Bonbons \u00e0 glace et \u00e0 la myrtille \u00e0 triple melon<\/b> \u2013 Melons r\u00e9frig\u00e9r\u00e9s, bonbons color\u00e9s, myrtille douce.<br \/>\n9. <b>Glace au raisin et \u00e0 la fraise et aux fraises et aux fraises Framboise<\/b> \u2013 Raisin givr\u00e9, bonbons sucr\u00e9s, baies audacieuses.<br \/>\n11. <b>Glace au cola et fraise aux fraises et \u00e0 la glace de cola<\/b> \u2013 Cerise p\u00e9tillante, cola sucr\u00e9, cool classique.<br \/>\n12. <b>Bleuet framboise et bleuet de la glace de pommes de terre et de la glace de pomme double<\/b> \u2013 Baies acidul\u00e9es, barbe \u00e0 papa sucr\u00e9e, pomme croquante.<\/p>\n<h3>Questions fr\u00e9quentes<\/h3>\n<p>1. Combien de temps dure l'appareil ?<br \/>\nAvec 60 000 bouff\u00e9es et 54 ml de e-liquide, la dur\u00e9e d\u00e9pend de la fr\u00e9quence d'utilisation.<\/p>\n<p>2 . Comment changer de saveur ?<br \/>\nIl suffit de faire pivoter l'embout buccal ; l'\u00e9cran LED indique la saveur active.<\/p>\n<p>3. Pourquoi utiliser des bobines triples mailles ?<br \/>\nTrois bobines de 0,9 \u03a9 garantissent une vapeur douce et savoureuse pour chaque bouff\u00e9e.<\/p>\n<p>4. Comment surveiller la dur\u00e9e de vie de la batterie ?<br \/>\nL'\u00e9cran LED suit en permanence les niveaux de batterie, signalant les besoins de recharge.<\/p>\n<p>5. Comment choisir la bonne combinaison de saveurs ?<br \/>\nS\u00e9lectionnez des m\u00e9langes fruit\u00e9s comme des baies m\u00e9lang\u00e9es pour la douceur, des options glac\u00e9es comme la glace de raisin pour la fra\u00eecheur ou des m\u00e9langes uniques comme la glace de cola de cerise pour l'audace.<\/p>\n<p>6. Les niveaux de nicotine conviennent-ils \u00e0 tout le monde ?<br \/>\nEn effet, les options 0%, 2% et 5% r\u00e9pondent \u00e0 des pr\u00e9f\u00e9rences sans nicotine ou plus.<\/p>\n<p>7 . Comment l'\u00e9cran LED aide-t-il\u00a0?<br \/>\nIl montre clairement la batterie, le e-liquide et le statut de saveur pour un contr\u00f4le sans effort.<\/p>\n<p><img fetchpriority=\"high\" decoding=\"async\" class=\"alignnone size-full wp-image-2785\" src=\"https:\/\/vapeenjoy.com\/wp-content\/uploads\/2025\/09\/\u573a\u666f07.jpg\" alt=\"Waspe 3-en-1 60000 bouff\u00e9es jetables\" width=\"1827\" height=\"1959\" srcset=\"https:\/\/vapeenjoy.com\/wp-content\/uploads\/2025\/09\/\u573a\u666f07.jpg 1827w, https:\/\/vapeenjoy.com\/wp-content\/uploads\/2025\/09\/\u573a\u666f07-280x300.jpg 280w, https:\/\/vapeenjoy.com\/wp-content\/uploads\/2025\/09\/\u573a\u666f07-955x1024.jpg 955w, https:\/\/vapeenjoy.com\/wp-content\/uploads\/2025\/09\/\u573a\u666f07-768x823.jpg 768w, https:\/\/vapeenjoy.com\/wp-content\/uploads\/2025\/09\/\u573a\u666f07-1433x1536.jpg 1433w, https:\/\/vapeenjoy.com\/wp-content\/uploads\/2025\/09\/\u573a\u666f07-11x12.jpg 11w, https:\/\/vapeenjoy.com\/wp-content\/uploads\/2025\/09\/\u573a\u666f07-1200x1287.jpg 1200w, https:\/\/vapeenjoy.com\/wp-content\/uploads\/2025\/09\/\u573a\u666f07-150x161.jpg 150w\" sizes=\"(max-width: 1827px) 100vw, 1827px\" \/><\/p>","protected":false},"excerpt":{"rendered":"<p dir=\"ltr\" data-pm-slice=\"1 1 []\">Waspe, une marque de vapotage de confiance, pr\u00e9sente le 3-en-1 60000 bouff\u00e9es jetables jetables avec 54 ml de e-liquide, syst\u00e8me \u00e0 trois saveurs, batterie 650mAh, chargement de type C, triple bobine de maille 0,9 \u03a9 et affichage LED pour des performances durables et une commodit\u00e9.<\/p>","protected":false},"featured_media":2786,"comment_status":"open","ping_status":"closed","template":"","meta":[],"product_brand":[41],"product_cat":[19],"product_tag":[64,79],"class_list":{"0":"post-2782","1":"product","2":"type-product","3":"status-publish","4":"has-post-thumbnail","6":"product_brand-waspe-vape","7":"product_cat-60000-puffs-vape","8":"product_tag-0-5-nicotine","9":"product_tag-54ml","11":"first","12":"instock","13":"sale","14":"shipping-taxable","15":"purchasable","16":"product-type-variable"},"yoast_head":"<!-- This site is optimized with the Yoast SEO plugin v25.7 - https:\/\/yoast.com\/wordpress\/plugins\/seo\/ -->\n<title>WASPE 3 in 1 Flavors 60000 60K Puffs Disposable Vape 54ML<\/title>\n<meta name=\"description\" content=\"WASPE 3-in-1 Flavors 60000 Puffs Disposable Vape offers 54ml e-liquid, three flavors, 650mAh battery, Type-C charging, mesh coils, and LED display. Buy now!\" \/>\n<meta name=\"robots\" content=\"index, follow, max-snippet:-1, max-image-preview:large, max-video-preview:-1\" \/>\n<link rel=\"canonical\" href=\"https:\/\/vapeenjoy.com\/fr\/produit\/waspe-3-en-1-saveurs-60000-60k-puffs-vape-jetable-54ml-0-5-nicotine\/\" \/>\n<meta property=\"og:locale\" content=\"fr_FR\" \/>\n<meta property=\"og:type\" content=\"article\" \/>\n<meta property=\"og:title\" content=\"WASPE 3 in 1 Flavors 60000 60K Puffs Disposable Vape 54ML\" \/>\n<meta property=\"og:description\" content=\"WASPE 3-in-1 Flavors 60000 Puffs Disposable Vape offers 54ml e-liquid, three flavors, 650mAh battery, Type-C charging, mesh coils, and LED display. Buy now!\" \/>\n<meta property=\"og:url\" content=\"https:\/\/vapeenjoy.com\/fr\/produit\/waspe-3-en-1-saveurs-60000-60k-puffs-vape-jetable-54ml-0-5-nicotine\/\" \/>\n<meta property=\"og:site_name\" content=\"vapeenjoy\" \/>\n<meta property=\"og:image\" content=\"https:\/\/vapeenjoy.com\/wp-content\/uploads\/2025\/09\/\u573a\u666f030000.jpg\" \/>\n\t<meta property=\"og:image:width\" content=\"1500\" \/>\n\t<meta property=\"og:image:height\" content=\"1500\" \/>\n\t<meta property=\"og:image:type\" content=\"image\/jpeg\" \/>\n<meta name=\"twitter:card\" content=\"summary_large_image\" \/>\n<meta name=\"twitter:label1\" content=\"Dur\u00e9e de lecture estim\u00e9e\" \/>\n\t<meta name=\"twitter:data1\" content=\"3 minutes\" \/>\n<script type=\"application\/ld+json\" class=\"yoast-schema-graph\">{\"@context\":\"https:\/\/schema.org\",\"@graph\":[{\"@type\":\"WebPage\",\"@id\":\"https:\/\/vapeenjoy.com\/product\/waspe-3-in-1-flavors-60000-60k-puffs-disposable-vape-54ml-0-5-nicotine\/\",\"url\":\"https:\/\/vapeenjoy.com\/product\/waspe-3-in-1-flavors-60000-60k-puffs-disposable-vape-54ml-0-5-nicotine\/\",\"name\":\"WASPE 3 in 1 Flavors 60000 60K Puffs Disposable Vape 54ML\",\"isPartOf\":{\"@id\":\"https:\/\/vapeenjoy.com\/#website\"},\"primaryImageOfPage\":{\"@id\":\"https:\/\/vapeenjoy.com\/product\/waspe-3-in-1-flavors-60000-60k-puffs-disposable-vape-54ml-0-5-nicotine\/#primaryimage\"},\"image\":{\"@id\":\"https:\/\/vapeenjoy.com\/product\/waspe-3-in-1-flavors-60000-60k-puffs-disposable-vape-54ml-0-5-nicotine\/#primaryimage\"},\"thumbnailUrl\":\"https:\/\/vapeenjoy.com\/wp-content\/uploads\/2025\/09\/\u573a\u666f030000.jpg\",\"datePublished\":\"2025-09-05T03:42:53+00:00\",\"description\":\"WASPE 3-in-1 Flavors 60000 Puffs Disposable Vape offers 54ml e-liquid, three flavors, 650mAh battery, Type-C charging, mesh coils, and LED display. Buy now!\",\"breadcrumb\":{\"@id\":\"https:\/\/vapeenjoy.com\/product\/waspe-3-in-1-flavors-60000-60k-puffs-disposable-vape-54ml-0-5-nicotine\/#breadcrumb\"},\"inLanguage\":\"fr-FR\",\"potentialAction\":[{\"@type\":\"ReadAction\",\"target\":[\"https:\/\/vapeenjoy.com\/product\/waspe-3-in-1-flavors-60000-60k-puffs-disposable-vape-54ml-0-5-nicotine\/\"]}]},{\"@type\":\"ImageObject\",\"inLanguage\":\"fr-FR\",\"@id\":\"https:\/\/vapeenjoy.com\/product\/waspe-3-in-1-flavors-60000-60k-puffs-disposable-vape-54ml-0-5-nicotine\/#primaryimage\",\"url\":\"https:\/\/vapeenjoy.com\/wp-content\/uploads\/2025\/09\/\u573a\u666f030000.jpg\",\"contentUrl\":\"https:\/\/vapeenjoy.com\/wp-content\/uploads\/2025\/09\/\u573a\u666f030000.jpg\",\"width\":1500,\"height\":1500,\"caption\":\"WASPE 3-in-1 60000 Puffs Disposable Vape\"},{\"@type\":\"BreadcrumbList\",\"@id\":\"https:\/\/vapeenjoy.com\/product\/waspe-3-in-1-flavors-60000-60k-puffs-disposable-vape-54ml-0-5-nicotine\/#breadcrumb\",\"itemListElement\":[{\"@type\":\"ListItem\",\"position\":1,\"name\":\"Home\",\"item\":\"https:\/\/vapeenjoy.com\/\"},{\"@type\":\"ListItem\",\"position\":2,\"name\":\"Shop\",\"item\":\"https:\/\/vapeenjoy.com\/vapeenjoy-shop\/\"},{\"@type\":\"ListItem\",\"position\":3,\"name\":\"WASPE 3 in 1 Flavors 60000 60K Puffs Disposable Vape 54ML 0-5% Nicotine\"}]},{\"@type\":\"WebSite\",\"@id\":\"https:\/\/vapeenjoy.com\/#website\",\"url\":\"https:\/\/vapeenjoy.com\/\",\"name\":\"vapeenjoy\",\"description\":\"An online store for selling vapes\",\"potentialAction\":[{\"@type\":\"SearchAction\",\"target\":{\"@type\":\"EntryPoint\",\"urlTemplate\":\"https:\/\/vapeenjoy.com\/?s={search_term_string}\"},\"query-input\":{\"@type\":\"PropertyValueSpecification\",\"valueRequired\":true,\"valueName\":\"search_term_string\"}}],\"inLanguage\":\"fr-FR\"}]}<\/script>\n<!-- \/ Yoast SEO plugin. -->","yoast_head_json":{"title":"Waspe 3 en 1 saveurs 60000 60k Puffs Vape jetable 54 ml","description":"WASPE 3-en-1 Flavors 60000 Puffs Jetable Vape offre 54 ml de e-liquide, trois saveurs, une batterie de 650 mAh, une charge de type C, des bobines de maille et un affichage LED. Achetez maintenant!","robots":{"index":"index","follow":"follow","max-snippet":"max-snippet:-1","max-image-preview":"max-image-preview:large","max-video-preview":"max-video-preview:-1"},"canonical":"https:\/\/vapeenjoy.com\/fr\/produit\/waspe-3-en-1-saveurs-60000-60k-puffs-vape-jetable-54ml-0-5-nicotine\/","og_locale":"fr_FR","og_type":"article","og_title":"WASPE 3 in 1 Flavors 60000 60K Puffs Disposable Vape 54ML","og_description":"WASPE 3-in-1 Flavors 60000 Puffs Disposable Vape offers 54ml e-liquid, three flavors, 650mAh battery, Type-C charging, mesh coils, and LED display. Buy now!","og_url":"https:\/\/vapeenjoy.com\/fr\/produit\/waspe-3-en-1-saveurs-60000-60k-puffs-vape-jetable-54ml-0-5-nicotine\/","og_site_name":"vapeenjoy","og_image":[{"width":1500,"height":1500,"url":"https:\/\/vapeenjoy.com\/wp-content\/uploads\/2025\/09\/\u573a\u666f030000.jpg","type":"image\/jpeg"}],"twitter_card":"summary_large_image","twitter_misc":{"Dur\u00e9e de lecture estim\u00e9e":"3 minutes"},"schema":{"@context":"https:\/\/schema.org","@graph":[{"@type":"WebPage","@id":"https:\/\/vapeenjoy.com\/product\/waspe-3-in-1-flavors-60000-60k-puffs-disposable-vape-54ml-0-5-nicotine\/","url":"https:\/\/vapeenjoy.com\/product\/waspe-3-in-1-flavors-60000-60k-puffs-disposable-vape-54ml-0-5-nicotine\/","name":"Waspe 3 en 1 saveurs 60000 60k Puffs Vape jetable 54 ml","isPartOf":{"@id":"https:\/\/vapeenjoy.com\/#website"},"primaryImageOfPage":{"@id":"https:\/\/vapeenjoy.com\/product\/waspe-3-in-1-flavors-60000-60k-puffs-disposable-vape-54ml-0-5-nicotine\/#primaryimage"},"image":{"@id":"https:\/\/vapeenjoy.com\/product\/waspe-3-in-1-flavors-60000-60k-puffs-disposable-vape-54ml-0-5-nicotine\/#primaryimage"},"thumbnailUrl":"https:\/\/vapeenjoy.com\/wp-content\/uploads\/2025\/09\/\u573a\u666f030000.jpg","datePublished":"2025-09-05T03:42:53+00:00","description":"WASPE 3-en-1 Flavors 60000 Puffs Jetable Vape offre 54 ml de e-liquide, trois saveurs, une batterie de 650 mAh, une charge de type C, des bobines de maille et un affichage LED. Achetez maintenant!","breadcrumb":{"@id":"https:\/\/vapeenjoy.com\/product\/waspe-3-in-1-flavors-60000-60k-puffs-disposable-vape-54ml-0-5-nicotine\/#breadcrumb"},"inLanguage":"fr-FR","potentialAction":[{"@type":"ReadAction","target":["https:\/\/vapeenjoy.com\/product\/waspe-3-in-1-flavors-60000-60k-puffs-disposable-vape-54ml-0-5-nicotine\/"]}]},{"@type":"ImageObject","inLanguage":"fr-FR","@id":"https:\/\/vapeenjoy.com\/product\/waspe-3-in-1-flavors-60000-60k-puffs-disposable-vape-54ml-0-5-nicotine\/#primaryimage","url":"https:\/\/vapeenjoy.com\/wp-content\/uploads\/2025\/09\/\u573a\u666f030000.jpg","contentUrl":"https:\/\/vapeenjoy.com\/wp-content\/uploads\/2025\/09\/\u573a\u666f030000.jpg","width":1500,"height":1500,"caption":"WASPE 3-in-1 60000 Puffs Disposable Vape"},{"@type":"BreadcrumbList","@id":"https:\/\/vapeenjoy.com\/product\/waspe-3-in-1-flavors-60000-60k-puffs-disposable-vape-54ml-0-5-nicotine\/#breadcrumb","itemListElement":[{"@type":"ListItem","position":1,"name":"Home","item":"https:\/\/vapeenjoy.com\/"},{"@type":"ListItem","position":2,"name":"Shop","item":"https:\/\/vapeenjoy.com\/vapeenjoy-shop\/"},{"@type":"ListItem","position":3,"name":"WASPE 3 in 1 Flavors 60000 60K Puffs Disposable Vape 54ML 0-5% Nicotine"}]},{"@type":"WebSite","@id":"https:\/\/vapeenjoy.com\/#website","url":"https:\/\/vapeenjoy.com\/","name":"VapeEnjoy","description":"Une boutique en ligne pour la vente de vapoteurs","potentialAction":[{"@type":"SearchAction","target":{"@type":"EntryPoint","urlTemplate":"https:\/\/vapeenjoy.com\/?s={search_term_string}"},"query-input":{"@type":"PropertyValueSpecification","valueRequired":true,"valueName":"search_term_string"}}],"inLanguage":"fr-FR"}]}},"_links":{"self":[{"href":"https:\/\/vapeenjoy.com\/fr\/wp-json\/wp\/v2\/product\/2782","targetHints":{"allow":["GET"]}}],"collection":[{"href":"https:\/\/vapeenjoy.com\/fr\/wp-json\/wp\/v2\/product"}],"about":[{"href":"https:\/\/vapeenjoy.com\/fr\/wp-json\/wp\/v2\/types\/product"}],"replies":[{"embeddable":true,"href":"https:\/\/vapeenjoy.com\/fr\/wp-json\/wp\/v2\/comments?post=2782"}],"version-history":[{"count":1,"href":"https:\/\/vapeenjoy.com\/fr\/wp-json\/wp\/v2\/product\/2782\/revisions"}],"predecessor-version":[{"id":2790,"href":"https:\/\/vapeenjoy.com\/fr\/wp-json\/wp\/v2\/product\/2782\/revisions\/2790"}],"wp:featuredmedia":[{"embeddable":true,"href":"https:\/\/vapeenjoy.com\/fr\/wp-json\/wp\/v2\/media\/2786"}],"wp:attachment":[{"href":"https:\/\/vapeenjoy.com\/fr\/wp-json\/wp\/v2\/media?parent=2782"}],"wp:term":[{"taxonomy":"product_brand","embeddable":true,"href":"https:\/\/vapeenjoy.com\/fr\/wp-json\/wp\/v2\/product_brand?post=2782"},{"taxonomy":"product_cat","embeddable":true,"href":"https:\/\/vapeenjoy.com\/fr\/wp-json\/wp\/v2\/product_cat?post=2782"},{"taxonomy":"product_tag","embeddable":true,"href":"https:\/\/vapeenjoy.com\/fr\/wp-json\/wp\/v2\/product_tag?post=2782"}],"curies":[{"name":"WP","href":"https:\/\/api.w.org\/{rel}","templated":true}]}}