{"id":283,"date":"2025-07-21T03:52:05","date_gmt":"2025-07-21T03:52:05","guid":{"rendered":"https:\/\/vapeenjoy.com\/?post_type=product&#038;p=283"},"modified":"2025-08-26T09:06:13","modified_gmt":"2025-08-26T09:06:13","slug":"uzy-crystal-pro-max-10000-puffs-disposable-vape","status":"publish","type":"product","link":"https:\/\/vapeenjoy.com\/fr\/produit\/uzy-crystal-pro-max-10000-bouffees-jetables\/","title":{"rendered":"Uzy Crystal Pro Max 10000 bouff\u00e9es jetables Vape 15ml 0-5% Nicotine Type-C Rechargeable"},"content":{"rendered":"<h2 dir=\"ltr\" data-pm-slice=\"1 3 []\">Uzy Crystal Pro Max 10000 bouff\u00e9es jetables Vape Description du produit<\/h2>\n<p dir=\"ltr\">Uzy, une marque d\u00e9di\u00e9e au vapotage de qualit\u00e9, offre toujours confort et satisfaction. Plus pr\u00e9cis\u00e9ment, la vape jetable Uzy Crystal Pro Max 10000 Puffs offre des saveurs riches et un fonctionnement sans effort. De plus, son design \u00e9pur\u00e9 et d'inspiration cristalline, coupl\u00e9 \u00e0 un embout buccal transparent, garantit \u00e0 la fois un attrait visuel et une manipulation confortable.<\/p>\n<h2 dir=\"ltr\">Sp\u00e9cifications jetables de vape jetable de Uzy Crystal Pro Max 10000<\/h2>\n<ul class=\"tight\" dir=\"ltr\" data-tight=\"true\">\n<li>\n<p dir=\"ltr\"><strong>Capacit\u00e9 liquide<\/strong>: 15 ml de e-liquide pr\u00e9-remplis, id\u00e9al pour une utilisation prolong\u00e9e.<\/p>\n<\/li>\n<li>\n<p dir=\"ltr\"><strong>pile<\/strong>: 600mAh, rechargeable via Type-C (5V 1A), permettant ainsi une charge rapide.<\/p>\n<\/li>\n<li>\n<p dir=\"ltr\"><strong>nombre de bouff\u00e9es<\/strong>: jusqu'\u00e0 10\u00a0000 bouff\u00e9es, par cons\u00e9quent parfaites pour le vapotage quotidien.<\/p>\n<\/li>\n<li>\n<p dir=\"ltr\"><strong>spire<\/strong>Bobine de maille de 1,2 ohm, qui assure une saveur et une production de vapeur en douceur.<\/p>\n<\/li>\n<li>\n<p dir=\"ltr\"><strong>Forces de la nicotine<\/strong>: 0%, 2%, 3%, 5%, r\u00e9pondant ainsi \u00e0 diverses pr\u00e9f\u00e9rences.<\/p>\n<\/li>\n<li>\n<p dir=\"ltr\"><strong>mati\u00e8re<\/strong>: Polycarbonate durable mais l\u00e9ger pour une construction robuste.<\/p>\n<\/li>\n<li>\n<p dir=\"ltr\"><strong>mise en marche<\/strong>: activ\u00e9 par le tirage, il est donc incroyablement facile \u00e0 utiliser.<\/p>\n<\/li>\n<\/ul>\n<h2 dir=\"ltr\">20 options de saveur<\/h2>\n<ol class=\"tight\" dir=\"ltr\" data-tight=\"true\">\n<li>\n<p dir=\"ltr\"><strong>Ananas de p\u00eache \u00e0 la mangue<\/strong>: Un m\u00e9lange tropical juteux pour un go\u00fbt vibrant.<\/p>\n<\/li>\n<li>\n<p dir=\"ltr\"><strong>past\u00e8que aux fraises<\/strong>: Doux et estival, m\u00e9langeant les fraises avec la past\u00e8que.<\/p>\n<\/li>\n<li>\n<p dir=\"ltr\"><strong>Glace \u00e0 \u00e9nergie rouge<\/strong>: Saveur de boisson \u00e9nergisante audacieuse, rehauss\u00e9e de menthol.<\/p>\n<\/li>\n<li>\n<p dir=\"ltr\"><strong>mangue de fraises<\/strong>: lisse et sucr\u00e9e, alliant fraises et mangues.<\/p>\n<\/li>\n<li>\n<p dir=\"ltr\"><strong>Framboise de myrtilles<\/strong>: fusionnante, fusionnant les myrtilles douces avec des framboises acidul\u00e9es.<\/p>\n<\/li>\n<li>\n<p dir=\"ltr\"><strong>Glace triple baies<\/strong>: Trio de baies froides, offrant un succ\u00e8s rafra\u00eechissant.<\/p>\n<\/li>\n<li>\n<p dir=\"ltr\"><strong>Glace de past\u00e8que<\/strong>: past\u00e8que croustillante, refroidie avec du menthol.<\/p>\n<\/li>\n<li>\n<p dir=\"ltr\"><strong>Glace \u00e0 trois raisins<\/strong>: Raisin riche avec un coup de pied givr\u00e9.<\/p>\n<\/li>\n<li>\n<p dir=\"ltr\"><strong>Glace aux myrtilles<\/strong>: bleuet doux, associ\u00e9 au menthol.<\/p>\n<\/li>\n<li>\n<p dir=\"ltr\"><strong>glace de p\u00eache<\/strong>: p\u00eache rafra\u00eechissante, accentu\u00e9e par le menthol.<\/p>\n<\/li>\n<li>\n<p dir=\"ltr\"><strong>quille<\/strong>: bonbons de bonbons m\u00e9lang\u00e9s aux fruits doux et color\u00e9s.<\/p>\n<\/li>\n<li>\n<p dir=\"ltr\"><strong>Bubblegum past\u00e8que<\/strong>: M\u00e9lange de past\u00e8que-bubble nostalgique de past\u00e8que.<\/p>\n<\/li>\n<li>\n<p dir=\"ltr\"><strong>glace \u00e0 la fraise<\/strong>: Fraise croustillante avec une torsion de menthol.<\/p>\n<\/li>\n<li>\n<p dir=\"ltr\"><strong>kiwi aux fraises<\/strong>: tarte sucr\u00e9e, m\u00e9lange de fraises et de kiwi.<\/p>\n<\/li>\n<li>\n<p dir=\"ltr\"><strong>glace de cola<\/strong>: Cola p\u00e9tillant, r\u00e9frig\u00e9r\u00e9 avec du menthol.<\/p>\n<\/li>\n<li>\n<p dir=\"ltr\"><strong>Monsieur Bleu<\/strong>: M\u00e9lange unique de baies, refroidi avec une subtile nuance.<\/p>\n<\/li>\n<li>\n<p dir=\"ltr\"><strong>Goyave aux fruits de la passion Kiwi<\/strong>: m\u00e9lange de fruits tropicaux juteux et juteux.<\/p>\n<\/li>\n<li>\n<p dir=\"ltr\"><strong>triple mangue<\/strong>: Mangue intense pour un vape riche.<\/p>\n<\/li>\n<li>\n<p dir=\"ltr\"><strong>baie de p\u00eache<\/strong>: fusion douce p\u00eache et baies.<\/p>\n<\/li>\n<li>\n<p dir=\"ltr\"><strong>glace de cerisier<\/strong>: Cerise audacieuse, rafra\u00eechie avec du menthol.<\/p>\n<\/li>\n<\/ol>\n<h2 dir=\"ltr\">Questions fr\u00e9quentes<\/h2>\n<ol class=\"tight\" dir=\"ltr\" data-tight=\"true\">\n<li>\n<p dir=\"ltr\"><strong>Quel est le nombre de bouff\u00e9es\u00a0?<\/strong><br \/>\nJusqu'\u00e0 10\u00a0000 bouff\u00e9es, donc id\u00e9ales pour une utilisation prolong\u00e9e.<\/p>\n<\/li>\n<li>\n<p dir=\"ltr\"><strong>Est-ce rechargeable ?<\/strong><br \/>\nOui, il comprend un port de type C avec une batterie de 600 mAh, donc facile \u00e0 recharger.<\/p>\n<\/li>\n<li>\n<p dir=\"ltr\"><strong>Quelles forces de nicotine sont disponibles ?<\/strong><br \/>\nLes options incluent 0%, 2%, 3% et 5%, convenant ainsi \u00e0 diverses pr\u00e9f\u00e9rences.<\/p>\n<\/li>\n<li>\n<p dir=\"ltr\"><strong>Comment choisir une saveur ?<\/strong><br \/>\nPour la douceur, essayez l'ananas de p\u00eache \u00e0 la mangue; alternativement, pour le rafra\u00eechissement, choisissez la glace de past\u00e8que. Exp\u00e9rimentez pour d\u00e9couvrir votre favori.<\/p>\n<\/li>\n<li>\n<p dir=\"ltr\"><strong>Pourquoi utiliser une bobine de maille ?<\/strong><br \/>\nLa bobine de maille de 1,2 ohm, par exemple, am\u00e9liore la saveur et assure une vapeur constante.<\/p>\n<\/li>\n<li>\n<p dir=\"ltr\"><strong>Est-il adapt\u00e9 pour le vapotage toute la journ\u00e9e ?<\/strong><br \/>\nEn effet, sa capacit\u00e9 de 15 ml et 10 000 bouff\u00e9es favorisent donc une utilisation fr\u00e9quente.<\/p>\n<\/li>\n<li>\n<p dir=\"ltr\"><strong>Comment fonctionne le dessin-activation ?<\/strong><br \/>\nInspirez simplement pour activer, ce qui le rend convivial.<\/p>\n<\/li>\n<\/ol>\n<h2><img fetchpriority=\"high\" decoding=\"async\" class=\"alignnone wp-image-291 size-full\" style=\"color: #333333; font-size: 16px;\" src=\"https:\/\/vapeenjoy.com\/wp-content\/uploads\/2025\/07\/UZY-10000.webp\" alt=\"Uzy Crystal Pro Max 10000 bouff\u00e9es de saveurs jetables\" width=\"1920\" height=\"1920\" srcset=\"https:\/\/vapeenjoy.com\/wp-content\/uploads\/2025\/07\/UZY-10000.webp 1920w, https:\/\/vapeenjoy.com\/wp-content\/uploads\/2025\/07\/UZY-10000-600x600.webp 600w, https:\/\/vapeenjoy.com\/wp-content\/uploads\/2025\/07\/UZY-10000-150x150.webp 150w, https:\/\/vapeenjoy.com\/wp-content\/uploads\/2025\/07\/UZY-10000-1200x1200.webp 1200w, https:\/\/vapeenjoy.com\/wp-content\/uploads\/2025\/07\/UZY-10000-300x300.webp 300w, https:\/\/vapeenjoy.com\/wp-content\/uploads\/2025\/07\/UZY-10000-1024x1024.webp 1024w, https:\/\/vapeenjoy.com\/wp-content\/uploads\/2025\/07\/UZY-10000-768x768.webp 768w, https:\/\/vapeenjoy.com\/wp-content\/uploads\/2025\/07\/UZY-10000-1536x1536.webp 1536w\" sizes=\"(max-width: 1920px) 100vw, 1920px\" \/><\/h2>","protected":false},"excerpt":{"rendered":"<p>Uzy, une marque ax\u00e9e sur les solutions de vapotage de haute qualit\u00e9, pr\u00e9sente le Crystal Pro Max 10000 Puffs Jetable Vape. Cet appareil offre une conception \u00e9l\u00e9gante et inspir\u00e9e des cristaux avec une capacit\u00e9 de 15\u00a0ml de liquide, une batterie rechargeable de 600\u00a0mAh et jusqu'\u00e0 10\u00a0000\u00a0bouff\u00e9es. Avec une bobine de maille de 1,2 ohm et de multiples forces de nicotine, il offre des saveurs riches et une vapeur lisse pour une satisfaction durable.<\/p>","protected":false},"featured_media":294,"comment_status":"open","ping_status":"closed","template":"","meta":[],"product_brand":[38],"product_cat":[35],"product_tag":[64,96],"class_list":{"0":"post-283","1":"product","2":"type-product","3":"status-publish","4":"has-post-thumbnail","6":"product_brand-uzy-vape","7":"product_cat-10000-puffs-vape","8":"product_tag-0-5-nicotine","9":"product_tag-15ml","11":"first","12":"outofstock","13":"sale","14":"shipping-taxable","15":"purchasable","16":"product-type-variable"},"yoast_head":"<!-- This site is optimized with the Yoast SEO plugin v25.7 - https:\/\/yoast.com\/wordpress\/plugins\/seo\/ -->\n<title>UZY Crystal Pro Max 10000 Puffs Disposable Vape 15ml e-liquid<\/title>\n<meta name=\"description\" content=\"UZY Crystal Pro Max 10000 Puffs Disposable Vape: 15ml e-liquid, 0-5% nicotine, Type-C rechargeable. Long-lasting flavor. Shop now!\" \/>\n<meta name=\"robots\" content=\"index, follow, max-snippet:-1, max-image-preview:large, max-video-preview:-1\" \/>\n<link rel=\"canonical\" href=\"https:\/\/vapeenjoy.com\/fr\/produit\/uzy-crystal-pro-max-10000-bouffees-jetables\/\" \/>\n<meta property=\"og:locale\" content=\"fr_FR\" \/>\n<meta property=\"og:type\" content=\"article\" \/>\n<meta property=\"og:title\" content=\"UZY Crystal Pro Max 10000 Puffs Disposable Vape 15ml e-liquid\" \/>\n<meta property=\"og:description\" content=\"UZY Crystal Pro Max 10000 Puffs Disposable Vape: 15ml e-liquid, 0-5% nicotine, Type-C rechargeable. Long-lasting flavor. Shop now!\" \/>\n<meta property=\"og:url\" content=\"https:\/\/vapeenjoy.com\/fr\/produit\/uzy-crystal-pro-max-10000-bouffees-jetables\/\" \/>\n<meta property=\"og:site_name\" content=\"vapeenjoy\" \/>\n<meta property=\"article:modified_time\" content=\"2025-08-26T09:06:13+00:00\" \/>\n<meta property=\"og:image\" content=\"https:\/\/vapeenjoy.com\/wp-content\/uploads\/2025\/07\/UZY-Crystal-pro-max-10000.png\" \/>\n\t<meta property=\"og:image:width\" content=\"910\" \/>\n\t<meta property=\"og:image:height\" content=\"812\" \/>\n\t<meta property=\"og:image:type\" content=\"image\/png\" \/>\n<meta name=\"twitter:card\" content=\"summary_large_image\" \/>\n<meta name=\"twitter:label1\" content=\"Dur\u00e9e de lecture estim\u00e9e\" \/>\n\t<meta name=\"twitter:data1\" content=\"3 minutes\" \/>\n<script type=\"application\/ld+json\" class=\"yoast-schema-graph\">{\"@context\":\"https:\/\/schema.org\",\"@graph\":[{\"@type\":\"WebPage\",\"@id\":\"https:\/\/vapeenjoy.com\/product\/uzy-crystal-pro-max-10000-puffs-disposable-vape\/\",\"url\":\"https:\/\/vapeenjoy.com\/product\/uzy-crystal-pro-max-10000-puffs-disposable-vape\/\",\"name\":\"UZY Crystal Pro Max 10000 Puffs Disposable Vape 15ml e-liquid\",\"isPartOf\":{\"@id\":\"https:\/\/vapeenjoy.com\/#website\"},\"primaryImageOfPage\":{\"@id\":\"https:\/\/vapeenjoy.com\/product\/uzy-crystal-pro-max-10000-puffs-disposable-vape\/#primaryimage\"},\"image\":{\"@id\":\"https:\/\/vapeenjoy.com\/product\/uzy-crystal-pro-max-10000-puffs-disposable-vape\/#primaryimage\"},\"thumbnailUrl\":\"https:\/\/vapeenjoy.com\/wp-content\/uploads\/2025\/07\/UZY-Crystal-pro-max-10000.png\",\"datePublished\":\"2025-07-21T03:52:05+00:00\",\"dateModified\":\"2025-08-26T09:06:13+00:00\",\"description\":\"UZY Crystal Pro Max 10000 Puffs Disposable Vape: 15ml e-liquid, 0-5% nicotine, Type-C rechargeable. Long-lasting flavor. Shop now!\",\"breadcrumb\":{\"@id\":\"https:\/\/vapeenjoy.com\/product\/uzy-crystal-pro-max-10000-puffs-disposable-vape\/#breadcrumb\"},\"inLanguage\":\"fr-FR\",\"potentialAction\":[{\"@type\":\"ReadAction\",\"target\":[\"https:\/\/vapeenjoy.com\/product\/uzy-crystal-pro-max-10000-puffs-disposable-vape\/\"]}]},{\"@type\":\"ImageObject\",\"inLanguage\":\"fr-FR\",\"@id\":\"https:\/\/vapeenjoy.com\/product\/uzy-crystal-pro-max-10000-puffs-disposable-vape\/#primaryimage\",\"url\":\"https:\/\/vapeenjoy.com\/wp-content\/uploads\/2025\/07\/UZY-Crystal-pro-max-10000.png\",\"contentUrl\":\"https:\/\/vapeenjoy.com\/wp-content\/uploads\/2025\/07\/UZY-Crystal-pro-max-10000.png\",\"width\":910,\"height\":812},{\"@type\":\"BreadcrumbList\",\"@id\":\"https:\/\/vapeenjoy.com\/product\/uzy-crystal-pro-max-10000-puffs-disposable-vape\/#breadcrumb\",\"itemListElement\":[{\"@type\":\"ListItem\",\"position\":1,\"name\":\"Home\",\"item\":\"https:\/\/vapeenjoy.com\/\"},{\"@type\":\"ListItem\",\"position\":2,\"name\":\"Shop\",\"item\":\"https:\/\/vapeenjoy.com\/vapeenjoy-shop\/\"},{\"@type\":\"ListItem\",\"position\":3,\"name\":\"UZY Crystal Pro Max 10000 Puffs Disposable Vape 15ml 0-5% Nicotine Type-C Rechargeable\"}]},{\"@type\":\"WebSite\",\"@id\":\"https:\/\/vapeenjoy.com\/#website\",\"url\":\"https:\/\/vapeenjoy.com\/\",\"name\":\"vapeenjoy\",\"description\":\"An online store for selling vapes\",\"potentialAction\":[{\"@type\":\"SearchAction\",\"target\":{\"@type\":\"EntryPoint\",\"urlTemplate\":\"https:\/\/vapeenjoy.com\/?s={search_term_string}\"},\"query-input\":{\"@type\":\"PropertyValueSpecification\",\"valueRequired\":true,\"valueName\":\"search_term_string\"}}],\"inLanguage\":\"fr-FR\"}]}<\/script>\n<!-- \/ Yoast SEO plugin. -->","yoast_head_json":{"title":"Uzy Crystal Pro Max 10000 bouff\u00e9es jetables Vape 15 ml","description":"UZY Crystal Pro Max 10000 bouff\u00e9es Jetable Vape : 15 ml E-liquide, 0-5%, rechargeable de type C. Saveur longue dur\u00e9e. Achetez maintenant\u00a0!","robots":{"index":"index","follow":"follow","max-snippet":"max-snippet:-1","max-image-preview":"max-image-preview:large","max-video-preview":"max-video-preview:-1"},"canonical":"https:\/\/vapeenjoy.com\/fr\/produit\/uzy-crystal-pro-max-10000-bouffees-jetables\/","og_locale":"fr_FR","og_type":"article","og_title":"UZY Crystal Pro Max 10000 Puffs Disposable Vape 15ml e-liquid","og_description":"UZY Crystal Pro Max 10000 Puffs Disposable Vape: 15ml e-liquid, 0-5% nicotine, Type-C rechargeable. Long-lasting flavor. Shop now!","og_url":"https:\/\/vapeenjoy.com\/fr\/produit\/uzy-crystal-pro-max-10000-bouffees-jetables\/","og_site_name":"vapeenjoy","article_modified_time":"2025-08-26T09:06:13+00:00","og_image":[{"width":910,"height":812,"url":"https:\/\/vapeenjoy.com\/wp-content\/uploads\/2025\/07\/UZY-Crystal-pro-max-10000.png","type":"image\/png"}],"twitter_card":"summary_large_image","twitter_misc":{"Dur\u00e9e de lecture estim\u00e9e":"3 minutes"},"schema":{"@context":"https:\/\/schema.org","@graph":[{"@type":"WebPage","@id":"https:\/\/vapeenjoy.com\/product\/uzy-crystal-pro-max-10000-puffs-disposable-vape\/","url":"https:\/\/vapeenjoy.com\/product\/uzy-crystal-pro-max-10000-puffs-disposable-vape\/","name":"Uzy Crystal Pro Max 10000 bouff\u00e9es jetables Vape 15 ml","isPartOf":{"@id":"https:\/\/vapeenjoy.com\/#website"},"primaryImageOfPage":{"@id":"https:\/\/vapeenjoy.com\/product\/uzy-crystal-pro-max-10000-puffs-disposable-vape\/#primaryimage"},"image":{"@id":"https:\/\/vapeenjoy.com\/product\/uzy-crystal-pro-max-10000-puffs-disposable-vape\/#primaryimage"},"thumbnailUrl":"https:\/\/vapeenjoy.com\/wp-content\/uploads\/2025\/07\/UZY-Crystal-pro-max-10000.png","datePublished":"2025-07-21T03:52:05+00:00","dateModified":"2025-08-26T09:06:13+00:00","description":"UZY Crystal Pro Max 10000 bouff\u00e9es Jetable Vape : 15 ml E-liquide, 0-5%, rechargeable de type C. Saveur longue dur\u00e9e. Achetez maintenant\u00a0!","breadcrumb":{"@id":"https:\/\/vapeenjoy.com\/product\/uzy-crystal-pro-max-10000-puffs-disposable-vape\/#breadcrumb"},"inLanguage":"fr-FR","potentialAction":[{"@type":"ReadAction","target":["https:\/\/vapeenjoy.com\/product\/uzy-crystal-pro-max-10000-puffs-disposable-vape\/"]}]},{"@type":"ImageObject","inLanguage":"fr-FR","@id":"https:\/\/vapeenjoy.com\/product\/uzy-crystal-pro-max-10000-puffs-disposable-vape\/#primaryimage","url":"https:\/\/vapeenjoy.com\/wp-content\/uploads\/2025\/07\/UZY-Crystal-pro-max-10000.png","contentUrl":"https:\/\/vapeenjoy.com\/wp-content\/uploads\/2025\/07\/UZY-Crystal-pro-max-10000.png","width":910,"height":812},{"@type":"BreadcrumbList","@id":"https:\/\/vapeenjoy.com\/product\/uzy-crystal-pro-max-10000-puffs-disposable-vape\/#breadcrumb","itemListElement":[{"@type":"ListItem","position":1,"name":"Home","item":"https:\/\/vapeenjoy.com\/"},{"@type":"ListItem","position":2,"name":"Shop","item":"https:\/\/vapeenjoy.com\/vapeenjoy-shop\/"},{"@type":"ListItem","position":3,"name":"UZY Crystal Pro Max 10000 Puffs Disposable Vape 15ml 0-5% Nicotine Type-C Rechargeable"}]},{"@type":"WebSite","@id":"https:\/\/vapeenjoy.com\/#website","url":"https:\/\/vapeenjoy.com\/","name":"VapeEnjoy","description":"Une boutique en ligne pour la vente de vapoteurs","potentialAction":[{"@type":"SearchAction","target":{"@type":"EntryPoint","urlTemplate":"https:\/\/vapeenjoy.com\/?s={search_term_string}"},"query-input":{"@type":"PropertyValueSpecification","valueRequired":true,"valueName":"search_term_string"}}],"inLanguage":"fr-FR"}]}},"_links":{"self":[{"href":"https:\/\/vapeenjoy.com\/fr\/wp-json\/wp\/v2\/product\/283","targetHints":{"allow":["GET"]}}],"collection":[{"href":"https:\/\/vapeenjoy.com\/fr\/wp-json\/wp\/v2\/product"}],"about":[{"href":"https:\/\/vapeenjoy.com\/fr\/wp-json\/wp\/v2\/types\/product"}],"replies":[{"embeddable":true,"href":"https:\/\/vapeenjoy.com\/fr\/wp-json\/wp\/v2\/comments?post=283"}],"version-history":[{"count":2,"href":"https:\/\/vapeenjoy.com\/fr\/wp-json\/wp\/v2\/product\/283\/revisions"}],"predecessor-version":[{"id":2369,"href":"https:\/\/vapeenjoy.com\/fr\/wp-json\/wp\/v2\/product\/283\/revisions\/2369"}],"wp:featuredmedia":[{"embeddable":true,"href":"https:\/\/vapeenjoy.com\/fr\/wp-json\/wp\/v2\/media\/294"}],"wp:attachment":[{"href":"https:\/\/vapeenjoy.com\/fr\/wp-json\/wp\/v2\/media?parent=283"}],"wp:term":[{"taxonomy":"product_brand","embeddable":true,"href":"https:\/\/vapeenjoy.com\/fr\/wp-json\/wp\/v2\/product_brand?post=283"},{"taxonomy":"product_cat","embeddable":true,"href":"https:\/\/vapeenjoy.com\/fr\/wp-json\/wp\/v2\/product_cat?post=283"},{"taxonomy":"product_tag","embeddable":true,"href":"https:\/\/vapeenjoy.com\/fr\/wp-json\/wp\/v2\/product_tag?post=283"}],"curies":[{"name":"WP","href":"https:\/\/api.w.org\/{rel}","templated":true}]}}