{"id":295,"date":"2025-07-21T07:35:15","date_gmt":"2025-07-21T07:35:15","guid":{"rendered":"https:\/\/vapeenjoy.com\/?post_type=product&#038;p=295"},"modified":"2025-08-26T07:09:45","modified_gmt":"2025-08-26T07:09:45","slug":"uzy-tornado-20000-puffs-disposable-vape","status":"publish","type":"product","link":"https:\/\/vapeenjoy.com\/fr\/produit\/uzy-tornado-20000-bouffees-jetables\/","title":{"rendered":"Uzy Tornado 20000 bouff\u00e9es jetables Vape 28ml 0-5% Nicotine Type-C Recharge"},"content":{"rendered":"<h2 dir=\"ltr\" data-pm-slice=\"1 3 []\">Uzy Tornado 20000 bouff\u00e9es Jetables Vape Description<\/h2>\n<p dir=\"ltr\">UZY propose des solutions de vapotage de haute qualit\u00e9, privil\u00e9giant la commodit\u00e9 et la saveur. Plus pr\u00e9cis\u00e9ment, la vape jetable Uzy Tornado 20000 Puffs offre une exp\u00e9rience durable et savoureuse. De plus, son design \u00e9pur\u00e9 et son affichage LED garantissent la portabilit\u00e9, la fiabilit\u00e9 et la convivialit\u00e9.<\/p>\n<h2 dir=\"ltr\">Sp\u00e9cifications jetables de vape jetable de Uzy Tornado 20000<\/h2>\n<ul class=\"tight\" dir=\"ltr\" data-tight=\"true\">\n<li>\n<p dir=\"ltr\"><strong>Nombre de bouff\u00e9es\u00a0:<\/strong> 20\u00a0000 bouff\u00e9es pour une utilisation prolong\u00e9e.<\/p>\n<\/li>\n<li>\n<p dir=\"ltr\"><strong>Capacit\u00e9 de e-liquide :<\/strong> 28 ml pour une saveur constante.<\/p>\n<\/li>\n<li>\n<p dir=\"ltr\"><strong>Forces de la nicotine\u00a0:<\/strong> 0%, 2%, 3%, 5% pour r\u00e9pondre aux pr\u00e9f\u00e9rences.<\/p>\n<\/li>\n<li>\n<p dir=\"ltr\"><strong>Capacit\u00e9 de la batterie :<\/strong> 850mAh, rechargeable pour des performances fiables.<\/p>\n<\/li>\n<li>\n<p dir=\"ltr\"><strong>Port de charge :<\/strong> Type-C pour une recharge rapide.<\/p>\n<\/li>\n<li>\n<p dir=\"ltr\"><strong>Type de bobine :<\/strong> Bobine de maille pour une saveur et une vapeur am\u00e9lior\u00e9es.<\/p>\n<\/li>\n<li>\n<p dir=\"ltr\"><strong>D\u00e9bit d'air\u00a0:<\/strong> R\u00e9glable pour une exp\u00e9rience personnalis\u00e9e.<\/p>\n<\/li>\n<li>\n<p dir=\"ltr\"><strong>Afficher\u00a0:<\/strong> La LED montre la dur\u00e9e de vie de la batterie et le nombre de bouff\u00e9es.<\/p>\n<\/li>\n<\/ul>\n<h2 dir=\"ltr\">12 options de saveur<\/h2>\n<ol class=\"tight\" dir=\"ltr\" data-tight=\"true\">\n<li>\n<p dir=\"ltr\"><strong>Past\u00e8que aux fraises :<\/strong> Les fraises sucr\u00e9es rencontrent la past\u00e8que juteuse.<\/p>\n<\/li>\n<li>\n<p dir=\"ltr\"><strong>Bleuet sur glace :<\/strong> Bleuets m\u00fbrs avec une finition menthol\u00e9e fra\u00eeche.<\/p>\n<\/li>\n<li>\n<p dir=\"ltr\"><strong>Ananas de p\u00eache \u00e0 la mangue :<\/strong> M\u00e9lange de p\u00eaches tropicales, de mangues et d'ananas.<\/p>\n<\/li>\n<li>\n<p dir=\"ltr\"><strong>Glace de raisin :<\/strong> Raisins riches avec un coup de pied menthol rafra\u00eechissant.<\/p>\n<\/li>\n<li>\n<p dir=\"ltr\"><strong>Glace de past\u00e8que :<\/strong> Past\u00e8que douce avec une touche fra\u00eeche.<\/p>\n<\/li>\n<li>\n<p dir=\"ltr\"><strong>Glace p\u00eache :<\/strong> P\u00eache douce avec une finition glac\u00e9e.<\/p>\n<\/li>\n<li>\n<p dir=\"ltr\"><strong>Kiwi aux fraises\u00a0:<\/strong> Fraises sucr\u00e9es et kiwi acidul\u00e9.<\/p>\n<\/li>\n<li>\n<p dir=\"ltr\"><strong>Framboise de myrtille\u00a0:<\/strong> Framboises acidul\u00e9es et myrtilles douces.<\/p>\n<\/li>\n<li>\n<p dir=\"ltr\"><strong>Fruits de la passion kiwis :<\/strong> Kiwi acidul\u00e9 et fruit de la passion exotique.<\/p>\n<\/li>\n<li>\n<p dir=\"ltr\"><strong>Monsieur Bleu\u00a0:<\/strong> Blueberry unique avec une note rafra\u00eechissante.<\/p>\n<\/li>\n<li>\n<p dir=\"ltr\"><strong>Triple glace \u00e0 la mangue :<\/strong> Trois vari\u00e9t\u00e9s de mangues avec une touche de glace.<\/p>\n<\/li>\n<li>\n<p dir=\"ltr\"><strong>Glace \u00e0 \u00e9nergie rouge :<\/strong> Saveur de boisson \u00e9nergisante avec une touche de menthol.<\/p>\n<\/li>\n<\/ol>\n<h2 dir=\"ltr\">Questions fr\u00e9quentes<\/h2>\n<ol class=\"tight\" dir=\"ltr\" data-tight=\"true\">\n<li>\n<p dir=\"ltr\"><strong>Quel est le nombre de bouff\u00e9es\u00a0?<\/strong> Jusqu'\u00e0 20\u00a0000 bouff\u00e9es pour une utilisation \u00e0 long terme.<\/p>\n<\/li>\n<li>\n<p dir=\"ltr\"><strong>Quelles forces de nicotine sont disponibles ?<\/strong> 0%, 2%, 3% et 5%.<\/p>\n<\/li>\n<li>\n<p dir=\"ltr\"><strong>Comment savoir quand c'est bas ?<\/strong> L'\u00e9cran LED indique le nombre de batteries et de bouff\u00e9es, il peut clignoter ou s'arr\u00eater lorsqu'il est \u00e9puis\u00e9.<\/p>\n<\/li>\n<li>\n<p dir=\"ltr\"><strong>Comment choisir une saveur ?<\/strong> Par exemple, choisissez des m\u00e9langes fruit\u00e9s comme la past\u00e8que \u00e0 la fraise pour la douceur, des options glac\u00e9es comme la glace de raisin pour le rafra\u00eechissement ou la glace rouge audacieuse pour une touche unique.<\/p>\n<\/li>\n<li>\n<p dir=\"ltr\"><strong>Est-ce rechargeable ?<\/strong> Oui, il utilise une batterie de 850 mAh avec une charge de type C.<\/p>\n<\/li>\n<li>\n<p dir=\"ltr\"><strong>Puis-je ajuster le d\u00e9bit d'air\u00a0?<\/strong> En effet, le flux d'air r\u00e9glable personnalise votre tirage.<\/p>\n<\/li>\n<li>\n<p dir=\"ltr\"><strong>Quelle bobine utilise-t-elle ?<\/strong> Un serpentin en maille assure une saveur et une vapeur constantes.<\/p>\n<\/li>\n<\/ol>\n<p><img fetchpriority=\"high\" decoding=\"async\" class=\"alignnone wp-image-304 size-full\" src=\"https:\/\/vapeenjoy.com\/wp-content\/uploads\/2025\/07\/UZY-Tornado-20000-Puffs.webp\" alt=\"Uzy Tornado 20000 bouff\u00e9es jetables ar\u00f4mes de vape\" width=\"1000\" height=\"1000\" srcset=\"https:\/\/vapeenjoy.com\/wp-content\/uploads\/2025\/07\/UZY-Tornado-20000-Puffs.webp 1000w, https:\/\/vapeenjoy.com\/wp-content\/uploads\/2025\/07\/UZY-Tornado-20000-Puffs-600x600.webp 600w, https:\/\/vapeenjoy.com\/wp-content\/uploads\/2025\/07\/UZY-Tornado-20000-Puffs-150x150.webp 150w, https:\/\/vapeenjoy.com\/wp-content\/uploads\/2025\/07\/UZY-Tornado-20000-Puffs-300x300.webp 300w, https:\/\/vapeenjoy.com\/wp-content\/uploads\/2025\/07\/UZY-Tornado-20000-Puffs-768x768.webp 768w\" sizes=\"(max-width: 1000px) 100vw, 1000px\" \/><\/p>","protected":false},"excerpt":{"rendered":"<p>Uzy, une marque ax\u00e9e sur les solutions de vapotage de qualit\u00e9, pr\u00e9sente la cigarette \u00e9lectronique jetable Tornado 20000 Puffs. Cet appareil offre un design \u00e9l\u00e9gant avec jusqu'\u00e0 20\u00a0000 bouff\u00e9es, une capacit\u00e9 de 28\u00a0ml de liquide et une batterie rechargeable de 850\u00a0mAh. Avec un flux d'air r\u00e9glable, une bobine de maille et de multiples forces de nicotine (0%, 2%, 3%, 5%), il offre une saveur et une commodit\u00e9 coh\u00e9rentes.<\/p>","protected":false},"featured_media":305,"comment_status":"open","ping_status":"closed","template":"","meta":[],"product_brand":[38],"product_cat":[22],"product_tag":[64,68],"class_list":{"0":"post-295","1":"product","2":"type-product","3":"status-publish","4":"has-post-thumbnail","6":"product_brand-uzy-vape","7":"product_cat-20000-puffs-vape","8":"product_tag-0-5-nicotine","9":"product_tag-28ml","11":"first","12":"instock","13":"sale","14":"shipping-taxable","15":"purchasable","16":"product-type-variable"},"yoast_head":"<!-- This site is optimized with the Yoast SEO plugin v25.7 - https:\/\/yoast.com\/wordpress\/plugins\/seo\/ -->\n<title>UZY Tornado 20000 Puffs Disposable Vape 28ml 0-5% Nicotine<\/title>\n<meta name=\"description\" content=\"UZY Tornado 20000 Puffs Disposable Vape: 28ml e-liquid, 0-5% nicotine, Type-C rechargeable. 12 flavors, 850mAh battery for lasting performance.\" \/>\n<meta name=\"robots\" content=\"index, follow, max-snippet:-1, max-image-preview:large, max-video-preview:-1\" \/>\n<link rel=\"canonical\" href=\"https:\/\/vapeenjoy.com\/fr\/produit\/uzy-tornado-20000-bouffees-jetables\/\" \/>\n<meta property=\"og:locale\" content=\"fr_FR\" \/>\n<meta property=\"og:type\" content=\"article\" \/>\n<meta property=\"og:title\" content=\"UZY Tornado 20000 Puffs Disposable Vape 28ml 0-5% Nicotine\" \/>\n<meta property=\"og:description\" content=\"UZY Tornado 20000 Puffs Disposable Vape: 28ml e-liquid, 0-5% nicotine, Type-C rechargeable. 12 flavors, 850mAh battery for lasting performance.\" \/>\n<meta property=\"og:url\" content=\"https:\/\/vapeenjoy.com\/fr\/produit\/uzy-tornado-20000-bouffees-jetables\/\" \/>\n<meta property=\"og:site_name\" content=\"vapeenjoy\" \/>\n<meta property=\"article:modified_time\" content=\"2025-08-26T07:09:45+00:00\" \/>\n<meta name=\"twitter:card\" content=\"summary_large_image\" \/>\n<meta name=\"twitter:label1\" content=\"Dur\u00e9e de lecture estim\u00e9e\" \/>\n\t<meta name=\"twitter:data1\" content=\"2 minutes\" \/>\n<script type=\"application\/ld+json\" class=\"yoast-schema-graph\">{\"@context\":\"https:\/\/schema.org\",\"@graph\":[{\"@type\":\"WebPage\",\"@id\":\"https:\/\/vapeenjoy.com\/product\/uzy-tornado-20000-puffs-disposable-vape\/\",\"url\":\"https:\/\/vapeenjoy.com\/product\/uzy-tornado-20000-puffs-disposable-vape\/\",\"name\":\"UZY Tornado 20000 Puffs Disposable Vape 28ml 0-5% Nicotine\",\"isPartOf\":{\"@id\":\"https:\/\/vapeenjoy.com\/#website\"},\"primaryImageOfPage\":{\"@id\":\"https:\/\/vapeenjoy.com\/product\/uzy-tornado-20000-puffs-disposable-vape\/#primaryimage\"},\"image\":{\"@id\":\"https:\/\/vapeenjoy.com\/product\/uzy-tornado-20000-puffs-disposable-vape\/#primaryimage\"},\"thumbnailUrl\":\"https:\/\/vapeenjoy.com\/wp-content\/uploads\/2025\/07\/UZY-Tornado-20000-Puffs-Watermelon-Ice.avif\",\"datePublished\":\"2025-07-21T07:35:15+00:00\",\"dateModified\":\"2025-08-26T07:09:45+00:00\",\"description\":\"UZY Tornado 20000 Puffs Disposable Vape: 28ml e-liquid, 0-5% nicotine, Type-C rechargeable. 12 flavors, 850mAh battery for lasting performance.\",\"breadcrumb\":{\"@id\":\"https:\/\/vapeenjoy.com\/product\/uzy-tornado-20000-puffs-disposable-vape\/#breadcrumb\"},\"inLanguage\":\"fr-FR\",\"potentialAction\":[{\"@type\":\"ReadAction\",\"target\":[\"https:\/\/vapeenjoy.com\/product\/uzy-tornado-20000-puffs-disposable-vape\/\"]}]},{\"@type\":\"ImageObject\",\"inLanguage\":\"fr-FR\",\"@id\":\"https:\/\/vapeenjoy.com\/product\/uzy-tornado-20000-puffs-disposable-vape\/#primaryimage\",\"url\":\"https:\/\/vapeenjoy.com\/wp-content\/uploads\/2025\/07\/UZY-Tornado-20000-Puffs-Watermelon-Ice.avif\",\"contentUrl\":\"https:\/\/vapeenjoy.com\/wp-content\/uploads\/2025\/07\/UZY-Tornado-20000-Puffs-Watermelon-Ice.avif\"},{\"@type\":\"BreadcrumbList\",\"@id\":\"https:\/\/vapeenjoy.com\/product\/uzy-tornado-20000-puffs-disposable-vape\/#breadcrumb\",\"itemListElement\":[{\"@type\":\"ListItem\",\"position\":1,\"name\":\"Home\",\"item\":\"https:\/\/vapeenjoy.com\/\"},{\"@type\":\"ListItem\",\"position\":2,\"name\":\"Shop\",\"item\":\"https:\/\/vapeenjoy.com\/vapeenjoy-shop\/\"},{\"@type\":\"ListItem\",\"position\":3,\"name\":\"UZY Tornado 20000 Puffs Disposable Vape 28ml 0-5% Nicotine Type-C Recharge\"}]},{\"@type\":\"WebSite\",\"@id\":\"https:\/\/vapeenjoy.com\/#website\",\"url\":\"https:\/\/vapeenjoy.com\/\",\"name\":\"vapeenjoy\",\"description\":\"An online store for selling vapes\",\"potentialAction\":[{\"@type\":\"SearchAction\",\"target\":{\"@type\":\"EntryPoint\",\"urlTemplate\":\"https:\/\/vapeenjoy.com\/?s={search_term_string}\"},\"query-input\":{\"@type\":\"PropertyValueSpecification\",\"valueRequired\":true,\"valueName\":\"search_term_string\"}}],\"inLanguage\":\"fr-FR\"}]}<\/script>\n<!-- \/ Yoast SEO plugin. -->","yoast_head_json":{"title":"Uzy Tornado 20000 bouff\u00e9es jetables Vape 28ml 0-5%","description":"Uzy Tornado 20000 bouff\u00e9es Vape jetable : 28 ml E-liquide, 0-5%, rechargeable de type C. 12 saveurs, batterie 850mAh pour des performances durables.","robots":{"index":"index","follow":"follow","max-snippet":"max-snippet:-1","max-image-preview":"max-image-preview:large","max-video-preview":"max-video-preview:-1"},"canonical":"https:\/\/vapeenjoy.com\/fr\/produit\/uzy-tornado-20000-bouffees-jetables\/","og_locale":"fr_FR","og_type":"article","og_title":"UZY Tornado 20000 Puffs Disposable Vape 28ml 0-5% Nicotine","og_description":"UZY Tornado 20000 Puffs Disposable Vape: 28ml e-liquid, 0-5% nicotine, Type-C rechargeable. 12 flavors, 850mAh battery for lasting performance.","og_url":"https:\/\/vapeenjoy.com\/fr\/produit\/uzy-tornado-20000-bouffees-jetables\/","og_site_name":"vapeenjoy","article_modified_time":"2025-08-26T07:09:45+00:00","twitter_card":"summary_large_image","twitter_misc":{"Dur\u00e9e de lecture estim\u00e9e":"2 minutes"},"schema":{"@context":"https:\/\/schema.org","@graph":[{"@type":"WebPage","@id":"https:\/\/vapeenjoy.com\/product\/uzy-tornado-20000-puffs-disposable-vape\/","url":"https:\/\/vapeenjoy.com\/product\/uzy-tornado-20000-puffs-disposable-vape\/","name":"Uzy Tornado 20000 bouff\u00e9es jetables Vape 28ml 0-5%","isPartOf":{"@id":"https:\/\/vapeenjoy.com\/#website"},"primaryImageOfPage":{"@id":"https:\/\/vapeenjoy.com\/product\/uzy-tornado-20000-puffs-disposable-vape\/#primaryimage"},"image":{"@id":"https:\/\/vapeenjoy.com\/product\/uzy-tornado-20000-puffs-disposable-vape\/#primaryimage"},"thumbnailUrl":"https:\/\/vapeenjoy.com\/wp-content\/uploads\/2025\/07\/UZY-Tornado-20000-Puffs-Watermelon-Ice.avif","datePublished":"2025-07-21T07:35:15+00:00","dateModified":"2025-08-26T07:09:45+00:00","description":"Uzy Tornado 20000 bouff\u00e9es Vape jetable : 28 ml E-liquide, 0-5%, rechargeable de type C. 12 saveurs, batterie 850mAh pour des performances durables.","breadcrumb":{"@id":"https:\/\/vapeenjoy.com\/product\/uzy-tornado-20000-puffs-disposable-vape\/#breadcrumb"},"inLanguage":"fr-FR","potentialAction":[{"@type":"ReadAction","target":["https:\/\/vapeenjoy.com\/product\/uzy-tornado-20000-puffs-disposable-vape\/"]}]},{"@type":"ImageObject","inLanguage":"fr-FR","@id":"https:\/\/vapeenjoy.com\/product\/uzy-tornado-20000-puffs-disposable-vape\/#primaryimage","url":"https:\/\/vapeenjoy.com\/wp-content\/uploads\/2025\/07\/UZY-Tornado-20000-Puffs-Watermelon-Ice.avif","contentUrl":"https:\/\/vapeenjoy.com\/wp-content\/uploads\/2025\/07\/UZY-Tornado-20000-Puffs-Watermelon-Ice.avif"},{"@type":"BreadcrumbList","@id":"https:\/\/vapeenjoy.com\/product\/uzy-tornado-20000-puffs-disposable-vape\/#breadcrumb","itemListElement":[{"@type":"ListItem","position":1,"name":"Home","item":"https:\/\/vapeenjoy.com\/"},{"@type":"ListItem","position":2,"name":"Shop","item":"https:\/\/vapeenjoy.com\/vapeenjoy-shop\/"},{"@type":"ListItem","position":3,"name":"UZY Tornado 20000 Puffs Disposable Vape 28ml 0-5% Nicotine Type-C Recharge"}]},{"@type":"WebSite","@id":"https:\/\/vapeenjoy.com\/#website","url":"https:\/\/vapeenjoy.com\/","name":"VapeEnjoy","description":"Une boutique en ligne pour la vente de vapoteurs","potentialAction":[{"@type":"SearchAction","target":{"@type":"EntryPoint","urlTemplate":"https:\/\/vapeenjoy.com\/?s={search_term_string}"},"query-input":{"@type":"PropertyValueSpecification","valueRequired":true,"valueName":"search_term_string"}}],"inLanguage":"fr-FR"}]}},"_links":{"self":[{"href":"https:\/\/vapeenjoy.com\/fr\/wp-json\/wp\/v2\/product\/295","targetHints":{"allow":["GET"]}}],"collection":[{"href":"https:\/\/vapeenjoy.com\/fr\/wp-json\/wp\/v2\/product"}],"about":[{"href":"https:\/\/vapeenjoy.com\/fr\/wp-json\/wp\/v2\/types\/product"}],"replies":[{"embeddable":true,"href":"https:\/\/vapeenjoy.com\/fr\/wp-json\/wp\/v2\/comments?post=295"}],"version-history":[{"count":2,"href":"https:\/\/vapeenjoy.com\/fr\/wp-json\/wp\/v2\/product\/295\/revisions"}],"predecessor-version":[{"id":2368,"href":"https:\/\/vapeenjoy.com\/fr\/wp-json\/wp\/v2\/product\/295\/revisions\/2368"}],"wp:featuredmedia":[{"embeddable":true,"href":"https:\/\/vapeenjoy.com\/fr\/wp-json\/wp\/v2\/media\/305"}],"wp:attachment":[{"href":"https:\/\/vapeenjoy.com\/fr\/wp-json\/wp\/v2\/media?parent=295"}],"wp:term":[{"taxonomy":"product_brand","embeddable":true,"href":"https:\/\/vapeenjoy.com\/fr\/wp-json\/wp\/v2\/product_brand?post=295"},{"taxonomy":"product_cat","embeddable":true,"href":"https:\/\/vapeenjoy.com\/fr\/wp-json\/wp\/v2\/product_cat?post=295"},{"taxonomy":"product_tag","embeddable":true,"href":"https:\/\/vapeenjoy.com\/fr\/wp-json\/wp\/v2\/product_tag?post=295"}],"curies":[{"name":"WP","href":"https:\/\/api.w.org\/{rel}","templated":true}]}}