{"id":3106,"date":"2025-10-21T07:32:55","date_gmt":"2025-10-21T07:32:55","guid":{"rendered":"https:\/\/vapeenjoy.com\/?post_type=product&#038;p=3106"},"modified":"2026-01-24T09:59:45","modified_gmt":"2026-01-24T09:59:45","slug":"waspe-aiviou-150k-puffs-6-in-1-flavors-disposable-vapes-low-nicotine","status":"publish","type":"product","link":"https:\/\/vapeenjoy.com\/fr\/produit\/waspe-aiviou-150k-puffs-6-en-1-flavors-vapes-jetables-faible-nicotine\/","title":{"rendered":"Waspe Aiviou 150K 6 en 1 saveurs faibles en nicotine 150000 Big Puff Jetable Vape"},"content":{"rendered":"<h2><a href=\"https:\/\/vapeenjoy.com\/brand\/waspe-vape\/\">wasp\u00e9<\/a> Aiviou 150k Puffs | Vapeur jetable multi-saveurs 6 en 1 (options \u00e0 faible teneur en nicotine)<\/h2>\n<p><strong>wasp\u00e9<\/strong> est une marque de vape de confiance reconnue pour ses performances fluides et fiables. le <strong>Aiviou 150K<\/strong> Dispose d'un design arrondi et \u00e9pur\u00e9 et facile \u00e0 transporter et d'un <strong>Affichage LED<\/strong> Cela montre la batterie et le mode en un coup d'\u0153il.<br \/>\nChaque appareil comprend <strong>Six saveurs int\u00e9gr\u00e9es<\/strong> et offres <strong>0% \/ 2% \/ 5%<\/strong> Options de nicotine\u2014Id\u00e9al pour les utilisateurs qui souhaitent une vari\u00e9t\u00e9 et une force de nicotine flexibles.<\/p>\n<h3>Principaux points forts<\/h3>\n<ul>\n<li><strong>Jusqu'\u00e0 150\u00a0000 bouff\u00e9es<\/strong> Pour une utilisation durable<\/li>\n<li><strong>Syst\u00e8me de saveurs 6 en 1<\/strong>\u2014 Changez les saveurs \u00e0 tout moment, sans recharge<\/li>\n<li><strong>Triple bobines de maille 1.0\u03a9<\/strong> Pour un chauffage et un go\u00fbt doux et doux<\/li>\n<li><strong>Capacit\u00e9 de 64 ml de liquides<\/strong> Pour une saveur constante dans le temps<\/li>\n<li><strong>Batterie rechargeable 650mAh<\/strong> avec <strong>Type-C<\/strong> Recharge rapide<\/li>\n<li><strong>Affichage LED<\/strong> Affiche clairement la batterie et le mode<\/li>\n<\/ul>\n<h3>Param\u00e8tres du produit<\/h3>\n<ul>\n<li><strong>bouff\u00e9es\u00a0:<\/strong> 150000 bouff\u00e9es \u2013 con\u00e7ues pour durer pour une utilisation prolong\u00e9e<\/li>\n<li><strong>Bobine de maille :<\/strong> 1,0 ohm \u00d7 3 - trois bobines pour un chauffage uniforme et une saveur douce<\/li>\n<li><strong>E-liquide\u00a0:<\/strong> 64 ml \u2014 Grande capacit\u00e9 pour des performances constantes<\/li>\n<li><strong>Nicotine\u00a0:<\/strong> 0% \/ 2% \/ 5% \u2014 Choisissez votre force pr\u00e9f\u00e9r\u00e9e<\/li>\n<li><strong>Batterie\u00a0:<\/strong> 650mAh \u2014 Alimentation fiable pour une utilisation quotidienne<\/li>\n<li><strong>Rechargeable\u00a0:<\/strong> Type-C \u2014 Charge rapide et pratique<\/li>\n<li><strong>Affichage LED :<\/strong> Batterie et indicateur de mode<\/li>\n<\/ul>\n<h3>12 combos de saveurs \u2014 six en un par appareil<\/h3>\n<ol>\n<li><strong>Glace \u00e0 la past\u00e8que &amp; citron vert et p\u00eache au citron<\/strong> \u2014 Glace de past\u00e8que croquante avec des agrumes et de la p\u00eache.<\/li>\n<li><strong>Glace aux myrtilles et aux fraises Kiwi et cerises Glace aux fraises<\/strong> \u2014 Couches de baies juteuses avec kiwi et une finition froide.<\/li>\n<li><strong>Red Bull Ice &amp; Raspberry Pompe &amp; Aigre Mangue Fraise<\/strong> \u2014 Notes sur les boissons \u00e9nergisantes avec des fruits acidul\u00e9s.<\/li>\n<li><strong>Past\u00e8que aux fraises et glace aux p\u00eaches juteuses et glace aux baies triples<\/strong> \u2014 M\u00e9lange de fruits sucr\u00e9s avec un l\u00e9ger frisson.<\/li>\n<li><strong>Glace au cola et fraise aux fraises Red Bull Ice &amp; Past\u00e8que Framboise<\/strong> \u2014 Saveurs inspir\u00e9es des sodas m\u00e9lang\u00e9es \u00e0 des fruits.<\/li>\n<li><strong>Glace au raisin et bleu Razz Cherry &amp; Strawberry<\/strong> \u2014 Tons de raisin et de baies avec une fra\u00eecheur subtile.<\/li>\n<li><strong>Baies m\u00e9lang\u00e9es &amp; Dragon noir Glace &amp; Fraise Cola<\/strong> \u2014 Baies superpos\u00e9es avec des notes de glace et une douceur de cola.<\/li>\n<li><strong>Glace au cola et boisson \u00e9nergisante et glace aux cerises<\/strong> \u2014 Cola p\u00e9tillant avec une saveur de boisson \u00e9nergisante et une cerise douce.<\/li>\n<li><strong>Banane et kiwi \u00e0 la fraise et \u00e0 la past\u00e8que et \u00e0 la noix de coco<\/strong> \u2014 Banane et noix de coco cr\u00e9meuses avec des fruits tropicaux.<\/li>\n<li><strong>Red Bull Cola Ice &amp; Strawberry Framboise Cerise &amp; M\u00fbre Dragon Fruit<\/strong> \u2014 M\u00e9lange fruit\u00e9 audacieux avec des tons d'\u00e9nergie p\u00e9tillants.<\/li>\n<li><strong>Glace \u00e0 la past\u00e8que et \u00e0 la mangue aigre-fraise et glace au raisin de la fraise<\/strong> \u2014 Douceur de chewing-gum avec des fruits acidul\u00e9s.<\/li>\n<li><strong>Fruits de la passion au melon &amp; glace aux m\u00fbres et aux pommes Kiwi<\/strong> \u2014 Melon l\u00e9ger, kiwi brillant et notes de fruits croquantes.<\/li>\n<\/ol>\n<h3>A qui s'adresser<\/h3>\n<ul>\n<li><strong>Utilisateurs \u00e0 faible nicotine\u00a0:<\/strong> choisir <strong>0%<\/strong> ou <strong>2%<\/strong> Pour une option plus l\u00e9g\u00e8re sans sacrifier la saveur.<\/li>\n<li><strong>Explorateurs de saveurs\u00a0:<\/strong> Six saveurs int\u00e9gr\u00e9es facilitent le changement en fonction de l'humeur.<\/li>\n<li><strong>Acheteurs en gros :<\/strong> 12 ensembles de combinaisons de produits couvrent les profils de fruits, de glace, de soude et de style \u00e9nerg\u00e9tique, faciles \u00e0 stocker et \u00e0 vendre.<\/li>\n<\/ul>\n<h3><img fetchpriority=\"high\" decoding=\"async\" class=\"alignnone wp-image-3218 size-full\" src=\"https:\/\/vapeenjoy.com\/wp-content\/uploads\/2025\/10\/\u5fae\u4fe1\u56fe\u7247_20250921115426_2829_25-scaled.avif\" alt=\"Waspe Aiviou 150K 6 en 1 saveurs faibles en nicotine 150000 Big Puff Jetable Vape\" width=\"2560\" height=\"2347\" srcset=\"https:\/\/vapeenjoy.com\/wp-content\/uploads\/2025\/10\/\u5fae\u4fe1\u56fe\u7247_20250921115426_2829_25-scaled.avif 2560w, https:\/\/vapeenjoy.com\/wp-content\/uploads\/2025\/10\/\u5fae\u4fe1\u56fe\u7247_20250921115426_2829_25-300x275.avif 300w, https:\/\/vapeenjoy.com\/wp-content\/uploads\/2025\/10\/\u5fae\u4fe1\u56fe\u7247_20250921115426_2829_25-1024x939.avif 1024w, https:\/\/vapeenjoy.com\/wp-content\/uploads\/2025\/10\/\u5fae\u4fe1\u56fe\u7247_20250921115426_2829_25-768x704.avif 768w, https:\/\/vapeenjoy.com\/wp-content\/uploads\/2025\/10\/\u5fae\u4fe1\u56fe\u7247_20250921115426_2829_25-1536x1408.avif 1536w, https:\/\/vapeenjoy.com\/wp-content\/uploads\/2025\/10\/\u5fae\u4fe1\u56fe\u7247_20250921115426_2829_25-2048x1877.avif 2048w, https:\/\/vapeenjoy.com\/wp-content\/uploads\/2025\/10\/\u5fae\u4fe1\u56fe\u7247_20250921115426_2829_25-13x12.avif 13w, https:\/\/vapeenjoy.com\/wp-content\/uploads\/2025\/10\/\u5fae\u4fe1\u56fe\u7247_20250921115426_2829_25-1200x1100.avif 1200w, https:\/\/vapeenjoy.com\/wp-content\/uploads\/2025\/10\/\u5fae\u4fe1\u56fe\u7247_20250921115426_2829_25-150x138.avif 150w\" sizes=\"(max-width: 2560px) 100vw, 2560px\" \/><br \/>\nFAQ<\/h3>\n<p><strong>1) Combien de temps dure un appareil Waspe Aiviou 150K ?<\/strong><br \/>\nC'est une cat\u00e9gorie jusqu'\u00e0 <strong>150\u00a0000 bouff\u00e9es<\/strong>. La dur\u00e9e de vie r\u00e9elle d\u00e9pend de la fr\u00e9quence \u00e0 laquelle vous l'utilisez.<\/p>\n<p><strong>2) L'appareil est-il rechargeable ?<\/strong><br \/>\nOui. il prend en charge <strong>Type-C<\/strong> Chargement pour une recharge rapide et pratique.<\/p>\n<p><strong>3) Comment savoir quand me recharger ?<\/strong><br \/>\nle <strong>Affichage LED<\/strong> Indique le niveau de la batterie et indiquera quand la puissance est faible.<\/p>\n<p><strong>4) Contient-il de la nicotine ?<\/strong><br \/>\nVous pouvez choisir <strong>0%<\/strong>, <strong>2%<\/strong>, ou <strong>5%<\/strong> Options de nicotine.<\/p>\n<p><strong>5) Comment choisir la bonne saveur ?<\/strong><br \/>\nGo by Go\u00fbt\u00a0: les options fra\u00eeches incluent <strong>Glace de past\u00e8que<\/strong> et les m\u00e9langes d'agrumes\u00a0; les choix plus doux ou plus audacieux incluent <strong>cola<\/strong> et <strong>baie<\/strong> M\u00e9langes. Avec six saveurs dans un seul appareil, vous pouvez changer \u00e0 tout moment.<\/p>\n<p><strong>6) Puis-je changer de saveur pendant l'utilisation ?<\/strong><br \/>\nOui. c'est un <strong>6-en-1<\/strong> L'appareil, donc changer de saveur est facile et ne n\u00e9cessite pas de remplissage.<\/p>\n<p><strong>7) Est-ce bon pour les utilisateurs \u00e0 faible teneur en nicotine ?<\/strong><br \/>\nOui. le <strong>0%<\/strong> et <strong>2%<\/strong> Les options sont id\u00e9ales pour les utilisateurs qui veulent moins de nicotine tout en profitant de leur pleine saveur.<\/p>\n<p><strong>Demande de gros :<\/strong> Contactez-nous pour les MOQ, les niveaux de prix et les d\u00e9lais de livraison pour les commandes en gros.<\/p>","protected":false},"excerpt":{"rendered":"<p>Waspe est une marque de vape de confiance reconnue pour sa saveur douce et ses performances fiables. L'Aiviou 150K pr\u00e9sente un design \u00e9pur\u00e9 et arrondi avec un \u00e9cran LED clair, un syst\u00e8me multi-saveurs 6 en 1 et des options de nicotine 0%\/2%\/5%. Construit avec des bobines triples de maille de 1,0 \u03a9, une capacit\u00e9 de 64 ml de liquide et une batterie rechargeable de type C de 650 mAh, il d\u00e9livre jusqu'\u00e0 150\u00a0000 bouff\u00e9es avec un go\u00fbt constant et une utilisation quotidienne pratique.<\/p>","protected":false},"featured_media":3110,"comment_status":"open","ping_status":"closed","template":"","meta":[],"product_brand":[41],"product_cat":[237],"product_tag":[],"class_list":{"0":"post-3106","1":"product","2":"type-product","3":"status-publish","4":"has-post-thumbnail","6":"product_brand-waspe-vape","7":"product_cat-150k-puffs","9":"first","10":"instock","11":"sale","12":"shipping-taxable","13":"purchasable","14":"product-type-variable"},"yoast_head":"<!-- This site is optimized with the Yoast SEO plugin v25.7 - https:\/\/yoast.com\/wordpress\/plugins\/seo\/ -->\n<title>WASPE Aiviou 150K Puffs 6-in-1 Disposable Vape | Wholesale Low Nic<\/title>\n<meta name=\"description\" content=\"WASPE Aiviou 150K features a 6-in-1 flavor system, LED display, triple 1.0\u03a9 mesh coils, 64ml e-liquid, Type-C rechargeable 650mAh battery, and 0\/2\/5% nicotine.\" \/>\n<meta name=\"robots\" content=\"index, follow, max-snippet:-1, max-image-preview:large, max-video-preview:-1\" \/>\n<link rel=\"canonical\" href=\"https:\/\/vapeenjoy.com\/fr\/produit\/waspe-aiviou-150k-puffs-6-en-1-flavors-vapes-jetables-faible-nicotine\/\" \/>\n<meta property=\"og:locale\" content=\"fr_FR\" \/>\n<meta property=\"og:type\" content=\"article\" \/>\n<meta property=\"og:title\" content=\"WASPE Aiviou 150K Puffs 6-in-1 Disposable Vape | Wholesale Low Nic\" \/>\n<meta property=\"og:description\" content=\"WASPE Aiviou 150K features a 6-in-1 flavor system, LED display, triple 1.0\u03a9 mesh coils, 64ml e-liquid, Type-C rechargeable 650mAh battery, and 0\/2\/5% nicotine.\" \/>\n<meta property=\"og:url\" content=\"https:\/\/vapeenjoy.com\/fr\/produit\/waspe-aiviou-150k-puffs-6-en-1-flavors-vapes-jetables-faible-nicotine\/\" \/>\n<meta property=\"og:site_name\" content=\"vapeenjoy\" \/>\n<meta property=\"article:modified_time\" content=\"2026-01-24T09:59:45+00:00\" \/>\n<meta property=\"og:image\" content=\"https:\/\/vapeenjoy.com\/wp-content\/uploads\/2025\/10\/\u5fae\u4fe1\u56fe\u7247_20250927210646_1114_226.avif\" \/>\n\t<meta property=\"og:image:width\" content=\"1280\" \/>\n\t<meta property=\"og:image:height\" content=\"1280\" \/>\n\t<meta property=\"og:image:type\" content=\"image\/jpeg\" \/>\n<meta name=\"twitter:card\" content=\"summary_large_image\" \/>\n<meta name=\"twitter:label1\" content=\"Dur\u00e9e de lecture estim\u00e9e\" \/>\n\t<meta name=\"twitter:data1\" content=\"3 minutes\" \/>\n<script type=\"application\/ld+json\" class=\"yoast-schema-graph\">{\"@context\":\"https:\/\/schema.org\",\"@graph\":[{\"@type\":\"WebPage\",\"@id\":\"https:\/\/vapeenjoy.com\/product\/waspe-aiviou-150k-puffs-6-in-1-flavors-disposable-vapes-low-nicotine\/\",\"url\":\"https:\/\/vapeenjoy.com\/product\/waspe-aiviou-150k-puffs-6-in-1-flavors-disposable-vapes-low-nicotine\/\",\"name\":\"WASPE Aiviou 150K Puffs 6-in-1 Disposable Vape | Wholesale Low Nic\",\"isPartOf\":{\"@id\":\"https:\/\/vapeenjoy.com\/#website\"},\"primaryImageOfPage\":{\"@id\":\"https:\/\/vapeenjoy.com\/product\/waspe-aiviou-150k-puffs-6-in-1-flavors-disposable-vapes-low-nicotine\/#primaryimage\"},\"image\":{\"@id\":\"https:\/\/vapeenjoy.com\/product\/waspe-aiviou-150k-puffs-6-in-1-flavors-disposable-vapes-low-nicotine\/#primaryimage\"},\"thumbnailUrl\":\"https:\/\/vapeenjoy.com\/wp-content\/uploads\/2025\/10\/\u5fae\u4fe1\u56fe\u7247_20250927210646_1114_226.avif\",\"datePublished\":\"2025-10-21T07:32:55+00:00\",\"dateModified\":\"2026-01-24T09:59:45+00:00\",\"description\":\"WASPE Aiviou 150K features a 6-in-1 flavor system, LED display, triple 1.0\u03a9 mesh coils, 64ml e-liquid, Type-C rechargeable 650mAh battery, and 0\/2\/5% nicotine.\",\"breadcrumb\":{\"@id\":\"https:\/\/vapeenjoy.com\/product\/waspe-aiviou-150k-puffs-6-in-1-flavors-disposable-vapes-low-nicotine\/#breadcrumb\"},\"inLanguage\":\"fr-FR\",\"potentialAction\":[{\"@type\":\"ReadAction\",\"target\":[\"https:\/\/vapeenjoy.com\/product\/waspe-aiviou-150k-puffs-6-in-1-flavors-disposable-vapes-low-nicotine\/\"]}]},{\"@type\":\"ImageObject\",\"inLanguage\":\"fr-FR\",\"@id\":\"https:\/\/vapeenjoy.com\/product\/waspe-aiviou-150k-puffs-6-in-1-flavors-disposable-vapes-low-nicotine\/#primaryimage\",\"url\":\"https:\/\/vapeenjoy.com\/wp-content\/uploads\/2025\/10\/\u5fae\u4fe1\u56fe\u7247_20250927210646_1114_226.avif\",\"contentUrl\":\"https:\/\/vapeenjoy.com\/wp-content\/uploads\/2025\/10\/\u5fae\u4fe1\u56fe\u7247_20250927210646_1114_226.avif\",\"width\":1280,\"height\":1280,\"caption\":\"WASPE Aiviou 150K Puffs 6 in 1 Disposable Vape | Long-Lasting Low Nicotine Device\"},{\"@type\":\"BreadcrumbList\",\"@id\":\"https:\/\/vapeenjoy.com\/product\/waspe-aiviou-150k-puffs-6-in-1-flavors-disposable-vapes-low-nicotine\/#breadcrumb\",\"itemListElement\":[{\"@type\":\"ListItem\",\"position\":1,\"name\":\"Home\",\"item\":\"https:\/\/vapeenjoy.com\/\"},{\"@type\":\"ListItem\",\"position\":2,\"name\":\"Shop\",\"item\":\"https:\/\/vapeenjoy.com\/vapeenjoy-shop\/\"},{\"@type\":\"ListItem\",\"position\":3,\"name\":\"WASPE Aiviou 150K 6 in 1 Flavors Low Nicotine Wholesale 150000 Big Puff Disposable Vape\"}]},{\"@type\":\"WebSite\",\"@id\":\"https:\/\/vapeenjoy.com\/#website\",\"url\":\"https:\/\/vapeenjoy.com\/\",\"name\":\"vapeenjoy\",\"description\":\"An online store for selling vapes\",\"potentialAction\":[{\"@type\":\"SearchAction\",\"target\":{\"@type\":\"EntryPoint\",\"urlTemplate\":\"https:\/\/vapeenjoy.com\/?s={search_term_string}\"},\"query-input\":{\"@type\":\"PropertyValueSpecification\",\"valueRequired\":true,\"valueName\":\"search_term_string\"}}],\"inLanguage\":\"fr-FR\"}]}<\/script>\n<!-- \/ Yoast SEO plugin. -->","yoast_head_json":{"title":"Waspe Aiviou 150k Puffs 6-en-1 Vape jetable |","description":"Waspe Aiviou 150K est dot\u00e9 d'un syst\u00e8me de saveurs 6 en 1, d'un \u00e9cran LED, d'un triple 1,0 \u03a9 de maille, d'un e-liquide de 64 ml, d'une batterie rechargeable de type C de 650 mAh et de nicotine 0\/2\/5%.","robots":{"index":"index","follow":"follow","max-snippet":"max-snippet:-1","max-image-preview":"max-image-preview:large","max-video-preview":"max-video-preview:-1"},"canonical":"https:\/\/vapeenjoy.com\/fr\/produit\/waspe-aiviou-150k-puffs-6-en-1-flavors-vapes-jetables-faible-nicotine\/","og_locale":"fr_FR","og_type":"article","og_title":"WASPE Aiviou 150K Puffs 6-in-1 Disposable Vape | Wholesale Low Nic","og_description":"WASPE Aiviou 150K features a 6-in-1 flavor system, LED display, triple 1.0\u03a9 mesh coils, 64ml e-liquid, Type-C rechargeable 650mAh battery, and 0\/2\/5% nicotine.","og_url":"https:\/\/vapeenjoy.com\/fr\/produit\/waspe-aiviou-150k-puffs-6-en-1-flavors-vapes-jetables-faible-nicotine\/","og_site_name":"vapeenjoy","article_modified_time":"2026-01-24T09:59:45+00:00","og_image":[{"width":1280,"height":1280,"url":"https:\/\/vapeenjoy.com\/wp-content\/uploads\/2025\/10\/\u5fae\u4fe1\u56fe\u7247_20250927210646_1114_226.avif","type":"image\/jpeg"}],"twitter_card":"summary_large_image","twitter_misc":{"Dur\u00e9e de lecture estim\u00e9e":"3 minutes"},"schema":{"@context":"https:\/\/schema.org","@graph":[{"@type":"WebPage","@id":"https:\/\/vapeenjoy.com\/product\/waspe-aiviou-150k-puffs-6-in-1-flavors-disposable-vapes-low-nicotine\/","url":"https:\/\/vapeenjoy.com\/product\/waspe-aiviou-150k-puffs-6-in-1-flavors-disposable-vapes-low-nicotine\/","name":"Waspe Aiviou 150k Puffs 6-en-1 Vape jetable |","isPartOf":{"@id":"https:\/\/vapeenjoy.com\/#website"},"primaryImageOfPage":{"@id":"https:\/\/vapeenjoy.com\/product\/waspe-aiviou-150k-puffs-6-in-1-flavors-disposable-vapes-low-nicotine\/#primaryimage"},"image":{"@id":"https:\/\/vapeenjoy.com\/product\/waspe-aiviou-150k-puffs-6-in-1-flavors-disposable-vapes-low-nicotine\/#primaryimage"},"thumbnailUrl":"https:\/\/vapeenjoy.com\/wp-content\/uploads\/2025\/10\/\u5fae\u4fe1\u56fe\u7247_20250927210646_1114_226.avif","datePublished":"2025-10-21T07:32:55+00:00","dateModified":"2026-01-24T09:59:45+00:00","description":"Waspe Aiviou 150K est dot\u00e9 d'un syst\u00e8me de saveurs 6 en 1, d'un \u00e9cran LED, d'un triple 1,0 \u03a9 de maille, d'un e-liquide de 64 ml, d'une batterie rechargeable de type C de 650 mAh et de nicotine 0\/2\/5%.","breadcrumb":{"@id":"https:\/\/vapeenjoy.com\/product\/waspe-aiviou-150k-puffs-6-in-1-flavors-disposable-vapes-low-nicotine\/#breadcrumb"},"inLanguage":"fr-FR","potentialAction":[{"@type":"ReadAction","target":["https:\/\/vapeenjoy.com\/product\/waspe-aiviou-150k-puffs-6-in-1-flavors-disposable-vapes-low-nicotine\/"]}]},{"@type":"ImageObject","inLanguage":"fr-FR","@id":"https:\/\/vapeenjoy.com\/product\/waspe-aiviou-150k-puffs-6-in-1-flavors-disposable-vapes-low-nicotine\/#primaryimage","url":"https:\/\/vapeenjoy.com\/wp-content\/uploads\/2025\/10\/\u5fae\u4fe1\u56fe\u7247_20250927210646_1114_226.avif","contentUrl":"https:\/\/vapeenjoy.com\/wp-content\/uploads\/2025\/10\/\u5fae\u4fe1\u56fe\u7247_20250927210646_1114_226.avif","width":1280,"height":1280,"caption":"WASPE Aiviou 150K Puffs 6 in 1 Disposable Vape | Long-Lasting Low Nicotine Device"},{"@type":"BreadcrumbList","@id":"https:\/\/vapeenjoy.com\/product\/waspe-aiviou-150k-puffs-6-in-1-flavors-disposable-vapes-low-nicotine\/#breadcrumb","itemListElement":[{"@type":"ListItem","position":1,"name":"Home","item":"https:\/\/vapeenjoy.com\/"},{"@type":"ListItem","position":2,"name":"Shop","item":"https:\/\/vapeenjoy.com\/vapeenjoy-shop\/"},{"@type":"ListItem","position":3,"name":"WASPE Aiviou 150K 6 in 1 Flavors Low Nicotine Wholesale 150000 Big Puff Disposable Vape"}]},{"@type":"WebSite","@id":"https:\/\/vapeenjoy.com\/#website","url":"https:\/\/vapeenjoy.com\/","name":"VapeEnjoy","description":"Une boutique en ligne pour la vente de vapoteurs","potentialAction":[{"@type":"SearchAction","target":{"@type":"EntryPoint","urlTemplate":"https:\/\/vapeenjoy.com\/?s={search_term_string}"},"query-input":{"@type":"PropertyValueSpecification","valueRequired":true,"valueName":"search_term_string"}}],"inLanguage":"fr-FR"}]}},"_links":{"self":[{"href":"https:\/\/vapeenjoy.com\/fr\/wp-json\/wp\/v2\/product\/3106","targetHints":{"allow":["GET"]}}],"collection":[{"href":"https:\/\/vapeenjoy.com\/fr\/wp-json\/wp\/v2\/product"}],"about":[{"href":"https:\/\/vapeenjoy.com\/fr\/wp-json\/wp\/v2\/types\/product"}],"replies":[{"embeddable":true,"href":"https:\/\/vapeenjoy.com\/fr\/wp-json\/wp\/v2\/comments?post=3106"}],"version-history":[{"count":3,"href":"https:\/\/vapeenjoy.com\/fr\/wp-json\/wp\/v2\/product\/3106\/revisions"}],"predecessor-version":[{"id":3221,"href":"https:\/\/vapeenjoy.com\/fr\/wp-json\/wp\/v2\/product\/3106\/revisions\/3221"}],"wp:featuredmedia":[{"embeddable":true,"href":"https:\/\/vapeenjoy.com\/fr\/wp-json\/wp\/v2\/media\/3110"}],"wp:attachment":[{"href":"https:\/\/vapeenjoy.com\/fr\/wp-json\/wp\/v2\/media?parent=3106"}],"wp:term":[{"taxonomy":"product_brand","embeddable":true,"href":"https:\/\/vapeenjoy.com\/fr\/wp-json\/wp\/v2\/product_brand?post=3106"},{"taxonomy":"product_cat","embeddable":true,"href":"https:\/\/vapeenjoy.com\/fr\/wp-json\/wp\/v2\/product_cat?post=3106"},{"taxonomy":"product_tag","embeddable":true,"href":"https:\/\/vapeenjoy.com\/fr\/wp-json\/wp\/v2\/product_tag?post=3106"}],"curies":[{"name":"WP","href":"https:\/\/api.w.org\/{rel}","templated":true}]}}