{"id":389,"date":"2025-07-22T06:44:24","date_gmt":"2025-07-22T06:44:24","guid":{"rendered":"https:\/\/vapeenjoy.com\/?post_type=product&#038;p=389"},"modified":"2025-09-11T08:27:23","modified_gmt":"2025-09-11T08:27:23","slug":"waspe-fihp-30000-puffs-disposable-vape-28ml-0-5-nicotine-led-display","status":"publish","type":"product","link":"https:\/\/vapeenjoy.com\/fr\/produit\/waspe-fihp-30000-puffs-vape-jetable-28ml-0-5-affichage-led-a-la-nicotine\/","title":{"rendered":"Waspe FIHP 30000 Puffs Vape jetable 28ml 0-5% Affichage LED \u00e0 la nicotine"},"content":{"rendered":"<h2 dir=\"ltr\" data-pm-slice=\"1 3 []\">Waspe FIHP 30000 bouff\u00e9es jetables Vape Description du produit<\/h2>\n<p dir=\"ltr\">WASPE fournit de mani\u00e8re coh\u00e9rente des solutions innovantes de vapotage avec des performances fiables. Par exemple, le Waspe FiHP 30000 Puffs Jetable Vape offre une exp\u00e9rience exceptionnellement durable et savoureuse. De plus, sa conception compacte, dot\u00e9e d'un ext\u00e9rieur lisse et d'un \u00e9cran LED, assure une surveillance et une portabilit\u00e9 sans effort. Par cons\u00e9quent, cet appareil est id\u00e9al pour un usage quotidien. En savoir plus sur Vape Enjoy.<\/p>\n<h2 dir=\"ltr\">Sp\u00e9cifications jetables de Vape Waspe FIHP 30000<\/h2>\n<ul class=\"tight\" dir=\"ltr\" data-tight=\"true\">\n<li>\n<p dir=\"ltr\"><strong>nombre de bouff\u00e9es<\/strong>: jusqu'\u00e0 30\u00a0000 bouff\u00e9es en mode normal ou 15\u00a0000 en mode impulsion, assurant une utilisation prolong\u00e9e.<\/p>\n<\/li>\n<li>\n<p dir=\"ltr\"><strong>Capacit\u00e9 de e-liquide<\/strong>: 28 ml, offrant un vapotage prolong\u00e9 sans recharges fr\u00e9quentes.<\/p>\n<\/li>\n<li>\n<p dir=\"ltr\"><strong>pile<\/strong>: 850mAh, rechargeable via Type-C, permettant des mises sous tension rapides.<\/p>\n<\/li>\n<li>\n<p dir=\"ltr\"><strong>Forces de la nicotine<\/strong>: 0%, 2% ou 5%, r\u00e9pondant \u00e0 diverses pr\u00e9f\u00e9rences.<\/p>\n<\/li>\n<li>\n<p dir=\"ltr\"><strong>Type de bobine<\/strong>: Double maille (1,0 \u03a9 + 1,0 \u03a9), offrant une saveur et une vapeur constantes.<\/p>\n<\/li>\n<li>\n<p dir=\"ltr\"><strong>circulation d'air<\/strong>: R\u00e9glable avec quatre niveaux, permettant une r\u00e9sistance de tirage personnalis\u00e9e.<\/p>\n<\/li>\n<li>\n<p dir=\"ltr\"><strong>port de charge<\/strong>: Type-C, offrant une charge rapide et efficace.<\/p>\n<\/li>\n<li>\n<p dir=\"ltr\"><strong>exposer<\/strong>: LED, fournissant des mises \u00e0 jour en temps r\u00e9el de la batterie et du nombre de gonflements.<\/p>\n<\/li>\n<li>\n<p dir=\"ltr\"><strong>pesant<\/strong>: 120g, ce qui le rend l\u00e9ger et portable.<\/p>\n<\/li>\n<li>\n<p dir=\"ltr\"><strong>dimensions<\/strong>: 61 x 31 x 115 mm, assurant une maniabilit\u00e9 confortable.<\/p>\n<\/li>\n<\/ul>\n<h2 dir=\"ltr\">16 options de saveur<\/h2>\n<ol class=\"tight\" dir=\"ltr\" data-tight=\"true\">\n<li>\n<p dir=\"ltr\"><strong>mangue de fraises<\/strong>: Combine les fraises sucr\u00e9es et la mangue tropicale pour un go\u00fbt juteux.<\/p>\n<\/li>\n<li>\n<p dir=\"ltr\"><strong>baies m\u00e9lang\u00e9es<\/strong>: M\u00e9lange de baies sucr\u00e9es et acidul\u00e9es pour une saveur vibrante.<\/p>\n<\/li>\n<li>\n<p dir=\"ltr\"><strong>Glace de past\u00e8que<\/strong>: associe la past\u00e8que juteuse \u00e0 une finition menthol froide.<\/p>\n<\/li>\n<li>\n<p dir=\"ltr\"><strong>past\u00e8que aux fraises<\/strong>: Fusionne les fraises sucr\u00e9es avec la past\u00e8que juteuse.<\/p>\n<\/li>\n<li>\n<p dir=\"ltr\"><strong>Taureau rouge aux fraises<\/strong>: Infuse la fraise avec un zing inspir\u00e9 d'une boisson \u00e9nergisante.<\/p>\n<\/li>\n<li>\n<p dir=\"ltr\"><strong>Goyave aux fruits de la passion Kiwi<\/strong>: M\u00e9lange de kiwis acidul\u00e9s, de fruits de la passion et de goyave.<\/p>\n<\/li>\n<li>\n<p dir=\"ltr\"><strong>sorbet<\/strong>: allie raisin doux \u00e0 une touche menthol\u00e9e rafra\u00eechissante.<\/p>\n<\/li>\n<li>\n<p dir=\"ltr\"><strong>Double glace pomme<\/strong>: Comprend des pommes croquantes avec un coup de pied menthol froid.<\/p>\n<\/li>\n<li>\n<p dir=\"ltr\"><strong>Framboise de myrtilles<\/strong>: M\u00e9lange de myrtilles juteuses avec des framboises acidul\u00e9es.<\/p>\n<\/li>\n<li>\n<p dir=\"ltr\"><strong>P\u00eache \u00e0 la mangue de la past\u00e8que<\/strong>: Fusionne la past\u00e8que, la mangue et la p\u00eache pour un go\u00fbt sucr\u00e9.<\/p>\n<\/li>\n<li>\n<p dir=\"ltr\"><strong>Glace aux myrtilles<\/strong>: Offre des myrtilles douces avec une finition givr\u00e9e.<\/p>\n<\/li>\n<li>\n<p dir=\"ltr\"><strong>baie de p\u00eache<\/strong>: Combine les p\u00eaches m\u00fbres avec des baies assorties.<\/p>\n<\/li>\n<li>\n<p dir=\"ltr\"><strong>kiwi aux fraises<\/strong>: associe des fraises sucr\u00e9es \u00e0 un kiwi acidul\u00e9.<\/p>\n<\/li>\n<li>\n<p dir=\"ltr\"><strong>glace de cerisier<\/strong>: Livrant des cerises audacieuses avec un effet menthol net.<\/p>\n<\/li>\n<li>\n<p dir=\"ltr\"><strong>Cerise de framboise aux fraises<\/strong>: M\u00e9lange de fraises, de framboises et de cerises.<\/p>\n<\/li>\n<li>\n<p dir=\"ltr\"><strong>Bubblegum past\u00e8que<\/strong>: Fournit une saveur de chewing-gum de past\u00e8que nostalgique.<\/p>\n<\/li>\n<\/ol>\n<h2 dir=\"ltr\">Questions fr\u00e9quentes (FAQ)<\/h2>\n<ol class=\"tight\" dir=\"ltr\" data-tight=\"true\">\n<li>\n<p dir=\"ltr\"><strong>Qu'est-ce qui rend le Waspe FIHP unique ?<\/strong><br \/>\nSon nombre \u00e9lev\u00e9 de bouff\u00e9es, ses doubles bobines de maille, son flux d'air r\u00e9glable et son affichage LED offrent une exp\u00e9rience hautement personnalisable.<\/p>\n<\/li>\n<li>\n<p dir=\"ltr\"><strong>Est-ce rechargeable ?<\/strong><br \/>\nEn effet, la batterie de 850 mAh prend en charge une charge rapide de type C pour plus de commodit\u00e9.<\/p>\n<\/li>\n<li>\n<p dir=\"ltr\"><strong>Des options sans nicotine sont-elles disponibles ?<\/strong><br \/>\nAbsolument, vous pouvez choisir entre les forces de 0%, 2% ou 5%.<\/p>\n<\/li>\n<li>\n<p dir=\"ltr\"><strong>Comment s\u00e9lectionner une saveur ?<\/strong><br \/>\nPar exemple, essayez la goyave \u00e0 la mangue et aux kiwis de la passion pour les profils fruit\u00e9s. Alternativement, la glace de past\u00e8que offre un coup de pied rafra\u00eechissant, tandis que Strawberry Red Bull offre une touche audacieuse.<\/p>\n<\/li>\n<li>\n<p dir=\"ltr\"><strong>Comment fonctionne le flux d'air r\u00e9glable ?<\/strong><br \/>\nAjustez simplement entre quatre niveaux pour obtenir une inspiration plus serr\u00e9e ou plus l\u00e2che.<\/p>\n<\/li>\n<li>\n<p dir=\"ltr\"><strong>Que sont les bobines double maillage ?<\/strong><br \/>\nCes bobines assurent un chauffage uniforme, am\u00e9liorant ainsi la consistance des saveurs.<\/p>\n<\/li>\n<li>\n<p dir=\"ltr\"><strong>Combien de temps dure la batterie ?<\/strong><br \/>\nLa batterie de 850 mAh prend en charge une utilisation prolong\u00e9e et, en outre, la charge de type C assure des recharges rapides. En savoir plus sur Vape Enjoy.<\/p>\n<\/li>\n<\/ol>\n<p><img fetchpriority=\"high\" decoding=\"async\" class=\"alignnone wp-image-392 size-full\" src=\"https:\/\/vapeenjoy.com\/wp-content\/uploads\/2025\/07\/flavor_list.jpg\" alt=\"Waspe FIHP 30000 Puffs Jetables Vape\" width=\"2200\" height=\"1224\" srcset=\"https:\/\/vapeenjoy.com\/wp-content\/uploads\/2025\/07\/flavor_list.jpg 2200w, https:\/\/vapeenjoy.com\/wp-content\/uploads\/2025\/07\/flavor_list-150x83.jpg 150w, https:\/\/vapeenjoy.com\/wp-content\/uploads\/2025\/07\/flavor_list-1200x668.jpg 1200w, https:\/\/vapeenjoy.com\/wp-content\/uploads\/2025\/07\/flavor_list-300x167.jpg 300w, https:\/\/vapeenjoy.com\/wp-content\/uploads\/2025\/07\/flavor_list-1024x570.jpg 1024w, https:\/\/vapeenjoy.com\/wp-content\/uploads\/2025\/07\/flavor_list-768x427.jpg 768w, https:\/\/vapeenjoy.com\/wp-content\/uploads\/2025\/07\/flavor_list-1536x855.jpg 1536w, https:\/\/vapeenjoy.com\/wp-content\/uploads\/2025\/07\/flavor_list-2048x1139.jpg 2048w\" sizes=\"(max-width: 2200px) 100vw, 2200px\" \/><\/p>","protected":false},"excerpt":{"rendered":"<p>WASPE propose des solutions innovantes de vapotage avec qualit\u00e9 et commodit\u00e9. Le Vape jetable Waspe FIHP 30000 Puffs offre jusqu'\u00e0 30 000 bouff\u00e9es, une capacit\u00e9 de 28 ml de liquide et une batterie rechargeable de 850 mAh. Avec deux bobines de maille, un flux d'air r\u00e9glable et 16 saveurs vibrantes, il garantit une exp\u00e9rience de vapotage durable et personnalisable.<\/p>","protected":false},"featured_media":393,"comment_status":"open","ping_status":"closed","template":"","meta":[],"product_brand":[41],"product_cat":[31],"product_tag":[64,68],"class_list":{"0":"post-389","1":"product","2":"type-product","3":"status-publish","4":"has-post-thumbnail","6":"product_brand-waspe-vape","7":"product_cat-30000-puffs-vape","8":"product_tag-0-5-nicotine","9":"product_tag-28ml","11":"first","12":"outofstock","13":"sale","14":"shipping-taxable","15":"purchasable","16":"product-type-variable"},"yoast_head":"<!-- This site is optimized with the Yoast SEO plugin v25.7 - https:\/\/yoast.com\/wordpress\/plugins\/seo\/ -->\n<title>WASPE FIHP 30000 Puffs Disposable Vape 28ml 0-5% Nicotine<\/title>\n<meta name=\"description\" content=\"WASPE FIHP 30000 Puffs Disposable Vape: 28ml e-liquid, 0-5% nicotine, dual mesh coils, LED display. Long-lasting, flavorful vaping. Shop now!\" \/>\n<meta name=\"robots\" content=\"index, follow, max-snippet:-1, max-image-preview:large, max-video-preview:-1\" \/>\n<link rel=\"canonical\" href=\"https:\/\/vapeenjoy.com\/fr\/produit\/waspe-fihp-30000-puffs-vape-jetable-28ml-0-5-affichage-led-a-la-nicotine\/\" \/>\n<meta property=\"og:locale\" content=\"fr_FR\" \/>\n<meta property=\"og:type\" content=\"article\" \/>\n<meta property=\"og:title\" content=\"WASPE FIHP 30000 Puffs Disposable Vape 28ml 0-5% Nicotine\" \/>\n<meta property=\"og:description\" content=\"WASPE FIHP 30000 Puffs Disposable Vape: 28ml e-liquid, 0-5% nicotine, dual mesh coils, LED display. Long-lasting, flavorful vaping. Shop now!\" \/>\n<meta property=\"og:url\" content=\"https:\/\/vapeenjoy.com\/fr\/produit\/waspe-fihp-30000-puffs-vape-jetable-28ml-0-5-affichage-led-a-la-nicotine\/\" \/>\n<meta property=\"og:site_name\" content=\"vapeenjoy\" \/>\n<meta property=\"article:modified_time\" content=\"2025-09-11T08:27:23+00:00\" \/>\n<meta property=\"og:image\" content=\"https:\/\/vapeenjoy.com\/wp-content\/uploads\/2025\/07\/\u573a\u666f\u56fe04.jpg\" \/>\n\t<meta property=\"og:image:width\" content=\"1120\" \/>\n\t<meta property=\"og:image:height\" content=\"1120\" \/>\n\t<meta property=\"og:image:type\" content=\"image\/jpeg\" \/>\n<meta name=\"twitter:card\" content=\"summary_large_image\" \/>\n<meta name=\"twitter:label1\" content=\"Dur\u00e9e de lecture estim\u00e9e\" \/>\n\t<meta name=\"twitter:data1\" content=\"3 minutes\" \/>\n<script type=\"application\/ld+json\" class=\"yoast-schema-graph\">{\"@context\":\"https:\/\/schema.org\",\"@graph\":[{\"@type\":\"WebPage\",\"@id\":\"https:\/\/vapeenjoy.com\/product\/waspe-fihp-30000-puffs-disposable-vape-28ml-0-5-nicotine-led-display\/\",\"url\":\"https:\/\/vapeenjoy.com\/product\/waspe-fihp-30000-puffs-disposable-vape-28ml-0-5-nicotine-led-display\/\",\"name\":\"WASPE FIHP 30000 Puffs Disposable Vape 28ml 0-5% Nicotine\",\"isPartOf\":{\"@id\":\"https:\/\/vapeenjoy.com\/#website\"},\"primaryImageOfPage\":{\"@id\":\"https:\/\/vapeenjoy.com\/product\/waspe-fihp-30000-puffs-disposable-vape-28ml-0-5-nicotine-led-display\/#primaryimage\"},\"image\":{\"@id\":\"https:\/\/vapeenjoy.com\/product\/waspe-fihp-30000-puffs-disposable-vape-28ml-0-5-nicotine-led-display\/#primaryimage\"},\"thumbnailUrl\":\"https:\/\/vapeenjoy.com\/wp-content\/uploads\/2025\/07\/\u573a\u666f\u56fe04.jpg\",\"datePublished\":\"2025-07-22T06:44:24+00:00\",\"dateModified\":\"2025-09-11T08:27:23+00:00\",\"description\":\"WASPE FIHP 30000 Puffs Disposable Vape: 28ml e-liquid, 0-5% nicotine, dual mesh coils, LED display. Long-lasting, flavorful vaping. Shop now!\",\"breadcrumb\":{\"@id\":\"https:\/\/vapeenjoy.com\/product\/waspe-fihp-30000-puffs-disposable-vape-28ml-0-5-nicotine-led-display\/#breadcrumb\"},\"inLanguage\":\"fr-FR\",\"potentialAction\":[{\"@type\":\"ReadAction\",\"target\":[\"https:\/\/vapeenjoy.com\/product\/waspe-fihp-30000-puffs-disposable-vape-28ml-0-5-nicotine-led-display\/\"]}]},{\"@type\":\"ImageObject\",\"inLanguage\":\"fr-FR\",\"@id\":\"https:\/\/vapeenjoy.com\/product\/waspe-fihp-30000-puffs-disposable-vape-28ml-0-5-nicotine-led-display\/#primaryimage\",\"url\":\"https:\/\/vapeenjoy.com\/wp-content\/uploads\/2025\/07\/\u573a\u666f\u56fe04.jpg\",\"contentUrl\":\"https:\/\/vapeenjoy.com\/wp-content\/uploads\/2025\/07\/\u573a\u666f\u56fe04.jpg\",\"width\":1120,\"height\":1120},{\"@type\":\"BreadcrumbList\",\"@id\":\"https:\/\/vapeenjoy.com\/product\/waspe-fihp-30000-puffs-disposable-vape-28ml-0-5-nicotine-led-display\/#breadcrumb\",\"itemListElement\":[{\"@type\":\"ListItem\",\"position\":1,\"name\":\"Home\",\"item\":\"https:\/\/vapeenjoy.com\/\"},{\"@type\":\"ListItem\",\"position\":2,\"name\":\"Shop\",\"item\":\"https:\/\/vapeenjoy.com\/vapeenjoy-shop\/\"},{\"@type\":\"ListItem\",\"position\":3,\"name\":\"WASPE FIHP 30000 Puffs Disposable Vape 28ml 0-5% Nicotine LED Display\"}]},{\"@type\":\"WebSite\",\"@id\":\"https:\/\/vapeenjoy.com\/#website\",\"url\":\"https:\/\/vapeenjoy.com\/\",\"name\":\"vapeenjoy\",\"description\":\"An online store for selling vapes\",\"potentialAction\":[{\"@type\":\"SearchAction\",\"target\":{\"@type\":\"EntryPoint\",\"urlTemplate\":\"https:\/\/vapeenjoy.com\/?s={search_term_string}\"},\"query-input\":{\"@type\":\"PropertyValueSpecification\",\"valueRequired\":true,\"valueName\":\"search_term_string\"}}],\"inLanguage\":\"fr-FR\"}]}<\/script>\n<!-- \/ Yoast SEO plugin. -->","yoast_head_json":{"title":"Waspe FIHP 30000 Puffs Vape jetable 28ml 0-5%","description":"Waspe FIHP 30000 bouff\u00e9es jetables Vape : 28 ml E-liquide, 0-5%, bobines double maille, affichage LED. Vaping durable et savoureux. Achetez maintenant\u00a0!","robots":{"index":"index","follow":"follow","max-snippet":"max-snippet:-1","max-image-preview":"max-image-preview:large","max-video-preview":"max-video-preview:-1"},"canonical":"https:\/\/vapeenjoy.com\/fr\/produit\/waspe-fihp-30000-puffs-vape-jetable-28ml-0-5-affichage-led-a-la-nicotine\/","og_locale":"fr_FR","og_type":"article","og_title":"WASPE FIHP 30000 Puffs Disposable Vape 28ml 0-5% Nicotine","og_description":"WASPE FIHP 30000 Puffs Disposable Vape: 28ml e-liquid, 0-5% nicotine, dual mesh coils, LED display. Long-lasting, flavorful vaping. Shop now!","og_url":"https:\/\/vapeenjoy.com\/fr\/produit\/waspe-fihp-30000-puffs-vape-jetable-28ml-0-5-affichage-led-a-la-nicotine\/","og_site_name":"vapeenjoy","article_modified_time":"2025-09-11T08:27:23+00:00","og_image":[{"width":1120,"height":1120,"url":"https:\/\/vapeenjoy.com\/wp-content\/uploads\/2025\/07\/\u573a\u666f\u56fe04.jpg","type":"image\/jpeg"}],"twitter_card":"summary_large_image","twitter_misc":{"Dur\u00e9e de lecture estim\u00e9e":"3 minutes"},"schema":{"@context":"https:\/\/schema.org","@graph":[{"@type":"WebPage","@id":"https:\/\/vapeenjoy.com\/product\/waspe-fihp-30000-puffs-disposable-vape-28ml-0-5-nicotine-led-display\/","url":"https:\/\/vapeenjoy.com\/product\/waspe-fihp-30000-puffs-disposable-vape-28ml-0-5-nicotine-led-display\/","name":"Waspe FIHP 30000 Puffs Vape jetable 28ml 0-5%","isPartOf":{"@id":"https:\/\/vapeenjoy.com\/#website"},"primaryImageOfPage":{"@id":"https:\/\/vapeenjoy.com\/product\/waspe-fihp-30000-puffs-disposable-vape-28ml-0-5-nicotine-led-display\/#primaryimage"},"image":{"@id":"https:\/\/vapeenjoy.com\/product\/waspe-fihp-30000-puffs-disposable-vape-28ml-0-5-nicotine-led-display\/#primaryimage"},"thumbnailUrl":"https:\/\/vapeenjoy.com\/wp-content\/uploads\/2025\/07\/\u573a\u666f\u56fe04.jpg","datePublished":"2025-07-22T06:44:24+00:00","dateModified":"2025-09-11T08:27:23+00:00","description":"Waspe FIHP 30000 bouff\u00e9es jetables Vape : 28 ml E-liquide, 0-5%, bobines double maille, affichage LED. Vaping durable et savoureux. Achetez maintenant\u00a0!","breadcrumb":{"@id":"https:\/\/vapeenjoy.com\/product\/waspe-fihp-30000-puffs-disposable-vape-28ml-0-5-nicotine-led-display\/#breadcrumb"},"inLanguage":"fr-FR","potentialAction":[{"@type":"ReadAction","target":["https:\/\/vapeenjoy.com\/product\/waspe-fihp-30000-puffs-disposable-vape-28ml-0-5-nicotine-led-display\/"]}]},{"@type":"ImageObject","inLanguage":"fr-FR","@id":"https:\/\/vapeenjoy.com\/product\/waspe-fihp-30000-puffs-disposable-vape-28ml-0-5-nicotine-led-display\/#primaryimage","url":"https:\/\/vapeenjoy.com\/wp-content\/uploads\/2025\/07\/\u573a\u666f\u56fe04.jpg","contentUrl":"https:\/\/vapeenjoy.com\/wp-content\/uploads\/2025\/07\/\u573a\u666f\u56fe04.jpg","width":1120,"height":1120},{"@type":"BreadcrumbList","@id":"https:\/\/vapeenjoy.com\/product\/waspe-fihp-30000-puffs-disposable-vape-28ml-0-5-nicotine-led-display\/#breadcrumb","itemListElement":[{"@type":"ListItem","position":1,"name":"Home","item":"https:\/\/vapeenjoy.com\/"},{"@type":"ListItem","position":2,"name":"Shop","item":"https:\/\/vapeenjoy.com\/vapeenjoy-shop\/"},{"@type":"ListItem","position":3,"name":"WASPE FIHP 30000 Puffs Disposable Vape 28ml 0-5% Nicotine LED Display"}]},{"@type":"WebSite","@id":"https:\/\/vapeenjoy.com\/#website","url":"https:\/\/vapeenjoy.com\/","name":"VapeEnjoy","description":"Une boutique en ligne pour la vente de vapoteurs","potentialAction":[{"@type":"SearchAction","target":{"@type":"EntryPoint","urlTemplate":"https:\/\/vapeenjoy.com\/?s={search_term_string}"},"query-input":{"@type":"PropertyValueSpecification","valueRequired":true,"valueName":"search_term_string"}}],"inLanguage":"fr-FR"}]}},"_links":{"self":[{"href":"https:\/\/vapeenjoy.com\/fr\/wp-json\/wp\/v2\/product\/389","targetHints":{"allow":["GET"]}}],"collection":[{"href":"https:\/\/vapeenjoy.com\/fr\/wp-json\/wp\/v2\/product"}],"about":[{"href":"https:\/\/vapeenjoy.com\/fr\/wp-json\/wp\/v2\/types\/product"}],"replies":[{"embeddable":true,"href":"https:\/\/vapeenjoy.com\/fr\/wp-json\/wp\/v2\/comments?post=389"}],"version-history":[{"count":3,"href":"https:\/\/vapeenjoy.com\/fr\/wp-json\/wp\/v2\/product\/389\/revisions"}],"predecessor-version":[{"id":2358,"href":"https:\/\/vapeenjoy.com\/fr\/wp-json\/wp\/v2\/product\/389\/revisions\/2358"}],"wp:featuredmedia":[{"embeddable":true,"href":"https:\/\/vapeenjoy.com\/fr\/wp-json\/wp\/v2\/media\/393"}],"wp:attachment":[{"href":"https:\/\/vapeenjoy.com\/fr\/wp-json\/wp\/v2\/media?parent=389"}],"wp:term":[{"taxonomy":"product_brand","embeddable":true,"href":"https:\/\/vapeenjoy.com\/fr\/wp-json\/wp\/v2\/product_brand?post=389"},{"taxonomy":"product_cat","embeddable":true,"href":"https:\/\/vapeenjoy.com\/fr\/wp-json\/wp\/v2\/product_cat?post=389"},{"taxonomy":"product_tag","embeddable":true,"href":"https:\/\/vapeenjoy.com\/fr\/wp-json\/wp\/v2\/product_tag?post=389"}],"curies":[{"name":"WP","href":"https:\/\/api.w.org\/{rel}","templated":true}]}}