{"id":484,"date":"2025-07-23T06:44:09","date_gmt":"2025-07-23T06:44:09","guid":{"rendered":"https:\/\/vapeenjoy.com\/?post_type=product&#038;p=484"},"modified":"2025-08-18T09:45:52","modified_gmt":"2025-08-18T09:45:52","slug":"zooy-firzen-35000-puffs-adjustable-nicotine-and-ice-disposable-vape","status":"publish","type":"product","link":"https:\/\/vapeenjoy.com\/fr\/produit\/zooy-firzen-35000-bouffees-de-nicotine-et-de-glace-jetables\/","title":{"rendered":"Zooy Firzen 35000 bouff\u00e9es de nicotine et de glace jetables r\u00e9glables 30 ml"},"content":{"rendered":"<h2 dir=\"ltr\" data-pm-slice=\"1 3 []\">Zooy Firzen 35000 bouff\u00e9es jetables Vape Description du produit<\/h2>\n<p dir=\"ltr\">Zooy, un nom de confiance dans le vapotage jetable, fournit constamment des appareils fiables et savoureux. <strong>par exemple<\/strong>, le Zooy Firzen 35000 bouff\u00e9es de nicotine et de glace jetables r\u00e9glables, fabriqu\u00e9 avec qualit\u00e9 et innovation, offre un nombre impressionnant de bouff\u00e9es. <strong>par ailleurs<\/strong>, ses fonctionnalit\u00e9s personnalisables garantissent une session de vapotage sur mesure. <strong>en plus<\/strong>, le design \u00e9l\u00e9gant et rectangulaire avec une prise en main douce et arrondie am\u00e9liore le confort et la portabilit\u00e9. <strong>de plus<\/strong>, une lumi\u00e8re vibrante LGB en trois couleurs ajoute une touche visuelle dynamique, <strong>tandis que<\/strong> Un logo minimaliste pr\u00e8s de l'interface et le nom du mod\u00e8le sur le c\u00f4t\u00e9 maintiennent une esth\u00e9tique \u00e9pur\u00e9e et moderne.<\/p>\n<h2 dir=\"ltr\">Sp\u00e9cifications de la vape jetable de Zooy Firzen 35000<\/h2>\n<ul class=\"tight\" dir=\"ltr\" data-tight=\"true\">\n<li>\n<p dir=\"ltr\"><strong>nombre de bouff\u00e9es<\/strong>: jusqu'\u00e0 35\u00a0000 bouff\u00e9es \u2013 <strong>par cons\u00e9quent<\/strong>, il fournit une utilisation durable, r\u00e9duisant les remplacements fr\u00e9quents.<\/p>\n<\/li>\n<li>\n<p dir=\"ltr\"><strong>Capacit\u00e9 de e-liquide<\/strong>: 30 ml \u2013 pr\u00e9-remplis avec un grand e-liquide, <strong>ainsi<\/strong> Soutenir les sessions de vapotage prolong\u00e9es.<\/p>\n<\/li>\n<li>\n<p dir=\"ltr\"><strong>force de nicotine<\/strong>: 0%, 2%, 5% \u2013 Options r\u00e9glables, <strong>qui<\/strong> Convient \u00e0 des pr\u00e9f\u00e9rences vari\u00e9es, des coups l\u00e9gers aux coups forts.<\/p>\n<\/li>\n<li>\n<p dir=\"ltr\"><strong>Capacit\u00e9 de la batterie<\/strong>: 650mAh rechargeable \u2013 <strong>par la suite<\/strong>, il prend en charge une utilisation prolong\u00e9e avec une recharge rapide.<\/p>\n<\/li>\n<li>\n<p dir=\"ltr\"><strong>Type de charge<\/strong>: Type-C \u2013 <strong>par cons\u00e9quent<\/strong>, il permet une charge rapide et pratique avec un port moderne.<\/p>\n<\/li>\n<li>\n<p dir=\"ltr\"><strong>Type de bobine<\/strong>: 1,0+1,0 Bobine double maille \u2013 <strong>Cela signifie<\/strong> Il offre une saveur constante et une production de vapeur lisse.<\/p>\n<\/li>\n<li>\n<p dir=\"ltr\"><strong>Contr\u00f4le de la nicotine et de la glace<\/strong>: Trois niveaux r\u00e9glables \u2013 <strong>autrement dit<\/strong>, les utilisateurs peuvent personnaliser la force de la nicotine et la sensation de refroidissement.<\/p>\n<\/li>\n<li>\n<p dir=\"ltr\"><strong>circulation d'air<\/strong>: R\u00e9glable \u2013 <strong>de D'o\u00f9<\/strong>, il permet de peaufiner le tirage au sort pour une sensation de vapotage personnalis\u00e9e.<\/p>\n<\/li>\n<li>\n<p dir=\"ltr\"><strong>mise en marche<\/strong>: activ\u00e9e par le dessin \u2013 <strong>Autrement dit<\/strong>, il utilise un m\u00e9canisme d'inhalation \u00e0 vape, aucun bouton n'est n\u00e9cessaire.<\/p>\n<\/li>\n<li>\n<p dir=\"ltr\"><strong>exposer<\/strong>: Indicateur LED \u2013 <strong>sp\u00e9cifiquement<\/strong>, il montre les param\u00e8tres de nicotine et de glace avec des lumi\u00e8res rouges (faibles), vertes (moyennes) et bleues (hauts).<\/p>\n<\/li>\n<\/ul>\n<h2 dir=\"ltr\">10 options de saveur<\/h2>\n<ol class=\"tight\" dir=\"ltr\" data-tight=\"true\">\n<li>\n<p dir=\"ltr\"><strong>Glace de past\u00e8que<\/strong>: une rafra\u00eechissante rafra\u00eechissante de past\u00e8que juteuse, <strong>coupl\u00e9 \u00e0<\/strong> Une finition fra\u00eeche et glac\u00e9e.<\/p>\n<\/li>\n<li>\n<p dir=\"ltr\"><strong>raisin d'alo\u00e8s<\/strong>: Alo\u00e8s lisse m\u00e9lang\u00e9 avec un raisin doux et acidul\u00e9, <strong>qui cr\u00e9e<\/strong> Une touche unique.<\/p>\n<\/li>\n<li>\n<p dir=\"ltr\"><strong>Banane fraise<\/strong>: banane cr\u00e9meuse accompagn\u00e9e de fraises m\u00fbres, <strong>r\u00e9sultant en<\/strong> Un m\u00e9lange doux et fruit\u00e9.<\/p>\n<\/li>\n<li>\n<p dir=\"ltr\"><strong>Kiwi aux fraises et framboise<\/strong>: Un trio vibrant de framboise acidul\u00e9e, de fraise douce et de kiwi tropical, <strong>Ainsi, l'offre<\/strong> Une saveur dynamique.<\/p>\n<\/li>\n<li>\n<p dir=\"ltr\"><strong>Limonade aux bleuets et framboises<\/strong>: limonade piquante infus\u00e9e de myrtille douce et de framboise acidul\u00e9e, <strong>faire<\/strong> Un choix rafra\u00eechissant.<\/p>\n<\/li>\n<li>\n<p dir=\"ltr\"><strong>Noix de coco<\/strong>: L'ananas tropical rencontre de la noix de coco cr\u00e9meuse, <strong>par cons\u00e9quent<\/strong> Livrant un m\u00e9lange inspir\u00e9 de la plage.<\/p>\n<\/li>\n<li>\n<p dir=\"ltr\"><strong>menthol<\/strong>: menthol croustillant et frais, <strong>qui fournit<\/strong> Une sensation propre et rafra\u00eechissante.<\/p>\n<\/li>\n<li>\n<p dir=\"ltr\"><strong>past\u00e8que aux fraises<\/strong>: past\u00e8que juteuse combin\u00e9e \u00e0 la fraise sucr\u00e9e, <strong>de D'o\u00f9<\/strong> Cr\u00e9er une saveur de fruit \u00e9quilibr\u00e9e.<\/p>\n<\/li>\n<li>\n<p dir=\"ltr\"><strong>baies m\u00e9lang\u00e9es<\/strong>: un m\u00e9lange de baies m\u00fbres, <strong>offrande<\/strong> Un go\u00fbt audacieux, sucr\u00e9 et l\u00e9g\u00e8rement acidul\u00e9.<\/p>\n<\/li>\n<li>\n<p dir=\"ltr\"><strong>Canneberge de m\u00fbre<\/strong>: m\u00fbre riche avec canneberge acidul\u00e9e, <strong>r\u00e9sultant en<\/strong> Un profil profond et fruit\u00e9.<\/p>\n<\/li>\n<\/ol>\n<h2 dir=\"ltr\">Questions fr\u00e9quentes<\/h2>\n<ol dir=\"ltr\">\n<li>\n<p dir=\"ltr\"><strong>Comment ajuster les niveaux de nicotine et de glace sur le Zooy Firzen 35000 ?<\/strong><br \/>\nDouble-cliquez sur l'appareil pour faire d\u00e9filer les param\u00e8tres bas (feu rouge), moyen (feu vert) et aigu (lumi\u00e8re bleue), <strong>par cons\u00e9quent<\/strong> Ajustement \u00e0 la fois de la nicotine et de l'intensit\u00e9 de refroidissement.<\/p>\n<\/li>\n<li>\n<p dir=\"ltr\"><strong>Quel est l'avantage de la bobine double maille dans cette vape\u00a0?<\/strong><br \/>\nLa bobine double maille assure un chauffage uniforme, <strong>ce qui aboutit \u00e0<\/strong> Saveur plus riche et vapeur plus douce \u00e0 chaque bouff\u00e9e.<\/p>\n<\/li>\n<li>\n<p dir=\"ltr\"><strong>Combien de temps dure la batterie avant de n\u00e9cessiter une recharge ?<\/strong><br \/>\nLa batterie de 650 mAh prend en charge une utilisation prolong\u00e9e, <strong>typiquement<\/strong> Dur\u00e9e plusieurs jours selon la fr\u00e9quence de vapotage, <strong>et<\/strong> La recharge rapide de type C le maintient pr\u00eat.<\/p>\n<\/li>\n<li>\n<p dir=\"ltr\"><strong>Comment puis-je choisir la bonne saveur pour moi ?<\/strong><br \/>\n<strong>premier<\/strong>, consid\u00e9rez vos pr\u00e9f\u00e9rences gustatives : <strong>par exemple<\/strong>, choisissez des options fruit\u00e9es comme la glace de past\u00e8que ou la banane \u00e0 la fraise pour les profils sucr\u00e9s, le menthol pour une sensation de fra\u00eecheur ou la baie m\u00e9lang\u00e9e pour un go\u00fbt audacieux et vari\u00e9. <strong>\u00e0 ce moment-<\/strong>, testez diff\u00e9rentes saveurs pour trouver votre favori.<\/p>\n<\/li>\n<li>\n<p dir=\"ltr\"><strong>Le Zooy Firzen 35000 convient-il au vapotage bouche-\u00e0-poumon ?<\/strong><br \/>\n<strong>en effet<\/strong>, son design et son flux d'air r\u00e9glable en font un style id\u00e9al pour un style traditionnel de vapotage bouche \u00e0 poumon.<\/p>\n<\/li>\n<li>\n<p dir=\"ltr\"><strong>Comment savoir quand recharger l'appareil ?<\/strong><br \/>\nLe voyant LED signale une batterie faible, <strong>et<\/strong> Le port de type C permet une recharge rapide, <strong>ainsi<\/strong> Vous garder vapoter.<\/p>\n<\/li>\n<li>\n<p dir=\"ltr\"><strong>Puis-je ajuster le d\u00e9bit d'air pour un tirage plus serr\u00e9 ou plus l\u00e2che\u00a0?<\/strong><br \/>\n<strong>absolument<\/strong>, le flux d'air r\u00e9glable vous permet de personnaliser le tirage, <strong>que<\/strong> Vous pr\u00e9f\u00e9rez une r\u00e9sistance serr\u00e9e ou a\u00e9r\u00e9e.<\/p>\n<\/li>\n<\/ol>\n<p>&nbsp;<\/p>\n<p><img fetchpriority=\"high\" decoding=\"async\" class=\"alignnone wp-image-487 size-full\" src=\"https:\/\/vapeenjoy.com\/wp-content\/uploads\/2025\/07\/11-1.jpg\" alt=\"Zooy Firzen 35000 bouff\u00e9es de nicotine et de glace jetables\" width=\"800\" height=\"800\" srcset=\"https:\/\/vapeenjoy.com\/wp-content\/uploads\/2025\/07\/11-1.jpg 800w, https:\/\/vapeenjoy.com\/wp-content\/uploads\/2025\/07\/11-1-300x300.jpg 300w, https:\/\/vapeenjoy.com\/wp-content\/uploads\/2025\/07\/11-1-600x600.jpg 600w, https:\/\/vapeenjoy.com\/wp-content\/uploads\/2025\/07\/11-1-150x150.jpg 150w, https:\/\/vapeenjoy.com\/wp-content\/uploads\/2025\/07\/11-1-768x768.jpg 768w\" sizes=\"(max-width: 800px) 100vw, 800px\" \/><\/p>","protected":false},"excerpt":{"rendered":"<p>Zooy, un nom de confiance dans Vaping, pr\u00e9sente le Vape jetable Firzen 35000 Puffs. Cet appareil \u00e9l\u00e9gant offre jusqu'\u00e0 35\u00a0000 bouff\u00e9es, 30\u00a0ml de e-liquide, r\u00e9glable 0%, 2%,5% et une batterie rechargeable de 650\u00a0mAh. Avec des bobines \u00e0 double maille, un flux d'air personnalisable et un contr\u00f4le de la nicotine et de la glace \u00e0 trois niveaux, il offre une exp\u00e9rience de vapotage sur mesure avec des saveurs vibrantes.<\/p>","protected":false},"featured_media":493,"comment_status":"open","ping_status":"closed","template":"","meta":[],"product_brand":[46],"product_cat":[47],"product_tag":[70,78],"class_list":{"0":"post-484","1":"product","2":"type-product","3":"status-publish","4":"has-post-thumbnail","6":"product_brand-zooy-vape","7":"product_cat-35000-puffs-vape","8":"product_tag-30ml","9":"product_tag-adjustable-nicotine-and-ice","11":"first","12":"instock","13":"sale","14":"shipping-taxable","15":"purchasable","16":"product-type-variable"},"yoast_head":"<!-- This site is optimized with the Yoast SEO plugin v25.7 - https:\/\/yoast.com\/wordpress\/plugins\/seo\/ -->\n<title>ZOOY FIRZEN 35K Puffs Adjustable Nicotine Disposable Vape<\/title>\n<meta name=\"description\" content=\"ZOOY FIRZEN 35000 Puffs Disposable Vape with adjustable nicotine and 30ml e-liquid. Long-lasting, icy vape with dual mesh coils. Shop now!\" \/>\n<meta name=\"robots\" content=\"index, follow, max-snippet:-1, max-image-preview:large, max-video-preview:-1\" \/>\n<link rel=\"canonical\" href=\"https:\/\/vapeenjoy.com\/fr\/produit\/zooy-firzen-35000-bouffees-de-nicotine-et-de-glace-jetables\/\" \/>\n<meta property=\"og:locale\" content=\"fr_FR\" \/>\n<meta property=\"og:type\" content=\"article\" \/>\n<meta property=\"og:title\" content=\"ZOOY FIRZEN 35K Puffs Adjustable Nicotine Disposable Vape\" \/>\n<meta property=\"og:description\" content=\"ZOOY FIRZEN 35000 Puffs Disposable Vape with adjustable nicotine and 30ml e-liquid. Long-lasting, icy vape with dual mesh coils. Shop now!\" \/>\n<meta property=\"og:url\" content=\"https:\/\/vapeenjoy.com\/fr\/produit\/zooy-firzen-35000-bouffees-de-nicotine-et-de-glace-jetables\/\" \/>\n<meta property=\"og:site_name\" content=\"vapeenjoy\" \/>\n<meta property=\"article:modified_time\" content=\"2025-08-18T09:45:52+00:00\" \/>\n<meta property=\"og:image\" content=\"https:\/\/vapeenjoy.com\/wp-content\/uploads\/2025\/07\/240920.747.jpg\" \/>\n\t<meta property=\"og:image:width\" content=\"800\" \/>\n\t<meta property=\"og:image:height\" content=\"800\" \/>\n\t<meta property=\"og:image:type\" content=\"image\/jpeg\" \/>\n<meta name=\"twitter:card\" content=\"summary_large_image\" \/>\n<meta name=\"twitter:label1\" content=\"Dur\u00e9e de lecture estim\u00e9e\" \/>\n\t<meta name=\"twitter:data1\" content=\"4 minutes\" \/>\n<script type=\"application\/ld+json\" class=\"yoast-schema-graph\">{\"@context\":\"https:\/\/schema.org\",\"@graph\":[{\"@type\":\"WebPage\",\"@id\":\"https:\/\/vapeenjoy.com\/product\/zooy-firzen-35000-puffs-adjustable-nicotine-and-ice-disposable-vape\/\",\"url\":\"https:\/\/vapeenjoy.com\/product\/zooy-firzen-35000-puffs-adjustable-nicotine-and-ice-disposable-vape\/\",\"name\":\"ZOOY FIRZEN 35K Puffs Adjustable Nicotine Disposable Vape\",\"isPartOf\":{\"@id\":\"https:\/\/vapeenjoy.com\/#website\"},\"primaryImageOfPage\":{\"@id\":\"https:\/\/vapeenjoy.com\/product\/zooy-firzen-35000-puffs-adjustable-nicotine-and-ice-disposable-vape\/#primaryimage\"},\"image\":{\"@id\":\"https:\/\/vapeenjoy.com\/product\/zooy-firzen-35000-puffs-adjustable-nicotine-and-ice-disposable-vape\/#primaryimage\"},\"thumbnailUrl\":\"https:\/\/vapeenjoy.com\/wp-content\/uploads\/2025\/07\/240920.747.jpg\",\"datePublished\":\"2025-07-23T06:44:09+00:00\",\"dateModified\":\"2025-08-18T09:45:52+00:00\",\"description\":\"ZOOY FIRZEN 35000 Puffs Disposable Vape with adjustable nicotine and 30ml e-liquid. Long-lasting, icy vape with dual mesh coils. Shop now!\",\"breadcrumb\":{\"@id\":\"https:\/\/vapeenjoy.com\/product\/zooy-firzen-35000-puffs-adjustable-nicotine-and-ice-disposable-vape\/#breadcrumb\"},\"inLanguage\":\"fr-FR\",\"potentialAction\":[{\"@type\":\"ReadAction\",\"target\":[\"https:\/\/vapeenjoy.com\/product\/zooy-firzen-35000-puffs-adjustable-nicotine-and-ice-disposable-vape\/\"]}]},{\"@type\":\"ImageObject\",\"inLanguage\":\"fr-FR\",\"@id\":\"https:\/\/vapeenjoy.com\/product\/zooy-firzen-35000-puffs-adjustable-nicotine-and-ice-disposable-vape\/#primaryimage\",\"url\":\"https:\/\/vapeenjoy.com\/wp-content\/uploads\/2025\/07\/240920.747.jpg\",\"contentUrl\":\"https:\/\/vapeenjoy.com\/wp-content\/uploads\/2025\/07\/240920.747.jpg\",\"width\":800,\"height\":800},{\"@type\":\"BreadcrumbList\",\"@id\":\"https:\/\/vapeenjoy.com\/product\/zooy-firzen-35000-puffs-adjustable-nicotine-and-ice-disposable-vape\/#breadcrumb\",\"itemListElement\":[{\"@type\":\"ListItem\",\"position\":1,\"name\":\"Home\",\"item\":\"https:\/\/vapeenjoy.com\/\"},{\"@type\":\"ListItem\",\"position\":2,\"name\":\"Shop\",\"item\":\"https:\/\/vapeenjoy.com\/vapeenjoy-shop\/\"},{\"@type\":\"ListItem\",\"position\":3,\"name\":\"ZOOY FIRZEN 35000 Puffs Adjustable Nicotine and Ice Disposable Vape 30ml\"}]},{\"@type\":\"WebSite\",\"@id\":\"https:\/\/vapeenjoy.com\/#website\",\"url\":\"https:\/\/vapeenjoy.com\/\",\"name\":\"vapeenjoy\",\"description\":\"An online store for selling vapes\",\"potentialAction\":[{\"@type\":\"SearchAction\",\"target\":{\"@type\":\"EntryPoint\",\"urlTemplate\":\"https:\/\/vapeenjoy.com\/?s={search_term_string}\"},\"query-input\":{\"@type\":\"PropertyValueSpecification\",\"valueRequired\":true,\"valueName\":\"search_term_string\"}}],\"inLanguage\":\"fr-FR\"}]}<\/script>\n<!-- \/ Yoast SEO plugin. -->","yoast_head_json":{"title":"Zooy Firzen 35k Puffs Vape jetable r\u00e9glable en nicotine","description":"Zooy Firzen 35000 bouff\u00e9es jetables avec nicotine r\u00e9glable et e-liquide 30 ml. Vape glac\u00e9e longue dur\u00e9e avec doubles mailles. Achetez maintenant\u00a0!","robots":{"index":"index","follow":"follow","max-snippet":"max-snippet:-1","max-image-preview":"max-image-preview:large","max-video-preview":"max-video-preview:-1"},"canonical":"https:\/\/vapeenjoy.com\/fr\/produit\/zooy-firzen-35000-bouffees-de-nicotine-et-de-glace-jetables\/","og_locale":"fr_FR","og_type":"article","og_title":"ZOOY FIRZEN 35K Puffs Adjustable Nicotine Disposable Vape","og_description":"ZOOY FIRZEN 35000 Puffs Disposable Vape with adjustable nicotine and 30ml e-liquid. Long-lasting, icy vape with dual mesh coils. Shop now!","og_url":"https:\/\/vapeenjoy.com\/fr\/produit\/zooy-firzen-35000-bouffees-de-nicotine-et-de-glace-jetables\/","og_site_name":"vapeenjoy","article_modified_time":"2025-08-18T09:45:52+00:00","og_image":[{"width":800,"height":800,"url":"https:\/\/vapeenjoy.com\/wp-content\/uploads\/2025\/07\/240920.747.jpg","type":"image\/jpeg"}],"twitter_card":"summary_large_image","twitter_misc":{"Dur\u00e9e de lecture estim\u00e9e":"4 minutes"},"schema":{"@context":"https:\/\/schema.org","@graph":[{"@type":"WebPage","@id":"https:\/\/vapeenjoy.com\/product\/zooy-firzen-35000-puffs-adjustable-nicotine-and-ice-disposable-vape\/","url":"https:\/\/vapeenjoy.com\/product\/zooy-firzen-35000-puffs-adjustable-nicotine-and-ice-disposable-vape\/","name":"Zooy Firzen 35k Puffs Vape jetable r\u00e9glable en nicotine","isPartOf":{"@id":"https:\/\/vapeenjoy.com\/#website"},"primaryImageOfPage":{"@id":"https:\/\/vapeenjoy.com\/product\/zooy-firzen-35000-puffs-adjustable-nicotine-and-ice-disposable-vape\/#primaryimage"},"image":{"@id":"https:\/\/vapeenjoy.com\/product\/zooy-firzen-35000-puffs-adjustable-nicotine-and-ice-disposable-vape\/#primaryimage"},"thumbnailUrl":"https:\/\/vapeenjoy.com\/wp-content\/uploads\/2025\/07\/240920.747.jpg","datePublished":"2025-07-23T06:44:09+00:00","dateModified":"2025-08-18T09:45:52+00:00","description":"Zooy Firzen 35000 bouff\u00e9es jetables avec nicotine r\u00e9glable et e-liquide 30 ml. Vape glac\u00e9e longue dur\u00e9e avec doubles mailles. Achetez maintenant\u00a0!","breadcrumb":{"@id":"https:\/\/vapeenjoy.com\/product\/zooy-firzen-35000-puffs-adjustable-nicotine-and-ice-disposable-vape\/#breadcrumb"},"inLanguage":"fr-FR","potentialAction":[{"@type":"ReadAction","target":["https:\/\/vapeenjoy.com\/product\/zooy-firzen-35000-puffs-adjustable-nicotine-and-ice-disposable-vape\/"]}]},{"@type":"ImageObject","inLanguage":"fr-FR","@id":"https:\/\/vapeenjoy.com\/product\/zooy-firzen-35000-puffs-adjustable-nicotine-and-ice-disposable-vape\/#primaryimage","url":"https:\/\/vapeenjoy.com\/wp-content\/uploads\/2025\/07\/240920.747.jpg","contentUrl":"https:\/\/vapeenjoy.com\/wp-content\/uploads\/2025\/07\/240920.747.jpg","width":800,"height":800},{"@type":"BreadcrumbList","@id":"https:\/\/vapeenjoy.com\/product\/zooy-firzen-35000-puffs-adjustable-nicotine-and-ice-disposable-vape\/#breadcrumb","itemListElement":[{"@type":"ListItem","position":1,"name":"Home","item":"https:\/\/vapeenjoy.com\/"},{"@type":"ListItem","position":2,"name":"Shop","item":"https:\/\/vapeenjoy.com\/vapeenjoy-shop\/"},{"@type":"ListItem","position":3,"name":"ZOOY FIRZEN 35000 Puffs Adjustable Nicotine and Ice Disposable Vape 30ml"}]},{"@type":"WebSite","@id":"https:\/\/vapeenjoy.com\/#website","url":"https:\/\/vapeenjoy.com\/","name":"VapeEnjoy","description":"Une boutique en ligne pour la vente de vapoteurs","potentialAction":[{"@type":"SearchAction","target":{"@type":"EntryPoint","urlTemplate":"https:\/\/vapeenjoy.com\/?s={search_term_string}"},"query-input":{"@type":"PropertyValueSpecification","valueRequired":true,"valueName":"search_term_string"}}],"inLanguage":"fr-FR"}]}},"_links":{"self":[{"href":"https:\/\/vapeenjoy.com\/fr\/wp-json\/wp\/v2\/product\/484","targetHints":{"allow":["GET"]}}],"collection":[{"href":"https:\/\/vapeenjoy.com\/fr\/wp-json\/wp\/v2\/product"}],"about":[{"href":"https:\/\/vapeenjoy.com\/fr\/wp-json\/wp\/v2\/types\/product"}],"replies":[{"embeddable":true,"href":"https:\/\/vapeenjoy.com\/fr\/wp-json\/wp\/v2\/comments?post=484"}],"version-history":[{"count":3,"href":"https:\/\/vapeenjoy.com\/fr\/wp-json\/wp\/v2\/product\/484\/revisions"}],"predecessor-version":[{"id":2345,"href":"https:\/\/vapeenjoy.com\/fr\/wp-json\/wp\/v2\/product\/484\/revisions\/2345"}],"wp:featuredmedia":[{"embeddable":true,"href":"https:\/\/vapeenjoy.com\/fr\/wp-json\/wp\/v2\/media\/493"}],"wp:attachment":[{"href":"https:\/\/vapeenjoy.com\/fr\/wp-json\/wp\/v2\/media?parent=484"}],"wp:term":[{"taxonomy":"product_brand","embeddable":true,"href":"https:\/\/vapeenjoy.com\/fr\/wp-json\/wp\/v2\/product_brand?post=484"},{"taxonomy":"product_cat","embeddable":true,"href":"https:\/\/vapeenjoy.com\/fr\/wp-json\/wp\/v2\/product_cat?post=484"},{"taxonomy":"product_tag","embeddable":true,"href":"https:\/\/vapeenjoy.com\/fr\/wp-json\/wp\/v2\/product_tag?post=484"}],"curies":[{"name":"WP","href":"https:\/\/api.w.org\/{rel}","templated":true}]}}