{"id":64,"date":"2025-07-16T06:57:52","date_gmt":"2025-07-16T06:57:52","guid":{"rendered":"https:\/\/vapeenjoy.com\/?post_type=product&#038;p=64"},"modified":"2025-08-18T08:10:30","modified_gmt":"2025-08-18T08:10:30","slug":"bang-leader-80k-puffs-3-in-1-flavor-vape","status":"publish","type":"product","link":"https:\/\/vapeenjoy.com\/fr\/produit\/bang-leader-80k-puffs-3-en-1-saveur-vape\/","title":{"rendered":"Bang Leader 80k Puffs 3-en-1 Flavors Vape jetable 78ml 0-5% Nicotine Type-C Rechargeable"},"content":{"rendered":"<h2>Bang Leader 80k Puffs Vape jetable Description du produit<\/h2>\n<p dir=\"ltr\" data-pm-slice=\"1 3 []\">Bang Leader, une marque de vapotage de confiance, propose constamment des appareils savoureux et fiables. Par exemple, le Bang Leader 80K Puffs Jetable Vape offre jusqu'\u00e0 80\u00a0000 bouff\u00e9es, garantissant une utilisation durable. De plus, son syst\u00e8me innovant \u00e0 trois saveurs permet une commutation transparente entre les go\u00fbts. Par cons\u00e9quent, son design \u00e9pur\u00e9 et portable avec une finition lisse assure confort et commodit\u00e9 pour un vapotage toute la journ\u00e9e.<\/p>\n<h2 dir=\"ltr\">Sp\u00e9cifications jetables de la vape jetable de Bang Leader 80k<\/h2>\n<ul class=\"tight\" dir=\"ltr\" data-tight=\"true\">\n<li>\n<p dir=\"ltr\"><strong>nombre de bouff\u00e9es<\/strong>: Jusqu'\u00e0 80\u00a0000 bouff\u00e9es, parfaites pour les vapoteurs lourds.<\/p>\n<\/li>\n<li>\n<p dir=\"ltr\"><strong>Capacit\u00e9 de e-liquide<\/strong>: 78 ml (3 pods de 26 ml) pour trois saveurs uniques.<\/p>\n<\/li>\n<li>\n<p dir=\"ltr\"><strong>pile<\/strong>: 850mAh rechargeable pour des performances fiables.<\/p>\n<\/li>\n<li>\n<p dir=\"ltr\"><strong>spire<\/strong>: 1,0 \u03a9 Bobine double maille pour une vapeur douce et savoureuse.<\/p>\n<\/li>\n<li>\n<p dir=\"ltr\"><strong>accusation<\/strong>: Port de type C pour une recharge rapide.<\/p>\n<\/li>\n<li>\n<p dir=\"ltr\"><strong>Forces de la nicotine<\/strong>: 0%, 2%, 3%, 5% pour des pr\u00e9f\u00e9rences vari\u00e9es.<\/p>\n<\/li>\n<li>\n<p dir=\"ltr\"><strong>syst\u00e8me de saveurs<\/strong>: commutation de saveurs triples via un s\u00e9lecteur.<\/p>\n<\/li>\n<li>\n<p dir=\"ltr\"><strong>conditionnement<\/strong>: 10 pi\u00e8ces par paquet pour une utilisation personnelle ou en gros.<\/p>\n<\/li>\n<\/ul>\n<h2 dir=\"ltr\">Combinaisons de saveurs<\/h2>\n<p dir=\"ltr\">Explorez 12 options uniques en trois saveurs :<\/p>\n<ol class=\"tight\" dir=\"ltr\" data-tight=\"true\">\n<li>\n<p dir=\"ltr\">Glace \u00e0 la past\u00e8que \/ Mangue aux fraises \/ Banane<\/p>\n<\/li>\n<li>\n<p dir=\"ltr\">Glace Mojito \u00e0 la framboise \/ Past\u00e8que aux fraises \/ Goyave aux fruits de la passion Kiwi<\/p>\n<\/li>\n<li>\n<p dir=\"ltr\">Past\u00e8que de fraise \/ Glace au raisin \/ Bonbon arc-en-ciel<\/p>\n<\/li>\n<li>\n<p dir=\"ltr\">Glace cola \/ bleuet framboise \/ past\u00e8que mangue p\u00eache<\/p>\n<\/li>\n<li>\n<p dir=\"ltr\">Past\u00e8que de myrtille \/ Mangue aux fraises \/ Cassis<\/p>\n<\/li>\n<li>\n<p dir=\"ltr\">Glace aux myrtilles \/ Ice Dragon Noir \/ P\u00eache de mangue<\/p>\n<\/li>\n<li>\n<p dir=\"ltr\">Glace aux myrtilles \/ Banane aux fraises \/ Baies m\u00e9lang\u00e9es<\/p>\n<\/li>\n<li>\n<p dir=\"ltr\">Red Bull \/ Blueberry Past\u00e8que \/ Poire de pomme<\/p>\n<\/li>\n<li>\n<p dir=\"ltr\">Red Bull \/ Bonbons Bubblegum Past\u00e8que \/ Glace Fraise<\/p>\n<\/li>\n<li>\n<p dir=\"ltr\">Kiwi \u00e0 la fraise \/ Glace aux p\u00eaches \/ Cola de cerise<\/p>\n<\/li>\n<li>\n<p dir=\"ltr\">Kiwi Passion \/ Lychee Ice \/ Mango P\u00eache Pin<\/p>\n<\/li>\n<li>\n<p dir=\"ltr\">Glace \u00e0 l'avocat \/ citron vert \/ framboise de past\u00e8que<\/p>\n<\/li>\n<\/ol>\n<h2 dir=\"ltr\">Questions fr\u00e9quentes<\/h2>\n<ol class=\"tight\" dir=\"ltr\" data-tight=\"true\">\n<li>\n<p dir=\"ltr\"><strong>Qu'est-ce qui rend cette vape unique ?<\/strong><br \/>\nNotamment, son syst\u00e8me \u00e0 trois saveurs et son nombre \u00e9lev\u00e9 de bouff\u00e9es offrent une vari\u00e9t\u00e9 in\u00e9gal\u00e9e.<\/p>\n<\/li>\n<li>\n<p dir=\"ltr\"><strong>Comment changer de saveur ?<\/strong><br \/>\nFaites simplement glisser le s\u00e9lecteur pour basculer entre trois dosettes pr\u00e9-remplies.<\/p>\n<\/li>\n<li>\n<p dir=\"ltr\"><strong>Comment choisir une saveur ?<\/strong><br \/>\nPar exemple, les m\u00e9langes fruit\u00e9s comme la past\u00e8que \u00e0 la fraise conviennent aux pr\u00e9f\u00e9rences sucr\u00e9es, tandis que Red Bull offre des go\u00fbts audacieux.<\/p>\n<\/li>\n<li>\n<p dir=\"ltr\"><strong>Est-ce rechargeable ?<\/strong><br \/>\nEn effet, il dispose d'une batterie de 850 mAh avec chargement de type C.<\/p>\n<\/li>\n<li>\n<p dir=\"ltr\"><strong>Quelles sont les options de nicotine disponibles ?<\/strong><br \/>\nChoisissez entre 0%, 2%, 3% ou 5%.<\/p>\n<\/li>\n<li>\n<p dir=\"ltr\"><strong>Combien de temps \u00e7a dure ?<\/strong><br \/>\nAvec jusqu'\u00e0 80\u00a0000 bouff\u00e9es, il dure en fonction de l'utilisation.<\/p>\n<\/li>\n<li>\n<p dir=\"ltr\"><strong>Les pods peuvent-ils \u00eatre remplis\u00a0?<\/strong><br \/>\nNon, les dosettes de 26 ml sont pr\u00e9remplies et non rechargeables.<\/p>\n<\/li>\n<\/ol>\n<p dir=\"ltr\" data-pm-slice=\"1 3 []\"><img fetchpriority=\"high\" decoding=\"async\" class=\"alignnone wp-image-79 size-full\" src=\"https:\/\/vapeenjoy.com\/wp-content\/uploads\/2025\/07\/Bang-Leader-80K.jpg\" alt=\"Bang Leader 80k Puffs 3 en 1 Flavors Jetables Vape \" width=\"1279\" height=\"2279\" srcset=\"https:\/\/vapeenjoy.com\/wp-content\/uploads\/2025\/07\/Bang-Leader-80K.jpg 1279w, https:\/\/vapeenjoy.com\/wp-content\/uploads\/2025\/07\/Bang-Leader-80K-150x267.jpg 150w, https:\/\/vapeenjoy.com\/wp-content\/uploads\/2025\/07\/Bang-Leader-80K-1200x2138.jpg 1200w, https:\/\/vapeenjoy.com\/wp-content\/uploads\/2025\/07\/Bang-Leader-80K-168x300.jpg 168w, https:\/\/vapeenjoy.com\/wp-content\/uploads\/2025\/07\/Bang-Leader-80K-575x1024.jpg 575w, https:\/\/vapeenjoy.com\/wp-content\/uploads\/2025\/07\/Bang-Leader-80K-768x1368.jpg 768w, https:\/\/vapeenjoy.com\/wp-content\/uploads\/2025\/07\/Bang-Leader-80K-862x1536.jpg 862w, https:\/\/vapeenjoy.com\/wp-content\/uploads\/2025\/07\/Bang-Leader-80K-1149x2048.jpg 1149w\" sizes=\"(max-width: 1279px) 100vw, 1279px\" \/><\/p>","protected":false},"excerpt":{"rendered":"<p>Bang Leader, une marque de vapotage de premier plan, pr\u00e9sente le 80k Puffs Jetable Vape avec jusqu'\u00e0 80\u00a0000 bouff\u00e9es, un syst\u00e8me de commutation de saveurs 3 en 1, 78\u00a0ml de e-liquide dans trois dosettes de 26\u00a0ml, une batterie de 850\u00a0mAh et 12\u00a0combinaisons de saveurs pour des performances fiables.<\/p>","protected":false},"featured_media":82,"comment_status":"open","ping_status":"closed","template":"","meta":[],"product_brand":[16],"product_cat":[17],"product_tag":[64,73,93],"class_list":{"0":"post-64","1":"product","2":"type-product","3":"status-publish","4":"has-post-thumbnail","6":"product_brand-bang-vape","7":"product_cat-80000-puffs-vape","8":"product_tag-0-5-nicotine","9":"product_tag-3-in-1-flavors","10":"product_tag-78ml","12":"first","13":"instock","14":"sale","15":"shipping-taxable","16":"purchasable","17":"product-type-variable"},"yoast_head":"<!-- This site is optimized with the Yoast SEO plugin v25.7 - https:\/\/yoast.com\/wordpress\/plugins\/seo\/ -->\n<title>Bang Leader 80K Puffs 3-in-1 Flavors Disposable Vape 78mL<\/title>\n<meta name=\"description\" content=\"Bang Leader 80K Puffs Disposable Vape: 3-in-1 flavors, 78mL, 0-5% nicotine, Type-C rechargeable. Shop now for bold, long-lasting vaping!\" \/>\n<meta name=\"robots\" content=\"index, follow, max-snippet:-1, max-image-preview:large, max-video-preview:-1\" \/>\n<link rel=\"canonical\" href=\"https:\/\/vapeenjoy.com\/fr\/produit\/bang-leader-80k-puffs-3-en-1-saveur-vape\/\" \/>\n<meta property=\"og:locale\" content=\"fr_FR\" \/>\n<meta property=\"og:type\" content=\"article\" \/>\n<meta property=\"og:title\" content=\"Bang Leader 80K Puffs 3-in-1 Flavors Disposable Vape 78mL\" \/>\n<meta property=\"og:description\" content=\"Bang Leader 80K Puffs Disposable Vape: 3-in-1 flavors, 78mL, 0-5% nicotine, Type-C rechargeable. Shop now for bold, long-lasting vaping!\" \/>\n<meta property=\"og:url\" content=\"https:\/\/vapeenjoy.com\/fr\/produit\/bang-leader-80k-puffs-3-en-1-saveur-vape\/\" \/>\n<meta property=\"og:site_name\" content=\"vapeenjoy\" \/>\n<meta property=\"article:modified_time\" content=\"2025-08-18T08:10:30+00:00\" \/>\n<meta property=\"og:image\" content=\"https:\/\/vapeenjoy.com\/wp-content\/uploads\/2025\/07\/\u5fae\u4fe1\u56fe\u7247_20250516145017.jpg\" \/>\n\t<meta property=\"og:image:width\" content=\"800\" \/>\n\t<meta property=\"og:image:height\" content=\"800\" \/>\n\t<meta property=\"og:image:type\" content=\"image\/jpeg\" \/>\n<meta name=\"twitter:card\" content=\"summary_large_image\" \/>\n<meta name=\"twitter:label1\" content=\"Dur\u00e9e de lecture estim\u00e9e\" \/>\n\t<meta name=\"twitter:data1\" content=\"2 minutes\" \/>\n<script type=\"application\/ld+json\" class=\"yoast-schema-graph\">{\"@context\":\"https:\/\/schema.org\",\"@graph\":[{\"@type\":\"WebPage\",\"@id\":\"https:\/\/vapeenjoy.com\/product\/bang-leader-80k-puffs-3-in-1-flavor-vape\/\",\"url\":\"https:\/\/vapeenjoy.com\/product\/bang-leader-80k-puffs-3-in-1-flavor-vape\/\",\"name\":\"Bang Leader 80K Puffs 3-in-1 Flavors Disposable Vape 78mL\",\"isPartOf\":{\"@id\":\"https:\/\/vapeenjoy.com\/#website\"},\"primaryImageOfPage\":{\"@id\":\"https:\/\/vapeenjoy.com\/product\/bang-leader-80k-puffs-3-in-1-flavor-vape\/#primaryimage\"},\"image\":{\"@id\":\"https:\/\/vapeenjoy.com\/product\/bang-leader-80k-puffs-3-in-1-flavor-vape\/#primaryimage\"},\"thumbnailUrl\":\"https:\/\/vapeenjoy.com\/wp-content\/uploads\/2025\/07\/\u5fae\u4fe1\u56fe\u7247_20250516145017.jpg\",\"datePublished\":\"2025-07-16T06:57:52+00:00\",\"dateModified\":\"2025-08-18T08:10:30+00:00\",\"description\":\"Bang Leader 80K Puffs Disposable Vape: 3-in-1 flavors, 78mL, 0-5% nicotine, Type-C rechargeable. Shop now for bold, long-lasting vaping!\",\"breadcrumb\":{\"@id\":\"https:\/\/vapeenjoy.com\/product\/bang-leader-80k-puffs-3-in-1-flavor-vape\/#breadcrumb\"},\"inLanguage\":\"fr-FR\",\"potentialAction\":[{\"@type\":\"ReadAction\",\"target\":[\"https:\/\/vapeenjoy.com\/product\/bang-leader-80k-puffs-3-in-1-flavor-vape\/\"]}]},{\"@type\":\"ImageObject\",\"inLanguage\":\"fr-FR\",\"@id\":\"https:\/\/vapeenjoy.com\/product\/bang-leader-80k-puffs-3-in-1-flavor-vape\/#primaryimage\",\"url\":\"https:\/\/vapeenjoy.com\/wp-content\/uploads\/2025\/07\/\u5fae\u4fe1\u56fe\u7247_20250516145017.jpg\",\"contentUrl\":\"https:\/\/vapeenjoy.com\/wp-content\/uploads\/2025\/07\/\u5fae\u4fe1\u56fe\u7247_20250516145017.jpg\",\"width\":800,\"height\":800},{\"@type\":\"BreadcrumbList\",\"@id\":\"https:\/\/vapeenjoy.com\/product\/bang-leader-80k-puffs-3-in-1-flavor-vape\/#breadcrumb\",\"itemListElement\":[{\"@type\":\"ListItem\",\"position\":1,\"name\":\"Home\",\"item\":\"https:\/\/vapeenjoy.com\/\"},{\"@type\":\"ListItem\",\"position\":2,\"name\":\"Shop\",\"item\":\"https:\/\/vapeenjoy.com\/vapeenjoy-shop\/\"},{\"@type\":\"ListItem\",\"position\":3,\"name\":\"Bang Leader 80K Puffs 3-in-1 Flavors Disposable Vape 78mL 0-5% Nicotine Type-C Rechargeable\"}]},{\"@type\":\"WebSite\",\"@id\":\"https:\/\/vapeenjoy.com\/#website\",\"url\":\"https:\/\/vapeenjoy.com\/\",\"name\":\"vapeenjoy\",\"description\":\"An online store for selling vapes\",\"potentialAction\":[{\"@type\":\"SearchAction\",\"target\":{\"@type\":\"EntryPoint\",\"urlTemplate\":\"https:\/\/vapeenjoy.com\/?s={search_term_string}\"},\"query-input\":{\"@type\":\"PropertyValueSpecification\",\"valueRequired\":true,\"valueName\":\"search_term_string\"}}],\"inLanguage\":\"fr-FR\"}]}<\/script>\n<!-- \/ Yoast SEO plugin. -->","yoast_head_json":{"title":"Bang Leader 80k Puffs 3-en-1 Flavors Vape jetable 78 ml","description":"Bang Leader 80k Puffs Vape jetable : saveurs 3 en 1, 78 ml, 0-5%, rechargeable de type C. Achetez maintenant pour un vapotage audacieux et durable !","robots":{"index":"index","follow":"follow","max-snippet":"max-snippet:-1","max-image-preview":"max-image-preview:large","max-video-preview":"max-video-preview:-1"},"canonical":"https:\/\/vapeenjoy.com\/fr\/produit\/bang-leader-80k-puffs-3-en-1-saveur-vape\/","og_locale":"fr_FR","og_type":"article","og_title":"Bang Leader 80K Puffs 3-in-1 Flavors Disposable Vape 78mL","og_description":"Bang Leader 80K Puffs Disposable Vape: 3-in-1 flavors, 78mL, 0-5% nicotine, Type-C rechargeable. Shop now for bold, long-lasting vaping!","og_url":"https:\/\/vapeenjoy.com\/fr\/produit\/bang-leader-80k-puffs-3-en-1-saveur-vape\/","og_site_name":"vapeenjoy","article_modified_time":"2025-08-18T08:10:30+00:00","og_image":[{"width":800,"height":800,"url":"https:\/\/vapeenjoy.com\/wp-content\/uploads\/2025\/07\/\u5fae\u4fe1\u56fe\u7247_20250516145017.jpg","type":"image\/jpeg"}],"twitter_card":"summary_large_image","twitter_misc":{"Dur\u00e9e de lecture estim\u00e9e":"2 minutes"},"schema":{"@context":"https:\/\/schema.org","@graph":[{"@type":"WebPage","@id":"https:\/\/vapeenjoy.com\/product\/bang-leader-80k-puffs-3-in-1-flavor-vape\/","url":"https:\/\/vapeenjoy.com\/product\/bang-leader-80k-puffs-3-in-1-flavor-vape\/","name":"Bang Leader 80k Puffs 3-en-1 Flavors Vape jetable 78 ml","isPartOf":{"@id":"https:\/\/vapeenjoy.com\/#website"},"primaryImageOfPage":{"@id":"https:\/\/vapeenjoy.com\/product\/bang-leader-80k-puffs-3-in-1-flavor-vape\/#primaryimage"},"image":{"@id":"https:\/\/vapeenjoy.com\/product\/bang-leader-80k-puffs-3-in-1-flavor-vape\/#primaryimage"},"thumbnailUrl":"https:\/\/vapeenjoy.com\/wp-content\/uploads\/2025\/07\/\u5fae\u4fe1\u56fe\u7247_20250516145017.jpg","datePublished":"2025-07-16T06:57:52+00:00","dateModified":"2025-08-18T08:10:30+00:00","description":"Bang Leader 80k Puffs Vape jetable : saveurs 3 en 1, 78 ml, 0-5%, rechargeable de type C. Achetez maintenant pour un vapotage audacieux et durable !","breadcrumb":{"@id":"https:\/\/vapeenjoy.com\/product\/bang-leader-80k-puffs-3-in-1-flavor-vape\/#breadcrumb"},"inLanguage":"fr-FR","potentialAction":[{"@type":"ReadAction","target":["https:\/\/vapeenjoy.com\/product\/bang-leader-80k-puffs-3-in-1-flavor-vape\/"]}]},{"@type":"ImageObject","inLanguage":"fr-FR","@id":"https:\/\/vapeenjoy.com\/product\/bang-leader-80k-puffs-3-in-1-flavor-vape\/#primaryimage","url":"https:\/\/vapeenjoy.com\/wp-content\/uploads\/2025\/07\/\u5fae\u4fe1\u56fe\u7247_20250516145017.jpg","contentUrl":"https:\/\/vapeenjoy.com\/wp-content\/uploads\/2025\/07\/\u5fae\u4fe1\u56fe\u7247_20250516145017.jpg","width":800,"height":800},{"@type":"BreadcrumbList","@id":"https:\/\/vapeenjoy.com\/product\/bang-leader-80k-puffs-3-in-1-flavor-vape\/#breadcrumb","itemListElement":[{"@type":"ListItem","position":1,"name":"Home","item":"https:\/\/vapeenjoy.com\/"},{"@type":"ListItem","position":2,"name":"Shop","item":"https:\/\/vapeenjoy.com\/vapeenjoy-shop\/"},{"@type":"ListItem","position":3,"name":"Bang Leader 80K Puffs 3-in-1 Flavors Disposable Vape 78mL 0-5% Nicotine Type-C Rechargeable"}]},{"@type":"WebSite","@id":"https:\/\/vapeenjoy.com\/#website","url":"https:\/\/vapeenjoy.com\/","name":"VapeEnjoy","description":"Une boutique en ligne pour la vente de vapoteurs","potentialAction":[{"@type":"SearchAction","target":{"@type":"EntryPoint","urlTemplate":"https:\/\/vapeenjoy.com\/?s={search_term_string}"},"query-input":{"@type":"PropertyValueSpecification","valueRequired":true,"valueName":"search_term_string"}}],"inLanguage":"fr-FR"}]}},"_links":{"self":[{"href":"https:\/\/vapeenjoy.com\/fr\/wp-json\/wp\/v2\/product\/64","targetHints":{"allow":["GET"]}}],"collection":[{"href":"https:\/\/vapeenjoy.com\/fr\/wp-json\/wp\/v2\/product"}],"about":[{"href":"https:\/\/vapeenjoy.com\/fr\/wp-json\/wp\/v2\/types\/product"}],"replies":[{"embeddable":true,"href":"https:\/\/vapeenjoy.com\/fr\/wp-json\/wp\/v2\/comments?post=64"}],"version-history":[{"count":4,"href":"https:\/\/vapeenjoy.com\/fr\/wp-json\/wp\/v2\/product\/64\/revisions"}],"predecessor-version":[{"id":2330,"href":"https:\/\/vapeenjoy.com\/fr\/wp-json\/wp\/v2\/product\/64\/revisions\/2330"}],"wp:featuredmedia":[{"embeddable":true,"href":"https:\/\/vapeenjoy.com\/fr\/wp-json\/wp\/v2\/media\/82"}],"wp:attachment":[{"href":"https:\/\/vapeenjoy.com\/fr\/wp-json\/wp\/v2\/media?parent=64"}],"wp:term":[{"taxonomy":"product_brand","embeddable":true,"href":"https:\/\/vapeenjoy.com\/fr\/wp-json\/wp\/v2\/product_brand?post=64"},{"taxonomy":"product_cat","embeddable":true,"href":"https:\/\/vapeenjoy.com\/fr\/wp-json\/wp\/v2\/product_cat?post=64"},{"taxonomy":"product_tag","embeddable":true,"href":"https:\/\/vapeenjoy.com\/fr\/wp-json\/wp\/v2\/product_tag?post=64"}],"curies":[{"name":"WP","href":"https:\/\/api.w.org\/{rel}","templated":true}]}}