{"id":650,"date":"2025-07-26T03:39:40","date_gmt":"2025-07-26T03:39:40","guid":{"rendered":"https:\/\/vapeenjoy.com\/?post_type=product&#038;p=650"},"modified":"2025-08-18T08:07:39","modified_gmt":"2025-08-18T08:07:39","slug":"bang-blaze-40k-puffs","status":"publish","type":"product","link":"https:\/\/vapeenjoy.com\/fr\/produit\/bang-blaze-40k-bouffees\/","title":{"rendered":"Bang Blaze 40k Puffs Double Go\u00fbt Jetable Vape 40ml 0-5%"},"content":{"rendered":"<h2 dir=\"auto\">Bang Blaze 40k bouff\u00e9es double go\u00fbt jetable Vape Jetable Saveur et commodit\u00e9<\/h2>\n<p dir=\"auto\">Transition vers une exp\u00e9rience de vapotage sup\u00e9rieure, le <strong>Bang Blaze 40k Puffs Double Go\u00fbt Jetable Vape<\/strong> De Bang, un leader de l'industrie de confiance, offre une commodit\u00e9 et une vari\u00e9t\u00e9 in\u00e9gal\u00e9es. Plus pr\u00e9cis\u00e9ment, cet appareil innovant offre un impressionnant <strong>40\u00a0000 bouff\u00e9es<\/strong> et dispose d'un syst\u00e8me unique \u00e0 double saveur, permettant aux utilisateurs de basculer sans effort entre deux go\u00fbts distincts. De plus, son design \u00e9l\u00e9gant et ergonomique assure la portabilit\u00e9 et le confort, ce qui le rend id\u00e9al pour les vapoteurs chevronn\u00e9s et les nouveaux venus. Par cons\u00e9quent, le Bang Blaze offre un voyage durable et savoureux dans un seul appareil compact.<\/p>\n<p dir=\"auto\">Pour explorer cette vape r\u00e9volutionnaire, visitez <a href=\"https:\/\/vapeenjoy.com\/\" target=\"_blank\" rel=\"noopener noreferrer nofollow\">Vapoter profiter<\/a> Et \u00e9lever votre exp\u00e9rience de vapotage aujourd'hui\u00a0!<\/p>\n<h2 dir=\"auto\">Caract\u00e9ristiques principales de la vape jetable Bang Blaze 40K<\/h2>\n<p dir=\"auto\">Pour ceux qui recherchent des performances et une polyvalence, le Bang Blaze 40K se distingue par ses sp\u00e9cifications de pointe :<\/p>\n<ul dir=\"auto\">\n<li><strong>capacit\u00e9 de bouff\u00e9e<\/strong>: jusqu'\u00e0 <strong>40\u00a0000 bouff\u00e9es<\/strong> (environ 20 000 par saveur), assurant des semaines d'utilisation ininterrompue.<\/li>\n<li><strong>Capacit\u00e9 de e-liquide<\/strong>: 40 ml au total (20 ml par r\u00e9servoir de saveur), pr\u00e9-rempli pour un plaisir prolong\u00e9.<\/li>\n<li><strong>pile<\/strong>: 650mAh rechargeable avec <strong>Charge rapide de type C<\/strong>, recharge compl\u00e8te en 45 \u00e0 60 minutes.<\/li>\n<li><strong>spire<\/strong>: Bobine double maille (1,2 \u03a9), offrant une vapeur douce et une saveur riche et coh\u00e9rente.<\/li>\n<li><strong>Forces de la nicotine<\/strong>: Disponible en 0%, 2%, 3% et 5%, r\u00e9pondant \u00e0 diverses pr\u00e9f\u00e9rences.<\/li>\n<li><strong>syst\u00e8me de saveurs<\/strong>: commutateur \u00e0 glissi\u00e8re \u00e0 double saveur, permettant des transitions de saveur instantan\u00e9es.<\/li>\n<li><strong>plan<\/strong>: Ergonomique et portable, parfait pour le vapotage en d\u00e9placement.<\/li>\n<\/ul>\n<p dir=\"auto\">Pr\u00eat \u00e0 d\u00e9couvrir ces fonctionnalit\u00e9s exceptionnelles\u00a0? Dans ce cas, consultez le Bang Blaze 40K sur <a href=\"https:\/\/vapeenjoy.com\/\" target=\"_blank\" rel=\"noopener noreferrer nofollow\">Vapoter profiter<\/a> Pour une s\u00e9lection de primes jetables.<\/p>\n<h2 dir=\"auto\">20 combinaisons uniques \u00e0 double saveur<\/h2>\n<p dir=\"auto\">De plus, le Bang Blaze 40K propose <strong>20 combinaisons passionnantes \u00e0 double saveur<\/strong>, con\u00e7u pour satisfaire tous les palais. Par exemple, le commutateur \u00e0 glissi\u00e8re \u00e0 double saveur vous permet de alterner de mani\u00e8re transparente entre deux saveurs, cr\u00e9ant ainsi une exp\u00e9rience de vapotage dynamique. Voici quelques options populaires :<\/p>\n<ol dir=\"auto\">\n<li><strong>Past\u00e8que \/ Fraise Past\u00e8que<\/strong>: La past\u00e8que juteuse se fond parfaitement avec la fraise-melon.<\/li>\n<li><strong>Glace aux myrtilles \/ aux myrtilles<\/strong>: Les bleuets r\u00e9frig\u00e9r\u00e9s se combinent avec une rafale de framboise acidul\u00e9e.<\/li>\n<li><strong>Glace \u00e0 la mangue \/ Fraise Mangue<\/strong>: La mangue cool se marie parfaitement avec un m\u00e9lange de fraises-mangue tropicale.<\/li>\n<li><strong>Glace \u00e0 l'ananas \/ noix de coco d'ananas<\/strong>: L'ananas glac\u00e9 fusionne avec de la noix de coco cr\u00e9meuse et tropicale.<\/li>\n<li><strong>Coca cerise \/ cerise<\/strong>: Cherry audacieux rencontre la douceur p\u00e9tillante de la cerise cola.<\/li>\n<li><strong>Menthe \/ Bleuet Menthe<\/strong>: La menthe fra\u00eeche compl\u00e8te une fusion bleue-menthe fra\u00eeche et rafra\u00eechissante.<\/li>\n<li><strong>Glace de dragon noir \/ Red Bull<\/strong>: Le fruit du dragon noir glac\u00e9 se fond dans le go\u00fbt \u00e9nergisant de Red Bull.<\/li>\n<li><strong>Romance au citron \/ Cerise de Californie<\/strong>: Le citron piquant s'associe \u00e0 merveille avec la cerise douce de Californie.<\/li>\n<\/ol>\n<p dir=\"auto\">Pour d\u00e9couvrir les 20 combinaisons de saveurs, visitez <a href=\"https:\/\/vapeenjoy.com\/\" target=\"_blank\" rel=\"noopener noreferrer nofollow\">Vapoter profiter<\/a> Et trouvez votre alliance parfaite !<\/p>\n<h2 dir=\"auto\">Pourquoi choisir le Bang Blaze 40k ?<\/h2>\n<p dir=\"auto\">En plus de ses caract\u00e9ristiques impressionnantes, le Bang Blaze 40K propose <strong>Nombre de gonflements \u00e9lev\u00e9s<\/strong>, <strong>Polyvalence \u00e0 double saveur<\/strong>, et un <strong>Batterie rechargeable<\/strong>, ce qui en fait un choix de choix pour les vapoteurs \u00e0 la recherche de valeur et de vari\u00e9t\u00e9. De plus, la bobine double maille garantit des coups coh\u00e9rents et savoureux \u00e0 chaque bouff\u00e9e. De m\u00eame, la charge rapide de type C minimise les temps d'arr\u00eat, vous permettant de reprendre rapidement le vapotage. Que vous pr\u00e9f\u00e9riez les saveurs fruit\u00e9es, glac\u00e9es ou inspir\u00e9es des bonbons, cet appareil offre une exp\u00e9rience personnalis\u00e9e.<\/p>\n<p dir=\"auto\">Pour une solution de vapotage haut de gamme, explorez le Bang Blaze 40K \u00e0 <a href=\"https:\/\/vapeenjoy.com\/\" target=\"_blank\" rel=\"noopener noreferrer nofollow\">Vapoter profiter<\/a> Aujourd'hui.<\/p>\n<h2 dir=\"auto\">Questions fr\u00e9quentes<\/h2>\n<h3 dir=\"auto\">1. Combien de bouff\u00e9es le Bang Blaze 40K fournit-il ?<\/h3>\n<p dir=\"auto\">En bref, l'appareil offre jusqu'\u00e0 <strong>40\u00a0000 bouff\u00e9es<\/strong>, avec environ 20 000 bouff\u00e9es par cuve de saveur, assurant une utilisation durable.<\/p>\n<h3 dir=\"auto\">2. Qu'est-ce que le syst\u00e8me de commutateur de glissi\u00e8re \u00e0 double saveur ?<\/h3>\n<p dir=\"auto\">Essentiellement, le s\u00e9lecteur de slide vous permet de basculer instantan\u00e9ment entre deux saveurs distinctes dans un seul appareil, offrant une vari\u00e9t\u00e9 in\u00e9gal\u00e9e sans avoir besoin de plusieurs vapotages.<\/p>\n<h3 dir=\"auto\">3. Le Bang Blaze 40k est-il rechargeable ?<\/h3>\n<p dir=\"auto\">Absolument, il comporte un <strong>Batterie 650mAh<\/strong> avec <strong>Charge rapide de type C<\/strong>, recharge compl\u00e8te en 45 \u00e0 60 minutes environ.<\/p>\n<h3 dir=\"auto\">4. Comment choisir la bonne saveur ?<\/h3>\n<p dir=\"auto\">Pour commencer, consid\u00e9rez vos pr\u00e9f\u00e9rences gustatives : options fruit\u00e9es comme <strong>past\u00e8que<\/strong> ou <strong>glace de mangue<\/strong> convenez \u00e0 ceux qui aiment les notes sucr\u00e9es, tout en <strong>battre<\/strong> ou <strong>Glace aux myrtilles<\/strong> Offrir une sensation plus fra\u00eeche. Par exemple, vous pouvez essayer un combo \u00e0 double saveur \u00e0 l'adresse <a href=\"https:\/\/vapeenjoy.com\/\" target=\"_blank\" rel=\"noopener noreferrer nofollow\">Vapoter profiter<\/a> pour explorer les deux profils.<\/p>\n<h3 dir=\"auto\">5. Quelles forces de nicotine sont disponibles ?<\/h3>\n<p dir=\"auto\">En fait, l'appareil arrive <strong>0%, 2%, 3% et 5%<\/strong> Les forces de la nicotine, r\u00e9pondant \u00e0 un large \u00e9ventail de pr\u00e9f\u00e9rences.<\/p>\n<h3 dir=\"auto\">6. Comment la bobine double maille am\u00e9liore-t-elle le vapotage ?<\/h3>\n<p dir=\"auto\">Plus pr\u00e9cis\u00e9ment, la <strong>1,2 \u03a9 Bobine double maille<\/strong> Assure une production de vapeurs en douceur et une saveur riche et coh\u00e9rente \u00e0 chaque tirage.<\/p>\n<h3 dir=\"auto\">7 Le Bang Blaze 40k peut-il \u00eatre rempli ?<\/h3>\n<p dir=\"auto\">Malheureusement, non, c'est un vape jetable. Une fois que le e-liquide de 40 ml (20 ml par saveur) est \u00e9puis\u00e9, jetez-le de mani\u00e8re responsable.<\/p>\n<h2 dir=\"auto\">Obtenez votre Bang Blaze 40k aujourd'hui<\/h2>\n<p><img fetchpriority=\"high\" decoding=\"async\" class=\"alignnone wp-image-653 size-full\" src=\"https:\/\/vapeenjoy.com\/wp-content\/uploads\/2025\/07\/Bang-Blaze-40K-Puffs-Double-Taste-Disposable-Vape-Flavor.jpg\" alt=\"\" width=\"1080\" height=\"1426\" srcset=\"https:\/\/vapeenjoy.com\/wp-content\/uploads\/2025\/07\/Bang-Blaze-40K-Puffs-Double-Taste-Disposable-Vape-Flavor.jpg 1080w, https:\/\/vapeenjoy.com\/wp-content\/uploads\/2025\/07\/Bang-Blaze-40K-Puffs-Double-Taste-Disposable-Vape-Flavor-600x792.jpg 600w, https:\/\/vapeenjoy.com\/wp-content\/uploads\/2025\/07\/Bang-Blaze-40K-Puffs-Double-Taste-Disposable-Vape-Flavor-227x300.jpg 227w, https:\/\/vapeenjoy.com\/wp-content\/uploads\/2025\/07\/Bang-Blaze-40K-Puffs-Double-Taste-Disposable-Vape-Flavor-776x1024.jpg 776w, https:\/\/vapeenjoy.com\/wp-content\/uploads\/2025\/07\/Bang-Blaze-40K-Puffs-Double-Taste-Disposable-Vape-Flavor-768x1014.jpg 768w\" sizes=\"(max-width: 1080px) 100vw, 1080px\" \/><\/p>","protected":false},"excerpt":{"rendered":"<p dir=\"auto\">Bang, un nom de confiance dans le vapotage, pr\u00e9sente le Bang Blaze 40k Puffs double go\u00fbt jetable. Cet appareil innovant offre jusqu'\u00e0 40\u00a0000 bouff\u00e9es avec une capacit\u00e9 de e-liquide \u00e0 double saveur de 40\u00a0ml, permettant un changement de saveur sans faille. Dot\u00e9 d'une batterie rechargeable de 650 mAh, d'une charge rapide de type C et d'une bobine double maille, il offre une vapeur coh\u00e9rente et riche dans un design \u00e9l\u00e9gant et portable.<\/p>","protected":false},"featured_media":660,"comment_status":"open","ping_status":"closed","template":"","meta":[],"product_brand":[16],"product_cat":[23],"product_tag":[64,77],"class_list":{"0":"post-650","1":"product","2":"type-product","3":"status-publish","4":"has-post-thumbnail","6":"product_brand-bang-vape","7":"product_cat-40000-puffs-vape","8":"product_tag-0-5-nicotine","9":"product_tag-40ml","11":"first","12":"instock","13":"sale","14":"shipping-taxable","15":"purchasable","16":"product-type-variable"},"yoast_head":"<!-- This site is optimized with the Yoast SEO plugin v25.7 - https:\/\/yoast.com\/wordpress\/plugins\/seo\/ -->\n<title>Bang Blaze 40K Puffs Double Taste Disposable Vape 40ml e-liquid<\/title>\n<meta name=\"description\" content=\"Bang Blaze 40K Puffs Disposable Vape: 40mL, 0-5% nicotine, 32 dual flavors, 650mAh battery, Type-C charging. Shop now for a bold vaping experience!\" \/>\n<meta name=\"robots\" content=\"index, follow, max-snippet:-1, max-image-preview:large, max-video-preview:-1\" \/>\n<link rel=\"canonical\" href=\"https:\/\/vapeenjoy.com\/fr\/produit\/bang-blaze-40k-bouffees\/\" \/>\n<meta property=\"og:locale\" content=\"fr_FR\" \/>\n<meta property=\"og:type\" content=\"article\" \/>\n<meta property=\"og:title\" content=\"Bang Blaze 40K Puffs Double Taste Disposable Vape 40ml e-liquid\" \/>\n<meta property=\"og:description\" content=\"Bang Blaze 40K Puffs Disposable Vape: 40mL, 0-5% nicotine, 32 dual flavors, 650mAh battery, Type-C charging. Shop now for a bold vaping experience!\" \/>\n<meta property=\"og:url\" content=\"https:\/\/vapeenjoy.com\/fr\/produit\/bang-blaze-40k-bouffees\/\" \/>\n<meta property=\"og:site_name\" content=\"vapeenjoy\" \/>\n<meta property=\"article:modified_time\" content=\"2025-08-18T08:07:39+00:00\" \/>\n<meta property=\"og:image\" content=\"https:\/\/vapeenjoy.com\/wp-content\/uploads\/2025\/07\/bang-blaze-40k-40000-puffs-tropical-fruits-triple-watermelon.webp\" \/>\n\t<meta property=\"og:image:width\" content=\"1920\" \/>\n\t<meta property=\"og:image:height\" content=\"1920\" \/>\n\t<meta property=\"og:image:type\" content=\"image\/webp\" \/>\n<meta name=\"twitter:card\" content=\"summary_large_image\" \/>\n<meta name=\"twitter:label1\" content=\"Dur\u00e9e de lecture estim\u00e9e\" \/>\n\t<meta name=\"twitter:data1\" content=\"4 minutes\" \/>\n<script type=\"application\/ld+json\" class=\"yoast-schema-graph\">{\"@context\":\"https:\/\/schema.org\",\"@graph\":[{\"@type\":\"WebPage\",\"@id\":\"https:\/\/vapeenjoy.com\/product\/bang-blaze-40k-puffs\/\",\"url\":\"https:\/\/vapeenjoy.com\/product\/bang-blaze-40k-puffs\/\",\"name\":\"Bang Blaze 40K Puffs Double Taste Disposable Vape 40ml e-liquid\",\"isPartOf\":{\"@id\":\"https:\/\/vapeenjoy.com\/#website\"},\"primaryImageOfPage\":{\"@id\":\"https:\/\/vapeenjoy.com\/product\/bang-blaze-40k-puffs\/#primaryimage\"},\"image\":{\"@id\":\"https:\/\/vapeenjoy.com\/product\/bang-blaze-40k-puffs\/#primaryimage\"},\"thumbnailUrl\":\"https:\/\/vapeenjoy.com\/wp-content\/uploads\/2025\/07\/bang-blaze-40k-40000-puffs-tropical-fruits-triple-watermelon.webp\",\"datePublished\":\"2025-07-26T03:39:40+00:00\",\"dateModified\":\"2025-08-18T08:07:39+00:00\",\"description\":\"Bang Blaze 40K Puffs Disposable Vape: 40mL, 0-5% nicotine, 32 dual flavors, 650mAh battery, Type-C charging. Shop now for a bold vaping experience!\",\"breadcrumb\":{\"@id\":\"https:\/\/vapeenjoy.com\/product\/bang-blaze-40k-puffs\/#breadcrumb\"},\"inLanguage\":\"fr-FR\",\"potentialAction\":[{\"@type\":\"ReadAction\",\"target\":[\"https:\/\/vapeenjoy.com\/product\/bang-blaze-40k-puffs\/\"]}]},{\"@type\":\"ImageObject\",\"inLanguage\":\"fr-FR\",\"@id\":\"https:\/\/vapeenjoy.com\/product\/bang-blaze-40k-puffs\/#primaryimage\",\"url\":\"https:\/\/vapeenjoy.com\/wp-content\/uploads\/2025\/07\/bang-blaze-40k-40000-puffs-tropical-fruits-triple-watermelon.webp\",\"contentUrl\":\"https:\/\/vapeenjoy.com\/wp-content\/uploads\/2025\/07\/bang-blaze-40k-40000-puffs-tropical-fruits-triple-watermelon.webp\",\"width\":1920,\"height\":1920},{\"@type\":\"BreadcrumbList\",\"@id\":\"https:\/\/vapeenjoy.com\/product\/bang-blaze-40k-puffs\/#breadcrumb\",\"itemListElement\":[{\"@type\":\"ListItem\",\"position\":1,\"name\":\"Home\",\"item\":\"https:\/\/vapeenjoy.com\/\"},{\"@type\":\"ListItem\",\"position\":2,\"name\":\"Shop\",\"item\":\"https:\/\/vapeenjoy.com\/vapeenjoy-shop\/\"},{\"@type\":\"ListItem\",\"position\":3,\"name\":\"Bang Blaze 40K Puffs Double Taste Disposable Vape 40ml 0-5% Nicotine\"}]},{\"@type\":\"WebSite\",\"@id\":\"https:\/\/vapeenjoy.com\/#website\",\"url\":\"https:\/\/vapeenjoy.com\/\",\"name\":\"vapeenjoy\",\"description\":\"An online store for selling vapes\",\"potentialAction\":[{\"@type\":\"SearchAction\",\"target\":{\"@type\":\"EntryPoint\",\"urlTemplate\":\"https:\/\/vapeenjoy.com\/?s={search_term_string}\"},\"query-input\":{\"@type\":\"PropertyValueSpecification\",\"valueRequired\":true,\"valueName\":\"search_term_string\"}}],\"inLanguage\":\"fr-FR\"}]}<\/script>\n<!-- \/ Yoast SEO plugin. -->","yoast_head_json":{"title":"Bang Blaze 40k Puffs Double Go\u00fbt Jetable Vape 40ml E-liquide","description":"Bang Blaze 40k Puffs Vape jetable : 40 ml, 0-5%, 32 saveurs doubles, batterie 650mAh, charge de type C. Achetez maintenant pour une exp\u00e9rience de vapotage audacieuse!","robots":{"index":"index","follow":"follow","max-snippet":"max-snippet:-1","max-image-preview":"max-image-preview:large","max-video-preview":"max-video-preview:-1"},"canonical":"https:\/\/vapeenjoy.com\/fr\/produit\/bang-blaze-40k-bouffees\/","og_locale":"fr_FR","og_type":"article","og_title":"Bang Blaze 40K Puffs Double Taste Disposable Vape 40ml e-liquid","og_description":"Bang Blaze 40K Puffs Disposable Vape: 40mL, 0-5% nicotine, 32 dual flavors, 650mAh battery, Type-C charging. Shop now for a bold vaping experience!","og_url":"https:\/\/vapeenjoy.com\/fr\/produit\/bang-blaze-40k-bouffees\/","og_site_name":"vapeenjoy","article_modified_time":"2025-08-18T08:07:39+00:00","og_image":[{"width":1920,"height":1920,"url":"https:\/\/vapeenjoy.com\/wp-content\/uploads\/2025\/07\/bang-blaze-40k-40000-puffs-tropical-fruits-triple-watermelon.webp","type":"image\/webp"}],"twitter_card":"summary_large_image","twitter_misc":{"Dur\u00e9e de lecture estim\u00e9e":"4 minutes"},"schema":{"@context":"https:\/\/schema.org","@graph":[{"@type":"WebPage","@id":"https:\/\/vapeenjoy.com\/product\/bang-blaze-40k-puffs\/","url":"https:\/\/vapeenjoy.com\/product\/bang-blaze-40k-puffs\/","name":"Bang Blaze 40k Puffs Double Go\u00fbt Jetable Vape 40ml E-liquide","isPartOf":{"@id":"https:\/\/vapeenjoy.com\/#website"},"primaryImageOfPage":{"@id":"https:\/\/vapeenjoy.com\/product\/bang-blaze-40k-puffs\/#primaryimage"},"image":{"@id":"https:\/\/vapeenjoy.com\/product\/bang-blaze-40k-puffs\/#primaryimage"},"thumbnailUrl":"https:\/\/vapeenjoy.com\/wp-content\/uploads\/2025\/07\/bang-blaze-40k-40000-puffs-tropical-fruits-triple-watermelon.webp","datePublished":"2025-07-26T03:39:40+00:00","dateModified":"2025-08-18T08:07:39+00:00","description":"Bang Blaze 40k Puffs Vape jetable : 40 ml, 0-5%, 32 saveurs doubles, batterie 650mAh, charge de type C. Achetez maintenant pour une exp\u00e9rience de vapotage audacieuse!","breadcrumb":{"@id":"https:\/\/vapeenjoy.com\/product\/bang-blaze-40k-puffs\/#breadcrumb"},"inLanguage":"fr-FR","potentialAction":[{"@type":"ReadAction","target":["https:\/\/vapeenjoy.com\/product\/bang-blaze-40k-puffs\/"]}]},{"@type":"ImageObject","inLanguage":"fr-FR","@id":"https:\/\/vapeenjoy.com\/product\/bang-blaze-40k-puffs\/#primaryimage","url":"https:\/\/vapeenjoy.com\/wp-content\/uploads\/2025\/07\/bang-blaze-40k-40000-puffs-tropical-fruits-triple-watermelon.webp","contentUrl":"https:\/\/vapeenjoy.com\/wp-content\/uploads\/2025\/07\/bang-blaze-40k-40000-puffs-tropical-fruits-triple-watermelon.webp","width":1920,"height":1920},{"@type":"BreadcrumbList","@id":"https:\/\/vapeenjoy.com\/product\/bang-blaze-40k-puffs\/#breadcrumb","itemListElement":[{"@type":"ListItem","position":1,"name":"Home","item":"https:\/\/vapeenjoy.com\/"},{"@type":"ListItem","position":2,"name":"Shop","item":"https:\/\/vapeenjoy.com\/vapeenjoy-shop\/"},{"@type":"ListItem","position":3,"name":"Bang Blaze 40K Puffs Double Taste Disposable Vape 40ml 0-5% Nicotine"}]},{"@type":"WebSite","@id":"https:\/\/vapeenjoy.com\/#website","url":"https:\/\/vapeenjoy.com\/","name":"VapeEnjoy","description":"Une boutique en ligne pour la vente de vapoteurs","potentialAction":[{"@type":"SearchAction","target":{"@type":"EntryPoint","urlTemplate":"https:\/\/vapeenjoy.com\/?s={search_term_string}"},"query-input":{"@type":"PropertyValueSpecification","valueRequired":true,"valueName":"search_term_string"}}],"inLanguage":"fr-FR"}]}},"_links":{"self":[{"href":"https:\/\/vapeenjoy.com\/fr\/wp-json\/wp\/v2\/product\/650","targetHints":{"allow":["GET"]}}],"collection":[{"href":"https:\/\/vapeenjoy.com\/fr\/wp-json\/wp\/v2\/product"}],"about":[{"href":"https:\/\/vapeenjoy.com\/fr\/wp-json\/wp\/v2\/types\/product"}],"replies":[{"embeddable":true,"href":"https:\/\/vapeenjoy.com\/fr\/wp-json\/wp\/v2\/comments?post=650"}],"version-history":[{"count":4,"href":"https:\/\/vapeenjoy.com\/fr\/wp-json\/wp\/v2\/product\/650\/revisions"}],"predecessor-version":[{"id":2317,"href":"https:\/\/vapeenjoy.com\/fr\/wp-json\/wp\/v2\/product\/650\/revisions\/2317"}],"wp:featuredmedia":[{"embeddable":true,"href":"https:\/\/vapeenjoy.com\/fr\/wp-json\/wp\/v2\/media\/660"}],"wp:attachment":[{"href":"https:\/\/vapeenjoy.com\/fr\/wp-json\/wp\/v2\/media?parent=650"}],"wp:term":[{"taxonomy":"product_brand","embeddable":true,"href":"https:\/\/vapeenjoy.com\/fr\/wp-json\/wp\/v2\/product_brand?post=650"},{"taxonomy":"product_cat","embeddable":true,"href":"https:\/\/vapeenjoy.com\/fr\/wp-json\/wp\/v2\/product_cat?post=650"},{"taxonomy":"product_tag","embeddable":true,"href":"https:\/\/vapeenjoy.com\/fr\/wp-json\/wp\/v2\/product_tag?post=650"}],"curies":[{"name":"WP","href":"https:\/\/api.w.org\/{rel}","templated":true}]}}