{"id":670,"date":"2025-07-28T07:04:40","date_gmt":"2025-07-28T07:04:40","guid":{"rendered":"https:\/\/vapeenjoy.com\/?post_type=product&#038;p=670"},"modified":"2025-08-18T08:07:20","modified_gmt":"2025-08-18T08:07:20","slug":"bang-36000-puffs-adjustable-ice-smart-full-screen-disposable-vape-36ml-0-5-nicotine","status":"publish","type":"product","link":"https:\/\/vapeenjoy.com\/fr\/produit\/bang-36000-bouffees-de-glace-reglables-smart-plein-ecran-jetable-vape-36ml-0-5-nicotine\/","title":{"rendered":"Bang 36K bouff\u00e9es de glace r\u00e9glables intelligents jetables de vape 36ml 0-5% de nicotine"},"content":{"rendered":"<h2>Bang 36k bouffe r\u00e9glable Ice Full Screen Jetable<\/h2>\n<p dir=\"auto\">Bang, un nom de confiance dans le vapotage, est connu pour ses appareils fiables et innovants. La Vape jetable en plein \u00e9cran Bang 36K Puffs r\u00e9glable Ice Ice est une pi\u00e8ce ma\u00eetresse. Il allie long\u00e9vit\u00e9, personnalisation et facilit\u00e9 d'utilisation. De plus, il offre un design \u00e9l\u00e9gant avec une lumi\u00e8re LED color\u00e9e et un affichage plein \u00e9cran intelligent pour une surveillance facile.<\/p>\n<h3 dir=\"auto\">Bang 36k Caract\u00e9ristiques et conception jetables de Vapekey<\/h3>\n<p dir=\"auto\">Cette vape d\u00e9livre jusqu'\u00e0 36\u00a0000 bouff\u00e9es, id\u00e9ales pour une utilisation prolong\u00e9e. Sa capacit\u00e9 de 36 ml de liquides e-liquide assure une saveur constante. De plus, la batterie rechargeable de 850 mAh utilise un port de type C pour une charge rapide. La bobine double maille de 1,0 \u03a9 fournit des tirages lisses et une vapeur riche. Pour plus de commodit\u00e9, l'\u00e9cran intelligent affiche clairement les niveaux de e-liquide et de batterie.<\/p>\n<h3 dir=\"auto\">Exp\u00e9rience de vapotage personnalisable<\/h3>\n<p dir=\"auto\">La fonction de glace r\u00e9glable permet aux utilisateurs de contr\u00f4ler l'effet de refroidissement, de doux \u00e0 intense. Pendant ce temps, la r\u00e9gulation de la pression des empreintes digitales affine la sortie de vapeur. Con\u00e7u pour le vapotage direct sur poumon (DTL), il offre des saveurs audacieuses. Par cons\u00e9quent, les utilisateurs peuvent adapter chaque session \u00e0 leurs pr\u00e9f\u00e9rences.<\/p>\n<h3 dir=\"auto\">12 options de saveurs passionnantes<\/h3>\n<p dir=\"auto\">Choisissez parmi 12 saveurs uniques pour tous les go\u00fbts :<\/p>\n<ol dir=\"auto\">\n<li><strong>Banane fraise<\/strong>: Les fraises sucr\u00e9es rencontrent des bananes cr\u00e9meuses pour un vape lisse.<\/li>\n<li><strong>amour 66<\/strong>: Un m\u00e9lange de fruits myst\u00e9rieux avec une touche fra\u00eeche.<\/li>\n<li><strong>Noix de coco<\/strong>: Ananas acidul\u00e9 et noix de coco riches cr\u00e9ent une ambiance tropicale.<\/li>\n<li><strong>Framboise de myrtilles<\/strong>: Baies juteuses avec un coup de pied acidul\u00e9.<\/li>\n<li><strong>past\u00e8que aux fraises<\/strong>: Couples de past\u00e8que croquants avec des fraises sucr\u00e9es.<\/li>\n<li><strong>glace \u00e0 la fraise<\/strong>: Fraises avec une finition menthol\u00e9e froide.<\/li>\n<li><strong>Glace aux myrtilles<\/strong>: Bleuets acidul\u00e9s avec un frisson rafra\u00eechissant.<\/li>\n<li><strong>triple baie<\/strong>: Un m\u00e9lange audacieux de fraises, de framboises et de myrtilles.<\/li>\n<li><strong>kiwi aux fraises<\/strong>: Fraises sucr\u00e9es avec kiwi acidul\u00e9.<\/li>\n<li><strong>mangue de fraises<\/strong>: Les mangues tropicales se m\u00e9langent avec des fraises m\u00fbres.<\/li>\n<li><strong>Taureau rouge<\/strong>: Une saveur acidul\u00e9e et acidul\u00e9e inspir\u00e9e des boissons \u00e9nergisantes.<\/li>\n<li><strong>Glace de past\u00e8que<\/strong>: past\u00e8que juteuse avec une brise de menthol.<\/li>\n<\/ol>\n<h3 dir=\"auto\">Forces flexibles de la nicotine<\/h3>\n<p dir=\"auto\">Disponible en 0%, 2%, 3% et 5%, cette vape convient \u00e0 tous les utilisateurs. Par exemple, les options sans nicotine s'adressent \u00e0 ceux qui recherchent une exp\u00e9rience plus douce, tandis que des forces plus \u00e9lev\u00e9es satisfont aux vapoteurs chevronn\u00e9s. Ainsi, il s'adapte \u00e0 diverses pr\u00e9f\u00e9rences.<\/p>\n<h3 dir=\"auto\">Questions fr\u00e9quentes<\/h3>\n<ol dir=\"auto\">\n<li><strong>Pourquoi la fonction ICE r\u00e9glable est-elle unique ?<\/strong><br \/>\nIl permet aux utilisateurs d'ajuster l'intensit\u00e9 du refroidissement, en cr\u00e9ant une vape personnalis\u00e9e. Par exemple, vous pouvez choisir un froid subtil ou un coup givr\u00e9.<\/li>\n<li><strong>Comment l'\u00e9cran intelligent aide-t-il\u00a0?<\/strong><br \/>\nL'\u00e9cran plein \u00e9cran affiche les niveaux de e-liquide et de batterie en temps r\u00e9el. Par cons\u00e9quent, les utilisateurs peuvent planifier leur utilisation sans surprise.<\/li>\n<li><strong>Quelle est la capacit\u00e9 de bouff\u00e9e ?<\/strong><br \/>\nIl offre jusqu'\u00e0 36\u00a0000 bouff\u00e9es, id\u00e9ales pour les vapoteurs fr\u00e9quents. Par cons\u00e9quent, cela r\u00e9duit le besoin de remplacements fr\u00e9quents.<\/li>\n<li><strong>Comment le charger ?<\/strong><br \/>\nUtilisez simplement le port de type C pour une recharge rapide. Par cons\u00e9quent, les temps d'arr\u00eat sont minimes.<\/li>\n<li><strong>Comment choisir une saveur ?<\/strong><br \/>\nTenez compte de vos pr\u00e9f\u00e9rences gustatives. Par exemple, choisissez la banane fraise pour la douceur ou la glace de past\u00e8que pour un frisson rafra\u00eechissant. Essayer plusieurs saveurs vous aide \u00e0 trouver votre favori.<\/li>\n<li><strong>Quelles forces de nicotine sont disponibles ?<\/strong><br \/>\nLes options incluent 0%, 2%, 3% et 5%. Ainsi, les utilisateurs peuvent s\u00e9lectionner en fonction de leurs habitudes ou objectifs, comme la r\u00e9duction de la consommation de nicotine.<\/li>\n<\/ol>\n<p><img fetchpriority=\"high\" decoding=\"async\" class=\"alignnone wp-image-673 size-full\" src=\"https:\/\/vapeenjoy.com\/wp-content\/uploads\/2025\/07\/7f6281580820157d7092c5a55e6a9b8.jpg\" alt=\"Bang 36k Puffs R\u00e9glable Ice Full Screen Jetable Vape Flavors\" width=\"1080\" height=\"1784\" srcset=\"https:\/\/vapeenjoy.com\/wp-content\/uploads\/2025\/07\/7f6281580820157d7092c5a55e6a9b8.jpg 1080w, https:\/\/vapeenjoy.com\/wp-content\/uploads\/2025\/07\/7f6281580820157d7092c5a55e6a9b8-600x991.jpg 600w, https:\/\/vapeenjoy.com\/wp-content\/uploads\/2025\/07\/7f6281580820157d7092c5a55e6a9b8-182x300.jpg 182w, https:\/\/vapeenjoy.com\/wp-content\/uploads\/2025\/07\/7f6281580820157d7092c5a55e6a9b8-620x1024.jpg 620w, https:\/\/vapeenjoy.com\/wp-content\/uploads\/2025\/07\/7f6281580820157d7092c5a55e6a9b8-768x1269.jpg 768w, https:\/\/vapeenjoy.com\/wp-content\/uploads\/2025\/07\/7f6281580820157d7092c5a55e6a9b8-930x1536.jpg 930w\" sizes=\"(max-width: 1080px) 100vw, 1080px\" \/><\/p>","protected":false},"excerpt":{"rendered":"<p>Bang, un nom de confiance dans le vapotage, pr\u00e9sente le Bang 36000 bouffe r\u00e9glable Ice Smart Full Screen Jetable Vape. Cet appareil haute capacit\u00e9 offre jusqu'\u00e0 36\u00a0000 bouff\u00e9es, 36\u00a0ml de e-liquide et des forces de nicotine de 0-5%. Avec une batterie rechargeable de 850\u00a0mAh, des niveaux de glace r\u00e9glables et un affichage intelligent plein \u00e9cran, il garantit une exp\u00e9rience de vapotage personnalisable et pratique.<\/p>","protected":false},"featured_media":674,"comment_status":"open","ping_status":"closed","template":"","meta":[],"product_brand":[16],"product_cat":[58],"product_tag":[64,67,75],"class_list":{"0":"post-670","1":"product","2":"type-product","3":"status-publish","4":"has-post-thumbnail","6":"product_brand-bang-vape","7":"product_cat-36000-puffs-vape","8":"product_tag-0-5-nicotine","9":"product_tag-36ml","10":"product_tag-adjustable-ice","12":"first","13":"instock","14":"sale","15":"shipping-taxable","16":"purchasable","17":"product-type-variable"},"yoast_head":"<!-- This site is optimized with the Yoast SEO plugin v25.7 - https:\/\/yoast.com\/wordpress\/plugins\/seo\/ -->\n<title>Bang 36K Puffs Adjustable Ice Smart Full Screen Disposable Vape<\/title>\n<meta name=\"description\" content=\"Explore the Bang 36K Puffs Disposable Vape with smart screen, 36ml e-liquid, and 0-5% nicotine. Enjoy adjustable ice cooling and up to 36,000 puffs.\" \/>\n<meta name=\"robots\" content=\"index, follow, max-snippet:-1, max-image-preview:large, max-video-preview:-1\" \/>\n<link rel=\"canonical\" href=\"https:\/\/vapeenjoy.com\/fr\/produit\/bang-36000-bouffees-de-glace-reglables-smart-plein-ecran-jetable-vape-36ml-0-5-nicotine\/\" \/>\n<meta property=\"og:locale\" content=\"fr_FR\" \/>\n<meta property=\"og:type\" content=\"article\" \/>\n<meta property=\"og:title\" content=\"Bang 36K Puffs Adjustable Ice Smart Full Screen Disposable Vape\" \/>\n<meta property=\"og:description\" content=\"Explore the Bang 36K Puffs Disposable Vape with smart screen, 36ml e-liquid, and 0-5% nicotine. Enjoy adjustable ice cooling and up to 36,000 puffs.\" \/>\n<meta property=\"og:url\" content=\"https:\/\/vapeenjoy.com\/fr\/produit\/bang-36000-bouffees-de-glace-reglables-smart-plein-ecran-jetable-vape-36ml-0-5-nicotine\/\" \/>\n<meta property=\"og:site_name\" content=\"vapeenjoy\" \/>\n<meta property=\"article:modified_time\" content=\"2025-08-18T08:07:20+00:00\" \/>\n<meta property=\"og:image\" content=\"https:\/\/vapeenjoy.com\/wp-content\/uploads\/2025\/07\/LOVE66.jpg\" \/>\n\t<meta property=\"og:image:width\" content=\"1000\" \/>\n\t<meta property=\"og:image:height\" content=\"1000\" \/>\n\t<meta property=\"og:image:type\" content=\"image\/jpeg\" \/>\n<meta name=\"twitter:card\" content=\"summary_large_image\" \/>\n<meta name=\"twitter:label1\" content=\"Dur\u00e9e de lecture estim\u00e9e\" \/>\n\t<meta name=\"twitter:data1\" content=\"3 minutes\" \/>\n<script type=\"application\/ld+json\" class=\"yoast-schema-graph\">{\"@context\":\"https:\/\/schema.org\",\"@graph\":[{\"@type\":\"WebPage\",\"@id\":\"https:\/\/vapeenjoy.com\/product\/bang-36000-puffs-adjustable-ice-smart-full-screen-disposable-vape-36ml-0-5-nicotine\/\",\"url\":\"https:\/\/vapeenjoy.com\/product\/bang-36000-puffs-adjustable-ice-smart-full-screen-disposable-vape-36ml-0-5-nicotine\/\",\"name\":\"Bang 36K Puffs Adjustable Ice Smart Full Screen Disposable Vape\",\"isPartOf\":{\"@id\":\"https:\/\/vapeenjoy.com\/#website\"},\"primaryImageOfPage\":{\"@id\":\"https:\/\/vapeenjoy.com\/product\/bang-36000-puffs-adjustable-ice-smart-full-screen-disposable-vape-36ml-0-5-nicotine\/#primaryimage\"},\"image\":{\"@id\":\"https:\/\/vapeenjoy.com\/product\/bang-36000-puffs-adjustable-ice-smart-full-screen-disposable-vape-36ml-0-5-nicotine\/#primaryimage\"},\"thumbnailUrl\":\"https:\/\/vapeenjoy.com\/wp-content\/uploads\/2025\/07\/LOVE66.jpg\",\"datePublished\":\"2025-07-28T07:04:40+00:00\",\"dateModified\":\"2025-08-18T08:07:20+00:00\",\"description\":\"Explore the Bang 36K Puffs Disposable Vape with smart screen, 36ml e-liquid, and 0-5% nicotine. Enjoy adjustable ice cooling and up to 36,000 puffs.\",\"breadcrumb\":{\"@id\":\"https:\/\/vapeenjoy.com\/product\/bang-36000-puffs-adjustable-ice-smart-full-screen-disposable-vape-36ml-0-5-nicotine\/#breadcrumb\"},\"inLanguage\":\"fr-FR\",\"potentialAction\":[{\"@type\":\"ReadAction\",\"target\":[\"https:\/\/vapeenjoy.com\/product\/bang-36000-puffs-adjustable-ice-smart-full-screen-disposable-vape-36ml-0-5-nicotine\/\"]}]},{\"@type\":\"ImageObject\",\"inLanguage\":\"fr-FR\",\"@id\":\"https:\/\/vapeenjoy.com\/product\/bang-36000-puffs-adjustable-ice-smart-full-screen-disposable-vape-36ml-0-5-nicotine\/#primaryimage\",\"url\":\"https:\/\/vapeenjoy.com\/wp-content\/uploads\/2025\/07\/LOVE66.jpg\",\"contentUrl\":\"https:\/\/vapeenjoy.com\/wp-content\/uploads\/2025\/07\/LOVE66.jpg\",\"width\":1000,\"height\":1000},{\"@type\":\"BreadcrumbList\",\"@id\":\"https:\/\/vapeenjoy.com\/product\/bang-36000-puffs-adjustable-ice-smart-full-screen-disposable-vape-36ml-0-5-nicotine\/#breadcrumb\",\"itemListElement\":[{\"@type\":\"ListItem\",\"position\":1,\"name\":\"Home\",\"item\":\"https:\/\/vapeenjoy.com\/\"},{\"@type\":\"ListItem\",\"position\":2,\"name\":\"Shop\",\"item\":\"https:\/\/vapeenjoy.com\/vapeenjoy-shop\/\"},{\"@type\":\"ListItem\",\"position\":3,\"name\":\"Bang 36K Puffs Adjustable Ice Smart Full Screen Disposable Vape 36ml 0-5% Nicotine\"}]},{\"@type\":\"WebSite\",\"@id\":\"https:\/\/vapeenjoy.com\/#website\",\"url\":\"https:\/\/vapeenjoy.com\/\",\"name\":\"vapeenjoy\",\"description\":\"An online store for selling vapes\",\"potentialAction\":[{\"@type\":\"SearchAction\",\"target\":{\"@type\":\"EntryPoint\",\"urlTemplate\":\"https:\/\/vapeenjoy.com\/?s={search_term_string}\"},\"query-input\":{\"@type\":\"PropertyValueSpecification\",\"valueRequired\":true,\"valueName\":\"search_term_string\"}}],\"inLanguage\":\"fr-FR\"}]}<\/script>\n<!-- \/ Yoast SEO plugin. -->","yoast_head_json":{"title":"Bang 36k bouffe r\u00e9glable Ice Full Screen Jetable","description":"Explorez le Bang 36K Puffs Jetable Vape avec \u00e9cran intelligent, 36 ml de e-liquide et 0-5% de nicotine. Profitez d'un refroidissement par glace r\u00e9glable et jusqu'\u00e0 36\u00a0000 bouff\u00e9es.","robots":{"index":"index","follow":"follow","max-snippet":"max-snippet:-1","max-image-preview":"max-image-preview:large","max-video-preview":"max-video-preview:-1"},"canonical":"https:\/\/vapeenjoy.com\/fr\/produit\/bang-36000-bouffees-de-glace-reglables-smart-plein-ecran-jetable-vape-36ml-0-5-nicotine\/","og_locale":"fr_FR","og_type":"article","og_title":"Bang 36K Puffs Adjustable Ice Smart Full Screen Disposable Vape","og_description":"Explore the Bang 36K Puffs Disposable Vape with smart screen, 36ml e-liquid, and 0-5% nicotine. Enjoy adjustable ice cooling and up to 36,000 puffs.","og_url":"https:\/\/vapeenjoy.com\/fr\/produit\/bang-36000-bouffees-de-glace-reglables-smart-plein-ecran-jetable-vape-36ml-0-5-nicotine\/","og_site_name":"vapeenjoy","article_modified_time":"2025-08-18T08:07:20+00:00","og_image":[{"width":1000,"height":1000,"url":"https:\/\/vapeenjoy.com\/wp-content\/uploads\/2025\/07\/LOVE66.jpg","type":"image\/jpeg"}],"twitter_card":"summary_large_image","twitter_misc":{"Dur\u00e9e de lecture estim\u00e9e":"3 minutes"},"schema":{"@context":"https:\/\/schema.org","@graph":[{"@type":"WebPage","@id":"https:\/\/vapeenjoy.com\/product\/bang-36000-puffs-adjustable-ice-smart-full-screen-disposable-vape-36ml-0-5-nicotine\/","url":"https:\/\/vapeenjoy.com\/product\/bang-36000-puffs-adjustable-ice-smart-full-screen-disposable-vape-36ml-0-5-nicotine\/","name":"Bang 36k bouffe r\u00e9glable Ice Full Screen Jetable","isPartOf":{"@id":"https:\/\/vapeenjoy.com\/#website"},"primaryImageOfPage":{"@id":"https:\/\/vapeenjoy.com\/product\/bang-36000-puffs-adjustable-ice-smart-full-screen-disposable-vape-36ml-0-5-nicotine\/#primaryimage"},"image":{"@id":"https:\/\/vapeenjoy.com\/product\/bang-36000-puffs-adjustable-ice-smart-full-screen-disposable-vape-36ml-0-5-nicotine\/#primaryimage"},"thumbnailUrl":"https:\/\/vapeenjoy.com\/wp-content\/uploads\/2025\/07\/LOVE66.jpg","datePublished":"2025-07-28T07:04:40+00:00","dateModified":"2025-08-18T08:07:20+00:00","description":"Explorez le Bang 36K Puffs Jetable Vape avec \u00e9cran intelligent, 36 ml de e-liquide et 0-5% de nicotine. Profitez d'un refroidissement par glace r\u00e9glable et jusqu'\u00e0 36\u00a0000 bouff\u00e9es.","breadcrumb":{"@id":"https:\/\/vapeenjoy.com\/product\/bang-36000-puffs-adjustable-ice-smart-full-screen-disposable-vape-36ml-0-5-nicotine\/#breadcrumb"},"inLanguage":"fr-FR","potentialAction":[{"@type":"ReadAction","target":["https:\/\/vapeenjoy.com\/product\/bang-36000-puffs-adjustable-ice-smart-full-screen-disposable-vape-36ml-0-5-nicotine\/"]}]},{"@type":"ImageObject","inLanguage":"fr-FR","@id":"https:\/\/vapeenjoy.com\/product\/bang-36000-puffs-adjustable-ice-smart-full-screen-disposable-vape-36ml-0-5-nicotine\/#primaryimage","url":"https:\/\/vapeenjoy.com\/wp-content\/uploads\/2025\/07\/LOVE66.jpg","contentUrl":"https:\/\/vapeenjoy.com\/wp-content\/uploads\/2025\/07\/LOVE66.jpg","width":1000,"height":1000},{"@type":"BreadcrumbList","@id":"https:\/\/vapeenjoy.com\/product\/bang-36000-puffs-adjustable-ice-smart-full-screen-disposable-vape-36ml-0-5-nicotine\/#breadcrumb","itemListElement":[{"@type":"ListItem","position":1,"name":"Home","item":"https:\/\/vapeenjoy.com\/"},{"@type":"ListItem","position":2,"name":"Shop","item":"https:\/\/vapeenjoy.com\/vapeenjoy-shop\/"},{"@type":"ListItem","position":3,"name":"Bang 36K Puffs Adjustable Ice Smart Full Screen Disposable Vape 36ml 0-5% Nicotine"}]},{"@type":"WebSite","@id":"https:\/\/vapeenjoy.com\/#website","url":"https:\/\/vapeenjoy.com\/","name":"VapeEnjoy","description":"Une boutique en ligne pour la vente de vapoteurs","potentialAction":[{"@type":"SearchAction","target":{"@type":"EntryPoint","urlTemplate":"https:\/\/vapeenjoy.com\/?s={search_term_string}"},"query-input":{"@type":"PropertyValueSpecification","valueRequired":true,"valueName":"search_term_string"}}],"inLanguage":"fr-FR"}]}},"_links":{"self":[{"href":"https:\/\/vapeenjoy.com\/fr\/wp-json\/wp\/v2\/product\/670","targetHints":{"allow":["GET"]}}],"collection":[{"href":"https:\/\/vapeenjoy.com\/fr\/wp-json\/wp\/v2\/product"}],"about":[{"href":"https:\/\/vapeenjoy.com\/fr\/wp-json\/wp\/v2\/types\/product"}],"replies":[{"embeddable":true,"href":"https:\/\/vapeenjoy.com\/fr\/wp-json\/wp\/v2\/comments?post=670"}],"version-history":[{"count":4,"href":"https:\/\/vapeenjoy.com\/fr\/wp-json\/wp\/v2\/product\/670\/revisions"}],"predecessor-version":[{"id":2289,"href":"https:\/\/vapeenjoy.com\/fr\/wp-json\/wp\/v2\/product\/670\/revisions\/2289"}],"wp:featuredmedia":[{"embeddable":true,"href":"https:\/\/vapeenjoy.com\/fr\/wp-json\/wp\/v2\/media\/674"}],"wp:attachment":[{"href":"https:\/\/vapeenjoy.com\/fr\/wp-json\/wp\/v2\/media?parent=670"}],"wp:term":[{"taxonomy":"product_brand","embeddable":true,"href":"https:\/\/vapeenjoy.com\/fr\/wp-json\/wp\/v2\/product_brand?post=670"},{"taxonomy":"product_cat","embeddable":true,"href":"https:\/\/vapeenjoy.com\/fr\/wp-json\/wp\/v2\/product_cat?post=670"},{"taxonomy":"product_tag","embeddable":true,"href":"https:\/\/vapeenjoy.com\/fr\/wp-json\/wp\/v2\/product_tag?post=670"}],"curies":[{"name":"WP","href":"https:\/\/api.w.org\/{rel}","templated":true}]}}