{"id":84,"date":"2025-07-17T01:53:19","date_gmt":"2025-07-17T01:53:19","guid":{"rendered":"https:\/\/vapeenjoy.com\/?post_type=product&#038;p=84"},"modified":"2025-09-17T04:01:54","modified_gmt":"2025-09-17T04:01:54","slug":"bang-king-triple-75k-puffs-3-in-1-flavor-vape-45ml-0-5-nicotine-type-c-rechargeable","status":"publish","type":"product","link":"https:\/\/vapeenjoy.com\/fr\/produit\/bang-king-triple-75k-puffs-3-en-1-flavor-vape-45ml-0-5-nicotine-type-c-rechargeable\/","title":{"rendered":"Bang King Triple 75k Puffs 3-en-1 Flavors Vape jetable 45ml 0-5% Nicotine Type-C Rechargeable"},"content":{"rendered":"<h2 dir=\"ltr\" data-pm-slice=\"1 3 []\">Description du produit r\u00e9vis\u00e9e pour Bang King Triple 75K Vape jetable<\/h2>\n<p dir=\"ltr\">Bang King, un nom de confiance en vapotage, offre qualit\u00e9 et innovation. Le Bang King Triple 75K Puffs Jetable Vape offre une solution pratique et de haute capacit\u00e9. Son design \u00e9l\u00e9gant comprend des bords lisses, une finition vibrante et un \u00e9cran LED pour une surveillance en temps r\u00e9el. De plus, il est ergonomique et visuellement attrayant, ce qui le rend id\u00e9al pour une utilisation quotidienne.<\/p>\n<h2 dir=\"ltr\">Sp\u00e9cifications de la vape jetable de Bang King Triple 75K<\/h2>\n<ul class=\"tight\" dir=\"ltr\" data-tight=\"true\">\n<li>\n<p dir=\"ltr\"><strong>nombre de bouff\u00e9es<\/strong>: jusqu'\u00e0 75\u00a0000 bouff\u00e9es pour une utilisation prolong\u00e9e.<\/p>\n<\/li>\n<li>\n<p dir=\"ltr\"><strong>e-liquide<\/strong>: 45 ml sur trois dosettes de 15 ml.<\/p>\n<\/li>\n<li>\n<p dir=\"ltr\"><strong>pile<\/strong>: 650mAh, rechargeable via Type-C.<\/p>\n<\/li>\n<li>\n<p dir=\"ltr\"><strong>nicotine<\/strong>: Options 0%, 2%, 3% ou 5%.<\/p>\n<\/li>\n<li>\n<p dir=\"ltr\"><strong>spire<\/strong>: Triple maille pour une saveur et une vapeur riches.<\/p>\n<\/li>\n<li>\n<p dir=\"ltr\"><strong>saveurs<\/strong>: Syst\u00e8me r\u00e9glable 3 en 1 pour la vari\u00e9t\u00e9.<\/p>\n<\/li>\n<li>\n<p dir=\"ltr\"><strong>mise en marche<\/strong>: Auto-tirage pour une utilisation facile et sans bouton.<\/p>\n<\/li>\n<li>\n<p dir=\"ltr\"><strong>exposer<\/strong>: LED affiche les niveaux de batterie et de liquides.<\/p>\n<\/li>\n<li>\n<p dir=\"ltr\"><strong>accusation<\/strong>: Type-C pour une recharge rapide.<\/p>\n<\/li>\n<\/ul>\n<h2 dir=\"ltr\">Combinaisons de saveurs<\/h2>\n<p dir=\"ltr\">Explorez 16 trios de saveurs uniques\u00a0:<\/p>\n<ol class=\"tight\" dir=\"ltr\" data-tight=\"true\">\n<li>\n<p dir=\"ltr\">Past\u00e8que \/ Red Bull \/ Fraise Kiwi<\/p>\n<\/li>\n<li>\n<p dir=\"ltr\">Citron vert \/ Past\u00e8que aux fraises \/ Glace aux myrtilles<\/p>\n<\/li>\n<li>\n<p dir=\"ltr\">Banane fraise \/ Past\u00e8que framboise \/ Limonade rose<\/p>\n<\/li>\n<li>\n<p dir=\"ltr\">Bleu Razz Cherry \/ Cool Menthe \/ P\u00eache Mangue<\/p>\n<\/li>\n<li>\n<p dir=\"ltr\">Fruits tropicaux \/ Past\u00e8que aux fraises \/ P\u00eache au citron<\/p>\n<\/li>\n<li>\n<p dir=\"ltr\">Ananas Noix de coco \/ Fraise banane \/ Razz bleu<\/p>\n<\/li>\n<li>\n<p dir=\"ltr\">Past\u00e8que \u00e0 la fraise \/ Triple melon \/ Glace aux fraises<\/p>\n<\/li>\n<li>\n<p dir=\"ltr\">M\u00e9lange de fruits \/ p\u00eache \u00e0 la mangue \/ glace au raisin<\/p>\n<\/li>\n<li>\n<p dir=\"ltr\">Coke de vanille aux fraises \/ glace p\u00eache \/ glace de dragon noir<\/p>\n<\/li>\n<li>\n<p dir=\"ltr\">Goyave luxuriante \/ Kiwi Passion Goyave \/ Fraise Mangue<\/p>\n<\/li>\n<li>\n<p dir=\"ltr\">Past\u00e8que aux fraises \/ Past\u00e8que \/ Razz bleu<\/p>\n<\/li>\n<li>\n<p dir=\"ltr\">Baies limonade \/ Fraise Red Bull \/ Pompe aux fraises<\/p>\n<\/li>\n<li>\n<p dir=\"ltr\">Double pomme \/ Fusion fruit\u00e9e \/ Ananas<\/p>\n<\/li>\n<li>\n<p dir=\"ltr\">Glace cola \/ Mr Bleu \/ Cola de cerise<\/p>\n<\/li>\n<li>\n<p dir=\"ltr\">Beignet aux fraises \/ Glace \u00e0 la banane \/ Amour 66<\/p>\n<\/li>\n<li>\n<p dir=\"ltr\">Ice Tea Lemon Ice \/ Mangue sur glace \/ Litchi<\/p>\n<\/li>\n<\/ol>\n<h2 dir=\"ltr\">Questions fr\u00e9quentes<\/h2>\n<ol dir=\"ltr\">\n<li>\n<p dir=\"ltr\"><strong>Comment changer de saveur ?<\/strong><br \/>\nFaites glisser le s\u00e9lecteur de saveurs pour choisir un pod. Par cons\u00e9quent, les saveurs restent pures sans m\u00e9lange.<\/p>\n<\/li>\n<li>\n<p dir=\"ltr\"><strong>Pourquoi utiliser une bobine triple maille ?<\/strong><br \/>\nLa bobine am\u00e9liore la saveur et la vapeur, assurant une exp\u00e9rience lisse et riche.<\/p>\n<\/li>\n<li>\n<p dir=\"ltr\"><strong>Quand dois-je recharger ?<\/strong><br \/>\nL'\u00e9cran LED indique les niveaux de batterie, vous avertissant de vous recharger via Type-C.<\/p>\n<\/li>\n<li>\n<p dir=\"ltr\"><strong>Comment choisir une saveur ?<\/strong><br \/>\nPour des notes sucr\u00e9es, essayez la past\u00e8que \u00e0 la fraise. Pour le rafra\u00eechissement, choisissez la menthe froide. Alternativement, le coca \u00e0 la vanille et \u00e0 la fraise offre un go\u00fbt unique.<\/p>\n<\/li>\n<li>\n<p dir=\"ltr\"><strong>Est-il adapt\u00e9 aux utilisateurs non-nicotine ?<\/strong><br \/>\nOui, l'option 0% nicotine convient au vapotage sans nicotine.<\/p>\n<\/li>\n<li>\n<p dir=\"ltr\"><strong>Combien de temps dure une capsule ?<\/strong><br \/>\nChaque dosette de 15 ml d\u00e9livre environ 25\u00a0000 bouff\u00e9es, selon l'utilisation.<\/p>\n<\/li>\n<li>\n<p dir=\"ltr\"><strong>Puis-je vapoter pendant la charge\u00a0?<\/strong><br \/>\nPour des raisons de s\u00e9curit\u00e9, \u00e9vitez d'utiliser l'appareil pendant la charge pour maintenir les performances de la batterie.<\/p>\n<\/li>\n<\/ol>\n<p>&nbsp;<\/p>\n<p><img fetchpriority=\"high\" decoding=\"async\" class=\"alignnone wp-image-90 size-full\" src=\"https:\/\/vapeenjoy.com\/wp-content\/uploads\/2025\/07\/WPS\u56fe\u72471-\u62f7\u8d1d-2.png\" alt=\"Bang King Triple 75k Puffs 3 en 1 Flaveurs Jetables Vape \" width=\"1080\" height=\"720\" srcset=\"https:\/\/vapeenjoy.com\/wp-content\/uploads\/2025\/07\/WPS\u56fe\u72471-\u62f7\u8d1d-2.png 1080w, https:\/\/vapeenjoy.com\/wp-content\/uploads\/2025\/07\/WPS\u56fe\u72471-\u62f7\u8d1d-2-150x100.png 150w, https:\/\/vapeenjoy.com\/wp-content\/uploads\/2025\/07\/WPS\u56fe\u72471-\u62f7\u8d1d-2-600x400.png 600w, https:\/\/vapeenjoy.com\/wp-content\/uploads\/2025\/07\/WPS\u56fe\u72471-\u62f7\u8d1d-2-300x200.png 300w, https:\/\/vapeenjoy.com\/wp-content\/uploads\/2025\/07\/WPS\u56fe\u72471-\u62f7\u8d1d-2-1024x683.png 1024w, https:\/\/vapeenjoy.com\/wp-content\/uploads\/2025\/07\/WPS\u56fe\u72471-\u62f7\u8d1d-2-768x512.png 768w\" sizes=\"(max-width: 1080px) 100vw, 1080px\" \/><\/p>","protected":false},"excerpt":{"rendered":"<p>Bang King, un leader du vapotage, pr\u00e9sente le triple 75k Puffs Jetable Vape. Profitez de 75\u00a0000 bouff\u00e9es, 45\u00a0ml de e-liquide avec trois dosettes de 15\u00a0ml, une batterie rechargeable de 650\u00a0mAh et une bobine triple mesh pour des saveurs audacieuses. Basculez facilement entre 16 combinaisons de saveurs.<\/p>","protected":false},"featured_media":89,"comment_status":"open","ping_status":"closed","template":"","meta":[],"product_brand":[16],"product_cat":[20],"product_tag":[64,73,94],"class_list":{"0":"post-84","1":"product","2":"type-product","3":"status-publish","4":"has-post-thumbnail","6":"product_brand-bang-vape","7":"product_cat-75k-puffs-vape","8":"product_tag-0-5-nicotine","9":"product_tag-3-in-1-flavors","10":"product_tag-45ml","12":"first","13":"outofstock","14":"sale","15":"shipping-taxable","16":"purchasable","17":"product-type-variable"},"yoast_head":"<!-- This site is optimized with the Yoast SEO plugin v25.7 - https:\/\/yoast.com\/wordpress\/plugins\/seo\/ -->\n<title>Bang King Triple 75K Puffs 3-in-1 Flavors Disposable Vape 45ml<\/title>\n<meta name=\"description\" content=\"Get the Bang King Triple 75K Puffs Disposable Vape with 45mL e-liquid, 0-5% nicotine, and Type-C charging. Enjoy 3-in-1 flavors. Buy now!\" \/>\n<meta name=\"robots\" content=\"index, follow, max-snippet:-1, max-image-preview:large, max-video-preview:-1\" \/>\n<link rel=\"canonical\" href=\"https:\/\/vapeenjoy.com\/fr\/produit\/bang-king-triple-75k-puffs-3-en-1-flavor-vape-45ml-0-5-nicotine-type-c-rechargeable\/\" \/>\n<meta property=\"og:locale\" content=\"fr_FR\" \/>\n<meta property=\"og:type\" content=\"article\" \/>\n<meta property=\"og:title\" content=\"Bang King Triple 75K Puffs 3-in-1 Flavors Disposable Vape 45ml\" \/>\n<meta property=\"og:description\" content=\"Get the Bang King Triple 75K Puffs Disposable Vape with 45mL e-liquid, 0-5% nicotine, and Type-C charging. Enjoy 3-in-1 flavors. Buy now!\" \/>\n<meta property=\"og:url\" content=\"https:\/\/vapeenjoy.com\/fr\/produit\/bang-king-triple-75k-puffs-3-en-1-flavor-vape-45ml-0-5-nicotine-type-c-rechargeable\/\" \/>\n<meta property=\"og:site_name\" content=\"vapeenjoy\" \/>\n<meta property=\"article:modified_time\" content=\"2025-09-17T04:01:54+00:00\" \/>\n<meta property=\"og:image\" content=\"https:\/\/vapeenjoy.com\/wp-content\/uploads\/2025\/07\/\u4e3b\u56fe.png\" \/>\n\t<meta property=\"og:image:width\" content=\"800\" \/>\n\t<meta property=\"og:image:height\" content=\"800\" \/>\n\t<meta property=\"og:image:type\" content=\"image\/png\" \/>\n<meta name=\"twitter:card\" content=\"summary_large_image\" \/>\n<meta name=\"twitter:label1\" content=\"Dur\u00e9e de lecture estim\u00e9e\" \/>\n\t<meta name=\"twitter:data1\" content=\"3 minutes\" \/>\n<script type=\"application\/ld+json\" class=\"yoast-schema-graph\">{\"@context\":\"https:\/\/schema.org\",\"@graph\":[{\"@type\":\"WebPage\",\"@id\":\"https:\/\/vapeenjoy.com\/product\/bang-king-triple-75k-puffs-3-in-1-flavor-vape-45ml-0-5-nicotine-type-c-rechargeable\/\",\"url\":\"https:\/\/vapeenjoy.com\/product\/bang-king-triple-75k-puffs-3-in-1-flavor-vape-45ml-0-5-nicotine-type-c-rechargeable\/\",\"name\":\"Bang King Triple 75K Puffs 3-in-1 Flavors Disposable Vape 45ml\",\"isPartOf\":{\"@id\":\"https:\/\/vapeenjoy.com\/#website\"},\"primaryImageOfPage\":{\"@id\":\"https:\/\/vapeenjoy.com\/product\/bang-king-triple-75k-puffs-3-in-1-flavor-vape-45ml-0-5-nicotine-type-c-rechargeable\/#primaryimage\"},\"image\":{\"@id\":\"https:\/\/vapeenjoy.com\/product\/bang-king-triple-75k-puffs-3-in-1-flavor-vape-45ml-0-5-nicotine-type-c-rechargeable\/#primaryimage\"},\"thumbnailUrl\":\"https:\/\/vapeenjoy.com\/wp-content\/uploads\/2025\/07\/\u4e3b\u56fe.png\",\"datePublished\":\"2025-07-17T01:53:19+00:00\",\"dateModified\":\"2025-09-17T04:01:54+00:00\",\"description\":\"Get the Bang King Triple 75K Puffs Disposable Vape with 45mL e-liquid, 0-5% nicotine, and Type-C charging. Enjoy 3-in-1 flavors. Buy now!\",\"breadcrumb\":{\"@id\":\"https:\/\/vapeenjoy.com\/product\/bang-king-triple-75k-puffs-3-in-1-flavor-vape-45ml-0-5-nicotine-type-c-rechargeable\/#breadcrumb\"},\"inLanguage\":\"fr-FR\",\"potentialAction\":[{\"@type\":\"ReadAction\",\"target\":[\"https:\/\/vapeenjoy.com\/product\/bang-king-triple-75k-puffs-3-in-1-flavor-vape-45ml-0-5-nicotine-type-c-rechargeable\/\"]}]},{\"@type\":\"ImageObject\",\"inLanguage\":\"fr-FR\",\"@id\":\"https:\/\/vapeenjoy.com\/product\/bang-king-triple-75k-puffs-3-in-1-flavor-vape-45ml-0-5-nicotine-type-c-rechargeable\/#primaryimage\",\"url\":\"https:\/\/vapeenjoy.com\/wp-content\/uploads\/2025\/07\/\u4e3b\u56fe.png\",\"contentUrl\":\"https:\/\/vapeenjoy.com\/wp-content\/uploads\/2025\/07\/\u4e3b\u56fe.png\",\"width\":800,\"height\":800},{\"@type\":\"BreadcrumbList\",\"@id\":\"https:\/\/vapeenjoy.com\/product\/bang-king-triple-75k-puffs-3-in-1-flavor-vape-45ml-0-5-nicotine-type-c-rechargeable\/#breadcrumb\",\"itemListElement\":[{\"@type\":\"ListItem\",\"position\":1,\"name\":\"Home\",\"item\":\"https:\/\/vapeenjoy.com\/\"},{\"@type\":\"ListItem\",\"position\":2,\"name\":\"Shop\",\"item\":\"https:\/\/vapeenjoy.com\/vapeenjoy-shop\/\"},{\"@type\":\"ListItem\",\"position\":3,\"name\":\"Bang King Triple 75K Puffs 3-in-1 Flavors Disposable Vape 45ml 0-5% Nicotine Type-C Rechargeable\"}]},{\"@type\":\"WebSite\",\"@id\":\"https:\/\/vapeenjoy.com\/#website\",\"url\":\"https:\/\/vapeenjoy.com\/\",\"name\":\"vapeenjoy\",\"description\":\"An online store for selling vapes\",\"potentialAction\":[{\"@type\":\"SearchAction\",\"target\":{\"@type\":\"EntryPoint\",\"urlTemplate\":\"https:\/\/vapeenjoy.com\/?s={search_term_string}\"},\"query-input\":{\"@type\":\"PropertyValueSpecification\",\"valueRequired\":true,\"valueName\":\"search_term_string\"}}],\"inLanguage\":\"fr-FR\"}]}<\/script>\n<!-- \/ Yoast SEO plugin. -->","yoast_head_json":{"title":"Bang King Triple 75k Puffs 3-en-1 Flavors Vape jetable 45 ml","description":"Obtenez le Bang King Triple 75K Puffs Jetable Vape avec 45 ml de e-liquide, 0-5% et charge de type C. Profitez de saveurs 3 en 1. Achetez maintenant!","robots":{"index":"index","follow":"follow","max-snippet":"max-snippet:-1","max-image-preview":"max-image-preview:large","max-video-preview":"max-video-preview:-1"},"canonical":"https:\/\/vapeenjoy.com\/fr\/produit\/bang-king-triple-75k-puffs-3-en-1-flavor-vape-45ml-0-5-nicotine-type-c-rechargeable\/","og_locale":"fr_FR","og_type":"article","og_title":"Bang King Triple 75K Puffs 3-in-1 Flavors Disposable Vape 45ml","og_description":"Get the Bang King Triple 75K Puffs Disposable Vape with 45mL e-liquid, 0-5% nicotine, and Type-C charging. Enjoy 3-in-1 flavors. Buy now!","og_url":"https:\/\/vapeenjoy.com\/fr\/produit\/bang-king-triple-75k-puffs-3-en-1-flavor-vape-45ml-0-5-nicotine-type-c-rechargeable\/","og_site_name":"vapeenjoy","article_modified_time":"2025-09-17T04:01:54+00:00","og_image":[{"width":800,"height":800,"url":"https:\/\/vapeenjoy.com\/wp-content\/uploads\/2025\/07\/\u4e3b\u56fe.png","type":"image\/png"}],"twitter_card":"summary_large_image","twitter_misc":{"Dur\u00e9e de lecture estim\u00e9e":"3 minutes"},"schema":{"@context":"https:\/\/schema.org","@graph":[{"@type":"WebPage","@id":"https:\/\/vapeenjoy.com\/product\/bang-king-triple-75k-puffs-3-in-1-flavor-vape-45ml-0-5-nicotine-type-c-rechargeable\/","url":"https:\/\/vapeenjoy.com\/product\/bang-king-triple-75k-puffs-3-in-1-flavor-vape-45ml-0-5-nicotine-type-c-rechargeable\/","name":"Bang King Triple 75k Puffs 3-en-1 Flavors Vape jetable 45 ml","isPartOf":{"@id":"https:\/\/vapeenjoy.com\/#website"},"primaryImageOfPage":{"@id":"https:\/\/vapeenjoy.com\/product\/bang-king-triple-75k-puffs-3-in-1-flavor-vape-45ml-0-5-nicotine-type-c-rechargeable\/#primaryimage"},"image":{"@id":"https:\/\/vapeenjoy.com\/product\/bang-king-triple-75k-puffs-3-in-1-flavor-vape-45ml-0-5-nicotine-type-c-rechargeable\/#primaryimage"},"thumbnailUrl":"https:\/\/vapeenjoy.com\/wp-content\/uploads\/2025\/07\/\u4e3b\u56fe.png","datePublished":"2025-07-17T01:53:19+00:00","dateModified":"2025-09-17T04:01:54+00:00","description":"Obtenez le Bang King Triple 75K Puffs Jetable Vape avec 45 ml de e-liquide, 0-5% et charge de type C. Profitez de saveurs 3 en 1. Achetez maintenant!","breadcrumb":{"@id":"https:\/\/vapeenjoy.com\/product\/bang-king-triple-75k-puffs-3-in-1-flavor-vape-45ml-0-5-nicotine-type-c-rechargeable\/#breadcrumb"},"inLanguage":"fr-FR","potentialAction":[{"@type":"ReadAction","target":["https:\/\/vapeenjoy.com\/product\/bang-king-triple-75k-puffs-3-in-1-flavor-vape-45ml-0-5-nicotine-type-c-rechargeable\/"]}]},{"@type":"ImageObject","inLanguage":"fr-FR","@id":"https:\/\/vapeenjoy.com\/product\/bang-king-triple-75k-puffs-3-in-1-flavor-vape-45ml-0-5-nicotine-type-c-rechargeable\/#primaryimage","url":"https:\/\/vapeenjoy.com\/wp-content\/uploads\/2025\/07\/\u4e3b\u56fe.png","contentUrl":"https:\/\/vapeenjoy.com\/wp-content\/uploads\/2025\/07\/\u4e3b\u56fe.png","width":800,"height":800},{"@type":"BreadcrumbList","@id":"https:\/\/vapeenjoy.com\/product\/bang-king-triple-75k-puffs-3-in-1-flavor-vape-45ml-0-5-nicotine-type-c-rechargeable\/#breadcrumb","itemListElement":[{"@type":"ListItem","position":1,"name":"Home","item":"https:\/\/vapeenjoy.com\/"},{"@type":"ListItem","position":2,"name":"Shop","item":"https:\/\/vapeenjoy.com\/vapeenjoy-shop\/"},{"@type":"ListItem","position":3,"name":"Bang King Triple 75K Puffs 3-in-1 Flavors Disposable Vape 45ml 0-5% Nicotine Type-C Rechargeable"}]},{"@type":"WebSite","@id":"https:\/\/vapeenjoy.com\/#website","url":"https:\/\/vapeenjoy.com\/","name":"VapeEnjoy","description":"Une boutique en ligne pour la vente de vapoteurs","potentialAction":[{"@type":"SearchAction","target":{"@type":"EntryPoint","urlTemplate":"https:\/\/vapeenjoy.com\/?s={search_term_string}"},"query-input":{"@type":"PropertyValueSpecification","valueRequired":true,"valueName":"search_term_string"}}],"inLanguage":"fr-FR"}]}},"_links":{"self":[{"href":"https:\/\/vapeenjoy.com\/fr\/wp-json\/wp\/v2\/product\/84","targetHints":{"allow":["GET"]}}],"collection":[{"href":"https:\/\/vapeenjoy.com\/fr\/wp-json\/wp\/v2\/product"}],"about":[{"href":"https:\/\/vapeenjoy.com\/fr\/wp-json\/wp\/v2\/types\/product"}],"replies":[{"embeddable":true,"href":"https:\/\/vapeenjoy.com\/fr\/wp-json\/wp\/v2\/comments?post=84"}],"version-history":[{"count":4,"href":"https:\/\/vapeenjoy.com\/fr\/wp-json\/wp\/v2\/product\/84\/revisions"}],"predecessor-version":[{"id":2329,"href":"https:\/\/vapeenjoy.com\/fr\/wp-json\/wp\/v2\/product\/84\/revisions\/2329"}],"wp:featuredmedia":[{"embeddable":true,"href":"https:\/\/vapeenjoy.com\/fr\/wp-json\/wp\/v2\/media\/89"}],"wp:attachment":[{"href":"https:\/\/vapeenjoy.com\/fr\/wp-json\/wp\/v2\/media?parent=84"}],"wp:term":[{"taxonomy":"product_brand","embeddable":true,"href":"https:\/\/vapeenjoy.com\/fr\/wp-json\/wp\/v2\/product_brand?post=84"},{"taxonomy":"product_cat","embeddable":true,"href":"https:\/\/vapeenjoy.com\/fr\/wp-json\/wp\/v2\/product_cat?post=84"},{"taxonomy":"product_tag","embeddable":true,"href":"https:\/\/vapeenjoy.com\/fr\/wp-json\/wp\/v2\/product_tag?post=84"}],"curies":[{"name":"WP","href":"https:\/\/api.w.org\/{rel}","templated":true}]}}