{"id":96,"date":"2025-07-17T03:20:01","date_gmt":"2025-07-17T03:20:01","guid":{"rendered":"https:\/\/vapeenjoy.com\/?post_type=product&#038;p=96"},"modified":"2026-01-17T03:23:37","modified_gmt":"2026-01-17T03:23:37","slug":"bang-blaze-60k-puffs","status":"publish","type":"product","link":"https:\/\/vapeenjoy.com\/fr\/produit\/bang-blaze-60k-bouffees\/","title":{"rendered":"Bang Blaze 60k Puffs Jetable Shisha Vape 40ml 0-5% Nicotine Type-C Rechargeable"},"content":{"rendered":"<h2>Bang Blaze 60k Puffs Vape jetable \u2013 saveur longue dur\u00e9e dans un design \u00e9pur\u00e9<\/h2>\n<p>Bang Vapes fabrique des vapoteurs de grande capacit\u00e9, faciles \u00e0 utiliser et pleins de saveur. le <strong>Vape jetable Bang Blaze 60K<\/strong> est parfait pour tous ceux qui souhaitent une exp\u00e9rience de vapotage durable et savoureuse. Il a un design \u00e9l\u00e9gant et confortable, un grand nombre de bouff\u00e9es et un affichage clair pour afficher les niveaux de batterie et de e-liquide. Que vous soyez novice ou exp\u00e9riment\u00e9, cet appareil est simple, fiable et agr\u00e9able.<\/p>\n<p>Pour plus d'options comme le Bang Blaze 60k, visitez Vape Profitez de trouver une large gamme de vapes haut de gamme.<\/p>\n<h2>Bang Blaze 60K \u2013 Principales fonctionnalit\u00e9s<\/h2>\n<p>Cette vape a tout ce dont vous avez besoin pour une exp\u00e9rience fluide :<\/p>\n<ul>\n<li><strong>nombre de bouff\u00e9es<\/strong>: jusqu'\u00e0 60\u00a0000 bouff\u00e9es pour une utilisation durable.<\/li>\n<li><strong>Capacit\u00e9 de e-liquide<\/strong>: 40 ml de e-liquide pr\u00e9-remplis pour des sessions plus longues.<\/li>\n<li><strong>pile<\/strong>: Batterie rechargeable 1000mAh pour une puissance fiable.<\/li>\n<li><strong>accusation<\/strong>: Charge rapide de type C pour un temps d'arr\u00eat minimal.<\/li>\n<li><strong>spire<\/strong>: 0,6 \u03a9 Mesh Bobine pour une vapeur douce et une saveur forte.<\/li>\n<li><strong>force de nicotine<\/strong>: Options 0%, 2%, 3% et 5%.<\/li>\n<li><strong>exposer<\/strong>: L'\u00e9cran LED affiche les niveaux de batterie et de liquides.<\/li>\n<li><strong>mise en marche<\/strong>: activ\u00e9e par le dessin, aucun bouton n'est n\u00e9cessaire.<\/li>\n<\/ul>\n<p>Toutes ces fonctionnalit\u00e9s rendent le Bang Blaze 60K facile \u00e0 utiliser et fiable, que vous soyez un vapoteur d\u00e9contract\u00e9 ou exp\u00e9riment\u00e9.<\/p>\n<h2>10 options de saveur<\/h2>\n<p>Le Bang Blaze 60k est disponible en 10 saveurs, il y en a donc pour tous les go\u00fbts :<\/p>\n<ol>\n<li><strong>Menthe froide<\/strong>: Menthol rafra\u00eechissant avec une finition propre.<\/li>\n<li><strong>bi\u00e8re brune<\/strong>: malt sucr\u00e9 et caramel pour un go\u00fbt chaud.<\/li>\n<li><strong>pomme double<\/strong>: M\u00e9lange de pommes sucr\u00e9 et acidul\u00e9.<\/li>\n<li><strong>menthe cerise<\/strong>: Cerises douces \u00e0 la menthe froide.<\/li>\n<li><strong>kiwi aux fraises<\/strong>: Fraises juteuses avec kiwi acidul\u00e9.<\/li>\n<li><strong>Past\u00e8que de la mangue et p\u00eache<\/strong>: p\u00eache tropicale, mangue et past\u00e8que.<\/li>\n<li><strong>melon de fraise et de melon d'eau<\/strong>: past\u00e8que lisse et fraises avec melon.<\/li>\n<li><strong>Razz bleu<\/strong>: Framboise bleue douce et acidul\u00e9e.<\/li>\n<li><strong>baies m\u00e9lang\u00e9es<\/strong>: baies assorties, sucr\u00e9es et acidul\u00e9es.<\/li>\n<li><strong>fruit de la passion<\/strong>: Tropical, doux et l\u00e9g\u00e8rement acidul\u00e9.<\/li>\n<\/ol>\n<p>Gr\u00e2ce \u00e0 la bobine de maille 0,6\u03a9, chaque bouff\u00e9e a un go\u00fbt doux et coh\u00e9rent. Que vous aimiez les saveurs fruit\u00e9es, menthol\u00e9es ou uniques comme la brown ale, cette vape vous a couvert.<\/p>\n<p>En savoir plus sur les saveurs et trouver des guides sur Vape Enjoy.<\/p>\n<h2>FAQ<\/h2>\n<ol>\n<li><strong>Combien de bouff\u00e9es donne-t-il ?<\/strong> Jusqu'\u00e0 60\u00a0000 bouff\u00e9es.<\/li>\n<li><strong>Puis-je le recharger ?<\/strong> Oui, il dispose d'une batterie de 1000 mAh avec une charge rapide de type C.<\/li>\n<li><strong>Forces de la nicotine ?<\/strong> 0%, 2%, 3%, 5%.<\/li>\n<li><strong>Comment savoir quand me recharger ?<\/strong> L'\u00e9cran LED affiche les niveaux de batterie et de liquides.<\/li>\n<li><strong>Quelle saveur dois-je choisir ?<\/strong> Amateurs de fruits : kiwi \u00e0 la fraise, past\u00e8que de p\u00eache \u00e0 la mangue. Fans de menthe : Cool Mint, Cherry Mint. Saveur unique : Brule Brule.<\/li>\n<li><strong>Est-ce rechargeable ?<\/strong> Non, c'est jetable. \u00c9liminez de mani\u00e8re responsable lorsqu'il est vide.<\/li>\n<li><strong>Quel type de bobine ?<\/strong> Bobine de maille de 0,6 \u03a9 pour une vapeur douce et savoureuse.<\/li>\n<\/ol>\n<h2>Pourquoi choisir Bang Blaze 60k ?<\/h2>\n<p>Le Bang Blaze 60K Jetable Vape allie des fonctionnalit\u00e9s high-tech avec un design \u00e9l\u00e9gant et de nombreuses options de saveur. Il est rechargeable, facile \u00e0 utiliser et a un nombre \u00e9lev\u00e9 de bouff\u00e9es. Les niveaux et les saveurs de la nicotine conviennent \u00e0 tout le monde, des d\u00e9butants aux vapoteurs chevronn\u00e9s.<\/p>\n<p>Pr\u00eat pour une meilleure exp\u00e9rience de vapotage ? D\u00e9couvrez le Bang Blaze 60k et d'autres vapes premium chez Vape Enjoy.<\/p>\n<div id=\"attachment_99\" style=\"width: 810px\" class=\"wp-caption alignnone\"><img fetchpriority=\"high\" decoding=\"async\" aria-describedby=\"caption-attachment-99\" class=\"wp-image-99 size-full\" src=\"https:\/\/vapeenjoy.com\/wp-content\/uploads\/2025\/07\/Bang-Blaze-shisha-60k.webp\" alt=\"Bang Blaze 60k Puffs Vape jetable 40ml 0-5% Nicotine Type-C Rechargeable\" width=\"800\" height=\"800\" srcset=\"https:\/\/vapeenjoy.com\/wp-content\/uploads\/2025\/07\/Bang-Blaze-shisha-60k.webp 800w, https:\/\/vapeenjoy.com\/wp-content\/uploads\/2025\/07\/Bang-Blaze-shisha-60k-600x600.webp 600w, https:\/\/vapeenjoy.com\/wp-content\/uploads\/2025\/07\/Bang-Blaze-shisha-60k-150x150.webp 150w, https:\/\/vapeenjoy.com\/wp-content\/uploads\/2025\/07\/Bang-Blaze-shisha-60k-300x300.webp 300w, https:\/\/vapeenjoy.com\/wp-content\/uploads\/2025\/07\/Bang-Blaze-shisha-60k-768x768.webp 768w\" sizes=\"(max-width: 800px) 100vw, 800px\" \/><p id=\"caption-attachment-99\" class=\"wp-caption-text\">Bang Blaze 60k Puffs Vape jetable 40ml 0-5% Nicotine Type-C Rechargeable<\/p><\/div>","protected":false},"excerpt":{"rendered":"<p dir=\"auto\">Bang Vapes pr\u00e9sente le Bang Blaze 60K Jetable Vape, offrant 60 000 bouff\u00e9es, 40 ml de liquide \u00e9lectronique et une batterie de 1000 mAh avec charge de type C. Sa bobine de maille de 0,6 \u03a9 et son \u00e9cran LED offrent des saveurs riches et une surveillance facile dans un design compact.<\/p>","protected":false},"featured_media":100,"comment_status":"open","ping_status":"closed","template":"","meta":[],"product_brand":[16],"product_cat":[19],"product_tag":[64,77],"class_list":{"0":"post-96","1":"product","2":"type-product","3":"status-publish","4":"has-post-thumbnail","6":"product_brand-bang-vape","7":"product_cat-60000-puffs-vape","8":"product_tag-0-5-nicotine","9":"product_tag-40ml","11":"first","12":"instock","13":"sale","14":"shipping-taxable","15":"purchasable","16":"product-type-variable"},"yoast_head":"<!-- This site is optimized with the Yoast SEO plugin v25.7 - https:\/\/yoast.com\/wordpress\/plugins\/seo\/ -->\n<title>Bang Blaze 60K Puffs Disposable Vape 40ml e-liquid 0-5% Nicotine<\/title>\n<meta name=\"description\" content=\"Discover the Bang Blaze 60K Puffs Disposable Vape with up to 60,000 puffs, vibrant flavors, and a sleek design. Explore more at Vape Enjoy!\" \/>\n<meta name=\"robots\" content=\"index, follow, max-snippet:-1, max-image-preview:large, max-video-preview:-1\" \/>\n<link rel=\"canonical\" href=\"https:\/\/vapeenjoy.com\/fr\/produit\/bang-blaze-60k-bouffees\/\" \/>\n<meta property=\"og:locale\" content=\"fr_FR\" \/>\n<meta property=\"og:type\" content=\"article\" \/>\n<meta property=\"og:title\" content=\"Bang Blaze 60K Puffs Disposable Vape 40ml e-liquid 0-5% Nicotine\" \/>\n<meta property=\"og:description\" content=\"Discover the Bang Blaze 60K Puffs Disposable Vape with up to 60,000 puffs, vibrant flavors, and a sleek design. Explore more at Vape Enjoy!\" \/>\n<meta property=\"og:url\" content=\"https:\/\/vapeenjoy.com\/fr\/produit\/bang-blaze-60k-bouffees\/\" \/>\n<meta property=\"og:site_name\" content=\"vapeenjoy\" \/>\n<meta property=\"article:modified_time\" content=\"2026-01-17T03:23:37+00:00\" \/>\n<meta property=\"og:image\" content=\"https:\/\/vapeenjoy.com\/wp-content\/uploads\/2025\/07\/Bang-Blaze-60000-Puffs.webp\" \/>\n\t<meta property=\"og:image:width\" content=\"600\" \/>\n\t<meta property=\"og:image:height\" content=\"600\" \/>\n\t<meta property=\"og:image:type\" content=\"image\/webp\" \/>\n<meta name=\"twitter:card\" content=\"summary_large_image\" \/>\n<meta name=\"twitter:label1\" content=\"Dur\u00e9e de lecture estim\u00e9e\" \/>\n\t<meta name=\"twitter:data1\" content=\"3 minutes\" \/>\n<script type=\"application\/ld+json\" class=\"yoast-schema-graph\">{\"@context\":\"https:\/\/schema.org\",\"@graph\":[{\"@type\":\"WebPage\",\"@id\":\"https:\/\/vapeenjoy.com\/product\/bang-blaze-60k-puffs\/\",\"url\":\"https:\/\/vapeenjoy.com\/product\/bang-blaze-60k-puffs\/\",\"name\":\"Bang Blaze 60K Puffs Disposable Vape 40ml e-liquid 0-5% Nicotine\",\"isPartOf\":{\"@id\":\"https:\/\/vapeenjoy.com\/#website\"},\"primaryImageOfPage\":{\"@id\":\"https:\/\/vapeenjoy.com\/product\/bang-blaze-60k-puffs\/#primaryimage\"},\"image\":{\"@id\":\"https:\/\/vapeenjoy.com\/product\/bang-blaze-60k-puffs\/#primaryimage\"},\"thumbnailUrl\":\"https:\/\/vapeenjoy.com\/wp-content\/uploads\/2025\/07\/Bang-Blaze-60000-Puffs.webp\",\"datePublished\":\"2025-07-17T03:20:01+00:00\",\"dateModified\":\"2026-01-17T03:23:37+00:00\",\"description\":\"Discover the Bang Blaze 60K Puffs Disposable Vape with up to 60,000 puffs, vibrant flavors, and a sleek design. Explore more at Vape Enjoy!\",\"breadcrumb\":{\"@id\":\"https:\/\/vapeenjoy.com\/product\/bang-blaze-60k-puffs\/#breadcrumb\"},\"inLanguage\":\"fr-FR\",\"potentialAction\":[{\"@type\":\"ReadAction\",\"target\":[\"https:\/\/vapeenjoy.com\/product\/bang-blaze-60k-puffs\/\"]}]},{\"@type\":\"ImageObject\",\"inLanguage\":\"fr-FR\",\"@id\":\"https:\/\/vapeenjoy.com\/product\/bang-blaze-60k-puffs\/#primaryimage\",\"url\":\"https:\/\/vapeenjoy.com\/wp-content\/uploads\/2025\/07\/Bang-Blaze-60000-Puffs.webp\",\"contentUrl\":\"https:\/\/vapeenjoy.com\/wp-content\/uploads\/2025\/07\/Bang-Blaze-60000-Puffs.webp\",\"width\":600,\"height\":600},{\"@type\":\"BreadcrumbList\",\"@id\":\"https:\/\/vapeenjoy.com\/product\/bang-blaze-60k-puffs\/#breadcrumb\",\"itemListElement\":[{\"@type\":\"ListItem\",\"position\":1,\"name\":\"Home\",\"item\":\"https:\/\/vapeenjoy.com\/\"},{\"@type\":\"ListItem\",\"position\":2,\"name\":\"Shop\",\"item\":\"https:\/\/vapeenjoy.com\/vapeenjoy-shop\/\"},{\"@type\":\"ListItem\",\"position\":3,\"name\":\"Bang Blaze 60K Puffs Disposable Shisha Vape 40ml 0-5% Nicotine Type-C Rechargeable\"}]},{\"@type\":\"WebSite\",\"@id\":\"https:\/\/vapeenjoy.com\/#website\",\"url\":\"https:\/\/vapeenjoy.com\/\",\"name\":\"vapeenjoy\",\"description\":\"An online store for selling vapes\",\"potentialAction\":[{\"@type\":\"SearchAction\",\"target\":{\"@type\":\"EntryPoint\",\"urlTemplate\":\"https:\/\/vapeenjoy.com\/?s={search_term_string}\"},\"query-input\":{\"@type\":\"PropertyValueSpecification\",\"valueRequired\":true,\"valueName\":\"search_term_string\"}}],\"inLanguage\":\"fr-FR\"}]}<\/script>\n<!-- \/ Yoast SEO plugin. -->","yoast_head_json":{"title":"Bang Blaze 60k Puffs Vape jetable 40ml E-liquide 0-5%","description":"D\u00e9couvrez le Bang Blaze 60k Puffs Jetable Vape avec jusqu'\u00e0 60 000 bouff\u00e9es, des saveurs vibrantes et un design \u00e9l\u00e9gant. En savoir plus sur Vape Enjoy!","robots":{"index":"index","follow":"follow","max-snippet":"max-snippet:-1","max-image-preview":"max-image-preview:large","max-video-preview":"max-video-preview:-1"},"canonical":"https:\/\/vapeenjoy.com\/fr\/produit\/bang-blaze-60k-bouffees\/","og_locale":"fr_FR","og_type":"article","og_title":"Bang Blaze 60K Puffs Disposable Vape 40ml e-liquid 0-5% Nicotine","og_description":"Discover the Bang Blaze 60K Puffs Disposable Vape with up to 60,000 puffs, vibrant flavors, and a sleek design. Explore more at Vape Enjoy!","og_url":"https:\/\/vapeenjoy.com\/fr\/produit\/bang-blaze-60k-bouffees\/","og_site_name":"vapeenjoy","article_modified_time":"2026-01-17T03:23:37+00:00","og_image":[{"width":600,"height":600,"url":"https:\/\/vapeenjoy.com\/wp-content\/uploads\/2025\/07\/Bang-Blaze-60000-Puffs.webp","type":"image\/webp"}],"twitter_card":"summary_large_image","twitter_misc":{"Dur\u00e9e de lecture estim\u00e9e":"3 minutes"},"schema":{"@context":"https:\/\/schema.org","@graph":[{"@type":"WebPage","@id":"https:\/\/vapeenjoy.com\/product\/bang-blaze-60k-puffs\/","url":"https:\/\/vapeenjoy.com\/product\/bang-blaze-60k-puffs\/","name":"Bang Blaze 60k Puffs Vape jetable 40ml E-liquide 0-5%","isPartOf":{"@id":"https:\/\/vapeenjoy.com\/#website"},"primaryImageOfPage":{"@id":"https:\/\/vapeenjoy.com\/product\/bang-blaze-60k-puffs\/#primaryimage"},"image":{"@id":"https:\/\/vapeenjoy.com\/product\/bang-blaze-60k-puffs\/#primaryimage"},"thumbnailUrl":"https:\/\/vapeenjoy.com\/wp-content\/uploads\/2025\/07\/Bang-Blaze-60000-Puffs.webp","datePublished":"2025-07-17T03:20:01+00:00","dateModified":"2026-01-17T03:23:37+00:00","description":"D\u00e9couvrez le Bang Blaze 60k Puffs Jetable Vape avec jusqu'\u00e0 60 000 bouff\u00e9es, des saveurs vibrantes et un design \u00e9l\u00e9gant. En savoir plus sur Vape Enjoy!","breadcrumb":{"@id":"https:\/\/vapeenjoy.com\/product\/bang-blaze-60k-puffs\/#breadcrumb"},"inLanguage":"fr-FR","potentialAction":[{"@type":"ReadAction","target":["https:\/\/vapeenjoy.com\/product\/bang-blaze-60k-puffs\/"]}]},{"@type":"ImageObject","inLanguage":"fr-FR","@id":"https:\/\/vapeenjoy.com\/product\/bang-blaze-60k-puffs\/#primaryimage","url":"https:\/\/vapeenjoy.com\/wp-content\/uploads\/2025\/07\/Bang-Blaze-60000-Puffs.webp","contentUrl":"https:\/\/vapeenjoy.com\/wp-content\/uploads\/2025\/07\/Bang-Blaze-60000-Puffs.webp","width":600,"height":600},{"@type":"BreadcrumbList","@id":"https:\/\/vapeenjoy.com\/product\/bang-blaze-60k-puffs\/#breadcrumb","itemListElement":[{"@type":"ListItem","position":1,"name":"Home","item":"https:\/\/vapeenjoy.com\/"},{"@type":"ListItem","position":2,"name":"Shop","item":"https:\/\/vapeenjoy.com\/vapeenjoy-shop\/"},{"@type":"ListItem","position":3,"name":"Bang Blaze 60K Puffs Disposable Shisha Vape 40ml 0-5% Nicotine Type-C Rechargeable"}]},{"@type":"WebSite","@id":"https:\/\/vapeenjoy.com\/#website","url":"https:\/\/vapeenjoy.com\/","name":"VapeEnjoy","description":"Une boutique en ligne pour la vente de vapoteurs","potentialAction":[{"@type":"SearchAction","target":{"@type":"EntryPoint","urlTemplate":"https:\/\/vapeenjoy.com\/?s={search_term_string}"},"query-input":{"@type":"PropertyValueSpecification","valueRequired":true,"valueName":"search_term_string"}}],"inLanguage":"fr-FR"}]}},"_links":{"self":[{"href":"https:\/\/vapeenjoy.com\/fr\/wp-json\/wp\/v2\/product\/96","targetHints":{"allow":["GET"]}}],"collection":[{"href":"https:\/\/vapeenjoy.com\/fr\/wp-json\/wp\/v2\/product"}],"about":[{"href":"https:\/\/vapeenjoy.com\/fr\/wp-json\/wp\/v2\/types\/product"}],"replies":[{"embeddable":true,"href":"https:\/\/vapeenjoy.com\/fr\/wp-json\/wp\/v2\/comments?post=96"}],"version-history":[{"count":5,"href":"https:\/\/vapeenjoy.com\/fr\/wp-json\/wp\/v2\/product\/96\/revisions"}],"predecessor-version":[{"id":3201,"href":"https:\/\/vapeenjoy.com\/fr\/wp-json\/wp\/v2\/product\/96\/revisions\/3201"}],"wp:featuredmedia":[{"embeddable":true,"href":"https:\/\/vapeenjoy.com\/fr\/wp-json\/wp\/v2\/media\/100"}],"wp:attachment":[{"href":"https:\/\/vapeenjoy.com\/fr\/wp-json\/wp\/v2\/media?parent=96"}],"wp:term":[{"taxonomy":"product_brand","embeddable":true,"href":"https:\/\/vapeenjoy.com\/fr\/wp-json\/wp\/v2\/product_brand?post=96"},{"taxonomy":"product_cat","embeddable":true,"href":"https:\/\/vapeenjoy.com\/fr\/wp-json\/wp\/v2\/product_cat?post=96"},{"taxonomy":"product_tag","embeddable":true,"href":"https:\/\/vapeenjoy.com\/fr\/wp-json\/wp\/v2\/product_tag?post=96"}],"curies":[{"name":"WP","href":"https:\/\/api.w.org\/{rel}","templated":true}]}}